
{"id":20266,"date":"2024-08-15T02:38:41","date_gmt":"2024-08-15T02:38:41","guid":{"rendered":"https:\/\/mypalmleaf.com\/?page_id=20266"},"modified":"2025-08-05T11:31:54","modified_gmt":"2025-08-05T11:31:54","slug":"foglie-di-palma","status":"publish","type":"page","link":"https:\/\/mypalmleaf.com\/it\/foglie-di-palma\/","title":{"rendered":"Foglie di palma"},"content":{"rendered":"\n<section class=\"spotlight-main small top-gap\">\n    <!-- <div class=\"slider-wrap\" data-flickity='{ \"cellAlign\": \"left\", \"contain\": true, \"wrapAround\": true, \"setGallerySize\": false }'> -->\n    <div class=\"slider-wrap\" data-flickity='{ \"cellAlign\": \"left\", \"contain\": true, \"wrapAround\": true, \"setGallerySize\": false  }'>\n            <div class=\"slides\">\n        <div class=\"content-wrap\">\n          <div class=\"image\">\n            <picture>\n              <source media=\"(max-width: 999px)\" srcset=\"https:\/\/mypalmleaf.com\/wp-content\/uploads\/2024\/08\/indian-palm-leaf-spotlight-mob.webp\" \/>\n              <source media=\"(min-width: 1000px)\" srcset=\"https:\/\/mypalmleaf.com\/wp-content\/uploads\/2024\/08\/indian-palm-leaf-spotlight.webp\" \/>\n              <img decoding=\"async\" src=\"https:\/\/mypalmleaf.com\/wp-content\/uploads\/2024\/08\/indian-palm-leaf-spotlight.webp\" class=\"img-fluid\" alt=\"\" \/>\n            <\/picture>\n          <\/div>\n          <div class=\"content\">\n            <div data-aos=\"fade-up\" data-aos-duration=\"1000\">\n              <h2 class=\"\">Le foglie di palma indiana<\/h2>\n                                 \n            <\/div>\n          <\/div>\n        <\/div>\n      <\/div>\n          <\/div>\n<\/section><section class=\"faq-top-section my-6 mb-4 mt-xs-4 position-relative\">\n    <div class=\"container\">\n      <div class=\"row\">\n        <div class=\"col-lg-10 mx-auto\">\n            <div class=\"row justify-content-between align-items-center\">\n                <div class=\"col-lg-7\">\n                    <div class=\"rounded-asset\">\n                        <img decoding=\"async\" src=\"https:\/\/mypalmleaf.com\/wp-content\/uploads\/2024\/09\/What-Are-Palm-Leaves.jpg\" class=\"img-fluid\" alt=\"\"><div class=\"play-icon\"><\/div>\n                        <a href=\"https:\/\/www.youtube.com\/watch?v=9GdNX4SAHCA\" class=\"stretched-link\" data-lity><\/a>\n                      <\/div>\n                <\/div>\n                <div class=\"col-lg-5\">\n                    <h3>Trova la tua foglia di palma personale: Una porta d&#8217;accesso al tuo passato, presente e futuro<\/h3>\n                <\/div>\n            <\/div>\n        <\/div>\n        \n        <div class=\"col-lg-12 text-center my-5\" data-aos=\"fade-up\" data-aos-duration=\"1000\">\n            <p class=\"mb-3\">Le foglie di palma indiane, note anche come foglie di palma Nadi, sono antichi manoscritti che si ritiene contengano le storie di vita e i destini degli individui. Questi testi sacri, scritti in un&#8217;antica scrittura tamil, furono incisi da saggi illuminati chiamati Rishis migliaia di anni fa. <strong>  I Rishis usavano la loro profonda intuizione spirituale per registrare informazioni dettagliate sulla vita degli individui, compresi aspetti come la carriera, le relazioni, la salute e la crescita spirituale.<\/strong><\/p>\n<p>&nbsp;<\/p>\n<p class=\"mb-3\">Ogni foglia di palma \u00e8 unica e corrisponde a una persona specifica, destinata a essere trovata al momento giusto quando l \u201cindividuo \u00e8 pronto a ricevere la guida e la saggezza che contiene. Queste foglie sono conservate nelle biblioteche Nadi, situate principalmente nell\u201d India meridionale. Una lettura Nadi consiste nell \u201cabbinare l\u201d impronta del pollice o i dettagli di base di una persona alla foglia corrispondente, svelando intuizioni e consigli personalizzati per il suo percorso di vita.  <\/p>\n<p class=\"mb-3\"><strong>Noi di Mypalmleaf aiutiamo a mettere in contatto le persone con questi antichi manoscritti, offrendo una miscela unica di tradizione e accessibilit\u00e0 moderna per esplorare la saggezza e la guida dei Rishis.<br \/>\n<\/strong><\/p>\n<h4 class=\"my-3\"><strong>Diversi tipi di scritture in foglie di palma<\/strong><\/h4>\n<p>Oltre alle foglie di palma, che contengono le storie di vita di singole persone, esistono anche molte antiche scritture scritte su foglie di palma, come testi sull \u201cayurveda, sulla spiritualit\u00e0, sull\u201d astrologia e cos\u00ec via. In origine, la maggior parte delle antiche scritture indiane erano scritte su foglie di palma, che venivano utilizzate come la carta di oggi. <\/p>\n        <\/div>\n      <\/div>\n    <\/div>\n                  <div class=\"parallax-item-3 parallax-item\" data-speed=\".08\"><img decoding=\"async\" src=\"https:\/\/mypalmleaf.com\/wp-content\/uploads\/2024\/08\/parallax-item-3-3.png\" class=\"img-fluid\" alt=\"\"><\/div>\n          <\/section><section class=\"how-palm-leaves-written-block my-6 mt-0\">\n  <div class=\"container\">\n    <div class=\"row text-center\" data-aos=\"fade-up\" data-aos-duration=\"1000\">\n      <div class=\"col-lg-12\">\n        <h3>Come vengono scritte e conservate le foglie di palma?<\/h3>\n        <h5 class=\"mt-4\"><strong>  Scrivere le foglie di palma<\/strong><\/h5>\n      <\/div>\n    <\/div>\n\n    <div class=\"row justify-content-center my-4\">\n      <div class=\"col-lg-12 writing-the-palm-leaf-block\">\n        <ul class=\"foldable-leaf\">\n                                <li data-aos=\"flip-up\" data-aos-duration=\"1000\" data-aos-offset=\"10\"   class=\"aos-init aos-animate\">\n              <div class=\"image\"><img decoding=\"async\" src=\"https:\/\/mypalmleaf.com\/wp-content\/uploads\/2024\/09\/writing-the-palm-leaves.png\" class=\"img-fluid\" alt=\"\"><\/div>\n              <div class=\"content\">\n                <div class=\"desc\">\n                  <div class=\"title\">Materiale<\/div>\n                  <p>I manoscritti sono creati con le foglie della palma Talipot, un albero noto per le sue foglie grandi e resistenti. Queste foglie vengono scelte per la loro longevit\u00e0 e resistenza.<\/p>\n                <\/div>\n              <\/div>\n            <\/li>\n                                  <li data-aos=\"flip-up\" data-aos-duration=\"1000\" data-aos-offset=\"10\" data-aos-delay=\"100\"  class=\"aos-init aos-animate\">\n              <div class=\"image\"><img decoding=\"async\" src=\"https:\/\/mypalmleaf.com\/wp-content\/uploads\/2024\/09\/writing-the-palm-leaves.png\" class=\"img-fluid\" alt=\"\"><\/div>\n              <div class=\"content\">\n                <div class=\"desc\">\n                  <div class=\"title\">Preparazione<\/div>\n                  <p>Le foglie vengono prima raccolte e poi essiccate per eliminare l&#8217;umidit\u00e0, rendendole sufficientemente robuste per la scrittura. Dopo l&#8217;essiccazione, vengono tagliati in strisce di dimensioni uniformi.<\/p>\n                <\/div>\n              <\/div>\n            <\/li>\n                                  <li data-aos=\"flip-up\" data-aos-duration=\"1000\" data-aos-offset=\"10\" data-aos-delay=\"200\"  class=\"aos-init aos-animate\">\n              <div class=\"image\"><img decoding=\"async\" src=\"https:\/\/mypalmleaf.com\/wp-content\/uploads\/2024\/09\/writing-the-palm-leaves.png\" class=\"img-fluid\" alt=\"\"><\/div>\n              <div class=\"content\">\n                <div class=\"desc\">\n                  <div class=\"title\">Iscrizione<\/div>\n                  <p>Il testo viene inciso con uno stilo affilato che incide la scrittura sulle foglie. La scrittura \u00e8 realizzata in un&#8217;antica scrittura chiamata Tamil Vattezhuthu, o Tamil antico, nota per la sua bellezza e complessit\u00e0.<\/p>\n                <\/div>\n              <\/div>\n            <\/li>\n                                  <li data-aos=\"flip-up\" data-aos-duration=\"1000\" data-aos-offset=\"10\" data-aos-delay=\"300\"  class=\"aos-init aos-animate\">\n              <div class=\"image\"><img decoding=\"async\" src=\"https:\/\/mypalmleaf.com\/wp-content\/uploads\/2024\/09\/writing-the-palm-leaves.png\" class=\"img-fluid\" alt=\"\"><\/div>\n              <div class=\"content\">\n                <div class=\"desc\">\n                  <div class=\"title\">Inchiostrazione<\/div>\n                  <p>Per rendere le iscrizioni pi\u00f9 visibili, l&#8217;inchiostro ricavato da sostanze naturali come il carbone o la curcuma viene applicato sopra le incisioni. L&#8217;inchiostro si deposita nei solchi, evidenziando il testo sulla superficie della foglia.<\/p>\n                <\/div>\n              <\/div>\n            <\/li>\n                              <\/ul>\n      <\/div>\n    <\/div>\n  <\/div>\n<\/section>\n<section class=\"preservation-of-palm-leaf\">\n  <div class=\"container\">\n    <div class=\"row\">\n      <div class=\"col-lg-12\" data-aos=\"fade-up\" data-aos-duration=\"1000\">\n        <h4 class=\"my-4 text-center\"><strong>Conservazione delle foglie di palma<\/strong><\/h4>\n      <\/div>\n    <\/div>\n    <div class=\"row text-center justify-content-between my-4\">\n              <div class=\"col-lg-5 my-4\" data-aos=\"fade-up\" data-aos-duration=\"1000\">\n          <div class=\"icon\"><img decoding=\"async\" src=\"https:\/\/mypalmleaf.com\/wp-content\/uploads\/2024\/09\/preserve-palm-leaf-icon-1.png\" alt=\"\"><\/div>\n          <div class=\"title\">Controllo del clima<\/div>\n          <div class=\"desc\">\n            <p>Le foglie di palma vengono conservate in condizioni speciali per proteggerle da umidit\u00e0, insetti e altri elementi dannosi. Le biblioteche di Nadi, situate principalmente nel sud dell&#8217;India, mantengono ambienti controllati che includono livelli di umidit\u00e0 e temperatura adeguati.<\/p>\n          <\/div>\n        <\/div>\n              <div class=\"col-lg-5 my-4\" data-aos=\"fade-up\" data-aos-duration=\"1000\">\n          <div class=\"icon\"><img decoding=\"async\" src=\"https:\/\/mypalmleaf.com\/wp-content\/uploads\/2024\/09\/preserve-palm-leaf-icon-2.png\" alt=\"\"><\/div>\n          <div class=\"title\">Trattamento con oli<\/div>\n          <div class=\"desc\">\n            <p>Le foglie vengono spesso trattate con oli naturali, come la canfora o l \u201colio di neem, per evitare il deterioramento e l\u201d infestazione di insetti. Questo metodo tradizionale aiuta a conservare le foglie per secoli.<\/p>\n          <\/div>\n        <\/div>\n              <div class=\"col-lg-5 my-4\" data-aos=\"fade-up\" data-aos-duration=\"1000\">\n          <div class=\"icon\"><img decoding=\"async\" src=\"https:\/\/mypalmleaf.com\/wp-content\/uploads\/2024\/09\/preserve-palm-leaf-icon-3.png\" alt=\"\"><\/div>\n          <div class=\"title\">Manutenzione periodica<\/div>\n          <div class=\"desc\">\n            <p>Le foglie di palma vengono conservate in condizioni speciali per proteggerle da umidit\u00e0, insetti e altri elementi dannosi. Le biblioteche di Nadi, situate principalmente nel sud dell&#8217;India, mantengono ambienti controllati che includono livelli di umidit\u00e0 e temperatura adeguati.<\/p>\n          <\/div>\n        <\/div>\n              <div class=\"col-lg-5 my-4\" data-aos=\"fade-up\" data-aos-duration=\"1000\">\n          <div class=\"icon\"><img decoding=\"async\" src=\"https:\/\/mypalmleaf.com\/wp-content\/uploads\/2024\/09\/preserve-palm-leaf-icon-4.png\" alt=\"\"><\/div>\n          <div class=\"title\">Immagazzinamento<\/div>\n          <div class=\"desc\">\n            <p>Le foglie vengono conservate in fasci, ognuno dei quali \u00e8 legato e etichettato in base alla categoria o al tipo di lettura che contiene. Questi pacchi vengono conservati in scatole di legno o di metallo per proteggerli dai danni fisici e dai fattori ambientali.<\/p>\n          <\/div>\n        <\/div>\n          <\/div>\n  <\/div>\n<\/section><section class=\"who-are-rishis my-5 position-relative\">\n  <div class=\"container\">\n    <div class=\"row\">\n      <div class=\"col-lg-12 text-center\">\n        <h3 class=\"my-5 mt-0\">Chi sono i Rishis?<\/h3>\n        <div class=\"banner rounded-asset my-4\"><img decoding=\"async\" src=\"https:\/\/mypalmleaf.com\/wp-content\/uploads\/2024\/09\/who-are-the-rishis-1.jpg\" alt=\"\" class=\"img-fluid\"><\/div>\n        <p>I Rishis sono i leggendari saggi e veggenti dell&#8217;antica India, famosi per la loro incredibile saggezza spirituale e le loro straordinarie intuizioni.<\/p>\n<p>Immagina di poter attingere a un regno di conoscenza divina e verit\u00e0 universali: questo \u00e8 il mondo dei Rishis. Questi esseri illuminati sono spesso considerati i pionieri spirituali dell&#8217;umanit\u00e0, che esplorano le profondit\u00e0 della coscienza e del cosmo. <\/p>\n<h4 class=\"mt-4\"><strong>I visionari della saggezza antica<\/strong><\/h4>\n<p>La parola \u201cRishi\u201d deriva dal termine sanscrito \u201c\u1e5b\u1e63\u201d, che significa \u201cvedere\u201d o \u201cpercepire\u201d. Non si tratta di una visione qualsiasi: i Rishi sono veggenti in grado di percepire l \u201cinvisibile e di comprendere i profondi misteri della vita e dell\u201d universo. Sono come gli astronauti spirituali dei tempi antichi, che viaggiano nei regni del divino e riportano indietro tesori di conoscenza.  <\/p>\n<h4 class=\"mt-4\"><strong>I Rishis nel qui e ora<\/strong><\/h4>\n<p>Anche se i Rishis hanno vissuto su questo pianeta in forma umana migliaia di anni fa, continuano a sostenere l&#8217;umanit\u00e0 e la terra dalle dimensioni sottili. La loro presenza \u00e8 senza tempo e pi\u00f9 siamo consapevoli e aperti alla loro presenza, pi\u00f9 la loro benedizione pu\u00f2 fluire nelle nostre vite. Questo \u00e8 anche lo scopo delle foglie di palma. Sono pi\u00f9 che semplici previsioni, ma strumenti spirituali che ci aiutano a dare forma alla nostra vita, grazie al supporto energetico dei Rishis.   <\/p>\n<h4 class=\"mt-4\"><strong>Il legame tra i Rishis e le foglie di palma<\/strong><\/h4>\n<p>I Rishis, antichi saggi e veggenti dell&#8217;India, sono i divini autori dei manoscritti su foglie di palma, noti come testi Nadi. Questi esseri illuminati, grazie a una profonda meditazione e all&#8217;intuizione spirituale, registrarono i destini degli individui su foglie di palma migliaia di anni fa. Utilizzando l&#8217;antica scrittura Tamil, documentavano i dettagli della vita delle persone, offrendo una guida spirituale e intuizioni sul loro passato, presente e futuro.  <\/p>\n<p>Queste foglie di palma sono conservate nelle biblioteche Nadi e vengono lette dagli astrologi Nadi che abbinano l&#8217;impronta del pollice o i dettagli di un individuo alla foglia corrispondente. Questa sacra tradizione, onorata da Mypalmleaf, continua a fornire saggezza e chiarezza senza tempo, aiutando i cercatori a comprendere il viaggio della loro vita attraverso gli occhi dei Rishis. <\/p>\n      <\/div>\n    <\/div>\n  <\/div>\n\n<\/section>","protected":false},"excerpt":{"rendered":"","protected":false},"author":1,"featured_media":0,"parent":0,"menu_order":0,"comment_status":"closed","ping_status":"closed","template":"","meta":{"_acf_changed":false,"footnotes":""},"class_list":["post-20266","page","type-page","status-publish","hentry"],"acf":[],"yoast_head":"<!-- This site is optimized with the Yoast SEO plugin v26.4 - https:\/\/yoast.com\/wordpress\/plugins\/seo\/ -->\n<title>Lettura delle Foglie di Palma: Scopri il Tuo Destino<\/title>\n<meta name=\"description\" content=\"Scopri i segreti spirituali contenuti nelle antiche foglie di palma, testi sacri che rivelano la storia della tua vita, il tuo scopo e il tuo viaggio karmico attraverso il tempo e lo spazio.\" \/>\n<meta name=\"robots\" content=\"index, follow, max-snippet:-1, max-image-preview:large, max-video-preview:-1\" \/>\n<link rel=\"canonical\" href=\"https:\/\/mypalmleaf.com\/it\/foglie-di-palma\/\" \/>\n<meta property=\"og:locale\" content=\"it_IT\" \/>\n<meta property=\"og:type\" content=\"article\" \/>\n<meta property=\"og:title\" content=\"Lettura delle Foglie di Palma: Scopri il Tuo Destino\" \/>\n<meta property=\"og:description\" content=\"Scopri i segreti spirituali contenuti nelle antiche foglie di palma, testi sacri che rivelano la storia della tua vita, il tuo scopo e il tuo viaggio karmico attraverso il tempo e lo spazio.\" \/>\n<meta property=\"og:url\" content=\"https:\/\/mypalmleaf.com\/it\/foglie-di-palma\/\" \/>\n<meta property=\"og:site_name\" content=\"My Palm Leaf\" \/>\n<meta property=\"article:modified_time\" content=\"2025-08-05T11:31:54+00:00\" \/>\n<meta property=\"og:image\" content=\"https:\/\/mypalmleaf.com\/wp-content\/uploads\/2025\/08\/mpl-circle-logo.jpg\" \/>\n\t<meta property=\"og:image:width\" content=\"1200\" \/>\n\t<meta property=\"og:image:height\" content=\"1196\" \/>\n\t<meta property=\"og:image:type\" content=\"image\/jpeg\" \/>\n<meta name=\"twitter:card\" content=\"summary_large_image\" \/>\n<script type=\"application\/ld+json\" class=\"yoast-schema-graph\">{\"@context\":\"https:\/\/schema.org\",\"@graph\":[{\"@type\":\"WebPage\",\"@id\":\"https:\/\/mypalmleaf.com\/it\/foglie-di-palma\/\",\"url\":\"https:\/\/mypalmleaf.com\/it\/foglie-di-palma\/\",\"name\":\"Lettura delle Foglie di Palma: Scopri il Tuo Destino\",\"isPartOf\":{\"@id\":\"https:\/\/mypalmleaf.com\/#website\"},\"datePublished\":\"2024-08-15T02:38:41+00:00\",\"dateModified\":\"2025-08-05T11:31:54+00:00\",\"description\":\"Scopri i segreti spirituali contenuti nelle antiche foglie di palma, testi sacri che rivelano la storia della tua vita, il tuo scopo e il tuo viaggio karmico attraverso il tempo e lo spazio.\",\"breadcrumb\":{\"@id\":\"https:\/\/mypalmleaf.com\/it\/foglie-di-palma\/#breadcrumb\"},\"inLanguage\":\"it-IT\",\"potentialAction\":[{\"@type\":\"ReadAction\",\"target\":[\"https:\/\/mypalmleaf.com\/it\/foglie-di-palma\/\"]}]},{\"@type\":\"BreadcrumbList\",\"@id\":\"https:\/\/mypalmleaf.com\/it\/foglie-di-palma\/#breadcrumb\",\"itemListElement\":[{\"@type\":\"ListItem\",\"position\":1,\"name\":\"Home\",\"item\":\"https:\/\/mypalmleaf.com\/it\/\"},{\"@type\":\"ListItem\",\"position\":2,\"name\":\"Foglie di palma\"}]},{\"@type\":\"WebSite\",\"@id\":\"https:\/\/mypalmleaf.com\/#website\",\"url\":\"https:\/\/mypalmleaf.com\/\",\"name\":\"My Palm Leaf\",\"description\":\"\",\"potentialAction\":[{\"@type\":\"SearchAction\",\"target\":{\"@type\":\"EntryPoint\",\"urlTemplate\":\"https:\/\/mypalmleaf.com\/?s={search_term_string}\"},\"query-input\":{\"@type\":\"PropertyValueSpecification\",\"valueRequired\":true,\"valueName\":\"search_term_string\"}}],\"inLanguage\":\"it-IT\"}]}<\/script>\n<!-- \/ Yoast SEO plugin. -->","yoast_head_json":{"title":"Lettura delle Foglie di Palma: Scopri il Tuo Destino","description":"Scopri i segreti spirituali contenuti nelle antiche foglie di palma, testi sacri che rivelano la storia della tua vita, il tuo scopo e il tuo viaggio karmico attraverso il tempo e lo spazio.","robots":{"index":"index","follow":"follow","max-snippet":"max-snippet:-1","max-image-preview":"max-image-preview:large","max-video-preview":"max-video-preview:-1"},"canonical":"https:\/\/mypalmleaf.com\/it\/foglie-di-palma\/","og_locale":"it_IT","og_type":"article","og_title":"Lettura delle Foglie di Palma: Scopri il Tuo Destino","og_description":"Scopri i segreti spirituali contenuti nelle antiche foglie di palma, testi sacri che rivelano la storia della tua vita, il tuo scopo e il tuo viaggio karmico attraverso il tempo e lo spazio.","og_url":"https:\/\/mypalmleaf.com\/it\/foglie-di-palma\/","og_site_name":"My Palm Leaf","article_modified_time":"2025-08-05T11:31:54+00:00","og_image":[{"width":1200,"height":1196,"url":"https:\/\/mypalmleaf.com\/wp-content\/uploads\/2025\/08\/mpl-circle-logo.jpg","type":"image\/jpeg"}],"twitter_card":"summary_large_image","schema":{"@context":"https:\/\/schema.org","@graph":[{"@type":"WebPage","@id":"https:\/\/mypalmleaf.com\/it\/foglie-di-palma\/","url":"https:\/\/mypalmleaf.com\/it\/foglie-di-palma\/","name":"Lettura delle Foglie di Palma: Scopri il Tuo Destino","isPartOf":{"@id":"https:\/\/mypalmleaf.com\/#website"},"datePublished":"2024-08-15T02:38:41+00:00","dateModified":"2025-08-05T11:31:54+00:00","description":"Scopri i segreti spirituali contenuti nelle antiche foglie di palma, testi sacri che rivelano la storia della tua vita, il tuo scopo e il tuo viaggio karmico attraverso il tempo e lo spazio.","breadcrumb":{"@id":"https:\/\/mypalmleaf.com\/it\/foglie-di-palma\/#breadcrumb"},"inLanguage":"it-IT","potentialAction":[{"@type":"ReadAction","target":["https:\/\/mypalmleaf.com\/it\/foglie-di-palma\/"]}]},{"@type":"BreadcrumbList","@id":"https:\/\/mypalmleaf.com\/it\/foglie-di-palma\/#breadcrumb","itemListElement":[{"@type":"ListItem","position":1,"name":"Home","item":"https:\/\/mypalmleaf.com\/it\/"},{"@type":"ListItem","position":2,"name":"Foglie di palma"}]},{"@type":"WebSite","@id":"https:\/\/mypalmleaf.com\/#website","url":"https:\/\/mypalmleaf.com\/","name":"My Palm Leaf","description":"","potentialAction":[{"@type":"SearchAction","target":{"@type":"EntryPoint","urlTemplate":"https:\/\/mypalmleaf.com\/?s={search_term_string}"},"query-input":{"@type":"PropertyValueSpecification","valueRequired":true,"valueName":"search_term_string"}}],"inLanguage":"it-IT"}]}},"_links":{"self":[{"href":"https:\/\/mypalmleaf.com\/it\/wp-json\/wp\/v2\/pages\/20266","targetHints":{"allow":["GET"]}}],"collection":[{"href":"https:\/\/mypalmleaf.com\/it\/wp-json\/wp\/v2\/pages"}],"about":[{"href":"https:\/\/mypalmleaf.com\/it\/wp-json\/wp\/v2\/types\/page"}],"author":[{"embeddable":true,"href":"https:\/\/mypalmleaf.com\/it\/wp-json\/wp\/v2\/users\/1"}],"replies":[{"embeddable":true,"href":"https:\/\/mypalmleaf.com\/it\/wp-json\/wp\/v2\/comments?post=20266"}],"version-history":[{"count":0,"href":"https:\/\/mypalmleaf.com\/it\/wp-json\/wp\/v2\/pages\/20266\/revisions"}],"wp:attachment":[{"href":"https:\/\/mypalmleaf.com\/it\/wp-json\/wp\/v2\/media?parent=20266"}],"curies":[{"name":"wp","href":"https:\/\/api.w.org\/{rel}","templated":true}]}}