{"id":45474,"date":"2024-11-10T05:53:12","date_gmt":"2024-11-10T05:53:12","guid":{"rendered":"https:\/\/mypalmleaf.com\/homa\/"},"modified":"2025-03-09T15:26:22","modified_gmt":"2025-03-09T15:26:22","slug":"homa","status":"publish","type":"page","link":"https:\/\/mypalmleaf.com\/it\/homa\/","title":{"rendered":"Homa"},"content":{"rendered":"\n<section class=\"spotlight-main small top-gap\">\n    <!-- <div class=\"slider-wrap\" data-flickity='{ \"cellAlign\": \"left\", \"contain\": true, \"wrapAround\": true, \"setGallerySize\": false }'> -->\n    <div class=\"slider-wrap\" data-flickity='{ \"cellAlign\": \"left\", \"contain\": true, \"wrapAround\": true, \"setGallerySize\": false  }'>\n            <div class=\"slides\">\n        <div class=\"content-wrap\">\n          <div class=\"image\">\n            <picture>\n              <source media=\"(max-width: 999px)\" srcset=\"https:\/\/mypalmleaf.com\/wp-content\/uploads\/2024\/11\/homas-spotlight-mob.jpg\" \/>\n              <source media=\"(min-width: 1000px)\" srcset=\"https:\/\/mypalmleaf.com\/wp-content\/uploads\/2024\/11\/homas-spotlight.jpg\" \/>\n              <img decoding=\"async\" src=\"https:\/\/mypalmleaf.com\/wp-content\/uploads\/2024\/11\/homas-spotlight.jpg\" class=\"img-fluid\" alt=\"\" \/>\n            <\/picture>\n          <\/div>\n          <div class=\"content\">\n            <div data-aos=\"fade-up\" data-aos-duration=\"1000\">\n              <h2 class=\"\">Homa: Cerimonie del fuoco sacro per la trasformazione karmica<\/h2>\n              <p>Sperimenta gli antichi rituali vedici eseguiti per portare benedizioni, purificazione e armonia nella tua vita.  <\/p>\n                                  <a href=\"\/prices\/fire-ceremony-homa\/\" class=\"btn btn-primary\">Prenota la tua Homas<\/a>\n                   \n            <\/div>\n          <\/div>\n        <\/div>\n      <\/div>\n          <\/div>\n<\/section>\n\n\n<section class=\"my-6 position-relative\">\n    <div class=\"container-xl\" data-aos=\"fade-up\" data-aos-duration=\"1000\">\n      <div class=\"row align-items-center\">\n        <div class=\"col-lg-5 mb-4 mb-lg-0\">\n          <div class=\"rounded-asset\">\n            <img decoding=\"async\" src=\"https:\/\/mypalmleaf.com\/wp-content\/uploads\/2024\/11\/yt-thumb-homa.jpg\" class=\"img-fluid\" alt=\"\"><div class=\"play-icon\"><\/div>\n            <a href=\"https:\/\/www.youtube.com\/watch?v=63svn4g1Z5U\" class=\"stretched-link\" data-lity><\/a>\n          <\/div>\n        <\/div>\n        <div class=\"col-lg-7\">\n          <h2 class=\"mb-4\">Cosa sono le cerimonie del fuoco Homa?<\/h2>\n          <p>Le homa, note anche come cerimonie del fuoco, sono potenti rituali vedici eseguiti per invocare le energie divine, rimuovere le influenze karmiche negative e portare equilibrio in diversi aspetti della vita. Attraverso l&#8217;elemento sacro del fuoco, vengono fatte offerte alle divinit\u00e0 e l&#8217;energia trasformativa del rituale porta benedizioni, purificazione e guarigione.<\/p>\n<p>Queste cerimonie sono guidate da esperti sacerdoti vedici che cantano mantra sacri e fanno offerte al fuoco sacro, amplificando l&#8217;intenzione e l&#8217;effetto del rituale.<\/p>\n        <\/div>\n      <\/div>\n    <\/div>\n    <\/section>\n\n\n<section class=\"my-6 position-relative\">\n  <div class=\"container-xl aos-init aos-animate\" data-aos=\"fade-up\" data-aos-duration=\"1000\">\n    <div class=\"row align-items-center\">\n      <div class=\"col-lg-7\">\n        <h2 class=\"mb-4\">In che modo Homa pu\u00f2 aiutarti?<\/h2>\n<p>Ogni cerimonia Homa ha uno scopo unico: superare gli ostacoli, migliorare la salute, invitare alla prosperit\u00e0 o cancellare il karma negativo.<\/p>\n<p>Ecco come Homa pu\u00f2 trasformare la tua vita:  <\/p>\n        <ul>\n<li>Guarigione karmica: Rilascia i debiti karmici del passato e attira le influenze karmiche positive.  <\/li>\n<li>Purificazione: Purifica l&#8217;aura e l&#8217;ambiente dalle energie negative.  <\/li>\n<li>Benedizioni e prosperit\u00e0: Invocare benedizioni per la salute, la ricchezza, le relazioni e il benessere generale.  <\/li>\n<li>Protezione e armonia: Rafforza la protezione spirituale e porta armonia nella tua vita.  <\/li>\n<\/ul>\n<div class=\"dual-btn-cont mt-4\">\n<ul>\n<li><a href=\"https:\/\/mypalmleaf.com\/it\/prezzo\/homa-ceremonia-del-fuoco\/\" class=\"btn btn-primary\">Prenota ora la tua cerimonia del fuoco<\/a><\/li>\n<\/ul>\n<\/div>\n      <\/div>\n      <div class=\"col-lg-5 mb-4 mb-lg-0\">\n        <div class=\"rounded-asset\">\n          <img decoding=\"async\" src=\"https:\/\/mypalmleaf.com\/wp-content\/uploads\/2024\/11\/homas-thumb.jpg\" class=\"img-fluid\" alt=\"\"\/>\n        <\/div>\n      <\/div>\n    <\/div>\n  <\/div>\n       \n  <\/section>\n\n\n\n<section class=\"my-6 position-relative\">\n  <div class=\"container-xl aos-init aos-animate\" data-aos=\"fade-up\" data-aos-duration=\"1000\">\n    <div class=\"row align-items-center\">\n      <div class=\"col-lg-5 mb-4 mb-lg-0\">\n        <div class=\"rounded-asset\">\n          <img decoding=\"async\" src=\"https:\/\/mypalmleaf.com\/wp-content\/uploads\/2024\/11\/homas-thumb2.jpg\" class=\"img-fluid\" alt=\"\"\/>\n        <\/div>\n      <\/div>\n      <div class=\"col-lg-7\">\n        <h2 class=\"mb-4\">Come funziona<\/h2>\n        <p><strong>Passo 1: Prenota la tua Homa<\/strong><br\/> Prenota la cerimonia del fuoco Homa sul nostro sito web<\/p> \n<p><strong>Passo 2: Prenota il tuo appuntamento<\/strong><br\/> Dopo aver effettuato la prenotazione, riceverai un link al calendario e potrai prenotare il giorno e l&#8217;ora in cui desideri che l&#8217;Homa venga eseguito.  <\/p>\n<p><strong>Fase 3: Partecipa e ricevi le benedizioni<\/strong><br\/> Puoi scegliere di partecipare alla cerimonia in diretta via Zoom o di ricevere l&#8217;energia e le benedizioni ovunque tu sia. Uno dei nostri moderatori ti accompagner\u00e0 durante l&#8217;Homa e ti spiegher\u00e0 tutto.   <\/p>\n<div class=\"dual-btn-cont mt-4\">\n<ul>\n<li><a href=\"https:\/\/mypalmleaf.com\/it\/prezzo\/homa-ceremonia-del-fuoco\/\" class=\"btn btn-primary\">Prenota ora la tua cerimonia del fuoco<\/a><\/li>\n<\/ul>\n<\/div>\n      <\/div>\n      \n    <\/div>\n  <\/div>\n       \n  <\/section>\n\n\n\n<figure class=\"wp-block-gallery has-nested-images columns-default is-cropped wp-block-gallery-1 is-layout-flex wp-block-gallery-is-layout-flex\">\n<figure class=\"wp-block-image size-full\"><img loading=\"lazy\" decoding=\"async\" width=\"1024\" height=\"576\" data-id=\"45429\" src=\"https:\/\/mypalmleaf.com\/wp-content\/uploads\/2024\/11\/3-1.jpg\" alt=\"\" class=\"wp-image-45429\" srcset=\"https:\/\/mypalmleaf.com\/wp-content\/uploads\/2024\/11\/3-1.jpg 1024w, https:\/\/mypalmleaf.com\/wp-content\/uploads\/2024\/11\/3-1-600x338.jpg 600w, https:\/\/mypalmleaf.com\/wp-content\/uploads\/2024\/11\/3-1-300x169.jpg 300w, https:\/\/mypalmleaf.com\/wp-content\/uploads\/2024\/11\/3-1-768x432.jpg 768w\" sizes=\"auto, (max-width: 1024px) 100vw, 1024px\" \/><\/figure>\n\n\n\n<figure class=\"wp-block-image size-large\"><img loading=\"lazy\" decoding=\"async\" width=\"1024\" height=\"576\" data-id=\"45407\" src=\"https:\/\/mypalmleaf.com\/wp-content\/uploads\/2024\/11\/2.jpg\" alt=\"\" class=\"wp-image-45407\" srcset=\"https:\/\/mypalmleaf.com\/wp-content\/uploads\/2024\/11\/2.jpg 1024w, https:\/\/mypalmleaf.com\/wp-content\/uploads\/2024\/11\/2-600x338.jpg 600w, https:\/\/mypalmleaf.com\/wp-content\/uploads\/2024\/11\/2-300x169.jpg 300w, https:\/\/mypalmleaf.com\/wp-content\/uploads\/2024\/11\/2-768x432.jpg 768w\" sizes=\"auto, (max-width: 1024px) 100vw, 1024px\" \/><\/figure>\n\n\n\n<figure class=\"wp-block-image size-large\"><img loading=\"lazy\" decoding=\"async\" width=\"1024\" height=\"576\" data-id=\"45386\" src=\"https:\/\/mypalmleaf.com\/wp-content\/uploads\/2024\/11\/1.jpg\" alt=\"\" class=\"wp-image-45386\" srcset=\"https:\/\/mypalmleaf.com\/wp-content\/uploads\/2024\/11\/1.jpg 1024w, https:\/\/mypalmleaf.com\/wp-content\/uploads\/2024\/11\/1-600x338.jpg 600w, https:\/\/mypalmleaf.com\/wp-content\/uploads\/2024\/11\/1-300x169.jpg 300w, https:\/\/mypalmleaf.com\/wp-content\/uploads\/2024\/11\/1-768x432.jpg 768w\" sizes=\"auto, (max-width: 1024px) 100vw, 1024px\" \/><\/figure>\n<\/figure>\n\n\n<section class=\"accordion-container position-relative \" data-aos=\"fade-up\" data-aos-duration=\"1000\" id=\"general-questions\">\n  <div class=\"container-xl\">\n    <div class=\"row\">\n      <h3>Domande frequenti<\/h3>\n      <div class=\"accr-wrap\">\n                  <div class=\"head\">Devo essere fisicamente presente perch\u00e9 la cerimonia Homa sia efficace?<\/div>\n          <div class=\"content\">\n            <p>Non \u00e8 necessario che tu sia fisicamente presente perch\u00e9 l&#8217;Homa sia efficace. L&#8217;energia e le benedizioni della cerimonia vengono trasmesse attraverso le vibrazioni dei mantra sacri e del fuoco. Se vuoi, puoi partecipare alla cerimonia in diretta via Zoom, ma i benefici ti raggiungeranno anche se non puoi partecipare.  <\/p>\n          <\/div>\n                  <div class=\"head\">Come mi devo preparare per una cerimonia Homa?<\/div>\n          <div class=\"content\">\n            <p>Per prepararsi a un Homa, \u00e8 meglio stabilire una chiara intenzione su ci\u00f2 che desideri ricevere dal rituale. Potresti anche creare uno spazio tranquillo in casa tua, libero da distrazioni, dove sederti in silenzio per ricevere l&#8217;energia della cerimonia. Se partecipi dal vivo, assicurati di avere una connessione internet stabile e un ambiente sereno.  <\/p>\n          <\/div>\n                  <div class=\"head\">Si pu\u00f2 eseguire un Homa per conto di qualcun altro?<\/div>\n          <div class=\"content\">\n            <p>S\u00ec, le Homas possono essere celebrate per conto di qualcun altro, sia esso una persona cara, un familiare o un amico. \u00c8 sufficiente fornire il nome e l&#8217;intenzione della cerimonia e l&#8217;energia e le benedizioni saranno indirizzate a loro. <\/p>\n          <\/div>\n                  <div class=\"head\">Che tipo di risultati posso aspettarmi da un Homa?<\/div>\n          <div class=\"content\">\n            <p>Gli effetti di un Homa possono variare in base alla tua intenzione e al tipo di cerimonia eseguita. Le persone spesso riferiscono di provare un senso di pace, sollievo emotivo e chiarezza, oltre a sperimentare cambiamenti positivi tangibili nella loro vita, come il miglioramento delle relazioni, della salute o del successo. Le benedizioni e i benefici karmici spesso si sviluppano nel tempo.  <\/p>\n          <\/div>\n                  <div class=\"head\">Come faccio a scegliere il tipo di Homa da prenotare?<\/div>\n          <div class=\"content\">\n            <p>Se un Homa ti \u00e8 stato consigliato durante la lettura delle foglie di palma, allora questo tipo di Homa verr\u00e0 eseguito per te. In caso contrario, puoi anche comunicarci lo scopo generale dell&#8217;Homa durante la prenotazione e i sacerdoti sceglieranno una cerimonia specifica per quello scopo.   <\/p>\n          <\/div>\n                  <div class=\"head\">Le Homas sono adatte a tutte le fedi e credenze spirituali?<\/div>\n          <div class=\"content\">\n            <p>S\u00ec, le Homa sono rituali spirituali che affondano le loro radici nelle antiche tradizioni vediche, ma sono aperte a persone di ogni fede e credo. Le cerimonie si concentrano sulle energie universali, come gli elementi e le benedizioni divine, che possono essere utili indipendentemente dal tuo background spirituale.<\/p>\n          <\/div>\n                  <div class=\"head\">Quanto dura in genere una cerimonia Homa?<\/div>\n          <div class=\"content\">\n            <p>La durata di una cerimonia Homa pu\u00f2 variare a seconda della sua complessit\u00e0 e del tipo di rituale eseguito. La maggior parte delle cerimonie dura da 30 minuti a 1 ora.   <\/p>\n          <\/div>\n                  <div class=\"head\">Posso richiedere una data o un orario specifico per l&#8217;Homa?<\/div>\n          <div class=\"content\">\n            <p>S\u00ec, puoi richiedere una data e un orario specifici per la tua Homa, a seconda della disponibilit\u00e0 dei nostri sacerdoti vedici e degli orari propizi per lo svolgimento della cerimonia. Faremo del nostro meglio per soddisfare le tue preferenze.<\/p>\n          <\/div>\n                  <div class=\"head\">Come vengono fatte le offerte durante l&#8217;Homa?<\/div>\n          <div class=\"content\">\n            <p>Le offerte, come ghee, erbe, cereali e altri oggetti sacri, vengono fatte nel fuoco dai nostri sacerdoti vedici mentre cantano potenti mantra. Ogni offerta simboleggia la purificazione, la trasformazione e il rilascio di benedizioni nell&#8217;universo.   <\/p>\n          <\/div>\n                  <div class=\"head\">Sar\u00f2 accompagnato da un moderatore di Mypalmleaf?<\/div>\n          <div class=\"content\">\n            <p>S\u00ec, uno dei nostri moderatori sar\u00e0 presente all&#8217;Homa. Ti guider\u00e0 e ti spiegher\u00e0 tutto se necessario.   <\/p>\n          <\/div>\n              <\/div>\n    <\/div>\n  <\/div>\n  \n<\/section>\n<\/div>\n\n\n<p><\/p>\n","protected":false},"excerpt":{"rendered":"<p>In che modo Homa pu\u00f2 aiutarti? Ogni cerimonia Homa ha uno scopo unico: superare gli ostacoli, migliorare la salute, invitare alla prosperit\u00e0 o cancellare il karma negativo. Ecco come Homa pu\u00f2 trasformare la tua vita: Guarigione karmica: Rilascia i debiti karmici del passato e attira le influenze karmiche positive. Purificazione: Purifica l&#8217;aura e l&#8217;ambiente dalle [&hellip;]<\/p>\n","protected":false},"author":1,"featured_media":0,"parent":0,"menu_order":0,"comment_status":"closed","ping_status":"closed","template":"","meta":{"_acf_changed":false,"footnotes":""},"class_list":["post-45474","page","type-page","status-publish","hentry"],"acf":[],"yoast_head":"<!-- This site is optimized with the Yoast SEO plugin v26.4 - https:\/\/yoast.com\/wordpress\/plugins\/seo\/ -->\n<title>Rituale del Fuoco Homa e Antica Saggezza Spirituale<\/title>\n<meta name=\"description\" content=\"Scopri il rituale del fuoco Homa con My Palm Leaf. Un&#039;antica pratica spirituale per la purificazione e l&#039;armonia interiore.\" \/>\n<meta name=\"robots\" content=\"index, follow, max-snippet:-1, max-image-preview:large, max-video-preview:-1\" \/>\n<link rel=\"canonical\" href=\"https:\/\/mypalmleaf.com\/homa\/\" \/>\n<meta property=\"og:locale\" content=\"it_IT\" \/>\n<meta property=\"og:type\" content=\"article\" \/>\n<meta property=\"og:title\" content=\"Rituale del Fuoco Homa e Antica Saggezza Spirituale\" \/>\n<meta property=\"og:description\" content=\"Scopri il rituale del fuoco Homa con My Palm Leaf. Un&#039;antica pratica spirituale per la purificazione e l&#039;armonia interiore.\" \/>\n<meta property=\"og:url\" content=\"https:\/\/mypalmleaf.com\/homa\/\" \/>\n<meta property=\"og:site_name\" content=\"My Palm Leaf\" \/>\n<meta property=\"article:modified_time\" content=\"2025-03-09T15:26:22+00:00\" \/>\n<meta property=\"og:image\" content=\"https:\/\/mypalmleaf.com\/wp-content\/uploads\/2024\/11\/homas-thumb.jpg\" \/>\n<meta name=\"twitter:card\" content=\"summary_large_image\" \/>\n<meta name=\"twitter:label1\" content=\"Tempo di lettura stimato\" \/>\n\t<meta name=\"twitter:data1\" content=\"2 minuti\" \/>\n<script type=\"application\/ld+json\" class=\"yoast-schema-graph\">{\"@context\":\"https:\/\/schema.org\",\"@graph\":[{\"@type\":\"WebPage\",\"@id\":\"https:\/\/mypalmleaf.com\/homa\/\",\"url\":\"https:\/\/mypalmleaf.com\/homa\/\",\"name\":\"Rituale del Fuoco Homa e Antica Saggezza Spirituale\",\"isPartOf\":{\"@id\":\"https:\/\/mypalmleaf.com\/#website\"},\"primaryImageOfPage\":{\"@id\":\"https:\/\/mypalmleaf.com\/homa\/#primaryimage\"},\"image\":{\"@id\":\"https:\/\/mypalmleaf.com\/homa\/#primaryimage\"},\"thumbnailUrl\":\"https:\/\/mypalmleaf.com\/wp-content\/uploads\/2024\/11\/homas-thumb.jpg\",\"datePublished\":\"2024-11-10T05:53:12+00:00\",\"dateModified\":\"2025-03-09T15:26:22+00:00\",\"description\":\"Scopri il rituale del fuoco Homa con My Palm Leaf. Un'antica pratica spirituale per la purificazione e l'armonia interiore.\",\"breadcrumb\":{\"@id\":\"https:\/\/mypalmleaf.com\/homa\/#breadcrumb\"},\"inLanguage\":\"it-IT\",\"potentialAction\":[{\"@type\":\"ReadAction\",\"target\":[\"https:\/\/mypalmleaf.com\/homa\/\"]}]},{\"@type\":\"ImageObject\",\"inLanguage\":\"it-IT\",\"@id\":\"https:\/\/mypalmleaf.com\/homa\/#primaryimage\",\"url\":\"https:\/\/mypalmleaf.com\/wp-content\/uploads\/2024\/11\/homas-thumb.jpg\",\"contentUrl\":\"https:\/\/mypalmleaf.com\/wp-content\/uploads\/2024\/11\/homas-thumb.jpg\"},{\"@type\":\"BreadcrumbList\",\"@id\":\"https:\/\/mypalmleaf.com\/homa\/#breadcrumb\",\"itemListElement\":[{\"@type\":\"ListItem\",\"position\":1,\"name\":\"Home\",\"item\":\"https:\/\/mypalmleaf.com\/it\/\"},{\"@type\":\"ListItem\",\"position\":2,\"name\":\"Homa\"}]},{\"@type\":\"WebSite\",\"@id\":\"https:\/\/mypalmleaf.com\/#website\",\"url\":\"https:\/\/mypalmleaf.com\/\",\"name\":\"My Palm Leaf\",\"description\":\"\",\"potentialAction\":[{\"@type\":\"SearchAction\",\"target\":{\"@type\":\"EntryPoint\",\"urlTemplate\":\"https:\/\/mypalmleaf.com\/?s={search_term_string}\"},\"query-input\":{\"@type\":\"PropertyValueSpecification\",\"valueRequired\":true,\"valueName\":\"search_term_string\"}}],\"inLanguage\":\"it-IT\"}]}<\/script>\n<!-- \/ Yoast SEO plugin. -->","yoast_head_json":{"title":"Rituale del Fuoco Homa e Antica Saggezza Spirituale","description":"Scopri il rituale del fuoco Homa con My Palm Leaf. Un'antica pratica spirituale per la purificazione e l'armonia interiore.","robots":{"index":"index","follow":"follow","max-snippet":"max-snippet:-1","max-image-preview":"max-image-preview:large","max-video-preview":"max-video-preview:-1"},"canonical":"https:\/\/mypalmleaf.com\/homa\/","og_locale":"it_IT","og_type":"article","og_title":"Rituale del Fuoco Homa e Antica Saggezza Spirituale","og_description":"Scopri il rituale del fuoco Homa con My Palm Leaf. Un'antica pratica spirituale per la purificazione e l'armonia interiore.","og_url":"https:\/\/mypalmleaf.com\/homa\/","og_site_name":"My Palm Leaf","article_modified_time":"2025-03-09T15:26:22+00:00","og_image":[{"url":"https:\/\/mypalmleaf.com\/wp-content\/uploads\/2024\/11\/homas-thumb.jpg","type":"","width":"","height":""}],"twitter_card":"summary_large_image","twitter_misc":{"Tempo di lettura stimato":"2 minuti"},"schema":{"@context":"https:\/\/schema.org","@graph":[{"@type":"WebPage","@id":"https:\/\/mypalmleaf.com\/homa\/","url":"https:\/\/mypalmleaf.com\/homa\/","name":"Rituale del Fuoco Homa e Antica Saggezza Spirituale","isPartOf":{"@id":"https:\/\/mypalmleaf.com\/#website"},"primaryImageOfPage":{"@id":"https:\/\/mypalmleaf.com\/homa\/#primaryimage"},"image":{"@id":"https:\/\/mypalmleaf.com\/homa\/#primaryimage"},"thumbnailUrl":"https:\/\/mypalmleaf.com\/wp-content\/uploads\/2024\/11\/homas-thumb.jpg","datePublished":"2024-11-10T05:53:12+00:00","dateModified":"2025-03-09T15:26:22+00:00","description":"Scopri il rituale del fuoco Homa con My Palm Leaf. Un'antica pratica spirituale per la purificazione e l'armonia interiore.","breadcrumb":{"@id":"https:\/\/mypalmleaf.com\/homa\/#breadcrumb"},"inLanguage":"it-IT","potentialAction":[{"@type":"ReadAction","target":["https:\/\/mypalmleaf.com\/homa\/"]}]},{"@type":"ImageObject","inLanguage":"it-IT","@id":"https:\/\/mypalmleaf.com\/homa\/#primaryimage","url":"https:\/\/mypalmleaf.com\/wp-content\/uploads\/2024\/11\/homas-thumb.jpg","contentUrl":"https:\/\/mypalmleaf.com\/wp-content\/uploads\/2024\/11\/homas-thumb.jpg"},{"@type":"BreadcrumbList","@id":"https:\/\/mypalmleaf.com\/homa\/#breadcrumb","itemListElement":[{"@type":"ListItem","position":1,"name":"Home","item":"https:\/\/mypalmleaf.com\/it\/"},{"@type":"ListItem","position":2,"name":"Homa"}]},{"@type":"WebSite","@id":"https:\/\/mypalmleaf.com\/#website","url":"https:\/\/mypalmleaf.com\/","name":"My Palm Leaf","description":"","potentialAction":[{"@type":"SearchAction","target":{"@type":"EntryPoint","urlTemplate":"https:\/\/mypalmleaf.com\/?s={search_term_string}"},"query-input":{"@type":"PropertyValueSpecification","valueRequired":true,"valueName":"search_term_string"}}],"inLanguage":"it-IT"}]}},"_links":{"self":[{"href":"https:\/\/mypalmleaf.com\/it\/wp-json\/wp\/v2\/pages\/45474","targetHints":{"allow":["GET"]}}],"collection":[{"href":"https:\/\/mypalmleaf.com\/it\/wp-json\/wp\/v2\/pages"}],"about":[{"href":"https:\/\/mypalmleaf.com\/it\/wp-json\/wp\/v2\/types\/page"}],"author":[{"embeddable":true,"href":"https:\/\/mypalmleaf.com\/it\/wp-json\/wp\/v2\/users\/1"}],"replies":[{"embeddable":true,"href":"https:\/\/mypalmleaf.com\/it\/wp-json\/wp\/v2\/comments?post=45474"}],"version-history":[{"count":0,"href":"https:\/\/mypalmleaf.com\/it\/wp-json\/wp\/v2\/pages\/45474\/revisions"}],"wp:attachment":[{"href":"https:\/\/mypalmleaf.com\/it\/wp-json\/wp\/v2\/media?parent=45474"}],"curies":[{"name":"wp","href":"https:\/\/api.w.org\/{rel}","templated":true}]}}