
{"id":45514,"date":"2024-11-10T07:16:42","date_gmt":"2024-11-10T07:16:42","guid":{"rendered":"https:\/\/mypalmleaf.com\/athma-shanthi-puja\/"},"modified":"2025-02-18T07:07:25","modified_gmt":"2025-02-18T07:07:25","slug":"athma-shanthi-puja","status":"publish","type":"page","link":"https:\/\/mypalmleaf.com\/it\/athma-shanthi-puja\/","title":{"rendered":"Athma Shanthi Puja"},"content":{"rendered":"\n<section class=\"spotlight-main small top-gap\">\n    <!-- <div class=\"slider-wrap\" data-flickity='{ \"cellAlign\": \"left\", \"contain\": true, \"wrapAround\": true, \"setGallerySize\": false }'> -->\n    <div class=\"slider-wrap\" data-flickity='{ \"cellAlign\": \"left\", \"contain\": true, \"wrapAround\": true, \"setGallerySize\": false  }'>\n            <div class=\"slides\">\n        <div class=\"content-wrap\">\n          <div class=\"image\">\n            <picture>\n              <source media=\"(max-width: 999px)\" srcset=\"https:\/\/mypalmleaf.com\/wp-content\/uploads\/2024\/11\/athma-shanti-puja-spotlight.-mob.jpg\" \/>\n              <source media=\"(min-width: 1000px)\" srcset=\"https:\/\/mypalmleaf.com\/wp-content\/uploads\/2024\/11\/athma-shanti-puja-spotlight.jpg\" \/>\n              <img decoding=\"async\" src=\"https:\/\/mypalmleaf.com\/wp-content\/uploads\/2024\/11\/athma-shanti-puja-spotlight.jpg\" class=\"img-fluid\" alt=\"\" \/>\n            <\/picture>\n          <\/div>\n          <div class=\"content\">\n            <div data-aos=\"fade-up\" data-aos-duration=\"1000\">\n              <h2 class=\"\">Athma Shanthi Puja: Un rituale sacro per le anime defunte<\/h2>\n              <p>Porta pace e liberazione alle anime dei tuoi cari attraverso questa profonda cerimonia vedica.<\/p>\n                                  <a href=\"\/prices\/athma-shanthi-puja-special-ritual-to-help-the-soul-of-someone-who-has-passed-away-to-rest-in-peace\/\" class=\"btn btn-primary\">Prenota la tua Puja<\/a>\n                   \n            <\/div>\n          <\/div>\n        <\/div>\n      <\/div>\n          <\/div>\n<\/section>\n<section class=\"my-6 position-relative\">\n    <div class=\"container-xl\" data-aos=\"fade-up\" data-aos-duration=\"1000\">\n      <div class=\"row align-items-center\">\n        <div class=\"col-lg-5 mb-4 mb-lg-0\">\n          <div class=\"rounded-asset\">\n            <img decoding=\"async\" src=\"https:\/\/mypalmleaf.com\/wp-content\/uploads\/2024\/11\/yt-thumb-2.jpg\" class=\"img-fluid\" alt=\"\"><div class=\"play-icon\"><\/div>\n            <a href=\"https:\/\/www.youtube.com\/watch?v=nZ0XR1c6lPU\" class=\"stretched-link\" data-lity><\/a>\n          <\/div>\n        <\/div>\n        <div class=\"col-lg-7\">\n          <h2 class=\"mb-4\">Cos&#8217;\u00e8 l&#8217;Athma Shanthi Puja?<\/h2>\n          <p>L&#8217;Athma Shanthi Puja \u00e8 un rituale sacro che viene eseguito per onorare e portare pace alle anime dei propri cari defunti. Secondo le tradizioni vediche, questa cerimonia aiuta l&#8217;anima defunta a trovare la liberazione (moksha) e pu\u00f2 risolvere qualsiasi debito karmico o disturbo persistente. \u00c8 particolarmente significativa per coloro che sono deceduti in modo inaspettato, tragico o senza la possibilit\u00e0 di ricevere un rito adeguato.  <\/p>\n<p>Durante la Puja, i nostri esperti sacerdoti vedici cantano mantra sacri, offrono preghiere ed eseguono rituali per portare armonia e liberazione spirituale.<\/p>\n        <\/div>\n      <\/div>\n    <\/div>\n    <\/section>\n<section class=\"my-6 position-relative\">\n  <div class=\"container-xl aos-init aos-animate\" data-aos=\"fade-up\" data-aos-duration=\"1000\">\n    <div class=\"row align-items-center\">\n      <div class=\"col-lg-7\">\n        <h2 class=\"mb-4\">Perch\u00e9 eseguire l&#8217;Athma Shanthi Puja?<\/h2>\n<p>L&#8217;Athma Shanthi Puja \u00e8 un rituale compassionevole e potente che serve sia ai vivi che ai defunti. Ecco perch\u00e9 \u00e8 importante: <\/p>\n<ul>\n<li>Liberazione dell&#8217;anima: Aiuta l&#8217;anima defunta a raggiungere la pace e a liberarsi dal ciclo delle rinascite.<\/li>\n<li>Risoluzione karmica: Rilascia le influenze karmiche negative causate da energie ancestrali irrisolte.<\/li>\n<li>Benedizioni ancestrali: Porta nella tua vita le benedizioni e la protezione dei tuoi antenati.<\/li>\n<li>Guarigione e chiusura: Garantire la guarigione e la chiusura emotiva ai membri della famiglia in lutto.<\/li>\n<\/ul>\n<div class=\"dual-btn-cont mt-4\">\n<ul>\n<li><a href=\"https:\/\/mypalmleaf.com\/it\/prezzo\/athma-shanthi-puja-un-rituale-speciale-per-aiutare-lanima-di-una-persona-deceduta-a-riposare-in-pace\/\" class=\"btn btn-primary\">Prenota l&#8217;Athma Shanti Puja per le anime dei tuoi antenati<\/a><\/li>\n<\/ul>\n<\/div>\n      <\/div>\n      <div class=\"col-lg-5 mb-4 mb-lg-0\">\n        <div class=\"rounded-asset\">\n          <img decoding=\"async\" src=\"https:\/\/staging.mypalmleaf.com\/wp-content\/uploads\/2024\/11\/atma-shant-thumb1.jpg\" class=\"img-fluid\" alt=\"\"\/>\n        <\/div>\n      <\/div>\n    <\/div>\n  <\/div>\n       \n  <\/section>\n\n<section class=\"my-6 position-relative\">\n  <div class=\"container-xl aos-init aos-animate\" data-aos=\"fade-up\" data-aos-duration=\"1000\">\n    <div class=\"row align-items-center\">\n      <div class=\"col-lg-5 mb-4 mb-lg-0\">\n        <div class=\"rounded-asset\">\n          <img decoding=\"async\" src=\"https:\/\/staging.mypalmleaf.com\/wp-content\/uploads\/2024\/11\/atma-shant-thumb2.jpg\" class=\"img-fluid\" alt=\"\"\/>\n        <\/div>\n      <\/div>\n      <div class=\"col-lg-7\">\n        <h2 class=\"mb-4\">Chi dovrebbe considerare questa Puja?<\/h2>\n        <p>L&#8217;Athma Shanthi Puja \u00e8 consigliata a chi ha perso una persona cara e desidera portare pace alla sua anima. \u00c8 particolarmente benefica se: <\/p>\n        <ul>\n          <li>L&#8217;anima defunta \u00e8 deceduta in circostanze tragiche o improvvise.<\/li>\n          <li>Non sono stati eseguiti i riti funebri corretti o si ha la sensazione di un affare spirituale non concluso.<\/li>\n          <li>Senti la presenza di disturbi ancestrali nella tua vita.<\/li>\n          <li>Vuoi onorare ed esprimere gratitudine ai tuoi antenati.<\/li>\n        <\/ul>\n<div class=\"dual-btn-cont mt-4\">\n<ul>\n<li><a href=\"https:\/\/mypalmleaf.com\/it\/prezzo\/athma-shanthi-puja-un-rituale-speciale-per-aiutare-lanima-di-una-persona-deceduta-a-riposare-in-pace\/\" class=\"btn btn-primary\">Prenota la Athma Shanti Puja per le anime dei tuoi antenati<\/a><\/li>\n<\/ul>\n<\/div>\n      <\/div>\n      \n    <\/div>\n  <\/div>\n       \n  <\/section>\n\n<section class=\"my-6 position-relative\">\n  <div class=\"container-xl aos-init aos-animate\" data-aos=\"fade-up\" data-aos-duration=\"1000\">\n    <div class=\"row align-items-center\">\n      <div class=\"col-lg-7\">\n        <h2 class=\"mb-4\">Come si svolge l&#8217;Athma Shanti Puja?<\/h2>\n<p>La cerimonia si svolge secondo le antiche tradizioni vediche e di solito ha luogo vicino a un corpo idrico sacro o a un altare. Ecco cosa aspettarsi: <\/p>\n<ul>\n<li>Invocazione delle energie divine: Il rituale inizia con il canto di mantra e preghiere per purificare lo spazio e invocare le energie divine.<\/li>\n<li>Offerte sacre: Vengono fatte offerte, tra cui riso, fiori e oggetti sacri, all&#8217;anima defunta.<\/li>\n<li>Preghiere per la pace: Si cantano preghiere speciali e mantra per benedire l&#8217;anima e guidarla verso la liberazione.  <\/li>\n<li>Rituali dell&#8217;acqua: La cerimonia pu\u00f2 prevedere offerte alle acque sacre, che simboleggiano la purificazione e la liberazione dell&#8217;anima.<\/li>\n<\/ul>\n<div class=\"dual-btn-cont mt-4\">\n<ul>\n<li><a href=\"https:\/\/mypalmleaf.com\/it\/prezzo\/athma-shanthi-puja-un-rituale-speciale-per-aiutare-lanima-di-una-persona-deceduta-a-riposare-in-pace\/\" class=\"btn btn-primary\">Prenota la Athma Shanti Puja per le anime dei tuoi antenati<\/a><\/li>\n<\/ul>\n<\/div>\n      <\/div>\n      <div class=\"col-lg-5 mb-4 mb-lg-0\">\n        <div class=\"rounded-asset\">\n          <img decoding=\"async\" src=\"https:\/\/staging.mypalmleaf.com\/wp-content\/uploads\/2024\/11\/atma-shant-thumb3-1.jpg\" class=\"img-fluid\" alt=\"\"\/>\n        <\/div>\n      <\/div>\n    <\/div>\n  <\/div>\n       \n  <\/section>\n<section class=\"accordion-container position-relative \" data-aos=\"fade-up\" data-aos-duration=\"1000\" id=\"general-questions\">\n  <div class=\"container-xl\">\n    <div class=\"row\">\n      <h3>Domande frequenti<\/h3>\n      <div class=\"accr-wrap\">\n                  <div class=\"head\">\u00c8 necessario essere presenti per l&#8217;Athma Shanthi Puja?<\/div>\n          <div class=\"content\">\n            <p>No, non \u00e8 necessario essere fisicamente presenti. I nostri sacerdoti vedici eseguiranno il rituale con la stessa riverenza e intenzione e le benedizioni e l&#8217;energia raggiungeranno l&#8217;anima indipendentemente dalla tua presenza. Tuttavia, puoi partecipare via Zoom se vuoi assistere alla cerimonia.  <\/p>\n          <\/div>\n                  <div class=\"head\">\u00c8 possibile eseguire la Puja per una persona deceduta da tempo?<\/div>\n          <div class=\"content\">\n            <p>S\u00ec, l&#8217;Athma Shanthi Puja pu\u00f2 essere eseguita per le anime che sono morte molti anni fa. Il rituale \u00e8 senza tempo e pu\u00f2 portare pace e liberazione a qualsiasi anima, indipendentemente dalla data della sua dipartita. <\/p>\n          <\/div>\n                  <div class=\"head\">Quali dettagli devo fornire per la Puja?<\/div>\n          <div class=\"content\">\n            <p>In genere chiediamo il nome dell&#8217;anima defunta e il tuo grado di parentela. Possono essere utili anche altri dettagli, come le circostanze del decesso. <\/p>\n          <\/div>\n                  <div class=\"head\">L&#8217;Athma Shanthi Puja pu\u00f2 essere eseguita per pi\u00f9 anime contemporaneamente?<\/div>\n          <div class=\"content\">\n            <p>S\u00ec, \u00e8 possibile eseguire la Puja per pi\u00f9 di un&#8217;anima. Ti preghiamo di fornire i dettagli di ogni anima e i nostri sacerdoti si assicureranno che il rituale sia personalizzato di conseguenza. <\/p>\n          <\/div>\n                  <div class=\"head\">Cosa devo fare dopo la Puja?<\/div>\n          <div class=\"content\">\n            <p>La Puja dura in genere 20-60 minuti, a seconda della complessit\u00e0 e del numero di anime da onorare. La preparazione della cerimonia richiede molte ore. <\/p>\n          <\/div>\n                  <div class=\"head\">Quanto dura l&#8217;Athma Shanthi Puja?<\/div>\n          <div class=\"content\">\n            <p>La Puja dura in genere 20-60 minuti, a seconda della complessit\u00e0 e del numero di anime da onorare. La preparazione della cerimonia richiede molte ore. <\/p>\n          <\/div>\n                  <div class=\"head\">Posso eseguire questa Puja in date significative, come anniversari o durante Pitru Paksha?<\/div>\n          <div class=\"content\">\n            <p>S\u00ec, eseguire l&#8217;Athma Shanthi Puja in date significative come gli anniversari di morte o durante il periodo Pitru Paksha pu\u00f2 amplificarne i benefici. Possiamo aiutarti a programmare la cerimonia di conseguenza. <\/p>\n          <\/div>\n                  <div class=\"head\">L&#8217;Athma Shanthi Puja \u00e8 adatta a tutte le credenze e tradizioni?<\/div>\n          <div class=\"content\">\n            <p>S\u00ec, pur essendo radicata nella tradizione vedica, la Puja \u00e8 un rituale universale che ha lo scopo di portare pace e benedizioni ai defunti. Pu\u00f2 essere eseguito da chiunque, indipendentemente dal proprio credo spirituale o religioso. <\/p>\n          <\/div>\n                  <div class=\"head\">Sar\u00f2 accompagnato da un moderatore di Mypalmleaf?<\/div>\n          <div class=\"content\">\n            <p>S\u00ec, uno dei nostri moderatori sar\u00e0 presente all&#8217;Athma Shanti Puja. Ti guider\u00e0 e ti spiegher\u00e0 tutto se necessario. <\/p>\n          <\/div>\n              <\/div>\n    <\/div>\n  <\/div>\n  \n<\/section>\n<\/div>","protected":false},"excerpt":{"rendered":"<p>Perch\u00e9 eseguire l&#8217;Athma Shanthi Puja? L&#8217;Athma Shanthi Puja \u00e8 un rituale compassionevole e potente che serve sia ai vivi che ai defunti. Ecco perch\u00e9 \u00e8 importante: Liberazione dell&#8217;anima: Aiuta l&#8217;anima defunta a raggiungere la pace e a liberarsi dal ciclo delle rinascite. Risoluzione karmica: Rilascia le influenze karmiche negative causate da energie ancestrali irrisolte. Benedizioni [&hellip;]<\/p>\n","protected":false},"author":1,"featured_media":0,"parent":0,"menu_order":0,"comment_status":"closed","ping_status":"closed","template":"","meta":{"_acf_changed":false,"footnotes":""},"class_list":["post-45514","page","type-page","status-publish","hentry"],"acf":[],"yoast_head":"<!-- This site is optimized with the Yoast SEO plugin v26.4 - https:\/\/yoast.com\/wordpress\/plugins\/seo\/ -->\n<title>Athma Shanthi Puja | Rituale Spirituale di Pace con My Palm Leaf<\/title>\n<meta name=\"description\" content=\"Partecipa all&#039;Athma Shanthi Puja con My Palm Leaf. Un rituale spirituale per portare pace interiore e armonia nel tuo cammino spirituale.\" \/>\n<meta name=\"robots\" content=\"index, follow, max-snippet:-1, max-image-preview:large, max-video-preview:-1\" \/>\n<link rel=\"canonical\" href=\"https:\/\/mypalmleaf.com\/it\/athma-shanthi-puja\/\" \/>\n<meta property=\"og:locale\" content=\"it_IT\" \/>\n<meta property=\"og:type\" content=\"article\" \/>\n<meta property=\"og:title\" content=\"Athma Shanthi Puja | Rituale Spirituale di Pace con My Palm Leaf\" \/>\n<meta property=\"og:description\" content=\"Partecipa all&#039;Athma Shanthi Puja con My Palm Leaf. Un rituale spirituale per portare pace interiore e armonia nel tuo cammino spirituale.\" \/>\n<meta property=\"og:url\" content=\"https:\/\/mypalmleaf.com\/it\/athma-shanthi-puja\/\" \/>\n<meta property=\"og:site_name\" content=\"My Palm Leaf\" \/>\n<meta property=\"article:modified_time\" content=\"2025-02-18T07:07:25+00:00\" \/>\n<meta property=\"og:image\" content=\"https:\/\/staging.mypalmleaf.com\/wp-content\/uploads\/2024\/11\/atma-shant-thumb1.jpg\" \/>\n<meta name=\"twitter:card\" content=\"summary_large_image\" \/>\n<meta name=\"twitter:label1\" content=\"Tempo di lettura stimato\" \/>\n\t<meta name=\"twitter:data1\" content=\"2 minuti\" \/>\n<script type=\"application\/ld+json\" class=\"yoast-schema-graph\">{\"@context\":\"https:\/\/schema.org\",\"@graph\":[{\"@type\":\"WebPage\",\"@id\":\"https:\/\/mypalmleaf.com\/it\/athma-shanthi-puja\/\",\"url\":\"https:\/\/mypalmleaf.com\/it\/athma-shanthi-puja\/\",\"name\":\"Athma Shanthi Puja | Rituale Spirituale di Pace con My Palm Leaf\",\"isPartOf\":{\"@id\":\"https:\/\/mypalmleaf.com\/#website\"},\"primaryImageOfPage\":{\"@id\":\"https:\/\/mypalmleaf.com\/it\/athma-shanthi-puja\/#primaryimage\"},\"image\":{\"@id\":\"https:\/\/mypalmleaf.com\/it\/athma-shanthi-puja\/#primaryimage\"},\"thumbnailUrl\":\"https:\/\/staging.mypalmleaf.com\/wp-content\/uploads\/2024\/11\/atma-shant-thumb1.jpg\",\"datePublished\":\"2024-11-10T07:16:42+00:00\",\"dateModified\":\"2025-02-18T07:07:25+00:00\",\"description\":\"Partecipa all'Athma Shanthi Puja con My Palm Leaf. Un rituale spirituale per portare pace interiore e armonia nel tuo cammino spirituale.\",\"breadcrumb\":{\"@id\":\"https:\/\/mypalmleaf.com\/it\/athma-shanthi-puja\/#breadcrumb\"},\"inLanguage\":\"it-IT\",\"potentialAction\":[{\"@type\":\"ReadAction\",\"target\":[\"https:\/\/mypalmleaf.com\/it\/athma-shanthi-puja\/\"]}]},{\"@type\":\"ImageObject\",\"inLanguage\":\"it-IT\",\"@id\":\"https:\/\/mypalmleaf.com\/it\/athma-shanthi-puja\/#primaryimage\",\"url\":\"https:\/\/staging.mypalmleaf.com\/wp-content\/uploads\/2024\/11\/atma-shant-thumb1.jpg\",\"contentUrl\":\"https:\/\/staging.mypalmleaf.com\/wp-content\/uploads\/2024\/11\/atma-shant-thumb1.jpg\"},{\"@type\":\"BreadcrumbList\",\"@id\":\"https:\/\/mypalmleaf.com\/it\/athma-shanthi-puja\/#breadcrumb\",\"itemListElement\":[{\"@type\":\"ListItem\",\"position\":1,\"name\":\"Home\",\"item\":\"https:\/\/mypalmleaf.com\/it\/\"},{\"@type\":\"ListItem\",\"position\":2,\"name\":\"Athma Shanthi Puja\"}]},{\"@type\":\"WebSite\",\"@id\":\"https:\/\/mypalmleaf.com\/#website\",\"url\":\"https:\/\/mypalmleaf.com\/\",\"name\":\"My Palm Leaf\",\"description\":\"\",\"potentialAction\":[{\"@type\":\"SearchAction\",\"target\":{\"@type\":\"EntryPoint\",\"urlTemplate\":\"https:\/\/mypalmleaf.com\/?s={search_term_string}\"},\"query-input\":{\"@type\":\"PropertyValueSpecification\",\"valueRequired\":true,\"valueName\":\"search_term_string\"}}],\"inLanguage\":\"it-IT\"}]}<\/script>\n<!-- \/ Yoast SEO plugin. -->","yoast_head_json":{"title":"Athma Shanthi Puja | Rituale Spirituale di Pace con My Palm Leaf","description":"Partecipa all'Athma Shanthi Puja con My Palm Leaf. Un rituale spirituale per portare pace interiore e armonia nel tuo cammino spirituale.","robots":{"index":"index","follow":"follow","max-snippet":"max-snippet:-1","max-image-preview":"max-image-preview:large","max-video-preview":"max-video-preview:-1"},"canonical":"https:\/\/mypalmleaf.com\/it\/athma-shanthi-puja\/","og_locale":"it_IT","og_type":"article","og_title":"Athma Shanthi Puja | Rituale Spirituale di Pace con My Palm Leaf","og_description":"Partecipa all'Athma Shanthi Puja con My Palm Leaf. Un rituale spirituale per portare pace interiore e armonia nel tuo cammino spirituale.","og_url":"https:\/\/mypalmleaf.com\/it\/athma-shanthi-puja\/","og_site_name":"My Palm Leaf","article_modified_time":"2025-02-18T07:07:25+00:00","og_image":[{"url":"https:\/\/staging.mypalmleaf.com\/wp-content\/uploads\/2024\/11\/atma-shant-thumb1.jpg","type":"","width":"","height":""}],"twitter_card":"summary_large_image","twitter_misc":{"Tempo di lettura stimato":"2 minuti"},"schema":{"@context":"https:\/\/schema.org","@graph":[{"@type":"WebPage","@id":"https:\/\/mypalmleaf.com\/it\/athma-shanthi-puja\/","url":"https:\/\/mypalmleaf.com\/it\/athma-shanthi-puja\/","name":"Athma Shanthi Puja | Rituale Spirituale di Pace con My Palm Leaf","isPartOf":{"@id":"https:\/\/mypalmleaf.com\/#website"},"primaryImageOfPage":{"@id":"https:\/\/mypalmleaf.com\/it\/athma-shanthi-puja\/#primaryimage"},"image":{"@id":"https:\/\/mypalmleaf.com\/it\/athma-shanthi-puja\/#primaryimage"},"thumbnailUrl":"https:\/\/staging.mypalmleaf.com\/wp-content\/uploads\/2024\/11\/atma-shant-thumb1.jpg","datePublished":"2024-11-10T07:16:42+00:00","dateModified":"2025-02-18T07:07:25+00:00","description":"Partecipa all'Athma Shanthi Puja con My Palm Leaf. Un rituale spirituale per portare pace interiore e armonia nel tuo cammino spirituale.","breadcrumb":{"@id":"https:\/\/mypalmleaf.com\/it\/athma-shanthi-puja\/#breadcrumb"},"inLanguage":"it-IT","potentialAction":[{"@type":"ReadAction","target":["https:\/\/mypalmleaf.com\/it\/athma-shanthi-puja\/"]}]},{"@type":"ImageObject","inLanguage":"it-IT","@id":"https:\/\/mypalmleaf.com\/it\/athma-shanthi-puja\/#primaryimage","url":"https:\/\/staging.mypalmleaf.com\/wp-content\/uploads\/2024\/11\/atma-shant-thumb1.jpg","contentUrl":"https:\/\/staging.mypalmleaf.com\/wp-content\/uploads\/2024\/11\/atma-shant-thumb1.jpg"},{"@type":"BreadcrumbList","@id":"https:\/\/mypalmleaf.com\/it\/athma-shanthi-puja\/#breadcrumb","itemListElement":[{"@type":"ListItem","position":1,"name":"Home","item":"https:\/\/mypalmleaf.com\/it\/"},{"@type":"ListItem","position":2,"name":"Athma Shanthi Puja"}]},{"@type":"WebSite","@id":"https:\/\/mypalmleaf.com\/#website","url":"https:\/\/mypalmleaf.com\/","name":"My Palm Leaf","description":"","potentialAction":[{"@type":"SearchAction","target":{"@type":"EntryPoint","urlTemplate":"https:\/\/mypalmleaf.com\/?s={search_term_string}"},"query-input":{"@type":"PropertyValueSpecification","valueRequired":true,"valueName":"search_term_string"}}],"inLanguage":"it-IT"}]}},"_links":{"self":[{"href":"https:\/\/mypalmleaf.com\/it\/wp-json\/wp\/v2\/pages\/45514","targetHints":{"allow":["GET"]}}],"collection":[{"href":"https:\/\/mypalmleaf.com\/it\/wp-json\/wp\/v2\/pages"}],"about":[{"href":"https:\/\/mypalmleaf.com\/it\/wp-json\/wp\/v2\/types\/page"}],"author":[{"embeddable":true,"href":"https:\/\/mypalmleaf.com\/it\/wp-json\/wp\/v2\/users\/1"}],"replies":[{"embeddable":true,"href":"https:\/\/mypalmleaf.com\/it\/wp-json\/wp\/v2\/comments?post=45514"}],"version-history":[{"count":0,"href":"https:\/\/mypalmleaf.com\/it\/wp-json\/wp\/v2\/pages\/45514\/revisions"}],"wp:attachment":[{"href":"https:\/\/mypalmleaf.com\/it\/wp-json\/wp\/v2\/media?parent=45514"}],"curies":[{"name":"wp","href":"https:\/\/api.w.org\/{rel}","templated":true}]}}