
{"id":22801,"date":"2024-09-04T10:45:22","date_gmt":"2024-09-04T10:45:22","guid":{"rendered":"https:\/\/mypalmleaf.com\/prices\/chiamata-di-consulenza-di-60-minuti-con-uno-dei-nostri-moderatori\/"},"modified":"2025-08-05T07:15:48","modified_gmt":"2025-08-05T07:15:48","slug":"chiamata-di-consulenza-di-60-minuti-con-uno-dei-nostri-moderatori","status":"publish","type":"product","link":"https:\/\/mypalmleaf.com\/it\/prezzo\/chiamata-di-consulenza-di-60-minuti-con-uno-dei-nostri-moderatori\/","title":{"rendered":"Chiamata di integrazione di 60 minuti per un&#8217;assistenza personalizzata"},"content":{"rendered":"<p>La lettura delle foglie di palma pu\u00f2 avviare processi di trasformazione profondi, che alla fine ti porteranno a una maggiore felicit\u00e0, ma pu\u00f2 anche essere impegnativa. Se desideri un supporto per integrare le informazioni e l&#8217;esperienza nella tua vita, offriamo chiamate di integrazione e coaching via Zoom.<\/p>\n<p><a href=\"https:\/\/mypalmleaf.com\/it\/chiamate-di-integrazione-e-orientamento\/\">Qui puoi vedere<\/a> chi delle nostre guide incentrate sul cuore \u00e8 disponibile per le chiamate di integrazione. Dopo aver prenotato la chiamata, riceverai i link a tutti i loro calendari e potrai scegliere tra le loro date disponibili quella in cui desideri avere l&#8217;appuntamento.<\/p>\n","protected":false},"excerpt":{"rendered":"<p>La lettura della foglia di palma pu\u00f2 avviare profondi processi di trasformazione, che alla fine ti porteranno a una maggiore felicit\u00e0, ma pu\u00f2 anche essere impegnativa&#8230;<\/p>\n","protected":false},"featured_media":44421,"comment_status":"open","ping_status":"closed","template":"","meta":{"_acf_changed":false},"product_brand":[],"product_cat":[211],"product_tag":[],"class_list":{"0":"post-22801","1":"product","2":"type-product","3":"status-publish","4":"has-post-thumbnail","6":"product_cat-uncategorized-it","8":"first","9":"instock","10":"taxable","11":"shipping-taxable","12":"purchasable","13":"product-type-variable"},"exclude_global_add_ons":[],"addons":[],"acf":[],"yoast_head":"<!-- This site is optimized with the Yoast SEO plugin v26.4 - https:\/\/yoast.com\/wordpress\/plugins\/seo\/ -->\n<title>Chiamata di integrazione e guida personalizzata<\/title>\n<meta name=\"description\" content=\"Prenota una consulenza di 60 minuti con uno dei nostri esperti per ricevere guida spirituale personalizzata e approfondimenti significativi.\" \/>\n<meta name=\"robots\" content=\"index, follow, max-snippet:-1, max-image-preview:large, max-video-preview:-1\" \/>\n<link rel=\"canonical\" href=\"https:\/\/mypalmleaf.com\/it\/prezzo\/chiamata-di-consulenza-di-60-minuti-con-uno-dei-nostri-moderatori\/\" \/>\n<meta property=\"og:locale\" content=\"it_IT\" \/>\n<meta property=\"og:type\" content=\"article\" \/>\n<meta property=\"og:title\" content=\"Chiamata di integrazione e guida personalizzata\" \/>\n<meta property=\"og:description\" content=\"Prenota una consulenza di 60 minuti con uno dei nostri esperti per ricevere guida spirituale personalizzata e approfondimenti significativi.\" \/>\n<meta property=\"og:url\" content=\"https:\/\/mypalmleaf.com\/it\/prezzo\/chiamata-di-consulenza-di-60-minuti-con-uno-dei-nostri-moderatori\/\" \/>\n<meta property=\"og:site_name\" content=\"My Palm Leaf\" \/>\n<meta property=\"article:modified_time\" content=\"2025-08-05T07:15:48+00:00\" \/>\n<meta property=\"og:image\" content=\"https:\/\/mypalmleaf.com\/wp-content\/uploads\/2024\/09\/integrationcall-prd-thumb2.jpg\" \/>\n\t<meta property=\"og:image:width\" content=\"819\" \/>\n\t<meta property=\"og:image:height\" content=\"464\" \/>\n\t<meta property=\"og:image:type\" content=\"image\/jpeg\" \/>\n<meta name=\"twitter:card\" content=\"summary_large_image\" \/>\n<meta name=\"twitter:label1\" content=\"Tempo di lettura stimato\" \/>\n\t<meta name=\"twitter:data1\" content=\"1 minuto\" \/>\n<script type=\"application\/ld+json\" class=\"yoast-schema-graph\">{\"@context\":\"https:\/\/schema.org\",\"@graph\":[{\"@type\":\"WebPage\",\"@id\":\"https:\/\/mypalmleaf.com\/it\/prezzo\/chiamata-di-consulenza-di-60-minuti-con-uno-dei-nostri-moderatori\/\",\"url\":\"https:\/\/mypalmleaf.com\/it\/prezzo\/chiamata-di-consulenza-di-60-minuti-con-uno-dei-nostri-moderatori\/\",\"name\":\"Chiamata di integrazione e guida personalizzata\",\"isPartOf\":{\"@id\":\"https:\/\/mypalmleaf.com\/#website\"},\"primaryImageOfPage\":{\"@id\":\"https:\/\/mypalmleaf.com\/it\/prezzo\/chiamata-di-consulenza-di-60-minuti-con-uno-dei-nostri-moderatori\/#primaryimage\"},\"image\":{\"@id\":\"https:\/\/mypalmleaf.com\/it\/prezzo\/chiamata-di-consulenza-di-60-minuti-con-uno-dei-nostri-moderatori\/#primaryimage\"},\"thumbnailUrl\":\"https:\/\/mypalmleaf.com\/wp-content\/uploads\/2024\/09\/integrationcall-prd-thumb2.jpg\",\"datePublished\":\"2024-09-04T10:45:22+00:00\",\"dateModified\":\"2025-08-05T07:15:48+00:00\",\"description\":\"Prenota una consulenza di 60 minuti con uno dei nostri esperti per ricevere guida spirituale personalizzata e approfondimenti significativi.\",\"breadcrumb\":{\"@id\":\"https:\/\/mypalmleaf.com\/it\/prezzo\/chiamata-di-consulenza-di-60-minuti-con-uno-dei-nostri-moderatori\/#breadcrumb\"},\"inLanguage\":\"it-IT\",\"potentialAction\":[{\"@type\":\"ReadAction\",\"target\":[\"https:\/\/mypalmleaf.com\/it\/prezzo\/chiamata-di-consulenza-di-60-minuti-con-uno-dei-nostri-moderatori\/\"]}]},{\"@type\":\"ImageObject\",\"inLanguage\":\"it-IT\",\"@id\":\"https:\/\/mypalmleaf.com\/it\/prezzo\/chiamata-di-consulenza-di-60-minuti-con-uno-dei-nostri-moderatori\/#primaryimage\",\"url\":\"https:\/\/mypalmleaf.com\/wp-content\/uploads\/2024\/09\/integrationcall-prd-thumb2.jpg\",\"contentUrl\":\"https:\/\/mypalmleaf.com\/wp-content\/uploads\/2024\/09\/integrationcall-prd-thumb2.jpg\",\"width\":819,\"height\":464,\"caption\":\"listening\"},{\"@type\":\"BreadcrumbList\",\"@id\":\"https:\/\/mypalmleaf.com\/it\/prezzo\/chiamata-di-consulenza-di-60-minuti-con-uno-dei-nostri-moderatori\/#breadcrumb\",\"itemListElement\":[{\"@type\":\"ListItem\",\"position\":1,\"name\":\"Home\",\"item\":\"https:\/\/mypalmleaf.com\/it\/\"},{\"@type\":\"ListItem\",\"position\":2,\"name\":\"Shop\",\"item\":\"https:\/\/mypalmleaf.com\/et\/shop\/\"},{\"@type\":\"ListItem\",\"position\":3,\"name\":\"Chiamata di integrazione di 60 minuti per un&#8217;assistenza personalizzata\"}]},{\"@type\":\"WebSite\",\"@id\":\"https:\/\/mypalmleaf.com\/#website\",\"url\":\"https:\/\/mypalmleaf.com\/\",\"name\":\"My Palm Leaf\",\"description\":\"\",\"potentialAction\":[{\"@type\":\"SearchAction\",\"target\":{\"@type\":\"EntryPoint\",\"urlTemplate\":\"https:\/\/mypalmleaf.com\/?s={search_term_string}\"},\"query-input\":{\"@type\":\"PropertyValueSpecification\",\"valueRequired\":true,\"valueName\":\"search_term_string\"}}],\"inLanguage\":\"it-IT\"}]}<\/script>\n<!-- \/ Yoast SEO plugin. -->","yoast_head_json":{"title":"Chiamata di integrazione e guida personalizzata","description":"Prenota una consulenza di 60 minuti con uno dei nostri esperti per ricevere guida spirituale personalizzata e approfondimenti significativi.","robots":{"index":"index","follow":"follow","max-snippet":"max-snippet:-1","max-image-preview":"max-image-preview:large","max-video-preview":"max-video-preview:-1"},"canonical":"https:\/\/mypalmleaf.com\/it\/prezzo\/chiamata-di-consulenza-di-60-minuti-con-uno-dei-nostri-moderatori\/","og_locale":"it_IT","og_type":"article","og_title":"Chiamata di integrazione e guida personalizzata","og_description":"Prenota una consulenza di 60 minuti con uno dei nostri esperti per ricevere guida spirituale personalizzata e approfondimenti significativi.","og_url":"https:\/\/mypalmleaf.com\/it\/prezzo\/chiamata-di-consulenza-di-60-minuti-con-uno-dei-nostri-moderatori\/","og_site_name":"My Palm Leaf","article_modified_time":"2025-08-05T07:15:48+00:00","og_image":[{"width":819,"height":464,"url":"https:\/\/mypalmleaf.com\/wp-content\/uploads\/2024\/09\/integrationcall-prd-thumb2.jpg","type":"image\/jpeg"}],"twitter_card":"summary_large_image","twitter_misc":{"Tempo di lettura stimato":"1 minuto"},"schema":{"@context":"https:\/\/schema.org","@graph":[{"@type":"WebPage","@id":"https:\/\/mypalmleaf.com\/it\/prezzo\/chiamata-di-consulenza-di-60-minuti-con-uno-dei-nostri-moderatori\/","url":"https:\/\/mypalmleaf.com\/it\/prezzo\/chiamata-di-consulenza-di-60-minuti-con-uno-dei-nostri-moderatori\/","name":"Chiamata di integrazione e guida personalizzata","isPartOf":{"@id":"https:\/\/mypalmleaf.com\/#website"},"primaryImageOfPage":{"@id":"https:\/\/mypalmleaf.com\/it\/prezzo\/chiamata-di-consulenza-di-60-minuti-con-uno-dei-nostri-moderatori\/#primaryimage"},"image":{"@id":"https:\/\/mypalmleaf.com\/it\/prezzo\/chiamata-di-consulenza-di-60-minuti-con-uno-dei-nostri-moderatori\/#primaryimage"},"thumbnailUrl":"https:\/\/mypalmleaf.com\/wp-content\/uploads\/2024\/09\/integrationcall-prd-thumb2.jpg","datePublished":"2024-09-04T10:45:22+00:00","dateModified":"2025-08-05T07:15:48+00:00","description":"Prenota una consulenza di 60 minuti con uno dei nostri esperti per ricevere guida spirituale personalizzata e approfondimenti significativi.","breadcrumb":{"@id":"https:\/\/mypalmleaf.com\/it\/prezzo\/chiamata-di-consulenza-di-60-minuti-con-uno-dei-nostri-moderatori\/#breadcrumb"},"inLanguage":"it-IT","potentialAction":[{"@type":"ReadAction","target":["https:\/\/mypalmleaf.com\/it\/prezzo\/chiamata-di-consulenza-di-60-minuti-con-uno-dei-nostri-moderatori\/"]}]},{"@type":"ImageObject","inLanguage":"it-IT","@id":"https:\/\/mypalmleaf.com\/it\/prezzo\/chiamata-di-consulenza-di-60-minuti-con-uno-dei-nostri-moderatori\/#primaryimage","url":"https:\/\/mypalmleaf.com\/wp-content\/uploads\/2024\/09\/integrationcall-prd-thumb2.jpg","contentUrl":"https:\/\/mypalmleaf.com\/wp-content\/uploads\/2024\/09\/integrationcall-prd-thumb2.jpg","width":819,"height":464,"caption":"listening"},{"@type":"BreadcrumbList","@id":"https:\/\/mypalmleaf.com\/it\/prezzo\/chiamata-di-consulenza-di-60-minuti-con-uno-dei-nostri-moderatori\/#breadcrumb","itemListElement":[{"@type":"ListItem","position":1,"name":"Home","item":"https:\/\/mypalmleaf.com\/it\/"},{"@type":"ListItem","position":2,"name":"Shop","item":"https:\/\/mypalmleaf.com\/et\/shop\/"},{"@type":"ListItem","position":3,"name":"Chiamata di integrazione di 60 minuti per un&#8217;assistenza personalizzata"}]},{"@type":"WebSite","@id":"https:\/\/mypalmleaf.com\/#website","url":"https:\/\/mypalmleaf.com\/","name":"My Palm Leaf","description":"","potentialAction":[{"@type":"SearchAction","target":{"@type":"EntryPoint","urlTemplate":"https:\/\/mypalmleaf.com\/?s={search_term_string}"},"query-input":{"@type":"PropertyValueSpecification","valueRequired":true,"valueName":"search_term_string"}}],"inLanguage":"it-IT"}]}},"_links":{"self":[{"href":"https:\/\/mypalmleaf.com\/it\/wp-json\/wp\/v2\/product\/22801","targetHints":{"allow":["GET"]}}],"collection":[{"href":"https:\/\/mypalmleaf.com\/it\/wp-json\/wp\/v2\/product"}],"about":[{"href":"https:\/\/mypalmleaf.com\/it\/wp-json\/wp\/v2\/types\/product"}],"replies":[{"embeddable":true,"href":"https:\/\/mypalmleaf.com\/it\/wp-json\/wp\/v2\/comments?post=22801"}],"wp:featuredmedia":[{"embeddable":true,"href":"https:\/\/mypalmleaf.com\/it\/wp-json\/wp\/v2\/media\/44421"}],"wp:attachment":[{"href":"https:\/\/mypalmleaf.com\/it\/wp-json\/wp\/v2\/media?parent=22801"}],"wp:term":[{"taxonomy":"product_brand","embeddable":true,"href":"https:\/\/mypalmleaf.com\/it\/wp-json\/wp\/v2\/product_brand?post=22801"},{"taxonomy":"product_cat","embeddable":true,"href":"https:\/\/mypalmleaf.com\/it\/wp-json\/wp\/v2\/product_cat?post=22801"},{"taxonomy":"product_tag","embeddable":true,"href":"https:\/\/mypalmleaf.com\/it\/wp-json\/wp\/v2\/product_tag?post=22801"}],"curies":[{"name":"wp","href":"https:\/\/api.w.org\/{rel}","templated":true}]}}