
{"id":22805,"date":"2024-09-04T10:44:34","date_gmt":"2024-09-04T10:44:34","guid":{"rendered":"https:\/\/mypalmleaf.com\/prices\/malas-perline-di-preghiera-fatte-a-mano\/"},"modified":"2025-04-30T07:58:31","modified_gmt":"2025-04-30T07:58:31","slug":"malas-perline-di-preghiera-fatte-a-mano","status":"publish","type":"product","link":"https:\/\/mypalmleaf.com\/it\/prezzo\/malas-perline-di-preghiera-fatte-a-mano\/","title":{"rendered":"Malas \u2013 perline di preghiera fatte a mano"},"content":{"rendered":"<p>Un Mala, o perlina di preghiera, \u00e8 uno strumento potente nella pratica del Mantra, progettato per aiutarti a mantenere la concentrazione e ad approfondire la meditazione. Ogni Mala \u00e8 infuso con l&#8217;energia della tua pratica e serve come compagno spirituale nel tuo viaggio. Offriamo due varianti uniche, ognuna realizzata con cura e scopo:<\/p>\n<ul>\n<li><strong>Rudraksha Mala dell&#8217;Himalaya<\/strong><br \/>\nQuesto tradizionale Mala \u00e8 realizzato con i sacri semi di Rudraksha, venerati per il loro significato spirituale e per la loro associazione con Shiva. Conosciuti per la loro capacit\u00e0 di favorire la meditazione profonda, questi grani provengono dalla regione dell&#8217;Himalaya e si ritiene che favoriscano la crescita spirituale e la protezione. Il tuo Rudraksha Mala verr\u00e0 spedito a casa tua, portando con s\u00e9 l&#8217;energia sacra della sua origine.<\/li>\n<li><strong>Mala fatti a mano dal nostro artigiano, Spanda<\/strong><br \/>\nPer un&#8217;esperienza pi\u00f9 personalizzata, scegli un Mala di qualit\u00e0 superiore fatto a mano dal nostro artista di Mala, Spanda. Prima di iniziare a creare il tuo Mala, Spanda terr\u00e0 una videochiamata con te per discutere delle tue intenzioni, delle energie che desideri invitare nella tua vita e delle tue preferenze in fatto di pietre semipreziose. Poi realizzer\u00e0 a mano il Mala su misura per te, infondendolo di benedizioni ed energia spirituale prima di spedirtelo. Questo Mala personalizzato \u00e8 pi\u00f9 di uno strumento di meditazione: \u00e8 un riflesso del tuo viaggio spirituale personale.<\/li>\n<\/ul>\n","protected":false},"excerpt":{"rendered":"<p>Il Mala, o perlina di preghiera, \u00e8 uno strumento potente nella pratica del Mantra, progettato per aiutarti a mantenere la concentrazione e ad approfondire la meditazione.<\/p>\n","protected":false},"featured_media":4185,"comment_status":"open","ping_status":"closed","template":"","meta":{"_acf_changed":false},"product_brand":[],"product_cat":[211],"product_tag":[],"class_list":{"0":"post-22805","1":"product","2":"type-product","3":"status-publish","4":"has-post-thumbnail","6":"product_cat-uncategorized-it","7":"product_shipping_class-physical-product-it","9":"first","10":"instock","11":"taxable","12":"shipping-taxable","13":"purchasable","14":"product-type-variable"},"exclude_global_add_ons":[],"addons":[],"acf":[],"yoast_head":"<!-- This site is optimized with the Yoast SEO plugin v26.4 - https:\/\/yoast.com\/wordpress\/plugins\/seo\/ -->\n<title>Malas \u2013 perline di preghiera fatte a mano - My Palm Leaf<\/title>\n<meta name=\"description\" content=\"Scopri le nostre japamala fatte a mano: scegli un Rudraksha himalayano o un Mala personalizzato creato con cura e devozione dall\u2019artigiano Spanda.\" \/>\n<meta name=\"robots\" content=\"index, follow, max-snippet:-1, max-image-preview:large, max-video-preview:-1\" \/>\n<link rel=\"canonical\" href=\"https:\/\/mypalmleaf.com\/it\/prezzo\/malas-perline-di-preghiera-fatte-a-mano\/\" \/>\n<meta property=\"og:locale\" content=\"it_IT\" \/>\n<meta property=\"og:type\" content=\"article\" \/>\n<meta property=\"og:title\" content=\"Malas \u2013 perline di preghiera fatte a mano - My Palm Leaf\" \/>\n<meta property=\"og:description\" content=\"Scopri le nostre japamala fatte a mano: scegli un Rudraksha himalayano o un Mala personalizzato creato con cura e devozione dall\u2019artigiano Spanda.\" \/>\n<meta property=\"og:url\" content=\"https:\/\/mypalmleaf.com\/it\/prezzo\/malas-perline-di-preghiera-fatte-a-mano\/\" \/>\n<meta property=\"og:site_name\" content=\"My Palm Leaf\" \/>\n<meta property=\"article:modified_time\" content=\"2025-04-30T07:58:31+00:00\" \/>\n<meta property=\"og:image\" content=\"https:\/\/mypalmleaf.com\/wp-content\/uploads\/2024\/09\/mala.jpg\" \/>\n\t<meta property=\"og:image:width\" content=\"1280\" \/>\n\t<meta property=\"og:image:height\" content=\"720\" \/>\n\t<meta property=\"og:image:type\" content=\"image\/jpeg\" \/>\n<meta name=\"twitter:card\" content=\"summary_large_image\" \/>\n<meta name=\"twitter:label1\" content=\"Tempo di lettura stimato\" \/>\n\t<meta name=\"twitter:data1\" content=\"2 minuti\" \/>\n<script type=\"application\/ld+json\" class=\"yoast-schema-graph\">{\"@context\":\"https:\/\/schema.org\",\"@graph\":[{\"@type\":\"WebPage\",\"@id\":\"https:\/\/mypalmleaf.com\/it\/prezzo\/malas-perline-di-preghiera-fatte-a-mano\/\",\"url\":\"https:\/\/mypalmleaf.com\/it\/prezzo\/malas-perline-di-preghiera-fatte-a-mano\/\",\"name\":\"Malas \u2013 perline di preghiera fatte a mano - My Palm Leaf\",\"isPartOf\":{\"@id\":\"https:\/\/mypalmleaf.com\/#website\"},\"primaryImageOfPage\":{\"@id\":\"https:\/\/mypalmleaf.com\/it\/prezzo\/malas-perline-di-preghiera-fatte-a-mano\/#primaryimage\"},\"image\":{\"@id\":\"https:\/\/mypalmleaf.com\/it\/prezzo\/malas-perline-di-preghiera-fatte-a-mano\/#primaryimage\"},\"thumbnailUrl\":\"https:\/\/mypalmleaf.com\/wp-content\/uploads\/2024\/09\/mala.jpg\",\"datePublished\":\"2024-09-04T10:44:34+00:00\",\"dateModified\":\"2025-04-30T07:58:31+00:00\",\"description\":\"Scopri le nostre japamala fatte a mano: scegli un Rudraksha himalayano o un Mala personalizzato creato con cura e devozione dall\u2019artigiano Spanda.\",\"breadcrumb\":{\"@id\":\"https:\/\/mypalmleaf.com\/it\/prezzo\/malas-perline-di-preghiera-fatte-a-mano\/#breadcrumb\"},\"inLanguage\":\"it-IT\",\"potentialAction\":[{\"@type\":\"ReadAction\",\"target\":[\"https:\/\/mypalmleaf.com\/it\/prezzo\/malas-perline-di-preghiera-fatte-a-mano\/\"]}]},{\"@type\":\"ImageObject\",\"inLanguage\":\"it-IT\",\"@id\":\"https:\/\/mypalmleaf.com\/it\/prezzo\/malas-perline-di-preghiera-fatte-a-mano\/#primaryimage\",\"url\":\"https:\/\/mypalmleaf.com\/wp-content\/uploads\/2024\/09\/mala.jpg\",\"contentUrl\":\"https:\/\/mypalmleaf.com\/wp-content\/uploads\/2024\/09\/mala.jpg\",\"width\":1280,\"height\":720,\"caption\":\"mala\"},{\"@type\":\"BreadcrumbList\",\"@id\":\"https:\/\/mypalmleaf.com\/it\/prezzo\/malas-perline-di-preghiera-fatte-a-mano\/#breadcrumb\",\"itemListElement\":[{\"@type\":\"ListItem\",\"position\":1,\"name\":\"Home\",\"item\":\"https:\/\/mypalmleaf.com\/it\/\"},{\"@type\":\"ListItem\",\"position\":2,\"name\":\"Shop\",\"item\":\"https:\/\/mypalmleaf.com\/et\/shop\/\"},{\"@type\":\"ListItem\",\"position\":3,\"name\":\"Malas \u2013 perline di preghiera fatte a mano\"}]},{\"@type\":\"WebSite\",\"@id\":\"https:\/\/mypalmleaf.com\/#website\",\"url\":\"https:\/\/mypalmleaf.com\/\",\"name\":\"My Palm Leaf\",\"description\":\"\",\"potentialAction\":[{\"@type\":\"SearchAction\",\"target\":{\"@type\":\"EntryPoint\",\"urlTemplate\":\"https:\/\/mypalmleaf.com\/?s={search_term_string}\"},\"query-input\":{\"@type\":\"PropertyValueSpecification\",\"valueRequired\":true,\"valueName\":\"search_term_string\"}}],\"inLanguage\":\"it-IT\"}]}<\/script>\n<!-- \/ Yoast SEO plugin. -->","yoast_head_json":{"title":"Malas \u2013 perline di preghiera fatte a mano - My Palm Leaf","description":"Scopri le nostre japamala fatte a mano: scegli un Rudraksha himalayano o un Mala personalizzato creato con cura e devozione dall\u2019artigiano Spanda.","robots":{"index":"index","follow":"follow","max-snippet":"max-snippet:-1","max-image-preview":"max-image-preview:large","max-video-preview":"max-video-preview:-1"},"canonical":"https:\/\/mypalmleaf.com\/it\/prezzo\/malas-perline-di-preghiera-fatte-a-mano\/","og_locale":"it_IT","og_type":"article","og_title":"Malas \u2013 perline di preghiera fatte a mano - My Palm Leaf","og_description":"Scopri le nostre japamala fatte a mano: scegli un Rudraksha himalayano o un Mala personalizzato creato con cura e devozione dall\u2019artigiano Spanda.","og_url":"https:\/\/mypalmleaf.com\/it\/prezzo\/malas-perline-di-preghiera-fatte-a-mano\/","og_site_name":"My Palm Leaf","article_modified_time":"2025-04-30T07:58:31+00:00","og_image":[{"width":1280,"height":720,"url":"https:\/\/mypalmleaf.com\/wp-content\/uploads\/2024\/09\/mala.jpg","type":"image\/jpeg"}],"twitter_card":"summary_large_image","twitter_misc":{"Tempo di lettura stimato":"2 minuti"},"schema":{"@context":"https:\/\/schema.org","@graph":[{"@type":"WebPage","@id":"https:\/\/mypalmleaf.com\/it\/prezzo\/malas-perline-di-preghiera-fatte-a-mano\/","url":"https:\/\/mypalmleaf.com\/it\/prezzo\/malas-perline-di-preghiera-fatte-a-mano\/","name":"Malas \u2013 perline di preghiera fatte a mano - My Palm Leaf","isPartOf":{"@id":"https:\/\/mypalmleaf.com\/#website"},"primaryImageOfPage":{"@id":"https:\/\/mypalmleaf.com\/it\/prezzo\/malas-perline-di-preghiera-fatte-a-mano\/#primaryimage"},"image":{"@id":"https:\/\/mypalmleaf.com\/it\/prezzo\/malas-perline-di-preghiera-fatte-a-mano\/#primaryimage"},"thumbnailUrl":"https:\/\/mypalmleaf.com\/wp-content\/uploads\/2024\/09\/mala.jpg","datePublished":"2024-09-04T10:44:34+00:00","dateModified":"2025-04-30T07:58:31+00:00","description":"Scopri le nostre japamala fatte a mano: scegli un Rudraksha himalayano o un Mala personalizzato creato con cura e devozione dall\u2019artigiano Spanda.","breadcrumb":{"@id":"https:\/\/mypalmleaf.com\/it\/prezzo\/malas-perline-di-preghiera-fatte-a-mano\/#breadcrumb"},"inLanguage":"it-IT","potentialAction":[{"@type":"ReadAction","target":["https:\/\/mypalmleaf.com\/it\/prezzo\/malas-perline-di-preghiera-fatte-a-mano\/"]}]},{"@type":"ImageObject","inLanguage":"it-IT","@id":"https:\/\/mypalmleaf.com\/it\/prezzo\/malas-perline-di-preghiera-fatte-a-mano\/#primaryimage","url":"https:\/\/mypalmleaf.com\/wp-content\/uploads\/2024\/09\/mala.jpg","contentUrl":"https:\/\/mypalmleaf.com\/wp-content\/uploads\/2024\/09\/mala.jpg","width":1280,"height":720,"caption":"mala"},{"@type":"BreadcrumbList","@id":"https:\/\/mypalmleaf.com\/it\/prezzo\/malas-perline-di-preghiera-fatte-a-mano\/#breadcrumb","itemListElement":[{"@type":"ListItem","position":1,"name":"Home","item":"https:\/\/mypalmleaf.com\/it\/"},{"@type":"ListItem","position":2,"name":"Shop","item":"https:\/\/mypalmleaf.com\/et\/shop\/"},{"@type":"ListItem","position":3,"name":"Malas \u2013 perline di preghiera fatte a mano"}]},{"@type":"WebSite","@id":"https:\/\/mypalmleaf.com\/#website","url":"https:\/\/mypalmleaf.com\/","name":"My Palm Leaf","description":"","potentialAction":[{"@type":"SearchAction","target":{"@type":"EntryPoint","urlTemplate":"https:\/\/mypalmleaf.com\/?s={search_term_string}"},"query-input":{"@type":"PropertyValueSpecification","valueRequired":true,"valueName":"search_term_string"}}],"inLanguage":"it-IT"}]}},"_links":{"self":[{"href":"https:\/\/mypalmleaf.com\/it\/wp-json\/wp\/v2\/product\/22805","targetHints":{"allow":["GET"]}}],"collection":[{"href":"https:\/\/mypalmleaf.com\/it\/wp-json\/wp\/v2\/product"}],"about":[{"href":"https:\/\/mypalmleaf.com\/it\/wp-json\/wp\/v2\/types\/product"}],"replies":[{"embeddable":true,"href":"https:\/\/mypalmleaf.com\/it\/wp-json\/wp\/v2\/comments?post=22805"}],"wp:featuredmedia":[{"embeddable":true,"href":"https:\/\/mypalmleaf.com\/it\/wp-json\/wp\/v2\/media\/4185"}],"wp:attachment":[{"href":"https:\/\/mypalmleaf.com\/it\/wp-json\/wp\/v2\/media?parent=22805"}],"wp:term":[{"taxonomy":"product_brand","embeddable":true,"href":"https:\/\/mypalmleaf.com\/it\/wp-json\/wp\/v2\/product_brand?post=22805"},{"taxonomy":"product_cat","embeddable":true,"href":"https:\/\/mypalmleaf.com\/it\/wp-json\/wp\/v2\/product_cat?post=22805"},{"taxonomy":"product_tag","embeddable":true,"href":"https:\/\/mypalmleaf.com\/it\/wp-json\/wp\/v2\/product_tag?post=22805"}],"curies":[{"name":"wp","href":"https:\/\/api.w.org\/{rel}","templated":true}]}}