
{"id":22806,"date":"2024-09-04T10:43:37","date_gmt":"2024-09-04T10:43:37","guid":{"rendered":"https:\/\/mypalmleaf.com\/prices\/riprogramma-il-tuo-appuntamento\/"},"modified":"2025-09-26T18:09:47","modified_gmt":"2025-09-26T18:09:47","slug":"riprogramma-il-tuo-appuntamento","status":"publish","type":"product","link":"https:\/\/mypalmleaf.com\/it\/prezzo\/riprogramma-il-tuo-appuntamento\/","title":{"rendered":"Riprogramma il tuo appuntamento"},"content":{"rendered":"<p>Puoi riprogrammare il tuo appuntamento senza alcun costo fino a 48 ore prima dell\u2019orario previsto.<\/p>\n<p>Se riprogrammi con meno di 48 ore di anticipo, non ti presenti o arrivi con oltre 20 minuti di ritardo, ti verr\u00e0 addebitata una tariffa di riprogrammazione, poich\u00e9 la fascia oraria \u00e8 stata riservata per te.<\/p>\n","protected":false},"excerpt":{"rendered":"<p>\u00c8 possibile riprogrammare l\u2019appuntamento senza alcun costo fino a 48 ore prima dell\u2019appuntamento previsto.<\/p>\n<p>\u00c8 possibile riprogrammare l\u2019appuntamento senza alcun costo fino a 48&#8230;<\/p>\n","protected":false},"featured_media":10093,"comment_status":"open","ping_status":"closed","template":"","meta":{"_acf_changed":false},"product_brand":[],"product_cat":[211],"product_tag":[],"class_list":{"0":"post-22806","1":"product","2":"type-product","3":"status-publish","4":"has-post-thumbnail","6":"product_cat-uncategorized-it","8":"first","9":"instock","10":"virtual","11":"taxable","12":"purchasable","13":"product-type-simple"},"exclude_global_add_ons":[],"addons":[],"acf":[],"yoast_head":"<!-- This site is optimized with the Yoast SEO plugin v26.4 - https:\/\/yoast.com\/wordpress\/plugins\/seo\/ -->\n<title>Riprenota il Tuo Appuntamento | Riprogramma facilmente<\/title>\n<meta name=\"description\" content=\"Hai bisogno di riprogrammare? Prenota facilmente il tuo appuntamento e approfitta della possibilit\u00e0 di modificarlo gratuitamente fino a 48 ore prima.\" \/>\n<meta name=\"robots\" content=\"index, follow, max-snippet:-1, max-image-preview:large, max-video-preview:-1\" \/>\n<link rel=\"canonical\" href=\"https:\/\/mypalmleaf.com\/it\/prezzo\/riprogramma-il-tuo-appuntamento\/\" \/>\n<meta property=\"og:locale\" content=\"it_IT\" \/>\n<meta property=\"og:type\" content=\"article\" \/>\n<meta property=\"og:title\" content=\"Riprenota il Tuo Appuntamento | Riprogramma facilmente\" \/>\n<meta property=\"og:description\" content=\"Hai bisogno di riprogrammare? Prenota facilmente il tuo appuntamento e approfitta della possibilit\u00e0 di modificarlo gratuitamente fino a 48 ore prima.\" \/>\n<meta property=\"og:url\" content=\"https:\/\/mypalmleaf.com\/it\/prezzo\/riprogramma-il-tuo-appuntamento\/\" \/>\n<meta property=\"og:site_name\" content=\"My Palm Leaf\" \/>\n<meta property=\"article:modified_time\" content=\"2025-09-26T18:09:47+00:00\" \/>\n<meta property=\"og:image\" content=\"https:\/\/mypalmleaf.com\/wp-content\/uploads\/2024\/09\/services-thumb-1-1-1.jpg\" \/>\n\t<meta property=\"og:image:width\" content=\"800\" \/>\n\t<meta property=\"og:image:height\" content=\"444\" \/>\n\t<meta property=\"og:image:type\" content=\"image\/jpeg\" \/>\n<meta name=\"twitter:card\" content=\"summary_large_image\" \/>\n<meta name=\"twitter:label1\" content=\"Tempo di lettura stimato\" \/>\n\t<meta name=\"twitter:data1\" content=\"1 minuto\" \/>\n<script type=\"application\/ld+json\" class=\"yoast-schema-graph\">{\"@context\":\"https:\/\/schema.org\",\"@graph\":[{\"@type\":\"WebPage\",\"@id\":\"https:\/\/mypalmleaf.com\/it\/prezzo\/riprogramma-il-tuo-appuntamento\/\",\"url\":\"https:\/\/mypalmleaf.com\/it\/prezzo\/riprogramma-il-tuo-appuntamento\/\",\"name\":\"Riprenota il Tuo Appuntamento | Riprogramma facilmente\",\"isPartOf\":{\"@id\":\"https:\/\/mypalmleaf.com\/#website\"},\"primaryImageOfPage\":{\"@id\":\"https:\/\/mypalmleaf.com\/it\/prezzo\/riprogramma-il-tuo-appuntamento\/#primaryimage\"},\"image\":{\"@id\":\"https:\/\/mypalmleaf.com\/it\/prezzo\/riprogramma-il-tuo-appuntamento\/#primaryimage\"},\"thumbnailUrl\":\"https:\/\/mypalmleaf.com\/wp-content\/uploads\/2024\/09\/services-thumb-1-1-1.jpg\",\"datePublished\":\"2024-09-04T10:43:37+00:00\",\"dateModified\":\"2025-09-26T18:09:47+00:00\",\"description\":\"Hai bisogno di riprogrammare? Prenota facilmente il tuo appuntamento e approfitta della possibilit\u00e0 di modificarlo gratuitamente fino a 48 ore prima.\",\"breadcrumb\":{\"@id\":\"https:\/\/mypalmleaf.com\/it\/prezzo\/riprogramma-il-tuo-appuntamento\/#breadcrumb\"},\"inLanguage\":\"it-IT\",\"potentialAction\":[{\"@type\":\"ReadAction\",\"target\":[\"https:\/\/mypalmleaf.com\/it\/prezzo\/riprogramma-il-tuo-appuntamento\/\"]}]},{\"@type\":\"ImageObject\",\"inLanguage\":\"it-IT\",\"@id\":\"https:\/\/mypalmleaf.com\/it\/prezzo\/riprogramma-il-tuo-appuntamento\/#primaryimage\",\"url\":\"https:\/\/mypalmleaf.com\/wp-content\/uploads\/2024\/09\/services-thumb-1-1-1.jpg\",\"contentUrl\":\"https:\/\/mypalmleaf.com\/wp-content\/uploads\/2024\/09\/services-thumb-1-1-1.jpg\",\"width\":800,\"height\":444,\"caption\":\"Nadi astrology-01\"},{\"@type\":\"BreadcrumbList\",\"@id\":\"https:\/\/mypalmleaf.com\/it\/prezzo\/riprogramma-il-tuo-appuntamento\/#breadcrumb\",\"itemListElement\":[{\"@type\":\"ListItem\",\"position\":1,\"name\":\"Home\",\"item\":\"https:\/\/mypalmleaf.com\/it\/\"},{\"@type\":\"ListItem\",\"position\":2,\"name\":\"Shop\",\"item\":\"https:\/\/mypalmleaf.com\/et\/shop\/\"},{\"@type\":\"ListItem\",\"position\":3,\"name\":\"Riprogramma il tuo appuntamento\"}]},{\"@type\":\"WebSite\",\"@id\":\"https:\/\/mypalmleaf.com\/#website\",\"url\":\"https:\/\/mypalmleaf.com\/\",\"name\":\"My Palm Leaf\",\"description\":\"\",\"potentialAction\":[{\"@type\":\"SearchAction\",\"target\":{\"@type\":\"EntryPoint\",\"urlTemplate\":\"https:\/\/mypalmleaf.com\/?s={search_term_string}\"},\"query-input\":{\"@type\":\"PropertyValueSpecification\",\"valueRequired\":true,\"valueName\":\"search_term_string\"}}],\"inLanguage\":\"it-IT\"}]}<\/script>\n<!-- \/ Yoast SEO plugin. -->","yoast_head_json":{"title":"Riprenota il Tuo Appuntamento | Riprogramma facilmente","description":"Hai bisogno di riprogrammare? Prenota facilmente il tuo appuntamento e approfitta della possibilit\u00e0 di modificarlo gratuitamente fino a 48 ore prima.","robots":{"index":"index","follow":"follow","max-snippet":"max-snippet:-1","max-image-preview":"max-image-preview:large","max-video-preview":"max-video-preview:-1"},"canonical":"https:\/\/mypalmleaf.com\/it\/prezzo\/riprogramma-il-tuo-appuntamento\/","og_locale":"it_IT","og_type":"article","og_title":"Riprenota il Tuo Appuntamento | Riprogramma facilmente","og_description":"Hai bisogno di riprogrammare? Prenota facilmente il tuo appuntamento e approfitta della possibilit\u00e0 di modificarlo gratuitamente fino a 48 ore prima.","og_url":"https:\/\/mypalmleaf.com\/it\/prezzo\/riprogramma-il-tuo-appuntamento\/","og_site_name":"My Palm Leaf","article_modified_time":"2025-09-26T18:09:47+00:00","og_image":[{"width":800,"height":444,"url":"https:\/\/mypalmleaf.com\/wp-content\/uploads\/2024\/09\/services-thumb-1-1-1.jpg","type":"image\/jpeg"}],"twitter_card":"summary_large_image","twitter_misc":{"Tempo di lettura stimato":"1 minuto"},"schema":{"@context":"https:\/\/schema.org","@graph":[{"@type":"WebPage","@id":"https:\/\/mypalmleaf.com\/it\/prezzo\/riprogramma-il-tuo-appuntamento\/","url":"https:\/\/mypalmleaf.com\/it\/prezzo\/riprogramma-il-tuo-appuntamento\/","name":"Riprenota il Tuo Appuntamento | Riprogramma facilmente","isPartOf":{"@id":"https:\/\/mypalmleaf.com\/#website"},"primaryImageOfPage":{"@id":"https:\/\/mypalmleaf.com\/it\/prezzo\/riprogramma-il-tuo-appuntamento\/#primaryimage"},"image":{"@id":"https:\/\/mypalmleaf.com\/it\/prezzo\/riprogramma-il-tuo-appuntamento\/#primaryimage"},"thumbnailUrl":"https:\/\/mypalmleaf.com\/wp-content\/uploads\/2024\/09\/services-thumb-1-1-1.jpg","datePublished":"2024-09-04T10:43:37+00:00","dateModified":"2025-09-26T18:09:47+00:00","description":"Hai bisogno di riprogrammare? Prenota facilmente il tuo appuntamento e approfitta della possibilit\u00e0 di modificarlo gratuitamente fino a 48 ore prima.","breadcrumb":{"@id":"https:\/\/mypalmleaf.com\/it\/prezzo\/riprogramma-il-tuo-appuntamento\/#breadcrumb"},"inLanguage":"it-IT","potentialAction":[{"@type":"ReadAction","target":["https:\/\/mypalmleaf.com\/it\/prezzo\/riprogramma-il-tuo-appuntamento\/"]}]},{"@type":"ImageObject","inLanguage":"it-IT","@id":"https:\/\/mypalmleaf.com\/it\/prezzo\/riprogramma-il-tuo-appuntamento\/#primaryimage","url":"https:\/\/mypalmleaf.com\/wp-content\/uploads\/2024\/09\/services-thumb-1-1-1.jpg","contentUrl":"https:\/\/mypalmleaf.com\/wp-content\/uploads\/2024\/09\/services-thumb-1-1-1.jpg","width":800,"height":444,"caption":"Nadi astrology-01"},{"@type":"BreadcrumbList","@id":"https:\/\/mypalmleaf.com\/it\/prezzo\/riprogramma-il-tuo-appuntamento\/#breadcrumb","itemListElement":[{"@type":"ListItem","position":1,"name":"Home","item":"https:\/\/mypalmleaf.com\/it\/"},{"@type":"ListItem","position":2,"name":"Shop","item":"https:\/\/mypalmleaf.com\/et\/shop\/"},{"@type":"ListItem","position":3,"name":"Riprogramma il tuo appuntamento"}]},{"@type":"WebSite","@id":"https:\/\/mypalmleaf.com\/#website","url":"https:\/\/mypalmleaf.com\/","name":"My Palm Leaf","description":"","potentialAction":[{"@type":"SearchAction","target":{"@type":"EntryPoint","urlTemplate":"https:\/\/mypalmleaf.com\/?s={search_term_string}"},"query-input":{"@type":"PropertyValueSpecification","valueRequired":true,"valueName":"search_term_string"}}],"inLanguage":"it-IT"}]}},"_links":{"self":[{"href":"https:\/\/mypalmleaf.com\/it\/wp-json\/wp\/v2\/product\/22806","targetHints":{"allow":["GET"]}}],"collection":[{"href":"https:\/\/mypalmleaf.com\/it\/wp-json\/wp\/v2\/product"}],"about":[{"href":"https:\/\/mypalmleaf.com\/it\/wp-json\/wp\/v2\/types\/product"}],"replies":[{"embeddable":true,"href":"https:\/\/mypalmleaf.com\/it\/wp-json\/wp\/v2\/comments?post=22806"}],"wp:featuredmedia":[{"embeddable":true,"href":"https:\/\/mypalmleaf.com\/it\/wp-json\/wp\/v2\/media\/10093"}],"wp:attachment":[{"href":"https:\/\/mypalmleaf.com\/it\/wp-json\/wp\/v2\/media?parent=22806"}],"wp:term":[{"taxonomy":"product_brand","embeddable":true,"href":"https:\/\/mypalmleaf.com\/it\/wp-json\/wp\/v2\/product_brand?post=22806"},{"taxonomy":"product_cat","embeddable":true,"href":"https:\/\/mypalmleaf.com\/it\/wp-json\/wp\/v2\/product_cat?post=22806"},{"taxonomy":"product_tag","embeddable":true,"href":"https:\/\/mypalmleaf.com\/it\/wp-json\/wp\/v2\/product_tag?post=22806"}],"curies":[{"name":"wp","href":"https:\/\/api.w.org\/{rel}","templated":true}]}}