
{"id":33302,"date":"2024-08-14T07:24:30","date_gmt":"2024-08-14T07:24:30","guid":{"rendered":"https:\/\/mypalmleaf.com\/faqs\/"},"modified":"2025-04-24T09:47:25","modified_gmt":"2025-04-24T09:47:25","slug":"faqs","status":"publish","type":"page","link":"https:\/\/mypalmleaf.com\/nl\/faqs\/","title":{"rendered":"FAQS"},"content":{"rendered":"<section class=\"faq-top-section my-6 mb-4 mt-xs-4\">\n  <div class=\"container\">\n    <div class=\"row mb-4 justify-content-center\">\n      <div class=\"col-lg-10 text-center\" data-aos=\"fade-up\" data-aos-duration=\"1000\">\n        <h1 class=\"py-4\">Veelgestelde vragen<\/h1>\n      <\/div>\n    <\/div>\n    <div class=\"row\">\n      <div class=\"col-lg-10 mx-auto\">\n        <div class=\"row justify-content-between align-items-center\">\n          <div class=\"col-lg-7\" data-aos=\"fade-up\" data-aos-duration=\"1000\">\n            <div class=\"rounded-asset\">\n              <img decoding=\"async\" src=\"https:\/\/mypalmleaf.com\/wp-content\/uploads\/2024\/08\/stefan.jpg\" class=\"img-fluid\" alt=\"\">\n              <div class=\"play-icon\"><\/div>\n              <a href=\"https:\/\/www.youtube.com\/watch?v=IPzOvDRb6pU\" class=\"stretched-link\" data-lity><\/a>\n            <\/div>\n          <\/div>\n          <div class=\"col-lg-5\" data-aos=\"fade-up\" data-aos-duration=\"1000\">\n            <h3>Antwoorden op de 10 meest gestelde vragen over de Indiase Palmblad Voorspellingen<\/h3>\n          <\/div>\n        <\/div>\n      <\/div>\n\n    <\/div>\n  <\/div>\n<\/section>\n\n<div class=\"acc-wrap-bind\">\n  <section class=\"acc-nav-block my-5 py-3\" data-aos=\"fade-up\" data-aos-duration=\"1000\">\n    <div class=\"container\">\n      <div class=\"row justify-content-center\">\n        <div class=\"col-lg-8 faqs-heading\">\n          <ul>\n                                      <li>\n                <a href=\"#algemene vragen\" class=\"active\">\n                  Algemene vragen<\/a>\n              <\/li>\n                                        <li>\n                <a href=\"#over-de-lezer\" class=\"\">\n                  Over de lezingen<\/a>\n              <\/li>\n                                        <li>\n                <a href=\"#over-de-remedies\" class=\"\">\n                  Over de remedies<\/a>\n              <\/li>\n                                    <\/ul>\n        <\/div>\n      <\/div>\n    <\/div>\n  <\/section>\n\n        <section class=\"accordion-container position-relative\" data-aos=\"fade-up\" data-aos-duration=\"1000\" id=\"algemene vragen\">\n      <div class=\"container-xl\">\n        <div class=\"row\">\n          <h3>Algemene vragen<\/h3>\n          <div class=\"accr-wrap\">\n                          <div class=\"head\">Is er een palmblad voor iedereen?<\/div>\n              <div class=\"content\">\n                <p>Nee, niet iedereen heeft een palmblad op het lijf geschreven. Maar de mensen die zich geroepen voelen om op zoek te gaan naar hun palmblad, hebben er vaak wel een klaarliggen. <\/p>\n              <\/div>\n                          <div class=\"head\">Wie schreef de palmbladeren?<\/div>\n              <div class=\"content\">\n                <p>Volgens de legende werden de palmbladeren vele duizenden jaren geleden geschreven door de &#8220;Rishi&#8217;s&#8221;, een groep wijzen die veel hoger ontwikkeld waren dan de huidige mensen. Hun bewustzijn was veel groter en ze konden veel meer informatie verwerken. Ze hadden ook een levensduur van vele honderden tot duizenden jaren.  <\/p>\n              <\/div>\n                          <div class=\"head\">Waar zijn de palmbladeren?<\/div>\n              <div class=\"content\">\n                <p>De palmbladeren worden opgeslagen in de palmbladerenbibliotheken, die zich voornamelijk in het zuiden van India bevinden. Er zijn ook een paar kleine bibliotheken in het noorden van India, Sri Lanka en Bali. <\/p>\n              <\/div>\n                          <div class=\"head\">Hoeveel palmbladeren en palmbladbibliotheken zijn er?<\/div>\n              <div class=\"content\">\n                <p>Niemand weet hoeveel palmbladeren of bibliotheken er zijn. Er is geen gecentraliseerd systeem. <\/p>\n              <\/div>\n                          <div class=\"head\">Wie zijn de handlezers?<\/div>\n              <div class=\"content\">\n                <p>De handlezers met wie we werken zijn al generaties lang opgeleid. De eeuwenoude kunst van het handlezen wordt al generaties lang van vader op zoon doorgegeven. Ze zijn gevestigd in Tamil Nadu, in het zuiden van India.  <\/p>\n              <\/div>\n                          <div class=\"head\">Hoe konden de Rishi&#8217;s weten en schrijven over moderne technologie, namen etc.?<\/div>\n              <div class=\"content\">\n                <p>De palmbladeren zijn geschreven in het oude Tamil, een zeer po\u00ebtische taal die situaties en objecten beschrijft. Het is de belangrijke taak van de vertaler om deze lange po\u00ebtische zinnen om te zetten in modern Engels. In het palmblad zou bijvoorbeeld kunnen staan: &#8220;De zoeker vindt muziek uit en onthoudt dit in ronde voorwerpen&#8221; en de vertaler zou kunnen zeggen &#8220;Je bent muzikant en hebt cd&#8217;s opgenomen&#8221; Tamil is een op geluid gebaseerde taal. Daarom is het ontcijferen van westerse namen in de 21e eeuw vaak een ingewikkeld proces. De lezer leest de klanken van de symbolen en met de hulp van de vertaler en de zoeker identificeert hij de naam.<\/p>\n              <\/div>\n                          <div class=\"head\">Waarom zijn er verschillende vormen van palmbladlezingen?<\/div>\n              <div class=\"content\">\n                <p>De geschiedenis van Nadi is een mengeling van legende en mysterie, dat op wonderbaarlijke manieren werkt. Er wordt gezegd dat de palmbladeren zijn geschreven door de Sapta Rishis, een groep van 7 (sapta) wijzen (Rishis). Daarom is het mogelijk dat \u00e9\u00e9n individu tot 7 verschillende versies van zijn biografie kan hebben, \u00e9\u00e9n geschreven door elk van de Rishis. De belangrijkste auteur van de palmbladeren is de Rishi &#8220;Agastya&#8221;, hoewel er ook verschillende formaten van Nadi zijn, van dezelfde auteur. De bibliotheken waar we mee werken doen voornamelijk lezingen van de Rishi &#8220;Agastya&#8221;, maar ook bladeren van andere Rishi&#8217;s zijn beschikbaar op aanvraag.    <\/p>\n              <\/div>\n                          <div class=\"head\">Is het beter om persoonlijk naar een bibliotheek in India te komen?<\/div>\n              <div class=\"content\">\n                <p>De informatie die je ontvangt tijdens een zoom handlezing wordt op dezelfde manier geleverd als wat je persoonlijk zou ontvangen in een authentieke palmbladeren bibliotheek in India. Maar natuurlijk is de hele reis naar India, wat zo&#8217;n mystieke plek is, om je lot te onthullen ook een prachtige pelgrimstocht. Als je in staat bent om naar India te reizen om een bibliotheek te bezoeken, is dat natuurlijk ideaal, maar als je de reading online hebt en op het moment dat je het nodig hebt, is dat gunstiger dan jarenlang wachten om naar India te gaan. Als je je intu\u00eftie volgt, zul je weten wanneer het voor jou het juiste moment is.   <\/p>\n              <\/div>\n                          <div class=\"head\">Wat zijn de kosten en wat is inbegrepen?<\/div>\n              <div class=\"content\">\n                <p>De kosten voor het zoeken en identificeren van je blad, het lezen van het algemene hoofdstuk en hoofdstuk 14 bedragen 289 \u20ac. Dit is inclusief het fysieke zoeken naar bundels die jouw blad zouden kunnen bevatten in de bibliotheken in India en het matchingsproces met de lezer, de vertaler en meestal ook een moderator.<br \/>\nHet zoeken in de bibliotheken kan vele uren in beslag nemen. De matching kan tot 2 uur duren (in de meeste succesvolle gevallen ongeveer 1 uur) en het lezen van het algemene hoofdstuk en hoofdstuk 14 duurt ongeveer 2 uur. Vertaling in andere talen is beschikbaar en kost 38 \u20ac. Als je daarna extra hoofdstukken wilt boeken, bedragen de kosten per hoofdstuk 49-79 \u20ac. Het lezen van de hoofdstukken duurt ongeveer 15-60 minuten. Als je in een EU-land woont, komt er BTW bij de prijs. Je kunt de prijs voor jouw land zien op de boekingspagina.  <\/p>\n              <\/div>\n                      <\/div>\n        <\/div>\n      <\/div>\n          <\/section>\n          <section class=\"accordion-container position-relative\" data-aos=\"fade-up\" data-aos-duration=\"1000\" id=\"over-de-lezer\">\n      <div class=\"container-xl\">\n        <div class=\"row\">\n          <h3>Over de lezingen<\/h3>\n          <div class=\"accr-wrap\">\n                          <div class=\"head\">Hoe lang duurt de meting?<\/div>\n              <div class=\"content\">\n                <p>Gemiddeld nemen het matchingsproces en het lezen ongeveer 2,5 -4 uur in beslag. We kunnen echter niet van tevoren zeggen hoe lang het zal duren, omdat dit afhangt van wanneer (of als) jouw blad wordt gevonden. Zodra je persoonlijke palmblad is ge\u00efdentificeerd, duurt het lezen van het algemene hoofdstuk en hoofdstuk 14 ongeveer 1-2 uur.  <\/p>\n              <\/div>\n                          <div class=\"head\">Is het mogelijk dat mijn blad niet kan worden gevonden?<\/div>\n              <div class=\"content\">\n                <p>Ja. Het kan gebeuren dat je blad niet gevonden kan worden. Dit komt vaak voor en kan verschillende redenen hebben. Het kan zijn dat er geen blad voor je bij zit of het kan ook zijn dat het nog niet het juiste moment voor je is. We zoeken grondig naar je blad en als het niet gevonden kan worden, raden we je aan om minstens 30 dagen te wachten en dan opnieuw te zoeken.    <\/p>\n              <\/div>\n                          <div class=\"head\">Hoe moet ik me voorbereiden op een lezing?<\/div>\n              <div class=\"content\">\n                <p>Zorg ervoor dat je op een rustige, ongestoorde plek bent, met een goede internetverbinding. Innerlijk raden we je aan om uitgerust te zijn en de reading met veel respect en openheid te benaderen. Een meelevende wijsgeer heeft duizenden jaren geleden jouw levensvoorspelling geschreven, die door vele generaties heen bewaard is gebleven om vandaag aan jou te worden voorgelezen. Het is echt een bijzondere gebeurtenis en hoe bewuster je je ervan bent, hoe dieper de effecten kunnen doordringen.   <\/p>\n              <\/div>\n                          <div class=\"head\">Krijg ik te horen wanneer ik sterf?<\/div>\n              <div class=\"content\">\n                <p>Als je palmblad gevonden is, krijg je eerst de lezing van het algemene hoofdstuk waarin perioden van levensgevaar of je mogelijke dood kunnen voorkomen. Als je geen levensgevaar wilt horen, kun je dat aan het begin van de reading aan de moderator laten weten. Als je meer details wilt horen over de tijd en omstandigheden waarin je je lichaam zou kunnen verlaten, dan raden we je aan om het aanvullende hoofdstuk 8 te lezen, dat hierover gaat.  <\/p>\n              <\/div>\n                      <\/div>\n        <\/div>\n      <\/div>\n          <\/section>\n          <section class=\"accordion-container position-relative\" data-aos=\"fade-up\" data-aos-duration=\"1000\" id=\"over-de-remedies\">\n      <div class=\"container-xl\">\n        <div class=\"row\">\n          <h3>Over de remedies<\/h3>\n          <div class=\"accr-wrap\">\n                          <div class=\"head\">Wat zijn de remedies?<\/div>\n              <div class=\"content\">\n                <p>Het belangrijkste doel van de palmbladeren is om de zoeker te begeleiden door een breder perspectief op zijn of haar leven te geven en om hulpmiddelen aan te reiken om iemands levenspadervaring te verbeteren, in de vorm van remedies. De Rishi&#8217;s konden zien wat voor karma een individu met zich meedroeg, dat waarschijnlijk obstakels in zijn of haar leven zou cre\u00ebren. Ze zagen ook welke hulpmiddelen nuttig zouden zijn om dit karma te transformeren of de zoeker te beschermen tegen de meest schadelijke effecten ervan. De hoofdstukken 13 en 14 gaan voornamelijk over oud karma en bieden oplossingen in de vorm van remedies. Deze remedies kunnen eenvoudige handelingen zijn zoals het doneren van geld aan een bepaald doel, het voeden van een dier, het geven van kleding aan een arm persoon of pelgrimstochten naar heilige plaatsen of specifieke praktijken of rituelen.    <\/p>\n              <\/div>\n                          <div class=\"head\">  Wat is karma?<\/div>\n              <div class=\"content\">\n                <p>Het woord &#8220;karma&#8221; betekent &#8220;actie&#8221;. Elke actie van lichaam, spraak en geest die we ooit hebben ondernomen, heeft een energetische impact in het universum en in ons eigen energieveld. Ons energieveld bestaat in feite uit een zeer complexe combinatie van al onze eerdere acties gedurende talloze levens. Volgens de multidimensionale frequentie van ons energieveld trekken we bepaalde ervaringen in ons leven aan.   <\/p>\n              <\/div>\n                          <div class=\"head\">Hoe werken de remedies?<\/div>\n              <div class=\"content\">\n                <p>Alles in het universum bestaat uit energie. Wij zijn een complex energieveld en op basis van zijn frequenties trekken we bepaalde ervaringen aan. De Rishi&#8217;s konden zien en voorspellen welke van onze acties in het verleden bepaalde frequenties cre\u00eberden en welke waarschijnlijke uitkomst ze zouden hebben. Ze zagen en voorspelden ook welke actie of spirituele beoefening de zeer specifieke energie zou oproepen die die schadelijke frequentie zou transformeren of in balans zou brengen. Daarom zijn de remedies zeer specifieke energetische medicijnen om ons karma te transformeren en in balans te brengen.    <\/p>\n              <\/div>\n                          <div class=\"head\">Wat is een mantra?<\/div>\n              <div class=\"content\">\n                <p>Een mantra is een geluidstrilling in het Sanskriet die een specifieke frequentie en energie oproept en draagt. Door een mantra hardop of inwendig te chanten, kunnen we verschillende energie\u00ebn van specifieke trillingen oproepen. <\/p>\n              <\/div>\n                          <div class=\"head\">Wat is een yantra?<\/div>\n              <div class=\"content\">\n                <p>Net zoals een mantra energie is in de vorm van geluid, is een yantra energie in de vorm van een geometrische structuur. Het is een energetische frequentie die zichtbaar wordt gemaakt, in 2D of 3D. <\/p>\n              <\/div>\n                          <div class=\"head\">Wat is een pooja?<\/div>\n              <div class=\"content\">\n                <p>Een pooja is een ceremonie die vaak wordt gehouden voor een specifieke hindoegodheid. De godheden zijn in feite personificaties van specifieke energie\u00ebn. Wanneer een pooja wordt gehouden voor een specifieke god of godin, wordt deze specifieke frequentie aangeroepen in het leven van de persoon voor wie de pooja wordt gehouden.  <\/p>\n              <\/div>\n                          <div class=\"head\">Wat is een homa?<\/div>\n              <div class=\"content\">\n                <p>Een homa is een meer complexe en krachtige pooja in de vorm van een vuurceremonie, om verschillende godheden te eren en aan te roepen en hun zegeningen uit te nodigen in het leven van de persoon voor wie de homa wordt gehouden.<\/p>\n              <\/div>\n                          <div class=\"head\">Wat is japa?<\/div>\n              <div class=\"content\">\n                <p>De praktijk van japa is de sadhana (spirituele praktijk) van het voortdurend chanten van een specifieke mantra, zoals bijvoorbeeld &#8220;Om Namah Shivaya&#8221;. Het dagelijks beoefenen van japa helpt om de geest te reinigen en te focussen. Het kan ook voor iemand anders gedaan worden om die persoon te zegenen met een specifieke energie.  <\/p>\n              <\/div>\n                      <\/div>\n        <\/div>\n      <\/div>\n                        <div class=\"parallax-item-4 parallax-item\" data-speed=\".08\"><img decoding=\"async\" src=\"https:\/\/mypalmleaf.com\/wp-content\/uploads\/2024\/09\/parallax-item-4.png\" class=\"img-fluid\" alt=\"\"><\/div>\n                  <\/section>\n      <\/div>\n\n\n<section class=\"find-your-palm-leaf-block\" data-aos=\"fade-up\" data-aos-duration=\"1000\">\n  <div class=\"container-fluid px-0\">\n    <div class=\"row g-0\">\n      <div class=\"col\">\n        <div class=\"find-your-leaf-bg\">\n          <picture>\n            <source media=\"(max-width: 999px)\" srcset=\"https:\/\/mypalmleaf.com\/wp-content\/uploads\/2024\/08\/Find-your-Palm-Leaf-mob.webp\" \/>\n            <source media=\"(min-width: 1000px)\" srcset=\"https:\/\/mypalmleaf.com\/wp-content\/uploads\/2024\/08\/Find-your-Palm-Leaf.webp\" \/>\n            <img decoding=\"async\" src=\"https:\/\/mypalmleaf.com\/wp-content\/uploads\/2024\/08\/Find-your-Palm-Leaf.webp\" class=\"img-fluid\" alt=\"\" \/>\n          <\/picture>\n        <\/div>\n      <\/div>\n    <\/div>\n    <div class=\"content\">\n      <div class=\"container-xl\" data-aos=\"fade-up\" data-aos-duration=\"1000\">\n        <div class=\"row py-4\">\n          <div class=\"col-lg-8 mx-auto\">\n            <h2 class=\"mb-2\">Vind uw Palmblad<\/h2>\n            <ul>\n<li>Het enige wat je nodig hebt om je palmblad te zoeken is je duimafdruk.<\/li>\n<li>Als je een vertaling in een andere taal nodig hebt, kunnen wij dat voor je doen.<\/li>\n<li>Als we je palmblad niet binnen 3 geschikte data kunnen vinden, betalen we je het volledige bedrag terug.<\/li>\n<\/ul>\n          <\/div>\n        <\/div>\n        <div class=\"row mt-4\">\n          <div class=\"col text-center\">\n            <a href=\"\/nl\/prices\/find-your-palm-leaf-and-read-the-general-chapter\/\" class=\"btn btn-primary\">Vind mijn blad<\/a>\n          <\/div>\n        <\/div>\n      <\/div>\n    <\/div>\n  <\/div>\n<\/section>","protected":false},"excerpt":{"rendered":"","protected":false},"author":1,"featured_media":0,"parent":0,"menu_order":0,"comment_status":"closed","ping_status":"closed","template":"","meta":{"_acf_changed":false,"footnotes":""},"class_list":["post-33302","page","type-page","status-publish","hentry"],"acf":[],"yoast_head":"<!-- This site is optimized with the Yoast SEO plugin v26.4 - https:\/\/yoast.com\/wordpress\/plugins\/seo\/ -->\n<title>FAQS - My Palm Leaf<\/title>\n<meta name=\"description\" content=\"Vind antwoorden op veelgestelde vragen over palmbladlezingen, het proces en de betekenis van deze oude kennis. Ontdek hoe het jouw leven kan verrijken.\" \/>\n<meta name=\"robots\" content=\"index, follow, max-snippet:-1, max-image-preview:large, max-video-preview:-1\" \/>\n<link rel=\"canonical\" href=\"https:\/\/mypalmleaf.com\/nl\/faqs\/\" \/>\n<meta property=\"og:locale\" content=\"nl_NL\" \/>\n<meta property=\"og:type\" content=\"article\" \/>\n<meta property=\"og:title\" content=\"FAQS - My Palm Leaf\" \/>\n<meta property=\"og:description\" content=\"Vind antwoorden op veelgestelde vragen over palmbladlezingen, het proces en de betekenis van deze oude kennis. Ontdek hoe het jouw leven kan verrijken.\" \/>\n<meta property=\"og:url\" content=\"https:\/\/mypalmleaf.com\/nl\/faqs\/\" \/>\n<meta property=\"og:site_name\" content=\"My Palm Leaf\" \/>\n<meta property=\"article:modified_time\" content=\"2025-04-24T09:47:25+00:00\" \/>\n<meta property=\"og:image\" content=\"https:\/\/mypalmleaf.com\/wp-content\/uploads\/2025\/08\/mpl-circle-logo.jpg\" \/>\n\t<meta property=\"og:image:width\" content=\"1200\" \/>\n\t<meta property=\"og:image:height\" content=\"1196\" \/>\n\t<meta property=\"og:image:type\" content=\"image\/jpeg\" \/>\n<meta name=\"twitter:card\" content=\"summary_large_image\" \/>\n<script type=\"application\/ld+json\" class=\"yoast-schema-graph\">{\"@context\":\"https:\/\/schema.org\",\"@graph\":[{\"@type\":\"WebPage\",\"@id\":\"https:\/\/mypalmleaf.com\/nl\/faqs\/\",\"url\":\"https:\/\/mypalmleaf.com\/nl\/faqs\/\",\"name\":\"FAQS - My Palm Leaf\",\"isPartOf\":{\"@id\":\"https:\/\/mypalmleaf.com\/#website\"},\"datePublished\":\"2024-08-14T07:24:30+00:00\",\"dateModified\":\"2025-04-24T09:47:25+00:00\",\"description\":\"Vind antwoorden op veelgestelde vragen over palmbladlezingen, het proces en de betekenis van deze oude kennis. Ontdek hoe het jouw leven kan verrijken.\",\"breadcrumb\":{\"@id\":\"https:\/\/mypalmleaf.com\/nl\/faqs\/#breadcrumb\"},\"inLanguage\":\"nl-NL\",\"potentialAction\":[{\"@type\":\"ReadAction\",\"target\":[\"https:\/\/mypalmleaf.com\/nl\/faqs\/\"]}]},{\"@type\":\"BreadcrumbList\",\"@id\":\"https:\/\/mypalmleaf.com\/nl\/faqs\/#breadcrumb\",\"itemListElement\":[{\"@type\":\"ListItem\",\"position\":1,\"name\":\"Home\",\"item\":\"https:\/\/mypalmleaf.com\/nl\/\"},{\"@type\":\"ListItem\",\"position\":2,\"name\":\"FAQS\"}]},{\"@type\":\"WebSite\",\"@id\":\"https:\/\/mypalmleaf.com\/#website\",\"url\":\"https:\/\/mypalmleaf.com\/\",\"name\":\"My Palm Leaf\",\"description\":\"\",\"potentialAction\":[{\"@type\":\"SearchAction\",\"target\":{\"@type\":\"EntryPoint\",\"urlTemplate\":\"https:\/\/mypalmleaf.com\/?s={search_term_string}\"},\"query-input\":{\"@type\":\"PropertyValueSpecification\",\"valueRequired\":true,\"valueName\":\"search_term_string\"}}],\"inLanguage\":\"nl-NL\"}]}<\/script>\n<!-- \/ Yoast SEO plugin. -->","yoast_head_json":{"title":"FAQS - My Palm Leaf","description":"Vind antwoorden op veelgestelde vragen over palmbladlezingen, het proces en de betekenis van deze oude kennis. Ontdek hoe het jouw leven kan verrijken.","robots":{"index":"index","follow":"follow","max-snippet":"max-snippet:-1","max-image-preview":"max-image-preview:large","max-video-preview":"max-video-preview:-1"},"canonical":"https:\/\/mypalmleaf.com\/nl\/faqs\/","og_locale":"nl_NL","og_type":"article","og_title":"FAQS - My Palm Leaf","og_description":"Vind antwoorden op veelgestelde vragen over palmbladlezingen, het proces en de betekenis van deze oude kennis. Ontdek hoe het jouw leven kan verrijken.","og_url":"https:\/\/mypalmleaf.com\/nl\/faqs\/","og_site_name":"My Palm Leaf","article_modified_time":"2025-04-24T09:47:25+00:00","og_image":[{"width":1200,"height":1196,"url":"https:\/\/mypalmleaf.com\/wp-content\/uploads\/2025\/08\/mpl-circle-logo.jpg","type":"image\/jpeg"}],"twitter_card":"summary_large_image","schema":{"@context":"https:\/\/schema.org","@graph":[{"@type":"WebPage","@id":"https:\/\/mypalmleaf.com\/nl\/faqs\/","url":"https:\/\/mypalmleaf.com\/nl\/faqs\/","name":"FAQS - My Palm Leaf","isPartOf":{"@id":"https:\/\/mypalmleaf.com\/#website"},"datePublished":"2024-08-14T07:24:30+00:00","dateModified":"2025-04-24T09:47:25+00:00","description":"Vind antwoorden op veelgestelde vragen over palmbladlezingen, het proces en de betekenis van deze oude kennis. Ontdek hoe het jouw leven kan verrijken.","breadcrumb":{"@id":"https:\/\/mypalmleaf.com\/nl\/faqs\/#breadcrumb"},"inLanguage":"nl-NL","potentialAction":[{"@type":"ReadAction","target":["https:\/\/mypalmleaf.com\/nl\/faqs\/"]}]},{"@type":"BreadcrumbList","@id":"https:\/\/mypalmleaf.com\/nl\/faqs\/#breadcrumb","itemListElement":[{"@type":"ListItem","position":1,"name":"Home","item":"https:\/\/mypalmleaf.com\/nl\/"},{"@type":"ListItem","position":2,"name":"FAQS"}]},{"@type":"WebSite","@id":"https:\/\/mypalmleaf.com\/#website","url":"https:\/\/mypalmleaf.com\/","name":"My Palm Leaf","description":"","potentialAction":[{"@type":"SearchAction","target":{"@type":"EntryPoint","urlTemplate":"https:\/\/mypalmleaf.com\/?s={search_term_string}"},"query-input":{"@type":"PropertyValueSpecification","valueRequired":true,"valueName":"search_term_string"}}],"inLanguage":"nl-NL"}]}},"_links":{"self":[{"href":"https:\/\/mypalmleaf.com\/nl\/wp-json\/wp\/v2\/pages\/33302","targetHints":{"allow":["GET"]}}],"collection":[{"href":"https:\/\/mypalmleaf.com\/nl\/wp-json\/wp\/v2\/pages"}],"about":[{"href":"https:\/\/mypalmleaf.com\/nl\/wp-json\/wp\/v2\/types\/page"}],"author":[{"embeddable":true,"href":"https:\/\/mypalmleaf.com\/nl\/wp-json\/wp\/v2\/users\/1"}],"replies":[{"embeddable":true,"href":"https:\/\/mypalmleaf.com\/nl\/wp-json\/wp\/v2\/comments?post=33302"}],"version-history":[{"count":0,"href":"https:\/\/mypalmleaf.com\/nl\/wp-json\/wp\/v2\/pages\/33302\/revisions"}],"wp:attachment":[{"href":"https:\/\/mypalmleaf.com\/nl\/wp-json\/wp\/v2\/media?parent=33302"}],"curies":[{"name":"wp","href":"https:\/\/api.w.org\/{rel}","templated":true}]}}