
{"id":38860,"date":"2024-09-04T10:45:22","date_gmt":"2024-09-04T10:45:22","guid":{"rendered":"https:\/\/mypalmleaf.com\/prices\/60-min-consultatiegesprek-met-een-van-onze-moderators\/"},"modified":"2025-08-28T10:03:57","modified_gmt":"2025-08-28T10:03:57","slug":"60-min-consultatiegesprek-met-een-van-onze-moderators","status":"publish","type":"product","link":"https:\/\/mypalmleaf.com\/nl\/prices\/60-min-consultatiegesprek-met-een-van-onze-moderators\/","title":{"rendered":"60 min consultatiegesprek met een van onze moderators"},"content":{"rendered":"<p>De Palm Leaf reading kan diepe transformatieprocessen in gang zetten, die je uiteindelijk naar meer geluk zullen leiden, maar kan ook uitdagend zijn. Als je ondersteuning wilt bij het integreren van de informatie en ervaring in je leven, bieden we integratie- en coachinggesprekken aan via Zoom.<\/p>\n<p>Je kunt <a href=\"https:\/\/mypalmleaf.com\/nl\/integratie-en-begeleiding\/\">hier zien<\/a> wie van onze hartgecentreerde gidsen beschikbaar is voor integratiegesprekken. Nadat je het gesprek hebt geboekt, ontvang je links naar al hun agenda&#8217;s en kun je uit hun beschikbare data kiezen wanneer je de afspraak wilt hebben.<\/p>\n","protected":false},"excerpt":{"rendered":"<p>De Palm Leaf reading kan diepe transformatieprocessen op gang brengen, die je uiteindelijk naar meer geluk zullen leiden, maar kan ook uitdagend zijn&#8230;<\/p>\n","protected":false},"featured_media":44415,"comment_status":"open","ping_status":"closed","template":"","meta":{"_acf_changed":false},"product_brand":[],"product_cat":[355],"product_tag":[],"class_list":{"0":"post-38860","1":"product","2":"type-product","3":"status-publish","4":"has-post-thumbnail","6":"product_cat-uncategorized-nl","8":"first","9":"instock","10":"taxable","11":"shipping-taxable","12":"purchasable","13":"product-type-variable"},"exclude_global_add_ons":[],"addons":[],"acf":[],"yoast_head":"<!-- This site is optimized with the Yoast SEO plugin v26.4 - https:\/\/yoast.com\/wordpress\/plugins\/seo\/ -->\n<title>60 min consultatiegesprek met een van onze moderators - My Palm Leaf<\/title>\n<meta name=\"description\" content=\"Profitez d\u2019une consultation Zoom de 60 min avec nos mod\u00e9rateurs. Gagnez en clart\u00e9 et compr\u00e9hension. R\u00e9servez votre s\u00e9ance d\u00e8s maintenant!\" \/>\n<meta name=\"robots\" content=\"index, follow, max-snippet:-1, max-image-preview:large, max-video-preview:-1\" \/>\n<link rel=\"canonical\" href=\"https:\/\/mypalmleaf.com\/nl\/prices\/60-min-consultatiegesprek-met-een-van-onze-moderators\/\" \/>\n<meta property=\"og:locale\" content=\"nl_NL\" \/>\n<meta property=\"og:type\" content=\"article\" \/>\n<meta property=\"og:title\" content=\"60 min consultatiegesprek met een van onze moderators - My Palm Leaf\" \/>\n<meta property=\"og:description\" content=\"Profitez d\u2019une consultation Zoom de 60 min avec nos mod\u00e9rateurs. Gagnez en clart\u00e9 et compr\u00e9hension. R\u00e9servez votre s\u00e9ance d\u00e8s maintenant!\" \/>\n<meta property=\"og:url\" content=\"https:\/\/mypalmleaf.com\/nl\/prices\/60-min-consultatiegesprek-met-een-van-onze-moderators\/\" \/>\n<meta property=\"og:site_name\" content=\"My Palm Leaf\" \/>\n<meta property=\"article:modified_time\" content=\"2025-08-28T10:03:57+00:00\" \/>\n<meta property=\"og:image\" content=\"https:\/\/mypalmleaf.com\/wp-content\/uploads\/2024\/09\/integrationcall-prd-thumb2.jpg\" \/>\n\t<meta property=\"og:image:width\" content=\"819\" \/>\n\t<meta property=\"og:image:height\" content=\"464\" \/>\n\t<meta property=\"og:image:type\" content=\"image\/jpeg\" \/>\n<meta name=\"twitter:card\" content=\"summary_large_image\" \/>\n<meta name=\"twitter:label1\" content=\"Geschatte leestijd\" \/>\n\t<meta name=\"twitter:data1\" content=\"1 minuut\" \/>\n<script type=\"application\/ld+json\" class=\"yoast-schema-graph\">{\"@context\":\"https:\/\/schema.org\",\"@graph\":[{\"@type\":\"WebPage\",\"@id\":\"https:\/\/mypalmleaf.com\/nl\/prices\/60-min-consultatiegesprek-met-een-van-onze-moderators\/\",\"url\":\"https:\/\/mypalmleaf.com\/nl\/prices\/60-min-consultatiegesprek-met-een-van-onze-moderators\/\",\"name\":\"60 min consultatiegesprek met een van onze moderators - My Palm Leaf\",\"isPartOf\":{\"@id\":\"https:\/\/mypalmleaf.com\/#website\"},\"primaryImageOfPage\":{\"@id\":\"https:\/\/mypalmleaf.com\/nl\/prices\/60-min-consultatiegesprek-met-een-van-onze-moderators\/#primaryimage\"},\"image\":{\"@id\":\"https:\/\/mypalmleaf.com\/nl\/prices\/60-min-consultatiegesprek-met-een-van-onze-moderators\/#primaryimage\"},\"thumbnailUrl\":\"https:\/\/mypalmleaf.com\/wp-content\/uploads\/2024\/09\/integrationcall-prd-thumb2.jpg\",\"datePublished\":\"2024-09-04T10:45:22+00:00\",\"dateModified\":\"2025-08-28T10:03:57+00:00\",\"description\":\"Profitez d\u2019une consultation Zoom de 60 min avec nos mod\u00e9rateurs. Gagnez en clart\u00e9 et compr\u00e9hension. R\u00e9servez votre s\u00e9ance d\u00e8s maintenant!\",\"breadcrumb\":{\"@id\":\"https:\/\/mypalmleaf.com\/nl\/prices\/60-min-consultatiegesprek-met-een-van-onze-moderators\/#breadcrumb\"},\"inLanguage\":\"nl-NL\",\"potentialAction\":[{\"@type\":\"ReadAction\",\"target\":[\"https:\/\/mypalmleaf.com\/nl\/prices\/60-min-consultatiegesprek-met-een-van-onze-moderators\/\"]}]},{\"@type\":\"ImageObject\",\"inLanguage\":\"nl-NL\",\"@id\":\"https:\/\/mypalmleaf.com\/nl\/prices\/60-min-consultatiegesprek-met-een-van-onze-moderators\/#primaryimage\",\"url\":\"https:\/\/mypalmleaf.com\/wp-content\/uploads\/2024\/09\/integrationcall-prd-thumb2.jpg\",\"contentUrl\":\"https:\/\/mypalmleaf.com\/wp-content\/uploads\/2024\/09\/integrationcall-prd-thumb2.jpg\",\"width\":819,\"height\":464,\"caption\":\"listening\"},{\"@type\":\"BreadcrumbList\",\"@id\":\"https:\/\/mypalmleaf.com\/nl\/prices\/60-min-consultatiegesprek-met-een-van-onze-moderators\/#breadcrumb\",\"itemListElement\":[{\"@type\":\"ListItem\",\"position\":1,\"name\":\"Home\",\"item\":\"https:\/\/mypalmleaf.com\/nl\/\"},{\"@type\":\"ListItem\",\"position\":2,\"name\":\"Shop\",\"item\":\"https:\/\/mypalmleaf.com\/et\/shop\/\"},{\"@type\":\"ListItem\",\"position\":3,\"name\":\"60 min consultatiegesprek met een van onze moderators\"}]},{\"@type\":\"WebSite\",\"@id\":\"https:\/\/mypalmleaf.com\/#website\",\"url\":\"https:\/\/mypalmleaf.com\/\",\"name\":\"My Palm Leaf\",\"description\":\"\",\"potentialAction\":[{\"@type\":\"SearchAction\",\"target\":{\"@type\":\"EntryPoint\",\"urlTemplate\":\"https:\/\/mypalmleaf.com\/?s={search_term_string}\"},\"query-input\":{\"@type\":\"PropertyValueSpecification\",\"valueRequired\":true,\"valueName\":\"search_term_string\"}}],\"inLanguage\":\"nl-NL\"}]}<\/script>\n<!-- \/ Yoast SEO plugin. -->","yoast_head_json":{"title":"60 min consultatiegesprek met een van onze moderators - My Palm Leaf","description":"Profitez d\u2019une consultation Zoom de 60 min avec nos mod\u00e9rateurs. Gagnez en clart\u00e9 et compr\u00e9hension. R\u00e9servez votre s\u00e9ance d\u00e8s maintenant!","robots":{"index":"index","follow":"follow","max-snippet":"max-snippet:-1","max-image-preview":"max-image-preview:large","max-video-preview":"max-video-preview:-1"},"canonical":"https:\/\/mypalmleaf.com\/nl\/prices\/60-min-consultatiegesprek-met-een-van-onze-moderators\/","og_locale":"nl_NL","og_type":"article","og_title":"60 min consultatiegesprek met een van onze moderators - My Palm Leaf","og_description":"Profitez d\u2019une consultation Zoom de 60 min avec nos mod\u00e9rateurs. Gagnez en clart\u00e9 et compr\u00e9hension. R\u00e9servez votre s\u00e9ance d\u00e8s maintenant!","og_url":"https:\/\/mypalmleaf.com\/nl\/prices\/60-min-consultatiegesprek-met-een-van-onze-moderators\/","og_site_name":"My Palm Leaf","article_modified_time":"2025-08-28T10:03:57+00:00","og_image":[{"width":819,"height":464,"url":"https:\/\/mypalmleaf.com\/wp-content\/uploads\/2024\/09\/integrationcall-prd-thumb2.jpg","type":"image\/jpeg"}],"twitter_card":"summary_large_image","twitter_misc":{"Geschatte leestijd":"1 minuut"},"schema":{"@context":"https:\/\/schema.org","@graph":[{"@type":"WebPage","@id":"https:\/\/mypalmleaf.com\/nl\/prices\/60-min-consultatiegesprek-met-een-van-onze-moderators\/","url":"https:\/\/mypalmleaf.com\/nl\/prices\/60-min-consultatiegesprek-met-een-van-onze-moderators\/","name":"60 min consultatiegesprek met een van onze moderators - My Palm Leaf","isPartOf":{"@id":"https:\/\/mypalmleaf.com\/#website"},"primaryImageOfPage":{"@id":"https:\/\/mypalmleaf.com\/nl\/prices\/60-min-consultatiegesprek-met-een-van-onze-moderators\/#primaryimage"},"image":{"@id":"https:\/\/mypalmleaf.com\/nl\/prices\/60-min-consultatiegesprek-met-een-van-onze-moderators\/#primaryimage"},"thumbnailUrl":"https:\/\/mypalmleaf.com\/wp-content\/uploads\/2024\/09\/integrationcall-prd-thumb2.jpg","datePublished":"2024-09-04T10:45:22+00:00","dateModified":"2025-08-28T10:03:57+00:00","description":"Profitez d\u2019une consultation Zoom de 60 min avec nos mod\u00e9rateurs. Gagnez en clart\u00e9 et compr\u00e9hension. R\u00e9servez votre s\u00e9ance d\u00e8s maintenant!","breadcrumb":{"@id":"https:\/\/mypalmleaf.com\/nl\/prices\/60-min-consultatiegesprek-met-een-van-onze-moderators\/#breadcrumb"},"inLanguage":"nl-NL","potentialAction":[{"@type":"ReadAction","target":["https:\/\/mypalmleaf.com\/nl\/prices\/60-min-consultatiegesprek-met-een-van-onze-moderators\/"]}]},{"@type":"ImageObject","inLanguage":"nl-NL","@id":"https:\/\/mypalmleaf.com\/nl\/prices\/60-min-consultatiegesprek-met-een-van-onze-moderators\/#primaryimage","url":"https:\/\/mypalmleaf.com\/wp-content\/uploads\/2024\/09\/integrationcall-prd-thumb2.jpg","contentUrl":"https:\/\/mypalmleaf.com\/wp-content\/uploads\/2024\/09\/integrationcall-prd-thumb2.jpg","width":819,"height":464,"caption":"listening"},{"@type":"BreadcrumbList","@id":"https:\/\/mypalmleaf.com\/nl\/prices\/60-min-consultatiegesprek-met-een-van-onze-moderators\/#breadcrumb","itemListElement":[{"@type":"ListItem","position":1,"name":"Home","item":"https:\/\/mypalmleaf.com\/nl\/"},{"@type":"ListItem","position":2,"name":"Shop","item":"https:\/\/mypalmleaf.com\/et\/shop\/"},{"@type":"ListItem","position":3,"name":"60 min consultatiegesprek met een van onze moderators"}]},{"@type":"WebSite","@id":"https:\/\/mypalmleaf.com\/#website","url":"https:\/\/mypalmleaf.com\/","name":"My Palm Leaf","description":"","potentialAction":[{"@type":"SearchAction","target":{"@type":"EntryPoint","urlTemplate":"https:\/\/mypalmleaf.com\/?s={search_term_string}"},"query-input":{"@type":"PropertyValueSpecification","valueRequired":true,"valueName":"search_term_string"}}],"inLanguage":"nl-NL"}]}},"_links":{"self":[{"href":"https:\/\/mypalmleaf.com\/nl\/wp-json\/wp\/v2\/product\/38860","targetHints":{"allow":["GET"]}}],"collection":[{"href":"https:\/\/mypalmleaf.com\/nl\/wp-json\/wp\/v2\/product"}],"about":[{"href":"https:\/\/mypalmleaf.com\/nl\/wp-json\/wp\/v2\/types\/product"}],"replies":[{"embeddable":true,"href":"https:\/\/mypalmleaf.com\/nl\/wp-json\/wp\/v2\/comments?post=38860"}],"wp:featuredmedia":[{"embeddable":true,"href":"https:\/\/mypalmleaf.com\/nl\/wp-json\/wp\/v2\/media\/44415"}],"wp:attachment":[{"href":"https:\/\/mypalmleaf.com\/nl\/wp-json\/wp\/v2\/media?parent=38860"}],"wp:term":[{"taxonomy":"product_brand","embeddable":true,"href":"https:\/\/mypalmleaf.com\/nl\/wp-json\/wp\/v2\/product_brand?post=38860"},{"taxonomy":"product_cat","embeddable":true,"href":"https:\/\/mypalmleaf.com\/nl\/wp-json\/wp\/v2\/product_cat?post=38860"},{"taxonomy":"product_tag","embeddable":true,"href":"https:\/\/mypalmleaf.com\/nl\/wp-json\/wp\/v2\/product_tag?post=38860"}],"curies":[{"name":"wp","href":"https:\/\/api.w.org\/{rel}","templated":true}]}}