
{"id":33287,"date":"2024-08-14T07:24:30","date_gmt":"2024-08-14T07:24:30","guid":{"rendered":"https:\/\/mypalmleaf.com\/vanlige-sporsmal\/"},"modified":"2025-04-29T11:24:08","modified_gmt":"2025-04-29T11:24:08","slug":"vanlige-sporsmal","status":"publish","type":"page","link":"https:\/\/mypalmleaf.com\/no\/vanlige-sporsmal\/","title":{"rendered":"VANLIGE SP\u00d8RSM\u00c5L"},"content":{"rendered":"<section class=\"faq-top-section my-6 mb-4 mt-xs-4\">\n  <div class=\"container\">\n    <div class=\"row mb-4 justify-content-center\">\n      <div class=\"col-lg-10 text-center\" data-aos=\"fade-up\" data-aos-duration=\"1000\">\n        <h1 class=\"py-4\">Ofte stilte sp\u00f8rsm\u00e5l<\/h1>\n      <\/div>\n    <\/div>\n    <div class=\"row\">\n      <div class=\"col-lg-10 mx-auto\">\n        <div class=\"row justify-content-between align-items-center\">\n          <div class=\"col-lg-7\" data-aos=\"fade-up\" data-aos-duration=\"1000\">\n            <div class=\"rounded-asset\">\n              <img decoding=\"async\" src=\"https:\/\/mypalmleaf.com\/wp-content\/uploads\/2024\/08\/stefan.jpg\" class=\"img-fluid\" alt=\"\">\n              <div class=\"play-icon\"><\/div>\n              <a href=\"https:\/\/www.youtube.com\/watch?v=IPzOvDRb6pU\" class=\"stretched-link\" data-lity><\/a>\n            <\/div>\n          <\/div>\n          <div class=\"col-lg-5\" data-aos=\"fade-up\" data-aos-duration=\"1000\">\n            <h3>Svar p\u00e5 de 10 vanligste sp\u00f8rsm\u00e5lene om de indiske palmebladprofetiene<\/h3>\n          <\/div>\n        <\/div>\n      <\/div>\n\n    <\/div>\n  <\/div>\n<\/section>\n\n<div class=\"acc-wrap-bind\">\n  <section class=\"acc-nav-block my-5 py-3\" data-aos=\"fade-up\" data-aos-duration=\"1000\">\n    <div class=\"container\">\n      <div class=\"row justify-content-center\">\n        <div class=\"col-lg-8 faqs-heading\">\n          <ul>\n                                      <li>\n                <a href=\"#generelle-sp\u00f8rsm\u00e5l\" class=\"active\">\n                  Generelle sp\u00f8rsm\u00e5l<\/a>\n              <\/li>\n                                        <li>\n                <a href=\"#om-lesing\" class=\"\">\n                  Om opplesningene<\/a>\n              <\/li>\n                                        <li>\n                <a href=\"#om rettsmidler\" class=\"\">\n                  Om rettsmidlene<\/a>\n              <\/li>\n                                    <\/ul>\n        <\/div>\n      <\/div>\n    <\/div>\n  <\/section>\n\n        <section class=\"accordion-container position-relative\" data-aos=\"fade-up\" data-aos-duration=\"1000\" id=\"generelle-sp\u00f8rsm\u00e5l\">\n      <div class=\"container-xl\">\n        <div class=\"row\">\n          <h3>Generelle sp\u00f8rsm\u00e5l<\/h3>\n          <div class=\"accr-wrap\">\n                          <div class=\"head\">Finnes det et palmeblad for alle?<\/div>\n              <div class=\"content\">\n                <p>Nei, ikke alle har et palmeblad skrevet for seg. Men de som f\u00f8ler et kall til \u00e5 lete etter bladet sitt, har ofte et som venter p\u00e5 dem. <\/p>\n              <\/div>\n                          <div class=\"head\">Hvem skrev palmebladene?<\/div>\n              <div class=\"content\">\n                <p>If\u00f8lge legenden ble palmebladene skrevet for mange tusen \u00e5r siden av &laquo;Rishiene&raquo;, en gruppe vismenn som var mye h\u00f8yere utviklet enn dagens mennesker. Deres bevissthet var mye st\u00f8rre og kunne prosessere langt mer informasjon. De hadde ogs\u00e5 en levetid p\u00e5 mange hundre til tusen \u00e5r.  <\/p>\n              <\/div>\n                          <div class=\"head\">Hvor er palmebladene?<\/div>\n              <div class=\"content\">\n                <p>Palmbladene lagres i palmebladbibliotekene, som hovedsakelig ligger s\u00f8r i India. Det finnes ogs\u00e5 noen f\u00e5 sm\u00e5 biblioteker nord i India, p\u00e5 Sri Lanka og Bali. <\/p>\n              <\/div>\n                          <div class=\"head\">Hvor mange palmeblader og palmebladbiblioteker finnes det?<\/div>\n              <div class=\"content\">\n                <p>Ingen vet hvor mange palmeblader eller biblioteker som finnes. Det finnes ikke noe sentralisert system. <\/p>\n              <\/div>\n                          <div class=\"head\">Hvem er h\u00e5ndleserne?<\/div>\n              <div class=\"content\">\n                <p>H\u00e5ndbladleserne vi jobber med har blitt oppl\u00e6rt i mange generasjoner. Den eldgamle kunsten \u00e5 lese i h\u00e5ndflatene har g\u00e5tt i arv fra far til s\u00f8nn gjennom mange generasjoner. De holder til i Tamil Nadu, s\u00f8r i India.  <\/p>\n              <\/div>\n                          <div class=\"head\">Hvordan kunne rishiene kjenne til og skrive om moderne teknologi, navn osv.<\/div>\n              <div class=\"content\">\n                <p>Palmeheftene er skrevet p\u00e5 tamil, som er et sv\u00e6rt poetisk spr\u00e5k som beskriver situasjoner og gjenstander. Det er oversetterens viktige rolle \u00e5 omforme disse lange poetiske setningene til moderne engelsk. P\u00e5 palmebladet kan det for eksempel st\u00e5 &laquo;S\u00f8keren finner opp musikk og husker den i runde gjenstander&raquo;, og oversetteren kan si &laquo;Du er musiker og har spilt inn CD-er&raquo;. Derfor er det ofte en omstendelig prosess \u00e5 dechiffrere vestlige navn fra det 21. \u00e5rhundre. Leseren leser lyden av symbolene, og ved hjelp av oversetteren og s\u00f8keren identifiserer han navnet.<\/p>\n              <\/div>\n                          <div class=\"head\">Hvorfor finnes det ulike formater for h\u00e5ndbladlesning?<\/div>\n              <div class=\"content\">\n                <p>Nadis historie er en blanding av legender og mystikk, som virker p\u00e5 mirakul\u00f8se m\u00e5ter. Det sies at palmebladene ble skrevet av Sapta Rishis, en gruppe p\u00e5 7 (sapta) vismenn (Rishis). Derfor er det mulig at en person kan ha opptil syv forskjellige versjoner av sin biografi, en skrevet av hver av rishiene. Hovedforfatteren av palmebladene er Rishi &laquo;Agastya&raquo;, men det finnes ogs\u00e5 forskjellige formater av Nadi, skrevet av samme forfatter. Bibliotekene vi samarbeider med, leser hovedsakelig fra Rishi &laquo;Agastya&raquo;, men ogs\u00e5 blader fra andre Rishier er tilgjengelige p\u00e5 foresp\u00f8rsel.    <\/p>\n              <\/div>\n                          <div class=\"head\">Ville det v\u00e6re bedre \u00e5 opps\u00f8ke et bibliotek i India personlig?<\/div>\n              <div class=\"content\">\n                <p>Informasjonen du mottar under en zoom-h\u00e5ndspeiling blir levert p\u00e5 samme m\u00e5te som den du ville f\u00e5tt personlig p\u00e5 et autentisk h\u00e5ndbladbibliotek i India. Men hele reisen til India, som er et s\u00e5 mystisk sted, for \u00e5 avsl\u00f8re din skjebne, er selvf\u00f8lgelig ogs\u00e5 en vakker pilegrimsreise. Hvis du har mulighet til \u00e5 reise til India for \u00e5 bes\u00f8ke et bibliotek, er det selvf\u00f8lgelig ideelt, men det er mer fordelaktig \u00e5 f\u00e5 lesningen p\u00e5 nettet, og i det \u00f8yeblikket du trenger den, enn \u00e5 vente i mange \u00e5r p\u00e5 \u00e5 reise til India. N\u00e5r du f\u00f8lger intuisjonen din, vil du vite n\u00e5r det er riktig tidspunkt for deg.   <\/p>\n              <\/div>\n                          <div class=\"head\">Hva koster det og hva er inkludert?<\/div>\n              <div class=\"content\">\n                <p>Kostnaden for s\u00f8k og identifisering av bladet ditt, lesing av det generelle kapittelet og kapittel 14 er 289 \u20ac. Dette inkluderer det fysiske s\u00f8ket etter bunter som kan inneholde bladet ditt i bibliotekene i India og matchingsprosessen med leseren, oversetteren og som oftest ogs\u00e5 en moderator.<br \/>\nS\u00f8ket i bibliotekene kan ta mange timer. Matchingen kan ta opptil 2 timer (i de fleste vellykkede tilfeller rundt 1 time), og lesingen av det generelle kapittelet og kapittel 14 tar rundt 2 timer. Oversettelse til andre spr\u00e5k er tilgjengelig og koster 38 \u20ac. Hvis du i etterkant \u00f8nsker \u00e5 bestille flere kapitler, koster det 49-79 \u20ac per kapittel. Opplesningen av kapitlene tar ca. 15-60 minutter. Hvis du bor i et EU-land, kommer merverdiavgift i tillegg til prisen. Du kan se prisen for ditt land p\u00e5 bestillingssiden.  <\/p>\n              <\/div>\n                      <\/div>\n        <\/div>\n      <\/div>\n          <\/section>\n          <section class=\"accordion-container position-relative\" data-aos=\"fade-up\" data-aos-duration=\"1000\" id=\"om-lesing\">\n      <div class=\"container-xl\">\n        <div class=\"row\">\n          <h3>Om opplesningene<\/h3>\n          <div class=\"accr-wrap\">\n                          <div class=\"head\">Hvor lang tid tar avlesningen?<\/div>\n              <div class=\"content\">\n                <p>I gjennomsnitt tar matchingsprosessen og avlesningen rundt 2,5-4 timer. Vi kan imidlertid ikke si p\u00e5 forh\u00e5nd hvor lang tid det vil ta, da det avhenger av n\u00e5r (eller om) bladet ditt blir funnet. N\u00e5r ditt personlige palmeblad er identifisert, vil lesningen av det generelle kapittelet og kapittel 14 ta rundt 1-2 timer.  <\/p>\n              <\/div>\n                          <div class=\"head\">Er det mulig at bladet mitt ikke kan bli funnet?<\/div>\n              <div class=\"content\">\n                <p>Ja, det kan skje at bladet ditt ikke blir funnet. Dette er vanlig og kan ha ulike \u00e5rsaker. Det er mulig at det ikke finnes noe blad for deg, eller det er ogs\u00e5 mulig at det enn\u00e5 ikke er riktig tidspunkt for deg. Vi s\u00f8rger for \u00e5 s\u00f8ke grundig etter bladet ditt, og hvis det ikke kan bli funnet, anbefaler vi deg \u00e5 vente i minst 30 dager og deretter starte s\u00f8ket p\u00e5 nytt.    <\/p>\n              <\/div>\n                          <div class=\"head\">Hvordan b\u00f8r jeg forberede meg til en lesning?<\/div>\n              <div class=\"content\">\n                <p>S\u00f8rg for at du befinner deg p\u00e5 et rolig, uforstyrret sted, med god internettforbindelse. Innvendig anbefaler vi deg \u00e5 v\u00e6re uthvilt og g\u00e5 til lesningen med stor respekt og \u00e5penhet. En medf\u00f8lende vismann skrev din livssp\u00e5dom for tusenvis av \u00e5r siden, som er blitt bevart gjennom mange generasjoner for \u00e5 bli lest for deg i dag. Det er virkelig en spesiell begivenhet, og jo mer bevisst du er p\u00e5 den, desto dypere kan effekten synke inn.   <\/p>\n              <\/div>\n                          <div class=\"head\">Vil jeg f\u00e5 vite det n\u00e5r jeg d\u00f8r?<\/div>\n              <div class=\"content\">\n                <p>N\u00e5r palmebladet ditt blir funnet, vil du f\u00f8rst f\u00e5 en lesning av det generelle kapittelet som kan inneholde perioder med livsfare eller din potensielle d\u00f8d. Hvis du ikke \u00f8nsker \u00e5 h\u00f8re om livsfare, kan du informere moderatoren om dette i begynnelsen av lesningen. Hvis du \u00f8nsker \u00e5 h\u00f8re mer detaljer om tidspunktet og omstendighetene for hvordan du kan forlate kroppen din, anbefaler vi at du leser tilleggskapittel 8, som omhandler dette.  <\/p>\n              <\/div>\n                      <\/div>\n        <\/div>\n      <\/div>\n          <\/section>\n          <section class=\"accordion-container position-relative\" data-aos=\"fade-up\" data-aos-duration=\"1000\" id=\"om rettsmidler\">\n      <div class=\"container-xl\">\n        <div class=\"row\">\n          <h3>Om rettsmidlene<\/h3>\n          <div class=\"accr-wrap\">\n                          <div class=\"head\">Hva er botemidlene?<\/div>\n              <div class=\"content\">\n                <p>Hovedform\u00e5let med palmebladene er \u00e5 veilede s\u00f8keren ved \u00e5 gi ham eller henne et bredere perspektiv p\u00e5 livet, og \u00e5 tilby verkt\u00f8y i form av remedier som kan forbedre opplevelsen av livsveien. Rishiene kunne se hva slags karma en person ville b\u00e6re p\u00e5, og som ville skape sannsynlige hindringer i livet. De s\u00e5 ogs\u00e5 hva slags verkt\u00f8y som kunne v\u00e6re til hjelp for \u00e5 transformere denne karmaen eller beskytte s\u00f8keren mot dens mest skadelige virkninger. Kapitlene 13 og 14 handler hovedsakelig om gammel karma og tilbyr l\u00f8sninger i form av remedier. Det kan v\u00e6re enkle handlinger som \u00e5 donere penger til en bestemt sak, mate et dyr, gi kl\u00e6r til en fattig person eller pilegrimsreiser til hellige steder eller spesifikke praksiser eller ritualer.    <\/p>\n              <\/div>\n                          <div class=\"head\">  Hva er karma?<\/div>\n              <div class=\"content\">\n                <p>Ordet &laquo;karma&raquo; kan oversettes med &laquo;handling&raquo;. Hver eneste handling vi noensinne har beg\u00e5tt med kropp, tale og sinn, har en energetisk innvirkning i universet og i v\u00e5rt eget energifelt. Energifeltet v\u00e5rt best\u00e5r i bunn og grunn av en sv\u00e6rt kompleks kombinasjon av alle v\u00e5re tidligere handlinger gjennom utallige liv. I henhold til den flerdimensjonale frekvensen i energifeltet v\u00e5rt tiltrekker vi oss bestemte opplevelser i livet v\u00e5rt.   <\/p>\n              <\/div>\n                          <div class=\"head\">Hvordan virker rettsmidlene?<\/div>\n              <div class=\"content\">\n                <p>Alt i universet best\u00e5r av energi. Vi er et komplekst energifelt, og basert p\u00e5 dets frekvenser tiltrekker vi oss visse opplevelser. Rishiene kunne se og forutsi hvilke av v\u00e5re tidligere handlinger som skapte bestemte frekvenser, og hvilket utfall de sannsynligvis ville f\u00e5. De kunne ogs\u00e5 se og forutsi hva slags handling eller \u00e5ndelig praksis som ville fremkalle den helt spesifikke energien som ville transformere eller balansere den skadelige frekvensen. Derfor er remediene helt spesifikke energimedisiner som forvandler og balanserer karmaen v\u00e5r.    <\/p>\n              <\/div>\n                          <div class=\"head\">Hva er et mantra?<\/div>\n              <div class=\"content\">\n                <p>Et mantra er en lydvibrasjon p\u00e5 sanskritspr\u00e5ket som p\u00e5kaller og b\u00e6rer en bestemt frekvens og energi. Ved \u00e5 messe et mantra enten h\u00f8yt eller innvendig kan vi p\u00e5kalle ulike energier med spesifikke vibrasjoner. <\/p>\n              <\/div>\n                          <div class=\"head\">Hva er en yantra?<\/div>\n              <div class=\"content\">\n                <p>P\u00e5 samme m\u00e5te som et mantra er energi i form av lyd, er en yantra energi i form av en geometrisk struktur. Det er en synliggjort energifrekvens, som kan v\u00e6re enten i 2D eller 3D. <\/p>\n              <\/div>\n                          <div class=\"head\">Hva er en pooja?<\/div>\n              <div class=\"content\">\n                <p>En pooja er en seremoni som ofte holdes for en bestemt hinduistisk guddom. Gudene er i utgangspunktet personifiseringer av spesifikke energier. N\u00e5r en pooja holdes for en bestemt gud eller gudinne, p\u00e5kalles denne spesifikke frekvensen i livet til den personen som poojaen holdes for.  <\/p>\n              <\/div>\n                          <div class=\"head\">Hva er en homa?<\/div>\n              <div class=\"content\">\n                <p>En homa er en mer kompleks og kraftfull pooja i form av en ildseremoni for \u00e5 hedre og p\u00e5kalle ulike guder og invitere deres velsignelser inn i livet til den personen som homaen holdes for.<\/p>\n              <\/div>\n                          <div class=\"head\">Hva er japa?<\/div>\n              <div class=\"content\">\n                <p>Japa er en sadhana (\u00e5ndelig praksis) der man kontinuerlig messer et bestemt mantra, som for eksempel &laquo;Om Namah Shivaya&raquo;. Daglig japa-praksis bidrar til \u00e5 rense og fokusere sinnet. Det kan ogs\u00e5 gj\u00f8res for noen andre for \u00e5 velsigne denne personen med en spesifikk energi.  <\/p>\n              <\/div>\n                      <\/div>\n        <\/div>\n      <\/div>\n                        <div class=\"parallax-item-4 parallax-item\" data-speed=\".08\"><img decoding=\"async\" src=\"https:\/\/mypalmleaf.com\/wp-content\/uploads\/2024\/09\/parallax-item-4.png\" class=\"img-fluid\" alt=\"\"><\/div>\n                  <\/section>\n      <\/div>\n\n\n<section class=\"find-your-palm-leaf-block\" data-aos=\"fade-up\" data-aos-duration=\"1000\">\n  <div class=\"container-fluid px-0\">\n    <div class=\"row g-0\">\n      <div class=\"col\">\n        <div class=\"find-your-leaf-bg\">\n          <picture>\n            <source media=\"(max-width: 999px)\" srcset=\"https:\/\/mypalmleaf.com\/wp-content\/uploads\/2024\/08\/Find-your-Palm-Leaf-mob.webp\" \/>\n            <source media=\"(min-width: 1000px)\" srcset=\"https:\/\/mypalmleaf.com\/wp-content\/uploads\/2024\/08\/Find-your-Palm-Leaf.webp\" \/>\n            <img decoding=\"async\" src=\"https:\/\/mypalmleaf.com\/wp-content\/uploads\/2024\/08\/Find-your-Palm-Leaf.webp\" class=\"img-fluid\" alt=\"\" \/>\n          <\/picture>\n        <\/div>\n      <\/div>\n    <\/div>\n    <div class=\"content\">\n      <div class=\"container-xl\" data-aos=\"fade-up\" data-aos-duration=\"1000\">\n        <div class=\"row py-4\">\n          <div class=\"col-lg-8 mx-auto\">\n            <h2 class=\"mb-2\">Finn ditt palmeblad<\/h2>\n            <ul>\n<li>Alt du trenger for \u00e5 begynne \u00e5 s\u00f8ke etter h\u00e5ndflatebladet ditt, er tommelavtrykket ditt.<\/li>\n<li>Hvis du trenger en oversettelse til et annet spr\u00e5k, kan vi gj\u00f8re det for deg.<\/li>\n<li>Hvis vi ikke finner palmebladet ditt innen tre passende datoer, refunderer vi hele bel\u00f8pet.<\/li>\n<\/ul>\n          <\/div>\n        <\/div>\n        <div class=\"row mt-4\">\n          <div class=\"col text-center\">\n            <a href=\"\/no\/prices\/find-your-palm-leaf-and-read-the-general-chapter\/\" class=\"btn btn-primary\">Finn mitt blad<\/a>\n          <\/div>\n        <\/div>\n      <\/div>\n    <\/div>\n  <\/div>\n<\/section>","protected":false},"excerpt":{"rendered":"","protected":false},"author":1,"featured_media":0,"parent":0,"menu_order":0,"comment_status":"closed","ping_status":"closed","template":"","meta":{"_acf_changed":false,"footnotes":""},"class_list":["post-33287","page","type-page","status-publish","hentry"],"acf":[],"yoast_head":"<!-- This site is optimized with the Yoast SEO plugin v26.4 - https:\/\/yoast.com\/wordpress\/plugins\/seo\/ -->\n<title>VANLIGE SP\u00d8RSM\u00c5L - My Palm Leaf<\/title>\n<meta name=\"description\" content=\"F\u00e5 svar p\u00e5 de vanligste sp\u00f8rsm\u00e5lene om palmebladlesninger, hvordan prosessen fungerer, og hva du kan forvente f\u00f8r, under og etter din konsultasjon.\" \/>\n<meta name=\"robots\" content=\"index, follow, max-snippet:-1, max-image-preview:large, max-video-preview:-1\" \/>\n<link rel=\"canonical\" href=\"https:\/\/mypalmleaf.com\/frequently-asked-questions\/\" \/>\n<meta property=\"og:locale\" content=\"nb_NO\" \/>\n<meta property=\"og:type\" content=\"article\" \/>\n<meta property=\"og:title\" content=\"VANLIGE SP\u00d8RSM\u00c5L - My Palm Leaf\" \/>\n<meta property=\"og:description\" content=\"F\u00e5 svar p\u00e5 de vanligste sp\u00f8rsm\u00e5lene om palmebladlesninger, hvordan prosessen fungerer, og hva du kan forvente f\u00f8r, under og etter din konsultasjon.\" \/>\n<meta property=\"og:url\" content=\"https:\/\/mypalmleaf.com\/frequently-asked-questions\/\" \/>\n<meta property=\"og:site_name\" content=\"My Palm Leaf\" \/>\n<meta property=\"article:modified_time\" content=\"2025-04-29T11:24:08+00:00\" \/>\n<meta property=\"og:image\" content=\"https:\/\/mypalmleaf.com\/wp-content\/uploads\/2025\/08\/mpl-circle-logo.jpg\" \/>\n\t<meta property=\"og:image:width\" content=\"1200\" \/>\n\t<meta property=\"og:image:height\" content=\"1196\" \/>\n\t<meta property=\"og:image:type\" content=\"image\/jpeg\" \/>\n<meta name=\"twitter:card\" content=\"summary_large_image\" \/>\n<script type=\"application\/ld+json\" class=\"yoast-schema-graph\">{\"@context\":\"https:\/\/schema.org\",\"@graph\":[{\"@type\":\"WebPage\",\"@id\":\"https:\/\/mypalmleaf.com\/frequently-asked-questions\/\",\"url\":\"https:\/\/mypalmleaf.com\/frequently-asked-questions\/\",\"name\":\"VANLIGE SP\u00d8RSM\u00c5L - My Palm Leaf\",\"isPartOf\":{\"@id\":\"https:\/\/mypalmleaf.com\/#website\"},\"datePublished\":\"2024-08-14T07:24:30+00:00\",\"dateModified\":\"2025-04-29T11:24:08+00:00\",\"description\":\"F\u00e5 svar p\u00e5 de vanligste sp\u00f8rsm\u00e5lene om palmebladlesninger, hvordan prosessen fungerer, og hva du kan forvente f\u00f8r, under og etter din konsultasjon.\",\"breadcrumb\":{\"@id\":\"https:\/\/mypalmleaf.com\/frequently-asked-questions\/#breadcrumb\"},\"inLanguage\":\"nb-NO\",\"potentialAction\":[{\"@type\":\"ReadAction\",\"target\":[\"https:\/\/mypalmleaf.com\/frequently-asked-questions\/\"]}]},{\"@type\":\"BreadcrumbList\",\"@id\":\"https:\/\/mypalmleaf.com\/frequently-asked-questions\/#breadcrumb\",\"itemListElement\":[{\"@type\":\"ListItem\",\"position\":1,\"name\":\"Home\",\"item\":\"https:\/\/mypalmleaf.com\/no\/\"},{\"@type\":\"ListItem\",\"position\":2,\"name\":\"VANLIGE SP\u00d8RSM\u00c5L\"}]},{\"@type\":\"WebSite\",\"@id\":\"https:\/\/mypalmleaf.com\/#website\",\"url\":\"https:\/\/mypalmleaf.com\/\",\"name\":\"My Palm Leaf\",\"description\":\"\",\"potentialAction\":[{\"@type\":\"SearchAction\",\"target\":{\"@type\":\"EntryPoint\",\"urlTemplate\":\"https:\/\/mypalmleaf.com\/?s={search_term_string}\"},\"query-input\":{\"@type\":\"PropertyValueSpecification\",\"valueRequired\":true,\"valueName\":\"search_term_string\"}}],\"inLanguage\":\"nb-NO\"}]}<\/script>\n<!-- \/ Yoast SEO plugin. -->","yoast_head_json":{"title":"VANLIGE SP\u00d8RSM\u00c5L - My Palm Leaf","description":"F\u00e5 svar p\u00e5 de vanligste sp\u00f8rsm\u00e5lene om palmebladlesninger, hvordan prosessen fungerer, og hva du kan forvente f\u00f8r, under og etter din konsultasjon.","robots":{"index":"index","follow":"follow","max-snippet":"max-snippet:-1","max-image-preview":"max-image-preview:large","max-video-preview":"max-video-preview:-1"},"canonical":"https:\/\/mypalmleaf.com\/frequently-asked-questions\/","og_locale":"nb_NO","og_type":"article","og_title":"VANLIGE SP\u00d8RSM\u00c5L - My Palm Leaf","og_description":"F\u00e5 svar p\u00e5 de vanligste sp\u00f8rsm\u00e5lene om palmebladlesninger, hvordan prosessen fungerer, og hva du kan forvente f\u00f8r, under og etter din konsultasjon.","og_url":"https:\/\/mypalmleaf.com\/frequently-asked-questions\/","og_site_name":"My Palm Leaf","article_modified_time":"2025-04-29T11:24:08+00:00","og_image":[{"width":1200,"height":1196,"url":"https:\/\/mypalmleaf.com\/wp-content\/uploads\/2025\/08\/mpl-circle-logo.jpg","type":"image\/jpeg"}],"twitter_card":"summary_large_image","schema":{"@context":"https:\/\/schema.org","@graph":[{"@type":"WebPage","@id":"https:\/\/mypalmleaf.com\/frequently-asked-questions\/","url":"https:\/\/mypalmleaf.com\/frequently-asked-questions\/","name":"VANLIGE SP\u00d8RSM\u00c5L - My Palm Leaf","isPartOf":{"@id":"https:\/\/mypalmleaf.com\/#website"},"datePublished":"2024-08-14T07:24:30+00:00","dateModified":"2025-04-29T11:24:08+00:00","description":"F\u00e5 svar p\u00e5 de vanligste sp\u00f8rsm\u00e5lene om palmebladlesninger, hvordan prosessen fungerer, og hva du kan forvente f\u00f8r, under og etter din konsultasjon.","breadcrumb":{"@id":"https:\/\/mypalmleaf.com\/frequently-asked-questions\/#breadcrumb"},"inLanguage":"nb-NO","potentialAction":[{"@type":"ReadAction","target":["https:\/\/mypalmleaf.com\/frequently-asked-questions\/"]}]},{"@type":"BreadcrumbList","@id":"https:\/\/mypalmleaf.com\/frequently-asked-questions\/#breadcrumb","itemListElement":[{"@type":"ListItem","position":1,"name":"Home","item":"https:\/\/mypalmleaf.com\/no\/"},{"@type":"ListItem","position":2,"name":"VANLIGE SP\u00d8RSM\u00c5L"}]},{"@type":"WebSite","@id":"https:\/\/mypalmleaf.com\/#website","url":"https:\/\/mypalmleaf.com\/","name":"My Palm Leaf","description":"","potentialAction":[{"@type":"SearchAction","target":{"@type":"EntryPoint","urlTemplate":"https:\/\/mypalmleaf.com\/?s={search_term_string}"},"query-input":{"@type":"PropertyValueSpecification","valueRequired":true,"valueName":"search_term_string"}}],"inLanguage":"nb-NO"}]}},"_links":{"self":[{"href":"https:\/\/mypalmleaf.com\/no\/wp-json\/wp\/v2\/pages\/33287","targetHints":{"allow":["GET"]}}],"collection":[{"href":"https:\/\/mypalmleaf.com\/no\/wp-json\/wp\/v2\/pages"}],"about":[{"href":"https:\/\/mypalmleaf.com\/no\/wp-json\/wp\/v2\/types\/page"}],"author":[{"embeddable":true,"href":"https:\/\/mypalmleaf.com\/no\/wp-json\/wp\/v2\/users\/1"}],"replies":[{"embeddable":true,"href":"https:\/\/mypalmleaf.com\/no\/wp-json\/wp\/v2\/comments?post=33287"}],"version-history":[{"count":0,"href":"https:\/\/mypalmleaf.com\/no\/wp-json\/wp\/v2\/pages\/33287\/revisions"}],"wp:attachment":[{"href":"https:\/\/mypalmleaf.com\/no\/wp-json\/wp\/v2\/media?parent=33287"}],"curies":[{"name":"wp","href":"https:\/\/api.w.org\/{rel}","templated":true}]}}