
{"id":36442,"date":"2024-08-15T02:38:41","date_gmt":"2024-08-15T02:38:41","guid":{"rendered":"https:\/\/mypalmleaf.com\/palmeblader\/"},"modified":"2024-10-17T19:33:08","modified_gmt":"2024-10-17T19:33:08","slug":"palmeblader","status":"publish","type":"page","link":"https:\/\/mypalmleaf.com\/no\/palmeblader\/","title":{"rendered":"Palmeblader"},"content":{"rendered":"\n<section class=\"spotlight-main small top-gap\">\n    <!-- <div class=\"slider-wrap\" data-flickity='{ \"cellAlign\": \"left\", \"contain\": true, \"wrapAround\": true, \"setGallerySize\": false }'> -->\n    <div class=\"slider-wrap\" data-flickity='{ \"cellAlign\": \"left\", \"contain\": true, \"wrapAround\": true, \"setGallerySize\": false  }'>\n            <div class=\"slides\">\n        <div class=\"content-wrap\">\n          <div class=\"image\">\n            <picture>\n              <source media=\"(max-width: 999px)\" srcset=\"https:\/\/mypalmleaf.com\/wp-content\/uploads\/2024\/08\/indian-palm-leaf-spotlight-mob.webp\" \/>\n              <source media=\"(min-width: 1000px)\" srcset=\"https:\/\/mypalmleaf.com\/wp-content\/uploads\/2024\/08\/indian-palm-leaf-spotlight.webp\" \/>\n              <img decoding=\"async\" src=\"https:\/\/mypalmleaf.com\/wp-content\/uploads\/2024\/08\/indian-palm-leaf-spotlight.webp\" class=\"img-fluid\" alt=\"\" \/>\n            <\/picture>\n          <\/div>\n          <div class=\"content\">\n            <div data-aos=\"fade-up\" data-aos-duration=\"1000\">\n              <h2 class=\"\">De indiske palmebladene<\/h2>\n                                 \n            <\/div>\n          <\/div>\n        <\/div>\n      <\/div>\n          <\/div>\n<\/section><section class=\"faq-top-section my-6 mb-4 mt-xs-4 position-relative\">\n    <div class=\"container\">\n      <div class=\"row\">\n        <div class=\"col-lg-10 mx-auto\">\n            <div class=\"row justify-content-between align-items-center\">\n                <div class=\"col-lg-7\">\n                    <div class=\"rounded-asset\">\n                        <img decoding=\"async\" src=\"https:\/\/mypalmleaf.com\/wp-content\/uploads\/2024\/09\/What-Are-Palm-Leaves.jpg\" class=\"img-fluid\" alt=\"\"><div class=\"play-icon\"><\/div>\n                        <a href=\"https:\/\/www.youtube.com\/watch?v=9GdNX4SAHCA\" class=\"stretched-link\" data-lity><\/a>\n                      <\/div>\n                <\/div>\n                <div class=\"col-lg-5\">\n                    <h3>Finn ditt personlige palmeblad: En inngangsport til din fortid, n\u00e5tid og fremtid<\/h3>\n                <\/div>\n            <\/div>\n        <\/div>\n        \n        <div class=\"col-lg-12 text-center my-5\" data-aos=\"fade-up\" data-aos-duration=\"1000\">\n            <p class=\"mb-3\">Indiske palmeblader, ogs\u00e5 kjent som Nadi-palmblader, er eldgamle manuskripter som antas \u00e5 inneholde enkeltmenneskers livshistorier og skjebner. Disse hellige tekstene, som er skrevet med en gammel tamilsk skrift, ble nedtegnet av opplyste vismenn kalt Rishis for tusenvis av \u00e5r siden. <strong>  Rishiene brukte sin dype \u00e5ndelige innsikt til \u00e5 registrere detaljert informasjon om enkeltpersoners liv, inkludert aspekter som karriere, forhold, helse og \u00e5ndelig vekst.<\/strong><\/p>\n<p>&nbsp;<\/p>\n<p class=\"mb-3\">Hvert palmeblad er unikt og korresponderer med en bestemt person, og er ment \u00e5 bli funnet p\u00e5 det rette tidspunktet n\u00e5r den enkelte er klar til \u00e5 ta imot veiledningen og visdommen det inneholder. Disse bladene oppbevares i Nadi-biblioteker, hovedsakelig i S\u00f8r-India. En Nadi-lesning inneb\u00e6rer \u00e5 matche en persons tommelavtrykk eller grunnleggende detaljer med det korresponderende bladet, og avdekker personlig innsikt og r\u00e5d for livsreisen.  <\/p>\n<p class=\"mb-3\"><strong>Hos Mypalmleaf hjelper vi enkeltpersoner med \u00e5 komme i kontakt med disse eldgamle manuskriptene, og tilbyr en unik blanding av tradisjon og moderne tilgjengelighet for \u00e5 utforske rishienes visdom og veiledning.<br \/>\n<\/strong><\/p>\n<h4 class=\"my-3\"><strong>Ulike typer palmebladskrifter<\/strong><\/h4>\n<p>I tillegg til palmebladene, som inneholder livshistoriene til enkeltmennesker, finnes det ogs\u00e5 mange gamle skrifter som ble skrevet p\u00e5 palmebladene, som tekster om ayurveda, spiritualitet, astrologi og s\u00e5 videre. Opprinnelig ble de fleste av de gamle indiske skriftene skrevet p\u00e5 palmeblader, som ble brukt som papir i dag <\/p>\n        <\/div>\n      <\/div>\n    <\/div>\n                  <div class=\"parallax-item-3 parallax-item\" data-speed=\".08\"><img decoding=\"async\" src=\"https:\/\/mypalmleaf.com\/wp-content\/uploads\/2024\/08\/parallax-item-3-3.png\" class=\"img-fluid\" alt=\"\"><\/div>\n          <\/section><section class=\"how-palm-leaves-written-block my-6 mt-0\">\n  <div class=\"container\">\n    <div class=\"row text-center\" data-aos=\"fade-up\" data-aos-duration=\"1000\">\n      <div class=\"col-lg-12\">\n        <h3>Hvordan er palmebladene skrevet og bevart?<\/h3>\n        <h5 class=\"mt-4\"><strong>  Skriver palmebladene<\/strong><\/h5>\n      <\/div>\n    <\/div>\n\n    <div class=\"row justify-content-center my-4\">\n      <div class=\"col-lg-12 writing-the-palm-leaf-block\">\n        <ul class=\"foldable-leaf\">\n                                <li data-aos=\"flip-up\" data-aos-duration=\"1000\" data-aos-offset=\"10\"   class=\"aos-init aos-animate\">\n              <div class=\"image\"><img decoding=\"async\" src=\"https:\/\/mypalmleaf.com\/wp-content\/uploads\/2024\/09\/writing-the-palm-leaves.png\" class=\"img-fluid\" alt=\"\"><\/div>\n              <div class=\"content\">\n                <div class=\"desc\">\n                  <div class=\"title\">Materiale<\/div>\n                  <p>Manuskriptene er laget av bladene fra Talipot-palmen, et tre som er kjent for sine store og slitesterke blader. Bladene er valgt ut p\u00e5 grunn av sin lange levetid og motstandskraft. <\/p>\n                <\/div>\n              <\/div>\n            <\/li>\n                                  <li data-aos=\"flip-up\" data-aos-duration=\"1000\" data-aos-offset=\"10\" data-aos-delay=\"100\"  class=\"aos-init aos-animate\">\n              <div class=\"image\"><img decoding=\"async\" src=\"https:\/\/mypalmleaf.com\/wp-content\/uploads\/2024\/09\/writing-the-palm-leaves.png\" class=\"img-fluid\" alt=\"\"><\/div>\n              <div class=\"content\">\n                <div class=\"desc\">\n                  <div class=\"title\">Forberedelse<\/div>\n                  <p>Bladene samles f\u00f8rst inn og t\u00f8rkes deretter for \u00e5 fjerne fuktighet, noe som gj\u00f8r dem solide nok til \u00e5 skrive p\u00e5. Etter t\u00f8rking skj\u00e6res de i strimler av jevn st\u00f8rrelse. <\/p>\n                <\/div>\n              <\/div>\n            <\/li>\n                                  <li data-aos=\"flip-up\" data-aos-duration=\"1000\" data-aos-offset=\"10\" data-aos-delay=\"200\"  class=\"aos-init aos-animate\">\n              <div class=\"image\"><img decoding=\"async\" src=\"https:\/\/mypalmleaf.com\/wp-content\/uploads\/2024\/09\/writing-the-palm-leaves.png\" class=\"img-fluid\" alt=\"\"><\/div>\n              <div class=\"content\">\n                <div class=\"desc\">\n                  <div class=\"title\">Inskripsjon<\/div>\n                  <p>Teksten skrives med en skarp penn, som etser skriften inn i bladene. Skriften er skrevet med en eldgammel skrifttype som kalles tamilsk vattezhuthu, eller gammel tamil, som er kjent for sin skj\u00f8nnhet og kompleksitet. <\/p>\n                <\/div>\n              <\/div>\n            <\/li>\n                                  <li data-aos=\"flip-up\" data-aos-duration=\"1000\" data-aos-offset=\"10\" data-aos-delay=\"300\"  class=\"aos-init aos-animate\">\n              <div class=\"image\"><img decoding=\"async\" src=\"https:\/\/mypalmleaf.com\/wp-content\/uploads\/2024\/09\/writing-the-palm-leaves.png\" class=\"img-fluid\" alt=\"\"><\/div>\n              <div class=\"content\">\n                <div class=\"desc\">\n                  <div class=\"title\">Innfarging<\/div>\n                  <p>For \u00e5 gj\u00f8re inskripsjonene mer synlige, p\u00e5f\u00f8res blekk laget av naturlige stoffer som trekull eller gurkemeie over etsingene. Blekket legger seg i rillene og fremhever teksten mot bladets overflate. <\/p>\n                <\/div>\n              <\/div>\n            <\/li>\n                              <\/ul>\n      <\/div>\n    <\/div>\n  <\/div>\n<\/section>\n<section class=\"preservation-of-palm-leaf\">\n  <div class=\"container\">\n    <div class=\"row\">\n      <div class=\"col-lg-12\" data-aos=\"fade-up\" data-aos-duration=\"1000\">\n        <h4 class=\"my-4 text-center\"><strong>Konservering av palmebladene<\/strong><\/h4>\n      <\/div>\n    <\/div>\n    <div class=\"row text-center justify-content-between my-4\">\n              <div class=\"col-lg-5 my-4\" data-aos=\"fade-up\" data-aos-duration=\"1000\">\n          <div class=\"icon\"><img decoding=\"async\" src=\"https:\/\/mypalmleaf.com\/wp-content\/uploads\/2024\/09\/preserve-palm-leaf-icon-1.png\" alt=\"\"><\/div>\n          <div class=\"title\">Klimakontroll<\/div>\n          <div class=\"desc\">\n            <p>Palmbladene lagres under spesielle forhold for \u00e5 beskytte dem mot fuktighet, insekter og andre skadelige elementer. Nadi-bibliotekene, som hovedsakelig ligger i S\u00f8r-India, har kontrollerte milj\u00f8er med riktig luftfuktighet og temperatur. <\/p>\n          <\/div>\n        <\/div>\n              <div class=\"col-lg-5 my-4\" data-aos=\"fade-up\" data-aos-duration=\"1000\">\n          <div class=\"icon\"><img decoding=\"async\" src=\"https:\/\/mypalmleaf.com\/wp-content\/uploads\/2024\/09\/preserve-palm-leaf-icon-2.png\" alt=\"\"><\/div>\n          <div class=\"title\">Behandling med oljer<\/div>\n          <div class=\"desc\">\n            <p>Bladene behandles ofte med naturlige oljer, som kamfer- eller neemolje, for \u00e5 forhindre forringelse og insektangrep. Denne tradisjonelle metoden bidrar til \u00e5 bevare bladene i \u00e5rhundrer. <\/p>\n          <\/div>\n        <\/div>\n              <div class=\"col-lg-5 my-4\" data-aos=\"fade-up\" data-aos-duration=\"1000\">\n          <div class=\"icon\"><img decoding=\"async\" src=\"https:\/\/mypalmleaf.com\/wp-content\/uploads\/2024\/09\/preserve-palm-leaf-icon-3.png\" alt=\"\"><\/div>\n          <div class=\"title\">Periodisk vedlikehold<\/div>\n          <div class=\"desc\">\n            <p>Palmbladene lagres under spesielle forhold for \u00e5 beskytte dem mot fuktighet, insekter og andre skadelige elementer. Nadi-bibliotekene, som hovedsakelig ligger i S\u00f8r-India, har kontrollerte milj\u00f8er med riktig luftfuktighet og temperatur. <\/p>\n          <\/div>\n        <\/div>\n              <div class=\"col-lg-5 my-4\" data-aos=\"fade-up\" data-aos-duration=\"1000\">\n          <div class=\"icon\"><img decoding=\"async\" src=\"https:\/\/mypalmleaf.com\/wp-content\/uploads\/2024\/09\/preserve-palm-leaf-icon-4.png\" alt=\"\"><\/div>\n          <div class=\"title\">Lagring<\/div>\n          <div class=\"desc\">\n            <p>Bladene lagres i bunter som er bundet sammen og merket i henhold til hvilken kategori eller type lesning de inneholder. Disse buntene oppbevares i tre- eller metallbokser for \u00e5 beskytte dem mot fysiske skader og milj\u00f8faktorer. <\/p>\n          <\/div>\n        <\/div>\n          <\/div>\n  <\/div>\n<\/section><section class=\"who-are-rishis my-5 position-relative\">\n  <div class=\"container\">\n    <div class=\"row\">\n      <div class=\"col-lg-12 text-center\">\n        <h3 class=\"my-5 mt-0\">Hvem er Rishiene?<\/h3>\n        <div class=\"banner rounded-asset my-4\"><img decoding=\"async\" src=\"https:\/\/mypalmleaf.com\/wp-content\/uploads\/2024\/09\/who-are-the-rishis-1.jpg\" alt=\"\" class=\"img-fluid\"><\/div>\n        <p>Rishiene er de legendariske vismennene og seerne i det gamle India, kjent for sin utrolige \u00e5ndelige visdom og ekstraordin\u00e6re innsikt. Forestill deg at du kan f\u00e5 tilgang til et rike av guddommelig kunnskap og universelle sannheter &#8211; dette er rishienes verden. Disse opplyste vesenene regnes ofte som menneskehetens \u00e5ndelige pionerer, som utforsket bevissthetens og kosmos&#8217; dyp.<\/p>\n<h4 class=\"mt-4\"><strong>Visjon\u00e6rene i den gamle visdommen<\/strong><\/h4>\n<p>Ordet &laquo;Rishi&raquo; kommer fra sanskritordet &laquo;\u1e5b\u1e63&raquo;, som betyr &laquo;\u00e5 se&raquo; eller &laquo;\u00e5 oppfatte&raquo;. Rishier er ikke bare en hvilken som helst form for seende; de er visjon\u00e6re som kan oppfatte det usynlige og forst\u00e5 livets og universets dype mysterier. De er som oldtidens \u00e5ndelige astronauter, som reiser inn i det guddommeliges rike og bringer med seg kunnskapens skatter tilbake.  <\/p>\n<h4 class=\"mt-4\"><strong>Rishiene her og n\u00e5<\/strong><\/h4>\n<p>Selv om rishiene levde p\u00e5 denne planeten i menneskelig form for tusenvis av \u00e5r siden, st\u00f8tter de fortsatt menneskeheten og jorden fra de subtile dimensjonene. Deres n\u00e6rv\u00e6r er tidl\u00f8st, og jo mer vi er oppmerksomme og \u00e5pne for deres n\u00e6rv\u00e6r, jo mer kan deres velsignelse str\u00f8mme inn i v\u00e5re liv. Dette er ogs\u00e5 hensikten med palmebladene. De er mer enn bare sp\u00e5dommer, de er \u00e5ndelige verkt\u00f8y som hjelper oss \u00e5 forme livet v\u00e5rt ved hjelp av rishienes energetiske st\u00f8tte.   <\/p>\n<h4 class=\"mt-4\"><strong>Forbindelsen mellom rishiene og palmebladene<\/strong><\/h4>\n<p>Rishiene, de gamle vismennene og seerne i India, er de guddommelige forfatterne av palmebladmanuskriptene, kjent som Nadi-tekster. Gjennom dyp meditasjon og \u00e5ndelig innsikt nedtegnet disse opplyste vesenene enkeltmenneskers skjebner p\u00e5 palmeblader for flere tusen \u00e5r siden. Ved hjelp av den eldgamle tamilske skriften dokumenterte de detaljer om menneskers liv og ga dem \u00e5ndelig veiledning og innsikt i fortid, n\u00e5tid og fremtid. Disse palmebladene er bevart i Nadi-bibliotekene og blir lest av Nadi-astrologer som matcher en persons tommelavtrykk eller detaljer med det tilsvarende bladet. Denne hellige tradisjonen, som Mypalmleaf holder i hevd, fortsetter \u00e5 gi tidl\u00f8s visdom og klarhet, og hjelper s\u00f8kende med \u00e5 forst\u00e5 sin egen livsreise gjennom rishienes \u00f8yne.  <\/p>\n      <\/div>\n    <\/div>\n  <\/div>\n\n<\/section>","protected":false},"excerpt":{"rendered":"","protected":false},"author":1,"featured_media":0,"parent":0,"menu_order":0,"comment_status":"closed","ping_status":"closed","template":"","meta":{"_acf_changed":false,"footnotes":""},"class_list":["post-36442","page","type-page","status-publish","hentry"],"acf":[],"yoast_head":"<!-- This site is optimized with the Yoast SEO plugin v26.4 - https:\/\/yoast.com\/wordpress\/plugins\/seo\/ -->\n<title>Palmeblader - My Palm Leaf<\/title>\n<meta name=\"robots\" content=\"index, follow, max-snippet:-1, max-image-preview:large, max-video-preview:-1\" \/>\n<link rel=\"canonical\" href=\"https:\/\/mypalmleaf.com\/no\/palmeblader\/\" \/>\n<meta property=\"og:locale\" content=\"nb_NO\" \/>\n<meta property=\"og:type\" content=\"article\" \/>\n<meta property=\"og:title\" content=\"Palmeblader - My Palm Leaf\" \/>\n<meta property=\"og:url\" content=\"https:\/\/mypalmleaf.com\/no\/palmeblader\/\" \/>\n<meta property=\"og:site_name\" content=\"My Palm Leaf\" \/>\n<meta property=\"article:modified_time\" content=\"2024-10-17T19:33:08+00:00\" \/>\n<meta property=\"og:image\" content=\"https:\/\/mypalmleaf.com\/wp-content\/uploads\/2025\/08\/mpl-circle-logo.jpg\" \/>\n\t<meta property=\"og:image:width\" content=\"1200\" \/>\n\t<meta property=\"og:image:height\" content=\"1196\" \/>\n\t<meta property=\"og:image:type\" content=\"image\/jpeg\" \/>\n<meta name=\"twitter:card\" content=\"summary_large_image\" \/>\n<script type=\"application\/ld+json\" class=\"yoast-schema-graph\">{\"@context\":\"https:\/\/schema.org\",\"@graph\":[{\"@type\":\"WebPage\",\"@id\":\"https:\/\/mypalmleaf.com\/no\/palmeblader\/\",\"url\":\"https:\/\/mypalmleaf.com\/no\/palmeblader\/\",\"name\":\"Palmeblader - My Palm Leaf\",\"isPartOf\":{\"@id\":\"https:\/\/mypalmleaf.com\/#website\"},\"datePublished\":\"2024-08-15T02:38:41+00:00\",\"dateModified\":\"2024-10-17T19:33:08+00:00\",\"breadcrumb\":{\"@id\":\"https:\/\/mypalmleaf.com\/no\/palmeblader\/#breadcrumb\"},\"inLanguage\":\"nb-NO\",\"potentialAction\":[{\"@type\":\"ReadAction\",\"target\":[\"https:\/\/mypalmleaf.com\/no\/palmeblader\/\"]}]},{\"@type\":\"BreadcrumbList\",\"@id\":\"https:\/\/mypalmleaf.com\/no\/palmeblader\/#breadcrumb\",\"itemListElement\":[{\"@type\":\"ListItem\",\"position\":1,\"name\":\"Home\",\"item\":\"https:\/\/mypalmleaf.com\/no\/\"},{\"@type\":\"ListItem\",\"position\":2,\"name\":\"Palmeblader\"}]},{\"@type\":\"WebSite\",\"@id\":\"https:\/\/mypalmleaf.com\/#website\",\"url\":\"https:\/\/mypalmleaf.com\/\",\"name\":\"My Palm Leaf\",\"description\":\"\",\"potentialAction\":[{\"@type\":\"SearchAction\",\"target\":{\"@type\":\"EntryPoint\",\"urlTemplate\":\"https:\/\/mypalmleaf.com\/?s={search_term_string}\"},\"query-input\":{\"@type\":\"PropertyValueSpecification\",\"valueRequired\":true,\"valueName\":\"search_term_string\"}}],\"inLanguage\":\"nb-NO\"}]}<\/script>\n<!-- \/ Yoast SEO plugin. -->","yoast_head_json":{"title":"Palmeblader - My Palm Leaf","robots":{"index":"index","follow":"follow","max-snippet":"max-snippet:-1","max-image-preview":"max-image-preview:large","max-video-preview":"max-video-preview:-1"},"canonical":"https:\/\/mypalmleaf.com\/no\/palmeblader\/","og_locale":"nb_NO","og_type":"article","og_title":"Palmeblader - My Palm Leaf","og_url":"https:\/\/mypalmleaf.com\/no\/palmeblader\/","og_site_name":"My Palm Leaf","article_modified_time":"2024-10-17T19:33:08+00:00","og_image":[{"width":1200,"height":1196,"url":"https:\/\/mypalmleaf.com\/wp-content\/uploads\/2025\/08\/mpl-circle-logo.jpg","type":"image\/jpeg"}],"twitter_card":"summary_large_image","schema":{"@context":"https:\/\/schema.org","@graph":[{"@type":"WebPage","@id":"https:\/\/mypalmleaf.com\/no\/palmeblader\/","url":"https:\/\/mypalmleaf.com\/no\/palmeblader\/","name":"Palmeblader - My Palm Leaf","isPartOf":{"@id":"https:\/\/mypalmleaf.com\/#website"},"datePublished":"2024-08-15T02:38:41+00:00","dateModified":"2024-10-17T19:33:08+00:00","breadcrumb":{"@id":"https:\/\/mypalmleaf.com\/no\/palmeblader\/#breadcrumb"},"inLanguage":"nb-NO","potentialAction":[{"@type":"ReadAction","target":["https:\/\/mypalmleaf.com\/no\/palmeblader\/"]}]},{"@type":"BreadcrumbList","@id":"https:\/\/mypalmleaf.com\/no\/palmeblader\/#breadcrumb","itemListElement":[{"@type":"ListItem","position":1,"name":"Home","item":"https:\/\/mypalmleaf.com\/no\/"},{"@type":"ListItem","position":2,"name":"Palmeblader"}]},{"@type":"WebSite","@id":"https:\/\/mypalmleaf.com\/#website","url":"https:\/\/mypalmleaf.com\/","name":"My Palm Leaf","description":"","potentialAction":[{"@type":"SearchAction","target":{"@type":"EntryPoint","urlTemplate":"https:\/\/mypalmleaf.com\/?s={search_term_string}"},"query-input":{"@type":"PropertyValueSpecification","valueRequired":true,"valueName":"search_term_string"}}],"inLanguage":"nb-NO"}]}},"_links":{"self":[{"href":"https:\/\/mypalmleaf.com\/no\/wp-json\/wp\/v2\/pages\/36442","targetHints":{"allow":["GET"]}}],"collection":[{"href":"https:\/\/mypalmleaf.com\/no\/wp-json\/wp\/v2\/pages"}],"about":[{"href":"https:\/\/mypalmleaf.com\/no\/wp-json\/wp\/v2\/types\/page"}],"author":[{"embeddable":true,"href":"https:\/\/mypalmleaf.com\/no\/wp-json\/wp\/v2\/users\/1"}],"replies":[{"embeddable":true,"href":"https:\/\/mypalmleaf.com\/no\/wp-json\/wp\/v2\/comments?post=36442"}],"version-history":[{"count":0,"href":"https:\/\/mypalmleaf.com\/no\/wp-json\/wp\/v2\/pages\/36442\/revisions"}],"wp:attachment":[{"href":"https:\/\/mypalmleaf.com\/no\/wp-json\/wp\/v2\/media?parent=36442"}],"curies":[{"name":"wp","href":"https:\/\/api.w.org\/{rel}","templated":true}]}}