
{"id":36954,"date":"2024-09-05T05:42:23","date_gmt":"2024-09-05T05:42:23","guid":{"rendered":"https:\/\/mypalmleaf.com\/vilkar-og-betingelser\/"},"modified":"2025-04-29T11:24:30","modified_gmt":"2025-04-29T11:24:30","slug":"vilkar-og-betingelser","status":"publish","type":"page","link":"https:\/\/mypalmleaf.com\/no\/vilkar-og-betingelser\/","title":{"rendered":"Vilk\u00e5r og betingelser"},"content":{"rendered":"\n<h2 class=\"wp-block-heading has-text-align-left\">Sist oppdatert: 22. november 2024<\/h2>\n\n<p><strong>SAMTYKKE TIL VILK\u00c5R<\/strong><\/p>\n\n<p><strong>Avtale<\/strong> om vilk\u00e5r Disse vilk\u00e5rene og betingelsene (&laquo;vilk\u00e5rene&raquo;) utgj\u00f8r en juridisk bindende avtale inng\u00e5tt mellom deg, enten personlig eller p\u00e5 vegne av en enhet (&laquo;du&raquo;) og Conscious Innovation Lab O\u00dc, som opererer som MyPalmLeaf (&laquo;MyPalmLeaf&raquo;, &laquo;vi&raquo;, &laquo;oss&raquo; eller &laquo;v\u00e5r&raquo;), om din tilgang til og bruk av nettstedet www.mypalmleaf.com og andre relaterte medieformer, kanaler, mobilnettsteder eller applikasjoner (samlet kalt &laquo;nettstedet&raquo;). Ved \u00e5 g\u00e5 inn p\u00e5 eller bruke nettstedet, samtykker du i at du har lest, forst\u00e5tt og akseptert disse vilk\u00e5rene. Hvis du ikke er enig i disse vilk\u00e5rene, ber vi deg om \u00e5 slutte \u00e5 bruke nettstedet umiddelbart.  <\/p>\n\n<p>MyPalmLeaf er registrert i Estland, med hovedkontor p\u00e5 adressen Sakala tn 7-2, Tallinn, Harju 10141.<span id=\"docs-internal-guid-39601ff5-7fff-94b4-2e21-c11b3f240ebd\"><div><span style=\"font-size: 12pt; font-family: Arial, sans-serif; color: rgb(13, 13, 13); background-color: transparent; font-variant-numeric: normal; font-variant-east-asian: normal; font-variant-alternates: normal; font-variant-position: normal; vertical-align: baseline;\"><\/span><\/div><\/span><strong>Supplerende<\/strong> vilk\u00e5r Supplerende vilk\u00e5r og betingelser eller dokumenter kan bli lagt ut p\u00e5 nettstedet og er innlemmet i disse vilk\u00e5rene ved henvisning. Vi forbeholder oss retten til \u00e5 oppdatere eller endre disse vilk\u00e5rene n\u00e5r som helst. Endringer vil bli angitt med datoen &laquo;Sist oppdatert&raquo; \u00f8verst i dette dokumentet. Fortsatt bruk av nettstedet etter eventuelle oppdateringer utgj\u00f8r aksept av de endrede vilk\u00e5rene. Vi anbefaler at du leser gjennom disse vilk\u00e5rene med jevne mellomrom.<br\/>Informasjonen p\u00e5 nettstedet er ikke ment for distribusjon til eller bruk av noen person eller enhet i noen jurisdiksjon eller noe land der slik distribusjon eller bruk ville v\u00e6re i strid med lov eller forskrift, eller som ville p\u00e5legge oss noe registreringskrav i en slik jurisdiksjon eller et slikt land. Personer som velger \u00e5 g\u00e5 inn p\u00e5 nettstedet fra andre steder, gj\u00f8r dette p\u00e5 eget initiativ og er ene og alene ansvarlige for \u00e5 overholde lokale lover, hvis og i den grad lokale lover er gjeldende.     <\/p>\n\n<p><strong>Juridisk overholdelse<\/strong> Nettstedet er beregnet for brukere som er minst 18 \u00e5r gamle. Brukere som f\u00e5r tilgang til nettstedet fra land utenfor Estland, m\u00e5 s\u00f8rge for \u00e5 overholde gjeldende lokale lover. MyPalmLeaf kan ikke holdes ansvarlig for bruk av nettstedet i jurisdiksjoner der innholdet eller funksjonaliteten kan v\u00e6re i strid med lokale forskrifter. Merk: Ingenting i disse vilk\u00e5rene overstyrer forbrukervernlovene i det landet du bor i innenfor EU.   <\/p>\n\n<p><strong>Immaterielle rettigheter<\/strong> Nettstedet og hele dets innhold, inkludert, men ikke begrenset til, tekst, grafikk, logoer, bilder, videoer og programvare (samlet kalt &laquo;Innholdet&raquo;), eies av eller er lisensiert til MyPalmLeaf og er beskyttet av internasjonale lover om opphavsrett og varemerker. Du gis en begrenset, ikke-eksklusiv, ikke-overf\u00f8rbar og tilbakekallelig lisens til \u00e5 bruke nettstedet for personlige, ikke-kommersielle form\u00e5l. Uautorisert reproduksjon, distribusjon, modifisering eller utnyttelse av innholdet er strengt forbudt.  <br\/><\/p>\n\n<p>Tredjepartsinnhold er underlagt de respektive lisensvilk\u00e5rene, som fortsatt er tredjepartens ansvar.<\/p>\n\n<p><strong>Brukerrepresentasjoner<\/strong> Ved \u00e5 bruke nettstedet, erkl\u00e6rer du at:<\/p>\n\n<ul class=\"wp-block-list\">\n<li>All registreringsinformasjon du oppgir, er korrekt og oppdatert.<\/li>\n\n\n\n<li>Du vil opprettholde sikkerheten til kontoinformasjonen din.<\/li>\n\n\n\n<li>Du skal ikke bruke nettstedet til ulovlige form\u00e5l eller i strid med gjeldende lover.<\/li>\n\n\n\n<li>Du har rettslig handleevne til \u00e5 godta disse vilk\u00e5rene.<\/li>\n<\/ul>\n\n<p>Hvis du ikke overholder disse forpliktelsene, kan kontoen din bli avsluttet.<\/p>\n\n<p><strong>Personvern<\/strong> Vi respekterer personvernet ditt og behandler personopplysningene dine i samsvar med v\u00e5r personvernerkl\u00e6ring, som er innlemmet i disse vilk\u00e5rene. Ved \u00e5 bruke nettstedet samtykker du til innsamling, bruk og behandling av opplysningene dine som beskrevet i personvernerkl\u00e6ringen. Hvis du befinner deg i EU, vil opplysningene dine bli behandlet i samsvar med personvernforordningen (GDPR).  <\/p>\n\n<p>Viktige GDPR-prinsipper vi f\u00f8lger, er blant annet<\/p>\n\n<ul class=\"wp-block-list\">\n<li>\u00c5penhet: Tydelige og forst\u00e5elige forklaringer p\u00e5 hvordan opplysningene dine samles inn, behandles og lagres.<\/li>\n\n\n\n<li>Rett til innsyn: Du kan be om tilgang til opplysningene vi lagrer om deg.<\/li>\n\n\n\n<li>Rett til retting og sletting: Du kan be om retting eller sletting av personopplysningene dine.<\/li>\n\n\n\n<li>Dataportabilitet: Du kan be om en kopi av dataene dine i et b\u00e6rbart format.<\/li>\n\n\n\n<li>Rett til \u00e5 trekke tilbake samtykke: Du kan n\u00e5r som helst trekke tilbake ditt samtykke til databehandling.<\/li>\n\n\n\n<li>Oppbevaring: Opplysningene lagres bare s\u00e5 lenge det er n\u00f8dvendig for \u00e5 oppfylle de form\u00e5lene de ble samlet inn for, med mindre annet er lovp\u00e5lagt.<\/li>\n<\/ul>\n\n<p>For henvendelser om databeskyttelse, kontakt oss p\u00e5 info@mypalmleaf.com. Tredjepartsleverand\u00f8rer som behandler opplysningene dine, overholder gjeldende regelverk, spesielt n\u00e5r de befinner seg utenfor EU. <br\/><\/p>\n\n<p><strong>Produkter og tjenester<\/strong> Vi bestreber oss p\u00e5 \u00e5 gi n\u00f8yaktige beskrivelser av produktene og tjenestene v\u00e5re. Vi kan imidlertid ikke garantere at beskrivelsene, prisene eller annet innhold er feilfrie. Produkter og tjenester tilbys med forbehold om tilgjengelighet, og prisene kan endres uten varsel. Alle betalinger behandles p\u00e5 en sikker m\u00e5te, og du finner informasjon om aksepterte betalingsmetoder p\u00e5 nettstedet.   <br\/><\/p>\n\n<p><strong>Refusjoner og returer<\/strong> Alle salg er endelige. Refusjoner gis ikke med unntak av det som kreves i henhold til gjeldende forbrukerbeskyttelseslover. <br\/><\/p>\n\n<p><strong>Unntak:<\/strong> Hvis palmebladet ditt ikke kan finnes innen tre avtaler, har du rett til full refusjon.<br\/><\/p>\n\n<p>Tjenestene som tilbys av MyPalmLeaf er sv\u00e6rt personlige og skreddersydd til hver enkelt person basert p\u00e5 deres unike fingeravtrykk. Ved \u00e5 sende inn ditt tommelavtrykk, erkjenner og godtar du at tjenesten som tilbys er skreddersydd spesielt for deg. <br\/><\/p>\n\n<p>I henhold til EUs forbrukervernlovgivning er personaliserte tjenester unntatt fra standard angrerett. N\u00e5r fingeravtrykket er sendt og personaliseringsprosessen er p\u00e5begynt, er det derfor ikke lenger mulig \u00e5 refundere eller kansellere. <br\/><\/p>\n\n<p><strong>Forbudte aktiviteter<\/strong> Du samtykker i \u00e5 ikke:<\/p>\n\n<p>bruke nettstedet til uautoriserte kommersielle form\u00e5l.<\/p>\n\n<p>Distribuere skadelig programvare, for eksempel virus eller skadevare.<\/p>\n\n<p>Forstyrre nettstedets sikkerhetsfunksjoner.<\/p>\n\n<p>h\u00f8ste eller skrape brukerdata fra nettstedet uten tillatelse.<\/p>\n\n<ul class=\"wp-block-list\">\n<li>bruke nettstedet til uautoriserte kommersielle form\u00e5l.<\/li>\n\n\n\n<li>Distribuere skadelig programvare, for eksempel virus eller skadevare.<\/li>\n\n\n\n<li>Forstyrre nettstedets sikkerhetsfunksjoner.<\/li>\n\n\n\n<li>h\u00f8ste eller skrape brukerdata fra nettstedet uten tillatelse.<\/li>\n\n\n\n<li>Delta i aktiviteter som skader funksjonaliteten eller omd\u00f8mmet til nettstedet.<\/li>\n<\/ul>\n\n<p>Overtredelser kan resultere i umiddelbar stenging av kontoen eller rettslige skritt. Vi forbeholder oss retten til \u00e5 overv\u00e5ke aktiviteter p\u00e5 nettstedet for \u00e5 oppdage og forhindre forbudte aktiviteter. <\/p>\n\n<p><strong>Brukergenererte bidrag<\/strong> Hvis nettstedet tillater brukergenerert innhold (&laquo;bidrag&raquo;), samtykker du i at:<\/p>\n\n<ul class=\"wp-block-list\">\n<li>Bidragene dine krenker ikke tredjeparters rettigheter, herunder immaterielle rettigheter.<\/li>\n\n\n\n<li>Bidragene dine er ikke \u00e6rekrenkende, uanstendige eller p\u00e5 annen m\u00e5te ulovlige.<\/li>\n\n\n\n<li>Du gir MyPalmLeaf en ikke-eksklusiv, royaltyfri, verdensomspennende lisens til \u00e5 bruke, reprodusere og distribuere bidragene dine.<\/li>\n<\/ul>\n\n<p>Vi forbeholder oss retten til \u00e5 moderere eller fjerne bidrag som bryter med disse vilk\u00e5rene.<\/p>\n\n<p><strong>Tvistel\u00f8sning<\/strong><\/p>\n\n<ul class=\"wp-block-list\">\n<li><strong>Uformell l\u00f8sning:<\/strong> Vi oppfordrer til \u00e5 l\u00f8se tvister uformelt. Ta kontakt med oss p\u00e5 info@mypalmleaf.com for \u00e5 diskutere eventuelle problemer. <\/li>\n\n\n\n<li><strong>Voldgift:<\/strong> Hvis uformell l\u00f8sning mislykkes, vil tvister bli l\u00f8st gjennom bindende voldgift i henhold til reglene til Den europeiske voldgiftsdomstolen. Voldgiftsretten skal ha sete i Berlin, Tyskland, og forhandlingene skal foreg\u00e5 p\u00e5 engelsk. Hver part skal b\u00e6re sine egne kostnader, med mindre voldgiftsdommeren bestemmer noe annet.  <\/li>\n<\/ul>\n\n<p><strong>Unntak:<\/strong><\/p>\n\n<ul class=\"wp-block-list\">\n<li>Krav knyttet til immaterielle rettigheter.<\/li>\n\n\n\n<li>Krav knyttet til p\u00e5st\u00e5tt kriminell aktivitet eller brudd p\u00e5 personvernet.<\/li>\n\n\n\n<li>Krav der ufravikelige lokale lover krever l\u00f8sning i lokale domstoler.<\/li>\n<\/ul>\n\n<p><strong>Ansvarsbegrensning<\/strong> I den grad loven tillater det, er MyPalmLeaf og dets tilknyttede selskaper ikke ansvarlig for indirekte, tilfeldige eller f\u00f8lgeskader som oppst\u00e5r som f\u00f8lge av bruken av nettstedet. V\u00e5rt totale ansvar er begrenset til det bel\u00f8pet du har betalt for produktene eller tjenestene. <\/p>\n\n<p>Denne begrensningen gjelder ikke ansvar for bedrageri, personskade eller grov uaktsomhet der slike unntak er forbudt ved lov.<\/p>\n\n<p><strong>Endringer og avbrudd<\/strong> Vi forbeholder oss retten til \u00e5 endre, suspendere eller avvikle nettstedet eller dets tjenester n\u00e5r som helst uten varsel. Vi er ikke ansvarlige for eventuelle avbrudd eller feil, inkludert de som skyldes eksterne faktorer utenfor v\u00e5r kontroll. Brukerne er ansvarlige for \u00e5 sikkerhetskopiere sine egne data der det er aktuelt.  <br\/><\/p>\n\n<p><strong>Spesifikke vilk\u00e5r for avlesninger og rettsmidler<\/strong><\/p>\n\n<ul class=\"wp-block-list\">\n<li>MyPalmLeaf fungerer utelukkende som en tilrettelegger, og kobler kunder med erfarne h\u00e5ndbladlesere i India. Vi er ikke ansvarlige for innholdet, tolkningen eller resultatet av avlesningene. <\/li>\n\n\n\n<li>Forutsigelsene som gis i avlesningene, er ikke garantier og b\u00f8r betraktes som veiledning snarere enn visshet.<\/li>\n\n\n\n<li>Klienten har det fulle og hele ansvaret for sitt eget liv, sine egne beslutninger og handlinger, uavhengig av informasjonen som mottas under en reading.<\/li>\n\n\n\n<li>Ved \u00e5 bruke v\u00e5re tjenester bekrefter klientene at de fullt ut aksepterer ansvaret for sine liv og fraskriver seg alle rettigheter til \u00e5 holde MyPalmLeaf ansvarlig for sine beslutninger, innholdet i lesningene eller eventuelle effekter lesningene kan ha p\u00e5 dem.<\/li>\n\n\n\n<li>De remediene som foresl\u00e5s under lesningene, er anbefalinger som gis i god tro. Selv om de er forankret i tradisjonen, utgj\u00f8r de ikke l\u00f8fter om fysisk, emosjonell eller \u00e5ndelig helbredelse. <\/li>\n<\/ul>\n\n<p><strong>Gjeldende lov<\/strong> Disse vilk\u00e5rene er underlagt lovene i Estland. Hvis du er bosatt i EU, kan du ogs\u00e5 dra nytte av forbrukerbeskyttelseslovene i landet der du bor. Ingenting i disse vilk\u00e5rene begrenser obligatoriske rettigheter som er gitt i henhold til EUs forbrukerbeskyttelsesforskrifter.  <br\/><\/p>\n\n<p><strong>Kontakt oss<\/strong> Hvis du har sp\u00f8rsm\u00e5l eller klager, kan du n\u00e5 oss p\u00e5<br\/><\/p>\n\n<p>Conscious Innovation Lab O\u00dc<br\/>Sakala tn 7-2, Tallinn, Harju 10141, Estland<br\/>E-post: info@mypalmleaf.com<br\/>Telefon: +49 1575 3142393<\/p>\n\n<p><\/p>\n","protected":false},"excerpt":{"rendered":"<p>Sist oppdatert: 22. november 2024 SAMTYKKE TIL VILK\u00c5R Avtale om vilk\u00e5r Disse vilk\u00e5rene og betingelsene (&laquo;vilk\u00e5rene&raquo;) utgj\u00f8r en juridisk bindende avtale inng\u00e5tt mellom deg, enten personlig eller p\u00e5 vegne av en enhet (&laquo;du&raquo;) og Conscious Innovation Lab O\u00dc, som opererer som MyPalmLeaf (&laquo;MyPalmLeaf&raquo;, &laquo;vi&raquo;, &laquo;oss&raquo; eller &laquo;v\u00e5r&raquo;), om din tilgang til og bruk av nettstedet [&hellip;]<\/p>\n","protected":false},"author":1,"featured_media":0,"parent":0,"menu_order":0,"comment_status":"closed","ping_status":"closed","template":"static-template-page.php","meta":{"_acf_changed":false,"footnotes":""},"class_list":["post-36954","page","type-page","status-publish","hentry"],"acf":[],"yoast_head":"<!-- This site is optimized with the Yoast SEO plugin v26.4 - https:\/\/yoast.com\/wordpress\/plugins\/seo\/ -->\n<title>Vilk\u00e5r og betingelser - My Palm Leaf<\/title>\n<meta name=\"description\" content=\"Les v\u00e5re vilk\u00e5r og betingelser for bruk av nettstedet, inkludert informasjon om personvern, betalinger, tjenester og ansvar ved palmebladlesninger.\" \/>\n<meta name=\"robots\" content=\"index, follow, max-snippet:-1, max-image-preview:large, max-video-preview:-1\" \/>\n<link rel=\"canonical\" href=\"https:\/\/mypalmleaf.com\/terms-and-conditions\/\" \/>\n<meta property=\"og:locale\" content=\"nb_NO\" \/>\n<meta property=\"og:type\" content=\"article\" \/>\n<meta property=\"og:title\" content=\"Vilk\u00e5r og betingelser - My Palm Leaf\" \/>\n<meta property=\"og:description\" content=\"Les v\u00e5re vilk\u00e5r og betingelser for bruk av nettstedet, inkludert informasjon om personvern, betalinger, tjenester og ansvar ved palmebladlesninger.\" \/>\n<meta property=\"og:url\" content=\"https:\/\/mypalmleaf.com\/terms-and-conditions\/\" \/>\n<meta property=\"og:site_name\" content=\"My Palm Leaf\" \/>\n<meta property=\"article:modified_time\" content=\"2025-04-29T11:24:30+00:00\" \/>\n<meta property=\"og:image\" content=\"https:\/\/mypalmleaf.com\/wp-content\/uploads\/2025\/08\/mpl-circle-logo.jpg\" \/>\n\t<meta property=\"og:image:width\" content=\"1200\" \/>\n\t<meta property=\"og:image:height\" content=\"1196\" \/>\n\t<meta property=\"og:image:type\" content=\"image\/jpeg\" \/>\n<meta name=\"twitter:card\" content=\"summary_large_image\" \/>\n<meta name=\"twitter:label1\" content=\"Ansl. lesetid\" \/>\n\t<meta name=\"twitter:data1\" content=\"7 minutter\" \/>\n<script type=\"application\/ld+json\" class=\"yoast-schema-graph\">{\"@context\":\"https:\/\/schema.org\",\"@graph\":[{\"@type\":\"WebPage\",\"@id\":\"https:\/\/mypalmleaf.com\/terms-and-conditions\/\",\"url\":\"https:\/\/mypalmleaf.com\/terms-and-conditions\/\",\"name\":\"Vilk\u00e5r og betingelser - My Palm Leaf\",\"isPartOf\":{\"@id\":\"https:\/\/mypalmleaf.com\/#website\"},\"datePublished\":\"2024-09-05T05:42:23+00:00\",\"dateModified\":\"2025-04-29T11:24:30+00:00\",\"description\":\"Les v\u00e5re vilk\u00e5r og betingelser for bruk av nettstedet, inkludert informasjon om personvern, betalinger, tjenester og ansvar ved palmebladlesninger.\",\"breadcrumb\":{\"@id\":\"https:\/\/mypalmleaf.com\/terms-and-conditions\/#breadcrumb\"},\"inLanguage\":\"nb-NO\",\"potentialAction\":[{\"@type\":\"ReadAction\",\"target\":[\"https:\/\/mypalmleaf.com\/terms-and-conditions\/\"]}]},{\"@type\":\"BreadcrumbList\",\"@id\":\"https:\/\/mypalmleaf.com\/terms-and-conditions\/#breadcrumb\",\"itemListElement\":[{\"@type\":\"ListItem\",\"position\":1,\"name\":\"Home\",\"item\":\"https:\/\/mypalmleaf.com\/no\/\"},{\"@type\":\"ListItem\",\"position\":2,\"name\":\"Vilk\u00e5r og betingelser\"}]},{\"@type\":\"WebSite\",\"@id\":\"https:\/\/mypalmleaf.com\/#website\",\"url\":\"https:\/\/mypalmleaf.com\/\",\"name\":\"My Palm Leaf\",\"description\":\"\",\"potentialAction\":[{\"@type\":\"SearchAction\",\"target\":{\"@type\":\"EntryPoint\",\"urlTemplate\":\"https:\/\/mypalmleaf.com\/?s={search_term_string}\"},\"query-input\":{\"@type\":\"PropertyValueSpecification\",\"valueRequired\":true,\"valueName\":\"search_term_string\"}}],\"inLanguage\":\"nb-NO\"}]}<\/script>\n<!-- \/ Yoast SEO plugin. -->","yoast_head_json":{"title":"Vilk\u00e5r og betingelser - My Palm Leaf","description":"Les v\u00e5re vilk\u00e5r og betingelser for bruk av nettstedet, inkludert informasjon om personvern, betalinger, tjenester og ansvar ved palmebladlesninger.","robots":{"index":"index","follow":"follow","max-snippet":"max-snippet:-1","max-image-preview":"max-image-preview:large","max-video-preview":"max-video-preview:-1"},"canonical":"https:\/\/mypalmleaf.com\/terms-and-conditions\/","og_locale":"nb_NO","og_type":"article","og_title":"Vilk\u00e5r og betingelser - My Palm Leaf","og_description":"Les v\u00e5re vilk\u00e5r og betingelser for bruk av nettstedet, inkludert informasjon om personvern, betalinger, tjenester og ansvar ved palmebladlesninger.","og_url":"https:\/\/mypalmleaf.com\/terms-and-conditions\/","og_site_name":"My Palm Leaf","article_modified_time":"2025-04-29T11:24:30+00:00","og_image":[{"width":1200,"height":1196,"url":"https:\/\/mypalmleaf.com\/wp-content\/uploads\/2025\/08\/mpl-circle-logo.jpg","type":"image\/jpeg"}],"twitter_card":"summary_large_image","twitter_misc":{"Ansl. lesetid":"7 minutter"},"schema":{"@context":"https:\/\/schema.org","@graph":[{"@type":"WebPage","@id":"https:\/\/mypalmleaf.com\/terms-and-conditions\/","url":"https:\/\/mypalmleaf.com\/terms-and-conditions\/","name":"Vilk\u00e5r og betingelser - My Palm Leaf","isPartOf":{"@id":"https:\/\/mypalmleaf.com\/#website"},"datePublished":"2024-09-05T05:42:23+00:00","dateModified":"2025-04-29T11:24:30+00:00","description":"Les v\u00e5re vilk\u00e5r og betingelser for bruk av nettstedet, inkludert informasjon om personvern, betalinger, tjenester og ansvar ved palmebladlesninger.","breadcrumb":{"@id":"https:\/\/mypalmleaf.com\/terms-and-conditions\/#breadcrumb"},"inLanguage":"nb-NO","potentialAction":[{"@type":"ReadAction","target":["https:\/\/mypalmleaf.com\/terms-and-conditions\/"]}]},{"@type":"BreadcrumbList","@id":"https:\/\/mypalmleaf.com\/terms-and-conditions\/#breadcrumb","itemListElement":[{"@type":"ListItem","position":1,"name":"Home","item":"https:\/\/mypalmleaf.com\/no\/"},{"@type":"ListItem","position":2,"name":"Vilk\u00e5r og betingelser"}]},{"@type":"WebSite","@id":"https:\/\/mypalmleaf.com\/#website","url":"https:\/\/mypalmleaf.com\/","name":"My Palm Leaf","description":"","potentialAction":[{"@type":"SearchAction","target":{"@type":"EntryPoint","urlTemplate":"https:\/\/mypalmleaf.com\/?s={search_term_string}"},"query-input":{"@type":"PropertyValueSpecification","valueRequired":true,"valueName":"search_term_string"}}],"inLanguage":"nb-NO"}]}},"_links":{"self":[{"href":"https:\/\/mypalmleaf.com\/no\/wp-json\/wp\/v2\/pages\/36954","targetHints":{"allow":["GET"]}}],"collection":[{"href":"https:\/\/mypalmleaf.com\/no\/wp-json\/wp\/v2\/pages"}],"about":[{"href":"https:\/\/mypalmleaf.com\/no\/wp-json\/wp\/v2\/types\/page"}],"author":[{"embeddable":true,"href":"https:\/\/mypalmleaf.com\/no\/wp-json\/wp\/v2\/users\/1"}],"replies":[{"embeddable":true,"href":"https:\/\/mypalmleaf.com\/no\/wp-json\/wp\/v2\/comments?post=36954"}],"version-history":[{"count":0,"href":"https:\/\/mypalmleaf.com\/no\/wp-json\/wp\/v2\/pages\/36954\/revisions"}],"wp:attachment":[{"href":"https:\/\/mypalmleaf.com\/no\/wp-json\/wp\/v2\/media?parent=36954"}],"curies":[{"name":"wp","href":"https:\/\/api.w.org\/{rel}","templated":true}]}}