
{"id":37146,"date":"2024-08-28T04:10:49","date_gmt":"2024-08-28T04:10:49","guid":{"rendered":"https:\/\/mypalmleaf.com\/bli-med-oss\/"},"modified":"2025-07-07T10:31:02","modified_gmt":"2025-07-07T10:31:02","slug":"bli-med-oss","status":"publish","type":"page","link":"https:\/\/mypalmleaf.com\/no\/bli-med-oss\/","title":{"rendered":"Bli med oss"},"content":{"rendered":"\n<section class=\"spotlight-main small top-gap\">\n    <!-- <div class=\"slider-wrap\" data-flickity='{ \"cellAlign\": \"left\", \"contain\": true, \"wrapAround\": true, \"setGallerySize\": false }'> -->\n    <div class=\"slider-wrap\" data-flickity='{ \"cellAlign\": \"left\", \"contain\": true, \"wrapAround\": true, \"setGallerySize\": false  }'>\n            <div class=\"slides\">\n        <div class=\"content-wrap\">\n          <div class=\"image\">\n            <picture>\n              <source media=\"(max-width: 999px)\" srcset=\"https:\/\/mypalmleaf.com\/wp-content\/uploads\/2024\/09\/join-us-spotlight-new-mob.jpg\" \/>\n              <source media=\"(min-width: 1000px)\" srcset=\"https:\/\/mypalmleaf.com\/wp-content\/uploads\/2024\/09\/join-us-spotlight-new.jpg\" \/>\n              <img decoding=\"async\" src=\"https:\/\/mypalmleaf.com\/wp-content\/uploads\/2024\/09\/join-us-spotlight-new.jpg\" class=\"img-fluid\" alt=\"\" \/>\n            <\/picture>\n          <\/div>\n          <div class=\"content\">\n            <div data-aos=\"fade-up\" data-aos-duration=\"1000\">\n              <h2 class=\"\">Bli med oss<\/h2>\n                                 \n            <\/div>\n          <\/div>\n        <\/div>\n      <\/div>\n          <\/div>\n<\/section>\n<section class=\"my-6 flipping-gallery\">\n  <div class=\"container-xl\" data-aos=\"fade-up\" data-aos-duration=\"1000\">\n    <div class=\"row\">\n      <div class=\"col\">\n        <div class=\"gallery-wrap\">\n                      <div class=\"block\">\n              <div class=\"rounded-asset\">\n                                                  <img decoding=\"async\" src=\"https:\/\/mypalmleaf.com\/wp-content\/uploads\/2024\/08\/gallery-img-1-2.jpg\" alt=\"\" class=\"\">\n                                                    <img decoding=\"async\" src=\"https:\/\/mypalmleaf.com\/wp-content\/uploads\/2024\/08\/gallery-img-1.jpg\" alt=\"\" class=\"overlay\">\n                                                <\/div>\n            <\/div>\n                      <div class=\"block\">\n              <div class=\"rounded-asset\">\n                                                  <img decoding=\"async\" src=\"https:\/\/mypalmleaf.com\/wp-content\/uploads\/2024\/08\/gallery-img-2-2.jpg\" alt=\"\" class=\"\">\n                                                    <img decoding=\"async\" src=\"https:\/\/mypalmleaf.com\/wp-content\/uploads\/2024\/08\/gallery-img-2.jpg\" alt=\"\" class=\"overlay\">\n                                                <\/div>\n            <\/div>\n                      <div class=\"block\">\n              <div class=\"rounded-asset\">\n                                                  <img decoding=\"async\" src=\"https:\/\/mypalmleaf.com\/wp-content\/uploads\/2024\/08\/gallery-img-3-2.jpg\" alt=\"\" class=\"\">\n                                                    <img decoding=\"async\" src=\"https:\/\/mypalmleaf.com\/wp-content\/uploads\/2024\/08\/gallery-img-3.jpg\" alt=\"\" class=\"overlay\">\n                                                <\/div>\n            <\/div>\n                      <div class=\"block\">\n              <div class=\"rounded-asset\">\n                                                  <img decoding=\"async\" src=\"https:\/\/mypalmleaf.com\/wp-content\/uploads\/2024\/08\/gallery-img-4-2.jpg\" alt=\"\" class=\"\">\n                                                    <img decoding=\"async\" src=\"https:\/\/mypalmleaf.com\/wp-content\/uploads\/2024\/08\/gallery-img-4.jpg\" alt=\"\" class=\"overlay\">\n                                                <\/div>\n            <\/div>\n                      <div class=\"block\">\n              <div class=\"rounded-asset\">\n                                                  <img decoding=\"async\" src=\"https:\/\/mypalmleaf.com\/wp-content\/uploads\/2024\/08\/gallery-img-5-2.jpg\" alt=\"\" class=\"\">\n                                                    <img decoding=\"async\" src=\"https:\/\/mypalmleaf.com\/wp-content\/uploads\/2024\/08\/gallery-img-5.jpg\" alt=\"\" class=\"overlay\">\n                                                <\/div>\n            <\/div>\n                      <div class=\"block\">\n              <div class=\"rounded-asset\">\n                                                  <img decoding=\"async\" src=\"https:\/\/mypalmleaf.com\/wp-content\/uploads\/2024\/08\/gallery-img-6.jpg\" alt=\"\" class=\"\">\n                                                    <img decoding=\"async\" src=\"https:\/\/mypalmleaf.com\/wp-content\/uploads\/2024\/08\/gallery-img-6-2.jpg\" alt=\"\" class=\"overlay\">\n                                                <\/div>\n            <\/div>\n                  <\/div>\n      <\/div>\n    <\/div>\n  <\/div>\n<\/section><section class=\"join-us-block my-6 position-relative\">\n  <div class=\"container-xl\">\n    <div class=\"row mb-4 justify-content-center\">\n      <div class=\"col-lg-10 text-center\" data-aos=\"fade-up\" data-aos-duration=\"1000\">\n        <p>Som moderator eller oversetter bist\u00e5r du klientene i h\u00e5ndbladlesningene, svarer p\u00e5 sp\u00f8rsm\u00e5lene deres, st\u00f8tter dem, f\u00e5r dem til \u00e5 f\u00f8le seg komfortable og bygger en bro mellom dem og h\u00e5ndbladbiblioteket.<\/p>\n      <\/div>\n    <\/div>\n    <div class=\"row my-5 justify-content-between\" data-aos=\"fade-up\" data-aos-duration=\"1000\">\n              <div class=\"col-lg-5\">\n          <div class=\"dual-col\">\n            <div class=\"title\">\n              <img decoding=\"async\" src=\"https:\/\/mypalmleaf.com\/wp-content\/uploads\/2024\/08\/title-bg.png\" alt=\"\" class=\"img-fluid\">\n              <div class=\"text\">Moderator<\/div>\n            <\/div>\n            <div class=\"desc\">\n              <p>Som moderator st\u00f8tter du engelske palmebladlesninger.<br \/>\nDu forklarer prosessen f\u00f8r lesingen begynner og er der i bakgrunnen for \u00e5 svare p\u00e5 sp\u00f8rsm\u00e5l hvis det er behov for det.<br \/>\nSelve lesningen oversettes fra tamilsk til engelsk av oversetteren i palmebladbiblioteket.  <\/p>\n            <\/div>\n          <\/div>\n        <\/div>\n              <div class=\"col-lg-5\">\n          <div class=\"dual-col\">\n            <div class=\"title\">\n              <img decoding=\"async\" src=\"https:\/\/mypalmleaf.com\/wp-content\/uploads\/2024\/08\/title-bg.png\" alt=\"\" class=\"img-fluid\">\n              <div class=\"text\">Oversetter<\/div>\n            <\/div>\n            <div class=\"desc\">\n              <p>Som oversetter gj\u00f8r du alt en moderator gj\u00f8r, men du oversetter ogs\u00e5 alt som oversettes fra tamilsk til engelsk av bibliotekets oversettere, til ditt eget spr\u00e5k, for eksempel polsk, fransk eller arabisk.<\/p>\n            <\/div>\n          <\/div>\n        <\/div>\n          <\/div>\n  <\/div>\n  <\/section><section class=\"tabs-wrapper my-6 mt-0\">\n  <div class=\"container-xl\">\n    <div class=\"row\">\n      <div class=\"tabs-container\" data-aos=\"fade-up\" data-aos-duration=\"1000\">\n        <ul class=\"tabs\">\n                                <li class=\"tab-button active\" data-target=\"tab1\">Krav<\/li>\n                                  <li class=\"tab-button active\" data-target=\"tab2\">Hvorfor bli med oss<\/li>\n                                  <li class=\"tab-button active\" data-target=\"tab3\">Arbeidstid<\/li>\n                                  <li class=\"tab-button active\" data-target=\"tab4\">Kompensasjon og l\u00f8nn<\/li>\n                              <\/ul>\n        <div class=\"tab-content\">\n                                <div id=\"tab1\" class=\"tab-pane active\">\n              <h4>Absolutte krav for \u00e5 bist\u00e5 i h\u00e5ndflatelesninger er<\/h4>\n<ul>\n<li>Du behersker engelsk flytende og oversetter p\u00e5 det spr\u00e5ket du oversetter til<\/li>\n<li>Du er i tr\u00e5d med v\u00e5r \u00e5ndelige misjon<\/li>\n<li>Du har en velfungerende datamaskin, kan bruke zoom og har en stabil internettforbindelse.<\/li>\n<li>Du er p\u00e5litelig og punktlig.<\/li>\n<li>Du har en oppriktig motivasjon for \u00e5 bidra til menneskehetens utvikling, helbredelse og oppv\u00e5kning<\/li>\n<li>Du er motivert og inspirert<\/li>\n<li>Du kan og er villig til \u00e5 ta ansvar og v\u00e6re proaktiv<\/li>\n<li>Du har selv hatt en h\u00e5ndbladlesning og forst\u00e5r prosessen.<\/li>\n<li>Du liker \u00e5 kommunisere og f\u00e5 kontakt med mennesker som er empatiske, kj\u00e6rlige og autentiske.<\/li>\n<li>Du er \u00e5pen og villig til \u00e5 l\u00e6re deg nye ferdigheter.<\/li>\n<li>Du har g\u00e5tt gjennom nettstedet og YouTube-kanalen v\u00e5r og har en klar forst\u00e5else av hva Mypalmleaf driver med.<\/li>\n<li>Du er tydelig, kj\u00e6rlig og direkte i din kommunikasjon.<\/li>\n<\/ul>\n            <\/div>\n                                  <div id=\"tab2\" class=\"tab-pane active\">\n              <h4>De virkelige grunnene til \u00e5 jobbe med Mypalmleaf<\/h4>\n<p>Mypalmleaf er en form\u00e5lsdrevet organisasjon som kombinerer dyp \u00e5ndelig praksis og forst\u00e5else med jordn\u00e6re arbeidsstrukturer som st\u00f8tter deg i din profesjonelle vekst.<br \/>\nVi skaper et inspirerende arbeidsmilj\u00f8 som bidrar til menneskehetens utvikling, og som har til hensikt \u00e5 se og hjelpe deg som det unike mennesket du er.<br \/>\nSom team jobber vi sammen i en positiv, st\u00f8ttende team\u00e5nd som har til hensikt \u00e5 f\u00e5 frem og st\u00f8tte dine ferdigheter og talenter, samtidig som vi s\u00f8rger for en god inntekt som gir deg et liv du kan leve av.  <\/p>\n            <\/div>\n                                  <div id=\"tab3\" class=\"tab-pane active\">\n              <p>Vi har vanligvis en lesning som starter mellom kl. 07.00 og 20.00 i India, og du kan planlegge tidsluker, avhengig av din tilgjengelighet i samordning med kundenes og organisasjonens behov.<br \/>\nVanligvis gj\u00f8r vi v\u00e5rt beste for \u00e5 f\u00e5 det til \u00e5 fungere for alle. <\/p>\n            <\/div>\n                                  <div id=\"tab4\" class=\"tab-pane active\">\n              <p>Vi sender deg en detaljert betalingsforklaring etter at vi har mottatt s\u00f8knaden din.<\/p>\n            <\/div>\n                              <\/div>\n      <\/div>\n    <\/div>\n  <\/div>\n<\/section><section class=\"how-to-apply my-6 mt-0\">\n  <div class=\"container-xl\">\n    <div class=\"row\">\n      <div class=\"col-lg-10 mx-auto\" >\n        <div class=\"dual-col \">\n          <div class=\"title\">\n            <img decoding=\"async\" src=\"https:\/\/mypalmleaf.com\/wp-content\/uploads\/2024\/08\/title-bg.png\" alt=\"\" class=\"img-fluid\">\n            <div class=\"text\">Hvordan s\u00f8ke<\/div>\n          <\/div>\n          <div class=\"desc\">\n            <p>Send oss en kort selfievideo p\u00e5 1-5 minutter der du forteller litt om deg selv og hvorfor du \u00f8nsker \u00e5 jobbe med oss. Den trenger ikke \u00e5 v\u00e6re profesjonell. Ikke utsett det og ikke v\u00e6r sjenert, bare gj\u00f8r det n\u00e5. Det er den holdningen vi gjerne vil ha inn i teamet v\u00e5rt. Vi vil intervjue alle seri\u00f8se s\u00f8kere som sender oss en video, i et 10-minutters speedintervju. Ikke: Send oss en melding der du ber oss om \u00e5 &laquo;sende mer info&raquo;.<\/p>\n<div class=\"btm-contact\">Lag videoen n\u00e5 og send den til <a href=\"mailto:info@mypalmleaf.com\">info@mypalmleaf.com<\/a><\/div>\n          <\/div>\n        <\/div>\n      <\/div>\n    <\/div>\n  <\/div>\n<\/section>","protected":false},"excerpt":{"rendered":"","protected":false},"author":1,"featured_media":0,"parent":0,"menu_order":0,"comment_status":"closed","ping_status":"closed","template":"","meta":{"_acf_changed":false,"footnotes":""},"class_list":["post-37146","page","type-page","status-publish","hentry"],"acf":[],"yoast_head":"<!-- This site is optimized with the Yoast SEO plugin v26.4 - https:\/\/yoast.com\/wordpress\/plugins\/seo\/ -->\n<title>Bli med oss - My Palm Leaf<\/title>\n<meta name=\"robots\" content=\"index, follow, max-snippet:-1, max-image-preview:large, max-video-preview:-1\" \/>\n<link rel=\"canonical\" href=\"https:\/\/mypalmleaf.com\/no\/bli-med-oss\/\" \/>\n<meta property=\"og:locale\" content=\"nb_NO\" \/>\n<meta property=\"og:type\" content=\"article\" \/>\n<meta property=\"og:title\" content=\"Bli med oss - My Palm Leaf\" \/>\n<meta property=\"og:url\" content=\"https:\/\/mypalmleaf.com\/no\/bli-med-oss\/\" \/>\n<meta property=\"og:site_name\" content=\"My Palm Leaf\" \/>\n<meta property=\"article:modified_time\" content=\"2025-07-07T10:31:02+00:00\" \/>\n<meta property=\"og:image\" content=\"https:\/\/mypalmleaf.com\/wp-content\/uploads\/2025\/08\/mpl-circle-logo.jpg\" \/>\n\t<meta property=\"og:image:width\" content=\"1200\" \/>\n\t<meta property=\"og:image:height\" content=\"1196\" \/>\n\t<meta property=\"og:image:type\" content=\"image\/jpeg\" \/>\n<meta name=\"twitter:card\" content=\"summary_large_image\" \/>\n<script type=\"application\/ld+json\" class=\"yoast-schema-graph\">{\"@context\":\"https:\/\/schema.org\",\"@graph\":[{\"@type\":\"WebPage\",\"@id\":\"https:\/\/mypalmleaf.com\/no\/bli-med-oss\/\",\"url\":\"https:\/\/mypalmleaf.com\/no\/bli-med-oss\/\",\"name\":\"Bli med oss - My Palm Leaf\",\"isPartOf\":{\"@id\":\"https:\/\/mypalmleaf.com\/#website\"},\"datePublished\":\"2024-08-28T04:10:49+00:00\",\"dateModified\":\"2025-07-07T10:31:02+00:00\",\"breadcrumb\":{\"@id\":\"https:\/\/mypalmleaf.com\/no\/bli-med-oss\/#breadcrumb\"},\"inLanguage\":\"nb-NO\",\"potentialAction\":[{\"@type\":\"ReadAction\",\"target\":[\"https:\/\/mypalmleaf.com\/no\/bli-med-oss\/\"]}]},{\"@type\":\"BreadcrumbList\",\"@id\":\"https:\/\/mypalmleaf.com\/no\/bli-med-oss\/#breadcrumb\",\"itemListElement\":[{\"@type\":\"ListItem\",\"position\":1,\"name\":\"Home\",\"item\":\"https:\/\/mypalmleaf.com\/no\/\"},{\"@type\":\"ListItem\",\"position\":2,\"name\":\"Bli med oss\"}]},{\"@type\":\"WebSite\",\"@id\":\"https:\/\/mypalmleaf.com\/#website\",\"url\":\"https:\/\/mypalmleaf.com\/\",\"name\":\"My Palm Leaf\",\"description\":\"\",\"potentialAction\":[{\"@type\":\"SearchAction\",\"target\":{\"@type\":\"EntryPoint\",\"urlTemplate\":\"https:\/\/mypalmleaf.com\/?s={search_term_string}\"},\"query-input\":{\"@type\":\"PropertyValueSpecification\",\"valueRequired\":true,\"valueName\":\"search_term_string\"}}],\"inLanguage\":\"nb-NO\"}]}<\/script>\n<!-- \/ Yoast SEO plugin. -->","yoast_head_json":{"title":"Bli med oss - My Palm Leaf","robots":{"index":"index","follow":"follow","max-snippet":"max-snippet:-1","max-image-preview":"max-image-preview:large","max-video-preview":"max-video-preview:-1"},"canonical":"https:\/\/mypalmleaf.com\/no\/bli-med-oss\/","og_locale":"nb_NO","og_type":"article","og_title":"Bli med oss - My Palm Leaf","og_url":"https:\/\/mypalmleaf.com\/no\/bli-med-oss\/","og_site_name":"My Palm Leaf","article_modified_time":"2025-07-07T10:31:02+00:00","og_image":[{"width":1200,"height":1196,"url":"https:\/\/mypalmleaf.com\/wp-content\/uploads\/2025\/08\/mpl-circle-logo.jpg","type":"image\/jpeg"}],"twitter_card":"summary_large_image","schema":{"@context":"https:\/\/schema.org","@graph":[{"@type":"WebPage","@id":"https:\/\/mypalmleaf.com\/no\/bli-med-oss\/","url":"https:\/\/mypalmleaf.com\/no\/bli-med-oss\/","name":"Bli med oss - My Palm Leaf","isPartOf":{"@id":"https:\/\/mypalmleaf.com\/#website"},"datePublished":"2024-08-28T04:10:49+00:00","dateModified":"2025-07-07T10:31:02+00:00","breadcrumb":{"@id":"https:\/\/mypalmleaf.com\/no\/bli-med-oss\/#breadcrumb"},"inLanguage":"nb-NO","potentialAction":[{"@type":"ReadAction","target":["https:\/\/mypalmleaf.com\/no\/bli-med-oss\/"]}]},{"@type":"BreadcrumbList","@id":"https:\/\/mypalmleaf.com\/no\/bli-med-oss\/#breadcrumb","itemListElement":[{"@type":"ListItem","position":1,"name":"Home","item":"https:\/\/mypalmleaf.com\/no\/"},{"@type":"ListItem","position":2,"name":"Bli med oss"}]},{"@type":"WebSite","@id":"https:\/\/mypalmleaf.com\/#website","url":"https:\/\/mypalmleaf.com\/","name":"My Palm Leaf","description":"","potentialAction":[{"@type":"SearchAction","target":{"@type":"EntryPoint","urlTemplate":"https:\/\/mypalmleaf.com\/?s={search_term_string}"},"query-input":{"@type":"PropertyValueSpecification","valueRequired":true,"valueName":"search_term_string"}}],"inLanguage":"nb-NO"}]}},"_links":{"self":[{"href":"https:\/\/mypalmleaf.com\/no\/wp-json\/wp\/v2\/pages\/37146","targetHints":{"allow":["GET"]}}],"collection":[{"href":"https:\/\/mypalmleaf.com\/no\/wp-json\/wp\/v2\/pages"}],"about":[{"href":"https:\/\/mypalmleaf.com\/no\/wp-json\/wp\/v2\/types\/page"}],"author":[{"embeddable":true,"href":"https:\/\/mypalmleaf.com\/no\/wp-json\/wp\/v2\/users\/1"}],"replies":[{"embeddable":true,"href":"https:\/\/mypalmleaf.com\/no\/wp-json\/wp\/v2\/comments?post=37146"}],"version-history":[{"count":0,"href":"https:\/\/mypalmleaf.com\/no\/wp-json\/wp\/v2\/pages\/37146\/revisions"}],"wp:attachment":[{"href":"https:\/\/mypalmleaf.com\/no\/wp-json\/wp\/v2\/media?parent=37146"}],"curies":[{"name":"wp","href":"https:\/\/api.w.org\/{rel}","templated":true}]}}