
{"id":37166,"date":"2024-09-01T09:48:00","date_gmt":"2024-09-01T09:48:00","guid":{"rendered":"https:\/\/mypalmleaf.com\/donasjoner\/"},"modified":"2025-06-21T08:56:06","modified_gmt":"2025-06-21T08:56:06","slug":"donasjoner","status":"publish","type":"page","link":"https:\/\/mypalmleaf.com\/no\/donasjoner\/","title":{"rendered":"Donasjoner"},"content":{"rendered":"\n<section class=\"spotlight-main small top-gap\">\n    <!-- <div class=\"slider-wrap\" data-flickity='{ \"cellAlign\": \"left\", \"contain\": true, \"wrapAround\": true, \"setGallerySize\": false }'> -->\n    <div class=\"slider-wrap\" data-flickity='{ \"cellAlign\": \"left\", \"contain\": true, \"wrapAround\": true, \"setGallerySize\": false  }'>\n            <div class=\"slides\">\n        <div class=\"content-wrap\">\n          <div class=\"image\">\n            <picture>\n              <source media=\"(max-width: 999px)\" srcset=\"https:\/\/mypalmleaf.com\/wp-content\/uploads\/2024\/09\/donation-spotlight-mobile.jpg\" \/>\n              <source media=\"(min-width: 1000px)\" srcset=\"https:\/\/mypalmleaf.com\/wp-content\/uploads\/2024\/09\/donation-spotlight-1.jpg\" \/>\n              <img decoding=\"async\" src=\"https:\/\/mypalmleaf.com\/wp-content\/uploads\/2024\/09\/donation-spotlight-1.jpg\" class=\"img-fluid\" alt=\"\" \/>\n            <\/picture>\n          <\/div>\n          <div class=\"content\">\n            <div data-aos=\"fade-up\" data-aos-duration=\"1000\">\n              <h2 class=\"\">Donasjoner<\/h2>\n                                 \n            <\/div>\n          <\/div>\n        <\/div>\n      <\/div>\n          <\/div>\n<\/section><section class=\"donation-bottom-block text-center\">\n  <div class=\"container-xl\">\n  <div class=\"row pt-5 donation-top-icon\">\n        <div class=\"col-lg-10 mx-auto\">\n        <ul>\n          <li class=\"text-lg-end\"><img decoding=\"async\" src=\"https:\/\/mypalmleaf.com\/wp-content\/uploads\/2024\/09\/donation-harmony-icon.png\" alt=\"\" class=\"img-fluid\"><\/li>\n          <li><h3>Vi setter pris p\u00e5 dine donasjoner<\/h3><\/li>\n          <li class=\"text-lg-start\"><img decoding=\"async\" src=\"https:\/\/mypalmleaf.com\/wp-content\/uploads\/2024\/09\/mpl-circle-logo.png\" alt=\"\" class=\"img-fluid\"><\/li>\n        <\/ul>\n      <\/div>\n      <\/div>\n    <div class=\"row\">\n      <div class=\"col-lg-10 my-5 mx-auto\">\n        <p>Mypalmleaf og v\u00e5r partner NGO in Harmony with Nature e.V. er dedikert til \u00e5 samskape en ny verden, basert p\u00e5 kj\u00e6rlighet, oppv\u00e5kning og sanne verdier.<\/p>\n<p>Vi er sm\u00e5 brikker i det enorme globale nettverket av prosjekter og enkeltpersoner som arbeider for \u00e5 gj\u00f8re denne kollektive dr\u00f8mmen til virkelighet.<\/p>\n<p>Dine donasjoner hjelper oss med \u00e5 vie oss til dette arbeidet.<\/p>\n<p>Vi tror at dette arbeidet er avgj\u00f8rende for \u00e5 skape en verden som er basert p\u00e5 kj\u00e6rlighet, oppv\u00e5kning og sanne verdier. Vi ber deg om \u00e5 gi donasjoner til v\u00e5r partnerorganisasjon In Harmony with Nature, som vil fordele dem mellom h\u00e5ndbladleserne, oversetterne og skape prosjekter for \u00e5 bygge den nye verden. <\/p>\n<p>Gjennom partnerskapet v\u00e5rt arbeider vi for \u00e5 fremme en b\u00e6rekraftig livsstil, beskytte og gjenopprette det naturlige milj\u00f8et, st\u00f8tte lokalsamfunn og spre bevissthet om hvordan alt liv henger sammen.<\/p>\n<p>Vi er takknemlige for st\u00f8tten fra v\u00e5re givere, som gj\u00f8r det mulig for oss \u00e5 fortsette dette viktige arbeidet. Dine donasjoner hjelper oss med \u00e5 finansiere prosjektene og initiativene v\u00e5re, n\u00e5 ut til flere mennesker med budskapet v\u00e5rt og gj\u00f8re en positiv forskjell i verden. <\/p>\n\n        <a href=\"https:\/\/spenden.twingle.de\/in-harmony-with-nature-e-v\/in-harmony-with-nature-e-v-en-kopie\/tw643cd4fb53874\/page\"  target=\"_blank\" class=\"btn btn-primary btn-lg mt-4\">Doner til \u00e5 dele Rishienes visdom<\/a>\n      <\/div>\n    <\/div>\n  <\/div>\n<\/section><section class=\"donation-top-block text-center\">\n  <div class=\"container-xl\">\n    <div class=\"row\">\n      <div class=\"col-lg-8 mx-auto my-5 text-center\">\n        <div class=\"col-lg-12 text-center\">\n          <div class=\"video-place-holder my-4\">\n            <div class=\"heading mb-3\">Vi presenterer In Harmony with Nature | Mypalmleafs partnerorganisasjon<\/div>\n            <div class=\"video rounded-asset\">\n              <img decoding=\"async\" src=\"https:\/\/mypalmleaf.com\/wp-content\/uploads\/2024\/09\/donation-video-thumb.png\" class=\"img-fluid\" alt=\"\"><div class=\"play-icon\"><\/div>\n              <a href=\"https:\/\/www.youtube.com\/watch?v=IyDUBCgcutc\" class=\"stretched-link\" data-lity><\/a>\n            <\/div>\n          <\/div>\n          <a href=\"https:\/\/spenden.twingle.de\/in-harmony-with-nature-e-v\/in-harmony-with-nature-e-v-en-kopie\/tw643cd4fb53874\/page\" target=\"_blank\" class=\"btn btn-primary btn-lg my-2\">Doner til \u00e5 dele Rishienes visdom<\/a>\n        <\/div>\n      <\/div>\n    <\/div>\n  <\/div>\n<\/section>\n<div class=\"container my-5\">\n  <div class=\"row\">\n    <!-- First Column -->\n    <div class=\"col-md-6 mb-4\">\n      <div class=\"video-place-holder my-4\">\n          \n            <div class=\"video rounded-asset\">\n              <img decoding=\"async\" src=\"\/wp-content\/uploads\/2025\/06\/bali-donation-video-thumb.jpg\" class=\"img-fluid\" alt=\"\"\/><div class=\"play-icon\"><\/div>\n              <a href=\"https:\/\/youtube.com\/watch?v=CZg0nTW-ZNc\" class=\"stretched-link\" data-lity=\"\"><\/a>\n            <\/div>\n  <div class=\"heading my-3\">Hvordan h\u00e5ndflatelesningene dine bidrar til \u00e5 forandre liv: St\u00f8tte til Ananda Seva Dharma Children&#8217;s Home\n<\/div>\n          <\/div>\n    <\/div>\n\n    <!-- Second Column -->\n    <div class=\"col-md-6 mb-4\">\n      <div class=\"video-place-holder my-4\">\n            <div class=\"video rounded-asset\">\n              <img decoding=\"async\" src=\"\/wp-content\/uploads\/2025\/06\/india-donation-video-thumb.jpg\" class=\"img-fluid\" alt=\"\"\/><div class=\"play-icon\"><\/div>\n              <a href=\"https:\/\/www.youtube.com\/watch?v=OPTRiyZWTa0\" class=\"stretched-link\" data-lity=\"\"><\/a>\n            <\/div>\n            <div class=\"heading my-3\">20 000 m\u00e5ltider donert &#8211; takket v\u00e6re deg! | V\u00e5r reise til Navagraha-tempelet <\/div>\n\n          <\/div>\n    <\/div>\n  <\/div>\n<\/div>\n\n","protected":false},"excerpt":{"rendered":"<p>Hvordan h\u00e5ndflatelesningene dine bidrar til \u00e5 forandre liv: St\u00f8tte til Ananda Seva Dharma Children&#8217;s Home 20 000 m\u00e5ltider donert &#8211; takket v\u00e6re deg! | V\u00e5r reise til Navagraha-tempelet<\/p>\n","protected":false},"author":1,"featured_media":0,"parent":0,"menu_order":0,"comment_status":"closed","ping_status":"closed","template":"","meta":{"_acf_changed":false,"footnotes":""},"class_list":["post-37166","page","type-page","status-publish","hentry"],"acf":[],"yoast_head":"<!-- This site is optimized with the Yoast SEO plugin v26.4 - https:\/\/yoast.com\/wordpress\/plugins\/seo\/ -->\n<title>Donasjoner - My Palm Leaf<\/title>\n<meta name=\"description\" content=\"St\u00f8tt Palm Leaf Reading-fellesskapet gjennom donasjoner, og hjelp oss med \u00e5 fortsette \u00e5 tilby transformerende \u00e5ndelig veiledning og personlige opplevelser.\" \/>\n<meta name=\"robots\" content=\"index, follow, max-snippet:-1, max-image-preview:large, max-video-preview:-1\" \/>\n<link rel=\"canonical\" href=\"https:\/\/mypalmleaf.com\/no\/donasjoner\/\" \/>\n<meta property=\"og:locale\" content=\"nb_NO\" \/>\n<meta property=\"og:type\" content=\"article\" \/>\n<meta property=\"og:title\" content=\"Donasjoner - My Palm Leaf\" \/>\n<meta property=\"og:description\" content=\"St\u00f8tt Palm Leaf Reading-fellesskapet gjennom donasjoner, og hjelp oss med \u00e5 fortsette \u00e5 tilby transformerende \u00e5ndelig veiledning og personlige opplevelser.\" \/>\n<meta property=\"og:url\" content=\"https:\/\/mypalmleaf.com\/no\/donasjoner\/\" \/>\n<meta property=\"og:site_name\" content=\"My Palm Leaf\" \/>\n<meta property=\"article:modified_time\" content=\"2025-06-21T08:56:06+00:00\" \/>\n<meta property=\"og:image\" content=\"https:\/\/mypalmleaf.com\/wp-content\/uploads\/2025\/08\/mpl-circle-logo.jpg\" \/>\n\t<meta property=\"og:image:width\" content=\"1200\" \/>\n\t<meta property=\"og:image:height\" content=\"1196\" \/>\n\t<meta property=\"og:image:type\" content=\"image\/jpeg\" \/>\n<meta name=\"twitter:card\" content=\"summary_large_image\" \/>\n<script type=\"application\/ld+json\" class=\"yoast-schema-graph\">{\"@context\":\"https:\/\/schema.org\",\"@graph\":[{\"@type\":\"WebPage\",\"@id\":\"https:\/\/mypalmleaf.com\/no\/donasjoner\/\",\"url\":\"https:\/\/mypalmleaf.com\/no\/donasjoner\/\",\"name\":\"Donasjoner - My Palm Leaf\",\"isPartOf\":{\"@id\":\"https:\/\/mypalmleaf.com\/#website\"},\"datePublished\":\"2024-09-01T09:48:00+00:00\",\"dateModified\":\"2025-06-21T08:56:06+00:00\",\"description\":\"St\u00f8tt Palm Leaf Reading-fellesskapet gjennom donasjoner, og hjelp oss med \u00e5 fortsette \u00e5 tilby transformerende \u00e5ndelig veiledning og personlige opplevelser.\",\"breadcrumb\":{\"@id\":\"https:\/\/mypalmleaf.com\/no\/donasjoner\/#breadcrumb\"},\"inLanguage\":\"nb-NO\",\"potentialAction\":[{\"@type\":\"ReadAction\",\"target\":[\"https:\/\/mypalmleaf.com\/no\/donasjoner\/\"]}]},{\"@type\":\"BreadcrumbList\",\"@id\":\"https:\/\/mypalmleaf.com\/no\/donasjoner\/#breadcrumb\",\"itemListElement\":[{\"@type\":\"ListItem\",\"position\":1,\"name\":\"Home\",\"item\":\"https:\/\/mypalmleaf.com\/no\/\"},{\"@type\":\"ListItem\",\"position\":2,\"name\":\"Donasjoner\"}]},{\"@type\":\"WebSite\",\"@id\":\"https:\/\/mypalmleaf.com\/#website\",\"url\":\"https:\/\/mypalmleaf.com\/\",\"name\":\"My Palm Leaf\",\"description\":\"\",\"potentialAction\":[{\"@type\":\"SearchAction\",\"target\":{\"@type\":\"EntryPoint\",\"urlTemplate\":\"https:\/\/mypalmleaf.com\/?s={search_term_string}\"},\"query-input\":{\"@type\":\"PropertyValueSpecification\",\"valueRequired\":true,\"valueName\":\"search_term_string\"}}],\"inLanguage\":\"nb-NO\"}]}<\/script>\n<!-- \/ Yoast SEO plugin. -->","yoast_head_json":{"title":"Donasjoner - My Palm Leaf","description":"St\u00f8tt Palm Leaf Reading-fellesskapet gjennom donasjoner, og hjelp oss med \u00e5 fortsette \u00e5 tilby transformerende \u00e5ndelig veiledning og personlige opplevelser.","robots":{"index":"index","follow":"follow","max-snippet":"max-snippet:-1","max-image-preview":"max-image-preview:large","max-video-preview":"max-video-preview:-1"},"canonical":"https:\/\/mypalmleaf.com\/no\/donasjoner\/","og_locale":"nb_NO","og_type":"article","og_title":"Donasjoner - My Palm Leaf","og_description":"St\u00f8tt Palm Leaf Reading-fellesskapet gjennom donasjoner, og hjelp oss med \u00e5 fortsette \u00e5 tilby transformerende \u00e5ndelig veiledning og personlige opplevelser.","og_url":"https:\/\/mypalmleaf.com\/no\/donasjoner\/","og_site_name":"My Palm Leaf","article_modified_time":"2025-06-21T08:56:06+00:00","og_image":[{"width":1200,"height":1196,"url":"https:\/\/mypalmleaf.com\/wp-content\/uploads\/2025\/08\/mpl-circle-logo.jpg","type":"image\/jpeg"}],"twitter_card":"summary_large_image","schema":{"@context":"https:\/\/schema.org","@graph":[{"@type":"WebPage","@id":"https:\/\/mypalmleaf.com\/no\/donasjoner\/","url":"https:\/\/mypalmleaf.com\/no\/donasjoner\/","name":"Donasjoner - My Palm Leaf","isPartOf":{"@id":"https:\/\/mypalmleaf.com\/#website"},"datePublished":"2024-09-01T09:48:00+00:00","dateModified":"2025-06-21T08:56:06+00:00","description":"St\u00f8tt Palm Leaf Reading-fellesskapet gjennom donasjoner, og hjelp oss med \u00e5 fortsette \u00e5 tilby transformerende \u00e5ndelig veiledning og personlige opplevelser.","breadcrumb":{"@id":"https:\/\/mypalmleaf.com\/no\/donasjoner\/#breadcrumb"},"inLanguage":"nb-NO","potentialAction":[{"@type":"ReadAction","target":["https:\/\/mypalmleaf.com\/no\/donasjoner\/"]}]},{"@type":"BreadcrumbList","@id":"https:\/\/mypalmleaf.com\/no\/donasjoner\/#breadcrumb","itemListElement":[{"@type":"ListItem","position":1,"name":"Home","item":"https:\/\/mypalmleaf.com\/no\/"},{"@type":"ListItem","position":2,"name":"Donasjoner"}]},{"@type":"WebSite","@id":"https:\/\/mypalmleaf.com\/#website","url":"https:\/\/mypalmleaf.com\/","name":"My Palm Leaf","description":"","potentialAction":[{"@type":"SearchAction","target":{"@type":"EntryPoint","urlTemplate":"https:\/\/mypalmleaf.com\/?s={search_term_string}"},"query-input":{"@type":"PropertyValueSpecification","valueRequired":true,"valueName":"search_term_string"}}],"inLanguage":"nb-NO"}]}},"_links":{"self":[{"href":"https:\/\/mypalmleaf.com\/no\/wp-json\/wp\/v2\/pages\/37166","targetHints":{"allow":["GET"]}}],"collection":[{"href":"https:\/\/mypalmleaf.com\/no\/wp-json\/wp\/v2\/pages"}],"about":[{"href":"https:\/\/mypalmleaf.com\/no\/wp-json\/wp\/v2\/types\/page"}],"author":[{"embeddable":true,"href":"https:\/\/mypalmleaf.com\/no\/wp-json\/wp\/v2\/users\/1"}],"replies":[{"embeddable":true,"href":"https:\/\/mypalmleaf.com\/no\/wp-json\/wp\/v2\/comments?post=37166"}],"version-history":[{"count":0,"href":"https:\/\/mypalmleaf.com\/no\/wp-json\/wp\/v2\/pages\/37166\/revisions"}],"wp:attachment":[{"href":"https:\/\/mypalmleaf.com\/no\/wp-json\/wp\/v2\/media?parent=37166"}],"curies":[{"name":"wp","href":"https:\/\/api.w.org\/{rel}","templated":true}]}}