
{"id":45207,"date":"2024-10-26T17:42:47","date_gmt":"2024-10-26T17:42:47","guid":{"rendered":"https:\/\/mypalmleaf.com\/affiliate-and-parterships-manager\/"},"modified":"2025-07-07T10:24:02","modified_gmt":"2025-07-07T10:24:02","slug":"affiliate-and-parterships-manager","status":"publish","type":"page","link":"https:\/\/mypalmleaf.com\/no\/affiliate-and-parterships-manager\/","title":{"rendered":"Affiliate and Parterships Manager"},"content":{"rendered":"\n<section class=\"spotlight-main small top-gap\">\n    <!-- <div class=\"slider-wrap\" data-flickity='{ \"cellAlign\": \"left\", \"contain\": true, \"wrapAround\": true, \"setGallerySize\": false }'> -->\n    <div class=\"slider-wrap\" data-flickity='{ \"cellAlign\": \"left\", \"contain\": true, \"wrapAround\": true, \"setGallerySize\": false  }'>\n            <div class=\"slides\">\n        <div class=\"content-wrap\">\n          <div class=\"image\">\n            <picture>\n              <source media=\"(max-width: 999px)\" srcset=\"https:\/\/mypalmleaf.com\/wp-content\/uploads\/2024\/09\/join-us-spotlight-new-mob.jpg\" \/>\n              <source media=\"(min-width: 1000px)\" srcset=\"https:\/\/mypalmleaf.com\/wp-content\/uploads\/2024\/09\/join-us-spotlight-new.jpg\" \/>\n              <img decoding=\"async\" src=\"https:\/\/mypalmleaf.com\/wp-content\/uploads\/2024\/09\/join-us-spotlight-new.jpg\" class=\"img-fluid\" alt=\"\" \/>\n            <\/picture>\n          <\/div>\n          <div class=\"content\">\n            <div data-aos=\"fade-up\" data-aos-duration=\"1000\">\n              <h2 class=\"\">Affiliate and Partnership Manager<\/h2>\n                                 \n            <\/div>\n          <\/div>\n        <\/div>\n      <\/div>\n          <\/div>\n<\/section><section class=\"join-us-block my-6 position-relative\">\n  <div class=\"container-xl\">\n    <div class=\"row mb-4 justify-content-center\">\n      <div class=\"col-lg-10 text-center\" data-aos=\"fade-up\" data-aos-duration=\"1000\">\n        <p>MyPalmLeaf s\u00f8ker en lidenskapelig og h\u00f8yt motivert Affiliate and Partnership Manager (APM) for \u00e5 styrke eksisterende partnerskap og skape nye forbindelser, og for \u00e5 dele den eldgamle visdommen fra palmebladavlesninger med verden.<\/p>\n      <\/div>\n    <\/div>\n    <div class=\"row my-5 justify-content-between\" data-aos=\"fade-up\" data-aos-duration=\"1000\">\n          <\/div>\n  <\/div>\n  <\/section><section class=\"tabs-wrapper my-6 mt-0\">\n  <div class=\"container-xl\">\n    <div class=\"row\">\n      <div class=\"tabs-container\" data-aos=\"fade-up\" data-aos-duration=\"1000\">\n        <ul class=\"tabs\">\n                                <li class=\"tab-button active\" data-target=\"tab1\">Hva vi forventer av deg<\/li>\n                                  <li class=\"tab-button active\" data-target=\"tab2\">M\u00e5lene til APM<\/li>\n                                  <li class=\"tab-button active\" data-target=\"tab3\">Hvordan ser din rolle ut?<\/li>\n                                  <li class=\"tab-button active\" data-target=\"tab4\">Hva vi tilbyr<\/li>\n                              <\/ul>\n        <div class=\"tab-content\">\n                                <div id=\"tab1\" class=\"tab-pane active\">\n              <ul>\n<li><strong>I tr\u00e5d med v\u00e5rt oppdrag:<\/strong> Du er dypt forbundet med MyPalmLeafs form\u00e5l om \u00e5 dele livsforvandlende lesninger globalt.<\/li>\n<li><strong>Flytende engelsk og tysk:<\/strong> Du kommuniserer tydelig og effektivt p\u00e5 begge spr\u00e5k.<\/li>\n<li><strong>Lag\u00e5nd:<\/strong> Du elsker \u00e5 v\u00e6re en del av et st\u00f8ttende og oppdragsdrevet team, og trives i et milj\u00f8 der samarbeid og gjensidig st\u00f8tte er n\u00f8kkelen.<\/li>\n<li><strong>Integritet:<\/strong> Du g\u00e5r foran med et godt eksempel og holder alltid ord.<\/li>\n<li><strong>Selvdrevet:<\/strong> Du har evnen til \u00e5 jobbe selvstendig og ta initiativ til \u00e5 utvikle og lede prosjekter, samtidig som du er en sterk lagspiller med nye lederegenskaper.\n<\/li>\n<li><strong>Urokkelig engasjement:<\/strong> Du gir 150 % av deg selv og viser utholdenhet og engasjement i alt du gj\u00f8r.<\/li>\n<li><strong>Livslang l\u00e6ring:<\/strong> Du er opptatt av kontinuerlig personlig og faglig utvikling.<\/li>\n<\/ul>\n            <\/div>\n                                  <div id=\"tab2\" class=\"tab-pane active\">\n              <p>Ditt prim\u00e6re m\u00e5l vil v\u00e6re \u00e5 skape <strong>vinn-vinn-partnerskap<\/strong> med organisasjoner og enkeltpersoner som er i tr\u00e5d med MyPalmLeafs misjon. Din innsats vil ha som m\u00e5l \u00e5: <\/p>\n<ul>\n<li>\u00d8ke bookinger av h\u00e5ndbladlesing.<\/li>\n<li>\u00d8ke MyPalmLeafs merkevarekjennskap globalt.<\/li>\n<\/ul>\n            <\/div>\n                                  <div id=\"tab3\" class=\"tab-pane active\">\n              <p>Som APM vil du:<\/p>\n<ul>\n<li>Aktivt opps\u00f8ke potensielle samarbeidspartnere, b\u00e5de enkeltpersoner og organisasjoner, for \u00e5 utvikle gjensidig fordelaktige partnerskap.<\/li>\n<li>Utvikle og administrere MyPalmLeafs partnerprogram.<\/li>\n<li>Samarbeide med influencer-byr\u00e5er for \u00e5 utvide v\u00e5r tilstedev\u00e6relse p\u00e5 tysk, engelsk, japansk, kinesisk og nye markeder.<\/li>\n<\/ul>\n            <\/div>\n                                  <div id=\"tab4\" class=\"tab-pane active\">\n              <p>Vi sender deg en detaljert betalingsforklaring etter at vi har mottatt s\u00f8knaden din.<\/p>\n<ul>\n<li><strong>Et form\u00e5lsrettet oppdrag:<\/strong> Bli en del av et \u00e5ndelig drevet, meningsfylt oppdrag som er dedikert til \u00e5 gagne verden.<\/li>\n<li>St\u00f8ttende teammilj\u00f8: Bli en del av et lidenskapelig team som oppmuntrer til b\u00e5de personlig og profesjonell vekst.<\/li>\n<li>Fleksibilitet: Du f\u00e5r en fleksibel, stedsuavhengig rolle med muligheter til \u00e5 v\u00e6re medskapende i en raskt voksende spirituell organisasjon.<\/li>\n<li>Konkurransedyktig kompensasjon: Du f\u00e5r en konkurransedyktig pakke som inkluderer grunnl\u00f8nn og resultatbaserte bonuser.<\/li>\n<\/ul>\n            <\/div>\n                              <\/div>\n      <\/div>\n    <\/div>\n  <\/div>\n<\/section><section class=\"how-to-apply my-6 mt-0\">\n  <div class=\"container-xl\">\n    <div class=\"row\">\n      <div class=\"col-lg-10 mx-auto\" >\n        <div class=\"dual-col \">\n          <div class=\"title\">\n            <img decoding=\"async\" src=\"https:\/\/mypalmleaf.com\/wp-content\/uploads\/2024\/08\/title-bg.png\" alt=\"\" class=\"img-fluid\">\n            <div class=\"text\">Hvordan s\u00f8ke<\/div>\n          <\/div>\n          <div class=\"desc\">\n            <p>For \u00e5 s\u00f8ke, spiller du bare inn en 1-4 minutter lang video der du presenterer deg selv. Fortell oss om deg selv i videoen: <\/p>\n<ul>\n<li>1) Litt om deg selv.<\/li>\n<li>2) Hvorfor du \u00f8nsker \u00e5 v\u00e6re en del av MyPalmLeaf.<\/li>\n<li>3) Hvorfor du mener at du er den ideelle kandidaten for denne stillingen.<\/li>\n<\/ul>\n<p>Send videoen din til <a href=\"mailto:info@mypalmleaf.com\">info@mypalmleaf.com.<\/a> Dette er den eneste m\u00e5ten \u00e5 s\u00f8ke p\u00e5. V\u00e6r oppmerksom p\u00e5 at vi ikke kommer til \u00e5 svare p\u00e5 foresp\u00f8rsler om &laquo;mer informasjon&raquo; eller CV-er, ettersom vi s\u00f8ker proaktive personer som er klare til \u00e5 ta aff\u00e6re. Vis oss din energi og entusiasme gjennom videoen din! <\/p>\n<div class=\"btm-contact\">Vi gleder oss til \u00e5 h\u00f8re fra deg!<\/div>\n          <\/div>\n        <\/div>\n      <\/div>\n    <\/div>\n  <\/div>\n<\/section>","protected":false},"excerpt":{"rendered":"","protected":false},"author":1,"featured_media":0,"parent":0,"menu_order":0,"comment_status":"closed","ping_status":"closed","template":"","meta":{"_acf_changed":false,"footnotes":""},"class_list":["post-45207","page","type-page","status-publish","hentry"],"acf":[],"yoast_head":"<!-- This site is optimized with the Yoast SEO plugin v26.4 - https:\/\/yoast.com\/wordpress\/plugins\/seo\/ -->\n<title>Affiliate and Parterships Manager - My Palm Leaf<\/title>\n<meta name=\"robots\" content=\"index, follow, max-snippet:-1, max-image-preview:large, max-video-preview:-1\" \/>\n<link rel=\"canonical\" href=\"https:\/\/mypalmleaf.com\/no\/affiliate-and-parterships-manager\/\" \/>\n<meta property=\"og:locale\" content=\"nb_NO\" \/>\n<meta property=\"og:type\" content=\"article\" \/>\n<meta property=\"og:title\" content=\"Affiliate and Parterships Manager - My Palm Leaf\" \/>\n<meta property=\"og:url\" content=\"https:\/\/mypalmleaf.com\/no\/affiliate-and-parterships-manager\/\" \/>\n<meta property=\"og:site_name\" content=\"My Palm Leaf\" \/>\n<meta property=\"article:modified_time\" content=\"2025-07-07T10:24:02+00:00\" \/>\n<meta property=\"og:image\" content=\"https:\/\/mypalmleaf.com\/wp-content\/uploads\/2025\/08\/mpl-circle-logo.jpg\" \/>\n\t<meta property=\"og:image:width\" content=\"1200\" \/>\n\t<meta property=\"og:image:height\" content=\"1196\" \/>\n\t<meta property=\"og:image:type\" content=\"image\/jpeg\" \/>\n<meta name=\"twitter:card\" content=\"summary_large_image\" \/>\n<script type=\"application\/ld+json\" class=\"yoast-schema-graph\">{\"@context\":\"https:\/\/schema.org\",\"@graph\":[{\"@type\":\"WebPage\",\"@id\":\"https:\/\/mypalmleaf.com\/no\/affiliate-and-parterships-manager\/\",\"url\":\"https:\/\/mypalmleaf.com\/no\/affiliate-and-parterships-manager\/\",\"name\":\"Affiliate and Parterships Manager - My Palm Leaf\",\"isPartOf\":{\"@id\":\"https:\/\/mypalmleaf.com\/#website\"},\"datePublished\":\"2024-10-26T17:42:47+00:00\",\"dateModified\":\"2025-07-07T10:24:02+00:00\",\"breadcrumb\":{\"@id\":\"https:\/\/mypalmleaf.com\/no\/affiliate-and-parterships-manager\/#breadcrumb\"},\"inLanguage\":\"nb-NO\",\"potentialAction\":[{\"@type\":\"ReadAction\",\"target\":[\"https:\/\/mypalmleaf.com\/no\/affiliate-and-parterships-manager\/\"]}]},{\"@type\":\"BreadcrumbList\",\"@id\":\"https:\/\/mypalmleaf.com\/no\/affiliate-and-parterships-manager\/#breadcrumb\",\"itemListElement\":[{\"@type\":\"ListItem\",\"position\":1,\"name\":\"Home\",\"item\":\"https:\/\/mypalmleaf.com\/no\/\"},{\"@type\":\"ListItem\",\"position\":2,\"name\":\"Affiliate and Parterships Manager\"}]},{\"@type\":\"WebSite\",\"@id\":\"https:\/\/mypalmleaf.com\/#website\",\"url\":\"https:\/\/mypalmleaf.com\/\",\"name\":\"My Palm Leaf\",\"description\":\"\",\"potentialAction\":[{\"@type\":\"SearchAction\",\"target\":{\"@type\":\"EntryPoint\",\"urlTemplate\":\"https:\/\/mypalmleaf.com\/?s={search_term_string}\"},\"query-input\":{\"@type\":\"PropertyValueSpecification\",\"valueRequired\":true,\"valueName\":\"search_term_string\"}}],\"inLanguage\":\"nb-NO\"}]}<\/script>\n<!-- \/ Yoast SEO plugin. -->","yoast_head_json":{"title":"Affiliate and Parterships Manager - My Palm Leaf","robots":{"index":"index","follow":"follow","max-snippet":"max-snippet:-1","max-image-preview":"max-image-preview:large","max-video-preview":"max-video-preview:-1"},"canonical":"https:\/\/mypalmleaf.com\/no\/affiliate-and-parterships-manager\/","og_locale":"nb_NO","og_type":"article","og_title":"Affiliate and Parterships Manager - My Palm Leaf","og_url":"https:\/\/mypalmleaf.com\/no\/affiliate-and-parterships-manager\/","og_site_name":"My Palm Leaf","article_modified_time":"2025-07-07T10:24:02+00:00","og_image":[{"width":1200,"height":1196,"url":"https:\/\/mypalmleaf.com\/wp-content\/uploads\/2025\/08\/mpl-circle-logo.jpg","type":"image\/jpeg"}],"twitter_card":"summary_large_image","schema":{"@context":"https:\/\/schema.org","@graph":[{"@type":"WebPage","@id":"https:\/\/mypalmleaf.com\/no\/affiliate-and-parterships-manager\/","url":"https:\/\/mypalmleaf.com\/no\/affiliate-and-parterships-manager\/","name":"Affiliate and Parterships Manager - My Palm Leaf","isPartOf":{"@id":"https:\/\/mypalmleaf.com\/#website"},"datePublished":"2024-10-26T17:42:47+00:00","dateModified":"2025-07-07T10:24:02+00:00","breadcrumb":{"@id":"https:\/\/mypalmleaf.com\/no\/affiliate-and-parterships-manager\/#breadcrumb"},"inLanguage":"nb-NO","potentialAction":[{"@type":"ReadAction","target":["https:\/\/mypalmleaf.com\/no\/affiliate-and-parterships-manager\/"]}]},{"@type":"BreadcrumbList","@id":"https:\/\/mypalmleaf.com\/no\/affiliate-and-parterships-manager\/#breadcrumb","itemListElement":[{"@type":"ListItem","position":1,"name":"Home","item":"https:\/\/mypalmleaf.com\/no\/"},{"@type":"ListItem","position":2,"name":"Affiliate and Parterships Manager"}]},{"@type":"WebSite","@id":"https:\/\/mypalmleaf.com\/#website","url":"https:\/\/mypalmleaf.com\/","name":"My Palm Leaf","description":"","potentialAction":[{"@type":"SearchAction","target":{"@type":"EntryPoint","urlTemplate":"https:\/\/mypalmleaf.com\/?s={search_term_string}"},"query-input":{"@type":"PropertyValueSpecification","valueRequired":true,"valueName":"search_term_string"}}],"inLanguage":"nb-NO"}]}},"_links":{"self":[{"href":"https:\/\/mypalmleaf.com\/no\/wp-json\/wp\/v2\/pages\/45207","targetHints":{"allow":["GET"]}}],"collection":[{"href":"https:\/\/mypalmleaf.com\/no\/wp-json\/wp\/v2\/pages"}],"about":[{"href":"https:\/\/mypalmleaf.com\/no\/wp-json\/wp\/v2\/types\/page"}],"author":[{"embeddable":true,"href":"https:\/\/mypalmleaf.com\/no\/wp-json\/wp\/v2\/users\/1"}],"replies":[{"embeddable":true,"href":"https:\/\/mypalmleaf.com\/no\/wp-json\/wp\/v2\/comments?post=45207"}],"version-history":[{"count":0,"href":"https:\/\/mypalmleaf.com\/no\/wp-json\/wp\/v2\/pages\/45207\/revisions"}],"wp:attachment":[{"href":"https:\/\/mypalmleaf.com\/no\/wp-json\/wp\/v2\/media?parent=45207"}],"curies":[{"name":"wp","href":"https:\/\/api.w.org\/{rel}","templated":true}]}}