
{"id":45462,"date":"2024-11-10T05:53:12","date_gmt":"2024-11-10T05:53:12","guid":{"rendered":"https:\/\/mypalmleaf.com\/homa\/"},"modified":"2025-04-30T06:27:34","modified_gmt":"2025-04-30T06:27:34","slug":"homa","status":"publish","type":"page","link":"https:\/\/mypalmleaf.com\/no\/homa\/","title":{"rendered":"Homa"},"content":{"rendered":"\n<section class=\"spotlight-main small top-gap\">\n    <!-- <div class=\"slider-wrap\" data-flickity='{ \"cellAlign\": \"left\", \"contain\": true, \"wrapAround\": true, \"setGallerySize\": false }'> -->\n    <div class=\"slider-wrap\" data-flickity='{ \"cellAlign\": \"left\", \"contain\": true, \"wrapAround\": true, \"setGallerySize\": false  }'>\n            <div class=\"slides\">\n        <div class=\"content-wrap\">\n          <div class=\"image\">\n            <picture>\n              <source media=\"(max-width: 999px)\" srcset=\"https:\/\/mypalmleaf.com\/wp-content\/uploads\/2024\/11\/homas-spotlight-mob.jpg\" \/>\n              <source media=\"(min-width: 1000px)\" srcset=\"https:\/\/mypalmleaf.com\/wp-content\/uploads\/2024\/11\/homas-spotlight.jpg\" \/>\n              <img decoding=\"async\" src=\"https:\/\/mypalmleaf.com\/wp-content\/uploads\/2024\/11\/homas-spotlight.jpg\" class=\"img-fluid\" alt=\"\" \/>\n            <\/picture>\n          <\/div>\n          <div class=\"content\">\n            <div data-aos=\"fade-up\" data-aos-duration=\"1000\">\n              <h2 class=\"\">Homas: Hellige ildseremonier for karmisk transformasjon<\/h2>\n              <p>Opplev de eldgamle vediske ritualene som utf\u00f8res for \u00e5 bringe velsignelse, renselse og harmoni inn i livet ditt.  <\/p>\n                                  <a href=\"\/prices\/fire-ceremony-homa\/\" class=\"btn btn-primary\">Bestill din Homas<\/a>\n                   \n            <\/div>\n          <\/div>\n        <\/div>\n      <\/div>\n          <\/div>\n<\/section>\n<section class=\"my-6 position-relative\">\n    <div class=\"container-xl\" data-aos=\"fade-up\" data-aos-duration=\"1000\">\n      <div class=\"row align-items-center\">\n        <div class=\"col-lg-5 mb-4 mb-lg-0\">\n          <div class=\"rounded-asset\">\n            <img decoding=\"async\" src=\"https:\/\/mypalmleaf.com\/wp-content\/uploads\/2024\/11\/yt-thumb-homa.jpg\" class=\"img-fluid\" alt=\"\"><div class=\"play-icon\"><\/div>\n            <a href=\"https:\/\/www.youtube.com\/watch?v=63svn4g1Z5U\" class=\"stretched-link\" data-lity><\/a>\n          <\/div>\n        <\/div>\n        <div class=\"col-lg-7\">\n          <h2 class=\"mb-4\">Hva er Homa ildseremonier?<\/h2>\n          <p>Homas, ogs\u00e5 kjent som ildseremonier, er kraftfulle vediske ritualer som utf\u00f8res for \u00e5 p\u00e5kalle guddommelige energier, fjerne negativ karmisk p\u00e5virkning og bringe balanse i ulike aspekter av livet. Gjennom ildens hellige element ofres det til guddommene, og ritualets transformerende energi bringer velsignelse, renselse og helbredelse. <\/p>\n<p>Disse seremoniene ledes av erfarne vediske prester som messer hellige mantraer og ofrer til den hellige ilden, noe som forsterker ritualets intensjon og effekt.<\/p>\n        <\/div>\n      <\/div>\n    <\/div>\n    <\/section>\n<section class=\"my-6 position-relative\">\n  <div class=\"container-xl aos-init aos-animate\" data-aos=\"fade-up\" data-aos-duration=\"1000\">\n    <div class=\"row align-items-center\">\n      <div class=\"col-lg-7\">\n        <h2 class=\"mb-4\">Hvordan kan Hamas v\u00e6re til nytte for deg?<\/h2>\n<p>Hver Homa-seremoni har et unikt form\u00e5l, enten det er \u00e5 overvinne hindringer, forbedre helsen, invitere til velstand eller rense negativ karma.<\/p>\n<p>Slik kan Tomas forandre livet ditt:  <\/p>\n        <ul>\n<li>Karmisk helbredelse: Frigj\u00f8r tidligere karmisk gjeld og tiltrekker deg positiv karmisk p\u00e5virkning.  <\/li>\n<li>Renselse: Rens auraen og omgivelsene dine for negative energier.  <\/li>\n<li>Velsignelser og velstand: P\u00e5kall velsignelser for helse, rikdom, relasjoner og generelt velv\u00e6re.  <\/li>\n<li>Beskyttelse og harmoni: Styrker den \u00e5ndelige beskyttelsen og bringer harmoni i livet ditt.  <\/li>\n<\/ul>\n<div class=\"dual-btn-cont mt-4\">\n<ul>\n<li><a href=\"https:\/\/mypalmleaf.com\/no\/prices\/ildseremoni-homa\/\" class=\"btn btn-primary\">Bestill din ildseremoni n\u00e5<\/a><\/li>\n<\/ul>\n<\/div>\n      <\/div>\n      <div class=\"col-lg-5 mb-4 mb-lg-0\">\n        <div class=\"rounded-asset\">\n          <img decoding=\"async\" src=\"https:\/\/mypalmleaf.com\/wp-content\/uploads\/2024\/11\/homas-thumb.jpg\" class=\"img-fluid\" alt=\"\"\/>\n        <\/div>\n      <\/div>\n    <\/div>\n  <\/div>\n       \n  <\/section>\n\n<section class=\"my-6 position-relative\">\n  <div class=\"container-xl aos-init aos-animate\" data-aos=\"fade-up\" data-aos-duration=\"1000\">\n    <div class=\"row align-items-center\">\n      <div class=\"col-lg-5 mb-4 mb-lg-0\">\n        <div class=\"rounded-asset\">\n          <img decoding=\"async\" src=\"https:\/\/mypalmleaf.com\/wp-content\/uploads\/2024\/11\/homas-thumb2.jpg\" class=\"img-fluid\" alt=\"\"\/>\n        <\/div>\n      <\/div>\n      <div class=\"col-lg-7\">\n        <h2 class=\"mb-4\">Slik fungerer det<\/h2>\n        <p><strong>Trinn 1: Bestill din Homa<\/strong><br\/> Bestill Homa ildseremoni p\u00e5 v\u00e5r nettside<\/p> \n<p><strong>Trinn 2: Bestill time<\/strong><br\/> Etter at du har gjort bestillingen, vil du motta en kalenderlenke og kan bestille riktig dag og klokkeslett n\u00e5r du vil at Homa skal utf\u00f8res  <\/p>\n<p><strong>Trinn 3: Delta og motta velsignelser<\/strong><br\/> Du kan velge \u00e5 <strong>delta<\/strong> i seremonien live via Zoom eller motta energien og velsignelsene uansett hvor du befinner deg. En av v\u00e5re moderatorer vil f\u00f8lge deg under homaen og forklare alt for deg.   <\/p>\n<div class=\"dual-btn-cont mt-4\">\n<ul>\n<li><a href=\"https:\/\/mypalmleaf.com\/no\/prices\/ildseremoni-homa\/\" class=\"btn btn-primary\">Bestill din ildseremoni n\u00e5<\/a><\/li>\n<\/ul>\n<\/div>\n      <\/div>\n      \n    <\/div>\n  <\/div>\n       \n  <\/section>\n\n<figure class=\"wp-block-gallery has-nested-images columns-default is-cropped wp-block-gallery-1 is-layout-flex wp-block-gallery-is-layout-flex\">\n<figure class=\"wp-block-image size-full\"><img loading=\"lazy\" decoding=\"async\" width=\"1024\" height=\"576\" data-id=\"45429\" src=\"https:\/\/mypalmleaf.com\/wp-content\/uploads\/2024\/11\/3-1.jpg\" alt=\"\" class=\"wp-image-45429\" srcset=\"https:\/\/mypalmleaf.com\/wp-content\/uploads\/2024\/11\/3-1.jpg 1024w, https:\/\/mypalmleaf.com\/wp-content\/uploads\/2024\/11\/3-1-600x338.jpg 600w, https:\/\/mypalmleaf.com\/wp-content\/uploads\/2024\/11\/3-1-300x169.jpg 300w, https:\/\/mypalmleaf.com\/wp-content\/uploads\/2024\/11\/3-1-768x432.jpg 768w\" sizes=\"auto, (max-width: 1024px) 100vw, 1024px\" \/><\/figure>\n\n\n\n<figure class=\"wp-block-image size-large\"><img loading=\"lazy\" decoding=\"async\" width=\"1024\" height=\"576\" data-id=\"45407\" src=\"https:\/\/mypalmleaf.com\/wp-content\/uploads\/2024\/11\/2.jpg\" alt=\"\" class=\"wp-image-45407\" srcset=\"https:\/\/mypalmleaf.com\/wp-content\/uploads\/2024\/11\/2.jpg 1024w, https:\/\/mypalmleaf.com\/wp-content\/uploads\/2024\/11\/2-600x338.jpg 600w, https:\/\/mypalmleaf.com\/wp-content\/uploads\/2024\/11\/2-300x169.jpg 300w, https:\/\/mypalmleaf.com\/wp-content\/uploads\/2024\/11\/2-768x432.jpg 768w\" sizes=\"auto, (max-width: 1024px) 100vw, 1024px\" \/><\/figure>\n\n\n\n<figure class=\"wp-block-image size-large\"><img loading=\"lazy\" decoding=\"async\" width=\"1024\" height=\"576\" data-id=\"45386\" src=\"https:\/\/mypalmleaf.com\/wp-content\/uploads\/2024\/11\/1.jpg\" alt=\"\" class=\"wp-image-45386\" srcset=\"https:\/\/mypalmleaf.com\/wp-content\/uploads\/2024\/11\/1.jpg 1024w, https:\/\/mypalmleaf.com\/wp-content\/uploads\/2024\/11\/1-600x338.jpg 600w, https:\/\/mypalmleaf.com\/wp-content\/uploads\/2024\/11\/1-300x169.jpg 300w, https:\/\/mypalmleaf.com\/wp-content\/uploads\/2024\/11\/1-768x432.jpg 768w\" sizes=\"auto, (max-width: 1024px) 100vw, 1024px\" \/><\/figure>\n<\/figure>\n<section class=\"accordion-container position-relative \" data-aos=\"fade-up\" data-aos-duration=\"1000\" id=\"general-questions\">\n  <div class=\"container-xl\">\n    <div class=\"row\">\n      <h3>Ofte stilte sp\u00f8rsm\u00e5l<\/h3>\n      <div class=\"accr-wrap\">\n                  <div class=\"head\">M\u00e5 jeg v\u00e6re fysisk til stede for at Homa-seremonien skal v\u00e6re effektiv?<\/div>\n          <div class=\"content\">\n            <p>Nei, du trenger ikke \u00e5 v\u00e6re fysisk til stede for at homaen skal v\u00e6re effektiv. Energien og velsignelsene fra seremonien sendes ut gjennom vibrasjonene fra de hellige mantraene og ilden. Du kan delta i seremonien live via Zoom hvis du \u00f8nsker det, men fordelene vil n\u00e5 deg selv om du ikke kan delta.  <\/p>\n          <\/div>\n                  <div class=\"head\">Hvordan b\u00f8r jeg forberede meg til en Homa-seremoni?<\/div>\n          <div class=\"content\">\n            <p>For \u00e5 forberede deg til en Homa er det best \u00e5 sette en klar intensjon for hva du \u00f8nsker \u00e5 motta fra ritualet. Det kan ogs\u00e5 v\u00e6re lurt \u00e5 skape et fredelig sted i hjemmet ditt, fritt for forstyrrelser, der du kan sitte stille og ta imot energien fra seremonien. Hvis du deltar live, b\u00f8r du s\u00f8rge for at du har en stabil internettforbindelse og rolige omgivelser.  <\/p>\n          <\/div>\n                  <div class=\"head\">Kan en Homa utf\u00f8res p\u00e5 vegne av noen andre?<\/div>\n          <div class=\"content\">\n            <p>Ja, Homas kan utf\u00f8res p\u00e5 vegne av noen andre, enten det er for en du er glad i, et familiemedlem eller en venn. Du trenger bare \u00e5 oppgi navnet og intensjonen med seremonien, s\u00e5 vil energien og velsignelsene bli rettet mot vedkommende. <\/p>\n          <\/div>\n                  <div class=\"head\">Hva slags resultater kan jeg forvente av en Homa?<\/div>\n          <div class=\"content\">\n            <p>Effekten av en homa kan variere avhengig av intensjonen din og hvilken type seremoni som utf\u00f8res. Folk rapporterer ofte at de f\u00f8ler en f\u00f8lelse av fred, f\u00f8lelsesmessig lettelse og klarhet, i tillegg til at de opplever konkrete positive endringer i livet, for eksempel bedre forhold, helse eller suksess. Velsignelsene og de karmiske fordelene utfolder seg ofte over tid.  <\/p>\n          <\/div>\n                  <div class=\"head\">Hvordan velger jeg hvilken type Homa jeg skal bestille?<\/div>\n          <div class=\"content\">\n            <p>Hvis du ble anbefalt en Homa under h\u00e5ndbladlesningen, vil denne typen Homa bli utf\u00f8rt for deg. Ellers kan du ogs\u00e5 gi oss beskjed om det overordnede form\u00e5let med homaen mens du bestiller, og prestene vil velge en spesifikk seremoni for det form\u00e5let.   <\/p>\n          <\/div>\n                  <div class=\"head\">Er Homas egnet for alle trosretninger og \u00e5ndelige overbevisninger?<\/div>\n          <div class=\"content\">\n            <p>Ja, Homas er \u00e5ndelige ritualer med r\u00f8tter i gamle vediske tradisjoner, men de er \u00e5pne for mennesker av alle tros- og livssynsretninger. Seremoniene fokuserer p\u00e5 universelle energier, som elementene og guddommelige velsignelser, noe som kan v\u00e6re til nytte uansett hvilken \u00e5ndelig bakgrunn du har.   <\/p>\n          <\/div>\n                  <div class=\"head\">Hvor lenge varer en Homa-seremoni vanligvis?<\/div>\n          <div class=\"content\">\n            <p>Varigheten av en Homa-seremoni kan variere avhengig av seremoniens kompleksitet og hvilken type ritual som utf\u00f8res. De fleste seremonier varer mellom 30 minutter og 1 time.   <\/p>\n          <\/div>\n                  <div class=\"head\">Kan jeg be om en bestemt dato eller et bestemt klokkeslett for Homa?<\/div>\n          <div class=\"content\">\n            <p>Ja, du kan be om en bestemt dato og et bestemt klokkeslett for din Homa, avhengig av tilgjengeligheten til v\u00e5re vediske prester og de gunstige tidspunktene for seremonien. Vi vil gj\u00f8re v\u00e5rt beste for \u00e5 im\u00f8tekomme dine \u00f8nsker.   <\/p>\n          <\/div>\n                  <div class=\"head\">Hvordan blir ofringene gjort under Homa?<\/div>\n          <div class=\"content\">\n            <p>Offergavene, som ghee, urter, korn og andre hellige gjenstander, legges i ilden av v\u00e5re vediske prester mens de messer kraftfulle mantraer. Hvert offer symboliserer renselse, forvandling og frigj\u00f8ring av velsignelser til universet.   <\/p>\n          <\/div>\n                  <div class=\"head\">Vil jeg bli ledsaget av en moderator fra Mypalmleaf?<\/div>\n          <div class=\"content\">\n            <p>Ja, en av v\u00e5re moderatorer vil v\u00e6re til stede i Homa. De vil veilede deg og forklare deg alt om n\u00f8dvendig.   <\/p>\n          <\/div>\n              <\/div>\n    <\/div>\n  <\/div>\n  \n<\/section>\n<\/div>\n<p><\/p>\n","protected":false},"excerpt":{"rendered":"<p>Hvordan kan Hamas v\u00e6re til nytte for deg? Hver Homa-seremoni har et unikt form\u00e5l, enten det er \u00e5 overvinne hindringer, forbedre helsen, invitere til velstand eller rense negativ karma. Slik kan Tomas forandre livet ditt: Karmisk helbredelse: Frigj\u00f8r tidligere karmisk gjeld og tiltrekker deg positiv karmisk p\u00e5virkning. Renselse: Rens auraen og omgivelsene dine for negative [&hellip;]<\/p>\n","protected":false},"author":1,"featured_media":0,"parent":0,"menu_order":0,"comment_status":"closed","ping_status":"closed","template":"","meta":{"_acf_changed":false,"footnotes":""},"class_list":["post-45462","page","type-page","status-publish","hentry"],"acf":[],"yoast_head":"<!-- This site is optimized with the Yoast SEO plugin v26.4 - https:\/\/yoast.com\/wordpress\/plugins\/seo\/ -->\n<title>Homa - My Palm Leaf<\/title>\n<meta name=\"description\" content=\"Bestill en Homa-seremoni for \u00e5 rense karma, fremme velv\u00e6re og f\u00e5 guddommelig velsignelse gjennom eldgamle brannritualer utf\u00f8rt av prester.\" \/>\n<meta name=\"robots\" content=\"index, follow, max-snippet:-1, max-image-preview:large, max-video-preview:-1\" \/>\n<link rel=\"canonical\" href=\"https:\/\/mypalmleaf.com\/homa\/\" \/>\n<meta property=\"og:locale\" content=\"nb_NO\" \/>\n<meta property=\"og:type\" content=\"article\" \/>\n<meta property=\"og:title\" content=\"Homa - My Palm Leaf\" \/>\n<meta property=\"og:description\" content=\"Bestill en Homa-seremoni for \u00e5 rense karma, fremme velv\u00e6re og f\u00e5 guddommelig velsignelse gjennom eldgamle brannritualer utf\u00f8rt av prester.\" \/>\n<meta property=\"og:url\" content=\"https:\/\/mypalmleaf.com\/homa\/\" \/>\n<meta property=\"og:site_name\" content=\"My Palm Leaf\" \/>\n<meta property=\"article:modified_time\" content=\"2025-04-30T06:27:34+00:00\" \/>\n<meta property=\"og:image\" content=\"https:\/\/mypalmleaf.com\/wp-content\/uploads\/2024\/11\/homas-thumb.jpg\" \/>\n<meta name=\"twitter:card\" content=\"summary_large_image\" \/>\n<meta name=\"twitter:label1\" content=\"Ansl. lesetid\" \/>\n\t<meta name=\"twitter:data1\" content=\"2 minutter\" \/>\n<script type=\"application\/ld+json\" class=\"yoast-schema-graph\">{\"@context\":\"https:\/\/schema.org\",\"@graph\":[{\"@type\":\"WebPage\",\"@id\":\"https:\/\/mypalmleaf.com\/homa\/\",\"url\":\"https:\/\/mypalmleaf.com\/homa\/\",\"name\":\"Homa - My Palm Leaf\",\"isPartOf\":{\"@id\":\"https:\/\/mypalmleaf.com\/#website\"},\"primaryImageOfPage\":{\"@id\":\"https:\/\/mypalmleaf.com\/homa\/#primaryimage\"},\"image\":{\"@id\":\"https:\/\/mypalmleaf.com\/homa\/#primaryimage\"},\"thumbnailUrl\":\"https:\/\/mypalmleaf.com\/wp-content\/uploads\/2024\/11\/homas-thumb.jpg\",\"datePublished\":\"2024-11-10T05:53:12+00:00\",\"dateModified\":\"2025-04-30T06:27:34+00:00\",\"description\":\"Bestill en Homa-seremoni for \u00e5 rense karma, fremme velv\u00e6re og f\u00e5 guddommelig velsignelse gjennom eldgamle brannritualer utf\u00f8rt av prester.\",\"breadcrumb\":{\"@id\":\"https:\/\/mypalmleaf.com\/homa\/#breadcrumb\"},\"inLanguage\":\"nb-NO\",\"potentialAction\":[{\"@type\":\"ReadAction\",\"target\":[\"https:\/\/mypalmleaf.com\/homa\/\"]}]},{\"@type\":\"ImageObject\",\"inLanguage\":\"nb-NO\",\"@id\":\"https:\/\/mypalmleaf.com\/homa\/#primaryimage\",\"url\":\"https:\/\/mypalmleaf.com\/wp-content\/uploads\/2024\/11\/homas-thumb.jpg\",\"contentUrl\":\"https:\/\/mypalmleaf.com\/wp-content\/uploads\/2024\/11\/homas-thumb.jpg\"},{\"@type\":\"BreadcrumbList\",\"@id\":\"https:\/\/mypalmleaf.com\/homa\/#breadcrumb\",\"itemListElement\":[{\"@type\":\"ListItem\",\"position\":1,\"name\":\"Home\",\"item\":\"https:\/\/mypalmleaf.com\/no\/\"},{\"@type\":\"ListItem\",\"position\":2,\"name\":\"Homa\"}]},{\"@type\":\"WebSite\",\"@id\":\"https:\/\/mypalmleaf.com\/#website\",\"url\":\"https:\/\/mypalmleaf.com\/\",\"name\":\"My Palm Leaf\",\"description\":\"\",\"potentialAction\":[{\"@type\":\"SearchAction\",\"target\":{\"@type\":\"EntryPoint\",\"urlTemplate\":\"https:\/\/mypalmleaf.com\/?s={search_term_string}\"},\"query-input\":{\"@type\":\"PropertyValueSpecification\",\"valueRequired\":true,\"valueName\":\"search_term_string\"}}],\"inLanguage\":\"nb-NO\"}]}<\/script>\n<!-- \/ Yoast SEO plugin. -->","yoast_head_json":{"title":"Homa - My Palm Leaf","description":"Bestill en Homa-seremoni for \u00e5 rense karma, fremme velv\u00e6re og f\u00e5 guddommelig velsignelse gjennom eldgamle brannritualer utf\u00f8rt av prester.","robots":{"index":"index","follow":"follow","max-snippet":"max-snippet:-1","max-image-preview":"max-image-preview:large","max-video-preview":"max-video-preview:-1"},"canonical":"https:\/\/mypalmleaf.com\/homa\/","og_locale":"nb_NO","og_type":"article","og_title":"Homa - My Palm Leaf","og_description":"Bestill en Homa-seremoni for \u00e5 rense karma, fremme velv\u00e6re og f\u00e5 guddommelig velsignelse gjennom eldgamle brannritualer utf\u00f8rt av prester.","og_url":"https:\/\/mypalmleaf.com\/homa\/","og_site_name":"My Palm Leaf","article_modified_time":"2025-04-30T06:27:34+00:00","og_image":[{"url":"https:\/\/mypalmleaf.com\/wp-content\/uploads\/2024\/11\/homas-thumb.jpg","type":"","width":"","height":""}],"twitter_card":"summary_large_image","twitter_misc":{"Ansl. lesetid":"2 minutter"},"schema":{"@context":"https:\/\/schema.org","@graph":[{"@type":"WebPage","@id":"https:\/\/mypalmleaf.com\/homa\/","url":"https:\/\/mypalmleaf.com\/homa\/","name":"Homa - My Palm Leaf","isPartOf":{"@id":"https:\/\/mypalmleaf.com\/#website"},"primaryImageOfPage":{"@id":"https:\/\/mypalmleaf.com\/homa\/#primaryimage"},"image":{"@id":"https:\/\/mypalmleaf.com\/homa\/#primaryimage"},"thumbnailUrl":"https:\/\/mypalmleaf.com\/wp-content\/uploads\/2024\/11\/homas-thumb.jpg","datePublished":"2024-11-10T05:53:12+00:00","dateModified":"2025-04-30T06:27:34+00:00","description":"Bestill en Homa-seremoni for \u00e5 rense karma, fremme velv\u00e6re og f\u00e5 guddommelig velsignelse gjennom eldgamle brannritualer utf\u00f8rt av prester.","breadcrumb":{"@id":"https:\/\/mypalmleaf.com\/homa\/#breadcrumb"},"inLanguage":"nb-NO","potentialAction":[{"@type":"ReadAction","target":["https:\/\/mypalmleaf.com\/homa\/"]}]},{"@type":"ImageObject","inLanguage":"nb-NO","@id":"https:\/\/mypalmleaf.com\/homa\/#primaryimage","url":"https:\/\/mypalmleaf.com\/wp-content\/uploads\/2024\/11\/homas-thumb.jpg","contentUrl":"https:\/\/mypalmleaf.com\/wp-content\/uploads\/2024\/11\/homas-thumb.jpg"},{"@type":"BreadcrumbList","@id":"https:\/\/mypalmleaf.com\/homa\/#breadcrumb","itemListElement":[{"@type":"ListItem","position":1,"name":"Home","item":"https:\/\/mypalmleaf.com\/no\/"},{"@type":"ListItem","position":2,"name":"Homa"}]},{"@type":"WebSite","@id":"https:\/\/mypalmleaf.com\/#website","url":"https:\/\/mypalmleaf.com\/","name":"My Palm Leaf","description":"","potentialAction":[{"@type":"SearchAction","target":{"@type":"EntryPoint","urlTemplate":"https:\/\/mypalmleaf.com\/?s={search_term_string}"},"query-input":{"@type":"PropertyValueSpecification","valueRequired":true,"valueName":"search_term_string"}}],"inLanguage":"nb-NO"}]}},"_links":{"self":[{"href":"https:\/\/mypalmleaf.com\/no\/wp-json\/wp\/v2\/pages\/45462","targetHints":{"allow":["GET"]}}],"collection":[{"href":"https:\/\/mypalmleaf.com\/no\/wp-json\/wp\/v2\/pages"}],"about":[{"href":"https:\/\/mypalmleaf.com\/no\/wp-json\/wp\/v2\/types\/page"}],"author":[{"embeddable":true,"href":"https:\/\/mypalmleaf.com\/no\/wp-json\/wp\/v2\/users\/1"}],"replies":[{"embeddable":true,"href":"https:\/\/mypalmleaf.com\/no\/wp-json\/wp\/v2\/comments?post=45462"}],"version-history":[{"count":1,"href":"https:\/\/mypalmleaf.com\/no\/wp-json\/wp\/v2\/pages\/45462\/revisions"}],"predecessor-version":[{"id":101489,"href":"https:\/\/mypalmleaf.com\/no\/wp-json\/wp\/v2\/pages\/45462\/revisions\/101489"}],"wp:attachment":[{"href":"https:\/\/mypalmleaf.com\/no\/wp-json\/wp\/v2\/media?parent=45462"}],"curies":[{"name":"wp","href":"https:\/\/api.w.org\/{rel}","templated":true}]}}