
{"id":45508,"date":"2024-11-10T07:16:42","date_gmt":"2024-11-10T07:16:42","guid":{"rendered":"https:\/\/mypalmleaf.com\/athma-shanthi-puja\/"},"modified":"2025-04-24T09:31:05","modified_gmt":"2025-04-24T09:31:05","slug":"athma-shanthi-puja","status":"publish","type":"page","link":"https:\/\/mypalmleaf.com\/no\/athma-shanthi-puja\/","title":{"rendered":"Athma Shanthi Puja"},"content":{"rendered":"\n<section class=\"spotlight-main small top-gap\">\n    <!-- <div class=\"slider-wrap\" data-flickity='{ \"cellAlign\": \"left\", \"contain\": true, \"wrapAround\": true, \"setGallerySize\": false }'> -->\n    <div class=\"slider-wrap\" data-flickity='{ \"cellAlign\": \"left\", \"contain\": true, \"wrapAround\": true, \"setGallerySize\": false  }'>\n            <div class=\"slides\">\n        <div class=\"content-wrap\">\n          <div class=\"image\">\n            <picture>\n              <source media=\"(max-width: 999px)\" srcset=\"https:\/\/mypalmleaf.com\/wp-content\/uploads\/2024\/11\/athma-shanti-puja-spotlight.-mob.jpg\" \/>\n              <source media=\"(min-width: 1000px)\" srcset=\"https:\/\/mypalmleaf.com\/wp-content\/uploads\/2024\/11\/athma-shanti-puja-spotlight.jpg\" \/>\n              <img decoding=\"async\" src=\"https:\/\/mypalmleaf.com\/wp-content\/uploads\/2024\/11\/athma-shanti-puja-spotlight.jpg\" class=\"img-fluid\" alt=\"\" \/>\n            <\/picture>\n          <\/div>\n          <div class=\"content\">\n            <div data-aos=\"fade-up\" data-aos-duration=\"1000\">\n              <h2 class=\"\">Athma Shanthi Puja: Et hellig ritual for avd\u00f8de sjeler<\/h2>\n              <p>Gi sjelene til dine kj\u00e6re fred og frigj\u00f8ring gjennom denne dype vediske seremonien.<\/p>\n                                  <a href=\"\/prices\/athma-shanthi-puja-special-ritual-to-help-the-soul-of-someone-who-has-passed-away-to-rest-in-peace\/\" class=\"btn btn-primary\">Bestill din Puja<\/a>\n                   \n            <\/div>\n          <\/div>\n        <\/div>\n      <\/div>\n          <\/div>\n<\/section>\n<section class=\"my-6 position-relative\">\n    <div class=\"container-xl\" data-aos=\"fade-up\" data-aos-duration=\"1000\">\n      <div class=\"row align-items-center\">\n        <div class=\"col-lg-5 mb-4 mb-lg-0\">\n          <div class=\"rounded-asset\">\n            <img decoding=\"async\" src=\"https:\/\/mypalmleaf.com\/wp-content\/uploads\/2024\/11\/yt-thumb-2.jpg\" class=\"img-fluid\" alt=\"\"><div class=\"play-icon\"><\/div>\n            <a href=\"https:\/\/www.youtube.com\/watch?v=nZ0XR1c6lPU\" class=\"stretched-link\" data-lity><\/a>\n          <\/div>\n        <\/div>\n        <div class=\"col-lg-7\">\n          <h2 class=\"mb-4\">Hva er Athma Shanthi Puja?<\/h2>\n          <p>Athma Shanthi Puja er et hellig ritual som utf\u00f8res for \u00e5 \u00e6re og gi fred til sjelene til avd\u00f8de kj\u00e6re. If\u00f8lge vediske tradisjoner hjelper denne seremonien den avd\u00f8de sjelen med \u00e5 finne frigj\u00f8ring (moksha) og kan l\u00f8se opp i eventuell karmisk gjeld eller forstyrrelser. Seremonien er spesielt viktig for dem som har g\u00e5tt bort uventet, p\u00e5 tragisk vis eller uten mulighet til \u00e5 motta de rette ritualene.  <\/p>\n<p>Under pujaen synger v\u00e5re erfarne vediske prester hellige mantraer, ber b\u00f8nner og utf\u00f8rer ritualer for \u00e5 skape harmoni og \u00e5ndelig forl\u00f8sning.<\/p>\n        <\/div>\n      <\/div>\n    <\/div>\n    <\/section>\n<section class=\"my-6 position-relative\">\n  <div class=\"container-xl aos-init aos-animate\" data-aos=\"fade-up\" data-aos-duration=\"1000\">\n    <div class=\"row align-items-center\">\n      <div class=\"col-lg-7\">\n        <h2 class=\"mb-4\">Hvorfor utf\u00f8re Athma Shanthi Puja?<\/h2>\n<p>Athma Shanthi Puja er et medf\u00f8lende og kraftfullt ritual som tjener b\u00e5de de levende og de avd\u00f8de. Her er hvorfor det er viktig: <\/p>\n<ul>\n<li>Befrielse av sjelen: Hjelp den avd\u00f8de sjelen med \u00e5 oppn\u00e5 fred og frigj\u00f8ring fra gjenf\u00f8delsens kretsl\u00f8p.<\/li>\n<li>Karmisk oppl\u00f8sning: Frigj\u00f8r negative karmiske p\u00e5virkninger for\u00e5rsaket av ul\u00f8ste energier fra forfedrene.<\/li>\n<li>Forfedrenes velsignelser: Bring velsignelser og beskyttelse fra dine forfedre inn i livet ditt.<\/li>\n<li>Helbredelse og avslutning: Gi f\u00f8lelsesmessig helbredelse og avslutning for s\u00f8rgende familiemedlemmer.<\/li>\n<\/ul>\n<div class=\"dual-btn-cont mt-4\">\n<ul>\n<li><a href=\"https:\/\/mypalmleaf.com\/no\/prices\/athma-shanthi-puja-et-spesielt-ritual-for-a-hjelpe-sjelen-til-en-som-har-gatt-bort-til-a-hvile-i-fred\/\" class=\"btn btn-primary\">Bestill Athma Shanti Puja for dine forfedres sjeler<\/a><\/li>\n<\/ul>\n<\/div>\n      <\/div>\n      <div class=\"col-lg-5 mb-4 mb-lg-0\">\n        <div class=\"rounded-asset\">\n          <img decoding=\"async\" src=\"https:\/\/staging.mypalmleaf.com\/wp-content\/uploads\/2024\/11\/atma-shant-thumb1.jpg\" class=\"img-fluid\" alt=\"\"\/>\n        <\/div>\n      <\/div>\n    <\/div>\n  <\/div>\n       \n  <\/section>\n\n<section class=\"my-6 position-relative\">\n  <div class=\"container-xl aos-init aos-animate\" data-aos=\"fade-up\" data-aos-duration=\"1000\">\n    <div class=\"row align-items-center\">\n      <div class=\"col-lg-5 mb-4 mb-lg-0\">\n        <div class=\"rounded-asset\">\n          <img decoding=\"async\" src=\"https:\/\/staging.mypalmleaf.com\/wp-content\/uploads\/2024\/11\/atma-shant-thumb2.jpg\" class=\"img-fluid\" alt=\"\"\/>\n        <\/div>\n      <\/div>\n      <div class=\"col-lg-7\">\n        <h2 class=\"mb-4\">Hvem b\u00f8r vurdere denne pujaen?<\/h2>\n        <p>Athma Shanthi Puja anbefales for alle som har mistet en av sine kj\u00e6re og \u00f8nsker \u00e5 gi sjelen fred. Det er spesielt gunstig hvis: <\/p>\n        <ul>\n          <li>Den avd\u00f8de sjelen gikk bort under tragiske eller plutselige omstendigheter.<\/li>\n          <li>Det ble ikke utf\u00f8rt skikkelige begravelsesritualer, eller det er en f\u00f8lelse av at det \u00e5ndelige arbeidet ikke er avsluttet.<\/li>\n          <li>Du f\u00f8ler tilstedev\u00e6relsen av forfedrenes forstyrrelser i livet ditt.<\/li>\n          <li>Du \u00f8nsker \u00e5 hedre og uttrykke takknemlighet overfor dine forfedre.<\/li>\n        <\/ul>\n<div class=\"dual-btn-cont mt-4\">\n<ul>\n<li><a href=\"https:\/\/mypalmleaf.com\/no\/prices\/athma-shanthi-puja-et-spesielt-ritual-for-a-hjelpe-sjelen-til-en-som-har-gatt-bort-til-a-hvile-i-fred\/\" class=\"btn btn-primary\">Bestill Athma Shanti Puja for sjelene til dine forfedre<\/a><\/li>\n<\/ul>\n<\/div>\n      <\/div>\n      \n    <\/div>\n  <\/div>\n       \n  <\/section>\n\n<section class=\"my-6 position-relative\">\n  <div class=\"container-xl aos-init aos-animate\" data-aos=\"fade-up\" data-aos-duration=\"1000\">\n    <div class=\"row align-items-center\">\n      <div class=\"col-lg-7\">\n        <h2 class=\"mb-4\">Hvordan utf\u00f8res Athma Shanti Puja?<\/h2>\n<p>Seremonien gjennomf\u00f8res i henhold til gamle vediske tradisjoner og finner vanligvis sted i n\u00e6rheten av et hellig vann eller et alter. Her er hva du kan forvente: <\/p>\n<ul>\n<li>P\u00e5kallelse av guddommelige energier: Ritualet begynner med mantraer og b\u00f8nner for \u00e5 rense rommet og p\u00e5kalle guddommelige energier.<\/li>\n<li>Hellige offergaver: Ofringer, inkludert ris, blomster og hellige gjenstander, blir gitt til den avd\u00f8de sjelen.<\/li>\n<li>B\u00f8nner for fred: Spesielle b\u00f8nner og mantraer synges for \u00e5 velsigne sjelen og lede den mot frigj\u00f8ring.  <\/li>\n<li>Vannritualer: Seremonien kan inneb\u00e6re ofringer til hellig vann, som symboliserer renselse og frigj\u00f8ring av sjelen.<\/li>\n<\/ul>\n<div class=\"dual-btn-cont mt-4\">\n<ul>\n<li><a href=\"https:\/\/mypalmleaf.com\/no\/prices\/athma-shanthi-puja-et-spesielt-ritual-for-a-hjelpe-sjelen-til-en-som-har-gatt-bort-til-a-hvile-i-fred\/\" class=\"btn btn-primary\">Bestill Athma Shanti Puja for sjelene til dine forfedre<\/a><\/li>\n<\/ul>\n<\/div>\n      <\/div>\n      <div class=\"col-lg-5 mb-4 mb-lg-0\">\n        <div class=\"rounded-asset\">\n          <img decoding=\"async\" src=\"https:\/\/staging.mypalmleaf.com\/wp-content\/uploads\/2024\/11\/atma-shant-thumb3-1.jpg\" class=\"img-fluid\" alt=\"\"\/>\n        <\/div>\n      <\/div>\n    <\/div>\n  <\/div>\n       \n  <\/section>\n<section class=\"accordion-container position-relative \" data-aos=\"fade-up\" data-aos-duration=\"1000\" id=\"general-questions\">\n  <div class=\"container-xl\">\n    <div class=\"row\">\n      <h3>Ofte stilte sp\u00f8rsm\u00e5l<\/h3>\n      <div class=\"accr-wrap\">\n                  <div class=\"head\">M\u00e5 jeg v\u00e6re til stede under Athma Shanthi Puja?<\/div>\n          <div class=\"content\">\n            <p>Nei, det er ikke n\u00f8dvendig \u00e5 v\u00e6re fysisk til stede. V\u00e5re vediske prester vil utf\u00f8re ritualet med samme \u00e6rb\u00f8dighet og intensjon, og velsignelsene og energien vil n\u00e5 sjelen uavhengig av din tilstedev\u00e6relse. Du kan imidlertid delta via Zoom hvis du \u00f8nsker \u00e5 v\u00e6re vitne til seremonien.  <\/p>\n          <\/div>\n                  <div class=\"head\">Kan pujaen utf\u00f8res for noen som har g\u00e5tt bort for lenge siden?<\/div>\n          <div class=\"content\">\n            <p>Ja, Athma Shanthi Puja kan utf\u00f8res for sjeler som gikk bort for mange \u00e5r siden. Ritualet er tidl\u00f8st og kan gi fred og forl\u00f8sning til enhver sjel, uavhengig av n\u00e5r de gikk bort. <\/p>\n          <\/div>\n                  <div class=\"head\">Hvilke opplysninger m\u00e5 jeg oppgi for pujaen?<\/div>\n          <div class=\"content\">\n            <p>Vi trenger vanligvis navnet p\u00e5 den avd\u00f8de sjelen og hvilken relasjon du har til vedkommende. Eventuelle tilleggsopplysninger, for eksempel omstendighetene rundt d\u00f8dsfallet, kan ogs\u00e5 v\u00e6re til hjelp. <\/p>\n          <\/div>\n                  <div class=\"head\">Kan Athma Shanthi Puja utf\u00f8res for flere sjeler p\u00e5 en gang?<\/div>\n          <div class=\"content\">\n            <p>Ja, det er mulig \u00e5 utf\u00f8re Puja for mer enn \u00e9n sjel. Vennligst oppgi detaljene for hver sjel, s\u00e5 vil prestene v\u00e5re s\u00f8rge for at ritualet blir tilpasset deretter. <\/p>\n          <\/div>\n                  <div class=\"head\">Hva skal jeg gj\u00f8re etter Puja?<\/div>\n          <div class=\"content\">\n            <p>Pujaen varer vanligvis mellom 20 og 60 minutter, avhengig av kompleksiteten og antallet sjeler som skal hedres. Forberedelsene til seremonien tar mange timer. <\/p>\n          <\/div>\n                  <div class=\"head\">Hvor lang tid tar Athma Shanthi Puja?<\/div>\n          <div class=\"content\">\n            <p>Pujaen varer vanligvis mellom 20 og 60 minutter, avhengig av kompleksiteten og antallet sjeler som skal hedres. Forberedelsene til seremonien tar mange timer. <\/p>\n          <\/div>\n                  <div class=\"head\">Kan jeg utf\u00f8re denne Pujaen p\u00e5 viktige datoer, som merkedager eller under Pitru Paksha?<\/div>\n          <div class=\"content\">\n            <p>Ja, hvis du utf\u00f8rer Athma Shanthi Puja p\u00e5 viktige datoer som d\u00f8dsdager eller i Pitru Paksha-perioden, kan det forsterke fordelene. Vi kan hjelpe deg med \u00e5 planlegge seremonien deretter. <\/p>\n          <\/div>\n                  <div class=\"head\">Er Athma Shanthi Puja egnet for alle trosretninger og tradisjoner?<\/div>\n          <div class=\"content\">\n            <p>Ja, selv om Puja har r\u00f8tter i vedisk tradisjon, er det et universelt ritual som skal bringe fred og velsignelse til den avd\u00f8de. Det kan utf\u00f8res av alle, uavhengig av \u00e5ndelig eller religi\u00f8s overbevisning. <\/p>\n          <\/div>\n                  <div class=\"head\">Vil jeg bli ledsaget av en moderator fra Mypalmleaf?<\/div>\n          <div class=\"content\">\n            <p>Ja, en av v\u00e5re moderatorer vil v\u00e6re til stede under Athma Shanti Puja. De vil veilede deg og forklare deg alt om n\u00f8dvendig. <\/p>\n          <\/div>\n              <\/div>\n    <\/div>\n  <\/div>\n  \n<\/section>\n<\/div>","protected":false},"excerpt":{"rendered":"<p>Hvorfor utf\u00f8re Athma Shanthi Puja? Athma Shanthi Puja er et medf\u00f8lende og kraftfullt ritual som tjener b\u00e5de de levende og de avd\u00f8de. Her er hvorfor det er viktig: Befrielse av sjelen: Hjelp den avd\u00f8de sjelen med \u00e5 oppn\u00e5 fred og frigj\u00f8ring fra gjenf\u00f8delsens kretsl\u00f8p. Karmisk oppl\u00f8sning: Frigj\u00f8r negative karmiske p\u00e5virkninger for\u00e5rsaket av ul\u00f8ste energier fra [&hellip;]<\/p>\n","protected":false},"author":1,"featured_media":0,"parent":0,"menu_order":0,"comment_status":"closed","ping_status":"closed","template":"","meta":{"_acf_changed":false,"footnotes":""},"class_list":["post-45508","page","type-page","status-publish","hentry"],"acf":[],"yoast_head":"<!-- This site is optimized with the Yoast SEO plugin v26.4 - https:\/\/yoast.com\/wordpress\/plugins\/seo\/ -->\n<title>Athma Shanthi Puja - My Palm Leaf<\/title>\n<meta name=\"description\" content=\"Opplev en spesiell seremoni for \u00e5 bringe fred til avd\u00f8de sjeler. Athma Shanthi Puja hjelper med \u00e5 gi velsignelser og harmoni til dem som har g\u00e5tt videre.\" \/>\n<meta name=\"robots\" content=\"index, follow, max-snippet:-1, max-image-preview:large, max-video-preview:-1\" \/>\n<link rel=\"canonical\" href=\"https:\/\/mypalmleaf.com\/no\/athma-shanthi-puja\/\" \/>\n<meta property=\"og:locale\" content=\"nb_NO\" \/>\n<meta property=\"og:type\" content=\"article\" \/>\n<meta property=\"og:title\" content=\"Athma Shanthi Puja - My Palm Leaf\" \/>\n<meta property=\"og:description\" content=\"Opplev en spesiell seremoni for \u00e5 bringe fred til avd\u00f8de sjeler. Athma Shanthi Puja hjelper med \u00e5 gi velsignelser og harmoni til dem som har g\u00e5tt videre.\" \/>\n<meta property=\"og:url\" content=\"https:\/\/mypalmleaf.com\/no\/athma-shanthi-puja\/\" \/>\n<meta property=\"og:site_name\" content=\"My Palm Leaf\" \/>\n<meta property=\"article:modified_time\" content=\"2025-04-24T09:31:05+00:00\" \/>\n<meta property=\"og:image\" content=\"https:\/\/staging.mypalmleaf.com\/wp-content\/uploads\/2024\/11\/atma-shant-thumb1.jpg\" \/>\n<meta name=\"twitter:card\" content=\"summary_large_image\" \/>\n<meta name=\"twitter:label1\" content=\"Ansl. lesetid\" \/>\n\t<meta name=\"twitter:data1\" content=\"2 minutter\" \/>\n<script type=\"application\/ld+json\" class=\"yoast-schema-graph\">{\"@context\":\"https:\/\/schema.org\",\"@graph\":[{\"@type\":\"WebPage\",\"@id\":\"https:\/\/mypalmleaf.com\/no\/athma-shanthi-puja\/\",\"url\":\"https:\/\/mypalmleaf.com\/no\/athma-shanthi-puja\/\",\"name\":\"Athma Shanthi Puja - My Palm Leaf\",\"isPartOf\":{\"@id\":\"https:\/\/mypalmleaf.com\/#website\"},\"primaryImageOfPage\":{\"@id\":\"https:\/\/mypalmleaf.com\/no\/athma-shanthi-puja\/#primaryimage\"},\"image\":{\"@id\":\"https:\/\/mypalmleaf.com\/no\/athma-shanthi-puja\/#primaryimage\"},\"thumbnailUrl\":\"https:\/\/staging.mypalmleaf.com\/wp-content\/uploads\/2024\/11\/atma-shant-thumb1.jpg\",\"datePublished\":\"2024-11-10T07:16:42+00:00\",\"dateModified\":\"2025-04-24T09:31:05+00:00\",\"description\":\"Opplev en spesiell seremoni for \u00e5 bringe fred til avd\u00f8de sjeler. Athma Shanthi Puja hjelper med \u00e5 gi velsignelser og harmoni til dem som har g\u00e5tt videre.\",\"breadcrumb\":{\"@id\":\"https:\/\/mypalmleaf.com\/no\/athma-shanthi-puja\/#breadcrumb\"},\"inLanguage\":\"nb-NO\",\"potentialAction\":[{\"@type\":\"ReadAction\",\"target\":[\"https:\/\/mypalmleaf.com\/no\/athma-shanthi-puja\/\"]}]},{\"@type\":\"ImageObject\",\"inLanguage\":\"nb-NO\",\"@id\":\"https:\/\/mypalmleaf.com\/no\/athma-shanthi-puja\/#primaryimage\",\"url\":\"https:\/\/staging.mypalmleaf.com\/wp-content\/uploads\/2024\/11\/atma-shant-thumb1.jpg\",\"contentUrl\":\"https:\/\/staging.mypalmleaf.com\/wp-content\/uploads\/2024\/11\/atma-shant-thumb1.jpg\"},{\"@type\":\"BreadcrumbList\",\"@id\":\"https:\/\/mypalmleaf.com\/no\/athma-shanthi-puja\/#breadcrumb\",\"itemListElement\":[{\"@type\":\"ListItem\",\"position\":1,\"name\":\"Home\",\"item\":\"https:\/\/mypalmleaf.com\/no\/\"},{\"@type\":\"ListItem\",\"position\":2,\"name\":\"Athma Shanthi Puja\"}]},{\"@type\":\"WebSite\",\"@id\":\"https:\/\/mypalmleaf.com\/#website\",\"url\":\"https:\/\/mypalmleaf.com\/\",\"name\":\"My Palm Leaf\",\"description\":\"\",\"potentialAction\":[{\"@type\":\"SearchAction\",\"target\":{\"@type\":\"EntryPoint\",\"urlTemplate\":\"https:\/\/mypalmleaf.com\/?s={search_term_string}\"},\"query-input\":{\"@type\":\"PropertyValueSpecification\",\"valueRequired\":true,\"valueName\":\"search_term_string\"}}],\"inLanguage\":\"nb-NO\"}]}<\/script>\n<!-- \/ Yoast SEO plugin. -->","yoast_head_json":{"title":"Athma Shanthi Puja - My Palm Leaf","description":"Opplev en spesiell seremoni for \u00e5 bringe fred til avd\u00f8de sjeler. Athma Shanthi Puja hjelper med \u00e5 gi velsignelser og harmoni til dem som har g\u00e5tt videre.","robots":{"index":"index","follow":"follow","max-snippet":"max-snippet:-1","max-image-preview":"max-image-preview:large","max-video-preview":"max-video-preview:-1"},"canonical":"https:\/\/mypalmleaf.com\/no\/athma-shanthi-puja\/","og_locale":"nb_NO","og_type":"article","og_title":"Athma Shanthi Puja - My Palm Leaf","og_description":"Opplev en spesiell seremoni for \u00e5 bringe fred til avd\u00f8de sjeler. Athma Shanthi Puja hjelper med \u00e5 gi velsignelser og harmoni til dem som har g\u00e5tt videre.","og_url":"https:\/\/mypalmleaf.com\/no\/athma-shanthi-puja\/","og_site_name":"My Palm Leaf","article_modified_time":"2025-04-24T09:31:05+00:00","og_image":[{"url":"https:\/\/staging.mypalmleaf.com\/wp-content\/uploads\/2024\/11\/atma-shant-thumb1.jpg","type":"","width":"","height":""}],"twitter_card":"summary_large_image","twitter_misc":{"Ansl. lesetid":"2 minutter"},"schema":{"@context":"https:\/\/schema.org","@graph":[{"@type":"WebPage","@id":"https:\/\/mypalmleaf.com\/no\/athma-shanthi-puja\/","url":"https:\/\/mypalmleaf.com\/no\/athma-shanthi-puja\/","name":"Athma Shanthi Puja - My Palm Leaf","isPartOf":{"@id":"https:\/\/mypalmleaf.com\/#website"},"primaryImageOfPage":{"@id":"https:\/\/mypalmleaf.com\/no\/athma-shanthi-puja\/#primaryimage"},"image":{"@id":"https:\/\/mypalmleaf.com\/no\/athma-shanthi-puja\/#primaryimage"},"thumbnailUrl":"https:\/\/staging.mypalmleaf.com\/wp-content\/uploads\/2024\/11\/atma-shant-thumb1.jpg","datePublished":"2024-11-10T07:16:42+00:00","dateModified":"2025-04-24T09:31:05+00:00","description":"Opplev en spesiell seremoni for \u00e5 bringe fred til avd\u00f8de sjeler. Athma Shanthi Puja hjelper med \u00e5 gi velsignelser og harmoni til dem som har g\u00e5tt videre.","breadcrumb":{"@id":"https:\/\/mypalmleaf.com\/no\/athma-shanthi-puja\/#breadcrumb"},"inLanguage":"nb-NO","potentialAction":[{"@type":"ReadAction","target":["https:\/\/mypalmleaf.com\/no\/athma-shanthi-puja\/"]}]},{"@type":"ImageObject","inLanguage":"nb-NO","@id":"https:\/\/mypalmleaf.com\/no\/athma-shanthi-puja\/#primaryimage","url":"https:\/\/staging.mypalmleaf.com\/wp-content\/uploads\/2024\/11\/atma-shant-thumb1.jpg","contentUrl":"https:\/\/staging.mypalmleaf.com\/wp-content\/uploads\/2024\/11\/atma-shant-thumb1.jpg"},{"@type":"BreadcrumbList","@id":"https:\/\/mypalmleaf.com\/no\/athma-shanthi-puja\/#breadcrumb","itemListElement":[{"@type":"ListItem","position":1,"name":"Home","item":"https:\/\/mypalmleaf.com\/no\/"},{"@type":"ListItem","position":2,"name":"Athma Shanthi Puja"}]},{"@type":"WebSite","@id":"https:\/\/mypalmleaf.com\/#website","url":"https:\/\/mypalmleaf.com\/","name":"My Palm Leaf","description":"","potentialAction":[{"@type":"SearchAction","target":{"@type":"EntryPoint","urlTemplate":"https:\/\/mypalmleaf.com\/?s={search_term_string}"},"query-input":{"@type":"PropertyValueSpecification","valueRequired":true,"valueName":"search_term_string"}}],"inLanguage":"nb-NO"}]}},"_links":{"self":[{"href":"https:\/\/mypalmleaf.com\/no\/wp-json\/wp\/v2\/pages\/45508","targetHints":{"allow":["GET"]}}],"collection":[{"href":"https:\/\/mypalmleaf.com\/no\/wp-json\/wp\/v2\/pages"}],"about":[{"href":"https:\/\/mypalmleaf.com\/no\/wp-json\/wp\/v2\/types\/page"}],"author":[{"embeddable":true,"href":"https:\/\/mypalmleaf.com\/no\/wp-json\/wp\/v2\/users\/1"}],"replies":[{"embeddable":true,"href":"https:\/\/mypalmleaf.com\/no\/wp-json\/wp\/v2\/comments?post=45508"}],"version-history":[{"count":0,"href":"https:\/\/mypalmleaf.com\/no\/wp-json\/wp\/v2\/pages\/45508\/revisions"}],"wp:attachment":[{"href":"https:\/\/mypalmleaf.com\/no\/wp-json\/wp\/v2\/media?parent=45508"}],"curies":[{"name":"wp","href":"https:\/\/api.w.org\/{rel}","templated":true}]}}