
{"id":38457,"date":"2024-08-03T05:43:59","date_gmt":"2024-08-03T05:43:59","guid":{"rendered":"https:\/\/mypalmleaf.com\/prices\/oversettelse-av-lesningen\/"},"modified":"2025-04-29T13:10:30","modified_gmt":"2025-04-29T13:10:30","slug":"oversettelse-av-lesningen","status":"publish","type":"product","link":"https:\/\/mypalmleaf.com\/no\/prices\/oversettelse-av-lesningen\/","title":{"rendered":"Oversettelse av lesningen"},"content":{"rendered":"<p>Hvis du har bestilt en engelsk lesning og \u00f8nsker \u00e5 legge til oversettelse til et annet spr\u00e5k, kan du bestille denne tjenesten her.<\/p>\n","protected":false},"excerpt":{"rendered":"<p>Hvis du har bestilt en engelsk lesning og \u00f8nsker \u00e5 legge til oversettelse til et annet spr\u00e5k, kan du bestille denne tjenesten her.<\/p>\n","protected":false},"featured_media":10096,"comment_status":"open","ping_status":"closed","template":"","meta":{"_acf_changed":false},"product_brand":[],"product_cat":[359],"product_tag":[],"class_list":{"0":"post-38457","1":"product","2":"type-product","3":"status-publish","4":"has-post-thumbnail","6":"product_cat-uncategorized-no","8":"first","9":"instock","10":"taxable","11":"shipping-taxable","12":"purchasable","13":"product-type-variable"},"exclude_global_add_ons":[],"addons":[],"acf":[],"yoast_head":"<!-- This site is optimized with the Yoast SEO plugin v26.4 - https:\/\/yoast.com\/wordpress\/plugins\/seo\/ -->\n<title>Oversettelse av lesningen - My Palm Leaf<\/title>\n<meta name=\"description\" content=\"F\u00e5 din palmebladlesning profesjonelt oversatt slik at du kan forst\u00e5 hvert budskap tydelig og f\u00e5 full innsikt i din spirituelle veiledning.\" \/>\n<meta name=\"robots\" content=\"index, follow, max-snippet:-1, max-image-preview:large, max-video-preview:-1\" \/>\n<link rel=\"canonical\" href=\"https:\/\/mypalmleaf.com\/no\/prices\/oversettelse-av-lesningen\/\" \/>\n<meta property=\"og:locale\" content=\"nb_NO\" \/>\n<meta property=\"og:type\" content=\"article\" \/>\n<meta property=\"og:title\" content=\"Oversettelse av lesningen - My Palm Leaf\" \/>\n<meta property=\"og:description\" content=\"F\u00e5 din palmebladlesning profesjonelt oversatt slik at du kan forst\u00e5 hvert budskap tydelig og f\u00e5 full innsikt i din spirituelle veiledning.\" \/>\n<meta property=\"og:url\" content=\"https:\/\/mypalmleaf.com\/no\/prices\/oversettelse-av-lesningen\/\" \/>\n<meta property=\"og:site_name\" content=\"My Palm Leaf\" \/>\n<meta property=\"article:modified_time\" content=\"2025-04-29T13:10:30+00:00\" \/>\n<meta property=\"og:image\" content=\"https:\/\/mypalmleaf.com\/wp-content\/uploads\/2024\/09\/services-thumb-1-1-1.jpg\" \/>\n\t<meta property=\"og:image:width\" content=\"800\" \/>\n\t<meta property=\"og:image:height\" content=\"444\" \/>\n\t<meta property=\"og:image:type\" content=\"image\/jpeg\" \/>\n<meta name=\"twitter:card\" content=\"summary_large_image\" \/>\n<meta name=\"twitter:label1\" content=\"Ansl. lesetid\" \/>\n\t<meta name=\"twitter:data1\" content=\"1 minutt\" \/>\n<script type=\"application\/ld+json\" class=\"yoast-schema-graph\">{\"@context\":\"https:\/\/schema.org\",\"@graph\":[{\"@type\":\"WebPage\",\"@id\":\"https:\/\/mypalmleaf.com\/no\/prices\/oversettelse-av-lesningen\/\",\"url\":\"https:\/\/mypalmleaf.com\/no\/prices\/oversettelse-av-lesningen\/\",\"name\":\"Oversettelse av lesningen - My Palm Leaf\",\"isPartOf\":{\"@id\":\"https:\/\/mypalmleaf.com\/#website\"},\"primaryImageOfPage\":{\"@id\":\"https:\/\/mypalmleaf.com\/no\/prices\/oversettelse-av-lesningen\/#primaryimage\"},\"image\":{\"@id\":\"https:\/\/mypalmleaf.com\/no\/prices\/oversettelse-av-lesningen\/#primaryimage\"},\"thumbnailUrl\":\"https:\/\/mypalmleaf.com\/wp-content\/uploads\/2024\/09\/services-thumb-1-1-1.jpg\",\"datePublished\":\"2024-08-03T05:43:59+00:00\",\"dateModified\":\"2025-04-29T13:10:30+00:00\",\"description\":\"F\u00e5 din palmebladlesning profesjonelt oversatt slik at du kan forst\u00e5 hvert budskap tydelig og f\u00e5 full innsikt i din spirituelle veiledning.\",\"breadcrumb\":{\"@id\":\"https:\/\/mypalmleaf.com\/no\/prices\/oversettelse-av-lesningen\/#breadcrumb\"},\"inLanguage\":\"nb-NO\",\"potentialAction\":[{\"@type\":\"ReadAction\",\"target\":[\"https:\/\/mypalmleaf.com\/no\/prices\/oversettelse-av-lesningen\/\"]}]},{\"@type\":\"ImageObject\",\"inLanguage\":\"nb-NO\",\"@id\":\"https:\/\/mypalmleaf.com\/no\/prices\/oversettelse-av-lesningen\/#primaryimage\",\"url\":\"https:\/\/mypalmleaf.com\/wp-content\/uploads\/2024\/09\/services-thumb-1-1-1.jpg\",\"contentUrl\":\"https:\/\/mypalmleaf.com\/wp-content\/uploads\/2024\/09\/services-thumb-1-1-1.jpg\",\"width\":800,\"height\":444,\"caption\":\"Nadi astrology-01\"},{\"@type\":\"BreadcrumbList\",\"@id\":\"https:\/\/mypalmleaf.com\/no\/prices\/oversettelse-av-lesningen\/#breadcrumb\",\"itemListElement\":[{\"@type\":\"ListItem\",\"position\":1,\"name\":\"Home\",\"item\":\"https:\/\/mypalmleaf.com\/no\/\"},{\"@type\":\"ListItem\",\"position\":2,\"name\":\"Shop\",\"item\":\"https:\/\/mypalmleaf.com\/et\/shop\/\"},{\"@type\":\"ListItem\",\"position\":3,\"name\":\"Oversettelse av lesningen\"}]},{\"@type\":\"WebSite\",\"@id\":\"https:\/\/mypalmleaf.com\/#website\",\"url\":\"https:\/\/mypalmleaf.com\/\",\"name\":\"My Palm Leaf\",\"description\":\"\",\"potentialAction\":[{\"@type\":\"SearchAction\",\"target\":{\"@type\":\"EntryPoint\",\"urlTemplate\":\"https:\/\/mypalmleaf.com\/?s={search_term_string}\"},\"query-input\":{\"@type\":\"PropertyValueSpecification\",\"valueRequired\":true,\"valueName\":\"search_term_string\"}}],\"inLanguage\":\"nb-NO\"}]}<\/script>\n<!-- \/ Yoast SEO plugin. -->","yoast_head_json":{"title":"Oversettelse av lesningen - My Palm Leaf","description":"F\u00e5 din palmebladlesning profesjonelt oversatt slik at du kan forst\u00e5 hvert budskap tydelig og f\u00e5 full innsikt i din spirituelle veiledning.","robots":{"index":"index","follow":"follow","max-snippet":"max-snippet:-1","max-image-preview":"max-image-preview:large","max-video-preview":"max-video-preview:-1"},"canonical":"https:\/\/mypalmleaf.com\/no\/prices\/oversettelse-av-lesningen\/","og_locale":"nb_NO","og_type":"article","og_title":"Oversettelse av lesningen - My Palm Leaf","og_description":"F\u00e5 din palmebladlesning profesjonelt oversatt slik at du kan forst\u00e5 hvert budskap tydelig og f\u00e5 full innsikt i din spirituelle veiledning.","og_url":"https:\/\/mypalmleaf.com\/no\/prices\/oversettelse-av-lesningen\/","og_site_name":"My Palm Leaf","article_modified_time":"2025-04-29T13:10:30+00:00","og_image":[{"width":800,"height":444,"url":"https:\/\/mypalmleaf.com\/wp-content\/uploads\/2024\/09\/services-thumb-1-1-1.jpg","type":"image\/jpeg"}],"twitter_card":"summary_large_image","twitter_misc":{"Ansl. lesetid":"1 minutt"},"schema":{"@context":"https:\/\/schema.org","@graph":[{"@type":"WebPage","@id":"https:\/\/mypalmleaf.com\/no\/prices\/oversettelse-av-lesningen\/","url":"https:\/\/mypalmleaf.com\/no\/prices\/oversettelse-av-lesningen\/","name":"Oversettelse av lesningen - My Palm Leaf","isPartOf":{"@id":"https:\/\/mypalmleaf.com\/#website"},"primaryImageOfPage":{"@id":"https:\/\/mypalmleaf.com\/no\/prices\/oversettelse-av-lesningen\/#primaryimage"},"image":{"@id":"https:\/\/mypalmleaf.com\/no\/prices\/oversettelse-av-lesningen\/#primaryimage"},"thumbnailUrl":"https:\/\/mypalmleaf.com\/wp-content\/uploads\/2024\/09\/services-thumb-1-1-1.jpg","datePublished":"2024-08-03T05:43:59+00:00","dateModified":"2025-04-29T13:10:30+00:00","description":"F\u00e5 din palmebladlesning profesjonelt oversatt slik at du kan forst\u00e5 hvert budskap tydelig og f\u00e5 full innsikt i din spirituelle veiledning.","breadcrumb":{"@id":"https:\/\/mypalmleaf.com\/no\/prices\/oversettelse-av-lesningen\/#breadcrumb"},"inLanguage":"nb-NO","potentialAction":[{"@type":"ReadAction","target":["https:\/\/mypalmleaf.com\/no\/prices\/oversettelse-av-lesningen\/"]}]},{"@type":"ImageObject","inLanguage":"nb-NO","@id":"https:\/\/mypalmleaf.com\/no\/prices\/oversettelse-av-lesningen\/#primaryimage","url":"https:\/\/mypalmleaf.com\/wp-content\/uploads\/2024\/09\/services-thumb-1-1-1.jpg","contentUrl":"https:\/\/mypalmleaf.com\/wp-content\/uploads\/2024\/09\/services-thumb-1-1-1.jpg","width":800,"height":444,"caption":"Nadi astrology-01"},{"@type":"BreadcrumbList","@id":"https:\/\/mypalmleaf.com\/no\/prices\/oversettelse-av-lesningen\/#breadcrumb","itemListElement":[{"@type":"ListItem","position":1,"name":"Home","item":"https:\/\/mypalmleaf.com\/no\/"},{"@type":"ListItem","position":2,"name":"Shop","item":"https:\/\/mypalmleaf.com\/et\/shop\/"},{"@type":"ListItem","position":3,"name":"Oversettelse av lesningen"}]},{"@type":"WebSite","@id":"https:\/\/mypalmleaf.com\/#website","url":"https:\/\/mypalmleaf.com\/","name":"My Palm Leaf","description":"","potentialAction":[{"@type":"SearchAction","target":{"@type":"EntryPoint","urlTemplate":"https:\/\/mypalmleaf.com\/?s={search_term_string}"},"query-input":{"@type":"PropertyValueSpecification","valueRequired":true,"valueName":"search_term_string"}}],"inLanguage":"nb-NO"}]}},"_links":{"self":[{"href":"https:\/\/mypalmleaf.com\/no\/wp-json\/wp\/v2\/product\/38457","targetHints":{"allow":["GET"]}}],"collection":[{"href":"https:\/\/mypalmleaf.com\/no\/wp-json\/wp\/v2\/product"}],"about":[{"href":"https:\/\/mypalmleaf.com\/no\/wp-json\/wp\/v2\/types\/product"}],"replies":[{"embeddable":true,"href":"https:\/\/mypalmleaf.com\/no\/wp-json\/wp\/v2\/comments?post=38457"}],"wp:featuredmedia":[{"embeddable":true,"href":"https:\/\/mypalmleaf.com\/no\/wp-json\/wp\/v2\/media\/10096"}],"wp:attachment":[{"href":"https:\/\/mypalmleaf.com\/no\/wp-json\/wp\/v2\/media?parent=38457"}],"wp:term":[{"taxonomy":"product_brand","embeddable":true,"href":"https:\/\/mypalmleaf.com\/no\/wp-json\/wp\/v2\/product_brand?post=38457"},{"taxonomy":"product_cat","embeddable":true,"href":"https:\/\/mypalmleaf.com\/no\/wp-json\/wp\/v2\/product_cat?post=38457"},{"taxonomy":"product_tag","embeddable":true,"href":"https:\/\/mypalmleaf.com\/no\/wp-json\/wp\/v2\/product_tag?post=38457"}],"curies":[{"name":"wp","href":"https:\/\/api.w.org\/{rel}","templated":true}]}}