
{"id":38737,"date":"2024-03-04T10:58:10","date_gmt":"2024-03-04T10:58:10","guid":{"rendered":"https:\/\/mypalmleaf.com\/prices\/virtuell-pilegrimsreise\/"},"modified":"2025-04-29T13:11:37","modified_gmt":"2025-04-29T13:11:37","slug":"virtuell-pilegrimsreise","status":"publish","type":"product","link":"https:\/\/mypalmleaf.com\/no\/prices\/virtuell-pilegrimsreise\/","title":{"rendered":"Virtuell pilegrimsreise"},"content":{"rendered":"<p class=\"mb-4\">Den virtuelle pilegrimsreisen til Navagraha-templene er utformet for \u00e5 hjelpe deg med \u00e5 fjerne karmiske blokkeringer ved \u00e5 koble deg til energien fra de ni planetene og harmonisere deres innflytelse p\u00e5 livet ditt.  <\/p>\n<p class=\"mb-4\">Det er en kraftfull, men enkel m\u00e5te \u00e5 forbedre karmiske forhold og transformere eksisterende blokkeringer p\u00e5.<br \/>\nDenne pilegrimsreisen kan utf\u00f8res for deg eller en du er glad i. <\/p>\n<p>Den virtuelle pilegrimsreisen inkluderer:<\/p>\n<ul class=\"mb-4\">\n<li>Seremonier utf\u00f8rt for deg ved Navagraha-templene<\/li>\n<li>Tilgang til en WhatsApp- og Telegram-gruppe med daglige oppdateringer under pilegrimsreisen<\/li>\n<li>Donasjoner i ditt navn til templene og til de som trenger det<\/li>\n<\/ul>\n<p class=\"mb-4\">Hellige suvenirer (for det andre alternativet):<br \/> Dette er velsignede gjenstander som er hentet fra eller i n\u00e6rheten av templene, og som er gjennomsyret av deres energi.<br \/> Vi kan ikke spesifisere de eksakte gjenstandene p\u00e5 forh\u00e5nd, men de fungerer som en bro som knytter deg til templets energi.<br \/> For \u00e5 f\u00e5 en id\u00e9 om hva du kan forvente, kan du <a href=\"https:\/\/www.youtube.com\/watch?v=09WQJn8M8SA\" class=\"text-body\" data-lity=\"\">se denne videoen<\/a> fra en tidligere pilegrimsreise.<\/p>\n<p><strong>Merk:<\/strong> Gratis frakt over hele verden er inkludert for hellige suvenirer.<\/p>\n","protected":false},"excerpt":{"rendered":"<p>Virtual Pilgrimage to the Navagraha Temples<\/strong> er utformet for \u00e5 hjelpe deg med \u00e5 fjerne karmiske blokkeringer ved \u00e5 koble deg til energien til de ni planetene, og harmonisere deres innflytelse p\u00e5 livet ditt&#8230;<\/p>\n","protected":false},"featured_media":3505,"comment_status":"open","ping_status":"closed","template":"","meta":{"_acf_changed":false},"product_brand":[],"product_cat":[359],"product_tag":[],"class_list":{"0":"post-38737","1":"product","2":"type-product","3":"status-publish","4":"has-post-thumbnail","6":"product_cat-uncategorized-no","8":"first","9":"instock","10":"purchasable","11":"product-type-variable"},"exclude_global_add_ons":[],"addons":[],"acf":[],"yoast_head":"<!-- This site is optimized with the Yoast SEO plugin v26.4 - https:\/\/yoast.com\/wordpress\/plugins\/seo\/ -->\n<title>Virtuell pilegrimsreise - My Palm Leaf<\/title>\n<meta name=\"description\" content=\"Bli med p\u00e5 en virtuell pilegrimsreise til hellige steder i India hjemmefra. Motta velsignelser, visdom og dyp spirituell inspirasjon.\" \/>\n<meta name=\"robots\" content=\"index, follow, max-snippet:-1, max-image-preview:large, max-video-preview:-1\" \/>\n<link rel=\"canonical\" href=\"https:\/\/mypalmleaf.com\/no\/prices\/virtuell-pilegrimsreise\/\" \/>\n<meta property=\"og:locale\" content=\"nb_NO\" \/>\n<meta property=\"og:type\" content=\"article\" \/>\n<meta property=\"og:title\" content=\"Virtuell pilegrimsreise - My Palm Leaf\" \/>\n<meta property=\"og:description\" content=\"Bli med p\u00e5 en virtuell pilegrimsreise til hellige steder i India hjemmefra. Motta velsignelser, visdom og dyp spirituell inspirasjon.\" \/>\n<meta property=\"og:url\" content=\"https:\/\/mypalmleaf.com\/no\/prices\/virtuell-pilegrimsreise\/\" \/>\n<meta property=\"og:site_name\" content=\"My Palm Leaf\" \/>\n<meta property=\"article:modified_time\" content=\"2025-04-29T13:11:37+00:00\" \/>\n<meta property=\"og:image\" content=\"https:\/\/mypalmleaf.com\/wp-content\/uploads\/2024\/09\/mantra-product-page-18.jpg\" \/>\n\t<meta property=\"og:image:width\" content=\"1280\" \/>\n\t<meta property=\"og:image:height\" content=\"720\" \/>\n\t<meta property=\"og:image:type\" content=\"image\/jpeg\" \/>\n<meta name=\"twitter:card\" content=\"summary_large_image\" \/>\n<meta name=\"twitter:label1\" content=\"Ansl. lesetid\" \/>\n\t<meta name=\"twitter:data1\" content=\"1 minutt\" \/>\n<script type=\"application\/ld+json\" class=\"yoast-schema-graph\">{\"@context\":\"https:\/\/schema.org\",\"@graph\":[{\"@type\":\"WebPage\",\"@id\":\"https:\/\/mypalmleaf.com\/no\/prices\/virtuell-pilegrimsreise\/\",\"url\":\"https:\/\/mypalmleaf.com\/no\/prices\/virtuell-pilegrimsreise\/\",\"name\":\"Virtuell pilegrimsreise - My Palm Leaf\",\"isPartOf\":{\"@id\":\"https:\/\/mypalmleaf.com\/#website\"},\"primaryImageOfPage\":{\"@id\":\"https:\/\/mypalmleaf.com\/no\/prices\/virtuell-pilegrimsreise\/#primaryimage\"},\"image\":{\"@id\":\"https:\/\/mypalmleaf.com\/no\/prices\/virtuell-pilegrimsreise\/#primaryimage\"},\"thumbnailUrl\":\"https:\/\/mypalmleaf.com\/wp-content\/uploads\/2024\/09\/mantra-product-page-18.jpg\",\"datePublished\":\"2024-03-04T10:58:10+00:00\",\"dateModified\":\"2025-04-29T13:11:37+00:00\",\"description\":\"Bli med p\u00e5 en virtuell pilegrimsreise til hellige steder i India hjemmefra. Motta velsignelser, visdom og dyp spirituell inspirasjon.\",\"breadcrumb\":{\"@id\":\"https:\/\/mypalmleaf.com\/no\/prices\/virtuell-pilegrimsreise\/#breadcrumb\"},\"inLanguage\":\"nb-NO\",\"potentialAction\":[{\"@type\":\"ReadAction\",\"target\":[\"https:\/\/mypalmleaf.com\/no\/prices\/virtuell-pilegrimsreise\/\"]}]},{\"@type\":\"ImageObject\",\"inLanguage\":\"nb-NO\",\"@id\":\"https:\/\/mypalmleaf.com\/no\/prices\/virtuell-pilegrimsreise\/#primaryimage\",\"url\":\"https:\/\/mypalmleaf.com\/wp-content\/uploads\/2024\/09\/mantra-product-page-18.jpg\",\"contentUrl\":\"https:\/\/mypalmleaf.com\/wp-content\/uploads\/2024\/09\/mantra-product-page-18.jpg\",\"width\":1280,\"height\":720,\"caption\":\"Statue of Gods\"},{\"@type\":\"BreadcrumbList\",\"@id\":\"https:\/\/mypalmleaf.com\/no\/prices\/virtuell-pilegrimsreise\/#breadcrumb\",\"itemListElement\":[{\"@type\":\"ListItem\",\"position\":1,\"name\":\"Home\",\"item\":\"https:\/\/mypalmleaf.com\/no\/\"},{\"@type\":\"ListItem\",\"position\":2,\"name\":\"Shop\",\"item\":\"https:\/\/mypalmleaf.com\/et\/shop\/\"},{\"@type\":\"ListItem\",\"position\":3,\"name\":\"Virtuell pilegrimsreise\"}]},{\"@type\":\"WebSite\",\"@id\":\"https:\/\/mypalmleaf.com\/#website\",\"url\":\"https:\/\/mypalmleaf.com\/\",\"name\":\"My Palm Leaf\",\"description\":\"\",\"potentialAction\":[{\"@type\":\"SearchAction\",\"target\":{\"@type\":\"EntryPoint\",\"urlTemplate\":\"https:\/\/mypalmleaf.com\/?s={search_term_string}\"},\"query-input\":{\"@type\":\"PropertyValueSpecification\",\"valueRequired\":true,\"valueName\":\"search_term_string\"}}],\"inLanguage\":\"nb-NO\"}]}<\/script>\n<!-- \/ Yoast SEO plugin. -->","yoast_head_json":{"title":"Virtuell pilegrimsreise - My Palm Leaf","description":"Bli med p\u00e5 en virtuell pilegrimsreise til hellige steder i India hjemmefra. Motta velsignelser, visdom og dyp spirituell inspirasjon.","robots":{"index":"index","follow":"follow","max-snippet":"max-snippet:-1","max-image-preview":"max-image-preview:large","max-video-preview":"max-video-preview:-1"},"canonical":"https:\/\/mypalmleaf.com\/no\/prices\/virtuell-pilegrimsreise\/","og_locale":"nb_NO","og_type":"article","og_title":"Virtuell pilegrimsreise - My Palm Leaf","og_description":"Bli med p\u00e5 en virtuell pilegrimsreise til hellige steder i India hjemmefra. Motta velsignelser, visdom og dyp spirituell inspirasjon.","og_url":"https:\/\/mypalmleaf.com\/no\/prices\/virtuell-pilegrimsreise\/","og_site_name":"My Palm Leaf","article_modified_time":"2025-04-29T13:11:37+00:00","og_image":[{"width":1280,"height":720,"url":"https:\/\/mypalmleaf.com\/wp-content\/uploads\/2024\/09\/mantra-product-page-18.jpg","type":"image\/jpeg"}],"twitter_card":"summary_large_image","twitter_misc":{"Ansl. lesetid":"1 minutt"},"schema":{"@context":"https:\/\/schema.org","@graph":[{"@type":"WebPage","@id":"https:\/\/mypalmleaf.com\/no\/prices\/virtuell-pilegrimsreise\/","url":"https:\/\/mypalmleaf.com\/no\/prices\/virtuell-pilegrimsreise\/","name":"Virtuell pilegrimsreise - My Palm Leaf","isPartOf":{"@id":"https:\/\/mypalmleaf.com\/#website"},"primaryImageOfPage":{"@id":"https:\/\/mypalmleaf.com\/no\/prices\/virtuell-pilegrimsreise\/#primaryimage"},"image":{"@id":"https:\/\/mypalmleaf.com\/no\/prices\/virtuell-pilegrimsreise\/#primaryimage"},"thumbnailUrl":"https:\/\/mypalmleaf.com\/wp-content\/uploads\/2024\/09\/mantra-product-page-18.jpg","datePublished":"2024-03-04T10:58:10+00:00","dateModified":"2025-04-29T13:11:37+00:00","description":"Bli med p\u00e5 en virtuell pilegrimsreise til hellige steder i India hjemmefra. Motta velsignelser, visdom og dyp spirituell inspirasjon.","breadcrumb":{"@id":"https:\/\/mypalmleaf.com\/no\/prices\/virtuell-pilegrimsreise\/#breadcrumb"},"inLanguage":"nb-NO","potentialAction":[{"@type":"ReadAction","target":["https:\/\/mypalmleaf.com\/no\/prices\/virtuell-pilegrimsreise\/"]}]},{"@type":"ImageObject","inLanguage":"nb-NO","@id":"https:\/\/mypalmleaf.com\/no\/prices\/virtuell-pilegrimsreise\/#primaryimage","url":"https:\/\/mypalmleaf.com\/wp-content\/uploads\/2024\/09\/mantra-product-page-18.jpg","contentUrl":"https:\/\/mypalmleaf.com\/wp-content\/uploads\/2024\/09\/mantra-product-page-18.jpg","width":1280,"height":720,"caption":"Statue of Gods"},{"@type":"BreadcrumbList","@id":"https:\/\/mypalmleaf.com\/no\/prices\/virtuell-pilegrimsreise\/#breadcrumb","itemListElement":[{"@type":"ListItem","position":1,"name":"Home","item":"https:\/\/mypalmleaf.com\/no\/"},{"@type":"ListItem","position":2,"name":"Shop","item":"https:\/\/mypalmleaf.com\/et\/shop\/"},{"@type":"ListItem","position":3,"name":"Virtuell pilegrimsreise"}]},{"@type":"WebSite","@id":"https:\/\/mypalmleaf.com\/#website","url":"https:\/\/mypalmleaf.com\/","name":"My Palm Leaf","description":"","potentialAction":[{"@type":"SearchAction","target":{"@type":"EntryPoint","urlTemplate":"https:\/\/mypalmleaf.com\/?s={search_term_string}"},"query-input":{"@type":"PropertyValueSpecification","valueRequired":true,"valueName":"search_term_string"}}],"inLanguage":"nb-NO"}]}},"_links":{"self":[{"href":"https:\/\/mypalmleaf.com\/no\/wp-json\/wp\/v2\/product\/38737","targetHints":{"allow":["GET"]}}],"collection":[{"href":"https:\/\/mypalmleaf.com\/no\/wp-json\/wp\/v2\/product"}],"about":[{"href":"https:\/\/mypalmleaf.com\/no\/wp-json\/wp\/v2\/types\/product"}],"replies":[{"embeddable":true,"href":"https:\/\/mypalmleaf.com\/no\/wp-json\/wp\/v2\/comments?post=38737"}],"wp:featuredmedia":[{"embeddable":true,"href":"https:\/\/mypalmleaf.com\/no\/wp-json\/wp\/v2\/media\/3505"}],"wp:attachment":[{"href":"https:\/\/mypalmleaf.com\/no\/wp-json\/wp\/v2\/media?parent=38737"}],"wp:term":[{"taxonomy":"product_brand","embeddable":true,"href":"https:\/\/mypalmleaf.com\/no\/wp-json\/wp\/v2\/product_brand?post=38737"},{"taxonomy":"product_cat","embeddable":true,"href":"https:\/\/mypalmleaf.com\/no\/wp-json\/wp\/v2\/product_cat?post=38737"},{"taxonomy":"product_tag","embeddable":true,"href":"https:\/\/mypalmleaf.com\/no\/wp-json\/wp\/v2\/product_tag?post=38737"}],"curies":[{"name":"wp","href":"https:\/\/api.w.org\/{rel}","templated":true}]}}