
{"id":38849,"date":"2024-09-04T10:44:34","date_gmt":"2024-09-04T10:44:34","guid":{"rendered":"https:\/\/mypalmleaf.com\/prices\/malas-handlagde-bonneperler\/"},"modified":"2025-08-05T11:04:31","modified_gmt":"2025-08-05T11:04:31","slug":"malas-handlagde-bonneperler","status":"publish","type":"product","link":"https:\/\/mypalmleaf.com\/no\/prices\/malas-handlagde-bonneperler\/","title":{"rendered":"Malas &#8211; h\u00e5ndlagde b\u00f8nneperler"},"content":{"rendered":"<p>En mala, eller b\u00f8nneperle, er et kraftfullt verkt\u00f8y i mantrapraksisen, designet for \u00e5 hjelpe deg \u00e5 holde fokus og fordype meditasjonen. Hver Mala er fylt med energien fra din praksis, og fungerer som en \u00e5ndelig f\u00f8lgesvenn p\u00e5 din reise. Vi tilbyr to unike varianter, hver og en laget med omhu og hensikt:<\/p>\n<ul>\n<li><strong>Rudraksha Mala fra Himalaya<\/strong><br \/>\nDenne tradisjonelle malaen er laget av hellige rudraksha-fr\u00f8, som er \u00e6ret for sin \u00e5ndelige betydning og tilknytning til Shiva. Disse perlene er kjent for sin evne til \u00e5 st\u00f8tte dyp meditasjon, og de er n\u00f8ye utvalgt fra Himalaya-regionen og antas \u00e5 styrke \u00e5ndelig vekst og beskyttelse. Rudraksha Malaen din vil bli sendt hjem til deg med den hellige energien fra dens opprinnelse.<\/li>\n<li><strong>H\u00e5ndlaget mala av v\u00e5r h\u00e5ndverker, Spanda<\/strong><br \/>\nFor en mer personlig opplevelse kan du velge en f\u00f8rsteklasses, h\u00e5ndlaget mala laget av v\u00e5r mala-kunstner, Spanda. F\u00f8r han begynner \u00e5 lage din Mala, vil Spanda ha en videosamtale med deg for \u00e5 diskutere dine intensjoner, energiene du \u00f8nsker \u00e5 invitere inn i livet ditt, og dine preferanser for halvedelstener. Deretter lager han malaen spesielt for deg, og tilf\u00f8rer den velsignelser og \u00e5ndelig energi f\u00f8r han sender den til deg. Denne spesialtilpassede Malaen er mer enn et meditasjonsverkt\u00f8y; den er en refleksjon av din personlige \u00e5ndelige reise.<\/li>\n<\/ul>\n","protected":false},"excerpt":{"rendered":"<p>En mala, eller b\u00f8nneperle, er et kraftfullt verkt\u00f8y i mantrapraksisen, designet for \u00e5 hjelpe deg med \u00e5 holde fokus og fordype meditasjonen.<\/p>\n","protected":false},"featured_media":4188,"comment_status":"open","ping_status":"closed","template":"","meta":{"_acf_changed":false},"product_brand":[],"product_cat":[359],"product_tag":[],"class_list":{"0":"post-38849","1":"product","2":"type-product","3":"status-publish","4":"has-post-thumbnail","6":"product_cat-uncategorized-no","7":"product_shipping_class-fysisk-produkt-no","9":"first","10":"instock","11":"taxable","12":"shipping-taxable","13":"purchasable","14":"product-type-variable"},"exclude_global_add_ons":[],"addons":[],"acf":[],"yoast_head":"<!-- This site is optimized with the Yoast SEO plugin v26.4 - https:\/\/yoast.com\/wordpress\/plugins\/seo\/ -->\n<title>H\u00e5ndlagde b\u00f8nneperler: Unike og spirituelle smykker<\/title>\n<meta name=\"description\" content=\"Velg mellom vakre, h\u00e5ndlagde malas fra India som st\u00f8tter meditasjon, fokus og \u00e5ndelig praksis med kraftige, naturlige materialer og energi.\" \/>\n<meta name=\"robots\" content=\"index, follow, max-snippet:-1, max-image-preview:large, max-video-preview:-1\" \/>\n<link rel=\"canonical\" href=\"https:\/\/mypalmleaf.com\/no\/prices\/malas-handlagde-bonneperler\/\" \/>\n<meta property=\"og:locale\" content=\"nb_NO\" \/>\n<meta property=\"og:type\" content=\"article\" \/>\n<meta property=\"og:title\" content=\"H\u00e5ndlagde b\u00f8nneperler: Unike og spirituelle smykker\" \/>\n<meta property=\"og:description\" content=\"Velg mellom vakre, h\u00e5ndlagde malas fra India som st\u00f8tter meditasjon, fokus og \u00e5ndelig praksis med kraftige, naturlige materialer og energi.\" \/>\n<meta property=\"og:url\" content=\"https:\/\/mypalmleaf.com\/no\/prices\/malas-handlagde-bonneperler\/\" \/>\n<meta property=\"og:site_name\" content=\"My Palm Leaf\" \/>\n<meta property=\"article:modified_time\" content=\"2025-08-05T11:04:31+00:00\" \/>\n<meta property=\"og:image\" content=\"https:\/\/mypalmleaf.com\/wp-content\/uploads\/2024\/09\/mala.jpg\" \/>\n\t<meta property=\"og:image:width\" content=\"1280\" \/>\n\t<meta property=\"og:image:height\" content=\"720\" \/>\n\t<meta property=\"og:image:type\" content=\"image\/jpeg\" \/>\n<meta name=\"twitter:card\" content=\"summary_large_image\" \/>\n<meta name=\"twitter:label1\" content=\"Ansl. lesetid\" \/>\n\t<meta name=\"twitter:data1\" content=\"2 minutter\" \/>\n<script type=\"application\/ld+json\" class=\"yoast-schema-graph\">{\"@context\":\"https:\/\/schema.org\",\"@graph\":[{\"@type\":\"WebPage\",\"@id\":\"https:\/\/mypalmleaf.com\/no\/prices\/malas-handlagde-bonneperler\/\",\"url\":\"https:\/\/mypalmleaf.com\/no\/prices\/malas-handlagde-bonneperler\/\",\"name\":\"H\u00e5ndlagde b\u00f8nneperler: Unike og spirituelle smykker\",\"isPartOf\":{\"@id\":\"https:\/\/mypalmleaf.com\/#website\"},\"primaryImageOfPage\":{\"@id\":\"https:\/\/mypalmleaf.com\/no\/prices\/malas-handlagde-bonneperler\/#primaryimage\"},\"image\":{\"@id\":\"https:\/\/mypalmleaf.com\/no\/prices\/malas-handlagde-bonneperler\/#primaryimage\"},\"thumbnailUrl\":\"https:\/\/mypalmleaf.com\/wp-content\/uploads\/2024\/09\/mala.jpg\",\"datePublished\":\"2024-09-04T10:44:34+00:00\",\"dateModified\":\"2025-08-05T11:04:31+00:00\",\"description\":\"Velg mellom vakre, h\u00e5ndlagde malas fra India som st\u00f8tter meditasjon, fokus og \u00e5ndelig praksis med kraftige, naturlige materialer og energi.\",\"breadcrumb\":{\"@id\":\"https:\/\/mypalmleaf.com\/no\/prices\/malas-handlagde-bonneperler\/#breadcrumb\"},\"inLanguage\":\"nb-NO\",\"potentialAction\":[{\"@type\":\"ReadAction\",\"target\":[\"https:\/\/mypalmleaf.com\/no\/prices\/malas-handlagde-bonneperler\/\"]}]},{\"@type\":\"ImageObject\",\"inLanguage\":\"nb-NO\",\"@id\":\"https:\/\/mypalmleaf.com\/no\/prices\/malas-handlagde-bonneperler\/#primaryimage\",\"url\":\"https:\/\/mypalmleaf.com\/wp-content\/uploads\/2024\/09\/mala.jpg\",\"contentUrl\":\"https:\/\/mypalmleaf.com\/wp-content\/uploads\/2024\/09\/mala.jpg\",\"width\":1280,\"height\":720,\"caption\":\"mala\"},{\"@type\":\"BreadcrumbList\",\"@id\":\"https:\/\/mypalmleaf.com\/no\/prices\/malas-handlagde-bonneperler\/#breadcrumb\",\"itemListElement\":[{\"@type\":\"ListItem\",\"position\":1,\"name\":\"Home\",\"item\":\"https:\/\/mypalmleaf.com\/no\/\"},{\"@type\":\"ListItem\",\"position\":2,\"name\":\"Shop\",\"item\":\"https:\/\/mypalmleaf.com\/et\/shop\/\"},{\"@type\":\"ListItem\",\"position\":3,\"name\":\"Malas &#8211; h\u00e5ndlagde b\u00f8nneperler\"}]},{\"@type\":\"WebSite\",\"@id\":\"https:\/\/mypalmleaf.com\/#website\",\"url\":\"https:\/\/mypalmleaf.com\/\",\"name\":\"My Palm Leaf\",\"description\":\"\",\"potentialAction\":[{\"@type\":\"SearchAction\",\"target\":{\"@type\":\"EntryPoint\",\"urlTemplate\":\"https:\/\/mypalmleaf.com\/?s={search_term_string}\"},\"query-input\":{\"@type\":\"PropertyValueSpecification\",\"valueRequired\":true,\"valueName\":\"search_term_string\"}}],\"inLanguage\":\"nb-NO\"}]}<\/script>\n<!-- \/ Yoast SEO plugin. -->","yoast_head_json":{"title":"H\u00e5ndlagde b\u00f8nneperler: Unike og spirituelle smykker","description":"Velg mellom vakre, h\u00e5ndlagde malas fra India som st\u00f8tter meditasjon, fokus og \u00e5ndelig praksis med kraftige, naturlige materialer og energi.","robots":{"index":"index","follow":"follow","max-snippet":"max-snippet:-1","max-image-preview":"max-image-preview:large","max-video-preview":"max-video-preview:-1"},"canonical":"https:\/\/mypalmleaf.com\/no\/prices\/malas-handlagde-bonneperler\/","og_locale":"nb_NO","og_type":"article","og_title":"H\u00e5ndlagde b\u00f8nneperler: Unike og spirituelle smykker","og_description":"Velg mellom vakre, h\u00e5ndlagde malas fra India som st\u00f8tter meditasjon, fokus og \u00e5ndelig praksis med kraftige, naturlige materialer og energi.","og_url":"https:\/\/mypalmleaf.com\/no\/prices\/malas-handlagde-bonneperler\/","og_site_name":"My Palm Leaf","article_modified_time":"2025-08-05T11:04:31+00:00","og_image":[{"width":1280,"height":720,"url":"https:\/\/mypalmleaf.com\/wp-content\/uploads\/2024\/09\/mala.jpg","type":"image\/jpeg"}],"twitter_card":"summary_large_image","twitter_misc":{"Ansl. lesetid":"2 minutter"},"schema":{"@context":"https:\/\/schema.org","@graph":[{"@type":"WebPage","@id":"https:\/\/mypalmleaf.com\/no\/prices\/malas-handlagde-bonneperler\/","url":"https:\/\/mypalmleaf.com\/no\/prices\/malas-handlagde-bonneperler\/","name":"H\u00e5ndlagde b\u00f8nneperler: Unike og spirituelle smykker","isPartOf":{"@id":"https:\/\/mypalmleaf.com\/#website"},"primaryImageOfPage":{"@id":"https:\/\/mypalmleaf.com\/no\/prices\/malas-handlagde-bonneperler\/#primaryimage"},"image":{"@id":"https:\/\/mypalmleaf.com\/no\/prices\/malas-handlagde-bonneperler\/#primaryimage"},"thumbnailUrl":"https:\/\/mypalmleaf.com\/wp-content\/uploads\/2024\/09\/mala.jpg","datePublished":"2024-09-04T10:44:34+00:00","dateModified":"2025-08-05T11:04:31+00:00","description":"Velg mellom vakre, h\u00e5ndlagde malas fra India som st\u00f8tter meditasjon, fokus og \u00e5ndelig praksis med kraftige, naturlige materialer og energi.","breadcrumb":{"@id":"https:\/\/mypalmleaf.com\/no\/prices\/malas-handlagde-bonneperler\/#breadcrumb"},"inLanguage":"nb-NO","potentialAction":[{"@type":"ReadAction","target":["https:\/\/mypalmleaf.com\/no\/prices\/malas-handlagde-bonneperler\/"]}]},{"@type":"ImageObject","inLanguage":"nb-NO","@id":"https:\/\/mypalmleaf.com\/no\/prices\/malas-handlagde-bonneperler\/#primaryimage","url":"https:\/\/mypalmleaf.com\/wp-content\/uploads\/2024\/09\/mala.jpg","contentUrl":"https:\/\/mypalmleaf.com\/wp-content\/uploads\/2024\/09\/mala.jpg","width":1280,"height":720,"caption":"mala"},{"@type":"BreadcrumbList","@id":"https:\/\/mypalmleaf.com\/no\/prices\/malas-handlagde-bonneperler\/#breadcrumb","itemListElement":[{"@type":"ListItem","position":1,"name":"Home","item":"https:\/\/mypalmleaf.com\/no\/"},{"@type":"ListItem","position":2,"name":"Shop","item":"https:\/\/mypalmleaf.com\/et\/shop\/"},{"@type":"ListItem","position":3,"name":"Malas &#8211; h\u00e5ndlagde b\u00f8nneperler"}]},{"@type":"WebSite","@id":"https:\/\/mypalmleaf.com\/#website","url":"https:\/\/mypalmleaf.com\/","name":"My Palm Leaf","description":"","potentialAction":[{"@type":"SearchAction","target":{"@type":"EntryPoint","urlTemplate":"https:\/\/mypalmleaf.com\/?s={search_term_string}"},"query-input":{"@type":"PropertyValueSpecification","valueRequired":true,"valueName":"search_term_string"}}],"inLanguage":"nb-NO"}]}},"_links":{"self":[{"href":"https:\/\/mypalmleaf.com\/no\/wp-json\/wp\/v2\/product\/38849","targetHints":{"allow":["GET"]}}],"collection":[{"href":"https:\/\/mypalmleaf.com\/no\/wp-json\/wp\/v2\/product"}],"about":[{"href":"https:\/\/mypalmleaf.com\/no\/wp-json\/wp\/v2\/types\/product"}],"replies":[{"embeddable":true,"href":"https:\/\/mypalmleaf.com\/no\/wp-json\/wp\/v2\/comments?post=38849"}],"wp:featuredmedia":[{"embeddable":true,"href":"https:\/\/mypalmleaf.com\/no\/wp-json\/wp\/v2\/media\/4188"}],"wp:attachment":[{"href":"https:\/\/mypalmleaf.com\/no\/wp-json\/wp\/v2\/media?parent=38849"}],"wp:term":[{"taxonomy":"product_brand","embeddable":true,"href":"https:\/\/mypalmleaf.com\/no\/wp-json\/wp\/v2\/product_brand?post=38849"},{"taxonomy":"product_cat","embeddable":true,"href":"https:\/\/mypalmleaf.com\/no\/wp-json\/wp\/v2\/product_cat?post=38849"},{"taxonomy":"product_tag","embeddable":true,"href":"https:\/\/mypalmleaf.com\/no\/wp-json\/wp\/v2\/product_tag?post=38849"}],"curies":[{"name":"wp","href":"https:\/\/api.w.org\/{rel}","templated":true}]}}