{"id":38884,"date":"2024-09-04T10:45:22","date_gmt":"2024-09-04T10:45:22","guid":{"rendered":"https:\/\/mypalmleaf.com\/prices\/60-minutters-konsultasjonssamtale-med-en-av-vare-moderatorer\/"},"modified":"2025-04-30T06:32:26","modified_gmt":"2025-04-30T06:32:26","slug":"60-minutters-konsultasjonssamtale-med-en-av-vare-moderatorer","status":"publish","type":"product","link":"https:\/\/mypalmleaf.com\/no\/prices\/60-minutters-konsultasjonssamtale-med-en-av-vare-moderatorer\/","title":{"rendered":"60 minutters konsultasjonssamtale med en av v\u00e5re moderatorer"},"content":{"rendered":"<p>Palm Leaf-lesningen kan sette i gang dype transformasjonsprosesser som p\u00e5 sikt vil f\u00f8re deg til mer lykke, men den kan ogs\u00e5 v\u00e6re utfordrende. Hvis du \u00f8nsker st\u00f8tte til \u00e5 integrere informasjonen og opplevelsen i livet ditt, tilbyr vi integrasjons- og coachingsamtaler via Zoom.<\/p>\n<p><a href=\"\/integration-and-guidance-calls\/\">Her<\/a> kan du <a href=\"\/integration-and-guidance-calls\/\">se<\/a> hvem av v\u00e5re hjertesentrerte guider som er tilgjengelige for integrasjonssamtaler. Etter at du har bestilt samtalen, vil du motta lenker til alle deres kalendere og kan velge fra deres tilgjengelige datoer, n\u00e5r du \u00f8nsker \u00e5 ha avtalen.<\/p>\n","protected":false},"excerpt":{"rendered":"<p>H\u00e5ndflatelesningen kan sette i gang dype transformasjonsprosesser, som etter hvert vil f\u00f8re deg til mer lykke, men kan ogs\u00e5 v\u00e6re utfordrende&#8230;<\/p>\n","protected":false},"featured_media":44424,"comment_status":"open","ping_status":"closed","template":"","meta":{"_acf_changed":false},"product_brand":[],"product_cat":[359],"product_tag":[],"class_list":{"0":"post-38884","1":"product","2":"type-product","3":"status-publish","4":"has-post-thumbnail","6":"product_cat-uncategorized-no","8":"first","9":"instock","10":"taxable","11":"shipping-taxable","12":"purchasable","13":"product-type-variable"},"exclude_global_add_ons":[],"addons":[],"acf":[],"yoast_head":"<!-- This site is optimized with the Yoast SEO plugin v26.4 - https:\/\/yoast.com\/wordpress\/plugins\/seo\/ -->\n<title>60 minutters konsultasjonssamtale med en av v\u00e5re moderatorer<\/title>\n<meta name=\"description\" content=\"Bestill en 60-minutters samtale med v\u00e5r moderator for veiledning, klarhet, st\u00f8tte og \u00e5ndelig innsikt tilpasset din personlige reise og situasjon.\" \/>\n<meta name=\"robots\" content=\"index, follow, max-snippet:-1, max-image-preview:large, max-video-preview:-1\" \/>\n<link rel=\"canonical\" href=\"https:\/\/mypalmleaf.com\/no\/prices\/60-minutters-konsultasjonssamtale-med-en-av-vare-moderatorer\/\" \/>\n<meta property=\"og:locale\" content=\"nb_NO\" \/>\n<meta property=\"og:type\" content=\"article\" \/>\n<meta property=\"og:title\" content=\"60 minutters konsultasjonssamtale med en av v\u00e5re moderatorer\" \/>\n<meta property=\"og:description\" content=\"Bestill en 60-minutters samtale med v\u00e5r moderator for veiledning, klarhet, st\u00f8tte og \u00e5ndelig innsikt tilpasset din personlige reise og situasjon.\" \/>\n<meta property=\"og:url\" content=\"https:\/\/mypalmleaf.com\/no\/prices\/60-minutters-konsultasjonssamtale-med-en-av-vare-moderatorer\/\" \/>\n<meta property=\"og:site_name\" content=\"My Palm Leaf\" \/>\n<meta property=\"article:modified_time\" content=\"2025-04-30T06:32:26+00:00\" \/>\n<meta property=\"og:image\" content=\"https:\/\/mypalmleaf.com\/wp-content\/uploads\/2024\/09\/integrationcall-prd-thumb2.jpg\" \/>\n\t<meta property=\"og:image:width\" content=\"819\" \/>\n\t<meta property=\"og:image:height\" content=\"464\" \/>\n\t<meta property=\"og:image:type\" content=\"image\/jpeg\" \/>\n<meta name=\"twitter:card\" content=\"summary_large_image\" \/>\n<meta name=\"twitter:label1\" content=\"Ansl. lesetid\" \/>\n\t<meta name=\"twitter:data1\" content=\"1 minutt\" \/>\n<script type=\"application\/ld+json\" class=\"yoast-schema-graph\">{\"@context\":\"https:\/\/schema.org\",\"@graph\":[{\"@type\":\"WebPage\",\"@id\":\"https:\/\/mypalmleaf.com\/no\/prices\/60-minutters-konsultasjonssamtale-med-en-av-vare-moderatorer\/\",\"url\":\"https:\/\/mypalmleaf.com\/no\/prices\/60-minutters-konsultasjonssamtale-med-en-av-vare-moderatorer\/\",\"name\":\"60 minutters konsultasjonssamtale med en av v\u00e5re moderatorer\",\"isPartOf\":{\"@id\":\"https:\/\/mypalmleaf.com\/#website\"},\"primaryImageOfPage\":{\"@id\":\"https:\/\/mypalmleaf.com\/no\/prices\/60-minutters-konsultasjonssamtale-med-en-av-vare-moderatorer\/#primaryimage\"},\"image\":{\"@id\":\"https:\/\/mypalmleaf.com\/no\/prices\/60-minutters-konsultasjonssamtale-med-en-av-vare-moderatorer\/#primaryimage\"},\"thumbnailUrl\":\"https:\/\/mypalmleaf.com\/wp-content\/uploads\/2024\/09\/integrationcall-prd-thumb2.jpg\",\"datePublished\":\"2024-09-04T10:45:22+00:00\",\"dateModified\":\"2025-04-30T06:32:26+00:00\",\"description\":\"Bestill en 60-minutters samtale med v\u00e5r moderator for veiledning, klarhet, st\u00f8tte og \u00e5ndelig innsikt tilpasset din personlige reise og situasjon.\",\"breadcrumb\":{\"@id\":\"https:\/\/mypalmleaf.com\/no\/prices\/60-minutters-konsultasjonssamtale-med-en-av-vare-moderatorer\/#breadcrumb\"},\"inLanguage\":\"nb-NO\",\"potentialAction\":[{\"@type\":\"ReadAction\",\"target\":[\"https:\/\/mypalmleaf.com\/no\/prices\/60-minutters-konsultasjonssamtale-med-en-av-vare-moderatorer\/\"]}]},{\"@type\":\"ImageObject\",\"inLanguage\":\"nb-NO\",\"@id\":\"https:\/\/mypalmleaf.com\/no\/prices\/60-minutters-konsultasjonssamtale-med-en-av-vare-moderatorer\/#primaryimage\",\"url\":\"https:\/\/mypalmleaf.com\/wp-content\/uploads\/2024\/09\/integrationcall-prd-thumb2.jpg\",\"contentUrl\":\"https:\/\/mypalmleaf.com\/wp-content\/uploads\/2024\/09\/integrationcall-prd-thumb2.jpg\",\"width\":819,\"height\":464,\"caption\":\"listening\"},{\"@type\":\"BreadcrumbList\",\"@id\":\"https:\/\/mypalmleaf.com\/no\/prices\/60-minutters-konsultasjonssamtale-med-en-av-vare-moderatorer\/#breadcrumb\",\"itemListElement\":[{\"@type\":\"ListItem\",\"position\":1,\"name\":\"Home\",\"item\":\"https:\/\/mypalmleaf.com\/no\/\"},{\"@type\":\"ListItem\",\"position\":2,\"name\":\"Shop\",\"item\":\"https:\/\/mypalmleaf.com\/et\/shop\/\"},{\"@type\":\"ListItem\",\"position\":3,\"name\":\"60 minutters konsultasjonssamtale med en av v\u00e5re moderatorer\"}]},{\"@type\":\"WebSite\",\"@id\":\"https:\/\/mypalmleaf.com\/#website\",\"url\":\"https:\/\/mypalmleaf.com\/\",\"name\":\"My Palm Leaf\",\"description\":\"\",\"potentialAction\":[{\"@type\":\"SearchAction\",\"target\":{\"@type\":\"EntryPoint\",\"urlTemplate\":\"https:\/\/mypalmleaf.com\/?s={search_term_string}\"},\"query-input\":{\"@type\":\"PropertyValueSpecification\",\"valueRequired\":true,\"valueName\":\"search_term_string\"}}],\"inLanguage\":\"nb-NO\"}]}<\/script>\n<!-- \/ Yoast SEO plugin. -->","yoast_head_json":{"title":"60 minutters konsultasjonssamtale med en av v\u00e5re moderatorer","description":"Bestill en 60-minutters samtale med v\u00e5r moderator for veiledning, klarhet, st\u00f8tte og \u00e5ndelig innsikt tilpasset din personlige reise og situasjon.","robots":{"index":"index","follow":"follow","max-snippet":"max-snippet:-1","max-image-preview":"max-image-preview:large","max-video-preview":"max-video-preview:-1"},"canonical":"https:\/\/mypalmleaf.com\/no\/prices\/60-minutters-konsultasjonssamtale-med-en-av-vare-moderatorer\/","og_locale":"nb_NO","og_type":"article","og_title":"60 minutters konsultasjonssamtale med en av v\u00e5re moderatorer","og_description":"Bestill en 60-minutters samtale med v\u00e5r moderator for veiledning, klarhet, st\u00f8tte og \u00e5ndelig innsikt tilpasset din personlige reise og situasjon.","og_url":"https:\/\/mypalmleaf.com\/no\/prices\/60-minutters-konsultasjonssamtale-med-en-av-vare-moderatorer\/","og_site_name":"My Palm Leaf","article_modified_time":"2025-04-30T06:32:26+00:00","og_image":[{"width":819,"height":464,"url":"https:\/\/mypalmleaf.com\/wp-content\/uploads\/2024\/09\/integrationcall-prd-thumb2.jpg","type":"image\/jpeg"}],"twitter_card":"summary_large_image","twitter_misc":{"Ansl. lesetid":"1 minutt"},"schema":{"@context":"https:\/\/schema.org","@graph":[{"@type":"WebPage","@id":"https:\/\/mypalmleaf.com\/no\/prices\/60-minutters-konsultasjonssamtale-med-en-av-vare-moderatorer\/","url":"https:\/\/mypalmleaf.com\/no\/prices\/60-minutters-konsultasjonssamtale-med-en-av-vare-moderatorer\/","name":"60 minutters konsultasjonssamtale med en av v\u00e5re moderatorer","isPartOf":{"@id":"https:\/\/mypalmleaf.com\/#website"},"primaryImageOfPage":{"@id":"https:\/\/mypalmleaf.com\/no\/prices\/60-minutters-konsultasjonssamtale-med-en-av-vare-moderatorer\/#primaryimage"},"image":{"@id":"https:\/\/mypalmleaf.com\/no\/prices\/60-minutters-konsultasjonssamtale-med-en-av-vare-moderatorer\/#primaryimage"},"thumbnailUrl":"https:\/\/mypalmleaf.com\/wp-content\/uploads\/2024\/09\/integrationcall-prd-thumb2.jpg","datePublished":"2024-09-04T10:45:22+00:00","dateModified":"2025-04-30T06:32:26+00:00","description":"Bestill en 60-minutters samtale med v\u00e5r moderator for veiledning, klarhet, st\u00f8tte og \u00e5ndelig innsikt tilpasset din personlige reise og situasjon.","breadcrumb":{"@id":"https:\/\/mypalmleaf.com\/no\/prices\/60-minutters-konsultasjonssamtale-med-en-av-vare-moderatorer\/#breadcrumb"},"inLanguage":"nb-NO","potentialAction":[{"@type":"ReadAction","target":["https:\/\/mypalmleaf.com\/no\/prices\/60-minutters-konsultasjonssamtale-med-en-av-vare-moderatorer\/"]}]},{"@type":"ImageObject","inLanguage":"nb-NO","@id":"https:\/\/mypalmleaf.com\/no\/prices\/60-minutters-konsultasjonssamtale-med-en-av-vare-moderatorer\/#primaryimage","url":"https:\/\/mypalmleaf.com\/wp-content\/uploads\/2024\/09\/integrationcall-prd-thumb2.jpg","contentUrl":"https:\/\/mypalmleaf.com\/wp-content\/uploads\/2024\/09\/integrationcall-prd-thumb2.jpg","width":819,"height":464,"caption":"listening"},{"@type":"BreadcrumbList","@id":"https:\/\/mypalmleaf.com\/no\/prices\/60-minutters-konsultasjonssamtale-med-en-av-vare-moderatorer\/#breadcrumb","itemListElement":[{"@type":"ListItem","position":1,"name":"Home","item":"https:\/\/mypalmleaf.com\/no\/"},{"@type":"ListItem","position":2,"name":"Shop","item":"https:\/\/mypalmleaf.com\/et\/shop\/"},{"@type":"ListItem","position":3,"name":"60 minutters konsultasjonssamtale med en av v\u00e5re moderatorer"}]},{"@type":"WebSite","@id":"https:\/\/mypalmleaf.com\/#website","url":"https:\/\/mypalmleaf.com\/","name":"My Palm Leaf","description":"","potentialAction":[{"@type":"SearchAction","target":{"@type":"EntryPoint","urlTemplate":"https:\/\/mypalmleaf.com\/?s={search_term_string}"},"query-input":{"@type":"PropertyValueSpecification","valueRequired":true,"valueName":"search_term_string"}}],"inLanguage":"nb-NO"}]}},"_links":{"self":[{"href":"https:\/\/mypalmleaf.com\/no\/wp-json\/wp\/v2\/product\/38884","targetHints":{"allow":["GET"]}}],"collection":[{"href":"https:\/\/mypalmleaf.com\/no\/wp-json\/wp\/v2\/product"}],"about":[{"href":"https:\/\/mypalmleaf.com\/no\/wp-json\/wp\/v2\/types\/product"}],"replies":[{"embeddable":true,"href":"https:\/\/mypalmleaf.com\/no\/wp-json\/wp\/v2\/comments?post=38884"}],"wp:featuredmedia":[{"embeddable":true,"href":"https:\/\/mypalmleaf.com\/no\/wp-json\/wp\/v2\/media\/44424"}],"wp:attachment":[{"href":"https:\/\/mypalmleaf.com\/no\/wp-json\/wp\/v2\/media?parent=38884"}],"wp:term":[{"taxonomy":"product_brand","embeddable":true,"href":"https:\/\/mypalmleaf.com\/no\/wp-json\/wp\/v2\/product_brand?post=38884"},{"taxonomy":"product_cat","embeddable":true,"href":"https:\/\/mypalmleaf.com\/no\/wp-json\/wp\/v2\/product_cat?post=38884"},{"taxonomy":"product_tag","embeddable":true,"href":"https:\/\/mypalmleaf.com\/no\/wp-json\/wp\/v2\/product_tag?post=38884"}],"curies":[{"name":"wp","href":"https:\/\/api.w.org\/{rel}","templated":true}]}}