
{"id":39000,"date":"2024-09-04T10:59:13","date_gmt":"2024-09-04T10:59:13","guid":{"rendered":"https:\/\/mypalmleaf.com\/prices\/athma-shanthi-puja-et-spesielt-ritual-for-a-hjelpe-sjelen-til-en-som-har-gatt-bort-til-a-hvile-i-fred\/"},"modified":"2025-08-04T13:14:57","modified_gmt":"2025-08-04T13:14:57","slug":"athma-shanthi-puja-et-spesielt-ritual-for-a-hjelpe-sjelen-til-en-som-har-gatt-bort-til-a-hvile-i-fred","status":"publish","type":"product","link":"https:\/\/mypalmleaf.com\/no\/prices\/athma-shanthi-puja-et-spesielt-ritual-for-a-hjelpe-sjelen-til-en-som-har-gatt-bort-til-a-hvile-i-fred\/","title":{"rendered":"Atma Shanti Pooja &#8211; En hellig ofring for fred til avd\u00f8de sjeler"},"content":{"rendered":"<p><strong>Atma Shanti Pooja<\/strong><br \/>\nEt hellig ritual for \u00e5 hedre og st\u00f8tte sjelen til en kj\u00e6r som har g\u00e5tt bort<\/p>\n<p>Atma Shanti Pooja er en dypt meningsfull vedisk seremoni som utf\u00f8res for \u00e5 gi sjelen til en person som har g\u00e5tt bort fred &#8211; spesielt hvis d\u00f8dsfallet var plutselig, uventet eller f\u00f8lelsesmessig uforl\u00f8st.<\/p>\n<p>Enten d\u00f8dsfallet skjedde nylig eller for lenge siden, gir denne poojaen \u00e5ndelig st\u00f8tte til sjelens reise, og hjelper den til \u00e5 bevege seg mot helbredelse, l\u00f8sning og fred. Denne poojaen kan utf\u00f8res flere ganger i l\u00f8pet av livet for \u00e5 st\u00f8tte sjelens reise kontinuerlig. <\/p>\n<p><strong>Inkludert i prisen:<\/strong><\/p>\n<ul>\n<li>Tradisjonell Atma Shanti Pooja utf\u00f8rt av erfarne vediske prester<\/li>\n<li>Velg den datoen som f\u00f8les mest meningsfull for deg<\/li>\n<li>Mulighet til \u00e5 delta i poojaen live via Zoom<\/li>\n<li>Videoopptak av hele ritualet<\/li>\n<li>Sk\u00e5nsom st\u00f8tte og kommunikasjon fra teamet v\u00e5rt gjennom hele prosessen<\/li>\n<\/ul>\n<p>Det er en spesiell periode hvert \u00e5r som kalles Pitru Paksha, og da anses det \u00e5 utf\u00f8re Atma Shanti Pooja som spesielt kraftfullt og spirituelt virkningsfullt.<\/p>\n<p>I \u00e5r faller Pitru Paksha-perioden mellom 7. september og 21. september 2025. Les mer om det <a href=\"https:\/\/mypalmleaf.com\/zh-hans\/pitru-paksha-2025\/\">her.<\/a> <\/p>\n","protected":false},"excerpt":{"rendered":"<p>Atma Shanti Pooja er en dypt meningsfull vedisk seremoni som utf\u00f8res for \u00e5 gi sjelen til en person som har g\u00e5tt bort fred &#8211; spesielt hvis d\u00f8dsfallet var plutselig, uventet eller f\u00f8lelsesmessig uforl\u00f8st.<\/p>\n","protected":false},"featured_media":9947,"comment_status":"open","ping_status":"closed","template":"","meta":{"_acf_changed":false},"product_brand":[],"product_cat":[359],"product_tag":[],"class_list":{"0":"post-39000","1":"product","2":"type-product","3":"status-publish","4":"has-post-thumbnail","6":"product_cat-uncategorized-no","8":"first","9":"instock","10":"virtual","11":"purchasable","12":"product-type-simple"},"exclude_global_add_ons":[],"addons":[],"acf":[],"yoast_head":"<!-- This site is optimized with the Yoast SEO plugin v26.4 - https:\/\/yoast.com\/wordpress\/plugins\/seo\/ -->\n<title>Athma Shanthi Pooja - Hellig ritual for fred for v\u00e5re forfedre<\/title>\n<meta name=\"description\" content=\"Utf\u00f8r Athma Shanthi Puja for \u00e5 hjelpe en kj\u00e6r persons sjel til \u00e5 hvile i fred. Dette unike ritualet er for dem som g\u00e5r bort uventet. Tilgjengelig via direktesending.\" \/>\n<meta name=\"robots\" content=\"index, follow, max-snippet:-1, max-image-preview:large, max-video-preview:-1\" \/>\n<link rel=\"canonical\" href=\"https:\/\/mypalmleaf.com\/no\/prices\/athma-shanthi-puja-et-spesielt-ritual-for-a-hjelpe-sjelen-til-en-som-har-gatt-bort-til-a-hvile-i-fred\/\" \/>\n<meta property=\"og:locale\" content=\"nb_NO\" \/>\n<meta property=\"og:type\" content=\"article\" \/>\n<meta property=\"og:title\" content=\"Athma Shanthi Pooja - Hellig ritual for fred for v\u00e5re forfedre\" \/>\n<meta property=\"og:description\" content=\"Utf\u00f8r Athma Shanthi Puja for \u00e5 hjelpe en kj\u00e6r persons sjel til \u00e5 hvile i fred. Dette unike ritualet er for dem som g\u00e5r bort uventet. Tilgjengelig via direktesending.\" \/>\n<meta property=\"og:url\" content=\"https:\/\/mypalmleaf.com\/no\/prices\/athma-shanthi-puja-et-spesielt-ritual-for-a-hjelpe-sjelen-til-en-som-har-gatt-bort-til-a-hvile-i-fred\/\" \/>\n<meta property=\"og:site_name\" content=\"My Palm Leaf\" \/>\n<meta property=\"article:modified_time\" content=\"2025-08-04T13:14:57+00:00\" \/>\n<meta property=\"og:image\" content=\"https:\/\/mypalmleaf.com\/wp-content\/uploads\/2024\/09\/mantra-product-page-3-1.jpg\" \/>\n\t<meta property=\"og:image:width\" content=\"800\" \/>\n\t<meta property=\"og:image:height\" content=\"444\" \/>\n\t<meta property=\"og:image:type\" content=\"image\/jpeg\" \/>\n<meta name=\"twitter:card\" content=\"summary_large_image\" \/>\n<meta name=\"twitter:label1\" content=\"Ansl. lesetid\" \/>\n\t<meta name=\"twitter:data1\" content=\"1 minutt\" \/>\n<script type=\"application\/ld+json\" class=\"yoast-schema-graph\">{\"@context\":\"https:\/\/schema.org\",\"@graph\":[{\"@type\":\"WebPage\",\"@id\":\"https:\/\/mypalmleaf.com\/no\/prices\/athma-shanthi-puja-et-spesielt-ritual-for-a-hjelpe-sjelen-til-en-som-har-gatt-bort-til-a-hvile-i-fred\/\",\"url\":\"https:\/\/mypalmleaf.com\/no\/prices\/athma-shanthi-puja-et-spesielt-ritual-for-a-hjelpe-sjelen-til-en-som-har-gatt-bort-til-a-hvile-i-fred\/\",\"name\":\"Athma Shanthi Pooja - Hellig ritual for fred for v\u00e5re forfedre\",\"isPartOf\":{\"@id\":\"https:\/\/mypalmleaf.com\/#website\"},\"primaryImageOfPage\":{\"@id\":\"https:\/\/mypalmleaf.com\/no\/prices\/athma-shanthi-puja-et-spesielt-ritual-for-a-hjelpe-sjelen-til-en-som-har-gatt-bort-til-a-hvile-i-fred\/#primaryimage\"},\"image\":{\"@id\":\"https:\/\/mypalmleaf.com\/no\/prices\/athma-shanthi-puja-et-spesielt-ritual-for-a-hjelpe-sjelen-til-en-som-har-gatt-bort-til-a-hvile-i-fred\/#primaryimage\"},\"thumbnailUrl\":\"https:\/\/mypalmleaf.com\/wp-content\/uploads\/2024\/09\/mantra-product-page-3-1.jpg\",\"datePublished\":\"2024-09-04T10:59:13+00:00\",\"dateModified\":\"2025-08-04T13:14:57+00:00\",\"description\":\"Utf\u00f8r Athma Shanthi Puja for \u00e5 hjelpe en kj\u00e6r persons sjel til \u00e5 hvile i fred. Dette unike ritualet er for dem som g\u00e5r bort uventet. Tilgjengelig via direktesending.\",\"breadcrumb\":{\"@id\":\"https:\/\/mypalmleaf.com\/no\/prices\/athma-shanthi-puja-et-spesielt-ritual-for-a-hjelpe-sjelen-til-en-som-har-gatt-bort-til-a-hvile-i-fred\/#breadcrumb\"},\"inLanguage\":\"nb-NO\",\"potentialAction\":[{\"@type\":\"ReadAction\",\"target\":[\"https:\/\/mypalmleaf.com\/no\/prices\/athma-shanthi-puja-et-spesielt-ritual-for-a-hjelpe-sjelen-til-en-som-har-gatt-bort-til-a-hvile-i-fred\/\"]}]},{\"@type\":\"ImageObject\",\"inLanguage\":\"nb-NO\",\"@id\":\"https:\/\/mypalmleaf.com\/no\/prices\/athma-shanthi-puja-et-spesielt-ritual-for-a-hjelpe-sjelen-til-en-som-har-gatt-bort-til-a-hvile-i-fred\/#primaryimage\",\"url\":\"https:\/\/mypalmleaf.com\/wp-content\/uploads\/2024\/09\/mantra-product-page-3-1.jpg\",\"contentUrl\":\"https:\/\/mypalmleaf.com\/wp-content\/uploads\/2024\/09\/mantra-product-page-3-1.jpg\",\"width\":800,\"height\":444,\"caption\":\"Homa procedure\"},{\"@type\":\"BreadcrumbList\",\"@id\":\"https:\/\/mypalmleaf.com\/no\/prices\/athma-shanthi-puja-et-spesielt-ritual-for-a-hjelpe-sjelen-til-en-som-har-gatt-bort-til-a-hvile-i-fred\/#breadcrumb\",\"itemListElement\":[{\"@type\":\"ListItem\",\"position\":1,\"name\":\"Home\",\"item\":\"https:\/\/mypalmleaf.com\/no\/\"},{\"@type\":\"ListItem\",\"position\":2,\"name\":\"Shop\",\"item\":\"https:\/\/mypalmleaf.com\/et\/shop\/\"},{\"@type\":\"ListItem\",\"position\":3,\"name\":\"Atma Shanti Pooja &#8211; En hellig ofring for fred til avd\u00f8de sjeler\"}]},{\"@type\":\"WebSite\",\"@id\":\"https:\/\/mypalmleaf.com\/#website\",\"url\":\"https:\/\/mypalmleaf.com\/\",\"name\":\"My Palm Leaf\",\"description\":\"\",\"potentialAction\":[{\"@type\":\"SearchAction\",\"target\":{\"@type\":\"EntryPoint\",\"urlTemplate\":\"https:\/\/mypalmleaf.com\/?s={search_term_string}\"},\"query-input\":{\"@type\":\"PropertyValueSpecification\",\"valueRequired\":true,\"valueName\":\"search_term_string\"}}],\"inLanguage\":\"nb-NO\"}]}<\/script>\n<!-- \/ Yoast SEO plugin. -->","yoast_head_json":{"title":"Athma Shanthi Pooja - Hellig ritual for fred for v\u00e5re forfedre","description":"Utf\u00f8r Athma Shanthi Puja for \u00e5 hjelpe en kj\u00e6r persons sjel til \u00e5 hvile i fred. Dette unike ritualet er for dem som g\u00e5r bort uventet. Tilgjengelig via direktesending.","robots":{"index":"index","follow":"follow","max-snippet":"max-snippet:-1","max-image-preview":"max-image-preview:large","max-video-preview":"max-video-preview:-1"},"canonical":"https:\/\/mypalmleaf.com\/no\/prices\/athma-shanthi-puja-et-spesielt-ritual-for-a-hjelpe-sjelen-til-en-som-har-gatt-bort-til-a-hvile-i-fred\/","og_locale":"nb_NO","og_type":"article","og_title":"Athma Shanthi Pooja - Hellig ritual for fred for v\u00e5re forfedre","og_description":"Utf\u00f8r Athma Shanthi Puja for \u00e5 hjelpe en kj\u00e6r persons sjel til \u00e5 hvile i fred. Dette unike ritualet er for dem som g\u00e5r bort uventet. Tilgjengelig via direktesending.","og_url":"https:\/\/mypalmleaf.com\/no\/prices\/athma-shanthi-puja-et-spesielt-ritual-for-a-hjelpe-sjelen-til-en-som-har-gatt-bort-til-a-hvile-i-fred\/","og_site_name":"My Palm Leaf","article_modified_time":"2025-08-04T13:14:57+00:00","og_image":[{"width":800,"height":444,"url":"https:\/\/mypalmleaf.com\/wp-content\/uploads\/2024\/09\/mantra-product-page-3-1.jpg","type":"image\/jpeg"}],"twitter_card":"summary_large_image","twitter_misc":{"Ansl. lesetid":"1 minutt"},"schema":{"@context":"https:\/\/schema.org","@graph":[{"@type":"WebPage","@id":"https:\/\/mypalmleaf.com\/no\/prices\/athma-shanthi-puja-et-spesielt-ritual-for-a-hjelpe-sjelen-til-en-som-har-gatt-bort-til-a-hvile-i-fred\/","url":"https:\/\/mypalmleaf.com\/no\/prices\/athma-shanthi-puja-et-spesielt-ritual-for-a-hjelpe-sjelen-til-en-som-har-gatt-bort-til-a-hvile-i-fred\/","name":"Athma Shanthi Pooja - Hellig ritual for fred for v\u00e5re forfedre","isPartOf":{"@id":"https:\/\/mypalmleaf.com\/#website"},"primaryImageOfPage":{"@id":"https:\/\/mypalmleaf.com\/no\/prices\/athma-shanthi-puja-et-spesielt-ritual-for-a-hjelpe-sjelen-til-en-som-har-gatt-bort-til-a-hvile-i-fred\/#primaryimage"},"image":{"@id":"https:\/\/mypalmleaf.com\/no\/prices\/athma-shanthi-puja-et-spesielt-ritual-for-a-hjelpe-sjelen-til-en-som-har-gatt-bort-til-a-hvile-i-fred\/#primaryimage"},"thumbnailUrl":"https:\/\/mypalmleaf.com\/wp-content\/uploads\/2024\/09\/mantra-product-page-3-1.jpg","datePublished":"2024-09-04T10:59:13+00:00","dateModified":"2025-08-04T13:14:57+00:00","description":"Utf\u00f8r Athma Shanthi Puja for \u00e5 hjelpe en kj\u00e6r persons sjel til \u00e5 hvile i fred. Dette unike ritualet er for dem som g\u00e5r bort uventet. Tilgjengelig via direktesending.","breadcrumb":{"@id":"https:\/\/mypalmleaf.com\/no\/prices\/athma-shanthi-puja-et-spesielt-ritual-for-a-hjelpe-sjelen-til-en-som-har-gatt-bort-til-a-hvile-i-fred\/#breadcrumb"},"inLanguage":"nb-NO","potentialAction":[{"@type":"ReadAction","target":["https:\/\/mypalmleaf.com\/no\/prices\/athma-shanthi-puja-et-spesielt-ritual-for-a-hjelpe-sjelen-til-en-som-har-gatt-bort-til-a-hvile-i-fred\/"]}]},{"@type":"ImageObject","inLanguage":"nb-NO","@id":"https:\/\/mypalmleaf.com\/no\/prices\/athma-shanthi-puja-et-spesielt-ritual-for-a-hjelpe-sjelen-til-en-som-har-gatt-bort-til-a-hvile-i-fred\/#primaryimage","url":"https:\/\/mypalmleaf.com\/wp-content\/uploads\/2024\/09\/mantra-product-page-3-1.jpg","contentUrl":"https:\/\/mypalmleaf.com\/wp-content\/uploads\/2024\/09\/mantra-product-page-3-1.jpg","width":800,"height":444,"caption":"Homa procedure"},{"@type":"BreadcrumbList","@id":"https:\/\/mypalmleaf.com\/no\/prices\/athma-shanthi-puja-et-spesielt-ritual-for-a-hjelpe-sjelen-til-en-som-har-gatt-bort-til-a-hvile-i-fred\/#breadcrumb","itemListElement":[{"@type":"ListItem","position":1,"name":"Home","item":"https:\/\/mypalmleaf.com\/no\/"},{"@type":"ListItem","position":2,"name":"Shop","item":"https:\/\/mypalmleaf.com\/et\/shop\/"},{"@type":"ListItem","position":3,"name":"Atma Shanti Pooja &#8211; En hellig ofring for fred til avd\u00f8de sjeler"}]},{"@type":"WebSite","@id":"https:\/\/mypalmleaf.com\/#website","url":"https:\/\/mypalmleaf.com\/","name":"My Palm Leaf","description":"","potentialAction":[{"@type":"SearchAction","target":{"@type":"EntryPoint","urlTemplate":"https:\/\/mypalmleaf.com\/?s={search_term_string}"},"query-input":{"@type":"PropertyValueSpecification","valueRequired":true,"valueName":"search_term_string"}}],"inLanguage":"nb-NO"}]}},"_links":{"self":[{"href":"https:\/\/mypalmleaf.com\/no\/wp-json\/wp\/v2\/product\/39000","targetHints":{"allow":["GET"]}}],"collection":[{"href":"https:\/\/mypalmleaf.com\/no\/wp-json\/wp\/v2\/product"}],"about":[{"href":"https:\/\/mypalmleaf.com\/no\/wp-json\/wp\/v2\/types\/product"}],"replies":[{"embeddable":true,"href":"https:\/\/mypalmleaf.com\/no\/wp-json\/wp\/v2\/comments?post=39000"}],"wp:featuredmedia":[{"embeddable":true,"href":"https:\/\/mypalmleaf.com\/no\/wp-json\/wp\/v2\/media\/9947"}],"wp:attachment":[{"href":"https:\/\/mypalmleaf.com\/no\/wp-json\/wp\/v2\/media?parent=39000"}],"wp:term":[{"taxonomy":"product_brand","embeddable":true,"href":"https:\/\/mypalmleaf.com\/no\/wp-json\/wp\/v2\/product_brand?post=39000"},{"taxonomy":"product_cat","embeddable":true,"href":"https:\/\/mypalmleaf.com\/no\/wp-json\/wp\/v2\/product_cat?post=39000"},{"taxonomy":"product_tag","embeddable":true,"href":"https:\/\/mypalmleaf.com\/no\/wp-json\/wp\/v2\/product_tag?post=39000"}],"curies":[{"name":"wp","href":"https:\/\/api.w.org\/{rel}","templated":true}]}}