
{"id":39021,"date":"2024-09-04T10:56:25","date_gmt":"2024-09-04T10:56:25","guid":{"rendered":"https:\/\/mypalmleaf.com\/prices\/ildseremoni-homa\/"},"modified":"2025-04-29T13:06:43","modified_gmt":"2025-04-29T13:06:43","slug":"ildseremoni-homa","status":"publish","type":"product","link":"https:\/\/mypalmleaf.com\/no\/prices\/ildseremoni-homa\/","title":{"rendered":"Ildseremoni &#8211; Homa"},"content":{"rendered":"<div class=\"description\">\n<p>Homa, en ildseremoni, er et kraftfullt energetisk verkt\u00f8y for \u00e5 invitere gunstige energier inn i livet ditt, og kan utf\u00f8res for mange forskjellige form\u00e5l for deg selv eller dine n\u00e6rmeste. Etter at du har bestilt ildseremonien, vil du motta en kalenderlenke der du kan velge n\u00e5r du \u00f8nsker at seremonien skal utf\u00f8res. Seremonien vil bli utf\u00f8rt av utdannede prester i et tempel i India og streames live for deg p\u00e5 Zoom.<\/p>\n<p>Hvis ildseremonien ble anbefalt under h\u00e5ndbladlesningen din, vil vi sjekke hvilken seremoni som ble anbefalt for deg og gi beskjed til presten. Du kan bestille ildseremonien for deg selv eller dine n\u00e6rmeste ogs\u00e5 uten en tidligere h\u00e5ndbladlesning. I dette tilfellet vil vi sp\u00f8rre deg om form\u00e5let med seremonien etter at du har bestilt.<\/p>\n<\/div>\n","protected":false},"excerpt":{"rendered":"<p>Homa, en ildseremoni, er et kraftfullt energetisk verkt\u00f8y for \u00e5 invitere gunstige energier inn i livet ditt, og kan utf\u00f8res for mange ulike form\u00e5l for deg selv eller dine n\u00e6rmeste. Etter at du har bestilt ildseremonien, vil du motta en kalenderlenke for \u00e5 velge n\u00e5r du \u00f8nsker at seremonien skal utf\u00f8res&#8230; <\/p>\n","protected":false},"featured_media":9908,"comment_status":"open","ping_status":"closed","template":"","meta":{"_acf_changed":false},"product_brand":[],"product_cat":[359],"product_tag":[],"class_list":{"0":"post-39021","1":"product","2":"type-product","3":"status-publish","4":"has-post-thumbnail","6":"product_cat-uncategorized-no","8":"first","9":"instock","10":"virtual","11":"purchasable","12":"product-type-simple"},"exclude_global_add_ons":[],"addons":[],"acf":[],"yoast_head":"<!-- This site is optimized with the Yoast SEO plugin v26.4 - https:\/\/yoast.com\/wordpress\/plugins\/seo\/ -->\n<title>Ildseremoni - Homa - My Palm Leaf<\/title>\n<meta name=\"description\" content=\"Homa er en vedisk ildseremoni som renser negativ energi, styrker beskyttelse og fremmer \u00e5ndelig transformasjon og balanse i livet ditt.\" \/>\n<meta name=\"robots\" content=\"index, follow, max-snippet:-1, max-image-preview:large, max-video-preview:-1\" \/>\n<link rel=\"canonical\" href=\"https:\/\/mypalmleaf.com\/no\/prices\/ildseremoni-homa\/\" \/>\n<meta property=\"og:locale\" content=\"nb_NO\" \/>\n<meta property=\"og:type\" content=\"article\" \/>\n<meta property=\"og:title\" content=\"Ildseremoni - Homa - My Palm Leaf\" \/>\n<meta property=\"og:description\" content=\"Homa er en vedisk ildseremoni som renser negativ energi, styrker beskyttelse og fremmer \u00e5ndelig transformasjon og balanse i livet ditt.\" \/>\n<meta property=\"og:url\" content=\"https:\/\/mypalmleaf.com\/no\/prices\/ildseremoni-homa\/\" \/>\n<meta property=\"og:site_name\" content=\"My Palm Leaf\" \/>\n<meta property=\"article:modified_time\" content=\"2025-04-29T13:06:43+00:00\" \/>\n<meta property=\"og:image\" content=\"https:\/\/mypalmleaf.com\/wp-content\/uploads\/2024\/09\/mantra-product-page-2-1.jpg\" \/>\n\t<meta property=\"og:image:width\" content=\"800\" \/>\n\t<meta property=\"og:image:height\" content=\"444\" \/>\n\t<meta property=\"og:image:type\" content=\"image\/jpeg\" \/>\n<meta name=\"twitter:card\" content=\"summary_large_image\" \/>\n<meta name=\"twitter:label1\" content=\"Ansl. lesetid\" \/>\n\t<meta name=\"twitter:data1\" content=\"1 minutt\" \/>\n<script type=\"application\/ld+json\" class=\"yoast-schema-graph\">{\"@context\":\"https:\/\/schema.org\",\"@graph\":[{\"@type\":\"WebPage\",\"@id\":\"https:\/\/mypalmleaf.com\/no\/prices\/ildseremoni-homa\/\",\"url\":\"https:\/\/mypalmleaf.com\/no\/prices\/ildseremoni-homa\/\",\"name\":\"Ildseremoni - Homa - My Palm Leaf\",\"isPartOf\":{\"@id\":\"https:\/\/mypalmleaf.com\/#website\"},\"primaryImageOfPage\":{\"@id\":\"https:\/\/mypalmleaf.com\/no\/prices\/ildseremoni-homa\/#primaryimage\"},\"image\":{\"@id\":\"https:\/\/mypalmleaf.com\/no\/prices\/ildseremoni-homa\/#primaryimage\"},\"thumbnailUrl\":\"https:\/\/mypalmleaf.com\/wp-content\/uploads\/2024\/09\/mantra-product-page-2-1.jpg\",\"datePublished\":\"2024-09-04T10:56:25+00:00\",\"dateModified\":\"2025-04-29T13:06:43+00:00\",\"description\":\"Homa er en vedisk ildseremoni som renser negativ energi, styrker beskyttelse og fremmer \u00e5ndelig transformasjon og balanse i livet ditt.\",\"breadcrumb\":{\"@id\":\"https:\/\/mypalmleaf.com\/no\/prices\/ildseremoni-homa\/#breadcrumb\"},\"inLanguage\":\"nb-NO\",\"potentialAction\":[{\"@type\":\"ReadAction\",\"target\":[\"https:\/\/mypalmleaf.com\/no\/prices\/ildseremoni-homa\/\"]}]},{\"@type\":\"ImageObject\",\"inLanguage\":\"nb-NO\",\"@id\":\"https:\/\/mypalmleaf.com\/no\/prices\/ildseremoni-homa\/#primaryimage\",\"url\":\"https:\/\/mypalmleaf.com\/wp-content\/uploads\/2024\/09\/mantra-product-page-2-1.jpg\",\"contentUrl\":\"https:\/\/mypalmleaf.com\/wp-content\/uploads\/2024\/09\/mantra-product-page-2-1.jpg\",\"width\":800,\"height\":444,\"caption\":\"Homa procedure-1\"},{\"@type\":\"BreadcrumbList\",\"@id\":\"https:\/\/mypalmleaf.com\/no\/prices\/ildseremoni-homa\/#breadcrumb\",\"itemListElement\":[{\"@type\":\"ListItem\",\"position\":1,\"name\":\"Home\",\"item\":\"https:\/\/mypalmleaf.com\/no\/\"},{\"@type\":\"ListItem\",\"position\":2,\"name\":\"Shop\",\"item\":\"https:\/\/mypalmleaf.com\/et\/shop\/\"},{\"@type\":\"ListItem\",\"position\":3,\"name\":\"Ildseremoni &#8211; Homa\"}]},{\"@type\":\"WebSite\",\"@id\":\"https:\/\/mypalmleaf.com\/#website\",\"url\":\"https:\/\/mypalmleaf.com\/\",\"name\":\"My Palm Leaf\",\"description\":\"\",\"potentialAction\":[{\"@type\":\"SearchAction\",\"target\":{\"@type\":\"EntryPoint\",\"urlTemplate\":\"https:\/\/mypalmleaf.com\/?s={search_term_string}\"},\"query-input\":{\"@type\":\"PropertyValueSpecification\",\"valueRequired\":true,\"valueName\":\"search_term_string\"}}],\"inLanguage\":\"nb-NO\"}]}<\/script>\n<!-- \/ Yoast SEO plugin. -->","yoast_head_json":{"title":"Ildseremoni - Homa - My Palm Leaf","description":"Homa er en vedisk ildseremoni som renser negativ energi, styrker beskyttelse og fremmer \u00e5ndelig transformasjon og balanse i livet ditt.","robots":{"index":"index","follow":"follow","max-snippet":"max-snippet:-1","max-image-preview":"max-image-preview:large","max-video-preview":"max-video-preview:-1"},"canonical":"https:\/\/mypalmleaf.com\/no\/prices\/ildseremoni-homa\/","og_locale":"nb_NO","og_type":"article","og_title":"Ildseremoni - Homa - My Palm Leaf","og_description":"Homa er en vedisk ildseremoni som renser negativ energi, styrker beskyttelse og fremmer \u00e5ndelig transformasjon og balanse i livet ditt.","og_url":"https:\/\/mypalmleaf.com\/no\/prices\/ildseremoni-homa\/","og_site_name":"My Palm Leaf","article_modified_time":"2025-04-29T13:06:43+00:00","og_image":[{"width":800,"height":444,"url":"https:\/\/mypalmleaf.com\/wp-content\/uploads\/2024\/09\/mantra-product-page-2-1.jpg","type":"image\/jpeg"}],"twitter_card":"summary_large_image","twitter_misc":{"Ansl. lesetid":"1 minutt"},"schema":{"@context":"https:\/\/schema.org","@graph":[{"@type":"WebPage","@id":"https:\/\/mypalmleaf.com\/no\/prices\/ildseremoni-homa\/","url":"https:\/\/mypalmleaf.com\/no\/prices\/ildseremoni-homa\/","name":"Ildseremoni - Homa - My Palm Leaf","isPartOf":{"@id":"https:\/\/mypalmleaf.com\/#website"},"primaryImageOfPage":{"@id":"https:\/\/mypalmleaf.com\/no\/prices\/ildseremoni-homa\/#primaryimage"},"image":{"@id":"https:\/\/mypalmleaf.com\/no\/prices\/ildseremoni-homa\/#primaryimage"},"thumbnailUrl":"https:\/\/mypalmleaf.com\/wp-content\/uploads\/2024\/09\/mantra-product-page-2-1.jpg","datePublished":"2024-09-04T10:56:25+00:00","dateModified":"2025-04-29T13:06:43+00:00","description":"Homa er en vedisk ildseremoni som renser negativ energi, styrker beskyttelse og fremmer \u00e5ndelig transformasjon og balanse i livet ditt.","breadcrumb":{"@id":"https:\/\/mypalmleaf.com\/no\/prices\/ildseremoni-homa\/#breadcrumb"},"inLanguage":"nb-NO","potentialAction":[{"@type":"ReadAction","target":["https:\/\/mypalmleaf.com\/no\/prices\/ildseremoni-homa\/"]}]},{"@type":"ImageObject","inLanguage":"nb-NO","@id":"https:\/\/mypalmleaf.com\/no\/prices\/ildseremoni-homa\/#primaryimage","url":"https:\/\/mypalmleaf.com\/wp-content\/uploads\/2024\/09\/mantra-product-page-2-1.jpg","contentUrl":"https:\/\/mypalmleaf.com\/wp-content\/uploads\/2024\/09\/mantra-product-page-2-1.jpg","width":800,"height":444,"caption":"Homa procedure-1"},{"@type":"BreadcrumbList","@id":"https:\/\/mypalmleaf.com\/no\/prices\/ildseremoni-homa\/#breadcrumb","itemListElement":[{"@type":"ListItem","position":1,"name":"Home","item":"https:\/\/mypalmleaf.com\/no\/"},{"@type":"ListItem","position":2,"name":"Shop","item":"https:\/\/mypalmleaf.com\/et\/shop\/"},{"@type":"ListItem","position":3,"name":"Ildseremoni &#8211; Homa"}]},{"@type":"WebSite","@id":"https:\/\/mypalmleaf.com\/#website","url":"https:\/\/mypalmleaf.com\/","name":"My Palm Leaf","description":"","potentialAction":[{"@type":"SearchAction","target":{"@type":"EntryPoint","urlTemplate":"https:\/\/mypalmleaf.com\/?s={search_term_string}"},"query-input":{"@type":"PropertyValueSpecification","valueRequired":true,"valueName":"search_term_string"}}],"inLanguage":"nb-NO"}]}},"_links":{"self":[{"href":"https:\/\/mypalmleaf.com\/no\/wp-json\/wp\/v2\/product\/39021","targetHints":{"allow":["GET"]}}],"collection":[{"href":"https:\/\/mypalmleaf.com\/no\/wp-json\/wp\/v2\/product"}],"about":[{"href":"https:\/\/mypalmleaf.com\/no\/wp-json\/wp\/v2\/types\/product"}],"replies":[{"embeddable":true,"href":"https:\/\/mypalmleaf.com\/no\/wp-json\/wp\/v2\/comments?post=39021"}],"wp:featuredmedia":[{"embeddable":true,"href":"https:\/\/mypalmleaf.com\/no\/wp-json\/wp\/v2\/media\/9908"}],"wp:attachment":[{"href":"https:\/\/mypalmleaf.com\/no\/wp-json\/wp\/v2\/media?parent=39021"}],"wp:term":[{"taxonomy":"product_brand","embeddable":true,"href":"https:\/\/mypalmleaf.com\/no\/wp-json\/wp\/v2\/product_brand?post=39021"},{"taxonomy":"product_cat","embeddable":true,"href":"https:\/\/mypalmleaf.com\/no\/wp-json\/wp\/v2\/product_cat?post=39021"},{"taxonomy":"product_tag","embeddable":true,"href":"https:\/\/mypalmleaf.com\/no\/wp-json\/wp\/v2\/product_tag?post=39021"}],"curies":[{"name":"wp","href":"https:\/\/api.w.org\/{rel}","templated":true}]}}