{"id":39076,"date":"2024-09-04T10:59:56","date_gmt":"2024-09-04T10:59:56","guid":{"rendered":"https:\/\/mypalmleaf.com\/prices\/finne-blad-generell-kapittellesing\/"},"modified":"2025-07-31T04:00:39","modified_gmt":"2025-07-31T04:00:39","slug":"finne-blad-generell-kapittellesing","status":"publish","type":"product","link":"https:\/\/mypalmleaf.com\/no\/prices\/finne-blad-generell-kapittellesing\/","title":{"rendered":"Finne blad + Generell kapittellesing"},"content":{"rendered":"\n<div class=\"description\">\n<p>            <strong>Tjenesten inkluderer<\/strong><\/p>\n<ul>\n<li>Finne pakkene som kan inneholde Palm Leaf i India<\/li>\n<li>Gj\u00f8r matchingsprosessen p\u00e5 nettet for \u00e5 identifisere Palm Leaf<\/li>\n<li>Lesning av det generelle kapittelet<\/li>\n<li>Lesing av kapittel 14 (energetiske remedier)<\/li>\n<li>Videoopptak av lesingen din<\/li>\n<li>Foto av palmebladet ditt.<\/li>\n<li>Pengene tilbake-garanti hvis bladet ditt ikke kan bli funnet.<\/li>\n<\/ul><\/div>\n","protected":false},"excerpt":{"rendered":"<p>          <strong>Tjenesten inkluderer<\/strong><\/p>\n<ul>\n<li>Finne pakkene som kan inneholde Palm Leaf i India<\/li>\n<li>Gj\u00f8r matchingen p\u00e5 nettet for \u00e5 identifisere Palm Leaf&#8230;<\/li>\n<\/ul>\n","protected":false},"featured_media":10077,"comment_status":"open","ping_status":"closed","template":"","meta":{"_acf_changed":false},"product_brand":[],"product_cat":[359],"product_tag":[],"class_list":{"0":"post-39076","1":"product","2":"type-product","3":"status-publish","4":"has-post-thumbnail","6":"product_cat-uncategorized-no","8":"first","9":"instock","10":"virtual","11":"taxable","12":"purchasable","13":"product-type-simple"},"exclude_global_add_ons":false,"addons":[{"name":"Oversettelse","type":"checkbox","position":0,"required":false,"title_format":"label","description_enable":true,"description":"translation","placeholder_enable":false,"placeholder":"","display":"select","restrictions_type":"any_text","adjust_price":false,"price":"","price_type":"flat_fee","restrictions":false,"min":0,"max":0,"options":[{"label":"Engelsk","price":"0","price_type":"flat_fee","image":0},{"label":"Tysk","price":"38","price_type":"flat_fee","image":0},{"label":"Russisk","price":"38","price_type":"flat_fee","image":0},{"label":"Japansk","price":"38","price_type":"flat_fee","image":0},{"label":"Italiensk","price":"38","price_type":"flat_fee","image":0},{"label":"Fransk","price":"38","price_type":"flat_fee","image":0},{"label":"Spansk","price":"38","price_type":"flat_fee","image":0},{"label":"Nederlandsk","price":"38","price_type":"flat_fee","image":0},{"label":"Andre","price":"38","price_type":"flat_fee","image":0}],"id":1725237117},{"name":"Transkripsjon","type":"checkbox","position":1,"required":false,"title_format":"label","description_enable":true,"description":"transcription","placeholder_enable":false,"placeholder":"","display":"select","restrictions_type":"any_text","adjust_price":false,"price":"","price_type":"flat_fee","restrictions":false,"min":0,"max":0,"options":[{"label":"Engelsk","price":"59","price_type":"flat_fee","image":0},{"label":"Tysk","price":"99","price_type":"flat_fee","image":0},{"label":"Russisk","price":"99","price_type":"flat_fee","image":0},{"label":"Japansk","price":"99","price_type":"flat_fee","image":0},{"label":"Italiensk","price":"99","price_type":"flat_fee","image":0},{"label":"Fransk","price":"99","price_type":"flat_fee","image":0},{"label":"Spansk","price":"99","price_type":"flat_fee","image":0},{"label":"Nederlandsk","price":"99","price_type":"flat_fee","image":0},{"label":"Andre","price":"99","price_type":"flat_fee","image":0},{"label":"Ikke n\u00f8dvendig, kanskje senere","price":"","price_type":"flat_fee","image":0}],"id":1725237118}],"acf":[],"yoast_head":"<!-- This site is optimized with the Yoast SEO plugin v26.4 - https:\/\/yoast.com\/wordpress\/plugins\/seo\/ -->\n<title>Finne blad + Generell kapittellesing - My Palm Leaf<\/title>\n<meta name=\"description\" content=\"Finn ditt palmeblad og oppdag innsiktene som venter deg. En generell kapittellesing gir veiledning og forst\u00e5else basert p\u00e5 din unike skjebne.\" \/>\n<meta name=\"robots\" content=\"index, follow, max-snippet:-1, max-image-preview:large, max-video-preview:-1\" \/>\n<link rel=\"canonical\" href=\"https:\/\/mypalmleaf.com\/no\/prices\/finne-blad-generell-kapittellesing\/\" \/>\n<meta property=\"og:locale\" content=\"nb_NO\" \/>\n<meta property=\"og:type\" content=\"article\" \/>\n<meta property=\"og:title\" content=\"Finne blad + Generell kapittellesing - My Palm Leaf\" \/>\n<meta property=\"og:description\" content=\"Finn ditt palmeblad og oppdag innsiktene som venter deg. En generell kapittellesing gir veiledning og forst\u00e5else basert p\u00e5 din unike skjebne.\" \/>\n<meta property=\"og:url\" content=\"https:\/\/mypalmleaf.com\/no\/prices\/finne-blad-generell-kapittellesing\/\" \/>\n<meta property=\"og:site_name\" content=\"My Palm Leaf\" \/>\n<meta property=\"article:modified_time\" content=\"2025-07-31T04:00:39+00:00\" \/>\n<meta property=\"og:image\" content=\"https:\/\/mypalmleaf.com\/wp-content\/uploads\/2024\/09\/services-thumb-1-1.jpg\" \/>\n\t<meta property=\"og:image:width\" content=\"800\" \/>\n\t<meta property=\"og:image:height\" content=\"444\" \/>\n\t<meta property=\"og:image:type\" content=\"image\/jpeg\" \/>\n<meta name=\"twitter:card\" content=\"summary_large_image\" \/>\n<meta name=\"twitter:label1\" content=\"Ansl. lesetid\" \/>\n\t<meta name=\"twitter:data1\" content=\"1 minutt\" \/>\n<script type=\"application\/ld+json\" class=\"yoast-schema-graph\">{\"@context\":\"https:\/\/schema.org\",\"@graph\":[{\"@type\":\"WebPage\",\"@id\":\"https:\/\/mypalmleaf.com\/no\/prices\/finne-blad-generell-kapittellesing\/\",\"url\":\"https:\/\/mypalmleaf.com\/no\/prices\/finne-blad-generell-kapittellesing\/\",\"name\":\"Finne blad + Generell kapittellesing - My Palm Leaf\",\"isPartOf\":{\"@id\":\"https:\/\/mypalmleaf.com\/#website\"},\"primaryImageOfPage\":{\"@id\":\"https:\/\/mypalmleaf.com\/no\/prices\/finne-blad-generell-kapittellesing\/#primaryimage\"},\"image\":{\"@id\":\"https:\/\/mypalmleaf.com\/no\/prices\/finne-blad-generell-kapittellesing\/#primaryimage\"},\"thumbnailUrl\":\"https:\/\/mypalmleaf.com\/wp-content\/uploads\/2024\/09\/services-thumb-1-1.jpg\",\"datePublished\":\"2024-09-04T10:59:56+00:00\",\"dateModified\":\"2025-07-31T04:00:39+00:00\",\"description\":\"Finn ditt palmeblad og oppdag innsiktene som venter deg. En generell kapittellesing gir veiledning og forst\u00e5else basert p\u00e5 din unike skjebne.\",\"breadcrumb\":{\"@id\":\"https:\/\/mypalmleaf.com\/no\/prices\/finne-blad-generell-kapittellesing\/#breadcrumb\"},\"inLanguage\":\"nb-NO\",\"potentialAction\":[{\"@type\":\"ReadAction\",\"target\":[\"https:\/\/mypalmleaf.com\/no\/prices\/finne-blad-generell-kapittellesing\/\"]}]},{\"@type\":\"ImageObject\",\"inLanguage\":\"nb-NO\",\"@id\":\"https:\/\/mypalmleaf.com\/no\/prices\/finne-blad-generell-kapittellesing\/#primaryimage\",\"url\":\"https:\/\/mypalmleaf.com\/wp-content\/uploads\/2024\/09\/services-thumb-1-1.jpg\",\"contentUrl\":\"https:\/\/mypalmleaf.com\/wp-content\/uploads\/2024\/09\/services-thumb-1-1.jpg\",\"width\":800,\"height\":444,\"caption\":\"Nadi astrology-02\"},{\"@type\":\"BreadcrumbList\",\"@id\":\"https:\/\/mypalmleaf.com\/no\/prices\/finne-blad-generell-kapittellesing\/#breadcrumb\",\"itemListElement\":[{\"@type\":\"ListItem\",\"position\":1,\"name\":\"Home\",\"item\":\"https:\/\/mypalmleaf.com\/no\/\"},{\"@type\":\"ListItem\",\"position\":2,\"name\":\"Shop\",\"item\":\"https:\/\/mypalmleaf.com\/et\/shop\/\"},{\"@type\":\"ListItem\",\"position\":3,\"name\":\"Finne blad + Generell kapittellesing\"}]},{\"@type\":\"WebSite\",\"@id\":\"https:\/\/mypalmleaf.com\/#website\",\"url\":\"https:\/\/mypalmleaf.com\/\",\"name\":\"My Palm Leaf\",\"description\":\"\",\"potentialAction\":[{\"@type\":\"SearchAction\",\"target\":{\"@type\":\"EntryPoint\",\"urlTemplate\":\"https:\/\/mypalmleaf.com\/?s={search_term_string}\"},\"query-input\":{\"@type\":\"PropertyValueSpecification\",\"valueRequired\":true,\"valueName\":\"search_term_string\"}}],\"inLanguage\":\"nb-NO\"}]}<\/script>\n<!-- \/ Yoast SEO plugin. -->","yoast_head_json":{"title":"Finne blad + Generell kapittellesing - My Palm Leaf","description":"Finn ditt palmeblad og oppdag innsiktene som venter deg. En generell kapittellesing gir veiledning og forst\u00e5else basert p\u00e5 din unike skjebne.","robots":{"index":"index","follow":"follow","max-snippet":"max-snippet:-1","max-image-preview":"max-image-preview:large","max-video-preview":"max-video-preview:-1"},"canonical":"https:\/\/mypalmleaf.com\/no\/prices\/finne-blad-generell-kapittellesing\/","og_locale":"nb_NO","og_type":"article","og_title":"Finne blad + Generell kapittellesing - My Palm Leaf","og_description":"Finn ditt palmeblad og oppdag innsiktene som venter deg. En generell kapittellesing gir veiledning og forst\u00e5else basert p\u00e5 din unike skjebne.","og_url":"https:\/\/mypalmleaf.com\/no\/prices\/finne-blad-generell-kapittellesing\/","og_site_name":"My Palm Leaf","article_modified_time":"2025-07-31T04:00:39+00:00","og_image":[{"width":800,"height":444,"url":"https:\/\/mypalmleaf.com\/wp-content\/uploads\/2024\/09\/services-thumb-1-1.jpg","type":"image\/jpeg"}],"twitter_card":"summary_large_image","twitter_misc":{"Ansl. lesetid":"1 minutt"},"schema":{"@context":"https:\/\/schema.org","@graph":[{"@type":"WebPage","@id":"https:\/\/mypalmleaf.com\/no\/prices\/finne-blad-generell-kapittellesing\/","url":"https:\/\/mypalmleaf.com\/no\/prices\/finne-blad-generell-kapittellesing\/","name":"Finne blad + Generell kapittellesing - My Palm Leaf","isPartOf":{"@id":"https:\/\/mypalmleaf.com\/#website"},"primaryImageOfPage":{"@id":"https:\/\/mypalmleaf.com\/no\/prices\/finne-blad-generell-kapittellesing\/#primaryimage"},"image":{"@id":"https:\/\/mypalmleaf.com\/no\/prices\/finne-blad-generell-kapittellesing\/#primaryimage"},"thumbnailUrl":"https:\/\/mypalmleaf.com\/wp-content\/uploads\/2024\/09\/services-thumb-1-1.jpg","datePublished":"2024-09-04T10:59:56+00:00","dateModified":"2025-07-31T04:00:39+00:00","description":"Finn ditt palmeblad og oppdag innsiktene som venter deg. En generell kapittellesing gir veiledning og forst\u00e5else basert p\u00e5 din unike skjebne.","breadcrumb":{"@id":"https:\/\/mypalmleaf.com\/no\/prices\/finne-blad-generell-kapittellesing\/#breadcrumb"},"inLanguage":"nb-NO","potentialAction":[{"@type":"ReadAction","target":["https:\/\/mypalmleaf.com\/no\/prices\/finne-blad-generell-kapittellesing\/"]}]},{"@type":"ImageObject","inLanguage":"nb-NO","@id":"https:\/\/mypalmleaf.com\/no\/prices\/finne-blad-generell-kapittellesing\/#primaryimage","url":"https:\/\/mypalmleaf.com\/wp-content\/uploads\/2024\/09\/services-thumb-1-1.jpg","contentUrl":"https:\/\/mypalmleaf.com\/wp-content\/uploads\/2024\/09\/services-thumb-1-1.jpg","width":800,"height":444,"caption":"Nadi astrology-02"},{"@type":"BreadcrumbList","@id":"https:\/\/mypalmleaf.com\/no\/prices\/finne-blad-generell-kapittellesing\/#breadcrumb","itemListElement":[{"@type":"ListItem","position":1,"name":"Home","item":"https:\/\/mypalmleaf.com\/no\/"},{"@type":"ListItem","position":2,"name":"Shop","item":"https:\/\/mypalmleaf.com\/et\/shop\/"},{"@type":"ListItem","position":3,"name":"Finne blad + Generell kapittellesing"}]},{"@type":"WebSite","@id":"https:\/\/mypalmleaf.com\/#website","url":"https:\/\/mypalmleaf.com\/","name":"My Palm Leaf","description":"","potentialAction":[{"@type":"SearchAction","target":{"@type":"EntryPoint","urlTemplate":"https:\/\/mypalmleaf.com\/?s={search_term_string}"},"query-input":{"@type":"PropertyValueSpecification","valueRequired":true,"valueName":"search_term_string"}}],"inLanguage":"nb-NO"}]}},"_links":{"self":[{"href":"https:\/\/mypalmleaf.com\/no\/wp-json\/wp\/v2\/product\/39076","targetHints":{"allow":["GET"]}}],"collection":[{"href":"https:\/\/mypalmleaf.com\/no\/wp-json\/wp\/v2\/product"}],"about":[{"href":"https:\/\/mypalmleaf.com\/no\/wp-json\/wp\/v2\/types\/product"}],"replies":[{"embeddable":true,"href":"https:\/\/mypalmleaf.com\/no\/wp-json\/wp\/v2\/comments?post=39076"}],"wp:featuredmedia":[{"embeddable":true,"href":"https:\/\/mypalmleaf.com\/no\/wp-json\/wp\/v2\/media\/10077"}],"wp:attachment":[{"href":"https:\/\/mypalmleaf.com\/no\/wp-json\/wp\/v2\/media?parent=39076"}],"wp:term":[{"taxonomy":"product_brand","embeddable":true,"href":"https:\/\/mypalmleaf.com\/no\/wp-json\/wp\/v2\/product_brand?post=39076"},{"taxonomy":"product_cat","embeddable":true,"href":"https:\/\/mypalmleaf.com\/no\/wp-json\/wp\/v2\/product_cat?post=39076"},{"taxonomy":"product_tag","embeddable":true,"href":"https:\/\/mypalmleaf.com\/no\/wp-json\/wp\/v2\/product_tag?post=39076"}],"curies":[{"name":"wp","href":"https:\/\/api.w.org\/{rel}","templated":true}]}}