
{"id":29928,"date":"2024-08-15T02:38:41","date_gmt":"2024-08-15T02:38:41","guid":{"rendered":"https:\/\/mypalmleaf.com\/liscie-palmowe\/"},"modified":"2025-07-11T09:35:08","modified_gmt":"2025-07-11T09:35:08","slug":"liscie-palmowe","status":"publish","type":"page","link":"https:\/\/mypalmleaf.com\/pl\/liscie-palmowe\/","title":{"rendered":"Li\u015bcie palmowe"},"content":{"rendered":"\n<section class=\"spotlight-main small top-gap\">\n    <!-- <div class=\"slider-wrap\" data-flickity='{ \"cellAlign\": \"left\", \"contain\": true, \"wrapAround\": true, \"setGallerySize\": false }'> -->\n    <div class=\"slider-wrap\" data-flickity='{ \"cellAlign\": \"left\", \"contain\": true, \"wrapAround\": true, \"setGallerySize\": false  }'>\n            <div class=\"slides\">\n        <div class=\"content-wrap\">\n          <div class=\"image\">\n            <picture>\n              <source media=\"(max-width: 999px)\" srcset=\"https:\/\/mypalmleaf.com\/wp-content\/uploads\/2024\/08\/indian-palm-leaf-spotlight-mob.webp\" \/>\n              <source media=\"(min-width: 1000px)\" srcset=\"https:\/\/mypalmleaf.com\/wp-content\/uploads\/2024\/08\/indian-palm-leaf-spotlight.webp\" \/>\n              <img decoding=\"async\" src=\"https:\/\/mypalmleaf.com\/wp-content\/uploads\/2024\/08\/indian-palm-leaf-spotlight.webp\" class=\"img-fluid\" alt=\"\" \/>\n            <\/picture>\n          <\/div>\n          <div class=\"content\">\n            <div data-aos=\"fade-up\" data-aos-duration=\"1000\">\n              <h2 class=\"\">Indyjskie li\u015bcie palmowe<\/h2>\n                                 \n            <\/div>\n          <\/div>\n        <\/div>\n      <\/div>\n          <\/div>\n<\/section><section class=\"faq-top-section my-6 mb-4 mt-xs-4 position-relative\">\n    <div class=\"container\">\n      <div class=\"row\">\n        <div class=\"col-lg-10 mx-auto\">\n            <div class=\"row justify-content-between align-items-center\">\n                <div class=\"col-lg-7\">\n                    <div class=\"rounded-asset\">\n                        <img decoding=\"async\" src=\"https:\/\/mypalmleaf.com\/wp-content\/uploads\/2024\/09\/What-Are-Palm-Leaves.jpg\" class=\"img-fluid\" alt=\"\"><div class=\"play-icon\"><\/div>\n                        <a href=\"https:\/\/www.youtube.com\/watch?v=9GdNX4SAHCA\" class=\"stretched-link\" data-lity><\/a>\n                      <\/div>\n                <\/div>\n                <div class=\"col-lg-5\">\n                    <h3>Znajd\u017a sw\u00f3j osobisty li\u015b\u0107 palmowy: Brama do przesz\u0142o\u015bci, tera\u017aniejszo\u015bci i przysz\u0142o\u015bci<\/h3>\n                <\/div>\n            <\/div>\n        <\/div>\n        \n        <div class=\"col-lg-12 text-center my-5\" data-aos=\"fade-up\" data-aos-duration=\"1000\">\n            <p class=\"mb-3\">Indyjskie li\u015bcie palmowe, znane r\u00f3wnie\u017c jako li\u015bcie palmowe Nadi, to staro\u017cytne manuskrypty, kt\u00f3re zawieraj\u0105 historie \u017cycia i przeznaczenia poszczeg\u00f3lnych os\u00f3b. Te \u015bwi\u0119te teksty, napisane starym tamilskim pismem, zosta\u0142y zapisane przez o\u015bwieconych m\u0119drc\u00f3w zwanych Rishis tysi\u0105ce lat temu. <strong>  Riszi wykorzystywali sw\u00f3j g\u0142\u0119boki duchowy wgl\u0105d do rejestrowania szczeg\u00f3\u0142owych informacji na temat \u017cycia poszczeg\u00f3lnych os\u00f3b, w tym aspekt\u00f3w takich jak kariera, zwi\u0105zki, zdrowie i rozw\u00f3j duchowy.<\/strong><\/p>\n<p>&nbsp;<\/p>\n<p class=\"mb-3\">Ka\u017cdy li\u015b\u0107 palmowy jest unikalny i odpowiada konkretnej osobie, a jego odnalezienie nast\u0119puje w odpowiednim momencie, gdy dana osoba jest gotowa na przyj\u0119cie wskaz\u00f3wek i m\u0105dro\u015bci w nim zawartych. Li\u015bcie te s\u0105 przechowywane w bibliotekach Nadi, zlokalizowanych g\u0142\u00f3wnie w po\u0142udniowych Indiach. Odczyt Nadi polega na dopasowaniu odcisku kciuka lub podstawowych szczeg\u00f3\u0142\u00f3w danej osoby do odpowiedniego li\u015bcia, ods\u0142aniaj\u0105c spersonalizowane spostrze\u017cenia i porady dotycz\u0105ce jej \u017cyciowej podr\u00f3\u017cy.  <\/p>\n<p class=\"mb-3\"><strong>W Mypalmleaf pomagamy po\u0142\u0105czy\u0107 osoby z tymi staro\u017cytnymi manuskryptami, oferuj\u0105c unikalne po\u0142\u0105czenie tradycji i nowoczesnej dost\u0119pno\u015bci do odkrywania m\u0105dro\u015bci i wskaz\u00f3wek Rishis.<br \/>\n<\/strong><\/p>\n<h4 class=\"my-3\"><strong>R\u00f3\u017cne rodzaje pism \u015bwi\u0119tych z li\u015bci palmowych<\/strong><\/h4>\n<p>Opr\u00f3cz li\u015bci palmowych, kt\u00f3re zawieraj\u0105 historie \u017cycia poszczeg\u00f3lnych os\u00f3b, istnieje r\u00f3wnie\u017c wiele staro\u017cytnych pism \u015bwi\u0119tych, kt\u00f3re zosta\u0142y zapisane na li\u015bciach palmowych, takich jak teksty dotycz\u0105ce ajurwedy, duchowo\u015bci, astrologii i tak dalej. Pierwotnie wi\u0119kszo\u015b\u0107 staro\u017cytnych indyjskich pism \u015bwi\u0119tych zosta\u0142a zapisana na li\u015bciach palmowych, kt\u00f3re by\u0142y u\u017cywane jak dzisiejszy papier <\/p>\n        <\/div>\n      <\/div>\n    <\/div>\n                  <div class=\"parallax-item-3 parallax-item\" data-speed=\".08\"><img decoding=\"async\" src=\"https:\/\/mypalmleaf.com\/wp-content\/uploads\/2024\/08\/parallax-item-3-3.png\" class=\"img-fluid\" alt=\"\"><\/div>\n          <\/section><section class=\"how-palm-leaves-written-block my-6 mt-0\">\n  <div class=\"container\">\n    <div class=\"row text-center\" data-aos=\"fade-up\" data-aos-duration=\"1000\">\n      <div class=\"col-lg-12\">\n        <h3>W jaki spos\u00f3b zapisywane i przechowywane s\u0105 li\u015bcie palmowe?<\/h3>\n        <h5 class=\"mt-4\"><strong>  Pisanie na li\u015bciach palmowych<\/strong><\/h5>\n      <\/div>\n    <\/div>\n\n    <div class=\"row justify-content-center my-4\">\n      <div class=\"col-lg-12 writing-the-palm-leaf-block\">\n        <ul class=\"foldable-leaf\">\n                                <li data-aos=\"flip-up\" data-aos-duration=\"1000\" data-aos-offset=\"10\"   class=\"aos-init aos-animate\">\n              <div class=\"image\"><img decoding=\"async\" src=\"https:\/\/mypalmleaf.com\/wp-content\/uploads\/2024\/09\/writing-the-palm-leaves.png\" class=\"img-fluid\" alt=\"\"><\/div>\n              <div class=\"content\">\n                <div class=\"desc\">\n                  <div class=\"title\">Materia\u0142<\/div>\n                  <p>R\u0119kopisy s\u0105 tworzone z li\u015bci palmy Talipot, drzewa znanego z du\u017cych i trwa\u0142ych li\u015bci. Li\u015bcie te s\u0105 wybierane ze wzgl\u0119du na ich d\u0142ugowieczno\u015b\u0107 i odporno\u015b\u0107. <\/p>\n                <\/div>\n              <\/div>\n            <\/li>\n                                  <li data-aos=\"flip-up\" data-aos-duration=\"1000\" data-aos-offset=\"10\" data-aos-delay=\"100\"  class=\"aos-init aos-animate\">\n              <div class=\"image\"><img decoding=\"async\" src=\"https:\/\/mypalmleaf.com\/wp-content\/uploads\/2024\/09\/writing-the-palm-leaves.png\" class=\"img-fluid\" alt=\"\"><\/div>\n              <div class=\"content\">\n                <div class=\"desc\">\n                  <div class=\"title\">Przygotowanie<\/div>\n                  <p>Li\u015bcie s\u0105 najpierw zbierane, a nast\u0119pnie suszone w celu usuni\u0119cia wilgoci, dzi\u0119ki czemu s\u0105 wystarczaj\u0105co mocne do pisania. Po wysuszeniu s\u0105 one ci\u0119te na paski o jednolitym rozmiarze. <\/p>\n                <\/div>\n              <\/div>\n            <\/li>\n                                  <li data-aos=\"flip-up\" data-aos-duration=\"1000\" data-aos-offset=\"10\" data-aos-delay=\"200\"  class=\"aos-init aos-animate\">\n              <div class=\"image\"><img decoding=\"async\" src=\"https:\/\/mypalmleaf.com\/wp-content\/uploads\/2024\/09\/writing-the-palm-leaves.png\" class=\"img-fluid\" alt=\"\"><\/div>\n              <div class=\"content\">\n                <div class=\"desc\">\n                  <div class=\"title\">Napis<\/div>\n                  <p>Tekst jest zapisywany za pomoc\u0105 ostrego rysika, kt\u00f3ry wytrawia pismo na li\u015bciach. Pismo jest wykonane w staro\u017cytnym skrypcie zwanym Tamil Vattezhuthu lub Old Tamil, znanym ze swojego pi\u0119kna i z\u0142o\u017cono\u015bci. <\/p>\n                <\/div>\n              <\/div>\n            <\/li>\n                                  <li data-aos=\"flip-up\" data-aos-duration=\"1000\" data-aos-offset=\"10\" data-aos-delay=\"300\"  class=\"aos-init aos-animate\">\n              <div class=\"image\"><img decoding=\"async\" src=\"https:\/\/mypalmleaf.com\/wp-content\/uploads\/2024\/09\/writing-the-palm-leaves.png\" class=\"img-fluid\" alt=\"\"><\/div>\n              <div class=\"content\">\n                <div class=\"desc\">\n                  <div class=\"title\">Atrament<\/div>\n                  <p>Aby napisy by\u0142y bardziej widoczne, na akwaforty nak\u0142adany jest atrament wykonany z naturalnych substancji, takich jak w\u0119giel drzewny lub kurkuma. Atrament osadza si\u0119 w rowkach, podkre\u015blaj\u0105c tekst na powierzchni li\u015bcia. <\/p>\n                <\/div>\n              <\/div>\n            <\/li>\n                              <\/ul>\n      <\/div>\n    <\/div>\n  <\/div>\n<\/section>\n<section class=\"preservation-of-palm-leaf\">\n  <div class=\"container\">\n    <div class=\"row\">\n      <div class=\"col-lg-12\" data-aos=\"fade-up\" data-aos-duration=\"1000\">\n        <h4 class=\"my-4 text-center\"><strong>Konserwacja li\u015bci palmowych<\/strong><\/h4>\n      <\/div>\n    <\/div>\n    <div class=\"row text-center justify-content-between my-4\">\n              <div class=\"col-lg-5 my-4\" data-aos=\"fade-up\" data-aos-duration=\"1000\">\n          <div class=\"icon\"><img decoding=\"async\" src=\"https:\/\/mypalmleaf.com\/wp-content\/uploads\/2024\/09\/preserve-palm-leaf-icon-1.png\" alt=\"\"><\/div>\n          <div class=\"title\">Kontrola klimatu<\/div>\n          <div class=\"desc\">\n            <p>Li\u015bcie palmowe s\u0105 przechowywane w specjalnych warunkach, aby chroni\u0107 je przed wilgoci\u0105, owadami i innymi szkodliwymi czynnikami. Biblioteki Nadi, zlokalizowane g\u0142\u00f3wnie w po\u0142udniowych Indiach, utrzymuj\u0105 kontrolowane \u015brodowisko, kt\u00f3re obejmuje odpowiednie poziomy wilgotno\u015bci i temperatury. <\/p>\n          <\/div>\n        <\/div>\n              <div class=\"col-lg-5 my-4\" data-aos=\"fade-up\" data-aos-duration=\"1000\">\n          <div class=\"icon\"><img decoding=\"async\" src=\"https:\/\/mypalmleaf.com\/wp-content\/uploads\/2024\/09\/preserve-palm-leaf-icon-2.png\" alt=\"\"><\/div>\n          <div class=\"title\">Leczenie olejami<\/div>\n          <div class=\"desc\">\n            <p>Li\u015bcie s\u0105 cz\u0119sto traktowane naturalnymi olejami, takimi jak kamfora lub olej neem, aby zapobiec zniszczeniu i inwazji owad\u00f3w. Ta tradycyjna metoda pomaga zachowa\u0107 li\u015bcie przez wieki. <\/p>\n          <\/div>\n        <\/div>\n              <div class=\"col-lg-5 my-4\" data-aos=\"fade-up\" data-aos-duration=\"1000\">\n          <div class=\"icon\"><img decoding=\"async\" src=\"https:\/\/mypalmleaf.com\/wp-content\/uploads\/2024\/09\/preserve-palm-leaf-icon-3.png\" alt=\"\"><\/div>\n          <div class=\"title\">Okresowa konserwacja<\/div>\n          <div class=\"desc\">\n            <p>Li\u015bcie palmowe s\u0105 przechowywane w specjalnych warunkach, aby chroni\u0107 je przed wilgoci\u0105, owadami i innymi szkodliwymi czynnikami. Biblioteki Nadi, zlokalizowane g\u0142\u00f3wnie w po\u0142udniowych Indiach, utrzymuj\u0105 kontrolowane \u015brodowisko, kt\u00f3re obejmuje odpowiednie poziomy wilgotno\u015bci i temperatury. <\/p>\n          <\/div>\n        <\/div>\n              <div class=\"col-lg-5 my-4\" data-aos=\"fade-up\" data-aos-duration=\"1000\">\n          <div class=\"icon\"><img decoding=\"async\" src=\"https:\/\/mypalmleaf.com\/wp-content\/uploads\/2024\/09\/preserve-palm-leaf-icon-4.png\" alt=\"\"><\/div>\n          <div class=\"title\">Przechowywanie<\/div>\n          <div class=\"desc\">\n            <p>Li\u015bcie s\u0105 przechowywane w wi\u0105zkach, z kt\u00f3rych ka\u017cda jest po\u0142\u0105czona i oznaczona zgodnie z kategori\u0105 lub rodzajem odczytu, kt\u00f3ry zawieraj\u0105. Wi\u0105zki te s\u0105 przechowywane w drewnianych lub metalowych pude\u0142kach, aby chroni\u0107 je przed uszkodzeniami fizycznymi i czynnikami \u015brodowiskowymi. <\/p>\n          <\/div>\n        <\/div>\n          <\/div>\n  <\/div>\n<\/section><section class=\"who-are-rishis my-5 position-relative\">\n  <div class=\"container\">\n    <div class=\"row\">\n      <div class=\"col-lg-12 text-center\">\n        <h3 class=\"my-5 mt-0\">Kim s\u0105 Riszi?<\/h3>\n        <div class=\"banner rounded-asset my-4\"><img decoding=\"async\" src=\"https:\/\/mypalmleaf.com\/wp-content\/uploads\/2024\/09\/who-are-the-rishis-1.jpg\" alt=\"\" class=\"img-fluid\"><\/div>\n        <p>Riszi to legendarni m\u0119drcy i jasnowidze staro\u017cytnych Indii, s\u0142yn\u0105cy z niesamowitej duchowej m\u0105dro\u015bci i niezwyk\u0142ych spostrze\u017ce\u0144. Wyobra\u017a sobie, \u017ce jeste\u015b w stanie dotrze\u0107 do kr\u00f3lestwa boskiej wiedzy i uniwersalnych prawd &#8211; oto \u015bwiat Riszich. Te o\u015bwiecone istoty s\u0105 cz\u0119sto uwa\u017cane za duchowych pionier\u00f3w ludzko\u015bci, badaj\u0105cych g\u0142\u0119bi\u0119 \u015bwiadomo\u015bci i kosmosu.<\/p>\n<h4 class=\"mt-4\"><strong>Wizjonerzy staro\u017cytnej m\u0105dro\u015bci<\/strong><\/h4>\n<p>S\u0142owo &#8222;Rishi&#8221; pochodzi od sanskryckiego terminu &#8222;\u1e5b\u1e63&#8221;, co oznacza &#8222;widzie\u0107&#8221; lub &#8222;postrzega\u0107&#8221;. Nie jest to zwyk\u0142e widzenie; Riszi s\u0105 wizjonerami, kt\u00f3rzy potrafi\u0105 dostrzec niewidzialne i zrozumie\u0107 g\u0142\u0119bokie tajemnice \u017cycia i wszech\u015bwiata. S\u0105 jak duchowi astronauci z czas\u00f3w staro\u017cytnych, podr\u00f3\u017cuj\u0105cy do kr\u00f3lestw bosko\u015bci i przynosz\u0105cy skarby wiedzy.  <\/p>\n<h4 class=\"mt-4\"><strong>Riszi w tu i teraz<\/strong><\/h4>\n<p>Chocia\u017c Riszi \u017cyli na tej planecie w ludzkiej formie tysi\u0105ce lat temu, nadal wspieraj\u0105 ludzko\u015b\u0107 i Ziemi\u0119 z subtelnych wymiar\u00f3w. Ich obecno\u015b\u0107 jest ponadczasowa i im bardziej jeste\u015bmy \u015bwiadomi i otwarci na ich obecno\u015b\u0107, tym wi\u0119cej ich b\u0142ogos\u0142awie\u0144stwa mo\u017ce wp\u0142yn\u0105\u0107 do naszego \u017cycia. Taki jest r\u00f3wnie\u017c cel li\u015bci palmowych. S\u0105 one czym\u015b wi\u0119cej ni\u017c tylko przepowiedniami, ale duchowym narz\u0119dziem, kt\u00f3re pomaga nam kszta\u0142towa\u0107 nasze \u017cycie poprzez energetyczne wsparcie Rishis.   <\/p>\n<h4 class=\"mt-4\"><strong>Zwi\u0105zek mi\u0119dzy riszimi a li\u015b\u0107mi palmowymi<\/strong><\/h4>\n<p>Riszi, staro\u017cytni m\u0119drcy i jasnowidze Indii, s\u0105 boskimi autorami r\u0119kopis\u00f3w na li\u015bciach palmowych, znanych jako teksty Nadi. Te o\u015bwiecone istoty, poprzez g\u0142\u0119bok\u0105 medytacj\u0119 i duchowy wgl\u0105d, tysi\u0105ce lat temu zapisywa\u0142y losy jednostek na li\u015bciach palmowych. U\u017cywaj\u0105c staro\u017cytnego pisma tamilskiego, udokumentowali szczeg\u00f3\u0142y dotycz\u0105ce \u017cycia ludzi, oferuj\u0105c duchowe wskaz\u00f3wki i wgl\u0105d w ich przesz\u0142o\u015b\u0107, tera\u017aniejszo\u015b\u0107 i przysz\u0142o\u015b\u0107. Te li\u015bcie palmowe s\u0105 przechowywane w bibliotekach Nadi i s\u0105 odczytywane przez astrolog\u00f3w Nadi, kt\u00f3rzy dopasowuj\u0105 odcisk kciuka lub szczeg\u00f3\u0142y danej osoby do odpowiedniego li\u015bcia. Ta \u015bwi\u0119ta tradycja, honorowana przez Mypalmleaf, nadal zapewnia ponadczasow\u0105 m\u0105dro\u015b\u0107 i jasno\u015b\u0107, pomagaj\u0105c poszukuj\u0105cym zrozumie\u0107 ich \u017cyciow\u0105 podr\u00f3\u017c oczami Rishis.  <\/p>\n      <\/div>\n    <\/div>\n  <\/div>\n\n<\/section>","protected":false},"excerpt":{"rendered":"","protected":false},"author":1,"featured_media":0,"parent":0,"menu_order":0,"comment_status":"closed","ping_status":"closed","template":"","meta":{"_acf_changed":false,"footnotes":""},"class_list":["post-29928","page","type-page","status-publish","hentry"],"acf":[],"yoast_head":"<!-- This site is optimized with the Yoast SEO plugin v26.4 - https:\/\/yoast.com\/wordpress\/plugins\/seo\/ -->\n<title>Li\u015bcie palmowe - My Palm Leaf<\/title>\n<meta name=\"robots\" content=\"index, follow, max-snippet:-1, max-image-preview:large, max-video-preview:-1\" \/>\n<link rel=\"canonical\" href=\"https:\/\/mypalmleaf.com\/pl\/liscie-palmowe\/\" \/>\n<meta property=\"og:locale\" content=\"pl_PL\" \/>\n<meta property=\"og:type\" content=\"article\" \/>\n<meta property=\"og:title\" content=\"Li\u015bcie palmowe - My Palm Leaf\" \/>\n<meta property=\"og:url\" content=\"https:\/\/mypalmleaf.com\/pl\/liscie-palmowe\/\" \/>\n<meta property=\"og:site_name\" content=\"My Palm Leaf\" \/>\n<meta property=\"article:modified_time\" content=\"2025-07-11T09:35:08+00:00\" \/>\n<meta property=\"og:image\" content=\"https:\/\/mypalmleaf.com\/wp-content\/uploads\/2025\/08\/mpl-circle-logo.jpg\" \/>\n\t<meta property=\"og:image:width\" content=\"1200\" \/>\n\t<meta property=\"og:image:height\" content=\"1196\" \/>\n\t<meta property=\"og:image:type\" content=\"image\/jpeg\" \/>\n<meta name=\"twitter:card\" content=\"summary_large_image\" \/>\n<script type=\"application\/ld+json\" class=\"yoast-schema-graph\">{\"@context\":\"https:\/\/schema.org\",\"@graph\":[{\"@type\":\"WebPage\",\"@id\":\"https:\/\/mypalmleaf.com\/pl\/liscie-palmowe\/\",\"url\":\"https:\/\/mypalmleaf.com\/pl\/liscie-palmowe\/\",\"name\":\"Li\u015bcie palmowe - My Palm Leaf\",\"isPartOf\":{\"@id\":\"https:\/\/mypalmleaf.com\/#website\"},\"datePublished\":\"2024-08-15T02:38:41+00:00\",\"dateModified\":\"2025-07-11T09:35:08+00:00\",\"breadcrumb\":{\"@id\":\"https:\/\/mypalmleaf.com\/pl\/liscie-palmowe\/#breadcrumb\"},\"inLanguage\":\"pl-PL\",\"potentialAction\":[{\"@type\":\"ReadAction\",\"target\":[\"https:\/\/mypalmleaf.com\/pl\/liscie-palmowe\/\"]}]},{\"@type\":\"BreadcrumbList\",\"@id\":\"https:\/\/mypalmleaf.com\/pl\/liscie-palmowe\/#breadcrumb\",\"itemListElement\":[{\"@type\":\"ListItem\",\"position\":1,\"name\":\"Home\",\"item\":\"https:\/\/mypalmleaf.com\/pl\/\"},{\"@type\":\"ListItem\",\"position\":2,\"name\":\"Li\u015bcie palmowe\"}]},{\"@type\":\"WebSite\",\"@id\":\"https:\/\/mypalmleaf.com\/#website\",\"url\":\"https:\/\/mypalmleaf.com\/\",\"name\":\"My Palm Leaf\",\"description\":\"\",\"potentialAction\":[{\"@type\":\"SearchAction\",\"target\":{\"@type\":\"EntryPoint\",\"urlTemplate\":\"https:\/\/mypalmleaf.com\/?s={search_term_string}\"},\"query-input\":{\"@type\":\"PropertyValueSpecification\",\"valueRequired\":true,\"valueName\":\"search_term_string\"}}],\"inLanguage\":\"pl-PL\"}]}<\/script>\n<!-- \/ Yoast SEO plugin. -->","yoast_head_json":{"title":"Li\u015bcie palmowe - My Palm Leaf","robots":{"index":"index","follow":"follow","max-snippet":"max-snippet:-1","max-image-preview":"max-image-preview:large","max-video-preview":"max-video-preview:-1"},"canonical":"https:\/\/mypalmleaf.com\/pl\/liscie-palmowe\/","og_locale":"pl_PL","og_type":"article","og_title":"Li\u015bcie palmowe - My Palm Leaf","og_url":"https:\/\/mypalmleaf.com\/pl\/liscie-palmowe\/","og_site_name":"My Palm Leaf","article_modified_time":"2025-07-11T09:35:08+00:00","og_image":[{"width":1200,"height":1196,"url":"https:\/\/mypalmleaf.com\/wp-content\/uploads\/2025\/08\/mpl-circle-logo.jpg","type":"image\/jpeg"}],"twitter_card":"summary_large_image","schema":{"@context":"https:\/\/schema.org","@graph":[{"@type":"WebPage","@id":"https:\/\/mypalmleaf.com\/pl\/liscie-palmowe\/","url":"https:\/\/mypalmleaf.com\/pl\/liscie-palmowe\/","name":"Li\u015bcie palmowe - My Palm Leaf","isPartOf":{"@id":"https:\/\/mypalmleaf.com\/#website"},"datePublished":"2024-08-15T02:38:41+00:00","dateModified":"2025-07-11T09:35:08+00:00","breadcrumb":{"@id":"https:\/\/mypalmleaf.com\/pl\/liscie-palmowe\/#breadcrumb"},"inLanguage":"pl-PL","potentialAction":[{"@type":"ReadAction","target":["https:\/\/mypalmleaf.com\/pl\/liscie-palmowe\/"]}]},{"@type":"BreadcrumbList","@id":"https:\/\/mypalmleaf.com\/pl\/liscie-palmowe\/#breadcrumb","itemListElement":[{"@type":"ListItem","position":1,"name":"Home","item":"https:\/\/mypalmleaf.com\/pl\/"},{"@type":"ListItem","position":2,"name":"Li\u015bcie palmowe"}]},{"@type":"WebSite","@id":"https:\/\/mypalmleaf.com\/#website","url":"https:\/\/mypalmleaf.com\/","name":"My Palm Leaf","description":"","potentialAction":[{"@type":"SearchAction","target":{"@type":"EntryPoint","urlTemplate":"https:\/\/mypalmleaf.com\/?s={search_term_string}"},"query-input":{"@type":"PropertyValueSpecification","valueRequired":true,"valueName":"search_term_string"}}],"inLanguage":"pl-PL"}]}},"_links":{"self":[{"href":"https:\/\/mypalmleaf.com\/pl\/wp-json\/wp\/v2\/pages\/29928","targetHints":{"allow":["GET"]}}],"collection":[{"href":"https:\/\/mypalmleaf.com\/pl\/wp-json\/wp\/v2\/pages"}],"about":[{"href":"https:\/\/mypalmleaf.com\/pl\/wp-json\/wp\/v2\/types\/page"}],"author":[{"embeddable":true,"href":"https:\/\/mypalmleaf.com\/pl\/wp-json\/wp\/v2\/users\/1"}],"replies":[{"embeddable":true,"href":"https:\/\/mypalmleaf.com\/pl\/wp-json\/wp\/v2\/comments?post=29928"}],"version-history":[{"count":0,"href":"https:\/\/mypalmleaf.com\/pl\/wp-json\/wp\/v2\/pages\/29928\/revisions"}],"wp:attachment":[{"href":"https:\/\/mypalmleaf.com\/pl\/wp-json\/wp\/v2\/media?parent=29928"}],"curies":[{"name":"wp","href":"https:\/\/api.w.org\/{rel}","templated":true}]}}