{"id":29934,"date":"2024-08-14T06:28:52","date_gmt":"2024-08-14T06:28:52","guid":{"rendered":"https:\/\/mypalmleaf.com\/blogi\/"},"modified":"2025-04-29T10:58:17","modified_gmt":"2025-04-29T10:58:17","slug":"blogi","status":"publish","type":"page","link":"https:\/\/mypalmleaf.com\/pl\/blogi\/","title":{"rendered":"Blogi"},"content":{"rendered":"<section class=\"spotlight-single top-gap\">\n  <div class=\"content-wrap\">\n    <div class=\"image\">\n      <picture>\n        <source media=\"(max-width: 999px)\" srcset=\"https:\/\/mypalmleaf.com\/wp-content\/uploads\/2024\/08\/blogs-spotlight-mob.jpg\" \/>\n        <source media=\"(min-width: 1000px)\" srcset=\"https:\/\/mypalmleaf.com\/wp-content\/uploads\/2024\/08\/blogs-spotlight.jpg\" \/>\n        <img decoding=\"async\" src=\"https:\/\/mypalmleaf.com\/wp-content\/uploads\/2024\/08\/blogs-spotlight.jpg\" class=\"img-fluid\" alt=\"\" \/>\n      <\/picture>\n    <\/div>\n    <div class=\"content\">\n      <div data-aos=\"fade-up\" data-aos-duration=\"1000\">\n        <h1>Blog i artyku\u0142y<\/h1>\n              <\/div>\n    <\/div>\n  <\/div>\n<\/section>\n\n  <section class=\"blog-card-wrap my-4\" data-aos=\"fade-up\" data-aos-duration=\"1000\">\n    <div class=\"container-xl\">\n      <div class=\"row gx-md-5\">\n                  <div class=\"col-lg-6 my-4\">\n            <div class=\"wrap\">\n              <div class=\"image\">\n                <div class=\"rounded-asset\"><img decoding=\"async\" src=\"https:\/\/mypalmleaf.com\/wp-content\/uploads\/2024\/08\/blog-22.jpg\" class=\"img-fluid\" alt=\"\"><\/div>\n              <\/div>\n              <div class=\"date\">29 grudnia, 2024<\/div>\n              <div class=\"title\">Wprowadzenie do astrologii wedyjskiej<\/div>\n              <div class=\"desc\"><p>W tym artykule zanurzymy si\u0119 i zbadamy proste wprowadzenie do astrologii wedyjskiej oraz niekt\u00f3re z podstawowych idei stoj\u0105cych za wedyjskim systemem astrologicznym. Jest to ten sam system, kt\u00f3ry s\u0142u\u017cy do zrozumienia okoliczno\u015bci \u017cyciowych i tworzenia prognoz w astrologii Nadi, zgodnie z przepowiedniami z li\u015bci palmowych. ASTROLOGIA WEDYJSKA, CZYLI JYOTISHA, WPROWADZENIE Astrologia wedyjska lub Jyotisha, jak [&hellip;]<\/p>\n<\/div>\n              <a href=\"https:\/\/mypalmleaf.com\/pl\/wprowadzenie-do-astrologii-wedyjskiej\/\" class=\"stretched-link\"><\/a>\n            <\/div>\n          <\/div>\n                  <div class=\"col-lg-6 my-4\">\n            <div class=\"wrap\">\n              <div class=\"image\">\n                <div class=\"rounded-asset\"><img decoding=\"async\" src=\"https:\/\/mypalmleaf.com\/wp-content\/uploads\/2024\/08\/blog-thumb-1.jpg\" class=\"img-fluid\" alt=\"\"><\/div>\n              <\/div>\n              <div class=\"date\">28 grudnia, 2024<\/div>\n              <div class=\"title\">Astrologia wedyjska i zachodnia:<\/div>\n              <div class=\"desc\"><p>Astrologia, nauka niebia\u0144ska, by\u0142a wa\u017cnym aspektem r\u00f3\u017cnych kultur, prowadz\u0105c jednostki w zrozumieniu ich przeznaczenia i tajemnic wszech\u015bwiata. Dwie g\u0142\u00f3wne ga\u0142\u0119zie astrologii, wedyjska i zachodnia, zaintrygowa\u0142y zar\u00f3wno uczonych, jak i entuzjast\u00f3w, oferuj\u0105c unikalne spojrzenie na kosmos i ludzk\u0105 egzystencj\u0119. ORIgins i podstawy filozoficzneAstrologia wedyjska, czyli Jyotish, ma swoje korzenie w staro\u017cytnych Wedach, \u015bwi\u0119tych tekstach hinduizmu, s\u0142u\u017c\u0105cych [&hellip;]<\/p>\n<\/div>\n              <a href=\"https:\/\/mypalmleaf.com\/pl\/astrologia-wedyjska-i-zachodnia\/\" class=\"stretched-link\"><\/a>\n            <\/div>\n          <\/div>\n                  <div class=\"col-lg-6 my-4\">\n            <div class=\"wrap\">\n              <div class=\"image\">\n                <div class=\"rounded-asset\"><img decoding=\"async\" src=\"https:\/\/mypalmleaf.com\/wp-content\/uploads\/2024\/08\/blog-15-1.jpg\" class=\"img-fluid\" alt=\"\"><\/div>\n              <\/div>\n              <div class=\"date\">23 grudnia, 2024<\/div>\n              <div class=\"title\">Przygotowanie do odczytu li\u015bci palmowych<\/div>\n              <div class=\"desc\"><p>Poszukiwanie swojego Li\u015bcia Palmowego jest g\u0142\u0119bokim i pi\u0119knym procesem. Proces ten w pe\u0142ni rozwinie si\u0119 wraz z jego transformuj\u0105cym efektem, gdy rozwa\u017cysz odpowiednie przygotowanie si\u0119 do odczytu li\u015bcia palmowego. Dlatego w tym artykule om\u00f3wimy przygotowanie do czytania, zar\u00f3wno od strony wewn\u0119trznej, jak i praktycznej. Proces zaczyna si\u0119 od \u015bwiadomo\u015bci Zaczyna si\u0119 to przede wszystkim od [&hellip;]<\/p>\n<\/div>\n              <a href=\"https:\/\/mypalmleaf.com\/pl\/przygotowanie-do-odczytu-lisci-palmowych\/\" class=\"stretched-link\"><\/a>\n            <\/div>\n          <\/div>\n                  <div class=\"col-lg-6 my-4\">\n            <div class=\"wrap\">\n              <div class=\"image\">\n                <div class=\"rounded-asset\"><img decoding=\"async\" src=\"https:\/\/mypalmleaf.com\/wp-content\/uploads\/2024\/08\/blog_a_comparative_study_main-listing.jpg\" class=\"img-fluid\" alt=\"\"><\/div>\n              <\/div>\n              <div class=\"date\">3 pa\u017adziernika, 2023<\/div>\n              <div class=\"title\">Boskie po\u0142\u0105czenie: Hanuman, Saturn i twoje czytanie z li\u015bci palmowych<\/div>\n              <div class=\"desc\"><p>Boskie po\u0142\u0105czenie: Hanuman, Saturn i twoje czytanie z li\u015bci palmowych Je\u015bli niedawno mia\u0142e\u015b wyj\u0105tkowe do\u015bwiadczenie czytania z li\u015bci palmowych za po\u015brednictwem naszych wyspecjalizowanych us\u0142ug, by\u0107 mo\u017ce napotka\u0142e\u015b zalecenia zwi\u0105zane z Panem Hanumanem i planet\u0105 Saturn. Nie jest to przypadkowa sugestia. Jest to g\u0142\u0119boko zakorzeniony aspekt astrologii wedyjskiej i duchowo\u015bci. W tym artykule zag\u0142\u0119bimy si\u0119 w [&hellip;]<\/p>\n<\/div>\n              <a href=\"https:\/\/mypalmleaf.com\/pl\/boskie-polaczenie-hanuman-saturn-i-twoja-podroz-czytania-lisci-palmowych\/\" class=\"stretched-link\"><\/a>\n            <\/div>\n          <\/div>\n                  <div class=\"col-lg-6 my-4\">\n            <div class=\"wrap\">\n              <div class=\"image\">\n                <div class=\"rounded-asset\"><img decoding=\"async\" src=\"https:\/\/mypalmleaf.com\/wp-content\/uploads\/2022\/11\/blog-3.jpg\" class=\"img-fluid\" alt=\"\"><\/div>\n              <\/div>\n              <div class=\"date\">15 listopada, 2022<\/div>\n              <div class=\"title\">\u015awi\u0119te kr\u00f3lestwo Szambali<\/div>\n              <div class=\"desc\"><p>Szambala jest oaz\u0105 wsp\u00f3\u0142czucia, mi\u0142o\u015bci, wolno\u015bci i \u015bwiat\u0142a na pustyni ignorancji i materializmu. &#8211; Sahajananda Istnieje wiele legend otaczaj\u0105cych \u015bwi\u0119te kr\u00f3lestwo Szambali. Niekt\u00f3rzy postrzegali j\u0105 jako fizyczn\u0105 lokalizacj\u0119. Raj\/eutopi\u0119 ukryt\u0105 wysoko w Himalajach. Dla innych jest to tajemnicza kraina wewn\u0105trz (pozornie) pustej ziemi, dost\u0119pna przez (pozorne) dziury w p\u00f3\u0142nocnym i po\u0142udniowym biegunie planety. Dla innych [&hellip;]<\/p>\n<\/div>\n              <a href=\"https:\/\/mypalmleaf.com\/pl\/swiete-krolestwo-szambali\/\" class=\"stretched-link\"><\/a>\n            <\/div>\n          <\/div>\n                  <div class=\"col-lg-6 my-4\">\n            <div class=\"wrap\">\n              <div class=\"image\">\n                <div class=\"rounded-asset\"><img decoding=\"async\" src=\"https:\/\/mypalmleaf.com\/wp-content\/uploads\/2022\/11\/Adobe-Express-file-10.jpg\" class=\"img-fluid\" alt=\"\"><\/div>\n              <\/div>\n              <div class=\"date\">1 listopada, 2022<\/div>\n              <div class=\"title\">Mahadevi &#8211; kobiece oblicze Boga<\/div>\n              <div class=\"desc\"><p>Kult i cze\u015b\u0107 oddawana kobiecemu obliczu &#8222;Boga&#8221; lub absolutnej rzeczywisto\u015bci si\u0119gaj\u0105 czas\u00f3w Rig Veda. Jednak dopiero w V lub VI wieku, co zbiega si\u0119 z korzeniami tradycji tantrycznej, widzimy pe\u0142ny tekst i kompletne tradycje kultu bogini. W tradycjach tych mo\u017cemy wyra\u017anie dostrzec esencj\u0119 rzeczywisto\u015bci czczon\u0105 jako kobieca natura. W przeciwie\u0144stwie do starszej wizji Brahmana, bezkszta\u0142tnego [&hellip;]<\/p>\n<\/div>\n              <a href=\"https:\/\/mypalmleaf.com\/pl\/mahadevi-kobiece-oblicze-boga\/\" class=\"stretched-link\"><\/a>\n            <\/div>\n          <\/div>\n                  <div class=\"col-lg-6 my-4\">\n            <div class=\"wrap\">\n              <div class=\"image\">\n                <div class=\"rounded-asset\"><img decoding=\"async\" src=\"https:\/\/mypalmleaf.com\/wp-content\/uploads\/2022\/10\/Adobe-Express-file-15.jpg\" class=\"img-fluid\" alt=\"\"><\/div>\n              <\/div>\n              <div class=\"date\">15 pa\u017adziernika, 2022<\/div>\n              <div class=\"title\">Hanuman, Pan bhakt\u00f3w-jogin\u00f3w<\/div>\n              <div class=\"desc\"><p>Zwyci\u0119stwo dla ciebie, o Hanumanie! Ocean M\u0105dro\u015bci Niech b\u0119dzie pochwalony O&#8217;Kapisa! (\u017ar\u00f3d\u0142o mocy, m\u0105dro\u015bci) O\u015bwietlasz wszystkie trzy \u015bwiaty (ca\u0142y kosmos) swoj\u0105 chwa\u0142\u0105. &#8211; Hanuman Chalisa Pan Hanumanji, boski ma\u0142pi b\u00f3g, jest kolejnym ukochanym b\u00f3stwem hinduistycznego panteonu. Hanuman, pan bhakt\u00f3w-jogin\u00f3w, jest uosobieniem samego oddania. Oddanie jest jednym z najpot\u0119\u017cniejszych dar\u00f3w, do jakich mo\u017ce d\u0105\u017cy\u0107 ludzka dusza. [&hellip;]<\/p>\n<\/div>\n              <a href=\"https:\/\/mypalmleaf.com\/pl\/hanuman-pan-bhaktow-joginow\/\" class=\"stretched-link\"><\/a>\n            <\/div>\n          <\/div>\n                  <div class=\"col-lg-6 my-4\">\n            <div class=\"wrap\">\n              <div class=\"image\">\n                <div class=\"rounded-asset\"><img decoding=\"async\" src=\"https:\/\/mypalmleaf.com\/wp-content\/uploads\/2024\/08\/blog-8-1.jpg\" class=\"img-fluid\" alt=\"\"><\/div>\n              <\/div>\n              <div class=\"date\">15 wrze\u015bnia, 2022<\/div>\n              <div class=\"title\">\u017bycie i nauczanie \u015ari Ramany Maharsziego cz.2 : Jego mi\u0142o\u015b\u0107 do zwierz\u0105t<\/div>\n              <div class=\"desc\"><p>\u017bycie prawdziwych mistrz\u00f3w duchowych jest nauk\u0105 sam\u0105 w sobie. \u017bycie prze\u017cywane w przejrzysto\u015bci prawdy bytu jest wyrazem \u0142aski. W zwi\u0105zku z tym dzia\u0142ania, interakcje, komunikacja itp. wielkich nauczycieli, takich jak Bhagawan \u015ari Ramana Maharszi, mog\u0105 nas inspirowa\u0107 i prowadzi\u0107. \u017bycie Bhagawana \u015ari Ramany jest w\u0142a\u015bnie takim \u017cyciem. Traktowa\u0142 wszystkie istoty jak r\u00f3wne sobie i nieustannie, [&hellip;]<\/p>\n<\/div>\n              <a href=\"https:\/\/mypalmleaf.com\/pl\/zycie-i-nauczanie-sri-ramany-maharsziego-cz-2-jego-milosc-do-zwierzat\/\" class=\"stretched-link\"><\/a>\n            <\/div>\n          <\/div>\n                  <div class=\"col-lg-6 my-4\">\n            <div class=\"wrap\">\n              <div class=\"image\">\n                <div class=\"rounded-asset\"><img decoding=\"async\" src=\"https:\/\/mypalmleaf.com\/wp-content\/uploads\/2022\/08\/Adobe-Express-file-2-1.png\" class=\"img-fluid\" alt=\"\"><\/div>\n              <\/div>\n              <div class=\"date\">25 sierpnia, 2022<\/div>\n              <div class=\"title\">Saptarishi &#8211; 7 wielkich m\u0119drc\u00f3w wedyjskich<\/div>\n              <div class=\"desc\"><p>Wedy s\u0105 najwcze\u015bniejszymi znanymi dzie\u0142ami literatury duchowej na naszej planecie. Te i inne wielkie pisma \u015bwi\u0119te, na przyk\u0142ad Mahabharata i Ramajana, zawieraj\u0105 historie Saptarishi, czyli siedmiu wielkich m\u0119drc\u00f3w. M\u0119drcy ci s\u0105 synami pot\u0119\u017cnego Brahmy. Wys\u0142a\u0142 ich na ziemi\u0119, wspieraj\u0105c w ten spos\u00f3b duchow\u0105 ewolucj\u0119 ludzko\u015bci i rozw\u00f3j ca\u0142ego wszech\u015bwiata. Wedyjscy Maharishi i rozw\u00f3j wszech\u015bwiataZgodnie z [&hellip;]<\/p>\n<\/div>\n              <a href=\"https:\/\/mypalmleaf.com\/pl\/saptarishi-7-wielkich-medrcow-wedyjskich\/\" class=\"stretched-link\"><\/a>\n            <\/div>\n          <\/div>\n                  <div class=\"col-lg-6 my-4\">\n            <div class=\"wrap\">\n              <div class=\"image\">\n                <div class=\"rounded-asset\"><img decoding=\"async\" src=\"https:\/\/mypalmleaf.com\/wp-content\/uploads\/2024\/08\/blog-12-1.jpg\" class=\"img-fluid\" alt=\"\"><\/div>\n              <\/div>\n              <div class=\"date\">22 sierpnia, 2022<\/div>\n              <div class=\"title\">Co moi klienci m\u00f3wi\u0105 o swoich odczytach li\u015bci palmowych?<\/div>\n              <div class=\"desc\"><p>Bardziej ni\u017c sam odczyt, jest to proces otaczaj\u0105cy odczyt li\u015bcia palmowego, kt\u00f3ry tworzy zmiany w \u017cyciu ludzi. Tutaj dzielimy si\u0119 z wami tym, co klienci My Palm Leaf m\u00f3wi\u0105 o swoich odczytach z li\u015bci palmowych. &#8222;Odczyty li\u015bci palmowych s\u0105 jak narz\u0119dzie, kt\u00f3re pomaga nam otworzy\u0107 si\u0119 na ich b\u0142ogos\u0142awie\u0144stwa [the Rishis], ale w tle dzieje [&hellip;]<\/p>\n<\/div>\n              <a href=\"https:\/\/mypalmleaf.com\/pl\/co-moi-klienci-mowia-o-swoich-odczytach-lisci-palmowych\/\" class=\"stretched-link\"><\/a>\n            <\/div>\n          <\/div>\n              <\/div>\n      <div class=\"row my-6\"><div class=\"col\"><nav aria-label=\"Page navigation\"><ul class=\"pagination justify-content-center\"><li class=\"page-item active\"><span aria-current=\"page\" class=\"page-link current\">1<\/span><\/li><li class=\"page-item\"><a class=\"page-link\" href=\"https:\/\/mypalmleaf.com\/pl\/wp-json\/wp\/v2\/pages\/29934\/page\/2\/\">2<\/a><\/li><li class=\"page-item\"><a class=\"next page-link\" href=\"https:\/\/mypalmleaf.com\/pl\/wp-json\/wp\/v2\/pages\/29934\/page\/2\/\">Nast\u0119pne &raquo;<\/a><\/li><\/ul><\/nav><\/div><\/div>    <\/div>\n  <\/section>\n\n\n\n<section class=\"find-your-palm-leaf-block\" data-aos=\"fade-up\" data-aos-duration=\"1000\">\n  <div class=\"container-fluid px-0\">\n    <div class=\"row g-0\">\n      <div class=\"col\">\n        <div class=\"find-your-leaf-bg\">\n          <picture>\n            <source media=\"(max-width: 999px)\" srcset=\"https:\/\/mypalmleaf.com\/wp-content\/uploads\/2024\/08\/Find-your-Palm-Leaf-mob.jpg\" \/>\n            <source media=\"(min-width: 1000px)\" srcset=\"https:\/\/mypalmleaf.com\/wp-content\/uploads\/2024\/08\/Find-your-Palm-Leaf.jpg\" \/>\n            <img decoding=\"async\" src=\"https:\/\/mypalmleaf.com\/wp-content\/uploads\/2024\/08\/Find-your-Palm-Leaf.jpg\" class=\"img-fluid\" alt=\"\" \/>\n          <\/picture>\n        <\/div>\n      <\/div>\n    <\/div>\n    <div class=\"content\">\n      <div class=\"container-xl\" data-aos=\"fade-up\" data-aos-duration=\"1000\">\n        <div class=\"row py-4\">\n          <div class=\"col-lg-8 mx-auto\">\n            <h2 class=\"mb-2\">Znajd\u017a sw\u00f3j li\u015b\u0107 palmowy!<\/h2>\n            <ul>\n<li>Wszystko, czego potrzebujesz, aby rozpocz\u0105\u0107 wyszukiwanie li\u015bcia palmowego, to odcisk kciuka.<\/li>\n<li>Je\u015bli potrzebujesz t\u0142umaczenia na inny j\u0119zyk, mo\u017cemy to dla Ciebie zrobi\u0107.<\/li>\n<li>Je\u015bli nie uda nam si\u0119 znale\u017a\u0107 Twojego li\u015bcia palmowego w ci\u0105gu 3 odpowiednich termin\u00f3w, zwr\u00f3cimy Ci pe\u0142n\u0105 kwot\u0119.<\/li>\n<\/ul>\n          <\/div>\n        <\/div>\n        <div class=\"row mt-4\">\n          <div class=\"col text-center\">\n            <a href=\"\/pl\/uslugi\/znajdowanie-lisci-ogolne-czytanie-rozdzialow\/\" class=\"btn btn-primary\">Znajd\u017a m\u00f3j li\u015b\u0107<\/a>\n          <\/div>\n        <\/div>\n      <\/div>\n    <\/div>\n  <\/div>\n<\/section>","protected":false},"excerpt":{"rendered":"","protected":false},"author":1,"featured_media":0,"parent":0,"menu_order":0,"comment_status":"closed","ping_status":"closed","template":"","meta":{"_acf_changed":false,"footnotes":""},"class_list":["post-29934","page","type-page","status-publish","hentry"],"acf":[],"yoast_head":"<!-- This site is optimized with the Yoast SEO plugin v26.4 - https:\/\/yoast.com\/wordpress\/plugins\/seo\/ -->\n<title>Blogi - My Palm Leaf<\/title>\n<meta name=\"description\" content=\"Przeczytaj blogi o duchowo\u015bci, karmie i astrologii. Odkryj inspiruj\u0105ce tre\u015bci, kt\u00f3re pog\u0142\u0119bi\u0105 Twoj\u0105 \u015bwiadomo\u015b\u0107 i rozw\u00f3j duchowy.\" \/>\n<meta name=\"robots\" content=\"index, follow, max-snippet:-1, max-image-preview:large, max-video-preview:-1\" \/>\n<link rel=\"canonical\" href=\"https:\/\/mypalmleaf.com\/pl\/blogi\/\" \/>\n<meta property=\"og:locale\" content=\"pl_PL\" \/>\n<meta property=\"og:type\" content=\"article\" \/>\n<meta property=\"og:title\" content=\"Blogi - My Palm Leaf\" \/>\n<meta property=\"og:description\" content=\"Przeczytaj blogi o duchowo\u015bci, karmie i astrologii. Odkryj inspiruj\u0105ce tre\u015bci, kt\u00f3re pog\u0142\u0119bi\u0105 Twoj\u0105 \u015bwiadomo\u015b\u0107 i rozw\u00f3j duchowy.\" \/>\n<meta property=\"og:url\" content=\"https:\/\/mypalmleaf.com\/pl\/blogi\/\" \/>\n<meta property=\"og:site_name\" content=\"My Palm Leaf\" \/>\n<meta property=\"article:modified_time\" content=\"2025-04-29T10:58:17+00:00\" \/>\n<meta property=\"og:image\" content=\"https:\/\/mypalmleaf.com\/wp-content\/uploads\/2025\/08\/mpl-circle-logo.jpg\" \/>\n\t<meta property=\"og:image:width\" content=\"1200\" \/>\n\t<meta property=\"og:image:height\" content=\"1196\" \/>\n\t<meta property=\"og:image:type\" content=\"image\/jpeg\" \/>\n<meta name=\"twitter:card\" content=\"summary_large_image\" \/>\n<script type=\"application\/ld+json\" class=\"yoast-schema-graph\">{\"@context\":\"https:\/\/schema.org\",\"@graph\":[{\"@type\":\"WebPage\",\"@id\":\"https:\/\/mypalmleaf.com\/pl\/blogi\/\",\"url\":\"https:\/\/mypalmleaf.com\/pl\/blogi\/\",\"name\":\"Blogi - My Palm Leaf\",\"isPartOf\":{\"@id\":\"https:\/\/mypalmleaf.com\/#website\"},\"datePublished\":\"2024-08-14T06:28:52+00:00\",\"dateModified\":\"2025-04-29T10:58:17+00:00\",\"description\":\"Przeczytaj blogi o duchowo\u015bci, karmie i astrologii. Odkryj inspiruj\u0105ce tre\u015bci, kt\u00f3re pog\u0142\u0119bi\u0105 Twoj\u0105 \u015bwiadomo\u015b\u0107 i rozw\u00f3j duchowy.\",\"breadcrumb\":{\"@id\":\"https:\/\/mypalmleaf.com\/pl\/blogi\/#breadcrumb\"},\"inLanguage\":\"pl-PL\",\"potentialAction\":[{\"@type\":\"ReadAction\",\"target\":[\"https:\/\/mypalmleaf.com\/pl\/blogi\/\"]}]},{\"@type\":\"BreadcrumbList\",\"@id\":\"https:\/\/mypalmleaf.com\/pl\/blogi\/#breadcrumb\",\"itemListElement\":[{\"@type\":\"ListItem\",\"position\":1,\"name\":\"Home\",\"item\":\"https:\/\/mypalmleaf.com\/pl\/\"},{\"@type\":\"ListItem\",\"position\":2,\"name\":\"Blogi\"}]},{\"@type\":\"WebSite\",\"@id\":\"https:\/\/mypalmleaf.com\/#website\",\"url\":\"https:\/\/mypalmleaf.com\/\",\"name\":\"My Palm Leaf\",\"description\":\"\",\"potentialAction\":[{\"@type\":\"SearchAction\",\"target\":{\"@type\":\"EntryPoint\",\"urlTemplate\":\"https:\/\/mypalmleaf.com\/?s={search_term_string}\"},\"query-input\":{\"@type\":\"PropertyValueSpecification\",\"valueRequired\":true,\"valueName\":\"search_term_string\"}}],\"inLanguage\":\"pl-PL\"}]}<\/script>\n<!-- \/ Yoast SEO plugin. -->","yoast_head_json":{"title":"Blogi - My Palm Leaf","description":"Przeczytaj blogi o duchowo\u015bci, karmie i astrologii. Odkryj inspiruj\u0105ce tre\u015bci, kt\u00f3re pog\u0142\u0119bi\u0105 Twoj\u0105 \u015bwiadomo\u015b\u0107 i rozw\u00f3j duchowy.","robots":{"index":"index","follow":"follow","max-snippet":"max-snippet:-1","max-image-preview":"max-image-preview:large","max-video-preview":"max-video-preview:-1"},"canonical":"https:\/\/mypalmleaf.com\/pl\/blogi\/","og_locale":"pl_PL","og_type":"article","og_title":"Blogi - My Palm Leaf","og_description":"Przeczytaj blogi o duchowo\u015bci, karmie i astrologii. Odkryj inspiruj\u0105ce tre\u015bci, kt\u00f3re pog\u0142\u0119bi\u0105 Twoj\u0105 \u015bwiadomo\u015b\u0107 i rozw\u00f3j duchowy.","og_url":"https:\/\/mypalmleaf.com\/pl\/blogi\/","og_site_name":"My Palm Leaf","article_modified_time":"2025-04-29T10:58:17+00:00","og_image":[{"width":1200,"height":1196,"url":"https:\/\/mypalmleaf.com\/wp-content\/uploads\/2025\/08\/mpl-circle-logo.jpg","type":"image\/jpeg"}],"twitter_card":"summary_large_image","schema":{"@context":"https:\/\/schema.org","@graph":[{"@type":"WebPage","@id":"https:\/\/mypalmleaf.com\/pl\/blogi\/","url":"https:\/\/mypalmleaf.com\/pl\/blogi\/","name":"Blogi - My Palm Leaf","isPartOf":{"@id":"https:\/\/mypalmleaf.com\/#website"},"datePublished":"2024-08-14T06:28:52+00:00","dateModified":"2025-04-29T10:58:17+00:00","description":"Przeczytaj blogi o duchowo\u015bci, karmie i astrologii. Odkryj inspiruj\u0105ce tre\u015bci, kt\u00f3re pog\u0142\u0119bi\u0105 Twoj\u0105 \u015bwiadomo\u015b\u0107 i rozw\u00f3j duchowy.","breadcrumb":{"@id":"https:\/\/mypalmleaf.com\/pl\/blogi\/#breadcrumb"},"inLanguage":"pl-PL","potentialAction":[{"@type":"ReadAction","target":["https:\/\/mypalmleaf.com\/pl\/blogi\/"]}]},{"@type":"BreadcrumbList","@id":"https:\/\/mypalmleaf.com\/pl\/blogi\/#breadcrumb","itemListElement":[{"@type":"ListItem","position":1,"name":"Home","item":"https:\/\/mypalmleaf.com\/pl\/"},{"@type":"ListItem","position":2,"name":"Blogi"}]},{"@type":"WebSite","@id":"https:\/\/mypalmleaf.com\/#website","url":"https:\/\/mypalmleaf.com\/","name":"My Palm Leaf","description":"","potentialAction":[{"@type":"SearchAction","target":{"@type":"EntryPoint","urlTemplate":"https:\/\/mypalmleaf.com\/?s={search_term_string}"},"query-input":{"@type":"PropertyValueSpecification","valueRequired":true,"valueName":"search_term_string"}}],"inLanguage":"pl-PL"}]}},"_links":{"self":[{"href":"https:\/\/mypalmleaf.com\/pl\/wp-json\/wp\/v2\/pages\/29934","targetHints":{"allow":["GET"]}}],"collection":[{"href":"https:\/\/mypalmleaf.com\/pl\/wp-json\/wp\/v2\/pages"}],"about":[{"href":"https:\/\/mypalmleaf.com\/pl\/wp-json\/wp\/v2\/types\/page"}],"author":[{"embeddable":true,"href":"https:\/\/mypalmleaf.com\/pl\/wp-json\/wp\/v2\/users\/1"}],"replies":[{"embeddable":true,"href":"https:\/\/mypalmleaf.com\/pl\/wp-json\/wp\/v2\/comments?post=29934"}],"version-history":[{"count":0,"href":"https:\/\/mypalmleaf.com\/pl\/wp-json\/wp\/v2\/pages\/29934\/revisions"}],"wp:attachment":[{"href":"https:\/\/mypalmleaf.com\/pl\/wp-json\/wp\/v2\/media?parent=29934"}],"curies":[{"name":"wp","href":"https:\/\/api.w.org\/{rel}","templated":true}]}}