
{"id":29936,"date":"2024-08-14T07:24:30","date_gmt":"2024-08-14T07:24:30","guid":{"rendered":"https:\/\/mypalmleaf.com\/faq\/"},"modified":"2025-07-11T09:44:19","modified_gmt":"2025-07-11T09:44:19","slug":"faq","status":"publish","type":"page","link":"https:\/\/mypalmleaf.com\/pl\/faq\/","title":{"rendered":"FAQ"},"content":{"rendered":"<section class=\"faq-top-section my-6 mb-4 mt-xs-4\">\n  <div class=\"container\">\n    <div class=\"row mb-4 justify-content-center\">\n      <div class=\"col-lg-10 text-center\" data-aos=\"fade-up\" data-aos-duration=\"1000\">\n        <h1 class=\"py-4\">Cz\u0119sto zadawane pytania<\/h1>\n      <\/div>\n    <\/div>\n    <div class=\"row\">\n      <div class=\"col-lg-10 mx-auto\">\n        <div class=\"row justify-content-between align-items-center\">\n          <div class=\"col-lg-7\" data-aos=\"fade-up\" data-aos-duration=\"1000\">\n            <div class=\"rounded-asset\">\n              <img decoding=\"async\" src=\"https:\/\/mypalmleaf.com\/wp-content\/uploads\/2024\/08\/stefan.jpg\" class=\"img-fluid\" alt=\"\">\n              <div class=\"play-icon\"><\/div>\n              <a href=\"https:\/\/www.youtube.com\/watch?v=IPzOvDRb6pU\" class=\"stretched-link\" data-lity><\/a>\n            <\/div>\n          <\/div>\n          <div class=\"col-lg-5\" data-aos=\"fade-up\" data-aos-duration=\"1000\">\n            <h3>Odpowiedzi na 10 najcz\u0119\u015bciej zadawanych pyta\u0144 dotycz\u0105cych przepowiedni o indyjskich li\u015bciach palmowych<\/h3>\n          <\/div>\n        <\/div>\n      <\/div>\n\n    <\/div>\n  <\/div>\n<\/section>\n\n<div class=\"acc-wrap-bind\">\n  <section class=\"acc-nav-block my-5 py-3\" data-aos=\"fade-up\" data-aos-duration=\"1000\">\n    <div class=\"container\">\n      <div class=\"row justify-content-center\">\n        <div class=\"col-lg-8 faqs-heading\">\n          <ul>\n                                      <li>\n                <a href=\"#pytania og\u00f3lne\" class=\"active\">\n                  Pytania og\u00f3lne<\/a>\n              <\/li>\n                                        <li>\n                <a href=\"#o-czytaniu\" class=\"\">\n                  Informacje o odczytach<\/a>\n              <\/li>\n                                        <li>\n                <a href=\"#o \u015brodkach zaradczych\" class=\"\">\n                  Informacje o \u015brodkach zaradczych<\/a>\n              <\/li>\n                                    <\/ul>\n        <\/div>\n      <\/div>\n    <\/div>\n  <\/section>\n\n        <section class=\"accordion-container position-relative\" data-aos=\"fade-up\" data-aos-duration=\"1000\" id=\"pytania og\u00f3lne\">\n      <div class=\"container-xl\">\n        <div class=\"row\">\n          <h3>Pytania og\u00f3lne<\/h3>\n          <div class=\"accr-wrap\">\n                          <div class=\"head\">Czy istnieje li\u015b\u0107 palmowy dla ka\u017cdego?<\/div>\n              <div class=\"content\">\n                <p>Nie, nie ka\u017cdy ma napisany dla siebie li\u015b\u0107 palmowy. Jednak osoby, kt\u00f3re czuj\u0105 powo\u0142anie do poszukiwania swojego li\u015bcia, cz\u0119sto na niego czekaj\u0105. <\/p>\n              <\/div>\n                          <div class=\"head\">Kto napisa\u0142 li\u015bcie palmowe?<\/div>\n              <div class=\"content\">\n                <p>Zgodnie z legend\u0105, li\u015bcie palmowe zosta\u0142y napisane wiele tysi\u0119cy lat temu przez &#8222;Rishis&#8221;, grup\u0119 m\u0119drc\u00f3w, kt\u00f3rzy byli znacznie wy\u017cej rozwini\u0119ci ni\u017c dzisiejsze istoty ludzkie. Ich \u015bwiadomo\u015b\u0107 by\u0142a znacznie wi\u0119ksza i mogli przetwarza\u0107 znacznie wi\u0119cej informacji. Mieli r\u00f3wnie\u017c \u017cywotno\u015b\u0107 od wielu setek do tysi\u0119cy lat.  <\/p>\n              <\/div>\n                          <div class=\"head\">Gdzie s\u0105 li\u015bcie palmowe?<\/div>\n              <div class=\"content\">\n                <p>Li\u015bcie palmowe s\u0105 przechowywane w bibliotekach li\u015bci palmowych, kt\u00f3re znajduj\u0105 si\u0119 g\u0142\u00f3wnie na po\u0142udniu Indii. Istnieje r\u00f3wnie\u017c kilka ma\u0142ych bibliotek na p\u00f3\u0142nocy Indii, Sri Lance i Bali. <\/p>\n              <\/div>\n                          <div class=\"head\">Ile jest li\u015bci palmowych i bibliotek li\u015bci palmowych?<\/div>\n              <div class=\"content\">\n                <p>Nikt nie wie, ile jest li\u015bci palmowych lub bibliotek. Nie ma scentralizowanego systemu. <\/p>\n              <\/div>\n                          <div class=\"head\">Kim s\u0105 osoby czytaj\u0105ce z d\u0142oni?<\/div>\n              <div class=\"content\">\n                <p>Czytelnicy li\u015bci palmowych, z kt\u00f3rymi wsp\u00f3\u0142pracujemy, s\u0105 szkoleni od wielu pokole\u0144. Staro\u017cytna sztuka odczytywania li\u015bci palmowych by\u0142a przekazywana z ojca na syna przez wiele pokole\u0144. Znajduj\u0105 si\u0119 oni w Tamil Nadu, na po\u0142udniu Indii.  <\/p>\n              <\/div>\n                          <div class=\"head\">Sk\u0105d Riszi mogli wiedzie\u0107 i pisa\u0107 o nowoczesnych technologiach, nazwach itp.<\/div>\n              <div class=\"content\">\n                <p>Li\u015bcie palmowe zosta\u0142y napisane w staro\u017cytnym j\u0119zyku tamilskim, kt\u00f3ry jest bardzo poetyckim j\u0119zykiem opisuj\u0105cym sytuacje i przedmioty. Wa\u017cn\u0105 rol\u0105 t\u0142umacza jest przekszta\u0142cenie tych d\u0142ugich poetyckich zda\u0144 na wsp\u00f3\u0142czesny j\u0119zyk angielski. Na przyk\u0142ad, li\u015b\u0107 palmowy mo\u017ce m\u00f3wi\u0107: &#8222;Poszukiwacz wymy\u015bla muzyk\u0119 i zapami\u0119tuje j\u0105 w okr\u0105g\u0142ych przedmiotach&#8221;, a t\u0142umacz mo\u017ce powiedzie\u0107: &#8222;Jeste\u015b muzykiem i nagra\u0142e\u015b p\u0142yty CD&#8221; Tamil jest j\u0119zykiem opartym na d\u017awi\u0119ku. Dlatego rozszyfrowanie zachodnich nazw z XXI wieku jest cz\u0119sto skomplikowanym procesem. Czytelnik odczytuje d\u017awi\u0119ki symboli i z pomoc\u0105 t\u0142umacza i poszukiwacza identyfikuje imi\u0119.<\/p>\n              <\/div>\n                          <div class=\"head\">Dlaczego istniej\u0105 r\u00f3\u017cne formaty odczytu li\u015bci palmowych?<\/div>\n              <div class=\"content\">\n                <p>Historia Nadi to mieszanka legendy i tajemnicy, kt\u00f3ra dzia\u0142a w cudowny spos\u00f3b. M\u00f3wi si\u0119, \u017ce li\u015bcie palmowe zosta\u0142y napisane przez Sapta Rishis, grup\u0119 7 (sapta) m\u0119drc\u00f3w (Rishis). Dlatego mo\u017cliwe jest, \u017ce jedna osoba mo\u017ce mie\u0107 do 7 r\u00f3\u017cnych wersji swojej biografii, po jednej napisanej przez ka\u017cdego z Rishis. G\u0142\u00f3wnym autorem li\u015bci palmowych jest Rishi &#8222;Agastya&#8221;, cho\u0107 istniej\u0105 r\u00f3wnie\u017c r\u00f3\u017cne formaty Nadi, autorstwa tego samego autora. Biblioteki, z kt\u00f3rymi wsp\u00f3\u0142pracujemy, czytaj\u0105 g\u0142\u00f3wnie Rishi &#8222;Agastya&#8221;, ale na \u017cyczenie dost\u0119pne s\u0105 r\u00f3wnie\u017c li\u015bcie innych Rishis.    <\/p>\n              <\/div>\n                          <div class=\"head\">Czy lepiej by\u0142oby przyj\u015b\u0107 osobi\u015bcie do biblioteki w Indiach?<\/div>\n              <div class=\"content\">\n                <p>Informacje otrzymane podczas powi\u0119kszania odczytu li\u015bci palmowych s\u0105 dostarczane w taki sam spos\u00f3b, jak te otrzymane osobi\u015bcie w autentycznej bibliotece li\u015bci palmowych w Indiach. Jednak oczywi\u015bcie ca\u0142a podr\u00f3\u017c do Indii, kt\u00f3re s\u0105 tak mistycznym miejscem, aby odkry\u0107 swoje przeznaczenie, jest r\u00f3wnie\u017c pi\u0119kn\u0105 pielgrzymk\u0105. Je\u015bli jeste\u015b w stanie uda\u0107 si\u0119 do Indii, aby odwiedzi\u0107 bibliotek\u0119, to oczywi\u015bcie jest to idealne rozwi\u0105zanie, ale czytanie online i w momencie, gdy tego potrzebujesz, jest bardziej korzystne ni\u017c czekanie przez wiele lat, aby uda\u0107 si\u0119 do Indii. Kiedy pod\u0105\u017casz za swoj\u0105 intuicj\u0105, b\u0119dziesz wiedzia\u0142, kiedy jest dla ciebie odpowiedni czas.   <\/p>\n              <\/div>\n                          <div class=\"head\">Jaki jest koszt i co jest wliczone w cen\u0119?<\/div>\n              <div class=\"content\">\n                <p>Koszt wyszukiwania i identyfikacji li\u015bci, czytania rozdzia\u0142u og\u00f3lnego i rozdzia\u0142u 14 wynosi 289 \u20ac. Obejmuje to fizyczne wyszukiwanie pakiet\u00f3w, kt\u00f3re mog\u0105 zawiera\u0107 Tw\u00f3j li\u015bcik w bibliotekach w Indiach oraz proces dopasowywania z czytelnikiem, t\u0142umaczem i najcz\u0119\u015bciej r\u00f3wnie\u017c moderatorem.<br \/>\nWyszukiwanie w bibliotekach mo\u017ce zaj\u0105\u0107 wiele godzin. Dopasowanie mo\u017ce zaj\u0105\u0107 do 2 godzin (w wi\u0119kszo\u015bci udanych przypadk\u00f3w oko\u0142o 1 godziny), a czytanie rozdzia\u0142u og\u00f3lnego i rozdzia\u0142u 14 zajmuje oko\u0142o 2 godzin. T\u0142umaczenie na inne j\u0119zyki jest dost\u0119pne i kosztuje 38 \u20ac. Je\u015bli p\u00f3\u017aniej chcia\u0142by\u015b zarezerwowa\u0107 dodatkowe rozdzia\u0142y, koszt za rozdzia\u0142 wynosi 49-79 \u20ac. Czytanie rozdzia\u0142\u00f3w trwa oko\u0142o 15-60 minut. Je\u015bli mieszkasz w kraju UE, do ceny zostanie doliczony podatek VAT. Cen\u0119 dla danego kraju mo\u017cna sprawdzi\u0107 na stronie rezerwacji.  <\/p>\n              <\/div>\n                      <\/div>\n        <\/div>\n      <\/div>\n          <\/section>\n          <section class=\"accordion-container position-relative\" data-aos=\"fade-up\" data-aos-duration=\"1000\" id=\"o-czytaniu\">\n      <div class=\"container-xl\">\n        <div class=\"row\">\n          <h3>Informacje o odczytach<\/h3>\n          <div class=\"accr-wrap\">\n                          <div class=\"head\">Jak d\u0142ugo trwa odczyt?<\/div>\n              <div class=\"content\">\n                <p>\u015arednio proces dopasowywania i odczytu zajmuje oko\u0142o 2,5-4 godzin. Nie mo\u017cemy jednak z g\u00f3ry powiedzie\u0107, jak d\u0142ugo to potrwa, poniewa\u017c zale\u017cy to od tego, kiedy (lub czy) tw\u00f3j li\u015b\u0107 zostanie znaleziony. Po zidentyfikowaniu osobistego li\u015bcia palmowego odczytanie rozdzia\u0142u og\u00f3lnego i rozdzia\u0142u 14 zajmie oko\u0142o 1-2 godzin.  <\/p>\n              <\/div>\n                          <div class=\"head\">Czy to mo\u017cliwe, \u017ce m\u00f3j li\u015b\u0107 nie zosta\u0142 znaleziony?<\/div>\n              <div class=\"content\">\n                <p>Tak. Mo\u017ce si\u0119 zdarzy\u0107, \u017ce li\u015b\u0107 nie zostanie znaleziony. Jest to cz\u0119ste i mo\u017ce mie\u0107 r\u00f3\u017cne przyczyny. Mo\u017cliwe, \u017ce nie ma li\u015bci dla Ciebie lub mo\u017cliwe, \u017ce nie jest to jeszcze odpowiedni czas dla Ciebie. Dok\u0142adamy wszelkich stara\u0144, aby dok\u0142adnie wyszuka\u0107 Tw\u00f3j li\u015b\u0107, a je\u015bli nie mo\u017cna go znale\u017a\u0107, zalecamy odczekanie co najmniej 30 dni, a nast\u0119pnie ponowne rozpocz\u0119cie wyszukiwania.    <\/p>\n              <\/div>\n                          <div class=\"head\">Jak powinienem przygotowa\u0107 si\u0119 do odczytu?<\/div>\n              <div class=\"content\">\n                <p>Upewnij si\u0119, \u017ce jeste\u015b w cichym, niezak\u0142\u00f3conym miejscu, z dobrym po\u0142\u0105czeniem internetowym. Wewn\u0119trznie zalecamy, aby\u015b by\u0142 wypocz\u0119ty i podszed\u0142 do czytania z du\u017cym szacunkiem i otwarto\u015bci\u0105. Wsp\u00f3\u0142czuj\u0105cy m\u0119drzec napisa\u0142 przepowiedni\u0119 twojego \u017cycia tysi\u0105ce lat temu, kt\u00f3ra zosta\u0142a zachowana przez wiele pokole\u0144, aby zosta\u0107 odczytana dzisiaj. Jest to naprawd\u0119 wyj\u0105tkowe wydarzenie i im bardziej jeste\u015b tego \u015bwiadomy, tym g\u0142\u0119bsze mog\u0105 by\u0107 jego skutki.   <\/p>\n              <\/div>\n                          <div class=\"head\">Czy zostan\u0119 poinformowany, kiedy umr\u0119?<\/div>\n              <div class=\"content\">\n                <p>Kiedy tw\u00f3j li\u015b\u0107 palmowy zostanie znaleziony, najpierw zostanie odczytany rozdzia\u0142 og\u00f3lny, kt\u00f3ry mo\u017ce zawiera\u0107 okresy zagro\u017cenia \u017cycia lub potencjalnej \u015bmierci. Je\u015bli nie chcesz s\u0142ucha\u0107 o zagro\u017ceniach \u017cycia, mo\u017cesz poinformowa\u0107 o tym moderatora na pocz\u0105tku czytania. Je\u015bli chcia\u0142by\u015b us\u0142ysze\u0107 wi\u0119cej szczeg\u00f3\u0142\u00f3w na temat czasu i okoliczno\u015bci, w jakich mo\u017cesz opu\u015bci\u0107 swoje cia\u0142o, zalecamy przeczytanie dodatkowego rozdzia\u0142u 8, kt\u00f3ry o tym m\u00f3wi.  <\/p>\n              <\/div>\n                      <\/div>\n        <\/div>\n      <\/div>\n          <\/section>\n          <section class=\"accordion-container position-relative\" data-aos=\"fade-up\" data-aos-duration=\"1000\" id=\"o \u015brodkach zaradczych\">\n      <div class=\"container-xl\">\n        <div class=\"row\">\n          <h3>Informacje o \u015brodkach zaradczych<\/h3>\n          <div class=\"accr-wrap\">\n                          <div class=\"head\">Jakie s\u0105 \u015brodki zaradcze?<\/div>\n              <div class=\"content\">\n                <p>G\u0142\u00f3wnym celem li\u015bci palmowych jest oferowanie wskaz\u00f3wek poszukuj\u0105cemu, daj\u0105c szersz\u0105 perspektyw\u0119 na jego \u017cycie i oferuj\u0105c narz\u0119dzia do poprawy do\u015bwiadczenia na \u015bcie\u017cce \u017cycia, w postaci \u015brodk\u00f3w zaradczych. Riszi mogli zobaczy\u0107, jaki rodzaj karmy b\u0119dzie nosi\u0107 dana osoba, co stworzy prawdopodobne przeszkody w jej \u017cyciu. Wiedzieli r\u00f3wnie\u017c, jakie narz\u0119dzia by\u0142yby pomocne w przekszta\u0142caniu tej karmy lub chronieniu osoby poszukuj\u0105cej przed jej najbardziej szkodliwymi skutkami. G\u0142\u00f3wnie rozdzia\u0142y 13 + 14 m\u00f3wi\u0105 o starej karmie i oferuj\u0105 rozwi\u0105zania w postaci \u015brodk\u00f3w zaradczych. Te \u015brodki zaradcze mog\u0105 by\u0107 prostymi dzia\u0142aniami, takimi jak przekazywanie pieni\u0119dzy na okre\u015blony cel, karmienie zwierz\u0105t, dawanie ubra\u0144 biednej osobie lub pielgrzymki do \u015bwi\u0119tych miejsc lub okre\u015blone praktyki lub rytua\u0142y.    <\/p>\n              <\/div>\n                          <div class=\"head\">  Czym jest karma?<\/div>\n              <div class=\"content\">\n                <p>S\u0142owo &#8222;karma&#8221; t\u0142umaczy si\u0119 jako &#8222;dzia\u0142anie&#8221;. Ka\u017cde dzia\u0142anie cia\u0142a, mowy i umys\u0142u, kt\u00f3re kiedykolwiek pope\u0142nili\u015bmy, ma energetyczny wp\u0142yw na wszech\u015bwiat, a tak\u017ce na nasze w\u0142asne pole energetyczne. Nasze pole energetyczne zasadniczo sk\u0142ada si\u0119 z bardzo z\u0142o\u017conej kombinacji wszystkich naszych poprzednich dzia\u0142a\u0144 w niezliczonych wcieleniach. Zgodnie z wielowymiarow\u0105 cz\u0119stotliwo\u015bci\u0105 naszego pola energetycznego, przyci\u0105gamy pewne do\u015bwiadczenia w naszym \u017cyciu.   <\/p>\n              <\/div>\n                          <div class=\"head\">Jak dzia\u0142aj\u0105 \u015brodki zaradcze?<\/div>\n              <div class=\"content\">\n                <p>Wszystko we wszech\u015bwiecie sk\u0142ada si\u0119 z energii. Jeste\u015bmy z\u0142o\u017conym polem energetycznym i w oparciu o jego cz\u0119stotliwo\u015bci przyci\u0105gamy okre\u015blone do\u015bwiadczenia. Riszi mogli zobaczy\u0107 i przewidzie\u0107, kt\u00f3re z naszych przesz\u0142ych dzia\u0142a\u0144 stworzy\u0142y okre\u015blone cz\u0119stotliwo\u015bci i jaki b\u0119dzie ich prawdopodobny rezultat. Widzieli r\u00f3wnie\u017c i przewidywali, jaki rodzaj dzia\u0142ania lub praktyki duchowej wywo\u0142a bardzo specyficzn\u0105 energi\u0119, kt\u00f3ra przekszta\u0142ci lub zr\u00f3wnowa\u017cy t\u0119 szkodliw\u0105 cz\u0119stotliwo\u015b\u0107. Dlatego \u015brodki zaradcze s\u0105 bardzo specyficznymi lekami energetycznymi, kt\u00f3re przekszta\u0142caj\u0105 i r\u00f3wnowa\u017c\u0105 nasz\u0105 karm\u0119.    <\/p>\n              <\/div>\n                          <div class=\"head\">Czym jest mantra?<\/div>\n              <div class=\"content\">\n                <p>Mantra to wibracja d\u017awi\u0119kowa w j\u0119zyku sanskryckim, kt\u00f3ra przywo\u0142uje i niesie ze sob\u0105 okre\u015blon\u0105 cz\u0119stotliwo\u015b\u0107 i energi\u0119. Intonuj\u0105c mantr\u0119 na g\u0142os lub wewn\u0119trznie, mo\u017cemy przywo\u0142ywa\u0107 r\u00f3\u017cne energie o okre\u015blonych wibracjach. <\/p>\n              <\/div>\n                          <div class=\"head\">Czym jest yantra?<\/div>\n              <div class=\"content\">\n                <p>Podobnie jak mantra jest energi\u0105 w formie d\u017awi\u0119ku, jantra jest energi\u0105 w formie struktury geometrycznej. Jest to energetyczna cz\u0119stotliwo\u015b\u0107, kt\u00f3ra mo\u017ce by\u0107 widoczna zar\u00f3wno w 2D, jak i 3D. <\/p>\n              <\/div>\n                          <div class=\"head\">Czym jest pooja?<\/div>\n              <div class=\"content\">\n                <p>Pooja to ceremonia, kt\u00f3ra cz\u0119sto odbywa si\u0119 dla konkretnego hinduskiego b\u00f3stwa. B\u00f3stwa s\u0105 w zasadzie personifikacjami okre\u015blonych energii. Kiedy pooja odbywa si\u0119 dla konkretnego boga lub bogini, ta konkretna cz\u0119stotliwo\u015b\u0107 jest przywo\u0142ywana w \u017cyciu osoby, dla kt\u00f3rej odbywa si\u0119 pooja.  <\/p>\n              <\/div>\n                          <div class=\"head\">Czym jest homa?<\/div>\n              <div class=\"content\">\n                <p>Homa to bardziej z\u0142o\u017cona i pot\u0119\u017cna pooja w formie ceremonii ognia, maj\u0105ca na celu uhonorowanie i przywo\u0142anie r\u00f3\u017cnych b\u00f3stw oraz zaproszenie ich b\u0142ogos\u0142awie\u0144stw do \u017cycia osoby, dla kt\u00f3rej odbywa si\u0119 homa.<\/p>\n              <\/div>\n                          <div class=\"head\">Czym jest japa?<\/div>\n              <div class=\"content\">\n                <p>Praktyka japa to sadhana (praktyka duchowa) polegaj\u0105ca na ci\u0105g\u0142ym intonowaniu okre\u015blonej mantry, na przyk\u0142ad &#8222;Om Namah Shivaya&#8221;. Codzienna praktyka japa pomaga oczy\u015bci\u0107 i skupi\u0107 umys\u0142. Mo\u017cna j\u0105 r\u00f3wnie\u017c wykonywa\u0107 dla kogo\u015b innego, aby pob\u0142ogos\u0142awi\u0107 t\u0119 osob\u0119 okre\u015blon\u0105 energi\u0105.  <\/p>\n              <\/div>\n                      <\/div>\n        <\/div>\n      <\/div>\n                        <div class=\"parallax-item-4 parallax-item\" data-speed=\".08\"><img decoding=\"async\" src=\"https:\/\/mypalmleaf.com\/wp-content\/uploads\/2024\/09\/parallax-item-4.png\" class=\"img-fluid\" alt=\"\"><\/div>\n                  <\/section>\n      <\/div>\n\n\n<section class=\"find-your-palm-leaf-block\" data-aos=\"fade-up\" data-aos-duration=\"1000\">\n  <div class=\"container-fluid px-0\">\n    <div class=\"row g-0\">\n      <div class=\"col\">\n        <div class=\"find-your-leaf-bg\">\n          <picture>\n            <source media=\"(max-width: 999px)\" srcset=\"https:\/\/mypalmleaf.com\/wp-content\/uploads\/2024\/08\/Find-your-Palm-Leaf-mob.webp\" \/>\n            <source media=\"(min-width: 1000px)\" srcset=\"https:\/\/mypalmleaf.com\/wp-content\/uploads\/2024\/08\/Find-your-Palm-Leaf.webp\" \/>\n            <img decoding=\"async\" src=\"https:\/\/mypalmleaf.com\/wp-content\/uploads\/2024\/08\/Find-your-Palm-Leaf.webp\" class=\"img-fluid\" alt=\"\" \/>\n          <\/picture>\n        <\/div>\n      <\/div>\n    <\/div>\n    <div class=\"content\">\n      <div class=\"container-xl\" data-aos=\"fade-up\" data-aos-duration=\"1000\">\n        <div class=\"row py-4\">\n          <div class=\"col-lg-8 mx-auto\">\n            <h2 class=\"mb-2\">Znajd\u017a sw\u00f3j li\u015b\u0107 palmowy<\/h2>\n            <ul>\n<li>Wszystko, czego potrzebujesz, aby rozpocz\u0105\u0107 wyszukiwanie swojego li\u015bcia palmowego, to odcisk kciuka.<\/li>\n<li>Je\u015bli potrzebujesz t\u0142umaczenia na inny j\u0119zyk, mo\u017cemy to dla Ciebie zrobi\u0107.<\/li>\n<li>Je\u015bli nie uda nam si\u0119 znale\u017a\u0107 li\u015bcia palmowego w ci\u0105gu 3 odpowiednich termin\u00f3w, zwr\u00f3cimy pe\u0142n\u0105 kwot\u0119.<\/li>\n<\/ul>\n          <\/div>\n        <\/div>\n        <div class=\"row mt-4\">\n          <div class=\"col text-center\">\n            <a href=\"\/pl\/prices\/find-your-palm-leaf-and-read-the-general-chapter\/\" class=\"btn btn-primary\">Znajd\u017a m\u00f3j li\u015b\u0107<\/a>\n          <\/div>\n        <\/div>\n      <\/div>\n    <\/div>\n  <\/div>\n<\/section>","protected":false},"excerpt":{"rendered":"","protected":false},"author":1,"featured_media":0,"parent":0,"menu_order":0,"comment_status":"closed","ping_status":"closed","template":"","meta":{"_acf_changed":false,"footnotes":""},"class_list":["post-29936","page","type-page","status-publish","hentry"],"acf":[],"yoast_head":"<!-- This site is optimized with the Yoast SEO plugin v26.4 - https:\/\/yoast.com\/wordpress\/plugins\/seo\/ -->\n<title>FAQ - My Palm Leaf<\/title>\n<meta name=\"robots\" content=\"index, follow, max-snippet:-1, max-image-preview:large, max-video-preview:-1\" \/>\n<link rel=\"canonical\" href=\"https:\/\/mypalmleaf.com\/pl\/faq\/\" \/>\n<meta property=\"og:locale\" content=\"pl_PL\" \/>\n<meta property=\"og:type\" content=\"article\" \/>\n<meta property=\"og:title\" content=\"FAQ - My Palm Leaf\" \/>\n<meta property=\"og:url\" content=\"https:\/\/mypalmleaf.com\/pl\/faq\/\" \/>\n<meta property=\"og:site_name\" content=\"My Palm Leaf\" \/>\n<meta property=\"article:modified_time\" content=\"2025-07-11T09:44:19+00:00\" \/>\n<meta property=\"og:image\" content=\"https:\/\/mypalmleaf.com\/wp-content\/uploads\/2025\/08\/mpl-circle-logo.jpg\" \/>\n\t<meta property=\"og:image:width\" content=\"1200\" \/>\n\t<meta property=\"og:image:height\" content=\"1196\" \/>\n\t<meta property=\"og:image:type\" content=\"image\/jpeg\" \/>\n<meta name=\"twitter:card\" content=\"summary_large_image\" \/>\n<script type=\"application\/ld+json\" class=\"yoast-schema-graph\">{\"@context\":\"https:\/\/schema.org\",\"@graph\":[{\"@type\":\"WebPage\",\"@id\":\"https:\/\/mypalmleaf.com\/pl\/faq\/\",\"url\":\"https:\/\/mypalmleaf.com\/pl\/faq\/\",\"name\":\"FAQ - My Palm Leaf\",\"isPartOf\":{\"@id\":\"https:\/\/mypalmleaf.com\/#website\"},\"datePublished\":\"2024-08-14T07:24:30+00:00\",\"dateModified\":\"2025-07-11T09:44:19+00:00\",\"breadcrumb\":{\"@id\":\"https:\/\/mypalmleaf.com\/pl\/faq\/#breadcrumb\"},\"inLanguage\":\"pl-PL\",\"potentialAction\":[{\"@type\":\"ReadAction\",\"target\":[\"https:\/\/mypalmleaf.com\/pl\/faq\/\"]}]},{\"@type\":\"BreadcrumbList\",\"@id\":\"https:\/\/mypalmleaf.com\/pl\/faq\/#breadcrumb\",\"itemListElement\":[{\"@type\":\"ListItem\",\"position\":1,\"name\":\"Home\",\"item\":\"https:\/\/mypalmleaf.com\/pl\/\"},{\"@type\":\"ListItem\",\"position\":2,\"name\":\"FAQ\"}]},{\"@type\":\"WebSite\",\"@id\":\"https:\/\/mypalmleaf.com\/#website\",\"url\":\"https:\/\/mypalmleaf.com\/\",\"name\":\"My Palm Leaf\",\"description\":\"\",\"potentialAction\":[{\"@type\":\"SearchAction\",\"target\":{\"@type\":\"EntryPoint\",\"urlTemplate\":\"https:\/\/mypalmleaf.com\/?s={search_term_string}\"},\"query-input\":{\"@type\":\"PropertyValueSpecification\",\"valueRequired\":true,\"valueName\":\"search_term_string\"}}],\"inLanguage\":\"pl-PL\"}]}<\/script>\n<!-- \/ Yoast SEO plugin. -->","yoast_head_json":{"title":"FAQ - My Palm Leaf","robots":{"index":"index","follow":"follow","max-snippet":"max-snippet:-1","max-image-preview":"max-image-preview:large","max-video-preview":"max-video-preview:-1"},"canonical":"https:\/\/mypalmleaf.com\/pl\/faq\/","og_locale":"pl_PL","og_type":"article","og_title":"FAQ - My Palm Leaf","og_url":"https:\/\/mypalmleaf.com\/pl\/faq\/","og_site_name":"My Palm Leaf","article_modified_time":"2025-07-11T09:44:19+00:00","og_image":[{"width":1200,"height":1196,"url":"https:\/\/mypalmleaf.com\/wp-content\/uploads\/2025\/08\/mpl-circle-logo.jpg","type":"image\/jpeg"}],"twitter_card":"summary_large_image","schema":{"@context":"https:\/\/schema.org","@graph":[{"@type":"WebPage","@id":"https:\/\/mypalmleaf.com\/pl\/faq\/","url":"https:\/\/mypalmleaf.com\/pl\/faq\/","name":"FAQ - My Palm Leaf","isPartOf":{"@id":"https:\/\/mypalmleaf.com\/#website"},"datePublished":"2024-08-14T07:24:30+00:00","dateModified":"2025-07-11T09:44:19+00:00","breadcrumb":{"@id":"https:\/\/mypalmleaf.com\/pl\/faq\/#breadcrumb"},"inLanguage":"pl-PL","potentialAction":[{"@type":"ReadAction","target":["https:\/\/mypalmleaf.com\/pl\/faq\/"]}]},{"@type":"BreadcrumbList","@id":"https:\/\/mypalmleaf.com\/pl\/faq\/#breadcrumb","itemListElement":[{"@type":"ListItem","position":1,"name":"Home","item":"https:\/\/mypalmleaf.com\/pl\/"},{"@type":"ListItem","position":2,"name":"FAQ"}]},{"@type":"WebSite","@id":"https:\/\/mypalmleaf.com\/#website","url":"https:\/\/mypalmleaf.com\/","name":"My Palm Leaf","description":"","potentialAction":[{"@type":"SearchAction","target":{"@type":"EntryPoint","urlTemplate":"https:\/\/mypalmleaf.com\/?s={search_term_string}"},"query-input":{"@type":"PropertyValueSpecification","valueRequired":true,"valueName":"search_term_string"}}],"inLanguage":"pl-PL"}]}},"_links":{"self":[{"href":"https:\/\/mypalmleaf.com\/pl\/wp-json\/wp\/v2\/pages\/29936","targetHints":{"allow":["GET"]}}],"collection":[{"href":"https:\/\/mypalmleaf.com\/pl\/wp-json\/wp\/v2\/pages"}],"about":[{"href":"https:\/\/mypalmleaf.com\/pl\/wp-json\/wp\/v2\/types\/page"}],"author":[{"embeddable":true,"href":"https:\/\/mypalmleaf.com\/pl\/wp-json\/wp\/v2\/users\/1"}],"replies":[{"embeddable":true,"href":"https:\/\/mypalmleaf.com\/pl\/wp-json\/wp\/v2\/comments?post=29936"}],"version-history":[{"count":0,"href":"https:\/\/mypalmleaf.com\/pl\/wp-json\/wp\/v2\/pages\/29936\/revisions"}],"wp:attachment":[{"href":"https:\/\/mypalmleaf.com\/pl\/wp-json\/wp\/v2\/media?parent=29936"}],"curies":[{"name":"wp","href":"https:\/\/api.w.org\/{rel}","templated":true}]}}