
{"id":29938,"date":"2024-08-14T18:58:17","date_gmt":"2024-08-14T18:58:17","guid":{"rendered":"https:\/\/mypalmleaf.com\/tekst\/"},"modified":"2025-04-17T06:42:08","modified_gmt":"2025-04-17T06:42:08","slug":"tekst","status":"publish","type":"page","link":"https:\/\/mypalmleaf.com\/pl\/tekst\/","title":{"rendered":"Tekst"},"content":{"rendered":"\n<section class=\"testimonial-block my-6 pt-5 pt-md-0 mb-4 mt-xs-4\">\n  <div class=\"container-xl\">\n    <div class=\"row\">\n      <div class=\"col text-center\">\n        <h1 class=\"py-4\">Referencje<\/h1>\n      <\/div>\n    <\/div>\n    <div class=\"row\">\n      <div class=\"col text-center\">\n        <div class=\"tetimonial-tabs\">\n          <ul>\n            <li>\n              <ul>\n                                                  <li><a href=\"https:\/\/mypalmleaf.com\/pl\/wideo\/\" class=\"\">Wideo<\/a><\/li>\n                                                    <li><a href=\"javascript:;\" class=\"active\">Tekst<\/a><\/li>\n                                                <\/ul>\n            <\/li>\n          <\/ul>\n        <\/div>\n      <\/div>\n    <\/div>\n    <div class=\"row\">\n              <div class=\"col-lg-6 slider-wrap inner my-5\">\n          <div class=\"slides\">\n            <div class=\"wrap\">\n              <div class=\"user-img\"><img decoding=\"async\" src=\"https:\/\/mypalmleaf.com\/wp-content\/uploads\/2024\/10\/testimonials_crystal.jpg\" class=\"img-fluid rounded-circle\" alt=\"\"><\/div>\n              <div class=\"text\">\n                <p>\u201cCzytanie li\u015bci palmowych by\u0142o pouczaj\u0105ce i inspiruj\u0105ce. Od pocz\u0105tku towarzyszy\u0142o mi wiele emocji zwi\u0105zanych z lektur\u0105 \u2013 zdenerwowanie procesem przydzielania zada\u0144, podekscytowanie odkryciem mojej kartki i zachwyt nad tre\u015bci\u0105.\u201d<\/p>\n              <\/div>\n              <div class=\"name\">Crystal<\/div>\n            <\/div>\n          <\/div>\n        <\/div>\n              <div class=\"col-lg-6 slider-wrap inner my-5\">\n          <div class=\"slides\">\n            <div class=\"wrap\">\n              <div class=\"user-img\"><img decoding=\"async\" src=\"https:\/\/mypalmleaf.com\/wp-content\/uploads\/2024\/10\/testimonials_ricky.jpg\" class=\"img-fluid rounded-circle\" alt=\"\"><\/div>\n              <div class=\"text\">\n                <p>\u201cCzytanie z d\u0142oni by\u0142o cennym i po\u017cywnym darem dla mojej duszy. Spostrze\u017cenia i wskaz\u00f3wki riszich, a tak\u017ce \u015brodki zaradcze by\u0142y pi\u0119knym potwierdzeniem, \u017ce jestem na w\u0142a\u015bciwej \u015bcie\u017cce. Deszcz wiary i zaufania, kt\u00f3ry by\u0142 dla mnie wielkim wsparciem.<\/p>\n<p>Kilka tygodni po czytaniu z d\u0142oni czuj\u0119 b\u0142ogos\u0142awie\u0144stwo czytania, zwi\u0105zek z t\u0105 staro\u017cytn\u0105 tradycj\u0105 i widz\u0119, jak zachodz\u0105 pewne przemiany\u201d.<\/p>\n              <\/div>\n              <div class=\"name\">Ricky<\/div>\n            <\/div>\n          <\/div>\n        <\/div>\n              <div class=\"col-lg-6 slider-wrap inner my-5\">\n          <div class=\"slides\">\n            <div class=\"wrap\">\n              <div class=\"user-img\"><img decoding=\"async\" src=\"https:\/\/mypalmleaf.com\/wp-content\/uploads\/2024\/10\/testimonials_aimee.jpg\" class=\"img-fluid rounded-circle\" alt=\"\"><\/div>\n              <div class=\"text\">\n                <p>Znalezienie li\u015bcia palmowego by\u0142o bardziej szokuj\u0105ce i \u015bwi\u0119te, ni\u017c si\u0119 spodziewa\u0142em. Wszyscy zaanga\u017cowani byli naprawd\u0119 autentyczni i czu\u0142am si\u0119 zaszczycona, \u017ce \u200b\u200bmam ich wsparcie. Czytanie pomog\u0142o mi bardziej zaufa\u0107 i podda\u0107 si\u0119 mi\u0142o\u015bci. Utwierdzi\u0142o mnie to w tym, jak\u0105 karm\u0119 i jakie wyzwania musz\u0119 pokona\u0107 w swoim \u017cyciu, co ju\u017c pozwala mi na wi\u0119ksz\u0105 p\u0142ynno\u015b\u0107 i otwarto\u015b\u0107 w \u017cyciu.<\/p>\n              <\/div>\n              <div class=\"name\">Aimee<\/div>\n            <\/div>\n          <\/div>\n        <\/div>\n              <div class=\"col-lg-6 slider-wrap inner my-5\">\n          <div class=\"slides\">\n            <div class=\"wrap\">\n              <div class=\"user-img\"><img decoding=\"async\" src=\"https:\/\/mypalmleaf.com\/wp-content\/uploads\/2024\/10\/testimonials_jair.jpg\" class=\"img-fluid rounded-circle\" alt=\"\"><\/div>\n              <div class=\"text\">\n                <p>Moje do\u015bwiadczenie z czytaniem li\u015bci palmowych by\u0142o bardzo mocne. Kiedy po raz pierwszy o tym us\u0142ysza\u0142em, by\u0142em sceptyczny, ale p\u00f3\u017aniej, rozmawiaj\u0105c na Zoomie z braminem i t\u0142umaczem tamilskim, wyra\u017anie poczu\u0142em dok\u0142adno\u015b\u0107 otrzymywanych informacji i otworzy\u0142em si\u0119 na b\u0142ogos\u0142awie\u0144stwa riszich i \u015bwi\u0119to\u015b\u0107 za tym. Dzi\u0119kuj\u0119 bardzo za to otwieraj\u0105ce oczy do\u015bwiadczenie.<\/p>\n              <\/div>\n              <div class=\"name\">Jair<\/div>\n            <\/div>\n          <\/div>\n        <\/div>\n              <div class=\"col-lg-6 slider-wrap inner my-5\">\n          <div class=\"slides\">\n            <div class=\"wrap\">\n              <div class=\"user-img\"><img decoding=\"async\" src=\"https:\/\/mypalmleaf.com\/wp-content\/uploads\/2024\/10\/thomas.jpg\" class=\"img-fluid rounded-circle\" alt=\"\"><\/div>\n              <div class=\"text\">\n                <p>Jestem wi\u0119cej ni\u017c szcz\u0119\u015bliwy, \u017ce li\u015b\u0107 palmowy mnie odnalaz\u0142. Zawsze poci\u0105ga mnie g\u0142\u0119bsze wchodzenie w siebie na mojej \u015bcie\u017cce, a ten li\u015b\u0107 palmowy jest do tego niesamowitym narz\u0119dziem. Nie mog\u0119 si\u0119 doczeka\u0107, a\u017c za kilka dni zastosuj\u0119 te \u015brodki przed nadchodz\u0105c\u0105 pe\u0142ni\u0105 ksi\u0119\u017cyca.<\/p>\n<p>Dzi\u0119kuj\u0119 Stephanowi za koordynacj\u0119 i u\u0142atwienie wszystkim dost\u0119pu do li\u015bci palmowych. To wielki dar dla ludzko\u015bci.<\/p>\n              <\/div>\n              <div class=\"name\">Thomas<\/div>\n            <\/div>\n          <\/div>\n        <\/div>\n              <div class=\"col-lg-6 slider-wrap inner my-5\">\n          <div class=\"slides\">\n            <div class=\"wrap\">\n              <div class=\"user-img\"><img decoding=\"async\" src=\"https:\/\/mypalmleaf.com\/wp-content\/uploads\/2024\/10\/casey.jpg\" class=\"img-fluid rounded-circle\" alt=\"\"><\/div>\n              <div class=\"text\">\n                <p>Znalezienie li\u015bcia palmowego pomog\u0142o mi mie\u0107 wi\u0119cej wiary w \u017cycie i to, co si\u0119 dzieje. Zawsze by\u0142am osob\u0105, kt\u00f3ra zastanawia\u0142a si\u0119, czy pod\u0105\u017cam w\u0142a\u015bciw\u0105 \u015bcie\u017ck\u0105, co pod wieloma wzgl\u0119dami powstrzymywa\u0142o mnie przed dalszym rozwojem. Wskaz\u00f3wki, kt\u00f3re otrzyma\u0142em od riszich, da\u0142y mi poczucie \u201epozwolenia\u201d na \u017cycie \u015bcie\u017ck\u0105 \u017cycia, do kt\u00f3rej zawsze czu\u0142em si\u0119 powo\u0142any, oraz nabra\u0142em wi\u0119kszej pewno\u015bci w swoim procesie i sposobie, w jaki sprawy si\u0119 rozwijaj\u0105. Otrzymanie b\u0142ogos\u0142awie\u0144stw riszich by\u0142o wielkim darem.<\/p>\n              <\/div>\n              <div class=\"name\">Casey<\/div>\n            <\/div>\n          <\/div>\n        <\/div>\n          <\/div>\n        <\/div>\n  <\/div>\n      <div class=\"parallax-item-5 parallax-item\" data-speed=\"parallax-item-7\"><img decoding=\"async\" src=\"https:\/\/mypalmleaf.com\/wp-content\/uploads\/2024\/08\/parallax-item-5-2.png\" class=\"img-fluid\" alt=\"\"><\/div>\n  <\/section>","protected":false},"excerpt":{"rendered":"","protected":false},"author":1,"featured_media":0,"parent":0,"menu_order":0,"comment_status":"closed","ping_status":"closed","template":"","meta":{"_acf_changed":false,"footnotes":""},"class_list":["post-29938","page","type-page","status-publish","hentry"],"acf":[],"yoast_head":"<!-- This site is optimized with the Yoast SEO plugin v26.4 - https:\/\/yoast.com\/wordpress\/plugins\/seo\/ -->\n<title>Tekst - My Palm Leaf<\/title>\n<meta name=\"description\" content=\"Odkryj duchow\u0105 m\u0105dro\u015b\u0107 z odczyt\u00f3w li\u015bci palmowych \u2013 transformuj\u0105ce przes\u0142ania i g\u0142\u0119bokie wgl\u0105dy pomog\u0105 Ci na \u017cyciowej \u015bcie\u017cce. Skontaktuj si\u0119 ju\u017c dzi\u015b.\" \/>\n<meta name=\"robots\" content=\"index, follow, max-snippet:-1, max-image-preview:large, max-video-preview:-1\" \/>\n<link rel=\"canonical\" href=\"https:\/\/mypalmleaf.com\/pl\/tekst\/\" \/>\n<meta property=\"og:locale\" content=\"pl_PL\" \/>\n<meta property=\"og:type\" content=\"article\" \/>\n<meta property=\"og:title\" content=\"Tekst - My Palm Leaf\" \/>\n<meta property=\"og:description\" content=\"Odkryj duchow\u0105 m\u0105dro\u015b\u0107 z odczyt\u00f3w li\u015bci palmowych \u2013 transformuj\u0105ce przes\u0142ania i g\u0142\u0119bokie wgl\u0105dy pomog\u0105 Ci na \u017cyciowej \u015bcie\u017cce. Skontaktuj si\u0119 ju\u017c dzi\u015b.\" \/>\n<meta property=\"og:url\" content=\"https:\/\/mypalmleaf.com\/pl\/tekst\/\" \/>\n<meta property=\"og:site_name\" content=\"My Palm Leaf\" \/>\n<meta property=\"article:modified_time\" content=\"2025-04-17T06:42:08+00:00\" \/>\n<meta property=\"og:image\" content=\"https:\/\/mypalmleaf.com\/wp-content\/uploads\/2025\/08\/mpl-circle-logo.jpg\" \/>\n\t<meta property=\"og:image:width\" content=\"1200\" \/>\n\t<meta property=\"og:image:height\" content=\"1196\" \/>\n\t<meta property=\"og:image:type\" content=\"image\/jpeg\" \/>\n<meta name=\"twitter:card\" content=\"summary_large_image\" \/>\n<script type=\"application\/ld+json\" class=\"yoast-schema-graph\">{\"@context\":\"https:\/\/schema.org\",\"@graph\":[{\"@type\":\"WebPage\",\"@id\":\"https:\/\/mypalmleaf.com\/pl\/tekst\/\",\"url\":\"https:\/\/mypalmleaf.com\/pl\/tekst\/\",\"name\":\"Tekst - My Palm Leaf\",\"isPartOf\":{\"@id\":\"https:\/\/mypalmleaf.com\/#website\"},\"datePublished\":\"2024-08-14T18:58:17+00:00\",\"dateModified\":\"2025-04-17T06:42:08+00:00\",\"description\":\"Odkryj duchow\u0105 m\u0105dro\u015b\u0107 z odczyt\u00f3w li\u015bci palmowych \u2013 transformuj\u0105ce przes\u0142ania i g\u0142\u0119bokie wgl\u0105dy pomog\u0105 Ci na \u017cyciowej \u015bcie\u017cce. Skontaktuj si\u0119 ju\u017c dzi\u015b.\",\"breadcrumb\":{\"@id\":\"https:\/\/mypalmleaf.com\/pl\/tekst\/#breadcrumb\"},\"inLanguage\":\"pl-PL\",\"potentialAction\":[{\"@type\":\"ReadAction\",\"target\":[\"https:\/\/mypalmleaf.com\/pl\/tekst\/\"]}]},{\"@type\":\"BreadcrumbList\",\"@id\":\"https:\/\/mypalmleaf.com\/pl\/tekst\/#breadcrumb\",\"itemListElement\":[{\"@type\":\"ListItem\",\"position\":1,\"name\":\"Home\",\"item\":\"https:\/\/mypalmleaf.com\/pl\/\"},{\"@type\":\"ListItem\",\"position\":2,\"name\":\"Tekst\"}]},{\"@type\":\"WebSite\",\"@id\":\"https:\/\/mypalmleaf.com\/#website\",\"url\":\"https:\/\/mypalmleaf.com\/\",\"name\":\"My Palm Leaf\",\"description\":\"\",\"potentialAction\":[{\"@type\":\"SearchAction\",\"target\":{\"@type\":\"EntryPoint\",\"urlTemplate\":\"https:\/\/mypalmleaf.com\/?s={search_term_string}\"},\"query-input\":{\"@type\":\"PropertyValueSpecification\",\"valueRequired\":true,\"valueName\":\"search_term_string\"}}],\"inLanguage\":\"pl-PL\"}]}<\/script>\n<!-- \/ Yoast SEO plugin. -->","yoast_head_json":{"title":"Tekst - My Palm Leaf","description":"Odkryj duchow\u0105 m\u0105dro\u015b\u0107 z odczyt\u00f3w li\u015bci palmowych \u2013 transformuj\u0105ce przes\u0142ania i g\u0142\u0119bokie wgl\u0105dy pomog\u0105 Ci na \u017cyciowej \u015bcie\u017cce. Skontaktuj si\u0119 ju\u017c dzi\u015b.","robots":{"index":"index","follow":"follow","max-snippet":"max-snippet:-1","max-image-preview":"max-image-preview:large","max-video-preview":"max-video-preview:-1"},"canonical":"https:\/\/mypalmleaf.com\/pl\/tekst\/","og_locale":"pl_PL","og_type":"article","og_title":"Tekst - My Palm Leaf","og_description":"Odkryj duchow\u0105 m\u0105dro\u015b\u0107 z odczyt\u00f3w li\u015bci palmowych \u2013 transformuj\u0105ce przes\u0142ania i g\u0142\u0119bokie wgl\u0105dy pomog\u0105 Ci na \u017cyciowej \u015bcie\u017cce. Skontaktuj si\u0119 ju\u017c dzi\u015b.","og_url":"https:\/\/mypalmleaf.com\/pl\/tekst\/","og_site_name":"My Palm Leaf","article_modified_time":"2025-04-17T06:42:08+00:00","og_image":[{"width":1200,"height":1196,"url":"https:\/\/mypalmleaf.com\/wp-content\/uploads\/2025\/08\/mpl-circle-logo.jpg","type":"image\/jpeg"}],"twitter_card":"summary_large_image","schema":{"@context":"https:\/\/schema.org","@graph":[{"@type":"WebPage","@id":"https:\/\/mypalmleaf.com\/pl\/tekst\/","url":"https:\/\/mypalmleaf.com\/pl\/tekst\/","name":"Tekst - My Palm Leaf","isPartOf":{"@id":"https:\/\/mypalmleaf.com\/#website"},"datePublished":"2024-08-14T18:58:17+00:00","dateModified":"2025-04-17T06:42:08+00:00","description":"Odkryj duchow\u0105 m\u0105dro\u015b\u0107 z odczyt\u00f3w li\u015bci palmowych \u2013 transformuj\u0105ce przes\u0142ania i g\u0142\u0119bokie wgl\u0105dy pomog\u0105 Ci na \u017cyciowej \u015bcie\u017cce. Skontaktuj si\u0119 ju\u017c dzi\u015b.","breadcrumb":{"@id":"https:\/\/mypalmleaf.com\/pl\/tekst\/#breadcrumb"},"inLanguage":"pl-PL","potentialAction":[{"@type":"ReadAction","target":["https:\/\/mypalmleaf.com\/pl\/tekst\/"]}]},{"@type":"BreadcrumbList","@id":"https:\/\/mypalmleaf.com\/pl\/tekst\/#breadcrumb","itemListElement":[{"@type":"ListItem","position":1,"name":"Home","item":"https:\/\/mypalmleaf.com\/pl\/"},{"@type":"ListItem","position":2,"name":"Tekst"}]},{"@type":"WebSite","@id":"https:\/\/mypalmleaf.com\/#website","url":"https:\/\/mypalmleaf.com\/","name":"My Palm Leaf","description":"","potentialAction":[{"@type":"SearchAction","target":{"@type":"EntryPoint","urlTemplate":"https:\/\/mypalmleaf.com\/?s={search_term_string}"},"query-input":{"@type":"PropertyValueSpecification","valueRequired":true,"valueName":"search_term_string"}}],"inLanguage":"pl-PL"}]}},"_links":{"self":[{"href":"https:\/\/mypalmleaf.com\/pl\/wp-json\/wp\/v2\/pages\/29938","targetHints":{"allow":["GET"]}}],"collection":[{"href":"https:\/\/mypalmleaf.com\/pl\/wp-json\/wp\/v2\/pages"}],"about":[{"href":"https:\/\/mypalmleaf.com\/pl\/wp-json\/wp\/v2\/types\/page"}],"author":[{"embeddable":true,"href":"https:\/\/mypalmleaf.com\/pl\/wp-json\/wp\/v2\/users\/1"}],"replies":[{"embeddable":true,"href":"https:\/\/mypalmleaf.com\/pl\/wp-json\/wp\/v2\/comments?post=29938"}],"version-history":[{"count":0,"href":"https:\/\/mypalmleaf.com\/pl\/wp-json\/wp\/v2\/pages\/29938\/revisions"}],"wp:attachment":[{"href":"https:\/\/mypalmleaf.com\/pl\/wp-json\/wp\/v2\/media?parent=29938"}],"curies":[{"name":"wp","href":"https:\/\/api.w.org\/{rel}","templated":true}]}}