
{"id":29940,"date":"2024-08-15T01:35:58","date_gmt":"2024-08-15T01:35:58","guid":{"rendered":"https:\/\/mypalmleaf.com\/wideo\/"},"modified":"2025-04-29T07:47:14","modified_gmt":"2025-04-29T07:47:14","slug":"wideo","status":"publish","type":"page","link":"https:\/\/mypalmleaf.com\/pl\/wideo\/","title":{"rendered":"Wideo"},"content":{"rendered":"\n<section class=\"testimonial-block my-6 pt-5 pt-md-0 mb-4 mt-xs-4\">\n  <div class=\"container-xl\">\n    <div class=\"row\">\n      <div class=\"col text-center\">\n        <h1 class=\"py-4\">Referencje<\/h1>\n      <\/div>\n    <\/div>\n    <div class=\"row\">\n      <div class=\"col text-center\">\n        <div class=\"tetimonial-tabs\">\n          <ul>\n            <li>\n              <ul>\n                                                  <li><a href=\"javascript:;\" class=\"active\">Wideo<\/a><\/li>\n                                                    <li><a href=\"https:\/\/mypalmleaf.com\/pl\/tekst\/\" class=\"\">Tekst<\/a><\/li>\n                                                <\/ul>\n            <\/li>\n          <\/ul>\n        <\/div>\n      <\/div>\n    <\/div>\n    <div class=\"row\">\n              <div class=\"col-lg-6 slider-wrap inner\">\n          <div class=\"slides video-thumb\">\n            <div class=\"wrap\">\n              <div class=\"thumb-wrap\"><img decoding=\"async\" src=\"https:\/\/mypalmleaf.com\/wp-content\/uploads\/2024\/10\/85dwae7lWHw.jpg\" class=\"img-fluid\" alt=\"\">\n                <div class=\"play-icon\"><\/div>\n              <\/div>\n              <div class=\"title\">Do\u015bwiadczenie Ewy w czytaniu li\u015bci palmowych z Mypalmleaf | Czytanie li\u015bci palmowych indyjskich 1<\/div>\n              <a href=\"https:\/\/www.youtube.com\/watch?v=85dwae7lWHw\" class=\"stretched-link\" data-lity><\/a>\n            <\/div>\n          <\/div>\n        <\/div>\n              <div class=\"col-lg-6 slider-wrap inner\">\n          <div class=\"slides video-thumb\">\n            <div class=\"wrap\">\n              <div class=\"thumb-wrap\"><img decoding=\"async\" src=\"https:\/\/mypalmleaf.com\/wp-content\/uploads\/2024\/10\/F6M0XwXuehU.jpg\" class=\"img-fluid\" alt=\"\">\n                <div class=\"play-icon\"><\/div>\n              <\/div>\n              <div class=\"title\">Do\u015bwiadczenie Cliftona w czytaniu li\u015bci palmowych z Mypalmleaf | Czytanie li\u015bci palmowych w Indiach<\/div>\n              <a href=\"https:\/\/www.youtube.com\/watch?v=F6M0XwXuehU\" class=\"stretched-link\" data-lity><\/a>\n            <\/div>\n          <\/div>\n        <\/div>\n              <div class=\"col-lg-6 slider-wrap inner\">\n          <div class=\"slides video-thumb\">\n            <div class=\"wrap\">\n              <div class=\"thumb-wrap\"><img decoding=\"async\" src=\"https:\/\/mypalmleaf.com\/wp-content\/uploads\/2024\/10\/4Hg9167TvUc.jpg\" class=\"img-fluid\" alt=\"\">\n                <div class=\"play-icon\"><\/div>\n              <\/div>\n              <div class=\"title\">Do\u015bwiadczenie Alicii w czytaniu li\u015bci palmowych z Mypalmleaf<\/div>\n              <a href=\"https:\/\/www.youtube.com\/watch?v=4Hg9167TvUc\" class=\"stretched-link\" data-lity><\/a>\n            <\/div>\n          <\/div>\n        <\/div>\n              <div class=\"col-lg-6 slider-wrap inner\">\n          <div class=\"slides video-thumb\">\n            <div class=\"wrap\">\n              <div class=\"thumb-wrap\"><img decoding=\"async\" src=\"https:\/\/mypalmleaf.com\/wp-content\/uploads\/2024\/10\/6nXjvCi-osg.jpg\" class=\"img-fluid\" alt=\"\">\n                <div class=\"play-icon\"><\/div>\n              <\/div>\n              <div class=\"title\">Jak mog\u0105 wygl\u0105da\u0107 efekty \u015brodk\u00f3w z li\u015bci palmowych<\/div>\n              <a href=\"https:\/\/www.youtube.com\/watch?v=6nXjvCi-osg\" class=\"stretched-link\" data-lity><\/a>\n            <\/div>\n          <\/div>\n        <\/div>\n              <div class=\"col-lg-6 slider-wrap inner\">\n          <div class=\"slides video-thumb\">\n            <div class=\"wrap\">\n              <div class=\"thumb-wrap\"><img decoding=\"async\" src=\"https:\/\/mypalmleaf.com\/wp-content\/uploads\/2024\/10\/8S-aW2KGA84.jpg\" class=\"img-fluid\" alt=\"\">\n                <div class=\"play-icon\"><\/div>\n              <\/div>\n              <div class=\"title\">Czytanie z li\u015bci palmowych z kryszta\u0142\u00f3w za pomoc\u0105 Mypalmleaf<\/div>\n              <a href=\"https:\/\/www.youtube.com\/watch?v=8S-aW2KGA84\" class=\"stretched-link\" data-lity><\/a>\n            <\/div>\n          <\/div>\n        <\/div>\n              <div class=\"col-lg-6 slider-wrap inner\">\n          <div class=\"slides video-thumb\">\n            <div class=\"wrap\">\n              <div class=\"thumb-wrap\"><img decoding=\"async\" src=\"https:\/\/mypalmleaf.com\/wp-content\/uploads\/2024\/10\/KGx3MOt7TuE.jpg\" class=\"img-fluid\" alt=\"\">\n                <div class=\"play-icon\"><\/div>\n              <\/div>\n              <div class=\"title\">Czytanie li\u015bci palmowych Lindy za pomoc\u0105 MyPalmleaf #2<\/div>\n              <a href=\"https:\/\/www.youtube.com\/watch?v=Er7J9NSGfEM\" class=\"stretched-link\" data-lity><\/a>\n            <\/div>\n          <\/div>\n        <\/div>\n              <div class=\"col-lg-6 slider-wrap inner\">\n          <div class=\"slides video-thumb\">\n            <div class=\"wrap\">\n              <div class=\"thumb-wrap\"><img decoding=\"async\" src=\"https:\/\/mypalmleaf.com\/wp-content\/uploads\/2024\/10\/Er7J9NSGfEM.jpg\" class=\"img-fluid\" alt=\"\">\n                <div class=\"play-icon\"><\/div>\n              <\/div>\n              <div class=\"title\">Czytanie li\u015bci palmowych Lindy za pomoc\u0105 MyPalmleaf #1<\/div>\n              <a href=\"https:\/\/www.youtube.com\/watch?v=KGx3MOt7TuE\" class=\"stretched-link\" data-lity><\/a>\n            <\/div>\n          <\/div>\n        <\/div>\n              <div class=\"col-lg-6 slider-wrap inner\">\n          <div class=\"slides video-thumb\">\n            <div class=\"wrap\">\n              <div class=\"thumb-wrap\"><img decoding=\"async\" src=\"https:\/\/mypalmleaf.com\/wp-content\/uploads\/2024\/10\/QUKGfvNsiLA.jpg\" class=\"img-fluid\" alt=\"\">\n                <div class=\"play-icon\"><\/div>\n              <\/div>\n              <div class=\"title\">Do\u015bwiadczenie Spandy w czytaniu li\u015bci palmowych z Mypalmleaf<\/div>\n              <a href=\"https:\/\/www.youtube.com\/watch?v=QUKGfvNsiLA\" class=\"stretched-link\" data-lity><\/a>\n            <\/div>\n          <\/div>\n        <\/div>\n              <div class=\"col-lg-6 slider-wrap inner\">\n          <div class=\"slides video-thumb\">\n            <div class=\"wrap\">\n              <div class=\"thumb-wrap\"><img decoding=\"async\" src=\"https:\/\/mypalmleaf.com\/wp-content\/uploads\/2024\/10\/osiskgdIPwc.jpg\" class=\"img-fluid\" alt=\"\">\n                <div class=\"play-icon\"><\/div>\n              <\/div>\n              <div class=\"title\">Do\u015bwiadczenie Aimee w czytaniu li\u015bci palmowych z Mypalmleaf<\/div>\n              <a href=\"https:\/\/www.youtube.com\/watch?v=osiskgdIPwc\" class=\"stretched-link\" data-lity><\/a>\n            <\/div>\n          <\/div>\n        <\/div>\n              <div class=\"col-lg-6 slider-wrap inner\">\n          <div class=\"slides video-thumb\">\n            <div class=\"wrap\">\n              <div class=\"thumb-wrap\"><img decoding=\"async\" src=\"https:\/\/mypalmleaf.com\/wp-content\/uploads\/2024\/10\/s8F_QJaSExM.jpg\" class=\"img-fluid\" alt=\"\">\n                <div class=\"play-icon\"><\/div>\n              <\/div>\n              <div class=\"title\">Czytanie li\u015bci palmowych Isy za pomoc\u0105 MyPalmleaf<\/div>\n              <a href=\"https:\/\/www.youtube.com\/watch?v=s8F_QJaSExM\" class=\"stretched-link\" data-lity><\/a>\n            <\/div>\n          <\/div>\n        <\/div>\n          <\/div>\n    <div class=\"row my-6\"><div class=\"col\"><nav aria-label=\"Page navigation\"><ul class=\"pagination justify-content-center\"><li class=\"page-item active\"><span aria-current=\"page\" class=\"page-link current\">1<\/span><\/li><li class=\"page-item\"><a class=\"page-link\" href=\"https:\/\/mypalmleaf.com\/pl\/wp-json\/wp\/v2\/pages\/29940\/page\/2\/\">2<\/a><\/li><li class=\"page-item\"><a class=\"next page-link\" href=\"https:\/\/mypalmleaf.com\/pl\/wp-json\/wp\/v2\/pages\/29940\/page\/2\/\">Nast\u0119pne &raquo;<\/a><\/li><\/ul><\/nav><\/div><\/div>  <\/div>\n  <\/div>\n      <div class=\"parallax-item-3 parallax-item\" data-speed=\".08\"><img decoding=\"async\" src=\"https:\/\/mypalmleaf.com\/wp-content\/uploads\/2024\/08\/parallax-item-3-2.png\" class=\"img-fluid\" alt=\"\"><\/div>\n  <\/section>","protected":false},"excerpt":{"rendered":"","protected":false},"author":1,"featured_media":0,"parent":0,"menu_order":0,"comment_status":"closed","ping_status":"closed","template":"","meta":{"_acf_changed":false,"footnotes":""},"class_list":["post-29940","page","type-page","status-publish","hentry"],"acf":[],"yoast_head":"<!-- This site is optimized with the Yoast SEO plugin v26.4 - https:\/\/yoast.com\/wordpress\/plugins\/seo\/ -->\n<title>Wideo - My Palm Leaf<\/title>\n<meta name=\"description\" content=\"Ogl\u0105daj filmy o odczytach li\u015bci palmowych, ceremoniach, do\u015bwiadczeniach uczestnik\u00f3w i duchowym przes\u0142aniu tej \u015bwi\u0119tej tradycji.\" \/>\n<meta name=\"robots\" content=\"index, follow, max-snippet:-1, max-image-preview:large, max-video-preview:-1\" \/>\n<link rel=\"canonical\" href=\"https:\/\/mypalmleaf.com\/pl\/wideo\/\" \/>\n<meta property=\"og:locale\" content=\"pl_PL\" \/>\n<meta property=\"og:type\" content=\"article\" \/>\n<meta property=\"og:title\" content=\"Wideo - My Palm Leaf\" \/>\n<meta property=\"og:description\" content=\"Ogl\u0105daj filmy o odczytach li\u015bci palmowych, ceremoniach, do\u015bwiadczeniach uczestnik\u00f3w i duchowym przes\u0142aniu tej \u015bwi\u0119tej tradycji.\" \/>\n<meta property=\"og:url\" content=\"https:\/\/mypalmleaf.com\/pl\/wideo\/\" \/>\n<meta property=\"og:site_name\" content=\"My Palm Leaf\" \/>\n<meta property=\"article:modified_time\" content=\"2025-04-29T07:47:14+00:00\" \/>\n<meta property=\"og:image\" content=\"https:\/\/mypalmleaf.com\/wp-content\/uploads\/2025\/08\/mpl-circle-logo.jpg\" \/>\n\t<meta property=\"og:image:width\" content=\"1200\" \/>\n\t<meta property=\"og:image:height\" content=\"1196\" \/>\n\t<meta property=\"og:image:type\" content=\"image\/jpeg\" \/>\n<meta name=\"twitter:card\" content=\"summary_large_image\" \/>\n<script type=\"application\/ld+json\" class=\"yoast-schema-graph\">{\"@context\":\"https:\/\/schema.org\",\"@graph\":[{\"@type\":\"WebPage\",\"@id\":\"https:\/\/mypalmleaf.com\/pl\/wideo\/\",\"url\":\"https:\/\/mypalmleaf.com\/pl\/wideo\/\",\"name\":\"Wideo - My Palm Leaf\",\"isPartOf\":{\"@id\":\"https:\/\/mypalmleaf.com\/#website\"},\"datePublished\":\"2024-08-15T01:35:58+00:00\",\"dateModified\":\"2025-04-29T07:47:14+00:00\",\"description\":\"Ogl\u0105daj filmy o odczytach li\u015bci palmowych, ceremoniach, do\u015bwiadczeniach uczestnik\u00f3w i duchowym przes\u0142aniu tej \u015bwi\u0119tej tradycji.\",\"breadcrumb\":{\"@id\":\"https:\/\/mypalmleaf.com\/pl\/wideo\/#breadcrumb\"},\"inLanguage\":\"pl-PL\",\"potentialAction\":[{\"@type\":\"ReadAction\",\"target\":[\"https:\/\/mypalmleaf.com\/pl\/wideo\/\"]}]},{\"@type\":\"BreadcrumbList\",\"@id\":\"https:\/\/mypalmleaf.com\/pl\/wideo\/#breadcrumb\",\"itemListElement\":[{\"@type\":\"ListItem\",\"position\":1,\"name\":\"Home\",\"item\":\"https:\/\/mypalmleaf.com\/pl\/\"},{\"@type\":\"ListItem\",\"position\":2,\"name\":\"Wideo\"}]},{\"@type\":\"WebSite\",\"@id\":\"https:\/\/mypalmleaf.com\/#website\",\"url\":\"https:\/\/mypalmleaf.com\/\",\"name\":\"My Palm Leaf\",\"description\":\"\",\"potentialAction\":[{\"@type\":\"SearchAction\",\"target\":{\"@type\":\"EntryPoint\",\"urlTemplate\":\"https:\/\/mypalmleaf.com\/?s={search_term_string}\"},\"query-input\":{\"@type\":\"PropertyValueSpecification\",\"valueRequired\":true,\"valueName\":\"search_term_string\"}}],\"inLanguage\":\"pl-PL\"}]}<\/script>\n<!-- \/ Yoast SEO plugin. -->","yoast_head_json":{"title":"Wideo - My Palm Leaf","description":"Ogl\u0105daj filmy o odczytach li\u015bci palmowych, ceremoniach, do\u015bwiadczeniach uczestnik\u00f3w i duchowym przes\u0142aniu tej \u015bwi\u0119tej tradycji.","robots":{"index":"index","follow":"follow","max-snippet":"max-snippet:-1","max-image-preview":"max-image-preview:large","max-video-preview":"max-video-preview:-1"},"canonical":"https:\/\/mypalmleaf.com\/pl\/wideo\/","og_locale":"pl_PL","og_type":"article","og_title":"Wideo - My Palm Leaf","og_description":"Ogl\u0105daj filmy o odczytach li\u015bci palmowych, ceremoniach, do\u015bwiadczeniach uczestnik\u00f3w i duchowym przes\u0142aniu tej \u015bwi\u0119tej tradycji.","og_url":"https:\/\/mypalmleaf.com\/pl\/wideo\/","og_site_name":"My Palm Leaf","article_modified_time":"2025-04-29T07:47:14+00:00","og_image":[{"width":1200,"height":1196,"url":"https:\/\/mypalmleaf.com\/wp-content\/uploads\/2025\/08\/mpl-circle-logo.jpg","type":"image\/jpeg"}],"twitter_card":"summary_large_image","schema":{"@context":"https:\/\/schema.org","@graph":[{"@type":"WebPage","@id":"https:\/\/mypalmleaf.com\/pl\/wideo\/","url":"https:\/\/mypalmleaf.com\/pl\/wideo\/","name":"Wideo - My Palm Leaf","isPartOf":{"@id":"https:\/\/mypalmleaf.com\/#website"},"datePublished":"2024-08-15T01:35:58+00:00","dateModified":"2025-04-29T07:47:14+00:00","description":"Ogl\u0105daj filmy o odczytach li\u015bci palmowych, ceremoniach, do\u015bwiadczeniach uczestnik\u00f3w i duchowym przes\u0142aniu tej \u015bwi\u0119tej tradycji.","breadcrumb":{"@id":"https:\/\/mypalmleaf.com\/pl\/wideo\/#breadcrumb"},"inLanguage":"pl-PL","potentialAction":[{"@type":"ReadAction","target":["https:\/\/mypalmleaf.com\/pl\/wideo\/"]}]},{"@type":"BreadcrumbList","@id":"https:\/\/mypalmleaf.com\/pl\/wideo\/#breadcrumb","itemListElement":[{"@type":"ListItem","position":1,"name":"Home","item":"https:\/\/mypalmleaf.com\/pl\/"},{"@type":"ListItem","position":2,"name":"Wideo"}]},{"@type":"WebSite","@id":"https:\/\/mypalmleaf.com\/#website","url":"https:\/\/mypalmleaf.com\/","name":"My Palm Leaf","description":"","potentialAction":[{"@type":"SearchAction","target":{"@type":"EntryPoint","urlTemplate":"https:\/\/mypalmleaf.com\/?s={search_term_string}"},"query-input":{"@type":"PropertyValueSpecification","valueRequired":true,"valueName":"search_term_string"}}],"inLanguage":"pl-PL"}]}},"_links":{"self":[{"href":"https:\/\/mypalmleaf.com\/pl\/wp-json\/wp\/v2\/pages\/29940","targetHints":{"allow":["GET"]}}],"collection":[{"href":"https:\/\/mypalmleaf.com\/pl\/wp-json\/wp\/v2\/pages"}],"about":[{"href":"https:\/\/mypalmleaf.com\/pl\/wp-json\/wp\/v2\/types\/page"}],"author":[{"embeddable":true,"href":"https:\/\/mypalmleaf.com\/pl\/wp-json\/wp\/v2\/users\/1"}],"replies":[{"embeddable":true,"href":"https:\/\/mypalmleaf.com\/pl\/wp-json\/wp\/v2\/comments?post=29940"}],"version-history":[{"count":0,"href":"https:\/\/mypalmleaf.com\/pl\/wp-json\/wp\/v2\/pages\/29940\/revisions"}],"wp:attachment":[{"href":"https:\/\/mypalmleaf.com\/pl\/wp-json\/wp\/v2\/media?parent=29940"}],"curies":[{"name":"wp","href":"https:\/\/api.w.org\/{rel}","templated":true}]}}