
{"id":29951,"date":"2024-08-28T03:20:58","date_gmt":"2024-08-28T03:20:58","guid":{"rendered":"https:\/\/mypalmleaf.com\/program-partnerski\/"},"modified":"2025-07-16T11:30:34","modified_gmt":"2025-07-16T11:30:34","slug":"program-partnerski","status":"publish","type":"page","link":"https:\/\/mypalmleaf.com\/pl\/program-partnerski\/","title":{"rendered":"Program partnerski"},"content":{"rendered":"\n<section class=\"spotlight-main small top-gap\">\n    <!-- <div class=\"slider-wrap\" data-flickity='{ \"cellAlign\": \"left\", \"contain\": true, \"wrapAround\": true, \"setGallerySize\": false }'> -->\n    <div class=\"slider-wrap\" data-flickity='{ \"cellAlign\": \"left\", \"contain\": true, \"wrapAround\": true, \"setGallerySize\": false  }'>\n            <div class=\"slides\">\n        <div class=\"content-wrap\">\n          <div class=\"image\">\n            <picture>\n              <source media=\"(max-width: 999px)\" srcset=\"https:\/\/mypalmleaf.com\/wp-content\/uploads\/2024\/09\/affliate-program-spotlight-mob.jpg\" \/>\n              <source media=\"(min-width: 1000px)\" srcset=\"https:\/\/mypalmleaf.com\/wp-content\/uploads\/2024\/09\/affliate-program-spotlight.jpg\" \/>\n              <img decoding=\"async\" src=\"https:\/\/mypalmleaf.com\/wp-content\/uploads\/2024\/09\/affliate-program-spotlight.jpg\" class=\"img-fluid\" alt=\"\" \/>\n            <\/picture>\n          <\/div>\n          <div class=\"content\">\n            <div data-aos=\"fade-up\" data-aos-duration=\"1000\">\n              <h2 class=\"\">Program partnerski Mypalmleaf<\/h2>\n                                 \n            <\/div>\n          <\/div>\n        <\/div>\n      <\/div>\n          <\/div>\n<\/section>\n\n<section class=\"partnerships-block my-6 position-relative\" data-aos=\"fade-up\" data-aos-duration=\"1000\">\n  <div class=\"container-xl\">\n    <div class=\"row mb-4 justify-content-center\">\n      <div class=\"col-lg-12 text-center\" data-aos=\"fade-up\" data-aos-duration=\"1000\">\n        <div class=\"row align-items-center justify-content-between\">\n                      <div class=\"col-lg-7 mt-4 mt-md-0 \">\n            <div class=\"partners-program-details\">\n              <h4>Podziel si\u0119 s\u0142owem jako partner<\/h4>\n              <p>Nasz\u0105 misj\u0105 jest udost\u0119pnienie indyjskich bibliotek li\u015bci palmowych ludziom z ca\u0142ego \u015bwiata i po\u0142\u0105czenie ich z m\u0105dro\u015bci\u0105 Riszich. Zapraszamy do udzia\u0142u w tej misji poprzez do\u0142\u0105czenie do programu partnerskiego Mypalmleaf.   <\/p>\n                                <a href=\"\/pl\/affiliates-new\/\" class=\"btn btn-primary\">Rejestracja\/logowanie do portalu partnerskiego<\/a>\n                          <\/div>\n          <\/div>\n                        <div class=\"col-lg-5\"><img decoding=\"async\" src=\"https:\/\/mypalmleaf.com\/wp-content\/uploads\/2024\/08\/mpl-partnership-logo-1.png\" alt=\"\" class=\"img-fluid\"><\/div>\n                  <\/div>\n      <\/div>\n    <\/div>\n  <\/div>\n      <div class=\"parallax-item-3 parallax-item\" data-speed=\".08\"><img decoding=\"async\" src=\"https:\/\/mypalmleaf.com\/wp-content\/uploads\/2024\/08\/parallax-item-3-4.png\" class=\"img-fluid\" alt=\"\"><\/div>\n  <\/section>\n\n<section class=\"photo-gallery my-5\">\n  <div class=\"container-xl\" data-aos=\"fade-up\" data-aos-duration=\"1000\">\n            <div class=\"row\">\n      <div class=\"col-lg-10 mx-auto\">\n        <div class=\"exibition\">\n          <ul>\n                                      <li data-aos=\"fade-up\" data-aos-duration=\"800\"><img decoding=\"async\" src=\"https:\/\/mypalmleaf.com\/wp-content\/uploads\/2024\/09\/affiliate-img-1-1.jpg\" alt=\"\"><\/li>\n                                        <li data-aos=\"fade-up\" data-aos-duration=\"1000\"><img decoding=\"async\" src=\"https:\/\/mypalmleaf.com\/wp-content\/uploads\/2024\/09\/affiliate-img-2.jpg\" alt=\"\"><\/li>\n                                        <li data-aos=\"fade-up\" data-aos-duration=\"1200\"><img decoding=\"async\" src=\"https:\/\/mypalmleaf.com\/wp-content\/uploads\/2024\/09\/affiliate-img-3.jpg\" alt=\"\"><\/li>\n                                        <li data-aos=\"fade-up\" data-aos-duration=\"1400\"><img decoding=\"async\" src=\"https:\/\/mypalmleaf.com\/wp-content\/uploads\/2024\/09\/affiliate-img-4.jpg\" alt=\"\"><\/li>\n                                    <\/ul>\n        <\/div>\n      <\/div>\n    <\/div>\n          <\/div>\n<\/section>\n\n<section class=\"affiliate\">\n  <div class=\"container-xl\">\n    <div class=\"row\">\n      <div class=\"col-lg-12\">\n        <h3 class=\"mb-4\">Jak to dzia\u0142a?<\/h3>\n        <div class=\"affiliate-cont\">\n          <ul>\n                          <li>\n                <div class=\"title\">1. <a href=\"https:\/\/mypalmleaf.com\/pl\/portal-partnerski\/\" class=\"btn btn-primary\">Zarejestruj si\u0119 tutaj<\/a> w naszym programie partnerskim.<\/div>\n                <div class=\"desc\"><\/div>\n              <\/li>\n                          <li>\n                <div class=\"title\">2. Uzyskaj sw\u00f3j osobisty link w panelu partnerskim<\/div>\n                <div class=\"desc\"><p>Link partnerski znajdziesz w swoim panelu partnerskim.  <\/p>\n<\/div>\n              <\/li>\n                          <li>\n                <div class=\"title\">3. Jak zmieni\u0107 j\u0119zyk \u0142\u0105cza?<\/div>\n                <div class=\"desc\">\n<p>Domy\u015blnie link zawsze wskazuje na nasz\u0105 angielsk\u0105 stron\u0119 g\u0142\u00f3wn\u0105, na przyk\u0142ad <strong> https:\/\/mypalmleaf.com\/?mpl=51. <\/strong> <\/p>\n<p>Je\u015bli chcesz, aby prze\u0142\u0105czy\u0142 si\u0119 na niemieck\u0105 stron\u0119 g\u0142\u00f3wn\u0105 (lub inne j\u0119zyki),<strong> mo\u017cesz po prostu doda\u0107 \/de\/ after.com, aby by\u0142 to <\/strong>https:\/\/mypalmleaf.com\/de\/?mpl=51.  <\/p>\n<\/div>\n              <\/li>\n                          <li>\n                <div class=\"title\">4. Udost\u0119pnij link innym osobom  <\/div>\n                <div class=\"desc\"><p>Nast\u0119pnie mo\u017cna udost\u0119pni\u0107 link innym osobom. Gdy odwiedz\u0105 oni stron\u0119 za po\u015brednictwem Twojego linku partnerskiego, w ich przegl\u0105darce zostanie umieszczony plik cookie. Je\u015bli wr\u00f3c\u0105 na stron\u0119 kilka tygodni p\u00f3\u017aniej, bez korzystania z Twojego linku, a nast\u0119pnie dokonaj\u0105 rezerwacji, b\u0119dzie to nadal liczone jako polecenie dla Ciebie.    <\/p>\n<\/div>\n              <\/li>\n                          <li>\n                <div class=\"title\">5. Otrzyma\u0107 nagrod\u0119<\/div>\n                <div class=\"desc\"><p>Za ka\u017cd\u0105 polecon\u0105 rezerwacj\u0119 otrzymasz od nas 30 \u20ac.  <br \/>  B\u0119dzie ona wyp\u0142acana co miesi\u0105c na wybrane konto bankowe lub konto Paypal.  <\/p>\n<\/div>\n              <\/li>\n                          <li>\n                <div class=\"title\">6. Sprawdzanie poleconych<\/div>\n                <div class=\"desc\"><p>Liczb\u0119 poleconych i odwiedzin witryny mo\u017cna zawsze sprawdzi\u0107 w panelu partnerskim.  <\/p>\n<\/div>\n              <\/li>\n                          <li>\n                <div class=\"title\"><\/div>\n                <div class=\"desc\"><p><a href=\"https:\/\/mypalmleaf.com\/uslugi\/find-your-palm-leaf-and-read-the-general-chapter\/\" class=\"btn btn-primary\">Znajd\u017a m\u00f3j li\u015b\u0107<\/a><\/p>\n<\/div>\n              <\/li>\n                      <\/ul>\n          <div class=\"btm-contact\"><div class=\"btm-contact\">Je\u015bli masz jakiekolwiek pytania dotycz\u0105ce programu partnerskiego, napisz do nas na adres <a href=\"mailto:support@mypalmleaf.com\">support@mypalmleaf.com.<\/a><\/div>\n<\/div>\n        <\/div>\n      <\/div>\n    <\/div>\n  <\/div>\n<\/section>","protected":false},"excerpt":{"rendered":"","protected":false},"author":1,"featured_media":0,"parent":0,"menu_order":0,"comment_status":"closed","ping_status":"closed","template":"","meta":{"_acf_changed":false,"footnotes":""},"class_list":["post-29951","page","type-page","status-publish","hentry"],"acf":[],"yoast_head":"<!-- This site is optimized with the Yoast SEO plugin v26.4 - https:\/\/yoast.com\/wordpress\/plugins\/seo\/ -->\n<title>Program partnerski - My Palm Leaf<\/title>\n<meta name=\"robots\" content=\"index, follow, max-snippet:-1, max-image-preview:large, max-video-preview:-1\" \/>\n<link rel=\"canonical\" href=\"https:\/\/mypalmleaf.com\/pl\/program-partnerski\/\" \/>\n<meta property=\"og:locale\" content=\"pl_PL\" \/>\n<meta property=\"og:type\" content=\"article\" \/>\n<meta property=\"og:title\" content=\"Program partnerski - My Palm Leaf\" \/>\n<meta property=\"og:url\" content=\"https:\/\/mypalmleaf.com\/pl\/program-partnerski\/\" \/>\n<meta property=\"og:site_name\" content=\"My Palm Leaf\" \/>\n<meta property=\"article:modified_time\" content=\"2025-07-16T11:30:34+00:00\" \/>\n<meta property=\"og:image\" content=\"https:\/\/mypalmleaf.com\/wp-content\/uploads\/2025\/08\/mpl-circle-logo.jpg\" \/>\n\t<meta property=\"og:image:width\" content=\"1200\" \/>\n\t<meta property=\"og:image:height\" content=\"1196\" \/>\n\t<meta property=\"og:image:type\" content=\"image\/jpeg\" \/>\n<meta name=\"twitter:card\" content=\"summary_large_image\" \/>\n<script type=\"application\/ld+json\" class=\"yoast-schema-graph\">{\"@context\":\"https:\/\/schema.org\",\"@graph\":[{\"@type\":\"WebPage\",\"@id\":\"https:\/\/mypalmleaf.com\/pl\/program-partnerski\/\",\"url\":\"https:\/\/mypalmleaf.com\/pl\/program-partnerski\/\",\"name\":\"Program partnerski - My Palm Leaf\",\"isPartOf\":{\"@id\":\"https:\/\/mypalmleaf.com\/#website\"},\"datePublished\":\"2024-08-28T03:20:58+00:00\",\"dateModified\":\"2025-07-16T11:30:34+00:00\",\"breadcrumb\":{\"@id\":\"https:\/\/mypalmleaf.com\/pl\/program-partnerski\/#breadcrumb\"},\"inLanguage\":\"pl-PL\",\"potentialAction\":[{\"@type\":\"ReadAction\",\"target\":[\"https:\/\/mypalmleaf.com\/pl\/program-partnerski\/\"]}]},{\"@type\":\"BreadcrumbList\",\"@id\":\"https:\/\/mypalmleaf.com\/pl\/program-partnerski\/#breadcrumb\",\"itemListElement\":[{\"@type\":\"ListItem\",\"position\":1,\"name\":\"Home\",\"item\":\"https:\/\/mypalmleaf.com\/pl\/\"},{\"@type\":\"ListItem\",\"position\":2,\"name\":\"Program partnerski\"}]},{\"@type\":\"WebSite\",\"@id\":\"https:\/\/mypalmleaf.com\/#website\",\"url\":\"https:\/\/mypalmleaf.com\/\",\"name\":\"My Palm Leaf\",\"description\":\"\",\"potentialAction\":[{\"@type\":\"SearchAction\",\"target\":{\"@type\":\"EntryPoint\",\"urlTemplate\":\"https:\/\/mypalmleaf.com\/?s={search_term_string}\"},\"query-input\":{\"@type\":\"PropertyValueSpecification\",\"valueRequired\":true,\"valueName\":\"search_term_string\"}}],\"inLanguage\":\"pl-PL\"}]}<\/script>\n<!-- \/ Yoast SEO plugin. -->","yoast_head_json":{"title":"Program partnerski - My Palm Leaf","robots":{"index":"index","follow":"follow","max-snippet":"max-snippet:-1","max-image-preview":"max-image-preview:large","max-video-preview":"max-video-preview:-1"},"canonical":"https:\/\/mypalmleaf.com\/pl\/program-partnerski\/","og_locale":"pl_PL","og_type":"article","og_title":"Program partnerski - My Palm Leaf","og_url":"https:\/\/mypalmleaf.com\/pl\/program-partnerski\/","og_site_name":"My Palm Leaf","article_modified_time":"2025-07-16T11:30:34+00:00","og_image":[{"width":1200,"height":1196,"url":"https:\/\/mypalmleaf.com\/wp-content\/uploads\/2025\/08\/mpl-circle-logo.jpg","type":"image\/jpeg"}],"twitter_card":"summary_large_image","schema":{"@context":"https:\/\/schema.org","@graph":[{"@type":"WebPage","@id":"https:\/\/mypalmleaf.com\/pl\/program-partnerski\/","url":"https:\/\/mypalmleaf.com\/pl\/program-partnerski\/","name":"Program partnerski - My Palm Leaf","isPartOf":{"@id":"https:\/\/mypalmleaf.com\/#website"},"datePublished":"2024-08-28T03:20:58+00:00","dateModified":"2025-07-16T11:30:34+00:00","breadcrumb":{"@id":"https:\/\/mypalmleaf.com\/pl\/program-partnerski\/#breadcrumb"},"inLanguage":"pl-PL","potentialAction":[{"@type":"ReadAction","target":["https:\/\/mypalmleaf.com\/pl\/program-partnerski\/"]}]},{"@type":"BreadcrumbList","@id":"https:\/\/mypalmleaf.com\/pl\/program-partnerski\/#breadcrumb","itemListElement":[{"@type":"ListItem","position":1,"name":"Home","item":"https:\/\/mypalmleaf.com\/pl\/"},{"@type":"ListItem","position":2,"name":"Program partnerski"}]},{"@type":"WebSite","@id":"https:\/\/mypalmleaf.com\/#website","url":"https:\/\/mypalmleaf.com\/","name":"My Palm Leaf","description":"","potentialAction":[{"@type":"SearchAction","target":{"@type":"EntryPoint","urlTemplate":"https:\/\/mypalmleaf.com\/?s={search_term_string}"},"query-input":{"@type":"PropertyValueSpecification","valueRequired":true,"valueName":"search_term_string"}}],"inLanguage":"pl-PL"}]}},"_links":{"self":[{"href":"https:\/\/mypalmleaf.com\/pl\/wp-json\/wp\/v2\/pages\/29951","targetHints":{"allow":["GET"]}}],"collection":[{"href":"https:\/\/mypalmleaf.com\/pl\/wp-json\/wp\/v2\/pages"}],"about":[{"href":"https:\/\/mypalmleaf.com\/pl\/wp-json\/wp\/v2\/types\/page"}],"author":[{"embeddable":true,"href":"https:\/\/mypalmleaf.com\/pl\/wp-json\/wp\/v2\/users\/1"}],"replies":[{"embeddable":true,"href":"https:\/\/mypalmleaf.com\/pl\/wp-json\/wp\/v2\/comments?post=29951"}],"version-history":[{"count":0,"href":"https:\/\/mypalmleaf.com\/pl\/wp-json\/wp\/v2\/pages\/29951\/revisions"}],"wp:attachment":[{"href":"https:\/\/mypalmleaf.com\/pl\/wp-json\/wp\/v2\/media?parent=29951"}],"curies":[{"name":"wp","href":"https:\/\/api.w.org\/{rel}","templated":true}]}}