
{"id":29957,"date":"2024-08-28T04:10:49","date_gmt":"2024-08-28T04:10:49","guid":{"rendered":"https:\/\/mypalmleaf.com\/dolacz-do-nas\/"},"modified":"2025-07-07T10:07:51","modified_gmt":"2025-07-07T10:07:51","slug":"dolacz-do-nas","status":"publish","type":"page","link":"https:\/\/mypalmleaf.com\/pl\/dolacz-do-nas\/","title":{"rendered":"Do\u0142\u0105cz do nas"},"content":{"rendered":"\n<section class=\"spotlight-main small top-gap\">\n    <!-- <div class=\"slider-wrap\" data-flickity='{ \"cellAlign\": \"left\", \"contain\": true, \"wrapAround\": true, \"setGallerySize\": false }'> -->\n    <div class=\"slider-wrap\" data-flickity='{ \"cellAlign\": \"left\", \"contain\": true, \"wrapAround\": true, \"setGallerySize\": false  }'>\n            <div class=\"slides\">\n        <div class=\"content-wrap\">\n          <div class=\"image\">\n            <picture>\n              <source media=\"(max-width: 999px)\" srcset=\"https:\/\/mypalmleaf.com\/wp-content\/uploads\/2024\/09\/join-us-spotlight-new-mob.jpg\" \/>\n              <source media=\"(min-width: 1000px)\" srcset=\"https:\/\/mypalmleaf.com\/wp-content\/uploads\/2024\/09\/join-us-spotlight-new.jpg\" \/>\n              <img decoding=\"async\" src=\"https:\/\/mypalmleaf.com\/wp-content\/uploads\/2024\/09\/join-us-spotlight-new.jpg\" class=\"img-fluid\" alt=\"\" \/>\n            <\/picture>\n          <\/div>\n          <div class=\"content\">\n            <div data-aos=\"fade-up\" data-aos-duration=\"1000\">\n              <h2 class=\"\">Do\u0142\u0105cz do nas<\/h2>\n                                 \n            <\/div>\n          <\/div>\n        <\/div>\n      <\/div>\n          <\/div>\n<\/section>\n<section class=\"my-6 flipping-gallery\">\n  <div class=\"container-xl\" data-aos=\"fade-up\" data-aos-duration=\"1000\">\n    <div class=\"row\">\n      <div class=\"col\">\n        <div class=\"gallery-wrap\">\n                      <div class=\"block\">\n              <div class=\"rounded-asset\">\n                                                  <img decoding=\"async\" src=\"https:\/\/mypalmleaf.com\/wp-content\/uploads\/2024\/08\/gallery-img-1-2.jpg\" alt=\"\" class=\"\">\n                                                    <img decoding=\"async\" src=\"https:\/\/mypalmleaf.com\/wp-content\/uploads\/2024\/08\/gallery-img-1.jpg\" alt=\"\" class=\"overlay\">\n                                                <\/div>\n            <\/div>\n                      <div class=\"block\">\n              <div class=\"rounded-asset\">\n                                                  <img decoding=\"async\" src=\"https:\/\/mypalmleaf.com\/wp-content\/uploads\/2024\/08\/gallery-img-2-2.jpg\" alt=\"\" class=\"\">\n                                                    <img decoding=\"async\" src=\"https:\/\/mypalmleaf.com\/wp-content\/uploads\/2024\/08\/gallery-img-2.jpg\" alt=\"\" class=\"overlay\">\n                                                <\/div>\n            <\/div>\n                      <div class=\"block\">\n              <div class=\"rounded-asset\">\n                                                  <img decoding=\"async\" src=\"https:\/\/mypalmleaf.com\/wp-content\/uploads\/2024\/08\/gallery-img-3-2.jpg\" alt=\"\" class=\"\">\n                                                    <img decoding=\"async\" src=\"https:\/\/mypalmleaf.com\/wp-content\/uploads\/2024\/08\/gallery-img-3.jpg\" alt=\"\" class=\"overlay\">\n                                                <\/div>\n            <\/div>\n                      <div class=\"block\">\n              <div class=\"rounded-asset\">\n                                                  <img decoding=\"async\" src=\"https:\/\/mypalmleaf.com\/wp-content\/uploads\/2024\/08\/gallery-img-4-2.jpg\" alt=\"\" class=\"\">\n                                                    <img decoding=\"async\" src=\"https:\/\/mypalmleaf.com\/wp-content\/uploads\/2024\/08\/gallery-img-4.jpg\" alt=\"\" class=\"overlay\">\n                                                <\/div>\n            <\/div>\n                      <div class=\"block\">\n              <div class=\"rounded-asset\">\n                                                  <img decoding=\"async\" src=\"https:\/\/mypalmleaf.com\/wp-content\/uploads\/2024\/08\/gallery-img-5-2.jpg\" alt=\"\" class=\"\">\n                                                    <img decoding=\"async\" src=\"https:\/\/mypalmleaf.com\/wp-content\/uploads\/2024\/08\/gallery-img-5.jpg\" alt=\"\" class=\"overlay\">\n                                                <\/div>\n            <\/div>\n                      <div class=\"block\">\n              <div class=\"rounded-asset\">\n                                                  <img decoding=\"async\" src=\"https:\/\/mypalmleaf.com\/wp-content\/uploads\/2024\/08\/gallery-img-6.jpg\" alt=\"\" class=\"\">\n                                                    <img decoding=\"async\" src=\"https:\/\/mypalmleaf.com\/wp-content\/uploads\/2024\/08\/gallery-img-6-2.jpg\" alt=\"\" class=\"overlay\">\n                                                <\/div>\n            <\/div>\n                  <\/div>\n      <\/div>\n    <\/div>\n  <\/div>\n<\/section><section class=\"join-us-block my-6 position-relative\">\n  <div class=\"container-xl\">\n    <div class=\"row mb-4 justify-content-center\">\n      <div class=\"col-lg-10 text-center\" data-aos=\"fade-up\" data-aos-duration=\"1000\">\n        <p>Jako Moderator lub T\u0142umacz pomagasz klientom w odczytywaniu li\u015bci palmowych, odpowiadasz na ich pytania, wspierasz ich, sprawiasz, \u017ce czuj\u0105 si\u0119 komfortowo i budujesz pomost mi\u0119dzy nimi a bibliotek\u0105 li\u015bci palmowych.<\/p>\n      <\/div>\n    <\/div>\n    <div class=\"row my-5 justify-content-between\" data-aos=\"fade-up\" data-aos-duration=\"1000\">\n              <div class=\"col-lg-5\">\n          <div class=\"dual-col\">\n            <div class=\"title\">\n              <img decoding=\"async\" src=\"https:\/\/mypalmleaf.com\/wp-content\/uploads\/2024\/08\/title-bg.png\" alt=\"\" class=\"img-fluid\">\n              <div class=\"text\">Moderator<\/div>\n            <\/div>\n            <div class=\"desc\">\n              <p>Jako moderator wspierasz odczyty angielskich li\u015bci palmowych.<br \/>\nWyja\u015bniasz proces przed rozpocz\u0119ciem odczytu i jeste\u015b w tle, aby w razie potrzeby odpowiada\u0107 na pytania.<br \/>\nSam odczyt jest t\u0142umaczony przez t\u0142umacza w bibliotece li\u015bci palmowych z tamilskiego na angielski.  <\/p>\n            <\/div>\n          <\/div>\n        <\/div>\n              <div class=\"col-lg-5\">\n          <div class=\"dual-col\">\n            <div class=\"title\">\n              <img decoding=\"async\" src=\"https:\/\/mypalmleaf.com\/wp-content\/uploads\/2024\/08\/title-bg.png\" alt=\"\" class=\"img-fluid\">\n              <div class=\"text\">T\u0142umacz<\/div>\n            <\/div>\n            <div class=\"desc\">\n              <p>Jako t\u0142umacz robisz wszystko to, co moderator, ale tak\u017ce t\u0142umaczysz wszystko to, co zosta\u0142o przet\u0142umaczone z tamilskiego na angielski przez t\u0142umacza biblioteki na tw\u00f3j konkretny j\u0119zyk, na przyk\u0142ad polski, francuski lub arabski.<\/p>\n            <\/div>\n          <\/div>\n        <\/div>\n          <\/div>\n  <\/div>\n  <\/section><section class=\"tabs-wrapper my-6 mt-0\">\n  <div class=\"container-xl\">\n    <div class=\"row\">\n      <div class=\"tabs-container\" data-aos=\"fade-up\" data-aos-duration=\"1000\">\n        <ul class=\"tabs\">\n                                <li class=\"tab-button active\" data-target=\"tab1\">Wymagania<\/li>\n                                  <li class=\"tab-button active\" data-target=\"tab2\">Dlaczego warto do nas do\u0142\u0105czy\u0107<\/li>\n                                  <li class=\"tab-button active\" data-target=\"tab3\">Godziny pracy<\/li>\n                                  <li class=\"tab-button active\" data-target=\"tab4\">Wynagrodzenie<\/li>\n                              <\/ul>\n        <div class=\"tab-content\">\n                                <div id=\"tab1\" class=\"tab-pane active\">\n              <h4>Bezwzgl\u0119dne wymagania dotycz\u0105ce pomocy w odczytywaniu li\u015bci palmowych to<\/h4>\n<ul>\n<li>Biegle pos\u0142ugujesz si\u0119 j\u0119zykiem angielskim i j\u0119zykiem, w kt\u00f3rym t\u0142umaczysz.<\/li>\n<li>Jeste\u015b w zgodzie z nasz\u0105 duchow\u0105 misj\u0105<\/li>\n<li>Masz dobrze dzia\u0142aj\u0105cy komputer, potrafisz korzysta\u0107 z zoomu i masz stabilne po\u0142\u0105czenie internetowe.<\/li>\n<li>Jeste\u015b niezawodny i punktualny.<\/li>\n<li>Masz szczer\u0105 motywacj\u0119, by przyczyni\u0107 si\u0119 do ewolucji, uzdrowienia i przebudzenia ludzko\u015bci.<\/li>\n<li>Jeste\u015b zmotywowany i zainspirowany<\/li>\n<li>Potrafisz i chcesz wzi\u0105\u0107 na siebie odpowiedzialno\u015b\u0107 i by\u0107 proaktywny.<\/li>\n<li>Sam mia\u0142e\u015b czytanie z li\u015bci palmowych i rozumiesz ten proces.<\/li>\n<li>Lubisz komunikowa\u0107 si\u0119 i nawi\u0105zywa\u0107 kontakty z lud\u017ami, kt\u00f3rzy s\u0105 empatyczni, kochaj\u0105cy i autentyczni.<\/li>\n<li>Jeste\u015b otwarty i ch\u0119tny do nauki nowych umiej\u0119tno\u015bci.<\/li>\n<li>Przejrza\u0142e\u015b nasz\u0105 stron\u0119 internetow\u0105 i kana\u0142 YouTube i dobrze zrozumia\u0142e\u015b, czym zajmuje si\u0119 Mypalmleaf.<\/li>\n<li>Twoja komunikacja jest jasna, pe\u0142na mi\u0142o\u015bci i bezpo\u015brednia.<\/li>\n<\/ul>\n            <\/div>\n                                  <div id=\"tab2\" class=\"tab-pane active\">\n              <h4>Prawdziwe powody, dla kt\u00f3rych warto pracowa\u0107 z Mypalmleaf<\/h4>\n<p>Mypalmleaf to organizacja ukierunkowana na cel, kt\u00f3ra \u0142\u0105czy g\u0142\u0119bokie praktyki duchowe i zrozumienie z przyziemnymi strukturami pracy, kt\u00f3re wspieraj\u0105 Ci\u0119 w rozwoju zawodowym.<br \/>\nWsp\u00f3\u0142tworzymy inspiruj\u0105ce \u015brodowisko pracy, kt\u00f3re przyczynia si\u0119 do ewolucji ludzko\u015bci i kt\u00f3re ma na celu postrzeganie i pomaganie ci jako wyj\u0105tkowej istocie ludzkiej, kt\u00f3r\u0105 jeste\u015b.<br \/>\nJako zesp\u00f3\u0142 pracujemy razem w pozytywnym, wspieraj\u0105cym duchu zespo\u0142owym, kt\u00f3ry ma na celu wydobycie i wspieranie twoich umiej\u0119tno\u015bci i talent\u00f3w, zapewniaj\u0105c jednocze\u015bnie obfite dochody, aby utrzyma\u0107 twoje \u017cycie.  <\/p>\n            <\/div>\n                                  <div id=\"tab3\" class=\"tab-pane active\">\n              <p>Zazwyczaj mamy zaplanowany odczyt od 7 rano do 8 wieczorem w Indiach, kiedy mo\u017cna zaplanowa\u0107 przedzia\u0142y czasowe, w zale\u017cno\u015bci od dost\u0119pno\u015bci w koordynacji z potrzebami klient\u00f3w i organizacji.<br \/>\nZazwyczaj staramy si\u0119, aby wszystko dzia\u0142a\u0142o dla wszystkich. <\/p>\n            <\/div>\n                                  <div id=\"tab4\" class=\"tab-pane active\">\n              <p>Po otrzymaniu zg\u0142oszenia prze\u015blemy szczeg\u00f3\u0142owe wyja\u015bnienie dotycz\u0105ce p\u0142atno\u015bci.<\/p>\n            <\/div>\n                              <\/div>\n      <\/div>\n    <\/div>\n  <\/div>\n<\/section><section class=\"how-to-apply my-6 mt-0\">\n  <div class=\"container-xl\">\n    <div class=\"row\">\n      <div class=\"col-lg-10 mx-auto\" >\n        <div class=\"dual-col \">\n          <div class=\"title\">\n            <img decoding=\"async\" src=\"https:\/\/mypalmleaf.com\/wp-content\/uploads\/2024\/08\/title-bg.png\" alt=\"\" class=\"img-fluid\">\n            <div class=\"text\">Jak z\u0142o\u017cy\u0107 wniosek<\/div>\n          <\/div>\n          <div class=\"desc\">\n            <p>Prze\u015blij nam kr\u00f3tki, 1-5-minutowy klip wideo z selfie, w kt\u00f3rym opowiesz nam o sobie i o tym, dlaczego chcesz z nami pracowa\u0107. Film nie musi by\u0107 profesjonalny. Nie odk\u0142adaj tego na p\u00f3\u017aniej i nie wstyd\u017a si\u0119, po prostu zr\u00f3b to teraz. Tak\u0105 postaw\u0119 chcieliby\u015bmy powita\u0107 w naszym zespole. Z ka\u017cdym powa\u017cnym kandydatem, kt\u00f3ry prze\u015ble nam wideo, przeprowadzimy 10-minutow\u0105 szybk\u0105 rozmow\u0119 kwalifikacyjn\u0105. Nie: Wy\u015blij nam wiadomo\u015b\u0107 z pro\u015bb\u0105 o &#8222;przes\u0142anie wi\u0119cej informacji&#8221;.<\/p>\n<div class=\"btm-contact\">Nagraj film i wy\u015blij go na adres <a href=\"mailto:info@mypalmleaf.com\">info@mypalmleaf.com.<\/a><\/div>\n          <\/div>\n        <\/div>\n      <\/div>\n    <\/div>\n  <\/div>\n<\/section>","protected":false},"excerpt":{"rendered":"","protected":false},"author":1,"featured_media":0,"parent":0,"menu_order":0,"comment_status":"closed","ping_status":"closed","template":"","meta":{"_acf_changed":false,"footnotes":""},"class_list":["post-29957","page","type-page","status-publish","hentry"],"acf":[],"yoast_head":"<!-- This site is optimized with the Yoast SEO plugin v26.4 - https:\/\/yoast.com\/wordpress\/plugins\/seo\/ -->\n<title>Do\u0142\u0105cz do nas - My Palm Leaf<\/title>\n<meta name=\"robots\" content=\"index, follow, max-snippet:-1, max-image-preview:large, max-video-preview:-1\" \/>\n<link rel=\"canonical\" href=\"https:\/\/mypalmleaf.com\/pl\/dolacz-do-nas\/\" \/>\n<meta property=\"og:locale\" content=\"pl_PL\" \/>\n<meta property=\"og:type\" content=\"article\" \/>\n<meta property=\"og:title\" content=\"Do\u0142\u0105cz do nas - My Palm Leaf\" \/>\n<meta property=\"og:url\" content=\"https:\/\/mypalmleaf.com\/pl\/dolacz-do-nas\/\" \/>\n<meta property=\"og:site_name\" content=\"My Palm Leaf\" \/>\n<meta property=\"article:modified_time\" content=\"2025-07-07T10:07:51+00:00\" \/>\n<meta property=\"og:image\" content=\"https:\/\/mypalmleaf.com\/wp-content\/uploads\/2025\/08\/mpl-circle-logo.jpg\" \/>\n\t<meta property=\"og:image:width\" content=\"1200\" \/>\n\t<meta property=\"og:image:height\" content=\"1196\" \/>\n\t<meta property=\"og:image:type\" content=\"image\/jpeg\" \/>\n<meta name=\"twitter:card\" content=\"summary_large_image\" \/>\n<script type=\"application\/ld+json\" class=\"yoast-schema-graph\">{\"@context\":\"https:\/\/schema.org\",\"@graph\":[{\"@type\":\"WebPage\",\"@id\":\"https:\/\/mypalmleaf.com\/pl\/dolacz-do-nas\/\",\"url\":\"https:\/\/mypalmleaf.com\/pl\/dolacz-do-nas\/\",\"name\":\"Do\u0142\u0105cz do nas - My Palm Leaf\",\"isPartOf\":{\"@id\":\"https:\/\/mypalmleaf.com\/#website\"},\"datePublished\":\"2024-08-28T04:10:49+00:00\",\"dateModified\":\"2025-07-07T10:07:51+00:00\",\"breadcrumb\":{\"@id\":\"https:\/\/mypalmleaf.com\/pl\/dolacz-do-nas\/#breadcrumb\"},\"inLanguage\":\"pl-PL\",\"potentialAction\":[{\"@type\":\"ReadAction\",\"target\":[\"https:\/\/mypalmleaf.com\/pl\/dolacz-do-nas\/\"]}]},{\"@type\":\"BreadcrumbList\",\"@id\":\"https:\/\/mypalmleaf.com\/pl\/dolacz-do-nas\/#breadcrumb\",\"itemListElement\":[{\"@type\":\"ListItem\",\"position\":1,\"name\":\"Home\",\"item\":\"https:\/\/mypalmleaf.com\/pl\/\"},{\"@type\":\"ListItem\",\"position\":2,\"name\":\"Do\u0142\u0105cz do nas\"}]},{\"@type\":\"WebSite\",\"@id\":\"https:\/\/mypalmleaf.com\/#website\",\"url\":\"https:\/\/mypalmleaf.com\/\",\"name\":\"My Palm Leaf\",\"description\":\"\",\"potentialAction\":[{\"@type\":\"SearchAction\",\"target\":{\"@type\":\"EntryPoint\",\"urlTemplate\":\"https:\/\/mypalmleaf.com\/?s={search_term_string}\"},\"query-input\":{\"@type\":\"PropertyValueSpecification\",\"valueRequired\":true,\"valueName\":\"search_term_string\"}}],\"inLanguage\":\"pl-PL\"}]}<\/script>\n<!-- \/ Yoast SEO plugin. -->","yoast_head_json":{"title":"Do\u0142\u0105cz do nas - My Palm Leaf","robots":{"index":"index","follow":"follow","max-snippet":"max-snippet:-1","max-image-preview":"max-image-preview:large","max-video-preview":"max-video-preview:-1"},"canonical":"https:\/\/mypalmleaf.com\/pl\/dolacz-do-nas\/","og_locale":"pl_PL","og_type":"article","og_title":"Do\u0142\u0105cz do nas - My Palm Leaf","og_url":"https:\/\/mypalmleaf.com\/pl\/dolacz-do-nas\/","og_site_name":"My Palm Leaf","article_modified_time":"2025-07-07T10:07:51+00:00","og_image":[{"width":1200,"height":1196,"url":"https:\/\/mypalmleaf.com\/wp-content\/uploads\/2025\/08\/mpl-circle-logo.jpg","type":"image\/jpeg"}],"twitter_card":"summary_large_image","schema":{"@context":"https:\/\/schema.org","@graph":[{"@type":"WebPage","@id":"https:\/\/mypalmleaf.com\/pl\/dolacz-do-nas\/","url":"https:\/\/mypalmleaf.com\/pl\/dolacz-do-nas\/","name":"Do\u0142\u0105cz do nas - My Palm Leaf","isPartOf":{"@id":"https:\/\/mypalmleaf.com\/#website"},"datePublished":"2024-08-28T04:10:49+00:00","dateModified":"2025-07-07T10:07:51+00:00","breadcrumb":{"@id":"https:\/\/mypalmleaf.com\/pl\/dolacz-do-nas\/#breadcrumb"},"inLanguage":"pl-PL","potentialAction":[{"@type":"ReadAction","target":["https:\/\/mypalmleaf.com\/pl\/dolacz-do-nas\/"]}]},{"@type":"BreadcrumbList","@id":"https:\/\/mypalmleaf.com\/pl\/dolacz-do-nas\/#breadcrumb","itemListElement":[{"@type":"ListItem","position":1,"name":"Home","item":"https:\/\/mypalmleaf.com\/pl\/"},{"@type":"ListItem","position":2,"name":"Do\u0142\u0105cz do nas"}]},{"@type":"WebSite","@id":"https:\/\/mypalmleaf.com\/#website","url":"https:\/\/mypalmleaf.com\/","name":"My Palm Leaf","description":"","potentialAction":[{"@type":"SearchAction","target":{"@type":"EntryPoint","urlTemplate":"https:\/\/mypalmleaf.com\/?s={search_term_string}"},"query-input":{"@type":"PropertyValueSpecification","valueRequired":true,"valueName":"search_term_string"}}],"inLanguage":"pl-PL"}]}},"_links":{"self":[{"href":"https:\/\/mypalmleaf.com\/pl\/wp-json\/wp\/v2\/pages\/29957","targetHints":{"allow":["GET"]}}],"collection":[{"href":"https:\/\/mypalmleaf.com\/pl\/wp-json\/wp\/v2\/pages"}],"about":[{"href":"https:\/\/mypalmleaf.com\/pl\/wp-json\/wp\/v2\/types\/page"}],"author":[{"embeddable":true,"href":"https:\/\/mypalmleaf.com\/pl\/wp-json\/wp\/v2\/users\/1"}],"replies":[{"embeddable":true,"href":"https:\/\/mypalmleaf.com\/pl\/wp-json\/wp\/v2\/comments?post=29957"}],"version-history":[{"count":0,"href":"https:\/\/mypalmleaf.com\/pl\/wp-json\/wp\/v2\/pages\/29957\/revisions"}],"wp:attachment":[{"href":"https:\/\/mypalmleaf.com\/pl\/wp-json\/wp\/v2\/media?parent=29957"}],"curies":[{"name":"wp","href":"https:\/\/api.w.org\/{rel}","templated":true}]}}