
{"id":29961,"date":"2024-09-01T09:48:00","date_gmt":"2024-09-01T09:48:00","guid":{"rendered":"https:\/\/mypalmleaf.com\/darowizny\/"},"modified":"2025-06-21T08:56:06","modified_gmt":"2025-06-21T08:56:06","slug":"darowizny","status":"publish","type":"page","link":"https:\/\/mypalmleaf.com\/pl\/darowizny\/","title":{"rendered":"Darowizny"},"content":{"rendered":"\n<section class=\"spotlight-main small top-gap\">\n    <!-- <div class=\"slider-wrap\" data-flickity='{ \"cellAlign\": \"left\", \"contain\": true, \"wrapAround\": true, \"setGallerySize\": false }'> -->\n    <div class=\"slider-wrap\" data-flickity='{ \"cellAlign\": \"left\", \"contain\": true, \"wrapAround\": true, \"setGallerySize\": false  }'>\n            <div class=\"slides\">\n        <div class=\"content-wrap\">\n          <div class=\"image\">\n            <picture>\n              <source media=\"(max-width: 999px)\" srcset=\"https:\/\/mypalmleaf.com\/wp-content\/uploads\/2024\/09\/donation-spotlight-mobile.jpg\" \/>\n              <source media=\"(min-width: 1000px)\" srcset=\"https:\/\/mypalmleaf.com\/wp-content\/uploads\/2024\/09\/donation-spotlight-1.jpg\" \/>\n              <img decoding=\"async\" src=\"https:\/\/mypalmleaf.com\/wp-content\/uploads\/2024\/09\/donation-spotlight-1.jpg\" class=\"img-fluid\" alt=\"\" \/>\n            <\/picture>\n          <\/div>\n          <div class=\"content\">\n            <div data-aos=\"fade-up\" data-aos-duration=\"1000\">\n              <h2 class=\"\">Darowizny<\/h2>\n                                 \n            <\/div>\n          <\/div>\n        <\/div>\n      <\/div>\n          <\/div>\n<\/section><section class=\"donation-bottom-block text-center\">\n  <div class=\"container-xl\">\n  <div class=\"row pt-5 donation-top-icon\">\n        <div class=\"col-lg-10 mx-auto\">\n        <ul>\n          <li class=\"text-lg-end\"><img decoding=\"async\" src=\"https:\/\/mypalmleaf.com\/wp-content\/uploads\/2024\/09\/donation-harmony-icon.png\" alt=\"\" class=\"img-fluid\"><\/li>\n          <li><h3>Darowizny s\u0105 mile widziane<\/h3><\/li>\n          <li class=\"text-lg-start\"><img decoding=\"async\" src=\"https:\/\/mypalmleaf.com\/wp-content\/uploads\/2024\/09\/mpl-circle-logo.png\" alt=\"\" class=\"img-fluid\"><\/li>\n        <\/ul>\n      <\/div>\n      <\/div>\n    <div class=\"row\">\n      <div class=\"col-lg-10 my-5 mx-auto\">\n        <p>Mypalmleaf i nasza partnerska organizacja pozarz\u0105dowa in Harmony with Nature e.V. s\u0105 oddane wsp\u00f3\u0142tworzeniu nowego \u015bwiata, opartego na mi\u0142o\u015bci, przebudzeniu i prawdziwych warto\u015bciach.<\/p>\n<p>Jeste\u015bmy ma\u0142ymi fragmentami ogromnej globalnej sieci projekt\u00f3w i os\u00f3b, kt\u00f3re po\u015bwi\u0119caj\u0105 si\u0119, aby urzeczywistni\u0107 to wsp\u00f3lne marzenie.<\/p>\n<p>Wasze darowizny pomagaj\u0105 nam po\u015bwi\u0119ci\u0107 si\u0119 tej pracy.<\/p>\n<p>Wierzymy, \u017ce ta praca jest niezb\u0119dna do stworzenia \u015bwiata opartego na mi\u0142o\u015bci, przebudzeniu i prawdziwych warto\u015bciach. Prosimy o przekazywanie darowizn na rzecz naszej organizacji partnerskiej In Harmony with Nature, kt\u00f3ra rozdzieli je mi\u0119dzy czytelnik\u00f3w li\u015bci palmowych, t\u0142umaczy i stworzy projekty buduj\u0105ce nowy \u015bwiat. <\/p>\n<p>Poprzez nasze partnerstwo pracujemy nad promowaniem zr\u00f3wnowa\u017conego stylu \u017cycia, ochron\u0105 i regeneracj\u0105 \u015brodowiska naturalnego, wspieraniem lokalnych spo\u0142eczno\u015bci i szerzeniem \u015bwiadomo\u015bci na temat wzajemnych powi\u0105za\u0144 ca\u0142ego \u017cycia.<\/p>\n<p>Jeste\u015bmy wdzi\u0119czni za wsparcie naszych darczy\u0144c\u00f3w, kt\u00f3rych datki umo\u017cliwiaj\u0105 nam kontynuowanie tej wa\u017cnej pracy. Darowizny pomagaj\u0105 nam finansowa\u0107 nasze projekty i inicjatywy, dociera\u0107 z naszym przes\u0142aniem do wi\u0119kszej liczby os\u00f3b i wywiera\u0107 pozytywny wp\u0142yw na \u015bwiat. <\/p>\n\n        <a href=\"https:\/\/spenden.twingle.de\/in-harmony-with-nature-e-v\/in-harmony-with-nature-e-v-en-kopie\/tw643cd4fb53874\/page\"  target=\"_blank\" class=\"btn btn-primary btn-lg mt-4\">Przeka\u017c darowizn\u0119 na rzecz dzielenia si\u0119 m\u0105dro\u015bci\u0105 Riszich<\/a>\n      <\/div>\n    <\/div>\n  <\/div>\n<\/section><section class=\"donation-top-block text-center\">\n  <div class=\"container-xl\">\n    <div class=\"row\">\n      <div class=\"col-lg-8 mx-auto my-5 text-center\">\n        <div class=\"col-lg-12 text-center\">\n          <div class=\"video-place-holder my-4\">\n            <div class=\"heading mb-3\">Przedstawiamy organizacj\u0119 partnersk\u0105 In Harmony with Nature | Mypalmleaf<\/div>\n            <div class=\"video rounded-asset\">\n              <img decoding=\"async\" src=\"https:\/\/mypalmleaf.com\/wp-content\/uploads\/2024\/09\/donation-video-thumb.png\" class=\"img-fluid\" alt=\"\"><div class=\"play-icon\"><\/div>\n              <a href=\"https:\/\/www.youtube.com\/watch?v=IyDUBCgcutc\" class=\"stretched-link\" data-lity><\/a>\n            <\/div>\n          <\/div>\n          <a href=\"https:\/\/spenden.twingle.de\/in-harmony-with-nature-e-v\/in-harmony-with-nature-e-v-en-kopie\/tw643cd4fb53874\/page\" target=\"_blank\" class=\"btn btn-primary btn-lg my-2\">Przeka\u017c darowizn\u0119 na rzecz dzielenia si\u0119 m\u0105dro\u015bci\u0105 Riszich<\/a>\n        <\/div>\n      <\/div>\n    <\/div>\n  <\/div>\n<\/section>\n<div class=\"container my-5\">\n  <div class=\"row\">\n    <!-- First Column -->\n    <div class=\"col-md-6 mb-4\">\n      <div class=\"video-place-holder my-4\">\n          \n            <div class=\"video rounded-asset\">\n              <img decoding=\"async\" src=\"\/wp-content\/uploads\/2025\/06\/bali-donation-video-thumb.jpg\" class=\"img-fluid\" alt=\"\"\/><div class=\"play-icon\"><\/div>\n              <a href=\"https:\/\/youtube.com\/watch?v=CZg0nTW-ZNc\" class=\"stretched-link\" data-lity=\"\"><\/a>\n            <\/div>\n  <div class=\"heading my-3\">Jak odczyty z li\u015bci palmowych pomagaj\u0105 zmieni\u0107 \u017cycie: Wspieranie domu dziecka Ananda Seva Dharma\n<\/div>\n          <\/div>\n    <\/div>\n\n    <!-- Second Column -->\n    <div class=\"col-md-6 mb-4\">\n      <div class=\"video-place-holder my-4\">\n            <div class=\"video rounded-asset\">\n              <img decoding=\"async\" src=\"\/wp-content\/uploads\/2025\/06\/india-donation-video-thumb.jpg\" class=\"img-fluid\" alt=\"\"\/><div class=\"play-icon\"><\/div>\n              <a href=\"https:\/\/www.youtube.com\/watch?v=OPTRiyZWTa0\" class=\"stretched-link\" data-lity=\"\"><\/a>\n            <\/div>\n            <div class=\"heading my-3\">Przekazano 20 000 posi\u0142k\u00f3w &#8211; dzi\u0119ki tobie! | Nasza podr\u00f3\u017c do \u015bwi\u0105tyni Navagraha <\/div>\n\n          <\/div>\n    <\/div>\n  <\/div>\n<\/div>\n\n","protected":false},"excerpt":{"rendered":"<p>Jak odczyty z li\u015bci palmowych pomagaj\u0105 zmieni\u0107 \u017cycie: Wspieranie domu dziecka Ananda Seva Dharma Przekazano 20 000 posi\u0142k\u00f3w &#8211; dzi\u0119ki tobie! | Nasza podr\u00f3\u017c do \u015bwi\u0105tyni Navagraha<\/p>\n","protected":false},"author":1,"featured_media":0,"parent":0,"menu_order":0,"comment_status":"closed","ping_status":"closed","template":"","meta":{"_acf_changed":false,"footnotes":""},"class_list":["post-29961","page","type-page","status-publish","hentry"],"acf":[],"yoast_head":"<!-- This site is optimized with the Yoast SEO plugin v26.4 - https:\/\/yoast.com\/wordpress\/plugins\/seo\/ -->\n<title>Darowizny - My Palm Leaf<\/title>\n<meta name=\"robots\" content=\"index, follow, max-snippet:-1, max-image-preview:large, max-video-preview:-1\" \/>\n<link rel=\"canonical\" href=\"https:\/\/mypalmleaf.com\/pl\/darowizny\/\" \/>\n<meta property=\"og:locale\" content=\"pl_PL\" \/>\n<meta property=\"og:type\" content=\"article\" \/>\n<meta property=\"og:title\" content=\"Darowizny - My Palm Leaf\" \/>\n<meta property=\"og:description\" content=\"Jak odczyty z li\u015bci palmowych pomagaj\u0105 zmieni\u0107 \u017cycie: Wspieranie domu dziecka Ananda Seva Dharma Przekazano 20 000 posi\u0142k\u00f3w &#8211; dzi\u0119ki tobie! | Nasza podr\u00f3\u017c do \u015bwi\u0105tyni Navagraha\" \/>\n<meta property=\"og:url\" content=\"https:\/\/mypalmleaf.com\/pl\/darowizny\/\" \/>\n<meta property=\"og:site_name\" content=\"My Palm Leaf\" \/>\n<meta property=\"article:modified_time\" content=\"2025-06-21T08:56:06+00:00\" \/>\n<meta property=\"og:image\" content=\"https:\/\/mypalmleaf.com\/wp-content\/uploads\/2025\/08\/mpl-circle-logo.jpg\" \/>\n\t<meta property=\"og:image:width\" content=\"1200\" \/>\n\t<meta property=\"og:image:height\" content=\"1196\" \/>\n\t<meta property=\"og:image:type\" content=\"image\/jpeg\" \/>\n<meta name=\"twitter:card\" content=\"summary_large_image\" \/>\n<script type=\"application\/ld+json\" class=\"yoast-schema-graph\">{\"@context\":\"https:\/\/schema.org\",\"@graph\":[{\"@type\":\"WebPage\",\"@id\":\"https:\/\/mypalmleaf.com\/pl\/darowizny\/\",\"url\":\"https:\/\/mypalmleaf.com\/pl\/darowizny\/\",\"name\":\"Darowizny - My Palm Leaf\",\"isPartOf\":{\"@id\":\"https:\/\/mypalmleaf.com\/#website\"},\"datePublished\":\"2024-09-01T09:48:00+00:00\",\"dateModified\":\"2025-06-21T08:56:06+00:00\",\"breadcrumb\":{\"@id\":\"https:\/\/mypalmleaf.com\/pl\/darowizny\/#breadcrumb\"},\"inLanguage\":\"pl-PL\",\"potentialAction\":[{\"@type\":\"ReadAction\",\"target\":[\"https:\/\/mypalmleaf.com\/pl\/darowizny\/\"]}]},{\"@type\":\"BreadcrumbList\",\"@id\":\"https:\/\/mypalmleaf.com\/pl\/darowizny\/#breadcrumb\",\"itemListElement\":[{\"@type\":\"ListItem\",\"position\":1,\"name\":\"Home\",\"item\":\"https:\/\/mypalmleaf.com\/pl\/\"},{\"@type\":\"ListItem\",\"position\":2,\"name\":\"Darowizny\"}]},{\"@type\":\"WebSite\",\"@id\":\"https:\/\/mypalmleaf.com\/#website\",\"url\":\"https:\/\/mypalmleaf.com\/\",\"name\":\"My Palm Leaf\",\"description\":\"\",\"potentialAction\":[{\"@type\":\"SearchAction\",\"target\":{\"@type\":\"EntryPoint\",\"urlTemplate\":\"https:\/\/mypalmleaf.com\/?s={search_term_string}\"},\"query-input\":{\"@type\":\"PropertyValueSpecification\",\"valueRequired\":true,\"valueName\":\"search_term_string\"}}],\"inLanguage\":\"pl-PL\"}]}<\/script>\n<!-- \/ Yoast SEO plugin. -->","yoast_head_json":{"title":"Darowizny - My Palm Leaf","robots":{"index":"index","follow":"follow","max-snippet":"max-snippet:-1","max-image-preview":"max-image-preview:large","max-video-preview":"max-video-preview:-1"},"canonical":"https:\/\/mypalmleaf.com\/pl\/darowizny\/","og_locale":"pl_PL","og_type":"article","og_title":"Darowizny - My Palm Leaf","og_description":"Jak odczyty z li\u015bci palmowych pomagaj\u0105 zmieni\u0107 \u017cycie: Wspieranie domu dziecka Ananda Seva Dharma Przekazano 20 000 posi\u0142k\u00f3w &#8211; dzi\u0119ki tobie! | Nasza podr\u00f3\u017c do \u015bwi\u0105tyni Navagraha","og_url":"https:\/\/mypalmleaf.com\/pl\/darowizny\/","og_site_name":"My Palm Leaf","article_modified_time":"2025-06-21T08:56:06+00:00","og_image":[{"width":1200,"height":1196,"url":"https:\/\/mypalmleaf.com\/wp-content\/uploads\/2025\/08\/mpl-circle-logo.jpg","type":"image\/jpeg"}],"twitter_card":"summary_large_image","schema":{"@context":"https:\/\/schema.org","@graph":[{"@type":"WebPage","@id":"https:\/\/mypalmleaf.com\/pl\/darowizny\/","url":"https:\/\/mypalmleaf.com\/pl\/darowizny\/","name":"Darowizny - My Palm Leaf","isPartOf":{"@id":"https:\/\/mypalmleaf.com\/#website"},"datePublished":"2024-09-01T09:48:00+00:00","dateModified":"2025-06-21T08:56:06+00:00","breadcrumb":{"@id":"https:\/\/mypalmleaf.com\/pl\/darowizny\/#breadcrumb"},"inLanguage":"pl-PL","potentialAction":[{"@type":"ReadAction","target":["https:\/\/mypalmleaf.com\/pl\/darowizny\/"]}]},{"@type":"BreadcrumbList","@id":"https:\/\/mypalmleaf.com\/pl\/darowizny\/#breadcrumb","itemListElement":[{"@type":"ListItem","position":1,"name":"Home","item":"https:\/\/mypalmleaf.com\/pl\/"},{"@type":"ListItem","position":2,"name":"Darowizny"}]},{"@type":"WebSite","@id":"https:\/\/mypalmleaf.com\/#website","url":"https:\/\/mypalmleaf.com\/","name":"My Palm Leaf","description":"","potentialAction":[{"@type":"SearchAction","target":{"@type":"EntryPoint","urlTemplate":"https:\/\/mypalmleaf.com\/?s={search_term_string}"},"query-input":{"@type":"PropertyValueSpecification","valueRequired":true,"valueName":"search_term_string"}}],"inLanguage":"pl-PL"}]}},"_links":{"self":[{"href":"https:\/\/mypalmleaf.com\/pl\/wp-json\/wp\/v2\/pages\/29961","targetHints":{"allow":["GET"]}}],"collection":[{"href":"https:\/\/mypalmleaf.com\/pl\/wp-json\/wp\/v2\/pages"}],"about":[{"href":"https:\/\/mypalmleaf.com\/pl\/wp-json\/wp\/v2\/types\/page"}],"author":[{"embeddable":true,"href":"https:\/\/mypalmleaf.com\/pl\/wp-json\/wp\/v2\/users\/1"}],"replies":[{"embeddable":true,"href":"https:\/\/mypalmleaf.com\/pl\/wp-json\/wp\/v2\/comments?post=29961"}],"version-history":[{"count":0,"href":"https:\/\/mypalmleaf.com\/pl\/wp-json\/wp\/v2\/pages\/29961\/revisions"}],"wp:attachment":[{"href":"https:\/\/mypalmleaf.com\/pl\/wp-json\/wp\/v2\/media?parent=29961"}],"curies":[{"name":"wp","href":"https:\/\/api.w.org\/{rel}","templated":true}]}}