
{"id":29970,"date":"2024-09-14T06:16:57","date_gmt":"2024-09-14T06:16:57","guid":{"rendered":"https:\/\/mypalmleaf.com\/skontaktuj-sie-z-nami\/"},"modified":"2025-04-29T10:06:05","modified_gmt":"2025-04-29T10:06:05","slug":"skontaktuj-sie-z-nami","status":"publish","type":"page","link":"https:\/\/mypalmleaf.com\/pl\/skontaktuj-sie-z-nami\/","title":{"rendered":"Skontaktuj si\u0119 z nami"},"content":{"rendered":"\n<section class=\"spotlight-main small top-gap\">\n    <!-- <div class=\"slider-wrap\" data-flickity='{ \"cellAlign\": \"left\", \"contain\": true, \"wrapAround\": true, \"setGallerySize\": false }'> -->\n    <div class=\"slider-wrap\" data-flickity='{ \"cellAlign\": \"left\", \"contain\": true, \"wrapAround\": true, \"setGallerySize\": false  }'>\n            <div class=\"slides\">\n        <div class=\"content-wrap\">\n          <div class=\"image\">\n            <picture>\n              <source media=\"(max-width: 999px)\" srcset=\"https:\/\/mypalmleaf.com\/wp-content\/uploads\/2024\/09\/contact-us-spotlight-mob.jpg\" \/>\n              <source media=\"(min-width: 1000px)\" srcset=\"https:\/\/mypalmleaf.com\/wp-content\/uploads\/2024\/09\/contact-us-spotlight.jpg\" \/>\n              <img decoding=\"async\" src=\"https:\/\/mypalmleaf.com\/wp-content\/uploads\/2024\/09\/contact-us-spotlight.jpg\" class=\"img-fluid\" alt=\"\" \/>\n            <\/picture>\n          <\/div>\n          <div class=\"content\">\n            <div data-aos=\"fade-up\" data-aos-duration=\"1000\">\n              <h2 class=\"\">Kontakt<\/h2>\n                                 \n            <\/div>\n          <\/div>\n        <\/div>\n      <\/div>\n          <\/div>\n<\/section>\n<section class=\"contact-top\">\n    <div class=\"container-xl\">\n        <div class=\"row\">\n            <div class=\"col-lg-6 block mb-4 mb-lg-0\">\n                <div class=\"bg-wrap\"><img decoding=\"async\" src=\"\/wp-content\/uploads\/2024\/09\/leaf-process-bg-1.webp\" class=\"img-fluid\" alt=\"\"\/><\/div>\n                <div class=\"content\">\n                    <div class=\"bind\">\n                        <div class=\"label\">WhatsApp Us<\/div>\n                        <div class=\"desc\">+49 1575 3142393<\/div>\n                    <\/div>\n                    <a href=\"https:\/\/api.whatsapp.com\/send?phone=+4915753142393&#038;text=hi\" target=\"_blank\" class=\"stretched-link\" rel=\"noopener\"><\/a>\n                <\/div>\n            <\/div>\n            <div class=\"col-lg-6 block\">\n                <div class=\"bg-wrap\"><img decoding=\"async\" src=\"\/wp-content\/uploads\/2024\/09\/leaf-process-bg-1.webp\" class=\"img-fluid\" alt=\"\"\/><\/div>\n                <div class=\"content\">\n                    <div class=\"bind\">\n                        <div class=\"label\">Napisz do nas<\/div>\n                        <div class=\"desc\">support@mypalmleaf.com<\/div>\n                    <\/div>\n                    <a href=\"mailto:support@mypalmleaf.com\" target=\"_blank\" class=\"stretched-link\" rel=\"noopener\"><\/a>\n                <\/div>\n            <\/div>\n        <\/div>\n    <\/div>\n  <\/section>\n<section class=\"contact-form-wrap\">\n  <div class=\"container-xl\">\n    <div class=\"row justify-content-center\">\n      <div class=\"col-lg-8\">\n        <div class=\"form-wrap\">\n          <h2 class=\"mb-4\">Jakie\u015b pytania? Ch\u0119tnie odpowiemy! <\/h2>\n          <p class=\"wpcf7-contact-form-not-found\"><strong>B\u0142\u0105d:<\/strong> Brak formularza kontaktowego.<\/p>        <\/div>\n      <\/div>\n    <\/div>\n  <\/div>\n<\/section>","protected":false},"excerpt":{"rendered":"<p>WhatsApp Us +49 1575 3142393 Napisz do nas support@mypalmleaf.com<\/p>\n","protected":false},"author":1,"featured_media":0,"parent":0,"menu_order":0,"comment_status":"closed","ping_status":"closed","template":"","meta":{"_acf_changed":false,"footnotes":""},"class_list":["post-29970","page","type-page","status-publish","hentry"],"acf":[],"yoast_head":"<!-- This site is optimized with the Yoast SEO plugin v26.4 - https:\/\/yoast.com\/wordpress\/plugins\/seo\/ -->\n<title>Skontaktuj si\u0119 z nami - My Palm Leaf<\/title>\n<meta name=\"description\" content=\"Masz pytania? Skontaktuj si\u0119 z naszym zespo\u0142em, aby uzyska\u0107 pomoc dotycz\u0105c\u0105 czytania li\u015bci palmowych, rezerwacji sesji lub og\u00f3lnych informacji o ofercie.\" \/>\n<meta name=\"robots\" content=\"index, follow, max-snippet:-1, max-image-preview:large, max-video-preview:-1\" \/>\n<link rel=\"canonical\" href=\"https:\/\/mypalmleaf.com\/pl\/skontaktuj-sie-z-nami\/\" \/>\n<meta property=\"og:locale\" content=\"pl_PL\" \/>\n<meta property=\"og:type\" content=\"article\" \/>\n<meta property=\"og:title\" content=\"Skontaktuj si\u0119 z nami - My Palm Leaf\" \/>\n<meta property=\"og:description\" content=\"Masz pytania? Skontaktuj si\u0119 z naszym zespo\u0142em, aby uzyska\u0107 pomoc dotycz\u0105c\u0105 czytania li\u015bci palmowych, rezerwacji sesji lub og\u00f3lnych informacji o ofercie.\" \/>\n<meta property=\"og:url\" content=\"https:\/\/mypalmleaf.com\/pl\/skontaktuj-sie-z-nami\/\" \/>\n<meta property=\"og:site_name\" content=\"My Palm Leaf\" \/>\n<meta property=\"article:modified_time\" content=\"2025-04-29T10:06:05+00:00\" \/>\n<meta property=\"og:image\" content=\"https:\/\/mypalmleaf.com\/wp-content\/uploads\/2025\/08\/mpl-circle-logo.jpg\" \/>\n\t<meta property=\"og:image:width\" content=\"1200\" \/>\n\t<meta property=\"og:image:height\" content=\"1196\" \/>\n\t<meta property=\"og:image:type\" content=\"image\/jpeg\" \/>\n<meta name=\"twitter:card\" content=\"summary_large_image\" \/>\n<meta name=\"twitter:label1\" content=\"Szacowany czas czytania\" \/>\n\t<meta name=\"twitter:data1\" content=\"1 minuta\" \/>\n<script type=\"application\/ld+json\" class=\"yoast-schema-graph\">{\"@context\":\"https:\/\/schema.org\",\"@graph\":[{\"@type\":\"WebPage\",\"@id\":\"https:\/\/mypalmleaf.com\/pl\/skontaktuj-sie-z-nami\/\",\"url\":\"https:\/\/mypalmleaf.com\/pl\/skontaktuj-sie-z-nami\/\",\"name\":\"Skontaktuj si\u0119 z nami - My Palm Leaf\",\"isPartOf\":{\"@id\":\"https:\/\/mypalmleaf.com\/#website\"},\"datePublished\":\"2024-09-14T06:16:57+00:00\",\"dateModified\":\"2025-04-29T10:06:05+00:00\",\"description\":\"Masz pytania? Skontaktuj si\u0119 z naszym zespo\u0142em, aby uzyska\u0107 pomoc dotycz\u0105c\u0105 czytania li\u015bci palmowych, rezerwacji sesji lub og\u00f3lnych informacji o ofercie.\",\"breadcrumb\":{\"@id\":\"https:\/\/mypalmleaf.com\/pl\/skontaktuj-sie-z-nami\/#breadcrumb\"},\"inLanguage\":\"pl-PL\",\"potentialAction\":[{\"@type\":\"ReadAction\",\"target\":[\"https:\/\/mypalmleaf.com\/pl\/skontaktuj-sie-z-nami\/\"]}]},{\"@type\":\"BreadcrumbList\",\"@id\":\"https:\/\/mypalmleaf.com\/pl\/skontaktuj-sie-z-nami\/#breadcrumb\",\"itemListElement\":[{\"@type\":\"ListItem\",\"position\":1,\"name\":\"Home\",\"item\":\"https:\/\/mypalmleaf.com\/pl\/\"},{\"@type\":\"ListItem\",\"position\":2,\"name\":\"Skontaktuj si\u0119 z nami\"}]},{\"@type\":\"WebSite\",\"@id\":\"https:\/\/mypalmleaf.com\/#website\",\"url\":\"https:\/\/mypalmleaf.com\/\",\"name\":\"My Palm Leaf\",\"description\":\"\",\"potentialAction\":[{\"@type\":\"SearchAction\",\"target\":{\"@type\":\"EntryPoint\",\"urlTemplate\":\"https:\/\/mypalmleaf.com\/?s={search_term_string}\"},\"query-input\":{\"@type\":\"PropertyValueSpecification\",\"valueRequired\":true,\"valueName\":\"search_term_string\"}}],\"inLanguage\":\"pl-PL\"}]}<\/script>\n<!-- \/ Yoast SEO plugin. -->","yoast_head_json":{"title":"Skontaktuj si\u0119 z nami - My Palm Leaf","description":"Masz pytania? Skontaktuj si\u0119 z naszym zespo\u0142em, aby uzyska\u0107 pomoc dotycz\u0105c\u0105 czytania li\u015bci palmowych, rezerwacji sesji lub og\u00f3lnych informacji o ofercie.","robots":{"index":"index","follow":"follow","max-snippet":"max-snippet:-1","max-image-preview":"max-image-preview:large","max-video-preview":"max-video-preview:-1"},"canonical":"https:\/\/mypalmleaf.com\/pl\/skontaktuj-sie-z-nami\/","og_locale":"pl_PL","og_type":"article","og_title":"Skontaktuj si\u0119 z nami - My Palm Leaf","og_description":"Masz pytania? Skontaktuj si\u0119 z naszym zespo\u0142em, aby uzyska\u0107 pomoc dotycz\u0105c\u0105 czytania li\u015bci palmowych, rezerwacji sesji lub og\u00f3lnych informacji o ofercie.","og_url":"https:\/\/mypalmleaf.com\/pl\/skontaktuj-sie-z-nami\/","og_site_name":"My Palm Leaf","article_modified_time":"2025-04-29T10:06:05+00:00","og_image":[{"width":1200,"height":1196,"url":"https:\/\/mypalmleaf.com\/wp-content\/uploads\/2025\/08\/mpl-circle-logo.jpg","type":"image\/jpeg"}],"twitter_card":"summary_large_image","twitter_misc":{"Szacowany czas czytania":"1 minuta"},"schema":{"@context":"https:\/\/schema.org","@graph":[{"@type":"WebPage","@id":"https:\/\/mypalmleaf.com\/pl\/skontaktuj-sie-z-nami\/","url":"https:\/\/mypalmleaf.com\/pl\/skontaktuj-sie-z-nami\/","name":"Skontaktuj si\u0119 z nami - My Palm Leaf","isPartOf":{"@id":"https:\/\/mypalmleaf.com\/#website"},"datePublished":"2024-09-14T06:16:57+00:00","dateModified":"2025-04-29T10:06:05+00:00","description":"Masz pytania? Skontaktuj si\u0119 z naszym zespo\u0142em, aby uzyska\u0107 pomoc dotycz\u0105c\u0105 czytania li\u015bci palmowych, rezerwacji sesji lub og\u00f3lnych informacji o ofercie.","breadcrumb":{"@id":"https:\/\/mypalmleaf.com\/pl\/skontaktuj-sie-z-nami\/#breadcrumb"},"inLanguage":"pl-PL","potentialAction":[{"@type":"ReadAction","target":["https:\/\/mypalmleaf.com\/pl\/skontaktuj-sie-z-nami\/"]}]},{"@type":"BreadcrumbList","@id":"https:\/\/mypalmleaf.com\/pl\/skontaktuj-sie-z-nami\/#breadcrumb","itemListElement":[{"@type":"ListItem","position":1,"name":"Home","item":"https:\/\/mypalmleaf.com\/pl\/"},{"@type":"ListItem","position":2,"name":"Skontaktuj si\u0119 z nami"}]},{"@type":"WebSite","@id":"https:\/\/mypalmleaf.com\/#website","url":"https:\/\/mypalmleaf.com\/","name":"My Palm Leaf","description":"","potentialAction":[{"@type":"SearchAction","target":{"@type":"EntryPoint","urlTemplate":"https:\/\/mypalmleaf.com\/?s={search_term_string}"},"query-input":{"@type":"PropertyValueSpecification","valueRequired":true,"valueName":"search_term_string"}}],"inLanguage":"pl-PL"}]}},"_links":{"self":[{"href":"https:\/\/mypalmleaf.com\/pl\/wp-json\/wp\/v2\/pages\/29970","targetHints":{"allow":["GET"]}}],"collection":[{"href":"https:\/\/mypalmleaf.com\/pl\/wp-json\/wp\/v2\/pages"}],"about":[{"href":"https:\/\/mypalmleaf.com\/pl\/wp-json\/wp\/v2\/types\/page"}],"author":[{"embeddable":true,"href":"https:\/\/mypalmleaf.com\/pl\/wp-json\/wp\/v2\/users\/1"}],"replies":[{"embeddable":true,"href":"https:\/\/mypalmleaf.com\/pl\/wp-json\/wp\/v2\/comments?post=29970"}],"version-history":[{"count":0,"href":"https:\/\/mypalmleaf.com\/pl\/wp-json\/wp\/v2\/pages\/29970\/revisions"}],"wp:attachment":[{"href":"https:\/\/mypalmleaf.com\/pl\/wp-json\/wp\/v2\/media?parent=29970"}],"curies":[{"name":"wp","href":"https:\/\/api.w.org\/{rel}","templated":true}]}}