
{"id":29986,"date":"2024-09-05T05:53:33","date_gmt":"2024-09-05T05:53:33","guid":{"rendered":"https:\/\/mypalmleaf.com\/polityka-prywatnosci\/"},"modified":"2025-04-17T06:29:08","modified_gmt":"2025-04-17T06:29:08","slug":"polityka-prywatnosci","status":"publish","type":"page","link":"https:\/\/mypalmleaf.com\/pl\/polityka-prywatnosci\/","title":{"rendered":"Polityka prywatno\u015bci"},"content":{"rendered":"\n<h2 class=\"wp-block-heading\"><strong>1. Wprowadzenie<\/strong><\/h2>\n\n<p>Conscious Innovation Lab O\u00dc (&#8222;my&#8221;, &#8222;nasz&#8221; lub &#8222;nas&#8221;) zobowi\u0105zuje si\u0119 do ochrony Twoich danych osobowych i poszanowania Twojej prywatno\u015bci. Niniejsza Polityka prywatno\u015bci okre\u015bla, w jaki spos\u00f3b gromadzimy, wykorzystujemy i chronimy dane osobowe u\u017cytkownik\u00f3w zgodnie z <strong>og\u00f3lnym rozporz\u0105dzeniem o ochronie danych (RODO)<\/strong>. <\/p>\n\n<p><strong>Informacje kontaktowe:<br\/><\/strong>Conscious Innovation Lab O\u00dc<br\/>Sakala 7-2<br\/>10141 Tallinn, Estonia<br\/>Email: <a href=\"mailto:info@mypalmleaf.com\">info@mypalmleaf.com<\/a><\/p>\n\n<p><br\/>Inspektor ochrony danych (IOD): <strong>Stephan Oesterreicher<br\/><\/strong>Email: info@mypalmleaf.com<\/p>\n\n<h2>2. Gromadzone przez nas dane<\/h2>\n\n<p>W celu \u015bwiadczenia naszych us\u0142ug gromadzimy nast\u0119puj\u0105ce dane osobowe:<\/p>\n\n<ul class=\"wp-block-list\">\n<li>Imi\u0119 i nazwisko.<\/li>\n\n\n\n<li>Adres rozliczeniowy.<\/li>\n\n\n\n<li>Adres e-mail.<\/li>\n\n\n\n<li>Numer telefonu.<\/li>\n\n\n\n<li>Szczeg\u00f3\u0142y p\u0142atno\u015bci.<\/li>\n\n\n\n<li>Odcisk kciuka (do zlokalizowania li\u015bcia d\u0142oni).<\/li>\n\n\n\n<li>P\u0142e\u0107 i kraj urodzenia (w celu zlokalizowania li\u015bcia palmowego).<\/li>\n<\/ul>\n\n<h2 class=\"wp-block-heading\"><strong>3. Cel przetwarzania danych<\/strong><\/h2>\n\n<p>Przetwarzamy dane osobowe u\u017cytkownika w nast\u0119puj\u0105cych celach:<\/p>\n\n<ul class=\"wp-block-list\">\n<li><strong>Realizacja zam\u00f3wie\u0144:<\/strong> Przetwarzanie i dostarczanie zam\u00f3wie\u0144 z\u0142o\u017conych za po\u015brednictwem naszej strony internetowej.<\/li>\n\n\n\n<li><strong>Odnajdywanie li\u015bcia palmowego:<\/strong> Odciski palc\u00f3w, p\u0142e\u0107 i kraj urodzenia s\u0105 zbierane wy\u0142\u0105cznie w celu zlokalizowania konkretnego li\u015bcia palmowego.<\/li>\n\n\n\n<li><strong>Newslettery:<\/strong> Wysy\u0142anie biuletyn\u00f3w i aktualizacji (wy\u0142\u0105cznie za zgod\u0105 u\u017cytkownika).<\/li>\n\n\n\n<li><strong>Analityka i ulepszanie strony internetowej:<\/strong> Ulepszanie strony internetowej i do\u015bwiadcze\u0144 u\u017cytkownik\u00f3w za pomoc\u0105 narz\u0119dzi takich jak Google Analytics i Facebook Pixel.<\/li>\n\n\n\n<li><strong>Zgodno\u015b\u0107 z prawem:<\/strong> Przestrzeganie obowi\u0105zuj\u0105cych przepis\u00f3w podatkowych i finansowych.<\/li>\n<\/ul>\n\n<h2 class=\"wp-block-heading\"><strong>4. Podstawa prawna przetwarzania<\/strong><\/h2>\n\n<p>Przetwarzamy dane u\u017cytkownika w oparciu o nast\u0119puj\u0105ce podstawy prawne:<\/p>\n\n<ul class=\"wp-block-list\">\n<li><strong>Zgoda:<\/strong> W przypadku newsletter\u00f3w i wszelkich komunikat\u00f3w marketingowych.<\/li>\n\n\n\n<li><strong>Konieczno\u015b\u0107 umowna:<\/strong> Realizacja zam\u00f3wie\u0144 i \u015bwiadczenie us\u0142ug.<\/li>\n\n\n\n<li><strong>Uzasadnione interesy:<\/strong> Aby analizowa\u0107 wydajno\u015b\u0107 strony internetowej i zapewni\u0107 jej funkcjonalno\u015b\u0107.<\/li>\n\n\n\n<li><strong>Obowi\u0105zki prawne:<\/strong> W celu zapewnienia zgodno\u015bci ze sprawozdawczo\u015bci\u0105 podatkow\u0105 i innymi wymogami prawnymi.<\/li>\n<\/ul>\n\n<h2 class=\"wp-block-heading\"><strong>5. Us\u0142ugi stron trzecich<\/strong><\/h2>\n\n<p>Korzystamy z us\u0142ug zewn\u0119trznych dostawc\u00f3w us\u0142ug w celu bezpiecznego i wydajnego przetwarzania danych, w tym:<\/p>\n\n<ul class=\"wp-block-list\">\n<li><strong>Dostawcy hostingu:<\/strong> AWS, Google Cloud, monday.com.<\/li>\n\n\n\n<li><strong>Narz\u0119dzia do e-mail marketingu:<\/strong> Mailchimp.<\/li>\n\n\n\n<li><strong>Procesory p\u0142atno\u015bci:<\/strong> PayPal, Stripe.<\/li>\n\n\n\n<li><strong>Analityka i \u015bledzenie:<\/strong> Google Analytics, Facebook Pixel<\/li>\n<\/ul>\n\n<p>Ka\u017cdy z tych dostawc\u00f3w jest zgodny z RODO i zapewnia ochron\u0119 danych poprzez odpowiednie zabezpieczenia.<\/p>\n\n<h2 class=\"wp-block-heading\"><strong>6. Mi\u0119dzynarodowe transfery danych<\/strong><\/h2>\n\n<p>Aby zlokalizowa\u0107 li\u015b\u0107 palmowy, przekazujemy dane osobowe (odcisk kciuka, p\u0142e\u0107, kraj urodzenia) bez imienia i nazwiska do <strong>Indii<\/strong>. Przekazywanie danych odbywa si\u0119 na podstawie <strong>standardowych klauzul umownych (SCC)<\/strong>, aby zapewni\u0107 odpowiedni poziom ochrony danych. <\/p>\n\n<h2 class=\"wp-block-heading\"><strong>7. Pliki cookie i technologie \u015bledzenia<\/strong><\/h2>\n\n<p>U\u017cywamy plik\u00f3w cookie i podobnych technologii \u015bledzenia, aby poprawi\u0107 komfort u\u017cytkowania. Obejmuj\u0105 one: <\/p>\n\n<ul class=\"wp-block-list\">\n<li><strong>Google Analytics:<\/strong> Do analizowania ruchu w witrynie i zachowania u\u017cytkownik\u00f3w.<\/li>\n\n\n\n<li><strong>Piksel Facebooka:<\/strong> Do spersonalizowanego marketingu i \u015bledzenia konwersji.<\/li>\n<\/ul>\n\n<p>Preferencjami dotycz\u0105cymi plik\u00f3w cookie mo\u017cna zarz\u0105dza\u0107 za po\u015brednictwem naszego banera zgody na pliki cookie lub dostosowa\u0107 ustawienia w przegl\u0105darce.<\/p>\n\n<h2 class=\"wp-block-heading\"><strong>8. Przechowywanie danych<\/strong><\/h2>\n\n<p>Przechowujemy dane osobowe przez nast\u0119puj\u0105ce okresy:<\/p>\n\n<ul class=\"wp-block-list\">\n<li>Og\u00f3lne dane klienta (np. imi\u0119 i nazwisko, adres e-mail, adres rozliczeniowy): <strong>6 lat<\/strong>.<\/li>\n\n\n\n<li>Odciski kciuk\u00f3w (u\u017cywane do lokalizowania li\u015bci palmowych): <strong>4 tygodnie po og\u00f3lnym odczycie.<\/strong><\/li>\n<\/ul>\n\n<p>Dane s\u0105 usuwane lub anonimizowane, gdy nie s\u0105 ju\u017c potrzebne do okre\u015blonych cel\u00f3w.<\/p>\n\n<h2 class=\"wp-block-heading\"><strong>9. Prawa u\u017cytkownika<\/strong><\/h2>\n\n<p>Zgodnie z RODO u\u017cytkownikowi przys\u0142uguj\u0105 nast\u0119puj\u0105ce prawa dotycz\u0105ce jego danych osobowych:<\/p>\n\n<ol class=\"wp-block-list\">\n<li><strong>Prawo dost\u0119pu:<\/strong> \u017b\u0105danie dost\u0119pu do przechowywanych przez nas danych osobowych u\u017cytkownika.<\/li>\n\n\n\n<li><strong>Prawo do sprostowania:<\/strong> Popraw nie\u015bcis\u0142o\u015bci w swoich danych.<\/li>\n\n\n\n<li><strong>Prawo do usuni\u0119cia danych:<\/strong> \u017b\u0105danie usuni\u0119cia danych (&#8222;prawo do bycia zapomnianym&#8221;).<\/li>\n\n\n\n<li><strong>Prawo do ograniczenia przetwarzania:<\/strong> Ograniczenie przetwarzania danych w okre\u015blonych okoliczno\u015bciach.<\/li>\n\n\n\n<li><strong>Prawo do przenoszenia danych:<\/strong> Otrzymywania swoich danych w ustrukturyzowanym formacie nadaj\u0105cym si\u0119 do odczytu maszynowego.<\/li>\n\n\n\n<li><strong>Prawo do sprzeciwu:<\/strong> Sprzeciw wobec przetwarzania danych u\u017cytkownika w uzasadnionych interesach lub w celach marketingowych.<\/li>\n\n\n\n<li><strong>Prawo do wycofania zgody:<\/strong> Wycofanie zgody na przetwarzanie danych w dowolnym momencie.<\/li>\n\n\n\n<li><strong>Prawo do z\u0142o\u017cenia skargi:<\/strong> Je\u015bli uwa\u017casz, \u017ce Twoje prawa zosta\u0142y naruszone, z\u0142\u00f3\u017c skarg\u0119 do lokalnego organu ochrony danych.<\/li>\n<\/ol>\n\n<p>Aby skorzysta\u0107 z kt\u00f3regokolwiek z tych praw, prosimy o kontakt pod adresem info@mypalmleaf.com.<br\/><\/p>\n\n<h2 class=\"wp-block-heading\"><strong>10. Zautomatyzowane podejmowanie decyzji i profilowanie<\/strong><\/h2>\n\n<p>Nie korzystamy z narz\u0119dzi do zautomatyzowanego podejmowania decyzji ani profilowania.<br\/><\/p>\n\n<h2 class=\"wp-block-heading\"><strong>11. Bezpiecze\u0144stwo danych<\/strong><\/h2>\n\n<p>Chocia\u017c obecnie nie wdra\u017camy konkretnych technicznych \u015brodk\u00f3w bezpiecze\u0144stwa (np. szyfrowania), dok\u0142adamy wszelkich stara\u0144, aby bezpiecznie obchodzi\u0107 si\u0119 z danymi osobowymi i udost\u0119pnia\u0107 je wy\u0142\u0105cznie zaufanym stronom trzecim. Pracujemy nad wdro\u017ceniem solidniejszych \u015brodk\u00f3w bezpiecze\u0144stwa w najbli\u017cszej przysz\u0142o\u015bci. <\/p>\n\n<h2 class=\"wp-block-heading\"><strong>12. Aktualizacje niniejszej Polityki prywatno\u015bci<\/strong><\/h2>\n\n<p>Od czasu do czasu mo\u017cemy aktualizowa\u0107 niniejsz\u0105 Polityk\u0119 prywatno\u015bci w celu odzwierciedlenia zmian w wymogach prawnych lub operacyjnych. Wszelkie aktualizacje b\u0119d\u0105 publikowane na tej stronie, a w stosownych przypadkach powiadomimy o nich bezpo\u015brednio u\u017cytkownika. <\/p>\n\n<p><strong>Ostatnia aktualizacja:<\/strong> 22 listopada 2024 r.<br\/><\/p>\n\n<p><span id=\"docs-internal-guid-8f69ac49-7fff-720c-c3f9-e299012d149c\"><div><span style=\"font-size: 12pt; font-family: Arial, sans-serif; color: rgb(13, 13, 13); background-color: transparent; font-variant-numeric: normal; font-variant-east-asian: normal; font-variant-alternates: normal; font-variant-position: normal; vertical-align: baseline;\"><\/span><\/div><\/span><\/p>\n","protected":false},"excerpt":{"rendered":"<p>1. Wprowadzenie Conscious Innovation Lab O\u00dc (&#8222;my&#8221;, &#8222;nasz&#8221; lub &#8222;nas&#8221;) zobowi\u0105zuje si\u0119 do ochrony Twoich danych osobowych i poszanowania Twojej prywatno\u015bci. Niniejsza Polityka prywatno\u015bci okre\u015bla, w jaki spos\u00f3b gromadzimy, wykorzystujemy i chronimy dane osobowe u\u017cytkownik\u00f3w zgodnie z og\u00f3lnym rozporz\u0105dzeniem o ochronie danych (RODO). Informacje kontaktowe:Conscious Innovation Lab O\u00dcSakala 7-210141 Tallinn, EstoniaEmail: info@mypalmleaf.com Inspektor ochrony danych [&hellip;]<\/p>\n","protected":false},"author":1,"featured_media":0,"parent":0,"menu_order":0,"comment_status":"closed","ping_status":"closed","template":"static-template-page.php","meta":{"_acf_changed":false,"footnotes":""},"class_list":["post-29986","page","type-page","status-publish","hentry"],"acf":[],"yoast_head":"<!-- This site is optimized with the Yoast SEO plugin v26.4 - https:\/\/yoast.com\/wordpress\/plugins\/seo\/ -->\n<title>Polityka prywatno\u015bci - My Palm Leaf<\/title>\n<meta name=\"description\" content=\"Przeczytaj nasz\u0105 polityk\u0119 prywatno\u015bci, by dowiedzie\u0107 si\u0119, jak chronimy Twoje dane i dbamy o Twoj\u0105 prywatno\u015b\u0107 podczas duchowego procesu odczytu.\" \/>\n<meta name=\"robots\" content=\"index, follow, max-snippet:-1, max-image-preview:large, max-video-preview:-1\" \/>\n<link rel=\"canonical\" href=\"https:\/\/mypalmleaf.com\/privacy-policy\/\" \/>\n<meta property=\"og:locale\" content=\"pl_PL\" \/>\n<meta property=\"og:type\" content=\"article\" \/>\n<meta property=\"og:title\" content=\"Polityka prywatno\u015bci - My Palm Leaf\" \/>\n<meta property=\"og:description\" content=\"Przeczytaj nasz\u0105 polityk\u0119 prywatno\u015bci, by dowiedzie\u0107 si\u0119, jak chronimy Twoje dane i dbamy o Twoj\u0105 prywatno\u015b\u0107 podczas duchowego procesu odczytu.\" \/>\n<meta property=\"og:url\" content=\"https:\/\/mypalmleaf.com\/privacy-policy\/\" \/>\n<meta property=\"og:site_name\" content=\"My Palm Leaf\" \/>\n<meta property=\"article:modified_time\" content=\"2025-04-17T06:29:08+00:00\" \/>\n<meta property=\"og:image\" content=\"https:\/\/mypalmleaf.com\/wp-content\/uploads\/2025\/08\/mpl-circle-logo.jpg\" \/>\n\t<meta property=\"og:image:width\" content=\"1200\" \/>\n\t<meta property=\"og:image:height\" content=\"1196\" \/>\n\t<meta property=\"og:image:type\" content=\"image\/jpeg\" \/>\n<meta name=\"twitter:card\" content=\"summary_large_image\" \/>\n<meta name=\"twitter:label1\" content=\"Szacowany czas czytania\" \/>\n\t<meta name=\"twitter:data1\" content=\"3 minuty\" \/>\n<script type=\"application\/ld+json\" class=\"yoast-schema-graph\">{\"@context\":\"https:\/\/schema.org\",\"@graph\":[{\"@type\":\"WebPage\",\"@id\":\"https:\/\/mypalmleaf.com\/privacy-policy\/\",\"url\":\"https:\/\/mypalmleaf.com\/privacy-policy\/\",\"name\":\"Polityka prywatno\u015bci - My Palm Leaf\",\"isPartOf\":{\"@id\":\"https:\/\/mypalmleaf.com\/#website\"},\"datePublished\":\"2024-09-05T05:53:33+00:00\",\"dateModified\":\"2025-04-17T06:29:08+00:00\",\"description\":\"Przeczytaj nasz\u0105 polityk\u0119 prywatno\u015bci, by dowiedzie\u0107 si\u0119, jak chronimy Twoje dane i dbamy o Twoj\u0105 prywatno\u015b\u0107 podczas duchowego procesu odczytu.\",\"breadcrumb\":{\"@id\":\"https:\/\/mypalmleaf.com\/privacy-policy\/#breadcrumb\"},\"inLanguage\":\"pl-PL\",\"potentialAction\":[{\"@type\":\"ReadAction\",\"target\":[\"https:\/\/mypalmleaf.com\/privacy-policy\/\"]}]},{\"@type\":\"BreadcrumbList\",\"@id\":\"https:\/\/mypalmleaf.com\/privacy-policy\/#breadcrumb\",\"itemListElement\":[{\"@type\":\"ListItem\",\"position\":1,\"name\":\"Home\",\"item\":\"https:\/\/mypalmleaf.com\/pl\/\"},{\"@type\":\"ListItem\",\"position\":2,\"name\":\"Polityka prywatno\u015bci\"}]},{\"@type\":\"WebSite\",\"@id\":\"https:\/\/mypalmleaf.com\/#website\",\"url\":\"https:\/\/mypalmleaf.com\/\",\"name\":\"My Palm Leaf\",\"description\":\"\",\"potentialAction\":[{\"@type\":\"SearchAction\",\"target\":{\"@type\":\"EntryPoint\",\"urlTemplate\":\"https:\/\/mypalmleaf.com\/?s={search_term_string}\"},\"query-input\":{\"@type\":\"PropertyValueSpecification\",\"valueRequired\":true,\"valueName\":\"search_term_string\"}}],\"inLanguage\":\"pl-PL\"}]}<\/script>\n<!-- \/ Yoast SEO plugin. -->","yoast_head_json":{"title":"Polityka prywatno\u015bci - My Palm Leaf","description":"Przeczytaj nasz\u0105 polityk\u0119 prywatno\u015bci, by dowiedzie\u0107 si\u0119, jak chronimy Twoje dane i dbamy o Twoj\u0105 prywatno\u015b\u0107 podczas duchowego procesu odczytu.","robots":{"index":"index","follow":"follow","max-snippet":"max-snippet:-1","max-image-preview":"max-image-preview:large","max-video-preview":"max-video-preview:-1"},"canonical":"https:\/\/mypalmleaf.com\/privacy-policy\/","og_locale":"pl_PL","og_type":"article","og_title":"Polityka prywatno\u015bci - My Palm Leaf","og_description":"Przeczytaj nasz\u0105 polityk\u0119 prywatno\u015bci, by dowiedzie\u0107 si\u0119, jak chronimy Twoje dane i dbamy o Twoj\u0105 prywatno\u015b\u0107 podczas duchowego procesu odczytu.","og_url":"https:\/\/mypalmleaf.com\/privacy-policy\/","og_site_name":"My Palm Leaf","article_modified_time":"2025-04-17T06:29:08+00:00","og_image":[{"width":1200,"height":1196,"url":"https:\/\/mypalmleaf.com\/wp-content\/uploads\/2025\/08\/mpl-circle-logo.jpg","type":"image\/jpeg"}],"twitter_card":"summary_large_image","twitter_misc":{"Szacowany czas czytania":"3 minuty"},"schema":{"@context":"https:\/\/schema.org","@graph":[{"@type":"WebPage","@id":"https:\/\/mypalmleaf.com\/privacy-policy\/","url":"https:\/\/mypalmleaf.com\/privacy-policy\/","name":"Polityka prywatno\u015bci - My Palm Leaf","isPartOf":{"@id":"https:\/\/mypalmleaf.com\/#website"},"datePublished":"2024-09-05T05:53:33+00:00","dateModified":"2025-04-17T06:29:08+00:00","description":"Przeczytaj nasz\u0105 polityk\u0119 prywatno\u015bci, by dowiedzie\u0107 si\u0119, jak chronimy Twoje dane i dbamy o Twoj\u0105 prywatno\u015b\u0107 podczas duchowego procesu odczytu.","breadcrumb":{"@id":"https:\/\/mypalmleaf.com\/privacy-policy\/#breadcrumb"},"inLanguage":"pl-PL","potentialAction":[{"@type":"ReadAction","target":["https:\/\/mypalmleaf.com\/privacy-policy\/"]}]},{"@type":"BreadcrumbList","@id":"https:\/\/mypalmleaf.com\/privacy-policy\/#breadcrumb","itemListElement":[{"@type":"ListItem","position":1,"name":"Home","item":"https:\/\/mypalmleaf.com\/pl\/"},{"@type":"ListItem","position":2,"name":"Polityka prywatno\u015bci"}]},{"@type":"WebSite","@id":"https:\/\/mypalmleaf.com\/#website","url":"https:\/\/mypalmleaf.com\/","name":"My Palm Leaf","description":"","potentialAction":[{"@type":"SearchAction","target":{"@type":"EntryPoint","urlTemplate":"https:\/\/mypalmleaf.com\/?s={search_term_string}"},"query-input":{"@type":"PropertyValueSpecification","valueRequired":true,"valueName":"search_term_string"}}],"inLanguage":"pl-PL"}]}},"_links":{"self":[{"href":"https:\/\/mypalmleaf.com\/pl\/wp-json\/wp\/v2\/pages\/29986","targetHints":{"allow":["GET"]}}],"collection":[{"href":"https:\/\/mypalmleaf.com\/pl\/wp-json\/wp\/v2\/pages"}],"about":[{"href":"https:\/\/mypalmleaf.com\/pl\/wp-json\/wp\/v2\/types\/page"}],"author":[{"embeddable":true,"href":"https:\/\/mypalmleaf.com\/pl\/wp-json\/wp\/v2\/users\/1"}],"replies":[{"embeddable":true,"href":"https:\/\/mypalmleaf.com\/pl\/wp-json\/wp\/v2\/comments?post=29986"}],"version-history":[{"count":0,"href":"https:\/\/mypalmleaf.com\/pl\/wp-json\/wp\/v2\/pages\/29986\/revisions"}],"wp:attachment":[{"href":"https:\/\/mypalmleaf.com\/pl\/wp-json\/wp\/v2\/media?parent=29986"}],"curies":[{"name":"wp","href":"https:\/\/api.w.org\/{rel}","templated":true}]}}