
{"id":45178,"date":"2024-10-26T17:42:47","date_gmt":"2024-10-26T17:42:47","guid":{"rendered":"https:\/\/mypalmleaf.com\/menedzer-ds-programow-partnerskich-i-afiliacyjnych\/"},"modified":"2025-04-17T06:28:24","modified_gmt":"2025-04-17T06:28:24","slug":"menedzer-ds-programow-partnerskich-i-afiliacyjnych","status":"publish","type":"page","link":"https:\/\/mypalmleaf.com\/pl\/menedzer-ds-programow-partnerskich-i-afiliacyjnych\/","title":{"rendered":"Mened\u017cer ds. program\u00f3w partnerskich i afiliacyjnych"},"content":{"rendered":"\n<section class=\"spotlight-main small top-gap\">\n    <!-- <div class=\"slider-wrap\" data-flickity='{ \"cellAlign\": \"left\", \"contain\": true, \"wrapAround\": true, \"setGallerySize\": false }'> -->\n    <div class=\"slider-wrap\" data-flickity='{ \"cellAlign\": \"left\", \"contain\": true, \"wrapAround\": true, \"setGallerySize\": false  }'>\n            <div class=\"slides\">\n        <div class=\"content-wrap\">\n          <div class=\"image\">\n            <picture>\n              <source media=\"(max-width: 999px)\" srcset=\"https:\/\/mypalmleaf.com\/wp-content\/uploads\/2024\/09\/join-us-spotlight-new-mob.jpg\" \/>\n              <source media=\"(min-width: 1000px)\" srcset=\"https:\/\/mypalmleaf.com\/wp-content\/uploads\/2024\/09\/join-us-spotlight-new.jpg\" \/>\n              <img decoding=\"async\" src=\"https:\/\/mypalmleaf.com\/wp-content\/uploads\/2024\/09\/join-us-spotlight-new.jpg\" class=\"img-fluid\" alt=\"\" \/>\n            <\/picture>\n          <\/div>\n          <div class=\"content\">\n            <div data-aos=\"fade-up\" data-aos-duration=\"1000\">\n              <h2 class=\"\">Mened\u017cer ds. afiliacji i partnerstwa<\/h2>\n                                 \n            <\/div>\n          <\/div>\n        <\/div>\n      <\/div>\n          <\/div>\n<\/section><section class=\"join-us-block my-6 position-relative\">\n  <div class=\"container-xl\">\n    <div class=\"row mb-4 justify-content-center\">\n      <div class=\"col-lg-10 text-center\" data-aos=\"fade-up\" data-aos-duration=\"1000\">\n        <p>MyPalmLeaf poszukuje pe\u0142nego pasji i zmotywowanego Affiliate and Partnership Managera (APM), kt\u00f3ry wzmocni istniej\u0105ce partnerstwa i nawi\u0105\u017ce nowe kontakty, dziel\u0105c si\u0119 ze \u015bwiatem staro\u017cytn\u0105 m\u0105dro\u015bci\u0105 czytania z li\u015bci palmowych.<\/p>\n      <\/div>\n    <\/div>\n    <div class=\"row my-5 justify-content-between\" data-aos=\"fade-up\" data-aos-duration=\"1000\">\n          <\/div>\n  <\/div>\n  <\/section><section class=\"tabs-wrapper my-6 mt-0\">\n  <div class=\"container-xl\">\n    <div class=\"row\">\n      <div class=\"tabs-container\" data-aos=\"fade-up\" data-aos-duration=\"1000\">\n        <ul class=\"tabs\">\n                                <li class=\"tab-button active\" data-target=\"tab1\">Czego od ciebie oczekujemy<\/li>\n                                  <li class=\"tab-button active\" data-target=\"tab2\">Cele APM<\/li>\n                                  <li class=\"tab-button active\" data-target=\"tab3\">Jak wygl\u0105da twoja rola?<\/li>\n                                  <li class=\"tab-button active\" data-target=\"tab4\">Co oferujemy<\/li>\n                              <\/ul>\n        <div class=\"tab-content\">\n                                <div id=\"tab1\" class=\"tab-pane active\">\n              <ul>\n<li><strong>Zgodno\u015b\u0107 z nasz\u0105 misj\u0105:<\/strong> Jeste\u015b g\u0142\u0119boko zwi\u0105zany z celem MyPalmLeaf, jakim jest dzielenie si\u0119 na ca\u0142ym \u015bwiecie lekturami zmieniaj\u0105cymi \u017cycie.<\/li>\n<li><strong>Bieg\u0142a znajomo\u015b\u0107 j\u0119zyka angielskiego i niemieckiego:<\/strong> komunikacja w obu j\u0119zykach jest jasna i skuteczna.<\/li>\n<li><strong>Duch zespo\u0142owy:<\/strong> Uwielbiasz by\u0107 cz\u0119\u015bci\u0105 wspieraj\u0105cego i kieruj\u0105cego si\u0119 misj\u0105 zespo\u0142u, dobrze prosperuj\u0105cego w \u015brodowisku, w kt\u00f3rym wsp\u00f3\u0142praca i wzajemne wsparcie s\u0105 kluczowe.<\/li>\n<li><strong>Uczciwo\u015b\u0107:<\/strong> Dajesz dobry przyk\u0142ad, zawsze dotrzymuj\u0105c s\u0142owa.<\/li>\n<li><strong>Samodzielno\u015b\u0107:<\/strong> Masz zdolno\u015b\u0107 do samodzielnej pracy, podejmuj\u0105c inicjatyw\u0119 w celu rozwijania i prowadzenia projekt\u00f3w, b\u0119d\u0105c jednocze\u015bnie silnym graczem zespo\u0142owym z rozwijaj\u0105cymi si\u0119 umiej\u0119tno\u015bciami przyw\u00f3dczymi.\n<\/li>\n<li><strong>Niezachwiane zaanga\u017cowanie:<\/strong> Dajesz z siebie 150%, wykazuj\u0105c si\u0119 wytrwa\u0142o\u015bci\u0105 i po\u015bwi\u0119ceniem we wszystkim, co robisz.<\/li>\n<li><strong>Uczenie si\u0119 przez ca\u0142e \u017cycie:<\/strong> Jeste\u015b zaanga\u017cowany w ci\u0105g\u0142y rozw\u00f3j osobisty i zawodowy.<\/li>\n<\/ul>\n            <\/div>\n                                  <div id=\"tab2\" class=\"tab-pane active\">\n              <p>Twoim g\u0142\u00f3wnym celem b\u0119dzie tworzenie <strong>korzystnych partnerstw<\/strong> z organizacjami i osobami, kt\u00f3re wsp\u00f3\u0142graj\u0105 z misj\u0105 MyPalmLeaf. Twoje wysi\u0142ki b\u0119d\u0105 mia\u0142y na celu <\/p>\n<ul>\n<li>Zwi\u0119kszenie liczby rezerwacji odczytu li\u015bci palmowych.<\/li>\n<li>Zwi\u0119kszenie \u015bwiadomo\u015bci marki MyPalmLeaf na ca\u0142ym \u015bwiecie.<\/li>\n<\/ul>\n            <\/div>\n                                  <div id=\"tab3\" class=\"tab-pane active\">\n              <p>Jako APM b\u0119dziesz:<\/p>\n<ul>\n<li>Aktywne docieranie do potencjalnych partner\u00f3w, zar\u00f3wno os\u00f3b fizycznych, jak i organizacji, w celu kultywowania wzajemnie korzystnych partnerstw.<\/li>\n<li>Rozw\u00f3j i zarz\u0105dzanie programem partnerskim MyPalmLeaf.<\/li>\n<li>Wsp\u00f3\u0142praca z agencjami influencer\u00f3w w celu rozszerzenia naszej obecno\u015bci w j\u0119zyku niemieckim, angielskim, japo\u0144skim, chi\u0144skim i na rynkach wschodz\u0105cych.<\/li>\n<\/ul>\n            <\/div>\n                                  <div id=\"tab4\" class=\"tab-pane active\">\n              <p>Po otrzymaniu zg\u0142oszenia prze\u015blemy szczeg\u00f3\u0142owe wyja\u015bnienie dotycz\u0105ce p\u0142atno\u015bci.<\/p>\n<ul>\n<li><strong>Celowa misja:<\/strong> B\u0105d\u017a cz\u0119\u015bci\u0105 duchowej, znacz\u0105cej misji, kt\u00f3rej celem jest przynoszenie korzy\u015bci \u015bwiatu.<\/li>\n<li>Wspieraj\u0105ce \u015brodowisko zespo\u0142owe: Do\u0142\u0105cz do pe\u0142nego pasji zespo\u0142u, kt\u00f3ry wspiera zar\u00f3wno rozw\u00f3j osobisty, jak i zawodowy.<\/li>\n<li>Elastyczno\u015b\u0107: Ciesz si\u0119 elastyczn\u0105, niezale\u017cn\u0105 od lokalizacji rol\u0105 z mo\u017cliwo\u015bciami wsp\u00f3\u0142tworzenia w szybko rozwijaj\u0105cej si\u0119 organizacji duchowej.<\/li>\n<li>Konkurencyjne wynagrodzenie: Konkurencyjny pakiet obejmuj\u0105cy wynagrodzenie podstawowe oraz premie oparte na wynikach.<\/li>\n<\/ul>\n            <\/div>\n                              <\/div>\n      <\/div>\n    <\/div>\n  <\/div>\n<\/section><section class=\"how-to-apply my-6 mt-0\">\n  <div class=\"container-xl\">\n    <div class=\"row\">\n      <div class=\"col-lg-10 mx-auto\" >\n        <div class=\"dual-col \">\n          <div class=\"title\">\n            <img decoding=\"async\" src=\"https:\/\/mypalmleaf.com\/wp-content\/uploads\/2024\/08\/title-bg.png\" alt=\"\" class=\"img-fluid\">\n            <div class=\"text\">Jak z\u0142o\u017cy\u0107 wniosek<\/div>\n          <\/div>\n          <div class=\"desc\">\n            <p>Aby si\u0119 zg\u0142osi\u0107, wystarczy nagra\u0107 1-4 minutowy film przedstawiaj\u0105cy swoj\u0105 osob\u0119. W swoim filmie powiedz nam: <\/p>\n<ul>\n<li>1) Troch\u0119 o sobie.<\/li>\n<li>2) Dlaczego chcesz by\u0107 cz\u0119\u015bci\u0105 MyPalmLeaf.<\/li>\n<li>3) Dlaczego uwa\u017casz, \u017ce jeste\u015b idealnym kandydatem na to stanowisko.<\/li>\n<\/ul>\n<p>Wy\u015blij sw\u00f3j film na adres <a href=\"mailto:info@mypalmleaf.com\">info@mypalmleaf.com.<\/a> Tylko w ten spos\u00f3b mo\u017cna aplikowa\u0107. Nale\u017cy pami\u0119ta\u0107, \u017ce nie b\u0119dziemy odpowiada\u0107 na pro\u015bby o &#8222;wi\u0119cej informacji&#8221; lub przes\u0142anie CV, poniewa\u017c szukamy proaktywnych os\u00f3b, kt\u00f3re s\u0105 gotowe do dzia\u0142ania. Poka\u017c nam swoj\u0105 energi\u0119 i entuzjazm poprzez sw\u00f3j film! <\/p>\n<div class=\"btm-contact\">Nie mo\u017cemy si\u0119 doczeka\u0107, a\u017c si\u0119 odezwiesz!<\/div>\n          <\/div>\n        <\/div>\n      <\/div>\n    <\/div>\n  <\/div>\n<\/section>","protected":false},"excerpt":{"rendered":"","protected":false},"author":1,"featured_media":0,"parent":0,"menu_order":0,"comment_status":"closed","ping_status":"closed","template":"","meta":{"_acf_changed":false,"footnotes":""},"class_list":["post-45178","page","type-page","status-publish","hentry"],"acf":[],"yoast_head":"<!-- This site is optimized with the Yoast SEO plugin v26.4 - https:\/\/yoast.com\/wordpress\/plugins\/seo\/ -->\n<title>Mened\u017cer ds. program\u00f3w partnerskich i afiliacyjnych - My Palm Leaf<\/title>\n<meta name=\"description\" content=\"Do\u0142\u0105cz do programu partnerskiego w Polsce \u2013 dziel si\u0119 odczytami z li\u015bci palmowych i zdobywaj nagrody. Skontaktuj si\u0119 z nami ju\u017c dzi\u015b.\" \/>\n<meta name=\"robots\" content=\"index, follow, max-snippet:-1, max-image-preview:large, max-video-preview:-1\" \/>\n<link rel=\"canonical\" href=\"https:\/\/mypalmleaf.com\/pl\/menedzer-ds-programow-partnerskich-i-afiliacyjnych\/\" \/>\n<meta property=\"og:locale\" content=\"pl_PL\" \/>\n<meta property=\"og:type\" content=\"article\" \/>\n<meta property=\"og:title\" content=\"Mened\u017cer ds. program\u00f3w partnerskich i afiliacyjnych - My Palm Leaf\" \/>\n<meta property=\"og:description\" content=\"Do\u0142\u0105cz do programu partnerskiego w Polsce \u2013 dziel si\u0119 odczytami z li\u015bci palmowych i zdobywaj nagrody. Skontaktuj si\u0119 z nami ju\u017c dzi\u015b.\" \/>\n<meta property=\"og:url\" content=\"https:\/\/mypalmleaf.com\/pl\/menedzer-ds-programow-partnerskich-i-afiliacyjnych\/\" \/>\n<meta property=\"og:site_name\" content=\"My Palm Leaf\" \/>\n<meta property=\"article:modified_time\" content=\"2025-04-17T06:28:24+00:00\" \/>\n<meta property=\"og:image\" content=\"https:\/\/mypalmleaf.com\/wp-content\/uploads\/2025\/08\/mpl-circle-logo.jpg\" \/>\n\t<meta property=\"og:image:width\" content=\"1200\" \/>\n\t<meta property=\"og:image:height\" content=\"1196\" \/>\n\t<meta property=\"og:image:type\" content=\"image\/jpeg\" \/>\n<meta name=\"twitter:card\" content=\"summary_large_image\" \/>\n<script type=\"application\/ld+json\" class=\"yoast-schema-graph\">{\"@context\":\"https:\/\/schema.org\",\"@graph\":[{\"@type\":\"WebPage\",\"@id\":\"https:\/\/mypalmleaf.com\/pl\/menedzer-ds-programow-partnerskich-i-afiliacyjnych\/\",\"url\":\"https:\/\/mypalmleaf.com\/pl\/menedzer-ds-programow-partnerskich-i-afiliacyjnych\/\",\"name\":\"Mened\u017cer ds. program\u00f3w partnerskich i afiliacyjnych - My Palm Leaf\",\"isPartOf\":{\"@id\":\"https:\/\/mypalmleaf.com\/#website\"},\"datePublished\":\"2024-10-26T17:42:47+00:00\",\"dateModified\":\"2025-04-17T06:28:24+00:00\",\"description\":\"Do\u0142\u0105cz do programu partnerskiego w Polsce \u2013 dziel si\u0119 odczytami z li\u015bci palmowych i zdobywaj nagrody. Skontaktuj si\u0119 z nami ju\u017c dzi\u015b.\",\"breadcrumb\":{\"@id\":\"https:\/\/mypalmleaf.com\/pl\/menedzer-ds-programow-partnerskich-i-afiliacyjnych\/#breadcrumb\"},\"inLanguage\":\"pl-PL\",\"potentialAction\":[{\"@type\":\"ReadAction\",\"target\":[\"https:\/\/mypalmleaf.com\/pl\/menedzer-ds-programow-partnerskich-i-afiliacyjnych\/\"]}]},{\"@type\":\"BreadcrumbList\",\"@id\":\"https:\/\/mypalmleaf.com\/pl\/menedzer-ds-programow-partnerskich-i-afiliacyjnych\/#breadcrumb\",\"itemListElement\":[{\"@type\":\"ListItem\",\"position\":1,\"name\":\"Home\",\"item\":\"https:\/\/mypalmleaf.com\/pl\/\"},{\"@type\":\"ListItem\",\"position\":2,\"name\":\"Mened\u017cer ds. program\u00f3w partnerskich i afiliacyjnych\"}]},{\"@type\":\"WebSite\",\"@id\":\"https:\/\/mypalmleaf.com\/#website\",\"url\":\"https:\/\/mypalmleaf.com\/\",\"name\":\"My Palm Leaf\",\"description\":\"\",\"potentialAction\":[{\"@type\":\"SearchAction\",\"target\":{\"@type\":\"EntryPoint\",\"urlTemplate\":\"https:\/\/mypalmleaf.com\/?s={search_term_string}\"},\"query-input\":{\"@type\":\"PropertyValueSpecification\",\"valueRequired\":true,\"valueName\":\"search_term_string\"}}],\"inLanguage\":\"pl-PL\"}]}<\/script>\n<!-- \/ Yoast SEO plugin. -->","yoast_head_json":{"title":"Mened\u017cer ds. program\u00f3w partnerskich i afiliacyjnych - My Palm Leaf","description":"Do\u0142\u0105cz do programu partnerskiego w Polsce \u2013 dziel si\u0119 odczytami z li\u015bci palmowych i zdobywaj nagrody. Skontaktuj si\u0119 z nami ju\u017c dzi\u015b.","robots":{"index":"index","follow":"follow","max-snippet":"max-snippet:-1","max-image-preview":"max-image-preview:large","max-video-preview":"max-video-preview:-1"},"canonical":"https:\/\/mypalmleaf.com\/pl\/menedzer-ds-programow-partnerskich-i-afiliacyjnych\/","og_locale":"pl_PL","og_type":"article","og_title":"Mened\u017cer ds. program\u00f3w partnerskich i afiliacyjnych - My Palm Leaf","og_description":"Do\u0142\u0105cz do programu partnerskiego w Polsce \u2013 dziel si\u0119 odczytami z li\u015bci palmowych i zdobywaj nagrody. Skontaktuj si\u0119 z nami ju\u017c dzi\u015b.","og_url":"https:\/\/mypalmleaf.com\/pl\/menedzer-ds-programow-partnerskich-i-afiliacyjnych\/","og_site_name":"My Palm Leaf","article_modified_time":"2025-04-17T06:28:24+00:00","og_image":[{"width":1200,"height":1196,"url":"https:\/\/mypalmleaf.com\/wp-content\/uploads\/2025\/08\/mpl-circle-logo.jpg","type":"image\/jpeg"}],"twitter_card":"summary_large_image","schema":{"@context":"https:\/\/schema.org","@graph":[{"@type":"WebPage","@id":"https:\/\/mypalmleaf.com\/pl\/menedzer-ds-programow-partnerskich-i-afiliacyjnych\/","url":"https:\/\/mypalmleaf.com\/pl\/menedzer-ds-programow-partnerskich-i-afiliacyjnych\/","name":"Mened\u017cer ds. program\u00f3w partnerskich i afiliacyjnych - My Palm Leaf","isPartOf":{"@id":"https:\/\/mypalmleaf.com\/#website"},"datePublished":"2024-10-26T17:42:47+00:00","dateModified":"2025-04-17T06:28:24+00:00","description":"Do\u0142\u0105cz do programu partnerskiego w Polsce \u2013 dziel si\u0119 odczytami z li\u015bci palmowych i zdobywaj nagrody. Skontaktuj si\u0119 z nami ju\u017c dzi\u015b.","breadcrumb":{"@id":"https:\/\/mypalmleaf.com\/pl\/menedzer-ds-programow-partnerskich-i-afiliacyjnych\/#breadcrumb"},"inLanguage":"pl-PL","potentialAction":[{"@type":"ReadAction","target":["https:\/\/mypalmleaf.com\/pl\/menedzer-ds-programow-partnerskich-i-afiliacyjnych\/"]}]},{"@type":"BreadcrumbList","@id":"https:\/\/mypalmleaf.com\/pl\/menedzer-ds-programow-partnerskich-i-afiliacyjnych\/#breadcrumb","itemListElement":[{"@type":"ListItem","position":1,"name":"Home","item":"https:\/\/mypalmleaf.com\/pl\/"},{"@type":"ListItem","position":2,"name":"Mened\u017cer ds. program\u00f3w partnerskich i afiliacyjnych"}]},{"@type":"WebSite","@id":"https:\/\/mypalmleaf.com\/#website","url":"https:\/\/mypalmleaf.com\/","name":"My Palm Leaf","description":"","potentialAction":[{"@type":"SearchAction","target":{"@type":"EntryPoint","urlTemplate":"https:\/\/mypalmleaf.com\/?s={search_term_string}"},"query-input":{"@type":"PropertyValueSpecification","valueRequired":true,"valueName":"search_term_string"}}],"inLanguage":"pl-PL"}]}},"_links":{"self":[{"href":"https:\/\/mypalmleaf.com\/pl\/wp-json\/wp\/v2\/pages\/45178","targetHints":{"allow":["GET"]}}],"collection":[{"href":"https:\/\/mypalmleaf.com\/pl\/wp-json\/wp\/v2\/pages"}],"about":[{"href":"https:\/\/mypalmleaf.com\/pl\/wp-json\/wp\/v2\/types\/page"}],"author":[{"embeddable":true,"href":"https:\/\/mypalmleaf.com\/pl\/wp-json\/wp\/v2\/users\/1"}],"replies":[{"embeddable":true,"href":"https:\/\/mypalmleaf.com\/pl\/wp-json\/wp\/v2\/comments?post=45178"}],"version-history":[{"count":0,"href":"https:\/\/mypalmleaf.com\/pl\/wp-json\/wp\/v2\/pages\/45178\/revisions"}],"wp:attachment":[{"href":"https:\/\/mypalmleaf.com\/pl\/wp-json\/wp\/v2\/media?parent=45178"}],"curies":[{"name":"wp","href":"https:\/\/api.w.org\/{rel}","templated":true}]}}