
{"id":45458,"date":"2024-11-10T05:53:12","date_gmt":"2024-11-10T05:53:12","guid":{"rendered":"https:\/\/mypalmleaf.com\/homa\/"},"modified":"2025-04-17T06:25:27","modified_gmt":"2025-04-17T06:25:27","slug":"homa","status":"publish","type":"page","link":"https:\/\/mypalmleaf.com\/pl\/homa\/","title":{"rendered":"Homa"},"content":{"rendered":"\n<section class=\"spotlight-main small top-gap\">\n    <!-- <div class=\"slider-wrap\" data-flickity='{ \"cellAlign\": \"left\", \"contain\": true, \"wrapAround\": true, \"setGallerySize\": false }'> -->\n    <div class=\"slider-wrap\" data-flickity='{ \"cellAlign\": \"left\", \"contain\": true, \"wrapAround\": true, \"setGallerySize\": false  }'>\n            <div class=\"slides\">\n        <div class=\"content-wrap\">\n          <div class=\"image\">\n            <picture>\n              <source media=\"(max-width: 999px)\" srcset=\"https:\/\/mypalmleaf.com\/wp-content\/uploads\/2024\/11\/homas-spotlight-mob.jpg\" \/>\n              <source media=\"(min-width: 1000px)\" srcset=\"https:\/\/mypalmleaf.com\/wp-content\/uploads\/2024\/11\/homas-spotlight.jpg\" \/>\n              <img decoding=\"async\" src=\"https:\/\/mypalmleaf.com\/wp-content\/uploads\/2024\/11\/homas-spotlight.jpg\" class=\"img-fluid\" alt=\"\" \/>\n            <\/picture>\n          <\/div>\n          <div class=\"content\">\n            <div data-aos=\"fade-up\" data-aos-duration=\"1000\">\n              <h2 class=\"\">Homas: Ceremonie \u015bwi\u0119tego ognia dla karmicznej transformacji<\/h2>\n              <p>Do\u015bwiadcz staro\u017cytnych rytua\u0142\u00f3w wedyjskich wykonywanych w celu przyniesienia b\u0142ogos\u0142awie\u0144stw, oczyszczenia i harmonii w swoim \u017cyciu.  <\/p>\n                                  <a href=\"\/prices\/fire-ceremony-homa\/\" class=\"btn btn-primary\">Zarezerwuj nocleg w Homas<\/a>\n                   \n            <\/div>\n          <\/div>\n        <\/div>\n      <\/div>\n          <\/div>\n<\/section>\n<section class=\"my-6 position-relative\">\n    <div class=\"container-xl\" data-aos=\"fade-up\" data-aos-duration=\"1000\">\n      <div class=\"row align-items-center\">\n        <div class=\"col-lg-5 mb-4 mb-lg-0\">\n          <div class=\"rounded-asset\">\n            <img decoding=\"async\" src=\"https:\/\/mypalmleaf.com\/wp-content\/uploads\/2024\/11\/yt-thumb-homa.jpg\" class=\"img-fluid\" alt=\"\"><div class=\"play-icon\"><\/div>\n            <a href=\"https:\/\/www.youtube.com\/watch?v=63svn4g1Z5U\" class=\"stretched-link\" data-lity><\/a>\n          <\/div>\n        <\/div>\n        <div class=\"col-lg-7\">\n          <h2 class=\"mb-4\">Czym s\u0105 ceremonie ognia Homa?<\/h2>\n          <p>Homas, znane r\u00f3wnie\u017c jako ceremonie ognia, to pot\u0119\u017cne rytua\u0142y wedyjskie wykonywane w celu przywo\u0142ania boskich energii, usuni\u0119cia negatywnych wp\u0142yw\u00f3w karmicznych i przywr\u00f3cenia r\u00f3wnowagi w r\u00f3\u017cnych aspektach \u017cycia. Poprzez \u015bwi\u0119ty \u017cywio\u0142 ognia sk\u0142adane s\u0105 ofiary b\u00f3stwom, a transformuj\u0105ca energia rytua\u0142u przynosi b\u0142ogos\u0142awie\u0144stwa, oczyszczenie i uzdrowienie. <\/p>\n<p>Ceremonie te prowadzone s\u0105 przez do\u015bwiadczonych kap\u0142an\u00f3w wedyjskich, kt\u00f3rzy intonuj\u0105 \u015bwi\u0119te mantry i sk\u0142adaj\u0105 ofiary \u015bwi\u0119temu ogniowi, wzmacniaj\u0105c intencj\u0119 i efekt rytua\u0142u.<\/p>\n        <\/div>\n      <\/div>\n    <\/div>\n    <\/section>\n<section class=\"my-6 position-relative\">\n  <div class=\"container-xl aos-init aos-animate\" data-aos=\"fade-up\" data-aos-duration=\"1000\">\n    <div class=\"row align-items-center\">\n      <div class=\"col-lg-7\">\n        <h2 class=\"mb-4\">Jakie korzy\u015bci mo\u017ce przynie\u015b\u0107 Hamas?<\/h2>\n<p>Ka\u017cda ceremonia Homa s\u0142u\u017cy unikalnemu celowi, czy to pokonaniu przeszk\u00f3d, poprawie zdrowia, zaproszeniu dobrobytu, czy oczyszczeniu negatywnej karmy.<\/p>\n<p>Oto jak Tomas mo\u017ce zmieni\u0107 Twoje \u017cycie:  <\/p>\n        <ul>\n<li>Uzdrawianie karmiczne: Uwolnienie przesz\u0142ych d\u0142ug\u00f3w karmicznych i przyci\u0105gni\u0119cie pozytywnych wp\u0142yw\u00f3w karmicznych.  <\/li>\n<li>Oczyszczanie: Oczyszcza aur\u0119 i otoczenie z negatywnych energii.  <\/li>\n<li>B\u0142ogos\u0142awie\u0144stwa i dobrobyt: Przywo\u0142aj b\u0142ogos\u0142awie\u0144stwa dla zdrowia, bogactwa, zwi\u0105zk\u00f3w i og\u00f3lnego dobrobytu.  <\/li>\n<li>Ochrona i harmonia: Wzmocnij ochron\u0119 duchow\u0105 i wprowad\u017a harmoni\u0119 do swojego \u017cycia.  <\/li>\n<\/ul>\n<div class=\"dual-btn-cont mt-4\">\n<ul>\n<li><a href=\"https:\/\/mypalmleaf.com\/pl\/uslugi\/ceremonia-ognia-homa\/\" class=\"btn btn-primary\">Zarezerwuj ceremoni\u0119 ognia ju\u017c teraz<\/a><\/li>\n<\/ul>\n<\/div>\n      <\/div>\n      <div class=\"col-lg-5 mb-4 mb-lg-0\">\n        <div class=\"rounded-asset\">\n          <img decoding=\"async\" src=\"https:\/\/mypalmleaf.com\/wp-content\/uploads\/2024\/11\/homas-thumb.jpg\" class=\"img-fluid\" alt=\"\"\/>\n        <\/div>\n      <\/div>\n    <\/div>\n  <\/div>\n       \n  <\/section>\n\n<section class=\"my-6 position-relative\">\n  <div class=\"container-xl aos-init aos-animate\" data-aos=\"fade-up\" data-aos-duration=\"1000\">\n    <div class=\"row align-items-center\">\n      <div class=\"col-lg-5 mb-4 mb-lg-0\">\n        <div class=\"rounded-asset\">\n          <img decoding=\"async\" src=\"https:\/\/mypalmleaf.com\/wp-content\/uploads\/2024\/11\/homas-thumb2.jpg\" class=\"img-fluid\" alt=\"\"\/>\n        <\/div>\n      <\/div>\n      <div class=\"col-lg-7\">\n        <h2 class=\"mb-4\">Jak to dzia\u0142a<\/h2>\n        <p><strong>Krok 1: Zarezerwuj ceremoni\u0119 Homa<\/strong><br\/> Zarezerwuj ceremoni\u0119 ognia Homa na naszej stronie internetowej<\/p> \n<p><strong>Krok 2: Zarezerwuj wizyt\u0119<\/strong><br\/> Po dokonaniu rezerwacji otrzymasz link do kalendarza i b\u0119dziesz m\u00f3g\u0142 zarezerwowa\u0107 odpowiedni dzie\u0144 i godzin\u0119, kiedy chcesz wykona\u0107 zabieg Homa.  <\/p>\n<p><strong>Krok 3: We\u017a udzia\u0142 i otrzymaj b\u0142ogos\u0142awie\u0144stwa<\/strong><br\/> Mo\u017cesz do\u0142\u0105czy\u0107 do ceremonii na \u017cywo przez Zoom lub otrzyma\u0107 energi\u0119 i b\u0142ogos\u0142awie\u0144stwa z dowolnego miejsca. Jeden z naszych moderator\u00f3w b\u0119dzie ci towarzyszy\u0142 podczas ceremonii Homa i wszystko ci wyja\u015bni.   <\/p>\n<div class=\"dual-btn-cont mt-4\">\n<ul>\n<li><a href=\"https:\/\/mypalmleaf.com\/pl\/uslugi\/ceremonia-ognia-homa\/\" class=\"btn btn-primary\">Zarezerwuj ceremoni\u0119 ognia ju\u017c teraz<\/a><\/li>\n<\/ul>\n<\/div>\n      <\/div>\n      \n    <\/div>\n  <\/div>\n       \n  <\/section>\n\n<figure class=\"wp-block-gallery has-nested-images columns-default is-cropped wp-block-gallery-1 is-layout-flex wp-block-gallery-is-layout-flex\">\n<figure class=\"wp-block-image size-full\"><img loading=\"lazy\" decoding=\"async\" width=\"1024\" height=\"576\" data-id=\"45429\" src=\"https:\/\/mypalmleaf.com\/wp-content\/uploads\/2024\/11\/3-1.jpg\" alt=\"\" class=\"wp-image-45429\" srcset=\"https:\/\/mypalmleaf.com\/wp-content\/uploads\/2024\/11\/3-1.jpg 1024w, https:\/\/mypalmleaf.com\/wp-content\/uploads\/2024\/11\/3-1-600x338.jpg 600w, https:\/\/mypalmleaf.com\/wp-content\/uploads\/2024\/11\/3-1-300x169.jpg 300w, https:\/\/mypalmleaf.com\/wp-content\/uploads\/2024\/11\/3-1-768x432.jpg 768w\" sizes=\"auto, (max-width: 1024px) 100vw, 1024px\" \/><\/figure>\n\n\n\n<figure class=\"wp-block-image size-large\"><img loading=\"lazy\" decoding=\"async\" width=\"1024\" height=\"576\" data-id=\"45407\" src=\"https:\/\/mypalmleaf.com\/wp-content\/uploads\/2024\/11\/2.jpg\" alt=\"\" class=\"wp-image-45407\" srcset=\"https:\/\/mypalmleaf.com\/wp-content\/uploads\/2024\/11\/2.jpg 1024w, https:\/\/mypalmleaf.com\/wp-content\/uploads\/2024\/11\/2-600x338.jpg 600w, https:\/\/mypalmleaf.com\/wp-content\/uploads\/2024\/11\/2-300x169.jpg 300w, https:\/\/mypalmleaf.com\/wp-content\/uploads\/2024\/11\/2-768x432.jpg 768w\" sizes=\"auto, (max-width: 1024px) 100vw, 1024px\" \/><\/figure>\n\n\n\n<figure class=\"wp-block-image size-large\"><img loading=\"lazy\" decoding=\"async\" width=\"1024\" height=\"576\" data-id=\"45386\" src=\"https:\/\/mypalmleaf.com\/wp-content\/uploads\/2024\/11\/1.jpg\" alt=\"\" class=\"wp-image-45386\" srcset=\"https:\/\/mypalmleaf.com\/wp-content\/uploads\/2024\/11\/1.jpg 1024w, https:\/\/mypalmleaf.com\/wp-content\/uploads\/2024\/11\/1-600x338.jpg 600w, https:\/\/mypalmleaf.com\/wp-content\/uploads\/2024\/11\/1-300x169.jpg 300w, https:\/\/mypalmleaf.com\/wp-content\/uploads\/2024\/11\/1-768x432.jpg 768w\" sizes=\"auto, (max-width: 1024px) 100vw, 1024px\" \/><\/figure>\n<\/figure>\n<section class=\"accordion-container position-relative \" data-aos=\"fade-up\" data-aos-duration=\"1000\" id=\"general-questions\">\n  <div class=\"container-xl\">\n    <div class=\"row\">\n      <h3>Cz\u0119sto zadawane pytania<\/h3>\n      <div class=\"accr-wrap\">\n                  <div class=\"head\">Czy musz\u0119 by\u0107 fizycznie obecny, aby ceremonia Homa by\u0142a skuteczna?<\/div>\n          <div class=\"content\">\n            <p>Nie, nie musisz by\u0107 fizycznie obecny, aby ceremonia Homa by\u0142a skuteczna. Energia i b\u0142ogos\u0142awie\u0144stwa ceremonii s\u0105 wysy\u0142ane poprzez wibracje \u015bwi\u0119tych mantr i ognia. Je\u015bli chcesz, mo\u017cesz do\u0142\u0105czy\u0107 do ceremonii na \u017cywo przez Zoom, ale korzy\u015bci dotr\u0105 do ciebie nawet je\u015bli nie mo\u017cesz w niej uczestniczy\u0107.  <\/p>\n          <\/div>\n                  <div class=\"head\">Jak powinienem przygotowa\u0107 si\u0119 do ceremonii Homa?<\/div>\n          <div class=\"content\">\n            <p>Aby przygotowa\u0107 si\u0119 do Homa, najlepiej jest ustawi\u0107 jasn\u0105 intencj\u0119 tego, co chcesz otrzyma\u0107 od rytua\u0142u. Mo\u017cesz tak\u017ce stworzy\u0107 spokojn\u0105 przestrze\u0144 w swoim domu, woln\u0105 od rozpraszaczy, gdzie mo\u017cesz usi\u0105\u015b\u0107 w ciszy, aby otrzyma\u0107 energi\u0119 ceremonii. Je\u015bli uczestniczysz na \u017cywo, upewnij si\u0119, \u017ce masz stabilne po\u0142\u0105czenie internetowe i spokojne otoczenie.  <\/p>\n          <\/div>\n                  <div class=\"head\">Czy homa mo\u017ce by\u0107 wykonana w imieniu kogo\u015b innego?<\/div>\n          <div class=\"content\">\n            <p>Tak, Homy mog\u0105 by\u0107 wykonywane w imieniu kogo\u015b innego, czy to dla ukochanej osoby, cz\u0142onka rodziny czy przyjaciela. Wystarczy poda\u0107 imi\u0119 tej osoby i intencj\u0119 ceremonii, a energia i b\u0142ogos\u0142awie\u0144stwa zostan\u0105 do niej skierowane. <\/p>\n          <\/div>\n                  <div class=\"head\">Jakich rezultat\u00f3w mog\u0119 si\u0119 spodziewa\u0107 po Homa?<\/div>\n          <div class=\"content\">\n            <p>Efekty ceremonii Homa mog\u0105 si\u0119 r\u00f3\u017cni\u0107 w zale\u017cno\u015bci od intencji i rodzaju przeprowadzanej ceremonii. Ludzie cz\u0119sto zg\u0142aszaj\u0105 uczucie spokoju, ulgi emocjonalnej i jasno\u015bci, a tak\u017ce do\u015bwiadczaj\u0105 namacalnych pozytywnych zmian w swoim \u017cyciu, takich jak poprawa relacji, zdrowia lub sukcesu. B\u0142ogos\u0142awie\u0144stwa i korzy\u015bci karmiczne cz\u0119sto rozwijaj\u0105 si\u0119 w czasie.  <\/p>\n          <\/div>\n                  <div class=\"head\">Jak wybra\u0107 rodzaj Homa do rezerwacji?<\/div>\n          <div class=\"content\">\n            <p>Je\u015bli podczas odczytu z li\u015bci palmowych zalecono ci wykonanie Homy, to ten rodzaj Homy zostanie dla ciebie wykonany. W przeciwnym razie mo\u017cesz r\u00f3wnie\u017c poinformowa\u0107 nas o og\u00f3lnym celu Homy podczas dokonywania rezerwacji, a kap\u0142ani wybior\u0105 konkretn\u0105 ceremoni\u0119 do tego celu.   <\/p>\n          <\/div>\n                  <div class=\"head\">Czy Homas s\u0105 odpowiednie dla wszystkich wyzna\u0144 i przekona\u0144 duchowych?<\/div>\n          <div class=\"content\">\n            <p>Tak, Homas to duchowe rytua\u0142y zakorzenione w staro\u017cytnych tradycjach wedyjskich, ale s\u0105 one otwarte dla ludzi wszystkich wyzna\u0144 i przekona\u0144. Ceremonie koncentruj\u0105 si\u0119 na uniwersalnych energiach, takich jak \u017cywio\u0142y i boskie b\u0142ogos\u0142awie\u0144stwa, kt\u00f3re mog\u0105 by\u0107 korzystne niezale\u017cnie od twojego duchowego pochodzenia.   <\/p>\n          <\/div>\n                  <div class=\"head\">Jak d\u0142ugo zazwyczaj trwa ceremonia Homa?<\/div>\n          <div class=\"content\">\n            <p>Czas trwania ceremonii Homa mo\u017ce si\u0119 r\u00f3\u017cni\u0107 w zale\u017cno\u015bci od jej z\u0142o\u017cono\u015bci i rodzaju wykonywanego rytua\u0142u. Wi\u0119kszo\u015b\u0107 ceremonii trwa od 30 minut do 1 godziny.   <\/p>\n          <\/div>\n                  <div class=\"head\">Czy mog\u0119 poprosi\u0107 o konkretn\u0105 dat\u0119 lub godzin\u0119 Homa?<\/div>\n          <div class=\"content\">\n            <p>Tak, mo\u017cesz poprosi\u0107 o konkretn\u0105 dat\u0119 i godzin\u0119 dla swojej Homa, w zale\u017cno\u015bci od dost\u0119pno\u015bci naszych kap\u0142an\u00f3w wedyjskich i pomy\u015blnego czasu na przeprowadzenie ceremonii. Do\u0142o\u017cymy wszelkich stara\u0144, aby dostosowa\u0107 si\u0119 do Twoich preferencji.   <\/p>\n          <\/div>\n                  <div class=\"head\">Jak sk\u0142ada si\u0119 ofiary podczas Homa?<\/div>\n          <div class=\"content\">\n            <p>Ofiary, takie jak ghee, zio\u0142a, ziarna i inne \u015bwi\u0119te przedmioty, s\u0105 sk\u0142adane w ogniu przez naszych wedyjskich kap\u0142an\u00f3w podczas intonowania pot\u0119\u017cnych mantr. Ka\u017cda ofiara symbolizuje oczyszczenie, transformacj\u0119 i uwolnienie b\u0142ogos\u0142awie\u0144stw do wszech\u015bwiata.   <\/p>\n          <\/div>\n                  <div class=\"head\">Czy b\u0119dzie mi towarzyszy\u0142 moderator z Mypalmleaf?<\/div>\n          <div class=\"content\">\n            <p>Tak, jeden z naszych moderator\u00f3w b\u0119dzie obecny podczas Homa. Poprowadzi ci\u0119 i wyja\u015bni ci wszystko, je\u015bli zajdzie taka potrzeba.   <\/p>\n          <\/div>\n              <\/div>\n    <\/div>\n  <\/div>\n  \n<\/section>\n<\/div>\n<p><\/p>\n","protected":false},"excerpt":{"rendered":"<p>Jakie korzy\u015bci mo\u017ce przynie\u015b\u0107 Hamas? Ka\u017cda ceremonia Homa s\u0142u\u017cy unikalnemu celowi, czy to pokonaniu przeszk\u00f3d, poprawie zdrowia, zaproszeniu dobrobytu, czy oczyszczeniu negatywnej karmy. Oto jak Tomas mo\u017ce zmieni\u0107 Twoje \u017cycie: Uzdrawianie karmiczne: Uwolnienie przesz\u0142ych d\u0142ug\u00f3w karmicznych i przyci\u0105gni\u0119cie pozytywnych wp\u0142yw\u00f3w karmicznych. Oczyszczanie: Oczyszcza aur\u0119 i otoczenie z negatywnych energii. B\u0142ogos\u0142awie\u0144stwa i dobrobyt: Przywo\u0142aj b\u0142ogos\u0142awie\u0144stwa dla [&hellip;]<\/p>\n","protected":false},"author":1,"featured_media":0,"parent":0,"menu_order":0,"comment_status":"closed","ping_status":"closed","template":"","meta":{"_acf_changed":false,"footnotes":""},"class_list":["post-45458","page","type-page","status-publish","hentry"],"acf":[],"yoast_head":"<!-- This site is optimized with the Yoast SEO plugin v26.4 - https:\/\/yoast.com\/wordpress\/plugins\/seo\/ -->\n<title>Homa - My Palm Leaf<\/title>\n<meta name=\"description\" content=\"Dowiedz si\u0119 o ceremonii ognia Homa i jej roli w duchowej przemianie oraz uzdrawiaj\u0105cych do\u015bwiadczeniach. Skontaktuj si\u0119 z nami.\" \/>\n<meta name=\"robots\" content=\"index, follow, max-snippet:-1, max-image-preview:large, max-video-preview:-1\" \/>\n<link rel=\"canonical\" href=\"https:\/\/mypalmleaf.com\/homa\/\" \/>\n<meta property=\"og:locale\" content=\"pl_PL\" \/>\n<meta property=\"og:type\" content=\"article\" \/>\n<meta property=\"og:title\" content=\"Homa - My Palm Leaf\" \/>\n<meta property=\"og:description\" content=\"Dowiedz si\u0119 o ceremonii ognia Homa i jej roli w duchowej przemianie oraz uzdrawiaj\u0105cych do\u015bwiadczeniach. Skontaktuj si\u0119 z nami.\" \/>\n<meta property=\"og:url\" content=\"https:\/\/mypalmleaf.com\/homa\/\" \/>\n<meta property=\"og:site_name\" content=\"My Palm Leaf\" \/>\n<meta property=\"article:modified_time\" content=\"2025-04-17T06:25:27+00:00\" \/>\n<meta property=\"og:image\" content=\"https:\/\/mypalmleaf.com\/wp-content\/uploads\/2024\/11\/homas-thumb.jpg\" \/>\n<meta name=\"twitter:card\" content=\"summary_large_image\" \/>\n<meta name=\"twitter:label1\" content=\"Szacowany czas czytania\" \/>\n\t<meta name=\"twitter:data1\" content=\"2 minuty\" \/>\n<script type=\"application\/ld+json\" class=\"yoast-schema-graph\">{\"@context\":\"https:\/\/schema.org\",\"@graph\":[{\"@type\":\"WebPage\",\"@id\":\"https:\/\/mypalmleaf.com\/homa\/\",\"url\":\"https:\/\/mypalmleaf.com\/homa\/\",\"name\":\"Homa - My Palm Leaf\",\"isPartOf\":{\"@id\":\"https:\/\/mypalmleaf.com\/#website\"},\"primaryImageOfPage\":{\"@id\":\"https:\/\/mypalmleaf.com\/homa\/#primaryimage\"},\"image\":{\"@id\":\"https:\/\/mypalmleaf.com\/homa\/#primaryimage\"},\"thumbnailUrl\":\"https:\/\/mypalmleaf.com\/wp-content\/uploads\/2024\/11\/homas-thumb.jpg\",\"datePublished\":\"2024-11-10T05:53:12+00:00\",\"dateModified\":\"2025-04-17T06:25:27+00:00\",\"description\":\"Dowiedz si\u0119 o ceremonii ognia Homa i jej roli w duchowej przemianie oraz uzdrawiaj\u0105cych do\u015bwiadczeniach. Skontaktuj si\u0119 z nami.\",\"breadcrumb\":{\"@id\":\"https:\/\/mypalmleaf.com\/homa\/#breadcrumb\"},\"inLanguage\":\"pl-PL\",\"potentialAction\":[{\"@type\":\"ReadAction\",\"target\":[\"https:\/\/mypalmleaf.com\/homa\/\"]}]},{\"@type\":\"ImageObject\",\"inLanguage\":\"pl-PL\",\"@id\":\"https:\/\/mypalmleaf.com\/homa\/#primaryimage\",\"url\":\"https:\/\/mypalmleaf.com\/wp-content\/uploads\/2024\/11\/homas-thumb.jpg\",\"contentUrl\":\"https:\/\/mypalmleaf.com\/wp-content\/uploads\/2024\/11\/homas-thumb.jpg\"},{\"@type\":\"BreadcrumbList\",\"@id\":\"https:\/\/mypalmleaf.com\/homa\/#breadcrumb\",\"itemListElement\":[{\"@type\":\"ListItem\",\"position\":1,\"name\":\"Home\",\"item\":\"https:\/\/mypalmleaf.com\/pl\/\"},{\"@type\":\"ListItem\",\"position\":2,\"name\":\"Homa\"}]},{\"@type\":\"WebSite\",\"@id\":\"https:\/\/mypalmleaf.com\/#website\",\"url\":\"https:\/\/mypalmleaf.com\/\",\"name\":\"My Palm Leaf\",\"description\":\"\",\"potentialAction\":[{\"@type\":\"SearchAction\",\"target\":{\"@type\":\"EntryPoint\",\"urlTemplate\":\"https:\/\/mypalmleaf.com\/?s={search_term_string}\"},\"query-input\":{\"@type\":\"PropertyValueSpecification\",\"valueRequired\":true,\"valueName\":\"search_term_string\"}}],\"inLanguage\":\"pl-PL\"}]}<\/script>\n<!-- \/ Yoast SEO plugin. -->","yoast_head_json":{"title":"Homa - My Palm Leaf","description":"Dowiedz si\u0119 o ceremonii ognia Homa i jej roli w duchowej przemianie oraz uzdrawiaj\u0105cych do\u015bwiadczeniach. Skontaktuj si\u0119 z nami.","robots":{"index":"index","follow":"follow","max-snippet":"max-snippet:-1","max-image-preview":"max-image-preview:large","max-video-preview":"max-video-preview:-1"},"canonical":"https:\/\/mypalmleaf.com\/homa\/","og_locale":"pl_PL","og_type":"article","og_title":"Homa - My Palm Leaf","og_description":"Dowiedz si\u0119 o ceremonii ognia Homa i jej roli w duchowej przemianie oraz uzdrawiaj\u0105cych do\u015bwiadczeniach. Skontaktuj si\u0119 z nami.","og_url":"https:\/\/mypalmleaf.com\/homa\/","og_site_name":"My Palm Leaf","article_modified_time":"2025-04-17T06:25:27+00:00","og_image":[{"url":"https:\/\/mypalmleaf.com\/wp-content\/uploads\/2024\/11\/homas-thumb.jpg","type":"","width":"","height":""}],"twitter_card":"summary_large_image","twitter_misc":{"Szacowany czas czytania":"2 minuty"},"schema":{"@context":"https:\/\/schema.org","@graph":[{"@type":"WebPage","@id":"https:\/\/mypalmleaf.com\/homa\/","url":"https:\/\/mypalmleaf.com\/homa\/","name":"Homa - My Palm Leaf","isPartOf":{"@id":"https:\/\/mypalmleaf.com\/#website"},"primaryImageOfPage":{"@id":"https:\/\/mypalmleaf.com\/homa\/#primaryimage"},"image":{"@id":"https:\/\/mypalmleaf.com\/homa\/#primaryimage"},"thumbnailUrl":"https:\/\/mypalmleaf.com\/wp-content\/uploads\/2024\/11\/homas-thumb.jpg","datePublished":"2024-11-10T05:53:12+00:00","dateModified":"2025-04-17T06:25:27+00:00","description":"Dowiedz si\u0119 o ceremonii ognia Homa i jej roli w duchowej przemianie oraz uzdrawiaj\u0105cych do\u015bwiadczeniach. Skontaktuj si\u0119 z nami.","breadcrumb":{"@id":"https:\/\/mypalmleaf.com\/homa\/#breadcrumb"},"inLanguage":"pl-PL","potentialAction":[{"@type":"ReadAction","target":["https:\/\/mypalmleaf.com\/homa\/"]}]},{"@type":"ImageObject","inLanguage":"pl-PL","@id":"https:\/\/mypalmleaf.com\/homa\/#primaryimage","url":"https:\/\/mypalmleaf.com\/wp-content\/uploads\/2024\/11\/homas-thumb.jpg","contentUrl":"https:\/\/mypalmleaf.com\/wp-content\/uploads\/2024\/11\/homas-thumb.jpg"},{"@type":"BreadcrumbList","@id":"https:\/\/mypalmleaf.com\/homa\/#breadcrumb","itemListElement":[{"@type":"ListItem","position":1,"name":"Home","item":"https:\/\/mypalmleaf.com\/pl\/"},{"@type":"ListItem","position":2,"name":"Homa"}]},{"@type":"WebSite","@id":"https:\/\/mypalmleaf.com\/#website","url":"https:\/\/mypalmleaf.com\/","name":"My Palm Leaf","description":"","potentialAction":[{"@type":"SearchAction","target":{"@type":"EntryPoint","urlTemplate":"https:\/\/mypalmleaf.com\/?s={search_term_string}"},"query-input":{"@type":"PropertyValueSpecification","valueRequired":true,"valueName":"search_term_string"}}],"inLanguage":"pl-PL"}]}},"_links":{"self":[{"href":"https:\/\/mypalmleaf.com\/pl\/wp-json\/wp\/v2\/pages\/45458","targetHints":{"allow":["GET"]}}],"collection":[{"href":"https:\/\/mypalmleaf.com\/pl\/wp-json\/wp\/v2\/pages"}],"about":[{"href":"https:\/\/mypalmleaf.com\/pl\/wp-json\/wp\/v2\/types\/page"}],"author":[{"embeddable":true,"href":"https:\/\/mypalmleaf.com\/pl\/wp-json\/wp\/v2\/users\/1"}],"replies":[{"embeddable":true,"href":"https:\/\/mypalmleaf.com\/pl\/wp-json\/wp\/v2\/comments?post=45458"}],"version-history":[{"count":0,"href":"https:\/\/mypalmleaf.com\/pl\/wp-json\/wp\/v2\/pages\/45458\/revisions"}],"wp:attachment":[{"href":"https:\/\/mypalmleaf.com\/pl\/wp-json\/wp\/v2\/media?parent=45458"}],"curies":[{"name":"wp","href":"https:\/\/api.w.org\/{rel}","templated":true}]}}