{"id":45506,"date":"2024-11-10T07:16:42","date_gmt":"2024-11-10T07:16:42","guid":{"rendered":"https:\/\/mypalmleaf.com\/athma-shanthi-puja\/"},"modified":"2024-11-19T11:05:10","modified_gmt":"2024-11-19T11:05:10","slug":"athma-shanthi-puja","status":"publish","type":"page","link":"https:\/\/mypalmleaf.com\/pl\/athma-shanthi-puja\/","title":{"rendered":"Athma Shanthi Puja"},"content":{"rendered":"\n<section class=\"spotlight-main small top-gap\">\n    <!-- <div class=\"slider-wrap\" data-flickity='{ \"cellAlign\": \"left\", \"contain\": true, \"wrapAround\": true, \"setGallerySize\": false }'> -->\n    <div class=\"slider-wrap\" data-flickity='{ \"cellAlign\": \"left\", \"contain\": true, \"wrapAround\": true, \"setGallerySize\": false  }'>\n            <div class=\"slides\">\n        <div class=\"content-wrap\">\n          <div class=\"image\">\n            <picture>\n              <source media=\"(max-width: 999px)\" srcset=\"https:\/\/mypalmleaf.com\/wp-content\/uploads\/2024\/11\/athma-shanti-puja-spotlight.-mob.jpg\" \/>\n              <source media=\"(min-width: 1000px)\" srcset=\"https:\/\/mypalmleaf.com\/wp-content\/uploads\/2024\/11\/athma-shanti-puja-spotlight.jpg\" \/>\n              <img decoding=\"async\" src=\"https:\/\/mypalmleaf.com\/wp-content\/uploads\/2024\/11\/athma-shanti-puja-spotlight.jpg\" class=\"img-fluid\" alt=\"\" \/>\n            <\/picture>\n          <\/div>\n          <div class=\"content\">\n            <div data-aos=\"fade-up\" data-aos-duration=\"1000\">\n              <h2 class=\"\">Athma Shanthi Puja: \u015awi\u0119ty rytua\u0142 dla zmar\u0142ych dusz<\/h2>\n              <p>Przynie\u015b pok\u00f3j i wyzwolenie duszom swoich bliskich poprzez t\u0119 g\u0142\u0119bok\u0105 ceremoni\u0119 wedyjsk\u0105.<\/p>\n                                  <a href=\"\/prices\/athma-shanthi-puja-special-ritual-to-help-the-soul-of-someone-who-has-passed-away-to-rest-in-peace\/\" class=\"btn btn-primary\">Zarezerwuj Pud\u017c\u0119<\/a>\n                   \n            <\/div>\n          <\/div>\n        <\/div>\n      <\/div>\n          <\/div>\n<\/section>\n<section class=\"my-6 position-relative\">\n    <div class=\"container-xl\" data-aos=\"fade-up\" data-aos-duration=\"1000\">\n      <div class=\"row align-items-center\">\n        <div class=\"col-lg-5 mb-4 mb-lg-0\">\n          <div class=\"rounded-asset\">\n            <img decoding=\"async\" src=\"https:\/\/mypalmleaf.com\/wp-content\/uploads\/2024\/11\/yt-thumb-2.jpg\" class=\"img-fluid\" alt=\"\"><div class=\"play-icon\"><\/div>\n            <a href=\"https:\/\/www.youtube.com\/watch?v=nZ0XR1c6lPU\" class=\"stretched-link\" data-lity><\/a>\n          <\/div>\n        <\/div>\n        <div class=\"col-lg-7\">\n          <h2 class=\"mb-4\">Czym jest pud\u017ca Athma Shanthi?<\/h2>\n          <p>Athma Shanthi Puja to \u015bwi\u0119ty rytua\u0142 wykonywany w celu uhonorowania i zapewnienia spokoju duszom zmar\u0142ych bliskich. Zgodnie z tradycjami wedyjskimi, ceremonia ta pomaga zmar\u0142ej duszy znale\u017a\u0107 wyzwolenie (moksha) i mo\u017ce rozwi\u0105za\u0107 wszelkie utrzymuj\u0105ce si\u0119 d\u0142ugi karmiczne lub zak\u0142\u00f3cenia. Jest to szczeg\u00f3lnie wa\u017cne dla tych, kt\u00f3rzy odeszli niespodziewanie, tragicznie lub bez mo\u017cliwo\u015bci otrzymania odpowiednich rytua\u0142\u00f3w.  <\/p>\n<p>Podczas Pud\u017cy nasi do\u015bwiadczeni kap\u0142ani wedyjscy intonuj\u0105 \u015bwi\u0119te mantry, ofiarowuj\u0105 modlitwy i wykonuj\u0105 rytua\u0142y, aby przynie\u015b\u0107 harmoni\u0119 i duchowe wyzwolenie.<\/p>\n        <\/div>\n      <\/div>\n    <\/div>\n    <\/section>\n<section class=\"my-6 position-relative\">\n  <div class=\"container-xl aos-init aos-animate\" data-aos=\"fade-up\" data-aos-duration=\"1000\">\n    <div class=\"row align-items-center\">\n      <div class=\"col-lg-7\">\n        <h2 class=\"mb-4\">Dlaczego warto wykonywa\u0107 pud\u017c\u0119 Athma Shanthi?<\/h2>\n<p>Athma Shanthi Puja to pe\u0142en wsp\u00f3\u0142czucia i pot\u0119\u017cny rytua\u0142, kt\u00f3ry s\u0142u\u017cy zar\u00f3wno \u017cywym, jak i zmar\u0142ym. Oto dlaczego jest on wa\u017cny: <\/p>\n<ul>\n<li>Wyzwolenie duszy: Pom\u00f3\u017c zmar\u0142ej duszy osi\u0105gn\u0105\u0107 spok\u00f3j i wyzwolenie z cyklu odrodzenia.<\/li>\n<li>Rozwi\u0105zanie karmiczne: Uwolnienie negatywnych wp\u0142yw\u00f3w karmicznych spowodowanych przez nierozwi\u0105zane energie przodk\u00f3w.<\/li>\n<li>B\u0142ogos\u0142awie\u0144stwa przodk\u00f3w: Przynie\u015b b\u0142ogos\u0142awie\u0144stwa i ochron\u0119 od swoich przodk\u00f3w do swojego \u017cycia.<\/li>\n<li>Uzdrowienie i zamkni\u0119cie: Zapewnienie emocjonalnego uzdrowienia i zamkni\u0119cia dla pogr\u0105\u017conych w \u017ca\u0142obie cz\u0142onk\u00f3w rodziny.<\/li>\n<\/ul>\n<div class=\"dual-btn-cont mt-4\">\n<ul>\n<li><a href=\"https:\/\/mypalmleaf.com\/pl\/uslugi\/athma-shanthi-puja-specjalny-rytual-pomagajacy-duszy-zmarlej-osoby-odpoczac-w-pokoju\/\" class=\"btn btn-primary\">Zarezerwuj Athma Shanti Puja dla dusz swoich przodk\u00f3w<\/a><\/li>\n<\/ul>\n<\/div>\n      <\/div>\n      <div class=\"col-lg-5 mb-4 mb-lg-0\">\n        <div class=\"rounded-asset\">\n          <img decoding=\"async\" src=\"https:\/\/staging.mypalmleaf.com\/wp-content\/uploads\/2024\/11\/atma-shant-thumb1.jpg\" class=\"img-fluid\" alt=\"\"\/>\n        <\/div>\n      <\/div>\n    <\/div>\n  <\/div>\n       \n  <\/section>\n\n<section class=\"my-6 position-relative\">\n  <div class=\"container-xl aos-init aos-animate\" data-aos=\"fade-up\" data-aos-duration=\"1000\">\n    <div class=\"row align-items-center\">\n      <div class=\"col-lg-5 mb-4 mb-lg-0\">\n        <div class=\"rounded-asset\">\n          <img decoding=\"async\" src=\"https:\/\/staging.mypalmleaf.com\/wp-content\/uploads\/2024\/11\/atma-shant-thumb2.jpg\" class=\"img-fluid\" alt=\"\"\/>\n        <\/div>\n      <\/div>\n      <div class=\"col-lg-7\">\n        <h2 class=\"mb-4\">Kto powinien rozwa\u017cy\u0107 t\u0119 pud\u017c\u0119?<\/h2>\n        <p>Pud\u017ca Athma Shanthi jest zalecana dla ka\u017cdego, kto straci\u0142 ukochan\u0105 osob\u0119 i pragnie przynie\u015b\u0107 spok\u00f3j jej duszy. Jest to szczeg\u00f3lnie korzystne, je\u015bli: <\/p>\n        <ul>\n          <li>Zmar\u0142a dusza odesz\u0142a w tragicznych lub nag\u0142ych okoliczno\u015bciach.<\/li>\n          <li>Nie przeprowadzono odpowiednich obrz\u0119d\u00f3w pogrzebowych lub istnieje poczucie niedoko\u0144czonego duchowego biznesu.<\/li>\n          <li>Odczuwasz w swoim \u017cyciu obecno\u015b\u0107 zak\u0142\u00f3ce\u0144 ze strony przodk\u00f3w.<\/li>\n          <li>Chcesz uhonorowa\u0107 swoich przodk\u00f3w i wyrazi\u0107 im wdzi\u0119czno\u015b\u0107.<\/li>\n        <\/ul>\n<div class=\"dual-btn-cont mt-4\">\n<ul>\n<li><a href=\"https:\/\/mypalmleaf.com\/pl\/uslugi\/athma-shanthi-puja-specjalny-rytual-pomagajacy-duszy-zmarlej-osoby-odpoczac-w-pokoju\/\" class=\"btn btn-primary\">Zarezerwuj Athma Shanti Puja dla dusz swoich przodk\u00f3w<\/a><\/li>\n<\/ul>\n<\/div>\n      <\/div>\n      \n    <\/div>\n  <\/div>\n       \n  <\/section>\n\n<section class=\"my-6 position-relative\">\n  <div class=\"container-xl aos-init aos-animate\" data-aos=\"fade-up\" data-aos-duration=\"1000\">\n    <div class=\"row align-items-center\">\n      <div class=\"col-lg-7\">\n        <h2 class=\"mb-4\">Jak wykonuje si\u0119 pud\u017c\u0119 Athma Shanti?<\/h2>\n<p>Ceremonia jest przeprowadzana zgodnie ze staro\u017cytnymi tradycjami wedyjskimi i zwykle odbywa si\u0119 w pobli\u017cu \u015bwi\u0119tego zbiornika wodnego lub o\u0142tarza. Oto czego mo\u017cna si\u0119 spodziewa\u0107: <\/p>\n<ul>\n<li>Inwokacja boskich energii: Rytua\u0142 rozpoczyna si\u0119 od intonowania mantr i modlitw w celu oczyszczenia przestrzeni i przywo\u0142ania boskich energii.<\/li>\n<li>\u015awi\u0119te ofiary: Zmar\u0142ej duszy sk\u0142ada si\u0119 ofiary, w tym ry\u017c, kwiaty i \u015bwi\u0119te przedmioty.<\/li>\n<li>Modlitwy o pok\u00f3j: Specjalne modlitwy i mantry s\u0105 intonowane, aby pob\u0142ogos\u0142awi\u0107 dusz\u0119 i poprowadzi\u0107 j\u0105 ku wyzwoleniu.  <\/li>\n<li>Rytua\u0142y wodne: Ceremonia mo\u017ce obejmowa\u0107 ofiarowanie \u015bwi\u0119tych w\u00f3d, symbolizuj\u0105cych oczyszczenie i uwolnienie duszy.<\/li>\n<\/ul>\n<div class=\"dual-btn-cont mt-4\">\n<ul>\n<li><a href=\"https:\/\/mypalmleaf.com\/pl\/uslugi\/athma-shanthi-puja-specjalny-rytual-pomagajacy-duszy-zmarlej-osoby-odpoczac-w-pokoju\/\" class=\"btn btn-primary\">Zarezerwuj Athma Shanti Puja dla dusz swoich przodk\u00f3w<\/a><\/li>\n<\/ul>\n<\/div>\n      <\/div>\n      <div class=\"col-lg-5 mb-4 mb-lg-0\">\n        <div class=\"rounded-asset\">\n          <img decoding=\"async\" src=\"https:\/\/staging.mypalmleaf.com\/wp-content\/uploads\/2024\/11\/atma-shant-thumb3-1.jpg\" class=\"img-fluid\" alt=\"\"\/>\n        <\/div>\n      <\/div>\n    <\/div>\n  <\/div>\n       \n  <\/section>\n<section class=\"accordion-container position-relative \" data-aos=\"fade-up\" data-aos-duration=\"1000\" id=\"general-questions\">\n  <div class=\"container-xl\">\n    <div class=\"row\">\n      <h3>Cz\u0119sto zadawane pytania<\/h3>\n      <div class=\"accr-wrap\">\n                  <div class=\"head\">Czy musz\u0119 by\u0107 obecny podczas Athma Shanthi Puja?<\/div>\n          <div class=\"content\">\n            <p>Nie, fizyczna obecno\u015b\u0107 nie jest konieczna. Nasi wedyjscy kap\u0142ani przeprowadz\u0105 rytua\u0142 z tak\u0105 sam\u0105 czci\u0105 i intencj\u0105, a b\u0142ogos\u0142awie\u0144stwa i energia dotr\u0105 do duszy niezale\u017cnie od twojej obecno\u015bci. Mo\u017cesz jednak do\u0142\u0105czy\u0107 przez Zoom, je\u015bli chcesz by\u0107 \u015bwiadkiem ceremonii.  <\/p>\n          <\/div>\n                  <div class=\"head\">Czy pud\u017ca mo\u017ce by\u0107 wykonana za kogo\u015b, kto zmar\u0142 dawno temu?<\/div>\n          <div class=\"content\">\n            <p>Tak, Athma Shanthi Puja mo\u017ce by\u0107 wykonywana dla dusz, kt\u00f3re odesz\u0142y wiele lat temu. Rytua\u0142 jest ponadczasowy i mo\u017ce przynie\u015b\u0107 spok\u00f3j i uwolnienie ka\u017cdej duszy, niezale\u017cnie od tego, kiedy odesz\u0142a. <\/p>\n          <\/div>\n                  <div class=\"head\">Jakie dane musz\u0119 poda\u0107, aby wzi\u0105\u0107 udzia\u0142 w pud\u017cy?<\/div>\n          <div class=\"content\">\n            <p>Zazwyczaj wymagamy podania imienia zmar\u0142ej duszy i twojego zwi\u0105zku z ni\u0105. Pomocne mog\u0105 by\u0107 r\u00f3wnie\u017c wszelkie dodatkowe szczeg\u00f3\u0142y, takie jak okoliczno\u015bci ich odej\u015bcia. <\/p>\n          <\/div>\n                  <div class=\"head\">Czy Athma Shanthi Puja mo\u017ce by\u0107 wykonywana dla wielu dusz jednocze\u015bnie?<\/div>\n          <div class=\"content\">\n            <p>Tak, mo\u017cliwe jest wykonanie Pud\u017cy dla wi\u0119cej ni\u017c jednej duszy. Prosimy o podanie szczeg\u00f3\u0142\u00f3w ka\u017cdej duszy, a nasi kap\u0142ani dopilnuj\u0105, aby rytua\u0142 zosta\u0142 odpowiednio spersonalizowany. <\/p>\n          <\/div>\n                  <div class=\"head\">Co powinienem zrobi\u0107 po pud\u017cy?<\/div>\n          <div class=\"content\">\n            <p>Pud\u017ca trwa zazwyczaj od 20 do 60 minut, w zale\u017cno\u015bci od z\u0142o\u017cono\u015bci i liczby honorowanych dusz. Przygotowania do ceremonii trwaj\u0105 wiele godzin. <\/p>\n          <\/div>\n                  <div class=\"head\">Jak d\u0142ugo trwa pud\u017ca Athma Shanthi?<\/div>\n          <div class=\"content\">\n            <p>Pud\u017ca trwa zazwyczaj od 20 do 60 minut, w zale\u017cno\u015bci od z\u0142o\u017cono\u015bci i liczby honorowanych dusz. Przygotowania do ceremonii trwaj\u0105 wiele godzin. <\/p>\n          <\/div>\n                  <div class=\"head\">Czy mog\u0119 wykona\u0107 t\u0119 pud\u017c\u0119 w wa\u017cnych datach, takich jak rocznice lub podczas Pitru Paksha?<\/div>\n          <div class=\"content\">\n            <p>Tak, wykonywanie Athma Shanthi Puja w wa\u017cnych datach, takich jak rocznice \u015bmierci lub w okresie Pitru Paksha, mo\u017ce zwi\u0119kszy\u0107 jej korzy\u015bci. Mo\u017cemy pom\u00f3c ci odpowiednio zaplanowa\u0107 ceremoni\u0119. <\/p>\n          <\/div>\n                  <div class=\"head\">Czy Athma Shanthi Puja jest odpowiednia dla wszystkich wierze\u0144 i tradycji?<\/div>\n          <div class=\"content\">\n            <p>Tak, cho\u0107 zakorzeniona w tradycji wedyjskiej, Puja jest uniwersalnym rytua\u0142em maj\u0105cym na celu przyniesienie pokoju i b\u0142ogos\u0142awie\u0144stw zmar\u0142ym. Mo\u017ce by\u0107 wykonywany dla ka\u017cdego, niezale\u017cnie od jego duchowych lub religijnych przekona\u0144. <\/p>\n          <\/div>\n                  <div class=\"head\">Czy b\u0119dzie mi towarzyszy\u0142 moderator z Mypalmleaf?<\/div>\n          <div class=\"content\">\n            <p>Tak, jeden z naszych moderator\u00f3w b\u0119dzie obecny podczas Athma Shanti Puja. Poprowadzi ci\u0119 i wyja\u015bni ci wszystko, je\u015bli zajdzie taka potrzeba. <\/p>\n          <\/div>\n              <\/div>\n    <\/div>\n  <\/div>\n  \n<\/section>\n<\/div>","protected":false},"excerpt":{"rendered":"<p>Dlaczego warto wykonywa\u0107 pud\u017c\u0119 Athma Shanthi? Athma Shanthi Puja to pe\u0142en wsp\u00f3\u0142czucia i pot\u0119\u017cny rytua\u0142, kt\u00f3ry s\u0142u\u017cy zar\u00f3wno \u017cywym, jak i zmar\u0142ym. Oto dlaczego jest on wa\u017cny: Wyzwolenie duszy: Pom\u00f3\u017c zmar\u0142ej duszy osi\u0105gn\u0105\u0107 spok\u00f3j i wyzwolenie z cyklu odrodzenia. Rozwi\u0105zanie karmiczne: Uwolnienie negatywnych wp\u0142yw\u00f3w karmicznych spowodowanych przez nierozwi\u0105zane energie przodk\u00f3w. B\u0142ogos\u0142awie\u0144stwa przodk\u00f3w: Przynie\u015b b\u0142ogos\u0142awie\u0144stwa i [&hellip;]<\/p>\n","protected":false},"author":1,"featured_media":0,"parent":0,"menu_order":0,"comment_status":"closed","ping_status":"closed","template":"","meta":{"_acf_changed":false,"footnotes":""},"class_list":["post-45506","page","type-page","status-publish","hentry"],"acf":[],"yoast_head":"<!-- This site is optimized with the Yoast SEO plugin v26.4 - https:\/\/yoast.com\/wordpress\/plugins\/seo\/ -->\n<title>Athma Shanthi Puja - My Palm Leaf<\/title>\n<meta name=\"robots\" content=\"index, follow, max-snippet:-1, max-image-preview:large, max-video-preview:-1\" \/>\n<link rel=\"canonical\" href=\"https:\/\/mypalmleaf.com\/athma-shanthi-puja\/\" \/>\n<meta property=\"og:locale\" content=\"pl_PL\" \/>\n<meta property=\"og:type\" content=\"article\" \/>\n<meta property=\"og:title\" content=\"Athma Shanthi Puja - My Palm Leaf\" \/>\n<meta property=\"og:description\" content=\"Dlaczego warto wykonywa\u0107 pud\u017c\u0119 Athma Shanthi? Athma Shanthi Puja to pe\u0142en wsp\u00f3\u0142czucia i pot\u0119\u017cny rytua\u0142, kt\u00f3ry s\u0142u\u017cy zar\u00f3wno \u017cywym, jak i zmar\u0142ym. Oto dlaczego jest on wa\u017cny: Wyzwolenie duszy: Pom\u00f3\u017c zmar\u0142ej duszy osi\u0105gn\u0105\u0107 spok\u00f3j i wyzwolenie z cyklu odrodzenia. Rozwi\u0105zanie karmiczne: Uwolnienie negatywnych wp\u0142yw\u00f3w karmicznych spowodowanych przez nierozwi\u0105zane energie przodk\u00f3w. B\u0142ogos\u0142awie\u0144stwa przodk\u00f3w: Przynie\u015b b\u0142ogos\u0142awie\u0144stwa i [&hellip;]\" \/>\n<meta property=\"og:url\" content=\"https:\/\/mypalmleaf.com\/athma-shanthi-puja\/\" \/>\n<meta property=\"og:site_name\" content=\"My Palm Leaf\" \/>\n<meta property=\"article:modified_time\" content=\"2024-11-19T11:05:10+00:00\" \/>\n<meta property=\"og:image\" content=\"https:\/\/staging.mypalmleaf.com\/wp-content\/uploads\/2024\/11\/atma-shant-thumb1.jpg\" \/>\n<meta name=\"twitter:card\" content=\"summary_large_image\" \/>\n<meta name=\"twitter:label1\" content=\"Szacowany czas czytania\" \/>\n\t<meta name=\"twitter:data1\" content=\"2 minuty\" \/>\n<script type=\"application\/ld+json\" class=\"yoast-schema-graph\">{\"@context\":\"https:\/\/schema.org\",\"@graph\":[{\"@type\":\"WebPage\",\"@id\":\"https:\/\/mypalmleaf.com\/athma-shanthi-puja\/\",\"url\":\"https:\/\/mypalmleaf.com\/athma-shanthi-puja\/\",\"name\":\"Athma Shanthi Puja - My Palm Leaf\",\"isPartOf\":{\"@id\":\"https:\/\/mypalmleaf.com\/#website\"},\"primaryImageOfPage\":{\"@id\":\"https:\/\/mypalmleaf.com\/athma-shanthi-puja\/#primaryimage\"},\"image\":{\"@id\":\"https:\/\/mypalmleaf.com\/athma-shanthi-puja\/#primaryimage\"},\"thumbnailUrl\":\"https:\/\/staging.mypalmleaf.com\/wp-content\/uploads\/2024\/11\/atma-shant-thumb1.jpg\",\"datePublished\":\"2024-11-10T07:16:42+00:00\",\"dateModified\":\"2024-11-19T11:05:10+00:00\",\"breadcrumb\":{\"@id\":\"https:\/\/mypalmleaf.com\/athma-shanthi-puja\/#breadcrumb\"},\"inLanguage\":\"pl-PL\",\"potentialAction\":[{\"@type\":\"ReadAction\",\"target\":[\"https:\/\/mypalmleaf.com\/athma-shanthi-puja\/\"]}]},{\"@type\":\"ImageObject\",\"inLanguage\":\"pl-PL\",\"@id\":\"https:\/\/mypalmleaf.com\/athma-shanthi-puja\/#primaryimage\",\"url\":\"https:\/\/staging.mypalmleaf.com\/wp-content\/uploads\/2024\/11\/atma-shant-thumb1.jpg\",\"contentUrl\":\"https:\/\/staging.mypalmleaf.com\/wp-content\/uploads\/2024\/11\/atma-shant-thumb1.jpg\"},{\"@type\":\"BreadcrumbList\",\"@id\":\"https:\/\/mypalmleaf.com\/athma-shanthi-puja\/#breadcrumb\",\"itemListElement\":[{\"@type\":\"ListItem\",\"position\":1,\"name\":\"Home\",\"item\":\"https:\/\/mypalmleaf.com\/pl\/\"},{\"@type\":\"ListItem\",\"position\":2,\"name\":\"Athma Shanthi Puja\"}]},{\"@type\":\"WebSite\",\"@id\":\"https:\/\/mypalmleaf.com\/#website\",\"url\":\"https:\/\/mypalmleaf.com\/\",\"name\":\"My Palm Leaf\",\"description\":\"\",\"potentialAction\":[{\"@type\":\"SearchAction\",\"target\":{\"@type\":\"EntryPoint\",\"urlTemplate\":\"https:\/\/mypalmleaf.com\/?s={search_term_string}\"},\"query-input\":{\"@type\":\"PropertyValueSpecification\",\"valueRequired\":true,\"valueName\":\"search_term_string\"}}],\"inLanguage\":\"pl-PL\"}]}<\/script>\n<!-- \/ Yoast SEO plugin. -->","yoast_head_json":{"title":"Athma Shanthi Puja - My Palm Leaf","robots":{"index":"index","follow":"follow","max-snippet":"max-snippet:-1","max-image-preview":"max-image-preview:large","max-video-preview":"max-video-preview:-1"},"canonical":"https:\/\/mypalmleaf.com\/athma-shanthi-puja\/","og_locale":"pl_PL","og_type":"article","og_title":"Athma Shanthi Puja - My Palm Leaf","og_description":"Dlaczego warto wykonywa\u0107 pud\u017c\u0119 Athma Shanthi? Athma Shanthi Puja to pe\u0142en wsp\u00f3\u0142czucia i pot\u0119\u017cny rytua\u0142, kt\u00f3ry s\u0142u\u017cy zar\u00f3wno \u017cywym, jak i zmar\u0142ym. Oto dlaczego jest on wa\u017cny: Wyzwolenie duszy: Pom\u00f3\u017c zmar\u0142ej duszy osi\u0105gn\u0105\u0107 spok\u00f3j i wyzwolenie z cyklu odrodzenia. Rozwi\u0105zanie karmiczne: Uwolnienie negatywnych wp\u0142yw\u00f3w karmicznych spowodowanych przez nierozwi\u0105zane energie przodk\u00f3w. B\u0142ogos\u0142awie\u0144stwa przodk\u00f3w: Przynie\u015b b\u0142ogos\u0142awie\u0144stwa i [&hellip;]","og_url":"https:\/\/mypalmleaf.com\/athma-shanthi-puja\/","og_site_name":"My Palm Leaf","article_modified_time":"2024-11-19T11:05:10+00:00","og_image":[{"url":"https:\/\/staging.mypalmleaf.com\/wp-content\/uploads\/2024\/11\/atma-shant-thumb1.jpg","type":"","width":"","height":""}],"twitter_card":"summary_large_image","twitter_misc":{"Szacowany czas czytania":"2 minuty"},"schema":{"@context":"https:\/\/schema.org","@graph":[{"@type":"WebPage","@id":"https:\/\/mypalmleaf.com\/athma-shanthi-puja\/","url":"https:\/\/mypalmleaf.com\/athma-shanthi-puja\/","name":"Athma Shanthi Puja - My Palm Leaf","isPartOf":{"@id":"https:\/\/mypalmleaf.com\/#website"},"primaryImageOfPage":{"@id":"https:\/\/mypalmleaf.com\/athma-shanthi-puja\/#primaryimage"},"image":{"@id":"https:\/\/mypalmleaf.com\/athma-shanthi-puja\/#primaryimage"},"thumbnailUrl":"https:\/\/staging.mypalmleaf.com\/wp-content\/uploads\/2024\/11\/atma-shant-thumb1.jpg","datePublished":"2024-11-10T07:16:42+00:00","dateModified":"2024-11-19T11:05:10+00:00","breadcrumb":{"@id":"https:\/\/mypalmleaf.com\/athma-shanthi-puja\/#breadcrumb"},"inLanguage":"pl-PL","potentialAction":[{"@type":"ReadAction","target":["https:\/\/mypalmleaf.com\/athma-shanthi-puja\/"]}]},{"@type":"ImageObject","inLanguage":"pl-PL","@id":"https:\/\/mypalmleaf.com\/athma-shanthi-puja\/#primaryimage","url":"https:\/\/staging.mypalmleaf.com\/wp-content\/uploads\/2024\/11\/atma-shant-thumb1.jpg","contentUrl":"https:\/\/staging.mypalmleaf.com\/wp-content\/uploads\/2024\/11\/atma-shant-thumb1.jpg"},{"@type":"BreadcrumbList","@id":"https:\/\/mypalmleaf.com\/athma-shanthi-puja\/#breadcrumb","itemListElement":[{"@type":"ListItem","position":1,"name":"Home","item":"https:\/\/mypalmleaf.com\/pl\/"},{"@type":"ListItem","position":2,"name":"Athma Shanthi Puja"}]},{"@type":"WebSite","@id":"https:\/\/mypalmleaf.com\/#website","url":"https:\/\/mypalmleaf.com\/","name":"My Palm Leaf","description":"","potentialAction":[{"@type":"SearchAction","target":{"@type":"EntryPoint","urlTemplate":"https:\/\/mypalmleaf.com\/?s={search_term_string}"},"query-input":{"@type":"PropertyValueSpecification","valueRequired":true,"valueName":"search_term_string"}}],"inLanguage":"pl-PL"}]}},"_links":{"self":[{"href":"https:\/\/mypalmleaf.com\/pl\/wp-json\/wp\/v2\/pages\/45506","targetHints":{"allow":["GET"]}}],"collection":[{"href":"https:\/\/mypalmleaf.com\/pl\/wp-json\/wp\/v2\/pages"}],"about":[{"href":"https:\/\/mypalmleaf.com\/pl\/wp-json\/wp\/v2\/types\/page"}],"author":[{"embeddable":true,"href":"https:\/\/mypalmleaf.com\/pl\/wp-json\/wp\/v2\/users\/1"}],"replies":[{"embeddable":true,"href":"https:\/\/mypalmleaf.com\/pl\/wp-json\/wp\/v2\/comments?post=45506"}],"version-history":[{"count":0,"href":"https:\/\/mypalmleaf.com\/pl\/wp-json\/wp\/v2\/pages\/45506\/revisions"}],"wp:attachment":[{"href":"https:\/\/mypalmleaf.com\/pl\/wp-json\/wp\/v2\/media?parent=45506"}],"curies":[{"name":"wp","href":"https:\/\/api.w.org\/{rel}","templated":true}]}}