{"id":30010,"date":"2024-09-04T10:57:26","date_gmt":"2024-09-04T10:57:26","guid":{"rendered":"https:\/\/mypalmleaf.com\/prices\/dodatkowa-lektura-rozdzialu\/"},"modified":"2025-10-09T16:10:34","modified_gmt":"2025-10-09T16:10:34","slug":"dodatkowa-lektura-rozdzialu","status":"publish","type":"product","link":"https:\/\/mypalmleaf.com\/pl\/uslugi\/dodatkowa-lektura-rozdzialu\/","title":{"rendered":"Dodatkowe rozdzia\u0142y do przeczytania na Mypalmleaf"},"content":{"rendered":"<div class=\"description\">\n<p><strong>Us\u0142uga obejmuje<\/strong><\/p>\n<ul>\n<li>Czytanie wybranych rozdzia\u0142\u00f3w przez bibliotek\u0119 li\u015bci palmowych<\/li>\n<li>Moderowanie czytania przez moderatora MPL<\/li>\n<li>Nagrywanie wideo<\/li>\n<\/ul>\n<\/div>\n<div class=\"additional-addons-wrap\">\n<p>Li\u015bcie Palmowe zawieraj\u0105 do 17 rozdzia\u0142\u00f3w, z kt\u00f3rych ka\u017cdy po\u015bwi\u0119cony jest okre\u015blonemu tematowi z \u017cycia danej osoby.<\/p>\n<p>Rozdzia\u0142 og\u00f3lny jest zawarty w czytaniu, wi\u0119c dodatkowe rozdzia\u0142y mog\u0105 by\u0107 czytane <strong>dopiero po<\/strong> przeczytaniu rozdzia\u0142u og\u00f3lnego.<\/p>\n<p>Nie czyta\u0142e\u015b jeszcze rozdzia\u0142u og\u00f3lnego? <a class=\"fw-bold text-body\" href=\"https:\/\/mypalmleaf.com\/pl\/uslugi\/znajdowanie-lisci-ogolne-czytanie-rozdzialow\/\">Pobierz go tutaj<\/a>.<\/p>\n<p>Poni\u017cej mo\u017cesz wybra\u0107 us\u0142ug\u0119 czytania dowolnego dodatkowego rozdzia\u0142u.<\/p>\n<p>Rozdzia\u0142y specjalne s\u0105 d\u0142u\u017csze i bardziej szczeg\u00f3\u0142owe ni\u017c zwyk\u0142e rozdzia\u0142y.<\/p>\n<\/div>\n","protected":false},"excerpt":{"rendered":"<p><strong>Us\u0142uga obejmuje<\/strong><\/p>\n<ul>\n<li>Czytanie wybranych rozdzia\u0142\u00f3w przez bibliotek\u0119 li\u015bci palmowych<\/li>\n<li>Moderacja czytania przez moderatora MPL&#8230;<\/li>\n<\/ul>\n","protected":false},"featured_media":9825,"comment_status":"open","ping_status":"closed","template":"","meta":{"_acf_changed":false},"product_brand":[],"product_cat":[296],"product_tag":[],"class_list":{"0":"post-30010","1":"product","2":"type-product","3":"status-publish","4":"has-post-thumbnail","6":"product_cat-uncategorized-pl","8":"first","9":"instock","10":"virtual","11":"taxable","12":"purchasable","13":"product-type-simple"},"exclude_global_add_ons":false,"addons":[{"name":"Rozdzia\u0142y","type":"checkbox","position":0,"required":false,"title_format":"label","description_enable":true,"description":"rozdzia\u0142y","placeholder_enable":false,"placeholder":null,"display":"select","restrictions_type":"any_text","adjust_price":false,"price":"","price_type":"flat_fee","restrictions":false,"min":0,"max":0,"options":[{"label":"1. Rozdzia\u0142 og\u00f3lny (ju\u017c to s\u0142yszeli\u015bcie w czytaniu og\u00f3lnym)","price":"","price_type":"flat_fee","image":0},{"label":"2. Edukacja i bogactwo","price":"79","price_type":"flat_fee","image":0},{"label":"3. Rodze\u0144stwo","price":"79","price_type":"flat_fee","image":0},{"label":"4. Matka, aspekty materialne, takie jak dom, ziemia, pojazdy i komfort materialny.","price":"79","price_type":"flat_fee","image":0},{"label":"5. Dzieci","price":"79","price_type":"flat_fee","image":0},{"label":"6. Wrogowie i choroby","price":"79","price_type":"flat_fee","image":0},{"label":"7. Ma\u0142\u017ce\u0144stwo\/zwi\u0105zki","price":"79","price_type":"flat_fee","image":0},{"label":"8. D\u0142ugo\u015b\u0107 \u017cycia","price":"79","price_type":"flat_fee","image":0},{"label":"9. Tw\u00f3j ojciec i twoja duchowa \u015bcie\u017cka","price":"79","price_type":"flat_fee","image":0},{"label":"10. Kariera\/zaw\u00f3d\/biznes","price":"79","price_type":"flat_fee","image":0},{"label":"11. Szcz\u0119\u015bcie, zyski, potencjalne drugie ma\u0142\u017ce\u0144stwo","price":"79","price_type":"flat_fee","image":0},{"label":"12. Po\u0142\u0105czenie zagraniczne i nast\u0119pne wcielenie","price":"79","price_type":"flat_fee","image":0},{"label":"13. Poprzednie narodziny i stara karma","price":"79","price_type":"flat_fee","image":0},{"label":"14. Energetyczne \u015brodki zaradcze, aby poprawi\u0107 swoj\u0105 \u015bcie\u017ck\u0119 \u017cycia (s\u0142ysza\u0142e\u015b ju\u017c o tym w Czytaniu Og\u00f3lnym)","price":"","price_type":"flat_fee","image":0},{"label":"15. Medycyna ajurwedyjska","price":"130","price_type":"flat_fee","image":0},{"label":"16. Rozw\u00f3j duchowy","price":"130","price_type":"flat_fee","image":0},{"label":"17. Bie\u017c\u0105ce skutki planetarne","price":"130","price_type":"flat_fee","image":0}],"id":1725236907},{"name":"T\u0142umaczenie na rozdzia\u0142","type":"checkbox","position":1,"required":false,"title_format":"label","description_enable":true,"description":"t\u0142umaczenie","placeholder_enable":false,"placeholder":null,"display":"select","restrictions_type":"any_text","adjust_price":false,"price":"","price_type":"flat_fee","restrictions":false,"min":0,"max":0,"options":[{"label":"Angielski","price":"","price_type":"flat_fee","image":0},{"label":"Niemiecki","price":"12","price_type":"flat_fee","image":0},{"label":"Rosyjski","price":"12","price_type":"flat_fee","image":0},{"label":"Japo\u0144ski","price":"12","price_type":"flat_fee","image":0},{"label":"W\u0142oski","price":"12","price_type":"flat_fee","image":0},{"label":"Francuski","price":"12","price_type":"flat_fee","image":0},{"label":"Hiszpa\u0144ski","price":"12","price_type":"flat_fee","image":0},{"label":"Holenderski","price":"12","price_type":"flat_fee","image":0},{"label":"Inne","price":"12","price_type":"flat_fee","image":0}],"id":1725236908},{"name":"Transkrypcja na rozdzia\u0142","type":"checkbox","position":2,"required":false,"title_format":"label","description_enable":true,"description":"transkrypcja","placeholder_enable":false,"placeholder":null,"display":"select","restrictions_type":"any_text","adjust_price":false,"price":"","price_type":"flat_fee","restrictions":false,"min":0,"max":0,"options":[{"label":"Angielski","price":"18","price_type":"flat_fee","image":0},{"label":"Niemiecki","price":"27","price_type":"flat_fee","image":0},{"label":"Rosyjski","price":"27","price_type":"flat_fee","image":0},{"label":"Japo\u0144ski","price":"27","price_type":"flat_fee","image":0},{"label":"W\u0142oski","price":"27","price_type":"flat_fee","image":0},{"label":"Francuski","price":"27","price_type":"flat_fee","image":0},{"label":"Hiszpa\u0144ski","price":"27","price_type":"flat_fee","image":0},{"label":"Holenderski","price":"27","price_type":"flat_fee","image":0},{"label":"Inne","price":"27","price_type":"flat_fee","image":0}],"id":1725236909}],"acf":[],"yoast_head":"<!-- This site is optimized with the Yoast SEO plugin v26.4 - https:\/\/yoast.com\/wordpress\/plugins\/seo\/ -->\n<title>Book Additional Chapters Reading | My Palm Leaf - 79 \u20ac i wi\u0119cej<\/title>\n<meta name=\"description\" content=\"Odkryj g\u0142\u0119bsze spostrze\u017cenia dzi\u0119ki dodatkowym rozdzia\u0142om z li\u015b\u0107mi palmowymi. Zyskaj jasno\u015b\u0107 w mi\u0142o\u015bci, karierze i \u015bcie\u017cce \u017cycia. Zarezerwuj sw\u00f3j spersonalizowany odczyt ju\u017c dzi\u015b na My Palm Leaf!\" \/>\n<meta name=\"robots\" content=\"index, follow, max-snippet:-1, max-image-preview:large, max-video-preview:-1\" \/>\n<link rel=\"canonical\" href=\"https:\/\/mypalmleaf.com\/pl\/uslugi\/dodatkowa-lektura-rozdzialu\/\" \/>\n<meta property=\"og:locale\" content=\"pl_PL\" \/>\n<meta property=\"og:type\" content=\"article\" \/>\n<meta property=\"og:title\" content=\"Book Additional Chapters Reading | My Palm Leaf - 79 \u20ac i wi\u0119cej\" \/>\n<meta property=\"og:description\" content=\"Odkryj g\u0142\u0119bsze spostrze\u017cenia dzi\u0119ki dodatkowym rozdzia\u0142om z li\u015b\u0107mi palmowymi. Zyskaj jasno\u015b\u0107 w mi\u0142o\u015bci, karierze i \u015bcie\u017cce \u017cycia. Zarezerwuj sw\u00f3j spersonalizowany odczyt ju\u017c dzi\u015b na My Palm Leaf!\" \/>\n<meta property=\"og:url\" content=\"https:\/\/mypalmleaf.com\/pl\/uslugi\/dodatkowa-lektura-rozdzialu\/\" \/>\n<meta property=\"og:site_name\" content=\"My Palm Leaf\" \/>\n<meta property=\"article:modified_time\" content=\"2025-10-09T16:10:34+00:00\" \/>\n<meta property=\"og:image\" content=\"https:\/\/mypalmleaf.com\/wp-content\/uploads\/2024\/09\/services-thumb-2.jpg\" \/>\n\t<meta property=\"og:image:width\" content=\"800\" \/>\n\t<meta property=\"og:image:height\" content=\"444\" \/>\n\t<meta property=\"og:image:type\" content=\"image\/jpeg\" \/>\n<meta name=\"twitter:card\" content=\"summary_large_image\" \/>\n<meta name=\"twitter:label1\" content=\"Szacowany czas czytania\" \/>\n\t<meta name=\"twitter:data1\" content=\"1 minuta\" \/>\n<script type=\"application\/ld+json\" class=\"yoast-schema-graph\">{\"@context\":\"https:\/\/schema.org\",\"@graph\":[{\"@type\":\"WebPage\",\"@id\":\"https:\/\/mypalmleaf.com\/pl\/uslugi\/dodatkowa-lektura-rozdzialu\/\",\"url\":\"https:\/\/mypalmleaf.com\/pl\/uslugi\/dodatkowa-lektura-rozdzialu\/\",\"name\":\"Book Additional Chapters Reading | My Palm Leaf - 79 \u20ac i wi\u0119cej\",\"isPartOf\":{\"@id\":\"https:\/\/mypalmleaf.com\/#website\"},\"primaryImageOfPage\":{\"@id\":\"https:\/\/mypalmleaf.com\/pl\/uslugi\/dodatkowa-lektura-rozdzialu\/#primaryimage\"},\"image\":{\"@id\":\"https:\/\/mypalmleaf.com\/pl\/uslugi\/dodatkowa-lektura-rozdzialu\/#primaryimage\"},\"thumbnailUrl\":\"https:\/\/mypalmleaf.com\/wp-content\/uploads\/2024\/09\/services-thumb-2.jpg\",\"datePublished\":\"2024-09-04T10:57:26+00:00\",\"dateModified\":\"2025-10-09T16:10:34+00:00\",\"description\":\"Odkryj g\u0142\u0119bsze spostrze\u017cenia dzi\u0119ki dodatkowym rozdzia\u0142om z li\u015b\u0107mi palmowymi. Zyskaj jasno\u015b\u0107 w mi\u0142o\u015bci, karierze i \u015bcie\u017cce \u017cycia. Zarezerwuj sw\u00f3j spersonalizowany odczyt ju\u017c dzi\u015b na My Palm Leaf!\",\"breadcrumb\":{\"@id\":\"https:\/\/mypalmleaf.com\/pl\/uslugi\/dodatkowa-lektura-rozdzialu\/#breadcrumb\"},\"inLanguage\":\"pl-PL\",\"potentialAction\":[{\"@type\":\"ReadAction\",\"target\":[\"https:\/\/mypalmleaf.com\/pl\/uslugi\/dodatkowa-lektura-rozdzialu\/\"]}]},{\"@type\":\"ImageObject\",\"inLanguage\":\"pl-PL\",\"@id\":\"https:\/\/mypalmleaf.com\/pl\/uslugi\/dodatkowa-lektura-rozdzialu\/#primaryimage\",\"url\":\"https:\/\/mypalmleaf.com\/wp-content\/uploads\/2024\/09\/services-thumb-2.jpg\",\"contentUrl\":\"https:\/\/mypalmleaf.com\/wp-content\/uploads\/2024\/09\/services-thumb-2.jpg\",\"width\":800,\"height\":444,\"caption\":\"Palm leaves-548\"},{\"@type\":\"BreadcrumbList\",\"@id\":\"https:\/\/mypalmleaf.com\/pl\/uslugi\/dodatkowa-lektura-rozdzialu\/#breadcrumb\",\"itemListElement\":[{\"@type\":\"ListItem\",\"position\":1,\"name\":\"Home\",\"item\":\"https:\/\/mypalmleaf.com\/pl\/\"},{\"@type\":\"ListItem\",\"position\":2,\"name\":\"Shop\",\"item\":\"https:\/\/mypalmleaf.com\/et\/shop\/\"},{\"@type\":\"ListItem\",\"position\":3,\"name\":\"Dodatkowe rozdzia\u0142y do przeczytania na Mypalmleaf\"}]},{\"@type\":\"WebSite\",\"@id\":\"https:\/\/mypalmleaf.com\/#website\",\"url\":\"https:\/\/mypalmleaf.com\/\",\"name\":\"My Palm Leaf\",\"description\":\"\",\"potentialAction\":[{\"@type\":\"SearchAction\",\"target\":{\"@type\":\"EntryPoint\",\"urlTemplate\":\"https:\/\/mypalmleaf.com\/?s={search_term_string}\"},\"query-input\":{\"@type\":\"PropertyValueSpecification\",\"valueRequired\":true,\"valueName\":\"search_term_string\"}}],\"inLanguage\":\"pl-PL\"}]}<\/script>\n<!-- \/ Yoast SEO plugin. -->","yoast_head_json":{"title":"Book Additional Chapters Reading | My Palm Leaf - 79 \u20ac i wi\u0119cej","description":"Odkryj g\u0142\u0119bsze spostrze\u017cenia dzi\u0119ki dodatkowym rozdzia\u0142om z li\u015b\u0107mi palmowymi. Zyskaj jasno\u015b\u0107 w mi\u0142o\u015bci, karierze i \u015bcie\u017cce \u017cycia. Zarezerwuj sw\u00f3j spersonalizowany odczyt ju\u017c dzi\u015b na My Palm Leaf!","robots":{"index":"index","follow":"follow","max-snippet":"max-snippet:-1","max-image-preview":"max-image-preview:large","max-video-preview":"max-video-preview:-1"},"canonical":"https:\/\/mypalmleaf.com\/pl\/uslugi\/dodatkowa-lektura-rozdzialu\/","og_locale":"pl_PL","og_type":"article","og_title":"Book Additional Chapters Reading | My Palm Leaf - 79 \u20ac i wi\u0119cej","og_description":"Odkryj g\u0142\u0119bsze spostrze\u017cenia dzi\u0119ki dodatkowym rozdzia\u0142om z li\u015b\u0107mi palmowymi. Zyskaj jasno\u015b\u0107 w mi\u0142o\u015bci, karierze i \u015bcie\u017cce \u017cycia. Zarezerwuj sw\u00f3j spersonalizowany odczyt ju\u017c dzi\u015b na My Palm Leaf!","og_url":"https:\/\/mypalmleaf.com\/pl\/uslugi\/dodatkowa-lektura-rozdzialu\/","og_site_name":"My Palm Leaf","article_modified_time":"2025-10-09T16:10:34+00:00","og_image":[{"width":800,"height":444,"url":"https:\/\/mypalmleaf.com\/wp-content\/uploads\/2024\/09\/services-thumb-2.jpg","type":"image\/jpeg"}],"twitter_card":"summary_large_image","twitter_misc":{"Szacowany czas czytania":"1 minuta"},"schema":{"@context":"https:\/\/schema.org","@graph":[{"@type":"WebPage","@id":"https:\/\/mypalmleaf.com\/pl\/uslugi\/dodatkowa-lektura-rozdzialu\/","url":"https:\/\/mypalmleaf.com\/pl\/uslugi\/dodatkowa-lektura-rozdzialu\/","name":"Book Additional Chapters Reading | My Palm Leaf - 79 \u20ac i wi\u0119cej","isPartOf":{"@id":"https:\/\/mypalmleaf.com\/#website"},"primaryImageOfPage":{"@id":"https:\/\/mypalmleaf.com\/pl\/uslugi\/dodatkowa-lektura-rozdzialu\/#primaryimage"},"image":{"@id":"https:\/\/mypalmleaf.com\/pl\/uslugi\/dodatkowa-lektura-rozdzialu\/#primaryimage"},"thumbnailUrl":"https:\/\/mypalmleaf.com\/wp-content\/uploads\/2024\/09\/services-thumb-2.jpg","datePublished":"2024-09-04T10:57:26+00:00","dateModified":"2025-10-09T16:10:34+00:00","description":"Odkryj g\u0142\u0119bsze spostrze\u017cenia dzi\u0119ki dodatkowym rozdzia\u0142om z li\u015b\u0107mi palmowymi. Zyskaj jasno\u015b\u0107 w mi\u0142o\u015bci, karierze i \u015bcie\u017cce \u017cycia. Zarezerwuj sw\u00f3j spersonalizowany odczyt ju\u017c dzi\u015b na My Palm Leaf!","breadcrumb":{"@id":"https:\/\/mypalmleaf.com\/pl\/uslugi\/dodatkowa-lektura-rozdzialu\/#breadcrumb"},"inLanguage":"pl-PL","potentialAction":[{"@type":"ReadAction","target":["https:\/\/mypalmleaf.com\/pl\/uslugi\/dodatkowa-lektura-rozdzialu\/"]}]},{"@type":"ImageObject","inLanguage":"pl-PL","@id":"https:\/\/mypalmleaf.com\/pl\/uslugi\/dodatkowa-lektura-rozdzialu\/#primaryimage","url":"https:\/\/mypalmleaf.com\/wp-content\/uploads\/2024\/09\/services-thumb-2.jpg","contentUrl":"https:\/\/mypalmleaf.com\/wp-content\/uploads\/2024\/09\/services-thumb-2.jpg","width":800,"height":444,"caption":"Palm leaves-548"},{"@type":"BreadcrumbList","@id":"https:\/\/mypalmleaf.com\/pl\/uslugi\/dodatkowa-lektura-rozdzialu\/#breadcrumb","itemListElement":[{"@type":"ListItem","position":1,"name":"Home","item":"https:\/\/mypalmleaf.com\/pl\/"},{"@type":"ListItem","position":2,"name":"Shop","item":"https:\/\/mypalmleaf.com\/et\/shop\/"},{"@type":"ListItem","position":3,"name":"Dodatkowe rozdzia\u0142y do przeczytania na Mypalmleaf"}]},{"@type":"WebSite","@id":"https:\/\/mypalmleaf.com\/#website","url":"https:\/\/mypalmleaf.com\/","name":"My Palm Leaf","description":"","potentialAction":[{"@type":"SearchAction","target":{"@type":"EntryPoint","urlTemplate":"https:\/\/mypalmleaf.com\/?s={search_term_string}"},"query-input":{"@type":"PropertyValueSpecification","valueRequired":true,"valueName":"search_term_string"}}],"inLanguage":"pl-PL"}]}},"_links":{"self":[{"href":"https:\/\/mypalmleaf.com\/pl\/wp-json\/wp\/v2\/product\/30010","targetHints":{"allow":["GET"]}}],"collection":[{"href":"https:\/\/mypalmleaf.com\/pl\/wp-json\/wp\/v2\/product"}],"about":[{"href":"https:\/\/mypalmleaf.com\/pl\/wp-json\/wp\/v2\/types\/product"}],"replies":[{"embeddable":true,"href":"https:\/\/mypalmleaf.com\/pl\/wp-json\/wp\/v2\/comments?post=30010"}],"wp:featuredmedia":[{"embeddable":true,"href":"https:\/\/mypalmleaf.com\/pl\/wp-json\/wp\/v2\/media\/9825"}],"wp:attachment":[{"href":"https:\/\/mypalmleaf.com\/pl\/wp-json\/wp\/v2\/media?parent=30010"}],"wp:term":[{"taxonomy":"product_brand","embeddable":true,"href":"https:\/\/mypalmleaf.com\/pl\/wp-json\/wp\/v2\/product_brand?post=30010"},{"taxonomy":"product_cat","embeddable":true,"href":"https:\/\/mypalmleaf.com\/pl\/wp-json\/wp\/v2\/product_cat?post=30010"},{"taxonomy":"product_tag","embeddable":true,"href":"https:\/\/mypalmleaf.com\/pl\/wp-json\/wp\/v2\/product_tag?post=30010"}],"curies":[{"name":"wp","href":"https:\/\/api.w.org\/{rel}","templated":true}]}}