
{"id":30011,"date":"2024-09-04T10:59:56","date_gmt":"2024-09-04T10:59:56","guid":{"rendered":"https:\/\/mypalmleaf.com\/prices\/znajdowanie-lisci-ogolne-czytanie-rozdzialow\/"},"modified":"2025-07-31T04:00:41","modified_gmt":"2025-07-31T04:00:41","slug":"znajdowanie-lisci-ogolne-czytanie-rozdzialow","status":"publish","type":"product","link":"https:\/\/mypalmleaf.com\/pl\/uslugi\/znajdowanie-lisci-ogolne-czytanie-rozdzialow\/","title":{"rendered":"Znajdowanie li\u015bci + Og\u00f3lne czytanie rozdzia\u0142\u00f3w"},"content":{"rendered":"\n<div class=\"description\">\n<p>            <strong>Us\u0142uga obejmuje<\/strong><\/p>\n<ul>\n<li>Lokalizowanie pakiet\u00f3w, kt\u00f3re mog\u0105 zawiera\u0107 Palm Leaf w Indiach<\/li>\n<li>Proces dopasowywania online w celu zidentyfikowania li\u015bcia palmowego<\/li>\n<li>Czytanie rozdzia\u0142u og\u00f3lnego<\/li>\n<li>Czytanie rozdzia\u0142u 14 (energetyczne \u015brodki zaradcze)<\/li>\n<li>Nagranie wideo z odczytu<\/li>\n<li>Zdj\u0119cie li\u015bcia palmowego.<\/li>\n<li>Gwarancja zwrotu pieni\u0119dzy, je\u015bli li\u015b\u0107 nie zostanie znaleziony.<\/li>\n<\/ul><\/div>\n","protected":false},"excerpt":{"rendered":"<p>          <strong>Us\u0142uga obejmuje<\/strong><\/p>\n<ul>\n<li>Lokalizowanie pakiet\u00f3w, kt\u00f3re mog\u0105 zawiera\u0107 Palm Leaf w Indiach<\/li>\n<li>Proces dopasowywania online w celu zidentyfikowania Palm Leaf&#8230;<\/li>\n<\/ul>\n","protected":false},"featured_media":10078,"comment_status":"open","ping_status":"closed","template":"","meta":{"_acf_changed":false},"product_brand":[],"product_cat":[296],"product_tag":[],"class_list":{"0":"post-30011","1":"product","2":"type-product","3":"status-publish","4":"has-post-thumbnail","6":"product_cat-uncategorized-pl","8":"first","9":"instock","10":"virtual","11":"taxable","12":"purchasable","13":"product-type-simple"},"exclude_global_add_ons":false,"addons":[{"name":"T\u0142umaczenie","type":"checkbox","position":0,"required":false,"title_format":"label","description_enable":true,"description":"translation","placeholder_enable":false,"placeholder":"","display":"select","restrictions_type":"any_text","adjust_price":false,"price":"","price_type":"flat_fee","restrictions":false,"min":0,"max":0,"options":[{"label":"Angielski","price":"0","price_type":"flat_fee","image":0},{"label":"Niemiecki","price":"38","price_type":"flat_fee","image":0},{"label":"Rosyjski","price":"38","price_type":"flat_fee","image":0},{"label":"Japo\u0144ski","price":"38","price_type":"flat_fee","image":0},{"label":"W\u0142oski","price":"38","price_type":"flat_fee","image":0},{"label":"Francuski","price":"38","price_type":"flat_fee","image":0},{"label":"Hiszpa\u0144ski","price":"38","price_type":"flat_fee","image":0},{"label":"Holenderski","price":"38","price_type":"flat_fee","image":0},{"label":"Inne","price":"38","price_type":"flat_fee","image":0}],"id":1725237117},{"name":"Transkrypcja","type":"checkbox","position":1,"required":false,"title_format":"label","description_enable":true,"description":"transcription","placeholder_enable":false,"placeholder":"","display":"select","restrictions_type":"any_text","adjust_price":false,"price":"","price_type":"flat_fee","restrictions":false,"min":0,"max":0,"options":[{"label":"Angielski","price":"59","price_type":"flat_fee","image":0},{"label":"Niemiecki","price":"99","price_type":"flat_fee","image":0},{"label":"Rosyjski","price":"99","price_type":"flat_fee","image":0},{"label":"Japo\u0144ski","price":"99","price_type":"flat_fee","image":0},{"label":"W\u0142oski","price":"99","price_type":"flat_fee","image":0},{"label":"Francuski","price":"99","price_type":"flat_fee","image":0},{"label":"Hiszpa\u0144ski","price":"99","price_type":"flat_fee","image":0},{"label":"Holenderski","price":"99","price_type":"flat_fee","image":0},{"label":"Inne","price":"99","price_type":"flat_fee","image":0},{"label":"Niepotrzebne, mo\u017ce p\u00f3\u017aniej","price":"","price_type":"flat_fee","image":0}],"id":1725237118}],"acf":[],"yoast_head":"<!-- This site is optimized with the Yoast SEO plugin v26.4 - https:\/\/yoast.com\/wordpress\/plugins\/seo\/ -->\n<title>Znajdowanie li\u015bci + Og\u00f3lne czytanie rozdzia\u0142\u00f3w - My Palm Leaf<\/title>\n<meta name=\"description\" content=\"Rozpocznij proces odczytu od znalezienia swojego li\u015bcia. Poznaj og\u00f3lne rozdzia\u0142y i pierwszy wgl\u0105d w Twoj\u0105 palmow\u0105 przepowiedni\u0119.\" \/>\n<meta name=\"robots\" content=\"index, follow, max-snippet:-1, max-image-preview:large, max-video-preview:-1\" \/>\n<link rel=\"canonical\" href=\"https:\/\/mypalmleaf.com\/pl\/uslugi\/znajdowanie-lisci-ogolne-czytanie-rozdzialow\/\" \/>\n<meta property=\"og:locale\" content=\"pl_PL\" \/>\n<meta property=\"og:type\" content=\"article\" \/>\n<meta property=\"og:title\" content=\"Znajdowanie li\u015bci + Og\u00f3lne czytanie rozdzia\u0142\u00f3w - My Palm Leaf\" \/>\n<meta property=\"og:description\" content=\"Rozpocznij proces odczytu od znalezienia swojego li\u015bcia. Poznaj og\u00f3lne rozdzia\u0142y i pierwszy wgl\u0105d w Twoj\u0105 palmow\u0105 przepowiedni\u0119.\" \/>\n<meta property=\"og:url\" content=\"https:\/\/mypalmleaf.com\/pl\/uslugi\/znajdowanie-lisci-ogolne-czytanie-rozdzialow\/\" \/>\n<meta property=\"og:site_name\" content=\"My Palm Leaf\" \/>\n<meta property=\"article:modified_time\" content=\"2025-07-31T04:00:41+00:00\" \/>\n<meta property=\"og:image\" content=\"https:\/\/mypalmleaf.com\/wp-content\/uploads\/2024\/09\/services-thumb-1-1.jpg\" \/>\n\t<meta property=\"og:image:width\" content=\"800\" \/>\n\t<meta property=\"og:image:height\" content=\"444\" \/>\n\t<meta property=\"og:image:type\" content=\"image\/jpeg\" \/>\n<meta name=\"twitter:card\" content=\"summary_large_image\" \/>\n<meta name=\"twitter:label1\" content=\"Szacowany czas czytania\" \/>\n\t<meta name=\"twitter:data1\" content=\"1 minuta\" \/>\n<script type=\"application\/ld+json\" class=\"yoast-schema-graph\">{\"@context\":\"https:\/\/schema.org\",\"@graph\":[{\"@type\":\"WebPage\",\"@id\":\"https:\/\/mypalmleaf.com\/pl\/uslugi\/znajdowanie-lisci-ogolne-czytanie-rozdzialow\/\",\"url\":\"https:\/\/mypalmleaf.com\/pl\/uslugi\/znajdowanie-lisci-ogolne-czytanie-rozdzialow\/\",\"name\":\"Znajdowanie li\u015bci + Og\u00f3lne czytanie rozdzia\u0142\u00f3w - My Palm Leaf\",\"isPartOf\":{\"@id\":\"https:\/\/mypalmleaf.com\/#website\"},\"primaryImageOfPage\":{\"@id\":\"https:\/\/mypalmleaf.com\/pl\/uslugi\/znajdowanie-lisci-ogolne-czytanie-rozdzialow\/#primaryimage\"},\"image\":{\"@id\":\"https:\/\/mypalmleaf.com\/pl\/uslugi\/znajdowanie-lisci-ogolne-czytanie-rozdzialow\/#primaryimage\"},\"thumbnailUrl\":\"https:\/\/mypalmleaf.com\/wp-content\/uploads\/2024\/09\/services-thumb-1-1.jpg\",\"datePublished\":\"2024-09-04T10:59:56+00:00\",\"dateModified\":\"2025-07-31T04:00:41+00:00\",\"description\":\"Rozpocznij proces odczytu od znalezienia swojego li\u015bcia. Poznaj og\u00f3lne rozdzia\u0142y i pierwszy wgl\u0105d w Twoj\u0105 palmow\u0105 przepowiedni\u0119.\",\"breadcrumb\":{\"@id\":\"https:\/\/mypalmleaf.com\/pl\/uslugi\/znajdowanie-lisci-ogolne-czytanie-rozdzialow\/#breadcrumb\"},\"inLanguage\":\"pl-PL\",\"potentialAction\":[{\"@type\":\"ReadAction\",\"target\":[\"https:\/\/mypalmleaf.com\/pl\/uslugi\/znajdowanie-lisci-ogolne-czytanie-rozdzialow\/\"]}]},{\"@type\":\"ImageObject\",\"inLanguage\":\"pl-PL\",\"@id\":\"https:\/\/mypalmleaf.com\/pl\/uslugi\/znajdowanie-lisci-ogolne-czytanie-rozdzialow\/#primaryimage\",\"url\":\"https:\/\/mypalmleaf.com\/wp-content\/uploads\/2024\/09\/services-thumb-1-1.jpg\",\"contentUrl\":\"https:\/\/mypalmleaf.com\/wp-content\/uploads\/2024\/09\/services-thumb-1-1.jpg\",\"width\":800,\"height\":444,\"caption\":\"Nadi astrology-02\"},{\"@type\":\"BreadcrumbList\",\"@id\":\"https:\/\/mypalmleaf.com\/pl\/uslugi\/znajdowanie-lisci-ogolne-czytanie-rozdzialow\/#breadcrumb\",\"itemListElement\":[{\"@type\":\"ListItem\",\"position\":1,\"name\":\"Home\",\"item\":\"https:\/\/mypalmleaf.com\/pl\/\"},{\"@type\":\"ListItem\",\"position\":2,\"name\":\"Shop\",\"item\":\"https:\/\/mypalmleaf.com\/et\/shop\/\"},{\"@type\":\"ListItem\",\"position\":3,\"name\":\"Znajdowanie li\u015bci + Og\u00f3lne czytanie rozdzia\u0142\u00f3w\"}]},{\"@type\":\"WebSite\",\"@id\":\"https:\/\/mypalmleaf.com\/#website\",\"url\":\"https:\/\/mypalmleaf.com\/\",\"name\":\"My Palm Leaf\",\"description\":\"\",\"potentialAction\":[{\"@type\":\"SearchAction\",\"target\":{\"@type\":\"EntryPoint\",\"urlTemplate\":\"https:\/\/mypalmleaf.com\/?s={search_term_string}\"},\"query-input\":{\"@type\":\"PropertyValueSpecification\",\"valueRequired\":true,\"valueName\":\"search_term_string\"}}],\"inLanguage\":\"pl-PL\"}]}<\/script>\n<!-- \/ Yoast SEO plugin. -->","yoast_head_json":{"title":"Znajdowanie li\u015bci + Og\u00f3lne czytanie rozdzia\u0142\u00f3w - My Palm Leaf","description":"Rozpocznij proces odczytu od znalezienia swojego li\u015bcia. Poznaj og\u00f3lne rozdzia\u0142y i pierwszy wgl\u0105d w Twoj\u0105 palmow\u0105 przepowiedni\u0119.","robots":{"index":"index","follow":"follow","max-snippet":"max-snippet:-1","max-image-preview":"max-image-preview:large","max-video-preview":"max-video-preview:-1"},"canonical":"https:\/\/mypalmleaf.com\/pl\/uslugi\/znajdowanie-lisci-ogolne-czytanie-rozdzialow\/","og_locale":"pl_PL","og_type":"article","og_title":"Znajdowanie li\u015bci + Og\u00f3lne czytanie rozdzia\u0142\u00f3w - My Palm Leaf","og_description":"Rozpocznij proces odczytu od znalezienia swojego li\u015bcia. Poznaj og\u00f3lne rozdzia\u0142y i pierwszy wgl\u0105d w Twoj\u0105 palmow\u0105 przepowiedni\u0119.","og_url":"https:\/\/mypalmleaf.com\/pl\/uslugi\/znajdowanie-lisci-ogolne-czytanie-rozdzialow\/","og_site_name":"My Palm Leaf","article_modified_time":"2025-07-31T04:00:41+00:00","og_image":[{"width":800,"height":444,"url":"https:\/\/mypalmleaf.com\/wp-content\/uploads\/2024\/09\/services-thumb-1-1.jpg","type":"image\/jpeg"}],"twitter_card":"summary_large_image","twitter_misc":{"Szacowany czas czytania":"1 minuta"},"schema":{"@context":"https:\/\/schema.org","@graph":[{"@type":"WebPage","@id":"https:\/\/mypalmleaf.com\/pl\/uslugi\/znajdowanie-lisci-ogolne-czytanie-rozdzialow\/","url":"https:\/\/mypalmleaf.com\/pl\/uslugi\/znajdowanie-lisci-ogolne-czytanie-rozdzialow\/","name":"Znajdowanie li\u015bci + Og\u00f3lne czytanie rozdzia\u0142\u00f3w - My Palm Leaf","isPartOf":{"@id":"https:\/\/mypalmleaf.com\/#website"},"primaryImageOfPage":{"@id":"https:\/\/mypalmleaf.com\/pl\/uslugi\/znajdowanie-lisci-ogolne-czytanie-rozdzialow\/#primaryimage"},"image":{"@id":"https:\/\/mypalmleaf.com\/pl\/uslugi\/znajdowanie-lisci-ogolne-czytanie-rozdzialow\/#primaryimage"},"thumbnailUrl":"https:\/\/mypalmleaf.com\/wp-content\/uploads\/2024\/09\/services-thumb-1-1.jpg","datePublished":"2024-09-04T10:59:56+00:00","dateModified":"2025-07-31T04:00:41+00:00","description":"Rozpocznij proces odczytu od znalezienia swojego li\u015bcia. Poznaj og\u00f3lne rozdzia\u0142y i pierwszy wgl\u0105d w Twoj\u0105 palmow\u0105 przepowiedni\u0119.","breadcrumb":{"@id":"https:\/\/mypalmleaf.com\/pl\/uslugi\/znajdowanie-lisci-ogolne-czytanie-rozdzialow\/#breadcrumb"},"inLanguage":"pl-PL","potentialAction":[{"@type":"ReadAction","target":["https:\/\/mypalmleaf.com\/pl\/uslugi\/znajdowanie-lisci-ogolne-czytanie-rozdzialow\/"]}]},{"@type":"ImageObject","inLanguage":"pl-PL","@id":"https:\/\/mypalmleaf.com\/pl\/uslugi\/znajdowanie-lisci-ogolne-czytanie-rozdzialow\/#primaryimage","url":"https:\/\/mypalmleaf.com\/wp-content\/uploads\/2024\/09\/services-thumb-1-1.jpg","contentUrl":"https:\/\/mypalmleaf.com\/wp-content\/uploads\/2024\/09\/services-thumb-1-1.jpg","width":800,"height":444,"caption":"Nadi astrology-02"},{"@type":"BreadcrumbList","@id":"https:\/\/mypalmleaf.com\/pl\/uslugi\/znajdowanie-lisci-ogolne-czytanie-rozdzialow\/#breadcrumb","itemListElement":[{"@type":"ListItem","position":1,"name":"Home","item":"https:\/\/mypalmleaf.com\/pl\/"},{"@type":"ListItem","position":2,"name":"Shop","item":"https:\/\/mypalmleaf.com\/et\/shop\/"},{"@type":"ListItem","position":3,"name":"Znajdowanie li\u015bci + Og\u00f3lne czytanie rozdzia\u0142\u00f3w"}]},{"@type":"WebSite","@id":"https:\/\/mypalmleaf.com\/#website","url":"https:\/\/mypalmleaf.com\/","name":"My Palm Leaf","description":"","potentialAction":[{"@type":"SearchAction","target":{"@type":"EntryPoint","urlTemplate":"https:\/\/mypalmleaf.com\/?s={search_term_string}"},"query-input":{"@type":"PropertyValueSpecification","valueRequired":true,"valueName":"search_term_string"}}],"inLanguage":"pl-PL"}]}},"_links":{"self":[{"href":"https:\/\/mypalmleaf.com\/pl\/wp-json\/wp\/v2\/product\/30011","targetHints":{"allow":["GET"]}}],"collection":[{"href":"https:\/\/mypalmleaf.com\/pl\/wp-json\/wp\/v2\/product"}],"about":[{"href":"https:\/\/mypalmleaf.com\/pl\/wp-json\/wp\/v2\/types\/product"}],"replies":[{"embeddable":true,"href":"https:\/\/mypalmleaf.com\/pl\/wp-json\/wp\/v2\/comments?post=30011"}],"wp:featuredmedia":[{"embeddable":true,"href":"https:\/\/mypalmleaf.com\/pl\/wp-json\/wp\/v2\/media\/10078"}],"wp:attachment":[{"href":"https:\/\/mypalmleaf.com\/pl\/wp-json\/wp\/v2\/media?parent=30011"}],"wp:term":[{"taxonomy":"product_brand","embeddable":true,"href":"https:\/\/mypalmleaf.com\/pl\/wp-json\/wp\/v2\/product_brand?post=30011"},{"taxonomy":"product_cat","embeddable":true,"href":"https:\/\/mypalmleaf.com\/pl\/wp-json\/wp\/v2\/product_cat?post=30011"},{"taxonomy":"product_tag","embeddable":true,"href":"https:\/\/mypalmleaf.com\/pl\/wp-json\/wp\/v2\/product_tag?post=30011"}],"curies":[{"name":"wp","href":"https:\/\/api.w.org\/{rel}","templated":true}]}}