
{"id":30012,"date":"2024-09-04T10:57:16","date_gmt":"2024-09-04T10:57:16","guid":{"rendered":"https:\/\/mypalmleaf.com\/prices\/konkretna-mantra-yantra-pooja-wykonana-dla-ciebie-w-indiach\/"},"modified":"2025-03-31T11:17:37","modified_gmt":"2025-03-31T11:17:37","slug":"konkretna-mantra-yantra-pooja-wykonana-dla-ciebie-w-indiach","status":"publish","type":"product","link":"https:\/\/mypalmleaf.com\/pl\/uslugi\/konkretna-mantra-yantra-pooja-wykonana-dla-ciebie-w-indiach\/","title":{"rendered":"Konkretna mantra yantra pooja wykonana dla ciebie w Indiach"},"content":{"rendered":"<p>W oparciu o zalecenia przekazane ci przez Rishis w czytaniu z li\u015bci palmowych, bardzo specyficzna ceremonia zostanie przeprowadzona dla ciebie przez kap\u0142ana w indyjskiej \u015bwi\u0105tyni.<\/p>\n<p>Przeprowadzi rytua\u0142 dwa razy dziennie, z okre\u015blonymi modlitwami i mantrami, aby przywo\u0142a\u0107 te energie i b\u0142ogos\u0142awie\u0144stwa w twoim \u017cyciu.<\/p>\n<p>Podczas rytua\u0142u miedziana Yantra (\u015bwi\u0119ty diagram geometryczny) zostanie na\u0142adowana energi\u0105 rytua\u0142u i wys\u0142ana do ciebie po jego zako\u0144czeniu.<\/p>\n","protected":false},"excerpt":{"rendered":"<p>W oparciu o zalecenia przekazane ci przez Rishis, w czytaniu z Palm Leaf, bardzo specyficzna ceremonia zostanie przeprowadzona dla ciebie przez kap\u0142ana w hinduskiej \u015bwi\u0105tyni&#8230;<\/p>\n","protected":false},"featured_media":3183,"comment_status":"open","ping_status":"closed","template":"","meta":{"_acf_changed":false},"product_brand":[],"product_cat":[296],"product_tag":[],"class_list":{"0":"post-30012","1":"product","2":"type-product","3":"status-publish","4":"has-post-thumbnail","6":"product_cat-uncategorized-pl","8":"first","9":"instock","10":"purchasable","11":"product-type-variable"},"exclude_global_add_ons":[],"addons":[],"acf":[],"yoast_head":"<!-- This site is optimized with the Yoast SEO plugin v26.4 - https:\/\/yoast.com\/wordpress\/plugins\/seo\/ -->\n<title>Personalizowana mantra yantra pooja z Indii \u2013 My Palm Leaf<\/title>\n<meta name=\"description\" content=\"Indywidualna mantra, jantra lub rytua\u0142 puja wykonany w Indiach dla Ciebie \u2013 duchowe wsparcie dostosowane do Twoich potrzeb.\" \/>\n<meta name=\"robots\" content=\"index, follow, max-snippet:-1, max-image-preview:large, max-video-preview:-1\" \/>\n<link rel=\"canonical\" href=\"https:\/\/mypalmleaf.com\/pl\/uslugi\/konkretna-mantra-yantra-pooja-wykonana-dla-ciebie-w-indiach\/\" \/>\n<meta property=\"og:locale\" content=\"pl_PL\" \/>\n<meta property=\"og:type\" content=\"article\" \/>\n<meta property=\"og:title\" content=\"Personalizowana mantra yantra pooja z Indii \u2013 My Palm Leaf\" \/>\n<meta property=\"og:description\" content=\"Indywidualna mantra, jantra lub rytua\u0142 puja wykonany w Indiach dla Ciebie \u2013 duchowe wsparcie dostosowane do Twoich potrzeb.\" \/>\n<meta property=\"og:url\" content=\"https:\/\/mypalmleaf.com\/pl\/uslugi\/konkretna-mantra-yantra-pooja-wykonana-dla-ciebie-w-indiach\/\" \/>\n<meta property=\"og:site_name\" content=\"My Palm Leaf\" \/>\n<meta property=\"article:modified_time\" content=\"2025-03-31T11:17:37+00:00\" \/>\n<meta property=\"og:image\" content=\"https:\/\/mypalmleaf.com\/wp-content\/uploads\/2024\/09\/mantra-product-page-1-1.jpg\" \/>\n\t<meta property=\"og:image:width\" content=\"800\" \/>\n\t<meta property=\"og:image:height\" content=\"444\" \/>\n\t<meta property=\"og:image:type\" content=\"image\/jpeg\" \/>\n<meta name=\"twitter:card\" content=\"summary_large_image\" \/>\n<meta name=\"twitter:label1\" content=\"Szacowany czas czytania\" \/>\n\t<meta name=\"twitter:data1\" content=\"1 minuta\" \/>\n<script type=\"application\/ld+json\" class=\"yoast-schema-graph\">{\"@context\":\"https:\/\/schema.org\",\"@graph\":[{\"@type\":\"WebPage\",\"@id\":\"https:\/\/mypalmleaf.com\/pl\/uslugi\/konkretna-mantra-yantra-pooja-wykonana-dla-ciebie-w-indiach\/\",\"url\":\"https:\/\/mypalmleaf.com\/pl\/uslugi\/konkretna-mantra-yantra-pooja-wykonana-dla-ciebie-w-indiach\/\",\"name\":\"Personalizowana mantra yantra pooja z Indii \u2013 My Palm Leaf\",\"isPartOf\":{\"@id\":\"https:\/\/mypalmleaf.com\/#website\"},\"primaryImageOfPage\":{\"@id\":\"https:\/\/mypalmleaf.com\/pl\/uslugi\/konkretna-mantra-yantra-pooja-wykonana-dla-ciebie-w-indiach\/#primaryimage\"},\"image\":{\"@id\":\"https:\/\/mypalmleaf.com\/pl\/uslugi\/konkretna-mantra-yantra-pooja-wykonana-dla-ciebie-w-indiach\/#primaryimage\"},\"thumbnailUrl\":\"https:\/\/mypalmleaf.com\/wp-content\/uploads\/2024\/09\/mantra-product-page-1-1.jpg\",\"datePublished\":\"2024-09-04T10:57:16+00:00\",\"dateModified\":\"2025-03-31T11:17:37+00:00\",\"description\":\"Indywidualna mantra, jantra lub rytua\u0142 puja wykonany w Indiach dla Ciebie \u2013 duchowe wsparcie dostosowane do Twoich potrzeb.\",\"breadcrumb\":{\"@id\":\"https:\/\/mypalmleaf.com\/pl\/uslugi\/konkretna-mantra-yantra-pooja-wykonana-dla-ciebie-w-indiach\/#breadcrumb\"},\"inLanguage\":\"pl-PL\",\"potentialAction\":[{\"@type\":\"ReadAction\",\"target\":[\"https:\/\/mypalmleaf.com\/pl\/uslugi\/konkretna-mantra-yantra-pooja-wykonana-dla-ciebie-w-indiach\/\"]}]},{\"@type\":\"ImageObject\",\"inLanguage\":\"pl-PL\",\"@id\":\"https:\/\/mypalmleaf.com\/pl\/uslugi\/konkretna-mantra-yantra-pooja-wykonana-dla-ciebie-w-indiach\/#primaryimage\",\"url\":\"https:\/\/mypalmleaf.com\/wp-content\/uploads\/2024\/09\/mantra-product-page-1-1.jpg\",\"contentUrl\":\"https:\/\/mypalmleaf.com\/wp-content\/uploads\/2024\/09\/mantra-product-page-1-1.jpg\",\"width\":800,\"height\":444,\"caption\":\"Homa procedure-2\"},{\"@type\":\"BreadcrumbList\",\"@id\":\"https:\/\/mypalmleaf.com\/pl\/uslugi\/konkretna-mantra-yantra-pooja-wykonana-dla-ciebie-w-indiach\/#breadcrumb\",\"itemListElement\":[{\"@type\":\"ListItem\",\"position\":1,\"name\":\"Home\",\"item\":\"https:\/\/mypalmleaf.com\/pl\/\"},{\"@type\":\"ListItem\",\"position\":2,\"name\":\"Shop\",\"item\":\"https:\/\/mypalmleaf.com\/et\/shop\/\"},{\"@type\":\"ListItem\",\"position\":3,\"name\":\"Konkretna mantra yantra pooja wykonana dla ciebie w Indiach\"}]},{\"@type\":\"WebSite\",\"@id\":\"https:\/\/mypalmleaf.com\/#website\",\"url\":\"https:\/\/mypalmleaf.com\/\",\"name\":\"My Palm Leaf\",\"description\":\"\",\"potentialAction\":[{\"@type\":\"SearchAction\",\"target\":{\"@type\":\"EntryPoint\",\"urlTemplate\":\"https:\/\/mypalmleaf.com\/?s={search_term_string}\"},\"query-input\":{\"@type\":\"PropertyValueSpecification\",\"valueRequired\":true,\"valueName\":\"search_term_string\"}}],\"inLanguage\":\"pl-PL\"}]}<\/script>\n<!-- \/ Yoast SEO plugin. -->","yoast_head_json":{"title":"Personalizowana mantra yantra pooja z Indii \u2013 My Palm Leaf","description":"Indywidualna mantra, jantra lub rytua\u0142 puja wykonany w Indiach dla Ciebie \u2013 duchowe wsparcie dostosowane do Twoich potrzeb.","robots":{"index":"index","follow":"follow","max-snippet":"max-snippet:-1","max-image-preview":"max-image-preview:large","max-video-preview":"max-video-preview:-1"},"canonical":"https:\/\/mypalmleaf.com\/pl\/uslugi\/konkretna-mantra-yantra-pooja-wykonana-dla-ciebie-w-indiach\/","og_locale":"pl_PL","og_type":"article","og_title":"Personalizowana mantra yantra pooja z Indii \u2013 My Palm Leaf","og_description":"Indywidualna mantra, jantra lub rytua\u0142 puja wykonany w Indiach dla Ciebie \u2013 duchowe wsparcie dostosowane do Twoich potrzeb.","og_url":"https:\/\/mypalmleaf.com\/pl\/uslugi\/konkretna-mantra-yantra-pooja-wykonana-dla-ciebie-w-indiach\/","og_site_name":"My Palm Leaf","article_modified_time":"2025-03-31T11:17:37+00:00","og_image":[{"width":800,"height":444,"url":"https:\/\/mypalmleaf.com\/wp-content\/uploads\/2024\/09\/mantra-product-page-1-1.jpg","type":"image\/jpeg"}],"twitter_card":"summary_large_image","twitter_misc":{"Szacowany czas czytania":"1 minuta"},"schema":{"@context":"https:\/\/schema.org","@graph":[{"@type":"WebPage","@id":"https:\/\/mypalmleaf.com\/pl\/uslugi\/konkretna-mantra-yantra-pooja-wykonana-dla-ciebie-w-indiach\/","url":"https:\/\/mypalmleaf.com\/pl\/uslugi\/konkretna-mantra-yantra-pooja-wykonana-dla-ciebie-w-indiach\/","name":"Personalizowana mantra yantra pooja z Indii \u2013 My Palm Leaf","isPartOf":{"@id":"https:\/\/mypalmleaf.com\/#website"},"primaryImageOfPage":{"@id":"https:\/\/mypalmleaf.com\/pl\/uslugi\/konkretna-mantra-yantra-pooja-wykonana-dla-ciebie-w-indiach\/#primaryimage"},"image":{"@id":"https:\/\/mypalmleaf.com\/pl\/uslugi\/konkretna-mantra-yantra-pooja-wykonana-dla-ciebie-w-indiach\/#primaryimage"},"thumbnailUrl":"https:\/\/mypalmleaf.com\/wp-content\/uploads\/2024\/09\/mantra-product-page-1-1.jpg","datePublished":"2024-09-04T10:57:16+00:00","dateModified":"2025-03-31T11:17:37+00:00","description":"Indywidualna mantra, jantra lub rytua\u0142 puja wykonany w Indiach dla Ciebie \u2013 duchowe wsparcie dostosowane do Twoich potrzeb.","breadcrumb":{"@id":"https:\/\/mypalmleaf.com\/pl\/uslugi\/konkretna-mantra-yantra-pooja-wykonana-dla-ciebie-w-indiach\/#breadcrumb"},"inLanguage":"pl-PL","potentialAction":[{"@type":"ReadAction","target":["https:\/\/mypalmleaf.com\/pl\/uslugi\/konkretna-mantra-yantra-pooja-wykonana-dla-ciebie-w-indiach\/"]}]},{"@type":"ImageObject","inLanguage":"pl-PL","@id":"https:\/\/mypalmleaf.com\/pl\/uslugi\/konkretna-mantra-yantra-pooja-wykonana-dla-ciebie-w-indiach\/#primaryimage","url":"https:\/\/mypalmleaf.com\/wp-content\/uploads\/2024\/09\/mantra-product-page-1-1.jpg","contentUrl":"https:\/\/mypalmleaf.com\/wp-content\/uploads\/2024\/09\/mantra-product-page-1-1.jpg","width":800,"height":444,"caption":"Homa procedure-2"},{"@type":"BreadcrumbList","@id":"https:\/\/mypalmleaf.com\/pl\/uslugi\/konkretna-mantra-yantra-pooja-wykonana-dla-ciebie-w-indiach\/#breadcrumb","itemListElement":[{"@type":"ListItem","position":1,"name":"Home","item":"https:\/\/mypalmleaf.com\/pl\/"},{"@type":"ListItem","position":2,"name":"Shop","item":"https:\/\/mypalmleaf.com\/et\/shop\/"},{"@type":"ListItem","position":3,"name":"Konkretna mantra yantra pooja wykonana dla ciebie w Indiach"}]},{"@type":"WebSite","@id":"https:\/\/mypalmleaf.com\/#website","url":"https:\/\/mypalmleaf.com\/","name":"My Palm Leaf","description":"","potentialAction":[{"@type":"SearchAction","target":{"@type":"EntryPoint","urlTemplate":"https:\/\/mypalmleaf.com\/?s={search_term_string}"},"query-input":{"@type":"PropertyValueSpecification","valueRequired":true,"valueName":"search_term_string"}}],"inLanguage":"pl-PL"}]}},"_links":{"self":[{"href":"https:\/\/mypalmleaf.com\/pl\/wp-json\/wp\/v2\/product\/30012","targetHints":{"allow":["GET"]}}],"collection":[{"href":"https:\/\/mypalmleaf.com\/pl\/wp-json\/wp\/v2\/product"}],"about":[{"href":"https:\/\/mypalmleaf.com\/pl\/wp-json\/wp\/v2\/types\/product"}],"replies":[{"embeddable":true,"href":"https:\/\/mypalmleaf.com\/pl\/wp-json\/wp\/v2\/comments?post=30012"}],"wp:featuredmedia":[{"embeddable":true,"href":"https:\/\/mypalmleaf.com\/pl\/wp-json\/wp\/v2\/media\/3183"}],"wp:attachment":[{"href":"https:\/\/mypalmleaf.com\/pl\/wp-json\/wp\/v2\/media?parent=30012"}],"wp:term":[{"taxonomy":"product_brand","embeddable":true,"href":"https:\/\/mypalmleaf.com\/pl\/wp-json\/wp\/v2\/product_brand?post=30012"},{"taxonomy":"product_cat","embeddable":true,"href":"https:\/\/mypalmleaf.com\/pl\/wp-json\/wp\/v2\/product_cat?post=30012"},{"taxonomy":"product_tag","embeddable":true,"href":"https:\/\/mypalmleaf.com\/pl\/wp-json\/wp\/v2\/product_tag?post=30012"}],"curies":[{"name":"wp","href":"https:\/\/api.w.org\/{rel}","templated":true}]}}