
{"id":30126,"date":"2024-08-03T05:43:59","date_gmt":"2024-08-03T05:43:59","guid":{"rendered":"https:\/\/mypalmleaf.com\/prices\/tlumaczenie-odczytu\/"},"modified":"2025-04-29T07:59:02","modified_gmt":"2025-04-29T07:59:02","slug":"tlumaczenie-odczytu","status":"publish","type":"product","link":"https:\/\/mypalmleaf.com\/pl\/uslugi\/tlumaczenie-odczytu\/","title":{"rendered":"T\u0142umaczenie odczytu"},"content":{"rendered":"<p>Je\u015bli zarezerwowa\u0142e\u015b odczyt w j\u0119zyku angielskim i chcia\u0142by\u015b doda\u0107 t\u0142umaczenie na inny j\u0119zyk, zarezerwuj t\u0119 us\u0142ug\u0119 tutaj.<\/p>\n","protected":false},"excerpt":{"rendered":"<p>Je\u015bli zarezerwowa\u0142e\u015b odczyt w j\u0119zyku angielskim i chcia\u0142by\u015b doda\u0107 t\u0142umaczenie na inny j\u0119zyk, zarezerwuj t\u0119 us\u0142ug\u0119 tutaj.<\/p>\n","protected":false},"featured_media":10097,"comment_status":"open","ping_status":"closed","template":"","meta":{"_acf_changed":false},"product_brand":[],"product_cat":[296],"product_tag":[],"class_list":{"0":"post-30126","1":"product","2":"type-product","3":"status-publish","4":"has-post-thumbnail","6":"product_cat-uncategorized-pl","8":"first","9":"instock","10":"taxable","11":"shipping-taxable","12":"purchasable","13":"product-type-variable"},"exclude_global_add_ons":[],"addons":[],"acf":[],"yoast_head":"<!-- This site is optimized with the Yoast SEO plugin v26.4 - https:\/\/yoast.com\/wordpress\/plugins\/seo\/ -->\n<title>T\u0142umaczenie odczytu - My Palm Leaf<\/title>\n<meta name=\"description\" content=\"Uzyskaj dok\u0142adne t\u0142umaczenie Twojego odczytu li\u015bci palmowych, by lepiej zrozumie\u0107 przes\u0142anie i zastosowa\u0107 je w \u017cyciu.\" \/>\n<meta name=\"robots\" content=\"index, follow, max-snippet:-1, max-image-preview:large, max-video-preview:-1\" \/>\n<link rel=\"canonical\" href=\"https:\/\/mypalmleaf.com\/pl\/uslugi\/tlumaczenie-odczytu\/\" \/>\n<meta property=\"og:locale\" content=\"pl_PL\" \/>\n<meta property=\"og:type\" content=\"article\" \/>\n<meta property=\"og:title\" content=\"T\u0142umaczenie odczytu - My Palm Leaf\" \/>\n<meta property=\"og:description\" content=\"Uzyskaj dok\u0142adne t\u0142umaczenie Twojego odczytu li\u015bci palmowych, by lepiej zrozumie\u0107 przes\u0142anie i zastosowa\u0107 je w \u017cyciu.\" \/>\n<meta property=\"og:url\" content=\"https:\/\/mypalmleaf.com\/pl\/uslugi\/tlumaczenie-odczytu\/\" \/>\n<meta property=\"og:site_name\" content=\"My Palm Leaf\" \/>\n<meta property=\"article:modified_time\" content=\"2025-04-29T07:59:02+00:00\" \/>\n<meta property=\"og:image\" content=\"https:\/\/mypalmleaf.com\/wp-content\/uploads\/2024\/09\/services-thumb-1-1-1.jpg\" \/>\n\t<meta property=\"og:image:width\" content=\"800\" \/>\n\t<meta property=\"og:image:height\" content=\"444\" \/>\n\t<meta property=\"og:image:type\" content=\"image\/jpeg\" \/>\n<meta name=\"twitter:card\" content=\"summary_large_image\" \/>\n<meta name=\"twitter:label1\" content=\"Szacowany czas czytania\" \/>\n\t<meta name=\"twitter:data1\" content=\"1 minuta\" \/>\n<script type=\"application\/ld+json\" class=\"yoast-schema-graph\">{\"@context\":\"https:\/\/schema.org\",\"@graph\":[{\"@type\":\"WebPage\",\"@id\":\"https:\/\/mypalmleaf.com\/pl\/uslugi\/tlumaczenie-odczytu\/\",\"url\":\"https:\/\/mypalmleaf.com\/pl\/uslugi\/tlumaczenie-odczytu\/\",\"name\":\"T\u0142umaczenie odczytu - My Palm Leaf\",\"isPartOf\":{\"@id\":\"https:\/\/mypalmleaf.com\/#website\"},\"primaryImageOfPage\":{\"@id\":\"https:\/\/mypalmleaf.com\/pl\/uslugi\/tlumaczenie-odczytu\/#primaryimage\"},\"image\":{\"@id\":\"https:\/\/mypalmleaf.com\/pl\/uslugi\/tlumaczenie-odczytu\/#primaryimage\"},\"thumbnailUrl\":\"https:\/\/mypalmleaf.com\/wp-content\/uploads\/2024\/09\/services-thumb-1-1-1.jpg\",\"datePublished\":\"2024-08-03T05:43:59+00:00\",\"dateModified\":\"2025-04-29T07:59:02+00:00\",\"description\":\"Uzyskaj dok\u0142adne t\u0142umaczenie Twojego odczytu li\u015bci palmowych, by lepiej zrozumie\u0107 przes\u0142anie i zastosowa\u0107 je w \u017cyciu.\",\"breadcrumb\":{\"@id\":\"https:\/\/mypalmleaf.com\/pl\/uslugi\/tlumaczenie-odczytu\/#breadcrumb\"},\"inLanguage\":\"pl-PL\",\"potentialAction\":[{\"@type\":\"ReadAction\",\"target\":[\"https:\/\/mypalmleaf.com\/pl\/uslugi\/tlumaczenie-odczytu\/\"]}]},{\"@type\":\"ImageObject\",\"inLanguage\":\"pl-PL\",\"@id\":\"https:\/\/mypalmleaf.com\/pl\/uslugi\/tlumaczenie-odczytu\/#primaryimage\",\"url\":\"https:\/\/mypalmleaf.com\/wp-content\/uploads\/2024\/09\/services-thumb-1-1-1.jpg\",\"contentUrl\":\"https:\/\/mypalmleaf.com\/wp-content\/uploads\/2024\/09\/services-thumb-1-1-1.jpg\",\"width\":800,\"height\":444,\"caption\":\"Nadi astrology-01\"},{\"@type\":\"BreadcrumbList\",\"@id\":\"https:\/\/mypalmleaf.com\/pl\/uslugi\/tlumaczenie-odczytu\/#breadcrumb\",\"itemListElement\":[{\"@type\":\"ListItem\",\"position\":1,\"name\":\"Home\",\"item\":\"https:\/\/mypalmleaf.com\/pl\/\"},{\"@type\":\"ListItem\",\"position\":2,\"name\":\"Shop\",\"item\":\"https:\/\/mypalmleaf.com\/et\/shop\/\"},{\"@type\":\"ListItem\",\"position\":3,\"name\":\"T\u0142umaczenie odczytu\"}]},{\"@type\":\"WebSite\",\"@id\":\"https:\/\/mypalmleaf.com\/#website\",\"url\":\"https:\/\/mypalmleaf.com\/\",\"name\":\"My Palm Leaf\",\"description\":\"\",\"potentialAction\":[{\"@type\":\"SearchAction\",\"target\":{\"@type\":\"EntryPoint\",\"urlTemplate\":\"https:\/\/mypalmleaf.com\/?s={search_term_string}\"},\"query-input\":{\"@type\":\"PropertyValueSpecification\",\"valueRequired\":true,\"valueName\":\"search_term_string\"}}],\"inLanguage\":\"pl-PL\"}]}<\/script>\n<!-- \/ Yoast SEO plugin. -->","yoast_head_json":{"title":"T\u0142umaczenie odczytu - My Palm Leaf","description":"Uzyskaj dok\u0142adne t\u0142umaczenie Twojego odczytu li\u015bci palmowych, by lepiej zrozumie\u0107 przes\u0142anie i zastosowa\u0107 je w \u017cyciu.","robots":{"index":"index","follow":"follow","max-snippet":"max-snippet:-1","max-image-preview":"max-image-preview:large","max-video-preview":"max-video-preview:-1"},"canonical":"https:\/\/mypalmleaf.com\/pl\/uslugi\/tlumaczenie-odczytu\/","og_locale":"pl_PL","og_type":"article","og_title":"T\u0142umaczenie odczytu - My Palm Leaf","og_description":"Uzyskaj dok\u0142adne t\u0142umaczenie Twojego odczytu li\u015bci palmowych, by lepiej zrozumie\u0107 przes\u0142anie i zastosowa\u0107 je w \u017cyciu.","og_url":"https:\/\/mypalmleaf.com\/pl\/uslugi\/tlumaczenie-odczytu\/","og_site_name":"My Palm Leaf","article_modified_time":"2025-04-29T07:59:02+00:00","og_image":[{"width":800,"height":444,"url":"https:\/\/mypalmleaf.com\/wp-content\/uploads\/2024\/09\/services-thumb-1-1-1.jpg","type":"image\/jpeg"}],"twitter_card":"summary_large_image","twitter_misc":{"Szacowany czas czytania":"1 minuta"},"schema":{"@context":"https:\/\/schema.org","@graph":[{"@type":"WebPage","@id":"https:\/\/mypalmleaf.com\/pl\/uslugi\/tlumaczenie-odczytu\/","url":"https:\/\/mypalmleaf.com\/pl\/uslugi\/tlumaczenie-odczytu\/","name":"T\u0142umaczenie odczytu - My Palm Leaf","isPartOf":{"@id":"https:\/\/mypalmleaf.com\/#website"},"primaryImageOfPage":{"@id":"https:\/\/mypalmleaf.com\/pl\/uslugi\/tlumaczenie-odczytu\/#primaryimage"},"image":{"@id":"https:\/\/mypalmleaf.com\/pl\/uslugi\/tlumaczenie-odczytu\/#primaryimage"},"thumbnailUrl":"https:\/\/mypalmleaf.com\/wp-content\/uploads\/2024\/09\/services-thumb-1-1-1.jpg","datePublished":"2024-08-03T05:43:59+00:00","dateModified":"2025-04-29T07:59:02+00:00","description":"Uzyskaj dok\u0142adne t\u0142umaczenie Twojego odczytu li\u015bci palmowych, by lepiej zrozumie\u0107 przes\u0142anie i zastosowa\u0107 je w \u017cyciu.","breadcrumb":{"@id":"https:\/\/mypalmleaf.com\/pl\/uslugi\/tlumaczenie-odczytu\/#breadcrumb"},"inLanguage":"pl-PL","potentialAction":[{"@type":"ReadAction","target":["https:\/\/mypalmleaf.com\/pl\/uslugi\/tlumaczenie-odczytu\/"]}]},{"@type":"ImageObject","inLanguage":"pl-PL","@id":"https:\/\/mypalmleaf.com\/pl\/uslugi\/tlumaczenie-odczytu\/#primaryimage","url":"https:\/\/mypalmleaf.com\/wp-content\/uploads\/2024\/09\/services-thumb-1-1-1.jpg","contentUrl":"https:\/\/mypalmleaf.com\/wp-content\/uploads\/2024\/09\/services-thumb-1-1-1.jpg","width":800,"height":444,"caption":"Nadi astrology-01"},{"@type":"BreadcrumbList","@id":"https:\/\/mypalmleaf.com\/pl\/uslugi\/tlumaczenie-odczytu\/#breadcrumb","itemListElement":[{"@type":"ListItem","position":1,"name":"Home","item":"https:\/\/mypalmleaf.com\/pl\/"},{"@type":"ListItem","position":2,"name":"Shop","item":"https:\/\/mypalmleaf.com\/et\/shop\/"},{"@type":"ListItem","position":3,"name":"T\u0142umaczenie odczytu"}]},{"@type":"WebSite","@id":"https:\/\/mypalmleaf.com\/#website","url":"https:\/\/mypalmleaf.com\/","name":"My Palm Leaf","description":"","potentialAction":[{"@type":"SearchAction","target":{"@type":"EntryPoint","urlTemplate":"https:\/\/mypalmleaf.com\/?s={search_term_string}"},"query-input":{"@type":"PropertyValueSpecification","valueRequired":true,"valueName":"search_term_string"}}],"inLanguage":"pl-PL"}]}},"_links":{"self":[{"href":"https:\/\/mypalmleaf.com\/pl\/wp-json\/wp\/v2\/product\/30126","targetHints":{"allow":["GET"]}}],"collection":[{"href":"https:\/\/mypalmleaf.com\/pl\/wp-json\/wp\/v2\/product"}],"about":[{"href":"https:\/\/mypalmleaf.com\/pl\/wp-json\/wp\/v2\/types\/product"}],"replies":[{"embeddable":true,"href":"https:\/\/mypalmleaf.com\/pl\/wp-json\/wp\/v2\/comments?post=30126"}],"wp:featuredmedia":[{"embeddable":true,"href":"https:\/\/mypalmleaf.com\/pl\/wp-json\/wp\/v2\/media\/10097"}],"wp:attachment":[{"href":"https:\/\/mypalmleaf.com\/pl\/wp-json\/wp\/v2\/media?parent=30126"}],"wp:term":[{"taxonomy":"product_brand","embeddable":true,"href":"https:\/\/mypalmleaf.com\/pl\/wp-json\/wp\/v2\/product_brand?post=30126"},{"taxonomy":"product_cat","embeddable":true,"href":"https:\/\/mypalmleaf.com\/pl\/wp-json\/wp\/v2\/product_cat?post=30126"},{"taxonomy":"product_tag","embeddable":true,"href":"https:\/\/mypalmleaf.com\/pl\/wp-json\/wp\/v2\/product_tag?post=30126"}],"curies":[{"name":"wp","href":"https:\/\/api.w.org\/{rel}","templated":true}]}}