{"id":30135,"date":"2024-09-04T10:10:30","date_gmt":"2024-09-04T10:10:30","guid":{"rendered":"https:\/\/mypalmleaf.com\/prices\/podaruj-swoim-bliskim-mozliwosc-czytania-z-lisci-palmowych\/"},"modified":"2025-04-17T06:32:27","modified_gmt":"2025-04-17T06:32:27","slug":"podaruj-swoim-bliskim-mozliwosc-czytania-z-lisci-palmowych","status":"publish","type":"product","link":"https:\/\/mypalmleaf.com\/pl\/uslugi\/podaruj-swoim-bliskim-mozliwosc-czytania-z-lisci-palmowych\/","title":{"rendered":"Podaruj swoim bliskim mo\u017cliwo\u015b\u0107 czytania z li\u015bci palmowych"},"content":{"rendered":"<p>Otrzymaj voucher, aby podarowa\u0107 odczyt li\u015bcia palmowego ukochanej osobie.<\/p>\n<ul>\n<li>Lokalizowanie pakiet\u00f3w, kt\u00f3re mog\u0105 zawiera\u0107 Palm Leaf w Indiach<\/li>\n<li>Proces dopasowywania online w celu zidentyfikowania li\u015bcia palmowego<\/li>\n<li>Czytanie rozdzia\u0142u og\u00f3lnego<\/li>\n<li>Czytanie rozdzia\u0142u 14 (energetyczne \u015brodki zaradcze)<\/li>\n<li>Nagranie wideo z odczytu<\/li>\n<li>Zdj\u0119cie li\u015bcia palmowego.<\/li>\n<li>Gwarancja zwrotu pieni\u0119dzy, je\u015bli li\u015b\u0107 nie zostanie znaleziony.<\/li>\n<\/ul>\n","protected":false},"excerpt":{"rendered":"<p><strong>Us\u0142uga obejmuje<\/strong><\/p>\n<ul>\n<li>Lokalizowanie pakiet\u00f3w, kt\u00f3re mog\u0105 zawiera\u0107 Palm Leaf w Indiach<\/li>\n<li>Proces dopasowywania online w celu zidentyfikowania Palm Leaf&#8230;<\/li>\n<\/ul>\n","protected":false},"featured_media":14137,"comment_status":"open","ping_status":"closed","template":"","meta":{"_acf_changed":false},"product_brand":[],"product_cat":[296],"product_tag":[],"class_list":{"0":"post-30135","1":"product","2":"type-product","3":"status-publish","4":"has-post-thumbnail","6":"product_cat-uncategorized-pl","8":"first","9":"instock","10":"taxable","11":"shipping-taxable","12":"purchasable","13":"product-type-variable"},"exclude_global_add_ons":false,"addons":[{"name":"Nazwa odbiorcy prezentu","type":"custom_text","position":0,"required":true,"title_format":"label","description_enable":false,"description":"","placeholder_enable":false,"placeholder":"","display":"select","restrictions_type":"any_text","adjust_price":false,"price":"","price_type":"flat_fee","restrictions":false,"min":0,"max":0,"options":[],"id":1725954986}],"acf":[],"yoast_head":"<!-- This site is optimized with the Yoast SEO plugin v26.4 - https:\/\/yoast.com\/wordpress\/plugins\/seo\/ -->\n<title>Podaruj bliskim dar czytania z li\u015bci palmowych | Palm Leaf<\/title>\n<meta name=\"description\" content=\"Podaruj odczyt z li\u015bcia palmowego \u2013 wyj\u0105tkowy prezent oferuj\u0105cy duchowy wgl\u0105d i g\u0142\u0119bokie przes\u0142anie dla Twoich bliskich. Skontaktuj si\u0119 ju\u017c teraz.\" \/>\n<meta name=\"robots\" content=\"index, follow, max-snippet:-1, max-image-preview:large, max-video-preview:-1\" \/>\n<link rel=\"canonical\" href=\"https:\/\/mypalmleaf.com\/pl\/uslugi\/podaruj-swoim-bliskim-mozliwosc-czytania-z-lisci-palmowych\/\" \/>\n<meta property=\"og:locale\" content=\"pl_PL\" \/>\n<meta property=\"og:type\" content=\"article\" \/>\n<meta property=\"og:title\" content=\"Podaruj bliskim dar czytania z li\u015bci palmowych | Palm Leaf\" \/>\n<meta property=\"og:description\" content=\"Podaruj odczyt z li\u015bcia palmowego \u2013 wyj\u0105tkowy prezent oferuj\u0105cy duchowy wgl\u0105d i g\u0142\u0119bokie przes\u0142anie dla Twoich bliskich. Skontaktuj si\u0119 ju\u017c teraz.\" \/>\n<meta property=\"og:url\" content=\"https:\/\/mypalmleaf.com\/pl\/uslugi\/podaruj-swoim-bliskim-mozliwosc-czytania-z-lisci-palmowych\/\" \/>\n<meta property=\"og:site_name\" content=\"My Palm Leaf\" \/>\n<meta property=\"article:modified_time\" content=\"2025-04-17T06:32:27+00:00\" \/>\n<meta property=\"og:image\" content=\"https:\/\/mypalmleaf.com\/wp-content\/uploads\/2024\/09\/mantra-product-page-21.jpg\" \/>\n\t<meta property=\"og:image:width\" content=\"800\" \/>\n\t<meta property=\"og:image:height\" content=\"444\" \/>\n\t<meta property=\"og:image:type\" content=\"image\/jpeg\" \/>\n<meta name=\"twitter:card\" content=\"summary_large_image\" \/>\n<meta name=\"twitter:label1\" content=\"Szacowany czas czytania\" \/>\n\t<meta name=\"twitter:data1\" content=\"1 minuta\" \/>\n<script type=\"application\/ld+json\" class=\"yoast-schema-graph\">{\"@context\":\"https:\/\/schema.org\",\"@graph\":[{\"@type\":\"WebPage\",\"@id\":\"https:\/\/mypalmleaf.com\/pl\/uslugi\/podaruj-swoim-bliskim-mozliwosc-czytania-z-lisci-palmowych\/\",\"url\":\"https:\/\/mypalmleaf.com\/pl\/uslugi\/podaruj-swoim-bliskim-mozliwosc-czytania-z-lisci-palmowych\/\",\"name\":\"Podaruj bliskim dar czytania z li\u015bci palmowych | Palm Leaf\",\"isPartOf\":{\"@id\":\"https:\/\/mypalmleaf.com\/#website\"},\"primaryImageOfPage\":{\"@id\":\"https:\/\/mypalmleaf.com\/pl\/uslugi\/podaruj-swoim-bliskim-mozliwosc-czytania-z-lisci-palmowych\/#primaryimage\"},\"image\":{\"@id\":\"https:\/\/mypalmleaf.com\/pl\/uslugi\/podaruj-swoim-bliskim-mozliwosc-czytania-z-lisci-palmowych\/#primaryimage\"},\"thumbnailUrl\":\"https:\/\/mypalmleaf.com\/wp-content\/uploads\/2024\/09\/mantra-product-page-21.jpg\",\"datePublished\":\"2024-09-04T10:10:30+00:00\",\"dateModified\":\"2025-04-17T06:32:27+00:00\",\"description\":\"Podaruj odczyt z li\u015bcia palmowego \u2013 wyj\u0105tkowy prezent oferuj\u0105cy duchowy wgl\u0105d i g\u0142\u0119bokie przes\u0142anie dla Twoich bliskich. Skontaktuj si\u0119 ju\u017c teraz.\",\"breadcrumb\":{\"@id\":\"https:\/\/mypalmleaf.com\/pl\/uslugi\/podaruj-swoim-bliskim-mozliwosc-czytania-z-lisci-palmowych\/#breadcrumb\"},\"inLanguage\":\"pl-PL\",\"potentialAction\":[{\"@type\":\"ReadAction\",\"target\":[\"https:\/\/mypalmleaf.com\/pl\/uslugi\/podaruj-swoim-bliskim-mozliwosc-czytania-z-lisci-palmowych\/\"]}]},{\"@type\":\"ImageObject\",\"inLanguage\":\"pl-PL\",\"@id\":\"https:\/\/mypalmleaf.com\/pl\/uslugi\/podaruj-swoim-bliskim-mozliwosc-czytania-z-lisci-palmowych\/#primaryimage\",\"url\":\"https:\/\/mypalmleaf.com\/wp-content\/uploads\/2024\/09\/mantra-product-page-21.jpg\",\"contentUrl\":\"https:\/\/mypalmleaf.com\/wp-content\/uploads\/2024\/09\/mantra-product-page-21.jpg\",\"width\":800,\"height\":444,\"caption\":\"A gift card for a palm leaf reading for Maria\"},{\"@type\":\"BreadcrumbList\",\"@id\":\"https:\/\/mypalmleaf.com\/pl\/uslugi\/podaruj-swoim-bliskim-mozliwosc-czytania-z-lisci-palmowych\/#breadcrumb\",\"itemListElement\":[{\"@type\":\"ListItem\",\"position\":1,\"name\":\"Home\",\"item\":\"https:\/\/mypalmleaf.com\/pl\/\"},{\"@type\":\"ListItem\",\"position\":2,\"name\":\"Shop\",\"item\":\"https:\/\/mypalmleaf.com\/et\/shop\/\"},{\"@type\":\"ListItem\",\"position\":3,\"name\":\"Podaruj swoim bliskim mo\u017cliwo\u015b\u0107 czytania z li\u015bci palmowych\"}]},{\"@type\":\"WebSite\",\"@id\":\"https:\/\/mypalmleaf.com\/#website\",\"url\":\"https:\/\/mypalmleaf.com\/\",\"name\":\"My Palm Leaf\",\"description\":\"\",\"potentialAction\":[{\"@type\":\"SearchAction\",\"target\":{\"@type\":\"EntryPoint\",\"urlTemplate\":\"https:\/\/mypalmleaf.com\/?s={search_term_string}\"},\"query-input\":{\"@type\":\"PropertyValueSpecification\",\"valueRequired\":true,\"valueName\":\"search_term_string\"}}],\"inLanguage\":\"pl-PL\"}]}<\/script>\n<!-- \/ Yoast SEO plugin. -->","yoast_head_json":{"title":"Podaruj bliskim dar czytania z li\u015bci palmowych | Palm Leaf","description":"Podaruj odczyt z li\u015bcia palmowego \u2013 wyj\u0105tkowy prezent oferuj\u0105cy duchowy wgl\u0105d i g\u0142\u0119bokie przes\u0142anie dla Twoich bliskich. Skontaktuj si\u0119 ju\u017c teraz.","robots":{"index":"index","follow":"follow","max-snippet":"max-snippet:-1","max-image-preview":"max-image-preview:large","max-video-preview":"max-video-preview:-1"},"canonical":"https:\/\/mypalmleaf.com\/pl\/uslugi\/podaruj-swoim-bliskim-mozliwosc-czytania-z-lisci-palmowych\/","og_locale":"pl_PL","og_type":"article","og_title":"Podaruj bliskim dar czytania z li\u015bci palmowych | Palm Leaf","og_description":"Podaruj odczyt z li\u015bcia palmowego \u2013 wyj\u0105tkowy prezent oferuj\u0105cy duchowy wgl\u0105d i g\u0142\u0119bokie przes\u0142anie dla Twoich bliskich. Skontaktuj si\u0119 ju\u017c teraz.","og_url":"https:\/\/mypalmleaf.com\/pl\/uslugi\/podaruj-swoim-bliskim-mozliwosc-czytania-z-lisci-palmowych\/","og_site_name":"My Palm Leaf","article_modified_time":"2025-04-17T06:32:27+00:00","og_image":[{"width":800,"height":444,"url":"https:\/\/mypalmleaf.com\/wp-content\/uploads\/2024\/09\/mantra-product-page-21.jpg","type":"image\/jpeg"}],"twitter_card":"summary_large_image","twitter_misc":{"Szacowany czas czytania":"1 minuta"},"schema":{"@context":"https:\/\/schema.org","@graph":[{"@type":"WebPage","@id":"https:\/\/mypalmleaf.com\/pl\/uslugi\/podaruj-swoim-bliskim-mozliwosc-czytania-z-lisci-palmowych\/","url":"https:\/\/mypalmleaf.com\/pl\/uslugi\/podaruj-swoim-bliskim-mozliwosc-czytania-z-lisci-palmowych\/","name":"Podaruj bliskim dar czytania z li\u015bci palmowych | Palm Leaf","isPartOf":{"@id":"https:\/\/mypalmleaf.com\/#website"},"primaryImageOfPage":{"@id":"https:\/\/mypalmleaf.com\/pl\/uslugi\/podaruj-swoim-bliskim-mozliwosc-czytania-z-lisci-palmowych\/#primaryimage"},"image":{"@id":"https:\/\/mypalmleaf.com\/pl\/uslugi\/podaruj-swoim-bliskim-mozliwosc-czytania-z-lisci-palmowych\/#primaryimage"},"thumbnailUrl":"https:\/\/mypalmleaf.com\/wp-content\/uploads\/2024\/09\/mantra-product-page-21.jpg","datePublished":"2024-09-04T10:10:30+00:00","dateModified":"2025-04-17T06:32:27+00:00","description":"Podaruj odczyt z li\u015bcia palmowego \u2013 wyj\u0105tkowy prezent oferuj\u0105cy duchowy wgl\u0105d i g\u0142\u0119bokie przes\u0142anie dla Twoich bliskich. Skontaktuj si\u0119 ju\u017c teraz.","breadcrumb":{"@id":"https:\/\/mypalmleaf.com\/pl\/uslugi\/podaruj-swoim-bliskim-mozliwosc-czytania-z-lisci-palmowych\/#breadcrumb"},"inLanguage":"pl-PL","potentialAction":[{"@type":"ReadAction","target":["https:\/\/mypalmleaf.com\/pl\/uslugi\/podaruj-swoim-bliskim-mozliwosc-czytania-z-lisci-palmowych\/"]}]},{"@type":"ImageObject","inLanguage":"pl-PL","@id":"https:\/\/mypalmleaf.com\/pl\/uslugi\/podaruj-swoim-bliskim-mozliwosc-czytania-z-lisci-palmowych\/#primaryimage","url":"https:\/\/mypalmleaf.com\/wp-content\/uploads\/2024\/09\/mantra-product-page-21.jpg","contentUrl":"https:\/\/mypalmleaf.com\/wp-content\/uploads\/2024\/09\/mantra-product-page-21.jpg","width":800,"height":444,"caption":"A gift card for a palm leaf reading for Maria"},{"@type":"BreadcrumbList","@id":"https:\/\/mypalmleaf.com\/pl\/uslugi\/podaruj-swoim-bliskim-mozliwosc-czytania-z-lisci-palmowych\/#breadcrumb","itemListElement":[{"@type":"ListItem","position":1,"name":"Home","item":"https:\/\/mypalmleaf.com\/pl\/"},{"@type":"ListItem","position":2,"name":"Shop","item":"https:\/\/mypalmleaf.com\/et\/shop\/"},{"@type":"ListItem","position":3,"name":"Podaruj swoim bliskim mo\u017cliwo\u015b\u0107 czytania z li\u015bci palmowych"}]},{"@type":"WebSite","@id":"https:\/\/mypalmleaf.com\/#website","url":"https:\/\/mypalmleaf.com\/","name":"My Palm Leaf","description":"","potentialAction":[{"@type":"SearchAction","target":{"@type":"EntryPoint","urlTemplate":"https:\/\/mypalmleaf.com\/?s={search_term_string}"},"query-input":{"@type":"PropertyValueSpecification","valueRequired":true,"valueName":"search_term_string"}}],"inLanguage":"pl-PL"}]}},"_links":{"self":[{"href":"https:\/\/mypalmleaf.com\/pl\/wp-json\/wp\/v2\/product\/30135","targetHints":{"allow":["GET"]}}],"collection":[{"href":"https:\/\/mypalmleaf.com\/pl\/wp-json\/wp\/v2\/product"}],"about":[{"href":"https:\/\/mypalmleaf.com\/pl\/wp-json\/wp\/v2\/types\/product"}],"replies":[{"embeddable":true,"href":"https:\/\/mypalmleaf.com\/pl\/wp-json\/wp\/v2\/comments?post=30135"}],"wp:featuredmedia":[{"embeddable":true,"href":"https:\/\/mypalmleaf.com\/pl\/wp-json\/wp\/v2\/media\/14137"}],"wp:attachment":[{"href":"https:\/\/mypalmleaf.com\/pl\/wp-json\/wp\/v2\/media?parent=30135"}],"wp:term":[{"taxonomy":"product_brand","embeddable":true,"href":"https:\/\/mypalmleaf.com\/pl\/wp-json\/wp\/v2\/product_brand?post=30135"},{"taxonomy":"product_cat","embeddable":true,"href":"https:\/\/mypalmleaf.com\/pl\/wp-json\/wp\/v2\/product_cat?post=30135"},{"taxonomy":"product_tag","embeddable":true,"href":"https:\/\/mypalmleaf.com\/pl\/wp-json\/wp\/v2\/product_tag?post=30135"}],"curies":[{"name":"wp","href":"https:\/\/api.w.org\/{rel}","templated":true}]}}