
{"id":30154,"date":"2024-03-04T10:58:10","date_gmt":"2024-03-04T10:58:10","guid":{"rendered":"https:\/\/mypalmleaf.com\/prices\/wirtualna-pielgrzymka\/"},"modified":"2025-04-17T06:32:06","modified_gmt":"2025-04-17T06:32:06","slug":"wirtualna-pielgrzymka","status":"publish","type":"product","link":"https:\/\/mypalmleaf.com\/pl\/uslugi\/wirtualna-pielgrzymka\/","title":{"rendered":"Wirtualna pielgrzymka"},"content":{"rendered":"<p class=\"mb-4\">Wirtualna pielgrzymka do \u015bwi\u0105ty\u0144 Navagraha zosta\u0142a zaprojektowana, aby pom\u00f3c ci oczy\u015bci\u0107 bloki karmiczne poprzez po\u0142\u0105czenie ci\u0119 z energi\u0105 dziewi\u0119ciu planet i zharmonizowanie ich wp\u0142ywu na twoje \u017cycie.<\/p>\n<p class=\"mb-4\">Jest to pot\u0119\u017cny, ale prosty spos\u00f3b na popraw\u0119 warunk\u00f3w karmicznych i przekszta\u0142cenie istniej\u0105cych blokad.<br \/>\nTa pielgrzymka mo\u017ce by\u0107 wykonana dla ciebie lub ukochanej osoby.<\/p>\n<p>Wirtualna pielgrzymka obejmuje:<\/p>\n<ul class=\"mb-4\">\n<li>Ceremonie wykonywane dla ciebie w \u015bwi\u0105tyniach Navagraha<\/li>\n<li>Dost\u0119p do grupy WhatsApp i Telegram z codziennymi aktualizacjami podczas pielgrzymki<\/li>\n<li>Darowizny przekazywane w Twoim imieniu na rzecz \u015bwi\u0105ty\u0144 i potrzebuj\u0105cych<\/li>\n<\/ul>\n<p class=\"mb-4\">\u015awi\u0119te pami\u0105tki (dla drugiej opcji):<br \/>\nS\u0105 to pob\u0142ogos\u0142awione przedmioty pochodz\u0105ce ze \u015bwi\u0105ty\u0144 lub znajduj\u0105ce si\u0119 w ich pobli\u017cu, nasycone ich energi\u0105.<br \/>\nChocia\u017c nie mo\u017cemy wcze\u015bniej okre\u015bli\u0107 dok\u0142adnych przedmiot\u00f3w, s\u0142u\u017c\u0105 one jako pomost \u0142\u0105cz\u0105cy ci\u0119 z energi\u0105 \u015bwi\u0105tyni.<br \/>\nAby dowiedzie\u0107 si\u0119, czego si\u0119 spodziewa\u0107, mo\u017cesz <a class=\"text-body\" href=\"https:\/\/www.youtube.com\/watch?v=09WQJn8M8SA\" data-lity=\"\">obejrze\u0107 ten film<\/a> z poprzedniej pielgrzymki.<\/p>\n<p><strong>Uwaga:<\/strong> Bezp\u0142atna wysy\u0142ka na ca\u0142y \u015bwiat obejmuje \u015bwi\u0119te pami\u0105tki.<\/p>\n","protected":false},"excerpt":{"rendered":"<p>Wirtualna Pielgrzymka do \u015awi\u0105ty\u0144 Navagraha ma na celu pom\u00f3c w oczyszczeniu blokad karmicznych poprzez po\u0142\u0105czenie z energi\u0105 dziewi\u0119ciu planet, harmonizuj\u0105c ich wp\u0142yw na twoje \u017cycie&#8230;.<\/p>\n","protected":false},"featured_media":3506,"comment_status":"open","ping_status":"closed","template":"","meta":{"_acf_changed":false},"product_brand":[],"product_cat":[296],"product_tag":[],"class_list":{"0":"post-30154","1":"product","2":"type-product","3":"status-publish","4":"has-post-thumbnail","6":"product_cat-uncategorized-pl","8":"first","9":"instock","10":"purchasable","11":"product-type-variable"},"exclude_global_add_ons":[],"addons":[],"acf":[],"yoast_head":"<!-- This site is optimized with the Yoast SEO plugin v26.4 - https:\/\/yoast.com\/wordpress\/plugins\/seo\/ -->\n<title>Wirtualna pielgrzymka - My Palm Leaf<\/title>\n<meta name=\"description\" content=\"Odkryj wirtualn\u0105 pielgrzymk\u0119 \u2013 duchowe po\u0142\u0105czenie z odczytem z li\u015bcia palmowego, niezale\u017cnie od miejsca, w kt\u00f3rym jeste\u015b. Odwied\u017a nas ju\u017c teraz.\" \/>\n<meta name=\"robots\" content=\"index, follow, max-snippet:-1, max-image-preview:large, max-video-preview:-1\" \/>\n<link rel=\"canonical\" href=\"https:\/\/mypalmleaf.com\/pl\/uslugi\/wirtualna-pielgrzymka\/\" \/>\n<meta property=\"og:locale\" content=\"pl_PL\" \/>\n<meta property=\"og:type\" content=\"article\" \/>\n<meta property=\"og:title\" content=\"Wirtualna pielgrzymka - My Palm Leaf\" \/>\n<meta property=\"og:description\" content=\"Odkryj wirtualn\u0105 pielgrzymk\u0119 \u2013 duchowe po\u0142\u0105czenie z odczytem z li\u015bcia palmowego, niezale\u017cnie od miejsca, w kt\u00f3rym jeste\u015b. Odwied\u017a nas ju\u017c teraz.\" \/>\n<meta property=\"og:url\" content=\"https:\/\/mypalmleaf.com\/pl\/uslugi\/wirtualna-pielgrzymka\/\" \/>\n<meta property=\"og:site_name\" content=\"My Palm Leaf\" \/>\n<meta property=\"article:modified_time\" content=\"2025-04-17T06:32:06+00:00\" \/>\n<meta property=\"og:image\" content=\"https:\/\/mypalmleaf.com\/wp-content\/uploads\/2024\/09\/mantra-product-page-18.jpg\" \/>\n\t<meta property=\"og:image:width\" content=\"1280\" \/>\n\t<meta property=\"og:image:height\" content=\"720\" \/>\n\t<meta property=\"og:image:type\" content=\"image\/jpeg\" \/>\n<meta name=\"twitter:card\" content=\"summary_large_image\" \/>\n<meta name=\"twitter:label1\" content=\"Szacowany czas czytania\" \/>\n\t<meta name=\"twitter:data1\" content=\"1 minuta\" \/>\n<script type=\"application\/ld+json\" class=\"yoast-schema-graph\">{\"@context\":\"https:\/\/schema.org\",\"@graph\":[{\"@type\":\"WebPage\",\"@id\":\"https:\/\/mypalmleaf.com\/pl\/uslugi\/wirtualna-pielgrzymka\/\",\"url\":\"https:\/\/mypalmleaf.com\/pl\/uslugi\/wirtualna-pielgrzymka\/\",\"name\":\"Wirtualna pielgrzymka - My Palm Leaf\",\"isPartOf\":{\"@id\":\"https:\/\/mypalmleaf.com\/#website\"},\"primaryImageOfPage\":{\"@id\":\"https:\/\/mypalmleaf.com\/pl\/uslugi\/wirtualna-pielgrzymka\/#primaryimage\"},\"image\":{\"@id\":\"https:\/\/mypalmleaf.com\/pl\/uslugi\/wirtualna-pielgrzymka\/#primaryimage\"},\"thumbnailUrl\":\"https:\/\/mypalmleaf.com\/wp-content\/uploads\/2024\/09\/mantra-product-page-18.jpg\",\"datePublished\":\"2024-03-04T10:58:10+00:00\",\"dateModified\":\"2025-04-17T06:32:06+00:00\",\"description\":\"Odkryj wirtualn\u0105 pielgrzymk\u0119 \u2013 duchowe po\u0142\u0105czenie z odczytem z li\u015bcia palmowego, niezale\u017cnie od miejsca, w kt\u00f3rym jeste\u015b. Odwied\u017a nas ju\u017c teraz.\",\"breadcrumb\":{\"@id\":\"https:\/\/mypalmleaf.com\/pl\/uslugi\/wirtualna-pielgrzymka\/#breadcrumb\"},\"inLanguage\":\"pl-PL\",\"potentialAction\":[{\"@type\":\"ReadAction\",\"target\":[\"https:\/\/mypalmleaf.com\/pl\/uslugi\/wirtualna-pielgrzymka\/\"]}]},{\"@type\":\"ImageObject\",\"inLanguage\":\"pl-PL\",\"@id\":\"https:\/\/mypalmleaf.com\/pl\/uslugi\/wirtualna-pielgrzymka\/#primaryimage\",\"url\":\"https:\/\/mypalmleaf.com\/wp-content\/uploads\/2024\/09\/mantra-product-page-18.jpg\",\"contentUrl\":\"https:\/\/mypalmleaf.com\/wp-content\/uploads\/2024\/09\/mantra-product-page-18.jpg\",\"width\":1280,\"height\":720,\"caption\":\"Statue of Gods\"},{\"@type\":\"BreadcrumbList\",\"@id\":\"https:\/\/mypalmleaf.com\/pl\/uslugi\/wirtualna-pielgrzymka\/#breadcrumb\",\"itemListElement\":[{\"@type\":\"ListItem\",\"position\":1,\"name\":\"Home\",\"item\":\"https:\/\/mypalmleaf.com\/pl\/\"},{\"@type\":\"ListItem\",\"position\":2,\"name\":\"Shop\",\"item\":\"https:\/\/mypalmleaf.com\/et\/shop\/\"},{\"@type\":\"ListItem\",\"position\":3,\"name\":\"Wirtualna pielgrzymka\"}]},{\"@type\":\"WebSite\",\"@id\":\"https:\/\/mypalmleaf.com\/#website\",\"url\":\"https:\/\/mypalmleaf.com\/\",\"name\":\"My Palm Leaf\",\"description\":\"\",\"potentialAction\":[{\"@type\":\"SearchAction\",\"target\":{\"@type\":\"EntryPoint\",\"urlTemplate\":\"https:\/\/mypalmleaf.com\/?s={search_term_string}\"},\"query-input\":{\"@type\":\"PropertyValueSpecification\",\"valueRequired\":true,\"valueName\":\"search_term_string\"}}],\"inLanguage\":\"pl-PL\"}]}<\/script>\n<!-- \/ Yoast SEO plugin. -->","yoast_head_json":{"title":"Wirtualna pielgrzymka - My Palm Leaf","description":"Odkryj wirtualn\u0105 pielgrzymk\u0119 \u2013 duchowe po\u0142\u0105czenie z odczytem z li\u015bcia palmowego, niezale\u017cnie od miejsca, w kt\u00f3rym jeste\u015b. Odwied\u017a nas ju\u017c teraz.","robots":{"index":"index","follow":"follow","max-snippet":"max-snippet:-1","max-image-preview":"max-image-preview:large","max-video-preview":"max-video-preview:-1"},"canonical":"https:\/\/mypalmleaf.com\/pl\/uslugi\/wirtualna-pielgrzymka\/","og_locale":"pl_PL","og_type":"article","og_title":"Wirtualna pielgrzymka - My Palm Leaf","og_description":"Odkryj wirtualn\u0105 pielgrzymk\u0119 \u2013 duchowe po\u0142\u0105czenie z odczytem z li\u015bcia palmowego, niezale\u017cnie od miejsca, w kt\u00f3rym jeste\u015b. Odwied\u017a nas ju\u017c teraz.","og_url":"https:\/\/mypalmleaf.com\/pl\/uslugi\/wirtualna-pielgrzymka\/","og_site_name":"My Palm Leaf","article_modified_time":"2025-04-17T06:32:06+00:00","og_image":[{"width":1280,"height":720,"url":"https:\/\/mypalmleaf.com\/wp-content\/uploads\/2024\/09\/mantra-product-page-18.jpg","type":"image\/jpeg"}],"twitter_card":"summary_large_image","twitter_misc":{"Szacowany czas czytania":"1 minuta"},"schema":{"@context":"https:\/\/schema.org","@graph":[{"@type":"WebPage","@id":"https:\/\/mypalmleaf.com\/pl\/uslugi\/wirtualna-pielgrzymka\/","url":"https:\/\/mypalmleaf.com\/pl\/uslugi\/wirtualna-pielgrzymka\/","name":"Wirtualna pielgrzymka - My Palm Leaf","isPartOf":{"@id":"https:\/\/mypalmleaf.com\/#website"},"primaryImageOfPage":{"@id":"https:\/\/mypalmleaf.com\/pl\/uslugi\/wirtualna-pielgrzymka\/#primaryimage"},"image":{"@id":"https:\/\/mypalmleaf.com\/pl\/uslugi\/wirtualna-pielgrzymka\/#primaryimage"},"thumbnailUrl":"https:\/\/mypalmleaf.com\/wp-content\/uploads\/2024\/09\/mantra-product-page-18.jpg","datePublished":"2024-03-04T10:58:10+00:00","dateModified":"2025-04-17T06:32:06+00:00","description":"Odkryj wirtualn\u0105 pielgrzymk\u0119 \u2013 duchowe po\u0142\u0105czenie z odczytem z li\u015bcia palmowego, niezale\u017cnie od miejsca, w kt\u00f3rym jeste\u015b. Odwied\u017a nas ju\u017c teraz.","breadcrumb":{"@id":"https:\/\/mypalmleaf.com\/pl\/uslugi\/wirtualna-pielgrzymka\/#breadcrumb"},"inLanguage":"pl-PL","potentialAction":[{"@type":"ReadAction","target":["https:\/\/mypalmleaf.com\/pl\/uslugi\/wirtualna-pielgrzymka\/"]}]},{"@type":"ImageObject","inLanguage":"pl-PL","@id":"https:\/\/mypalmleaf.com\/pl\/uslugi\/wirtualna-pielgrzymka\/#primaryimage","url":"https:\/\/mypalmleaf.com\/wp-content\/uploads\/2024\/09\/mantra-product-page-18.jpg","contentUrl":"https:\/\/mypalmleaf.com\/wp-content\/uploads\/2024\/09\/mantra-product-page-18.jpg","width":1280,"height":720,"caption":"Statue of Gods"},{"@type":"BreadcrumbList","@id":"https:\/\/mypalmleaf.com\/pl\/uslugi\/wirtualna-pielgrzymka\/#breadcrumb","itemListElement":[{"@type":"ListItem","position":1,"name":"Home","item":"https:\/\/mypalmleaf.com\/pl\/"},{"@type":"ListItem","position":2,"name":"Shop","item":"https:\/\/mypalmleaf.com\/et\/shop\/"},{"@type":"ListItem","position":3,"name":"Wirtualna pielgrzymka"}]},{"@type":"WebSite","@id":"https:\/\/mypalmleaf.com\/#website","url":"https:\/\/mypalmleaf.com\/","name":"My Palm Leaf","description":"","potentialAction":[{"@type":"SearchAction","target":{"@type":"EntryPoint","urlTemplate":"https:\/\/mypalmleaf.com\/?s={search_term_string}"},"query-input":{"@type":"PropertyValueSpecification","valueRequired":true,"valueName":"search_term_string"}}],"inLanguage":"pl-PL"}]}},"_links":{"self":[{"href":"https:\/\/mypalmleaf.com\/pl\/wp-json\/wp\/v2\/product\/30154","targetHints":{"allow":["GET"]}}],"collection":[{"href":"https:\/\/mypalmleaf.com\/pl\/wp-json\/wp\/v2\/product"}],"about":[{"href":"https:\/\/mypalmleaf.com\/pl\/wp-json\/wp\/v2\/types\/product"}],"replies":[{"embeddable":true,"href":"https:\/\/mypalmleaf.com\/pl\/wp-json\/wp\/v2\/comments?post=30154"}],"wp:featuredmedia":[{"embeddable":true,"href":"https:\/\/mypalmleaf.com\/pl\/wp-json\/wp\/v2\/media\/3506"}],"wp:attachment":[{"href":"https:\/\/mypalmleaf.com\/pl\/wp-json\/wp\/v2\/media?parent=30154"}],"wp:term":[{"taxonomy":"product_brand","embeddable":true,"href":"https:\/\/mypalmleaf.com\/pl\/wp-json\/wp\/v2\/product_brand?post=30154"},{"taxonomy":"product_cat","embeddable":true,"href":"https:\/\/mypalmleaf.com\/pl\/wp-json\/wp\/v2\/product_cat?post=30154"},{"taxonomy":"product_tag","embeddable":true,"href":"https:\/\/mypalmleaf.com\/pl\/wp-json\/wp\/v2\/product_tag?post=30154"}],"curies":[{"name":"wp","href":"https:\/\/api.w.org\/{rel}","templated":true}]}}