
{"id":30160,"date":"2024-09-04T10:42:32","date_gmt":"2024-09-04T10:42:32","guid":{"rendered":"https:\/\/mypalmleaf.com\/prices\/czytanie-w-bibliotece-lisci-palmowych-na-bali\/"},"modified":"2025-08-06T15:10:03","modified_gmt":"2025-08-06T15:10:03","slug":"czytanie-w-bibliotece-lisci-palmowych-na-bali","status":"publish","type":"product","link":"https:\/\/mypalmleaf.com\/pl\/uslugi\/czytanie-w-bibliotece-lisci-palmowych-na-bali\/","title":{"rendered":"Czytanie w bibliotece li\u015bci palmowych na Bali"},"content":{"rendered":"<p><strong>Obecny czas oczekiwania wynosi oko\u0142o 6 miesi\u0119cy<\/strong><\/p>\n<ul>\n<li>Tw\u00f3j li\u015b\u0107 palmowy jest odczytywany i nagrywany dla ciebie w bibliotece li\u015bci palmowych na Bali<\/li>\n<li>Nagranie wideo z odczytu<\/li>\n<\/ul>\n","protected":false},"excerpt":{"rendered":"<ul>\n<li>Tw\u00f3j li\u015b\u0107 palmowy jest odczytywany i nagrywany dla ciebie w bibliotece li\u015bci palmowych na Bali<\/li>\n<li>Nagranie wideo z odczytu<\/li>\n<\/ul>\n","protected":false},"featured_media":10136,"comment_status":"open","ping_status":"closed","template":"","meta":{"_acf_changed":false},"product_brand":[],"product_cat":[296],"product_tag":[],"class_list":{"0":"post-30160","1":"product","2":"type-product","3":"status-publish","4":"has-post-thumbnail","6":"product_cat-uncategorized-pl","8":"first","9":"instock","10":"taxable","11":"shipping-taxable","12":"purchasable","13":"product-type-variable"},"exclude_global_add_ons":[],"addons":[],"acf":[],"yoast_head":"<!-- This site is optimized with the Yoast SEO plugin v26.4 - https:\/\/yoast.com\/wordpress\/plugins\/seo\/ -->\n<title>Palm Leaf Library Bali | My Palm Leaf<\/title>\n<meta name=\"description\" content=\"Odkryj \u015bwi\u0119t\u0105 bibliotek\u0119 li\u015bci palmowych na Bali i odblokuj staro\u017cytn\u0105 m\u0105dro\u015b\u0107. Odkryj duchowy wgl\u0105d poprzez odczyty li\u015bci palmowych - zarezerwuj swoj\u0105 transformuj\u0105c\u0105 sesj\u0119 ju\u017c teraz!\" \/>\n<meta name=\"robots\" content=\"index, follow, max-snippet:-1, max-image-preview:large, max-video-preview:-1\" \/>\n<link rel=\"canonical\" href=\"https:\/\/mypalmleaf.com\/pl\/uslugi\/czytanie-w-bibliotece-lisci-palmowych-na-bali\/\" \/>\n<meta property=\"og:locale\" content=\"pl_PL\" \/>\n<meta property=\"og:type\" content=\"article\" \/>\n<meta property=\"og:title\" content=\"Palm Leaf Library Bali | My Palm Leaf\" \/>\n<meta property=\"og:description\" content=\"Odkryj \u015bwi\u0119t\u0105 bibliotek\u0119 li\u015bci palmowych na Bali i odblokuj staro\u017cytn\u0105 m\u0105dro\u015b\u0107. Odkryj duchowy wgl\u0105d poprzez odczyty li\u015bci palmowych - zarezerwuj swoj\u0105 transformuj\u0105c\u0105 sesj\u0119 ju\u017c teraz!\" \/>\n<meta property=\"og:url\" content=\"https:\/\/mypalmleaf.com\/pl\/uslugi\/czytanie-w-bibliotece-lisci-palmowych-na-bali\/\" \/>\n<meta property=\"og:site_name\" content=\"My Palm Leaf\" \/>\n<meta property=\"article:modified_time\" content=\"2025-08-06T15:10:03+00:00\" \/>\n<meta property=\"og:image\" content=\"https:\/\/mypalmleaf.com\/wp-content\/uploads\/2024\/09\/mantra-product-page-7-1.jpg\" \/>\n\t<meta property=\"og:image:width\" content=\"800\" \/>\n\t<meta property=\"og:image:height\" content=\"444\" \/>\n\t<meta property=\"og:image:type\" content=\"image\/jpeg\" \/>\n<meta name=\"twitter:card\" content=\"summary_large_image\" \/>\n<meta name=\"twitter:label1\" content=\"Szacowany czas czytania\" \/>\n\t<meta name=\"twitter:data1\" content=\"1 minuta\" \/>\n<script type=\"application\/ld+json\" class=\"yoast-schema-graph\">{\"@context\":\"https:\/\/schema.org\",\"@graph\":[{\"@type\":\"WebPage\",\"@id\":\"https:\/\/mypalmleaf.com\/pl\/uslugi\/czytanie-w-bibliotece-lisci-palmowych-na-bali\/\",\"url\":\"https:\/\/mypalmleaf.com\/pl\/uslugi\/czytanie-w-bibliotece-lisci-palmowych-na-bali\/\",\"name\":\"Palm Leaf Library Bali | My Palm Leaf\",\"isPartOf\":{\"@id\":\"https:\/\/mypalmleaf.com\/#website\"},\"primaryImageOfPage\":{\"@id\":\"https:\/\/mypalmleaf.com\/pl\/uslugi\/czytanie-w-bibliotece-lisci-palmowych-na-bali\/#primaryimage\"},\"image\":{\"@id\":\"https:\/\/mypalmleaf.com\/pl\/uslugi\/czytanie-w-bibliotece-lisci-palmowych-na-bali\/#primaryimage\"},\"thumbnailUrl\":\"https:\/\/mypalmleaf.com\/wp-content\/uploads\/2024\/09\/mantra-product-page-7-1.jpg\",\"datePublished\":\"2024-09-04T10:42:32+00:00\",\"dateModified\":\"2025-08-06T15:10:03+00:00\",\"description\":\"Odkryj \u015bwi\u0119t\u0105 bibliotek\u0119 li\u015bci palmowych na Bali i odblokuj staro\u017cytn\u0105 m\u0105dro\u015b\u0107. Odkryj duchowy wgl\u0105d poprzez odczyty li\u015bci palmowych - zarezerwuj swoj\u0105 transformuj\u0105c\u0105 sesj\u0119 ju\u017c teraz!\",\"breadcrumb\":{\"@id\":\"https:\/\/mypalmleaf.com\/pl\/uslugi\/czytanie-w-bibliotece-lisci-palmowych-na-bali\/#breadcrumb\"},\"inLanguage\":\"pl-PL\",\"potentialAction\":[{\"@type\":\"ReadAction\",\"target\":[\"https:\/\/mypalmleaf.com\/pl\/uslugi\/czytanie-w-bibliotece-lisci-palmowych-na-bali\/\"]}]},{\"@type\":\"ImageObject\",\"inLanguage\":\"pl-PL\",\"@id\":\"https:\/\/mypalmleaf.com\/pl\/uslugi\/czytanie-w-bibliotece-lisci-palmowych-na-bali\/#primaryimage\",\"url\":\"https:\/\/mypalmleaf.com\/wp-content\/uploads\/2024\/09\/mantra-product-page-7-1.jpg\",\"contentUrl\":\"https:\/\/mypalmleaf.com\/wp-content\/uploads\/2024\/09\/mantra-product-page-7-1.jpg\",\"width\":800,\"height\":444,\"caption\":\"Palm Leaf library in Bali-01\"},{\"@type\":\"BreadcrumbList\",\"@id\":\"https:\/\/mypalmleaf.com\/pl\/uslugi\/czytanie-w-bibliotece-lisci-palmowych-na-bali\/#breadcrumb\",\"itemListElement\":[{\"@type\":\"ListItem\",\"position\":1,\"name\":\"Home\",\"item\":\"https:\/\/mypalmleaf.com\/pl\/\"},{\"@type\":\"ListItem\",\"position\":2,\"name\":\"Shop\",\"item\":\"https:\/\/mypalmleaf.com\/et\/shop\/\"},{\"@type\":\"ListItem\",\"position\":3,\"name\":\"Czytanie w bibliotece li\u015bci palmowych na Bali\"}]},{\"@type\":\"WebSite\",\"@id\":\"https:\/\/mypalmleaf.com\/#website\",\"url\":\"https:\/\/mypalmleaf.com\/\",\"name\":\"My Palm Leaf\",\"description\":\"\",\"potentialAction\":[{\"@type\":\"SearchAction\",\"target\":{\"@type\":\"EntryPoint\",\"urlTemplate\":\"https:\/\/mypalmleaf.com\/?s={search_term_string}\"},\"query-input\":{\"@type\":\"PropertyValueSpecification\",\"valueRequired\":true,\"valueName\":\"search_term_string\"}}],\"inLanguage\":\"pl-PL\"}]}<\/script>\n<!-- \/ Yoast SEO plugin. -->","yoast_head_json":{"title":"Palm Leaf Library Bali | My Palm Leaf","description":"Odkryj \u015bwi\u0119t\u0105 bibliotek\u0119 li\u015bci palmowych na Bali i odblokuj staro\u017cytn\u0105 m\u0105dro\u015b\u0107. Odkryj duchowy wgl\u0105d poprzez odczyty li\u015bci palmowych - zarezerwuj swoj\u0105 transformuj\u0105c\u0105 sesj\u0119 ju\u017c teraz!","robots":{"index":"index","follow":"follow","max-snippet":"max-snippet:-1","max-image-preview":"max-image-preview:large","max-video-preview":"max-video-preview:-1"},"canonical":"https:\/\/mypalmleaf.com\/pl\/uslugi\/czytanie-w-bibliotece-lisci-palmowych-na-bali\/","og_locale":"pl_PL","og_type":"article","og_title":"Palm Leaf Library Bali | My Palm Leaf","og_description":"Odkryj \u015bwi\u0119t\u0105 bibliotek\u0119 li\u015bci palmowych na Bali i odblokuj staro\u017cytn\u0105 m\u0105dro\u015b\u0107. Odkryj duchowy wgl\u0105d poprzez odczyty li\u015bci palmowych - zarezerwuj swoj\u0105 transformuj\u0105c\u0105 sesj\u0119 ju\u017c teraz!","og_url":"https:\/\/mypalmleaf.com\/pl\/uslugi\/czytanie-w-bibliotece-lisci-palmowych-na-bali\/","og_site_name":"My Palm Leaf","article_modified_time":"2025-08-06T15:10:03+00:00","og_image":[{"width":800,"height":444,"url":"https:\/\/mypalmleaf.com\/wp-content\/uploads\/2024\/09\/mantra-product-page-7-1.jpg","type":"image\/jpeg"}],"twitter_card":"summary_large_image","twitter_misc":{"Szacowany czas czytania":"1 minuta"},"schema":{"@context":"https:\/\/schema.org","@graph":[{"@type":"WebPage","@id":"https:\/\/mypalmleaf.com\/pl\/uslugi\/czytanie-w-bibliotece-lisci-palmowych-na-bali\/","url":"https:\/\/mypalmleaf.com\/pl\/uslugi\/czytanie-w-bibliotece-lisci-palmowych-na-bali\/","name":"Palm Leaf Library Bali | My Palm Leaf","isPartOf":{"@id":"https:\/\/mypalmleaf.com\/#website"},"primaryImageOfPage":{"@id":"https:\/\/mypalmleaf.com\/pl\/uslugi\/czytanie-w-bibliotece-lisci-palmowych-na-bali\/#primaryimage"},"image":{"@id":"https:\/\/mypalmleaf.com\/pl\/uslugi\/czytanie-w-bibliotece-lisci-palmowych-na-bali\/#primaryimage"},"thumbnailUrl":"https:\/\/mypalmleaf.com\/wp-content\/uploads\/2024\/09\/mantra-product-page-7-1.jpg","datePublished":"2024-09-04T10:42:32+00:00","dateModified":"2025-08-06T15:10:03+00:00","description":"Odkryj \u015bwi\u0119t\u0105 bibliotek\u0119 li\u015bci palmowych na Bali i odblokuj staro\u017cytn\u0105 m\u0105dro\u015b\u0107. Odkryj duchowy wgl\u0105d poprzez odczyty li\u015bci palmowych - zarezerwuj swoj\u0105 transformuj\u0105c\u0105 sesj\u0119 ju\u017c teraz!","breadcrumb":{"@id":"https:\/\/mypalmleaf.com\/pl\/uslugi\/czytanie-w-bibliotece-lisci-palmowych-na-bali\/#breadcrumb"},"inLanguage":"pl-PL","potentialAction":[{"@type":"ReadAction","target":["https:\/\/mypalmleaf.com\/pl\/uslugi\/czytanie-w-bibliotece-lisci-palmowych-na-bali\/"]}]},{"@type":"ImageObject","inLanguage":"pl-PL","@id":"https:\/\/mypalmleaf.com\/pl\/uslugi\/czytanie-w-bibliotece-lisci-palmowych-na-bali\/#primaryimage","url":"https:\/\/mypalmleaf.com\/wp-content\/uploads\/2024\/09\/mantra-product-page-7-1.jpg","contentUrl":"https:\/\/mypalmleaf.com\/wp-content\/uploads\/2024\/09\/mantra-product-page-7-1.jpg","width":800,"height":444,"caption":"Palm Leaf library in Bali-01"},{"@type":"BreadcrumbList","@id":"https:\/\/mypalmleaf.com\/pl\/uslugi\/czytanie-w-bibliotece-lisci-palmowych-na-bali\/#breadcrumb","itemListElement":[{"@type":"ListItem","position":1,"name":"Home","item":"https:\/\/mypalmleaf.com\/pl\/"},{"@type":"ListItem","position":2,"name":"Shop","item":"https:\/\/mypalmleaf.com\/et\/shop\/"},{"@type":"ListItem","position":3,"name":"Czytanie w bibliotece li\u015bci palmowych na Bali"}]},{"@type":"WebSite","@id":"https:\/\/mypalmleaf.com\/#website","url":"https:\/\/mypalmleaf.com\/","name":"My Palm Leaf","description":"","potentialAction":[{"@type":"SearchAction","target":{"@type":"EntryPoint","urlTemplate":"https:\/\/mypalmleaf.com\/?s={search_term_string}"},"query-input":{"@type":"PropertyValueSpecification","valueRequired":true,"valueName":"search_term_string"}}],"inLanguage":"pl-PL"}]}},"_links":{"self":[{"href":"https:\/\/mypalmleaf.com\/pl\/wp-json\/wp\/v2\/product\/30160","targetHints":{"allow":["GET"]}}],"collection":[{"href":"https:\/\/mypalmleaf.com\/pl\/wp-json\/wp\/v2\/product"}],"about":[{"href":"https:\/\/mypalmleaf.com\/pl\/wp-json\/wp\/v2\/types\/product"}],"replies":[{"embeddable":true,"href":"https:\/\/mypalmleaf.com\/pl\/wp-json\/wp\/v2\/comments?post=30160"}],"wp:featuredmedia":[{"embeddable":true,"href":"https:\/\/mypalmleaf.com\/pl\/wp-json\/wp\/v2\/media\/10136"}],"wp:attachment":[{"href":"https:\/\/mypalmleaf.com\/pl\/wp-json\/wp\/v2\/media?parent=30160"}],"wp:term":[{"taxonomy":"product_brand","embeddable":true,"href":"https:\/\/mypalmleaf.com\/pl\/wp-json\/wp\/v2\/product_brand?post=30160"},{"taxonomy":"product_cat","embeddable":true,"href":"https:\/\/mypalmleaf.com\/pl\/wp-json\/wp\/v2\/product_cat?post=30160"},{"taxonomy":"product_tag","embeddable":true,"href":"https:\/\/mypalmleaf.com\/pl\/wp-json\/wp\/v2\/product_tag?post=30160"}],"curies":[{"name":"wp","href":"https:\/\/api.w.org\/{rel}","templated":true}]}}