
{"id":30163,"date":"2024-09-04T10:43:37","date_gmt":"2024-09-04T10:43:37","guid":{"rendered":"https:\/\/mypalmleaf.com\/prices\/zmiana-rezerwacji-spotkania\/"},"modified":"2025-04-29T07:45:13","modified_gmt":"2025-04-29T07:45:13","slug":"zmiana-rezerwacji-spotkania","status":"publish","type":"product","link":"https:\/\/mypalmleaf.com\/pl\/uslugi\/zmiana-rezerwacji-spotkania\/","title":{"rendered":"Zmiana rezerwacji spotkania"},"content":{"rendered":"<p>Mo\u017cesz prze\u0142o\u017cy\u0107 wizyt\u0119 bezp\u0142atnie do 48 godzin przed zaplanowan\u0105 wizyt\u0105.<\/p>\n<p>Je\u015bli prze\u0142o\u017cysz wizyt\u0119 na mniej ni\u017c 48 godzin przed wizyt\u0105, nie pojawisz si\u0119 lub sp\u00f3\u017anisz si\u0119 ponad 20 minut, zostanie naliczona op\u0142ata za zmian\u0119 terminu, poniewa\u017c przedzia\u0142 czasowy zosta\u0142 dla Ciebie zablokowany.<\/p>\n","protected":false},"excerpt":{"rendered":"<p>W przypadku zmiany terminu na mniej ni\u017c 48 godzin przed um\u00f3wion\u0105 wizyt\u0105&#8230;<\/p>\n","protected":false},"featured_media":10097,"comment_status":"open","ping_status":"closed","template":"","meta":{"_acf_changed":false},"product_brand":[],"product_cat":[296],"product_tag":[],"class_list":{"0":"post-30163","1":"product","2":"type-product","3":"status-publish","4":"has-post-thumbnail","6":"product_cat-uncategorized-pl","8":"first","9":"instock","10":"virtual","11":"taxable","12":"purchasable","13":"product-type-simple"},"exclude_global_add_ons":[],"addons":[],"acf":[],"yoast_head":"<!-- This site is optimized with the Yoast SEO plugin v26.4 - https:\/\/yoast.com\/wordpress\/plugins\/seo\/ -->\n<title>Zmiana rezerwacji spotkania - My Palm Leaf<\/title>\n<meta name=\"description\" content=\"Zmie\u0144 termin swojego spotkania w prosty spos\u00f3b. Elastyczno\u015b\u0107 i dost\u0119pno\u015b\u0107, kt\u00f3re wspieraj\u0105 Twoj\u0105 podr\u00f3\u017c z li\u015b\u0107mi.\" \/>\n<meta name=\"robots\" content=\"index, follow, max-snippet:-1, max-image-preview:large, max-video-preview:-1\" \/>\n<link rel=\"canonical\" href=\"https:\/\/mypalmleaf.com\/pl\/uslugi\/zmiana-rezerwacji-spotkania\/\" \/>\n<meta property=\"og:locale\" content=\"pl_PL\" \/>\n<meta property=\"og:type\" content=\"article\" \/>\n<meta property=\"og:title\" content=\"Zmiana rezerwacji spotkania - My Palm Leaf\" \/>\n<meta property=\"og:description\" content=\"Zmie\u0144 termin swojego spotkania w prosty spos\u00f3b. Elastyczno\u015b\u0107 i dost\u0119pno\u015b\u0107, kt\u00f3re wspieraj\u0105 Twoj\u0105 podr\u00f3\u017c z li\u015b\u0107mi.\" \/>\n<meta property=\"og:url\" content=\"https:\/\/mypalmleaf.com\/pl\/uslugi\/zmiana-rezerwacji-spotkania\/\" \/>\n<meta property=\"og:site_name\" content=\"My Palm Leaf\" \/>\n<meta property=\"article:modified_time\" content=\"2025-04-29T07:45:13+00:00\" \/>\n<meta property=\"og:image\" content=\"https:\/\/mypalmleaf.com\/wp-content\/uploads\/2024\/09\/services-thumb-1-1-1.jpg\" \/>\n\t<meta property=\"og:image:width\" content=\"800\" \/>\n\t<meta property=\"og:image:height\" content=\"444\" \/>\n\t<meta property=\"og:image:type\" content=\"image\/jpeg\" \/>\n<meta name=\"twitter:card\" content=\"summary_large_image\" \/>\n<meta name=\"twitter:label1\" content=\"Szacowany czas czytania\" \/>\n\t<meta name=\"twitter:data1\" content=\"1 minuta\" \/>\n<script type=\"application\/ld+json\" class=\"yoast-schema-graph\">{\"@context\":\"https:\/\/schema.org\",\"@graph\":[{\"@type\":\"WebPage\",\"@id\":\"https:\/\/mypalmleaf.com\/pl\/uslugi\/zmiana-rezerwacji-spotkania\/\",\"url\":\"https:\/\/mypalmleaf.com\/pl\/uslugi\/zmiana-rezerwacji-spotkania\/\",\"name\":\"Zmiana rezerwacji spotkania - My Palm Leaf\",\"isPartOf\":{\"@id\":\"https:\/\/mypalmleaf.com\/#website\"},\"primaryImageOfPage\":{\"@id\":\"https:\/\/mypalmleaf.com\/pl\/uslugi\/zmiana-rezerwacji-spotkania\/#primaryimage\"},\"image\":{\"@id\":\"https:\/\/mypalmleaf.com\/pl\/uslugi\/zmiana-rezerwacji-spotkania\/#primaryimage\"},\"thumbnailUrl\":\"https:\/\/mypalmleaf.com\/wp-content\/uploads\/2024\/09\/services-thumb-1-1-1.jpg\",\"datePublished\":\"2024-09-04T10:43:37+00:00\",\"dateModified\":\"2025-04-29T07:45:13+00:00\",\"description\":\"Zmie\u0144 termin swojego spotkania w prosty spos\u00f3b. Elastyczno\u015b\u0107 i dost\u0119pno\u015b\u0107, kt\u00f3re wspieraj\u0105 Twoj\u0105 podr\u00f3\u017c z li\u015b\u0107mi.\",\"breadcrumb\":{\"@id\":\"https:\/\/mypalmleaf.com\/pl\/uslugi\/zmiana-rezerwacji-spotkania\/#breadcrumb\"},\"inLanguage\":\"pl-PL\",\"potentialAction\":[{\"@type\":\"ReadAction\",\"target\":[\"https:\/\/mypalmleaf.com\/pl\/uslugi\/zmiana-rezerwacji-spotkania\/\"]}]},{\"@type\":\"ImageObject\",\"inLanguage\":\"pl-PL\",\"@id\":\"https:\/\/mypalmleaf.com\/pl\/uslugi\/zmiana-rezerwacji-spotkania\/#primaryimage\",\"url\":\"https:\/\/mypalmleaf.com\/wp-content\/uploads\/2024\/09\/services-thumb-1-1-1.jpg\",\"contentUrl\":\"https:\/\/mypalmleaf.com\/wp-content\/uploads\/2024\/09\/services-thumb-1-1-1.jpg\",\"width\":800,\"height\":444,\"caption\":\"Nadi astrology-01\"},{\"@type\":\"BreadcrumbList\",\"@id\":\"https:\/\/mypalmleaf.com\/pl\/uslugi\/zmiana-rezerwacji-spotkania\/#breadcrumb\",\"itemListElement\":[{\"@type\":\"ListItem\",\"position\":1,\"name\":\"Home\",\"item\":\"https:\/\/mypalmleaf.com\/pl\/\"},{\"@type\":\"ListItem\",\"position\":2,\"name\":\"Shop\",\"item\":\"https:\/\/mypalmleaf.com\/et\/shop\/\"},{\"@type\":\"ListItem\",\"position\":3,\"name\":\"Zmiana rezerwacji spotkania\"}]},{\"@type\":\"WebSite\",\"@id\":\"https:\/\/mypalmleaf.com\/#website\",\"url\":\"https:\/\/mypalmleaf.com\/\",\"name\":\"My Palm Leaf\",\"description\":\"\",\"potentialAction\":[{\"@type\":\"SearchAction\",\"target\":{\"@type\":\"EntryPoint\",\"urlTemplate\":\"https:\/\/mypalmleaf.com\/?s={search_term_string}\"},\"query-input\":{\"@type\":\"PropertyValueSpecification\",\"valueRequired\":true,\"valueName\":\"search_term_string\"}}],\"inLanguage\":\"pl-PL\"}]}<\/script>\n<!-- \/ Yoast SEO plugin. -->","yoast_head_json":{"title":"Zmiana rezerwacji spotkania - My Palm Leaf","description":"Zmie\u0144 termin swojego spotkania w prosty spos\u00f3b. Elastyczno\u015b\u0107 i dost\u0119pno\u015b\u0107, kt\u00f3re wspieraj\u0105 Twoj\u0105 podr\u00f3\u017c z li\u015b\u0107mi.","robots":{"index":"index","follow":"follow","max-snippet":"max-snippet:-1","max-image-preview":"max-image-preview:large","max-video-preview":"max-video-preview:-1"},"canonical":"https:\/\/mypalmleaf.com\/pl\/uslugi\/zmiana-rezerwacji-spotkania\/","og_locale":"pl_PL","og_type":"article","og_title":"Zmiana rezerwacji spotkania - My Palm Leaf","og_description":"Zmie\u0144 termin swojego spotkania w prosty spos\u00f3b. Elastyczno\u015b\u0107 i dost\u0119pno\u015b\u0107, kt\u00f3re wspieraj\u0105 Twoj\u0105 podr\u00f3\u017c z li\u015b\u0107mi.","og_url":"https:\/\/mypalmleaf.com\/pl\/uslugi\/zmiana-rezerwacji-spotkania\/","og_site_name":"My Palm Leaf","article_modified_time":"2025-04-29T07:45:13+00:00","og_image":[{"width":800,"height":444,"url":"https:\/\/mypalmleaf.com\/wp-content\/uploads\/2024\/09\/services-thumb-1-1-1.jpg","type":"image\/jpeg"}],"twitter_card":"summary_large_image","twitter_misc":{"Szacowany czas czytania":"1 minuta"},"schema":{"@context":"https:\/\/schema.org","@graph":[{"@type":"WebPage","@id":"https:\/\/mypalmleaf.com\/pl\/uslugi\/zmiana-rezerwacji-spotkania\/","url":"https:\/\/mypalmleaf.com\/pl\/uslugi\/zmiana-rezerwacji-spotkania\/","name":"Zmiana rezerwacji spotkania - My Palm Leaf","isPartOf":{"@id":"https:\/\/mypalmleaf.com\/#website"},"primaryImageOfPage":{"@id":"https:\/\/mypalmleaf.com\/pl\/uslugi\/zmiana-rezerwacji-spotkania\/#primaryimage"},"image":{"@id":"https:\/\/mypalmleaf.com\/pl\/uslugi\/zmiana-rezerwacji-spotkania\/#primaryimage"},"thumbnailUrl":"https:\/\/mypalmleaf.com\/wp-content\/uploads\/2024\/09\/services-thumb-1-1-1.jpg","datePublished":"2024-09-04T10:43:37+00:00","dateModified":"2025-04-29T07:45:13+00:00","description":"Zmie\u0144 termin swojego spotkania w prosty spos\u00f3b. Elastyczno\u015b\u0107 i dost\u0119pno\u015b\u0107, kt\u00f3re wspieraj\u0105 Twoj\u0105 podr\u00f3\u017c z li\u015b\u0107mi.","breadcrumb":{"@id":"https:\/\/mypalmleaf.com\/pl\/uslugi\/zmiana-rezerwacji-spotkania\/#breadcrumb"},"inLanguage":"pl-PL","potentialAction":[{"@type":"ReadAction","target":["https:\/\/mypalmleaf.com\/pl\/uslugi\/zmiana-rezerwacji-spotkania\/"]}]},{"@type":"ImageObject","inLanguage":"pl-PL","@id":"https:\/\/mypalmleaf.com\/pl\/uslugi\/zmiana-rezerwacji-spotkania\/#primaryimage","url":"https:\/\/mypalmleaf.com\/wp-content\/uploads\/2024\/09\/services-thumb-1-1-1.jpg","contentUrl":"https:\/\/mypalmleaf.com\/wp-content\/uploads\/2024\/09\/services-thumb-1-1-1.jpg","width":800,"height":444,"caption":"Nadi astrology-01"},{"@type":"BreadcrumbList","@id":"https:\/\/mypalmleaf.com\/pl\/uslugi\/zmiana-rezerwacji-spotkania\/#breadcrumb","itemListElement":[{"@type":"ListItem","position":1,"name":"Home","item":"https:\/\/mypalmleaf.com\/pl\/"},{"@type":"ListItem","position":2,"name":"Shop","item":"https:\/\/mypalmleaf.com\/et\/shop\/"},{"@type":"ListItem","position":3,"name":"Zmiana rezerwacji spotkania"}]},{"@type":"WebSite","@id":"https:\/\/mypalmleaf.com\/#website","url":"https:\/\/mypalmleaf.com\/","name":"My Palm Leaf","description":"","potentialAction":[{"@type":"SearchAction","target":{"@type":"EntryPoint","urlTemplate":"https:\/\/mypalmleaf.com\/?s={search_term_string}"},"query-input":{"@type":"PropertyValueSpecification","valueRequired":true,"valueName":"search_term_string"}}],"inLanguage":"pl-PL"}]}},"_links":{"self":[{"href":"https:\/\/mypalmleaf.com\/pl\/wp-json\/wp\/v2\/product\/30163","targetHints":{"allow":["GET"]}}],"collection":[{"href":"https:\/\/mypalmleaf.com\/pl\/wp-json\/wp\/v2\/product"}],"about":[{"href":"https:\/\/mypalmleaf.com\/pl\/wp-json\/wp\/v2\/types\/product"}],"replies":[{"embeddable":true,"href":"https:\/\/mypalmleaf.com\/pl\/wp-json\/wp\/v2\/comments?post=30163"}],"wp:featuredmedia":[{"embeddable":true,"href":"https:\/\/mypalmleaf.com\/pl\/wp-json\/wp\/v2\/media\/10097"}],"wp:attachment":[{"href":"https:\/\/mypalmleaf.com\/pl\/wp-json\/wp\/v2\/media?parent=30163"}],"wp:term":[{"taxonomy":"product_brand","embeddable":true,"href":"https:\/\/mypalmleaf.com\/pl\/wp-json\/wp\/v2\/product_brand?post=30163"},{"taxonomy":"product_cat","embeddable":true,"href":"https:\/\/mypalmleaf.com\/pl\/wp-json\/wp\/v2\/product_cat?post=30163"},{"taxonomy":"product_tag","embeddable":true,"href":"https:\/\/mypalmleaf.com\/pl\/wp-json\/wp\/v2\/product_tag?post=30163"}],"curies":[{"name":"wp","href":"https:\/\/api.w.org\/{rel}","templated":true}]}}