
{"id":30164,"date":"2024-09-04T10:44:34","date_gmt":"2024-09-04T10:44:34","guid":{"rendered":"https:\/\/mypalmleaf.com\/prices\/malas-recznie-robione-koraliki-modlitewne\/"},"modified":"2025-04-29T07:58:33","modified_gmt":"2025-04-29T07:58:33","slug":"malas-recznie-robione-koraliki-modlitewne","status":"publish","type":"product","link":"https:\/\/mypalmleaf.com\/pl\/uslugi\/malas-recznie-robione-koraliki-modlitewne\/","title":{"rendered":"Malas &#8211; r\u0119cznie robione koraliki modlitewne"},"content":{"rendered":"<p>Mala, czyli koralik modlitewny, jest pot\u0119\u017cnym narz\u0119dziem w praktyce mantry, zaprojektowanym, aby pom\u00f3c ci utrzyma\u0107 skupienie i pog\u0142\u0119bi\u0107 medytacj\u0119. Ka\u017cda mala jest nasycona energi\u0105 twojej praktyki, s\u0142u\u017c\u0105c jako duchowy towarzysz w twojej podr\u00f3\u017cy. Oferujemy dwa unikalne warianty, z kt\u00f3rych ka\u017cdy zosta\u0142 wykonany z trosk\u0105 i staranno\u015bci\u0105:<\/p>\n<ul>\n<li><strong>Rudraksha Mala z Himalaj\u00f3w<\/strong><br \/>\nTa tradycyjna mala wykonana jest ze \u015bwi\u0119tych nasion Rudraksha, czczonych ze wzgl\u0119du na ich duchowe znaczenie i zwi\u0105zek z Shiv\u0105. Znane ze swojej zdolno\u015bci do wspierania g\u0142\u0119bokiej medytacji, koraliki te s\u0105 starannie pozyskiwane z regionu Himalaj\u00f3w i uwa\u017ca si\u0119, \u017ce zwi\u0119kszaj\u0105 duchowy wzrost i ochron\u0119. Twoja Rudraksha Mala zostanie wys\u0142ana do domu, nios\u0105c \u015bwi\u0119t\u0105 energi\u0119 swojego pochodzenia.<\/li>\n<li><strong>R\u0119cznie wykonana mala przez naszego rzemie\u015blnika Spand\u0119<\/strong><br \/>\nAby uzyska\u0107 bardziej spersonalizowane do\u015bwiadczenie, wybierz wysokiej jako\u015bci, r\u0119cznie wykonan\u0105 mal\u0119 wykonan\u0105 przez naszego artyst\u0119 Spand\u0119. Przed rozpocz\u0119ciem tworzenia Mali, Spanda przeprowadzi z Tob\u0105 rozmow\u0119 wideo, aby om\u00f3wi\u0107 Twoje intencje, energie, kt\u00f3re chcesz zaprosi\u0107 do swojego \u017cycia oraz preferencje dotycz\u0105ce kamieni p\u00f3\u0142szlachetnych. Nast\u0119pnie Spanda r\u0119cznie wykona Mal\u0119 specjalnie dla ciebie, nape\u0142niaj\u0105c j\u0105 b\u0142ogos\u0142awie\u0144stwami i duchow\u0105 energi\u0105, zanim wy\u015ble j\u0105 w twoj\u0105 stron\u0119. Ta niestandardowa Mala to co\u015b wi\u0119cej ni\u017c narz\u0119dzie do medytacji; to odzwierciedlenie Twojej osobistej duchowej podr\u00f3\u017cy.<\/li>\n<\/ul>\n","protected":false},"excerpt":{"rendered":"<p>Mala, czyli koralik modlitewny, jest pot\u0119\u017cnym narz\u0119dziem w praktyce mantry, zaprojektowanym, aby pom\u00f3c ci utrzyma\u0107 skupienie i pog\u0142\u0119bi\u0107 medytacj\u0119.<\/p>\n","protected":false},"featured_media":4189,"comment_status":"open","ping_status":"closed","template":"","meta":{"_acf_changed":false},"product_brand":[],"product_cat":[296],"product_tag":[],"class_list":{"0":"post-30164","1":"product","2":"type-product","3":"status-publish","4":"has-post-thumbnail","6":"product_cat-uncategorized-pl","7":"product_shipping_class-produkt-fizyczny","9":"first","10":"instock","11":"taxable","12":"shipping-taxable","13":"purchasable","14":"product-type-variable"},"exclude_global_add_ons":[],"addons":[],"acf":[],"yoast_head":"<!-- This site is optimized with the Yoast SEO plugin v26.4 - https:\/\/yoast.com\/wordpress\/plugins\/seo\/ -->\n<title>Malas - r\u0119cznie robione koraliki modlitewne - My Palm Leaf<\/title>\n<meta name=\"description\" content=\"R\u0119cznie tworzone malas do medytacji i modlitwy. Tradycyjne koraliki wspieraj\u0105ce duchow\u0105 praktyk\u0119 i wewn\u0119trzny spok\u00f3j.\" \/>\n<meta name=\"robots\" content=\"index, follow, max-snippet:-1, max-image-preview:large, max-video-preview:-1\" \/>\n<link rel=\"canonical\" href=\"https:\/\/mypalmleaf.com\/pl\/uslugi\/malas-recznie-robione-koraliki-modlitewne\/\" \/>\n<meta property=\"og:locale\" content=\"pl_PL\" \/>\n<meta property=\"og:type\" content=\"article\" \/>\n<meta property=\"og:title\" content=\"Malas - r\u0119cznie robione koraliki modlitewne - My Palm Leaf\" \/>\n<meta property=\"og:description\" content=\"R\u0119cznie tworzone malas do medytacji i modlitwy. Tradycyjne koraliki wspieraj\u0105ce duchow\u0105 praktyk\u0119 i wewn\u0119trzny spok\u00f3j.\" \/>\n<meta property=\"og:url\" content=\"https:\/\/mypalmleaf.com\/pl\/uslugi\/malas-recznie-robione-koraliki-modlitewne\/\" \/>\n<meta property=\"og:site_name\" content=\"My Palm Leaf\" \/>\n<meta property=\"article:modified_time\" content=\"2025-04-29T07:58:33+00:00\" \/>\n<meta property=\"og:image\" content=\"https:\/\/mypalmleaf.com\/wp-content\/uploads\/2024\/09\/mala.jpg\" \/>\n\t<meta property=\"og:image:width\" content=\"1280\" \/>\n\t<meta property=\"og:image:height\" content=\"720\" \/>\n\t<meta property=\"og:image:type\" content=\"image\/jpeg\" \/>\n<meta name=\"twitter:card\" content=\"summary_large_image\" \/>\n<meta name=\"twitter:label1\" content=\"Szacowany czas czytania\" \/>\n\t<meta name=\"twitter:data1\" content=\"2 minuty\" \/>\n<script type=\"application\/ld+json\" class=\"yoast-schema-graph\">{\"@context\":\"https:\/\/schema.org\",\"@graph\":[{\"@type\":\"WebPage\",\"@id\":\"https:\/\/mypalmleaf.com\/pl\/uslugi\/malas-recznie-robione-koraliki-modlitewne\/\",\"url\":\"https:\/\/mypalmleaf.com\/pl\/uslugi\/malas-recznie-robione-koraliki-modlitewne\/\",\"name\":\"Malas - r\u0119cznie robione koraliki modlitewne - My Palm Leaf\",\"isPartOf\":{\"@id\":\"https:\/\/mypalmleaf.com\/#website\"},\"primaryImageOfPage\":{\"@id\":\"https:\/\/mypalmleaf.com\/pl\/uslugi\/malas-recznie-robione-koraliki-modlitewne\/#primaryimage\"},\"image\":{\"@id\":\"https:\/\/mypalmleaf.com\/pl\/uslugi\/malas-recznie-robione-koraliki-modlitewne\/#primaryimage\"},\"thumbnailUrl\":\"https:\/\/mypalmleaf.com\/wp-content\/uploads\/2024\/09\/mala.jpg\",\"datePublished\":\"2024-09-04T10:44:34+00:00\",\"dateModified\":\"2025-04-29T07:58:33+00:00\",\"description\":\"R\u0119cznie tworzone malas do medytacji i modlitwy. Tradycyjne koraliki wspieraj\u0105ce duchow\u0105 praktyk\u0119 i wewn\u0119trzny spok\u00f3j.\",\"breadcrumb\":{\"@id\":\"https:\/\/mypalmleaf.com\/pl\/uslugi\/malas-recznie-robione-koraliki-modlitewne\/#breadcrumb\"},\"inLanguage\":\"pl-PL\",\"potentialAction\":[{\"@type\":\"ReadAction\",\"target\":[\"https:\/\/mypalmleaf.com\/pl\/uslugi\/malas-recznie-robione-koraliki-modlitewne\/\"]}]},{\"@type\":\"ImageObject\",\"inLanguage\":\"pl-PL\",\"@id\":\"https:\/\/mypalmleaf.com\/pl\/uslugi\/malas-recznie-robione-koraliki-modlitewne\/#primaryimage\",\"url\":\"https:\/\/mypalmleaf.com\/wp-content\/uploads\/2024\/09\/mala.jpg\",\"contentUrl\":\"https:\/\/mypalmleaf.com\/wp-content\/uploads\/2024\/09\/mala.jpg\",\"width\":1280,\"height\":720,\"caption\":\"mala\"},{\"@type\":\"BreadcrumbList\",\"@id\":\"https:\/\/mypalmleaf.com\/pl\/uslugi\/malas-recznie-robione-koraliki-modlitewne\/#breadcrumb\",\"itemListElement\":[{\"@type\":\"ListItem\",\"position\":1,\"name\":\"Home\",\"item\":\"https:\/\/mypalmleaf.com\/pl\/\"},{\"@type\":\"ListItem\",\"position\":2,\"name\":\"Shop\",\"item\":\"https:\/\/mypalmleaf.com\/et\/shop\/\"},{\"@type\":\"ListItem\",\"position\":3,\"name\":\"Malas &#8211; r\u0119cznie robione koraliki modlitewne\"}]},{\"@type\":\"WebSite\",\"@id\":\"https:\/\/mypalmleaf.com\/#website\",\"url\":\"https:\/\/mypalmleaf.com\/\",\"name\":\"My Palm Leaf\",\"description\":\"\",\"potentialAction\":[{\"@type\":\"SearchAction\",\"target\":{\"@type\":\"EntryPoint\",\"urlTemplate\":\"https:\/\/mypalmleaf.com\/?s={search_term_string}\"},\"query-input\":{\"@type\":\"PropertyValueSpecification\",\"valueRequired\":true,\"valueName\":\"search_term_string\"}}],\"inLanguage\":\"pl-PL\"}]}<\/script>\n<!-- \/ Yoast SEO plugin. -->","yoast_head_json":{"title":"Malas - r\u0119cznie robione koraliki modlitewne - My Palm Leaf","description":"R\u0119cznie tworzone malas do medytacji i modlitwy. Tradycyjne koraliki wspieraj\u0105ce duchow\u0105 praktyk\u0119 i wewn\u0119trzny spok\u00f3j.","robots":{"index":"index","follow":"follow","max-snippet":"max-snippet:-1","max-image-preview":"max-image-preview:large","max-video-preview":"max-video-preview:-1"},"canonical":"https:\/\/mypalmleaf.com\/pl\/uslugi\/malas-recznie-robione-koraliki-modlitewne\/","og_locale":"pl_PL","og_type":"article","og_title":"Malas - r\u0119cznie robione koraliki modlitewne - My Palm Leaf","og_description":"R\u0119cznie tworzone malas do medytacji i modlitwy. Tradycyjne koraliki wspieraj\u0105ce duchow\u0105 praktyk\u0119 i wewn\u0119trzny spok\u00f3j.","og_url":"https:\/\/mypalmleaf.com\/pl\/uslugi\/malas-recznie-robione-koraliki-modlitewne\/","og_site_name":"My Palm Leaf","article_modified_time":"2025-04-29T07:58:33+00:00","og_image":[{"width":1280,"height":720,"url":"https:\/\/mypalmleaf.com\/wp-content\/uploads\/2024\/09\/mala.jpg","type":"image\/jpeg"}],"twitter_card":"summary_large_image","twitter_misc":{"Szacowany czas czytania":"2 minuty"},"schema":{"@context":"https:\/\/schema.org","@graph":[{"@type":"WebPage","@id":"https:\/\/mypalmleaf.com\/pl\/uslugi\/malas-recznie-robione-koraliki-modlitewne\/","url":"https:\/\/mypalmleaf.com\/pl\/uslugi\/malas-recznie-robione-koraliki-modlitewne\/","name":"Malas - r\u0119cznie robione koraliki modlitewne - My Palm Leaf","isPartOf":{"@id":"https:\/\/mypalmleaf.com\/#website"},"primaryImageOfPage":{"@id":"https:\/\/mypalmleaf.com\/pl\/uslugi\/malas-recznie-robione-koraliki-modlitewne\/#primaryimage"},"image":{"@id":"https:\/\/mypalmleaf.com\/pl\/uslugi\/malas-recznie-robione-koraliki-modlitewne\/#primaryimage"},"thumbnailUrl":"https:\/\/mypalmleaf.com\/wp-content\/uploads\/2024\/09\/mala.jpg","datePublished":"2024-09-04T10:44:34+00:00","dateModified":"2025-04-29T07:58:33+00:00","description":"R\u0119cznie tworzone malas do medytacji i modlitwy. Tradycyjne koraliki wspieraj\u0105ce duchow\u0105 praktyk\u0119 i wewn\u0119trzny spok\u00f3j.","breadcrumb":{"@id":"https:\/\/mypalmleaf.com\/pl\/uslugi\/malas-recznie-robione-koraliki-modlitewne\/#breadcrumb"},"inLanguage":"pl-PL","potentialAction":[{"@type":"ReadAction","target":["https:\/\/mypalmleaf.com\/pl\/uslugi\/malas-recznie-robione-koraliki-modlitewne\/"]}]},{"@type":"ImageObject","inLanguage":"pl-PL","@id":"https:\/\/mypalmleaf.com\/pl\/uslugi\/malas-recznie-robione-koraliki-modlitewne\/#primaryimage","url":"https:\/\/mypalmleaf.com\/wp-content\/uploads\/2024\/09\/mala.jpg","contentUrl":"https:\/\/mypalmleaf.com\/wp-content\/uploads\/2024\/09\/mala.jpg","width":1280,"height":720,"caption":"mala"},{"@type":"BreadcrumbList","@id":"https:\/\/mypalmleaf.com\/pl\/uslugi\/malas-recznie-robione-koraliki-modlitewne\/#breadcrumb","itemListElement":[{"@type":"ListItem","position":1,"name":"Home","item":"https:\/\/mypalmleaf.com\/pl\/"},{"@type":"ListItem","position":2,"name":"Shop","item":"https:\/\/mypalmleaf.com\/et\/shop\/"},{"@type":"ListItem","position":3,"name":"Malas &#8211; r\u0119cznie robione koraliki modlitewne"}]},{"@type":"WebSite","@id":"https:\/\/mypalmleaf.com\/#website","url":"https:\/\/mypalmleaf.com\/","name":"My Palm Leaf","description":"","potentialAction":[{"@type":"SearchAction","target":{"@type":"EntryPoint","urlTemplate":"https:\/\/mypalmleaf.com\/?s={search_term_string}"},"query-input":{"@type":"PropertyValueSpecification","valueRequired":true,"valueName":"search_term_string"}}],"inLanguage":"pl-PL"}]}},"_links":{"self":[{"href":"https:\/\/mypalmleaf.com\/pl\/wp-json\/wp\/v2\/product\/30164","targetHints":{"allow":["GET"]}}],"collection":[{"href":"https:\/\/mypalmleaf.com\/pl\/wp-json\/wp\/v2\/product"}],"about":[{"href":"https:\/\/mypalmleaf.com\/pl\/wp-json\/wp\/v2\/types\/product"}],"replies":[{"embeddable":true,"href":"https:\/\/mypalmleaf.com\/pl\/wp-json\/wp\/v2\/comments?post=30164"}],"wp:featuredmedia":[{"embeddable":true,"href":"https:\/\/mypalmleaf.com\/pl\/wp-json\/wp\/v2\/media\/4189"}],"wp:attachment":[{"href":"https:\/\/mypalmleaf.com\/pl\/wp-json\/wp\/v2\/media?parent=30164"}],"wp:term":[{"taxonomy":"product_brand","embeddable":true,"href":"https:\/\/mypalmleaf.com\/pl\/wp-json\/wp\/v2\/product_brand?post=30164"},{"taxonomy":"product_cat","embeddable":true,"href":"https:\/\/mypalmleaf.com\/pl\/wp-json\/wp\/v2\/product_cat?post=30164"},{"taxonomy":"product_tag","embeddable":true,"href":"https:\/\/mypalmleaf.com\/pl\/wp-json\/wp\/v2\/product_tag?post=30164"}],"curies":[{"name":"wp","href":"https:\/\/api.w.org\/{rel}","templated":true}]}}