
{"id":30169,"date":"2024-09-04T10:46:48","date_gmt":"2024-09-04T10:46:48","guid":{"rendered":"https:\/\/mypalmleaf.com\/prices\/uzyskaj-transkrypcje-i-podsumowanie-odczytu-z-lisci-palmowych\/"},"modified":"2025-04-02T07:04:09","modified_gmt":"2025-04-02T07:04:09","slug":"uzyskaj-transkrypcje-i-podsumowanie-odczytu-z-lisci-palmowych","status":"publish","type":"product","link":"https:\/\/mypalmleaf.com\/pl\/uslugi\/uzyskaj-transkrypcje-i-podsumowanie-odczytu-z-lisci-palmowych\/","title":{"rendered":"Uzyskaj transkrypcj\u0119 i podsumowanie odczytu z li\u015bci palmowych."},"content":{"rendered":"<p>Dokonamy transkrypcji, edycji i podsumowania odczytu Li\u015bci Palmowych i z\u0142o\u017cymy go w \u0142atwy do odczytania, dobrze ustrukturyzowany tekst.<\/p>\n<p>Jest to bardzo pomocne w zintegrowaniu czytania i sprawdzeniu jego tre\u015bci bez konieczno\u015bci ponownego ods\u0142uchiwania ca\u0142ego nagrania.<\/p>\n<p>Zawiera r\u00f3wnie\u017c dodatkowe wyja\u015bnienia.<\/p>\n<p>NIE jest mo\u017cliwe zarezerwowanie tej us\u0142ugi bez uprzedniego odczytania li\u015bcia palmowego.<\/p>\n<p>Wybierz poni\u017cej, czy chcesz, aby Tw\u00f3j og\u00f3lny rozdzia\u0142 zosta\u0142 przepisany, czy chcesz przeczyta\u0107 dodatkowe rozdzia\u0142y.<\/p>\n","protected":false},"excerpt":{"rendered":"<p>Dokonamy transkrypcji, edycji i podsumowania odczytu Palm Leaf i z\u0142o\u017cymy go w \u0142atwy do odczytania, dobrze ustrukturyzowany tekst.<br \/>\nJest to mo\u017cliwe tylko po przeprowadzeniu odczytu Palm Leaf&#8230;<\/p>\n","protected":false},"featured_media":9968,"comment_status":"open","ping_status":"closed","template":"","meta":{"_acf_changed":false},"product_brand":[],"product_cat":[296],"product_tag":[],"class_list":{"0":"post-30169","1":"product","2":"type-product","3":"status-publish","4":"has-post-thumbnail","6":"product_cat-uncategorized-pl","8":"first","9":"instock","10":"virtual","11":"taxable","12":"purchasable","13":"product-type-simple"},"exclude_global_add_ons":false,"addons":[{"name":"Rozdzia\u0142 og\u00f3lny","type":"checkbox","position":0,"required":false,"title_format":"label","description_enable":true,"description":"General Chapter","placeholder_enable":false,"placeholder":"","display":"select","restrictions_type":"any_text","adjust_price":false,"price":"","price_type":"flat_fee","restrictions":false,"min":0,"max":0,"options":[{"label":"Angielski","price":"59","price_type":"flat_fee","image":0},{"label":"Niemiecki","price":"99","price_type":"flat_fee","image":0},{"label":"Japo\u0144ski","price":"99","price_type":"flat_fee","image":0},{"label":"W\u0142oski","price":"99","price_type":"flat_fee","image":0},{"label":"Rosyjski","price":"99","price_type":"flat_fee","image":0},{"label":"Francuski","price":"99","price_type":"flat_fee","image":0},{"label":"Hiszpa\u0144ski","price":"99","price_type":"flat_fee","image":0}],"id":1731263144},{"name":"Dodatkowe rozdzia\u0142y","type":"checkbox","position":1,"required":false,"title_format":"label","description_enable":true,"description":"Additional Chapters","placeholder_enable":false,"placeholder":"","display":"select","restrictions_type":"any_text","adjust_price":false,"price":"","price_type":"flat_fee","restrictions":false,"min":0,"max":0,"options":[{"label":"Angielski","price":"18","price_type":"flat_fee","image":0},{"label":"Niemiecki","price":"27","price_type":"flat_fee","image":0},{"label":"Japo\u0144ski","price":"27","price_type":"flat_fee","image":0},{"label":"W\u0142oski","price":"27","price_type":"flat_fee","image":0},{"label":"Rosyjski","price":"27","price_type":"flat_fee","image":0},{"label":"Francuski","price":"27","price_type":"flat_fee","image":0},{"label":"Hiszpa\u0144ski","price":"27","price_type":"flat_fee","image":0}],"id":1731263145},{"name":"Liczba rozdzia\u0142\u00f3w","type":"checkbox","position":2,"required":false,"title_format":"label","description_enable":true,"description":"No of Chapters","placeholder_enable":false,"placeholder":"","display":"select","restrictions_type":"any_text","adjust_price":false,"price":"","price_type":"flat_fee","restrictions":false,"min":0,"max":0,"options":[{"label":"1","price":"","price_type":"flat_fee","image":0},{"label":"2","price":"","price_type":"flat_fee","image":0},{"label":"3","price":"","price_type":"flat_fee","image":0},{"label":"4","price":"","price_type":"flat_fee","image":0},{"label":"5","price":"","price_type":"flat_fee","image":0},{"label":"6","price":"","price_type":"flat_fee","image":0},{"label":"7","price":"","price_type":"flat_fee","image":0},{"label":"8","price":"","price_type":"flat_fee","image":0},{"label":"9","price":"","price_type":"flat_fee","image":0},{"label":"10","price":"","price_type":"flat_fee","image":0},{"label":"11","price":"","price_type":"flat_fee","image":0},{"label":"12","price":"","price_type":"flat_fee","image":0},{"label":"13","price":"","price_type":"flat_fee","image":0},{"label":"14","price":"","price_type":"flat_fee","image":0},{"label":"15","price":"","price_type":"flat_fee","image":0}],"id":1731263146}],"acf":[],"yoast_head":"<!-- This site is optimized with the Yoast SEO plugin v26.4 - https:\/\/yoast.com\/wordpress\/plugins\/seo\/ -->\n<title>Transkrypcja i podsumowanie odczytu | My Palm Leaf&quot;<\/title>\n<meta name=\"description\" content=\"Zam\u00f3w transkrypcj\u0119 i podsumowanie odczytu, by m\u00f3c wraca\u0107 do jego tre\u015bci i lepiej zintegrowa\u0107 duchowe wskaz\u00f3wki.\" \/>\n<meta name=\"robots\" content=\"index, follow, max-snippet:-1, max-image-preview:large, max-video-preview:-1\" \/>\n<link rel=\"canonical\" href=\"https:\/\/mypalmleaf.com\/pl\/uslugi\/uzyskaj-transkrypcje-i-podsumowanie-odczytu-z-lisci-palmowych\/\" \/>\n<meta property=\"og:locale\" content=\"pl_PL\" \/>\n<meta property=\"og:type\" content=\"article\" \/>\n<meta property=\"og:title\" content=\"Transkrypcja i podsumowanie odczytu | My Palm Leaf&quot;\" \/>\n<meta property=\"og:description\" content=\"Zam\u00f3w transkrypcj\u0119 i podsumowanie odczytu, by m\u00f3c wraca\u0107 do jego tre\u015bci i lepiej zintegrowa\u0107 duchowe wskaz\u00f3wki.\" \/>\n<meta property=\"og:url\" content=\"https:\/\/mypalmleaf.com\/pl\/uslugi\/uzyskaj-transkrypcje-i-podsumowanie-odczytu-z-lisci-palmowych\/\" \/>\n<meta property=\"og:site_name\" content=\"My Palm Leaf\" \/>\n<meta property=\"article:modified_time\" content=\"2025-04-02T07:04:09+00:00\" \/>\n<meta property=\"og:image\" content=\"https:\/\/mypalmleaf.com\/wp-content\/uploads\/2024\/09\/mantra-product-page-4-1.jpg\" \/>\n\t<meta property=\"og:image:width\" content=\"800\" \/>\n\t<meta property=\"og:image:height\" content=\"444\" \/>\n\t<meta property=\"og:image:type\" content=\"image\/jpeg\" \/>\n<meta name=\"twitter:card\" content=\"summary_large_image\" \/>\n<meta name=\"twitter:label1\" content=\"Szacowany czas czytania\" \/>\n\t<meta name=\"twitter:data1\" content=\"1 minuta\" \/>\n<script type=\"application\/ld+json\" class=\"yoast-schema-graph\">{\"@context\":\"https:\/\/schema.org\",\"@graph\":[{\"@type\":\"WebPage\",\"@id\":\"https:\/\/mypalmleaf.com\/pl\/uslugi\/uzyskaj-transkrypcje-i-podsumowanie-odczytu-z-lisci-palmowych\/\",\"url\":\"https:\/\/mypalmleaf.com\/pl\/uslugi\/uzyskaj-transkrypcje-i-podsumowanie-odczytu-z-lisci-palmowych\/\",\"name\":\"Transkrypcja i podsumowanie odczytu | My Palm Leaf\\\"\",\"isPartOf\":{\"@id\":\"https:\/\/mypalmleaf.com\/#website\"},\"primaryImageOfPage\":{\"@id\":\"https:\/\/mypalmleaf.com\/pl\/uslugi\/uzyskaj-transkrypcje-i-podsumowanie-odczytu-z-lisci-palmowych\/#primaryimage\"},\"image\":{\"@id\":\"https:\/\/mypalmleaf.com\/pl\/uslugi\/uzyskaj-transkrypcje-i-podsumowanie-odczytu-z-lisci-palmowych\/#primaryimage\"},\"thumbnailUrl\":\"https:\/\/mypalmleaf.com\/wp-content\/uploads\/2024\/09\/mantra-product-page-4-1.jpg\",\"datePublished\":\"2024-09-04T10:46:48+00:00\",\"dateModified\":\"2025-04-02T07:04:09+00:00\",\"description\":\"Zam\u00f3w transkrypcj\u0119 i podsumowanie odczytu, by m\u00f3c wraca\u0107 do jego tre\u015bci i lepiej zintegrowa\u0107 duchowe wskaz\u00f3wki.\",\"breadcrumb\":{\"@id\":\"https:\/\/mypalmleaf.com\/pl\/uslugi\/uzyskaj-transkrypcje-i-podsumowanie-odczytu-z-lisci-palmowych\/#breadcrumb\"},\"inLanguage\":\"pl-PL\",\"potentialAction\":[{\"@type\":\"ReadAction\",\"target\":[\"https:\/\/mypalmleaf.com\/pl\/uslugi\/uzyskaj-transkrypcje-i-podsumowanie-odczytu-z-lisci-palmowych\/\"]}]},{\"@type\":\"ImageObject\",\"inLanguage\":\"pl-PL\",\"@id\":\"https:\/\/mypalmleaf.com\/pl\/uslugi\/uzyskaj-transkrypcje-i-podsumowanie-odczytu-z-lisci-palmowych\/#primaryimage\",\"url\":\"https:\/\/mypalmleaf.com\/wp-content\/uploads\/2024\/09\/mantra-product-page-4-1.jpg\",\"contentUrl\":\"https:\/\/mypalmleaf.com\/wp-content\/uploads\/2024\/09\/mantra-product-page-4-1.jpg\",\"width\":800,\"height\":444,\"caption\":\"Envelope\"},{\"@type\":\"BreadcrumbList\",\"@id\":\"https:\/\/mypalmleaf.com\/pl\/uslugi\/uzyskaj-transkrypcje-i-podsumowanie-odczytu-z-lisci-palmowych\/#breadcrumb\",\"itemListElement\":[{\"@type\":\"ListItem\",\"position\":1,\"name\":\"Home\",\"item\":\"https:\/\/mypalmleaf.com\/pl\/\"},{\"@type\":\"ListItem\",\"position\":2,\"name\":\"Shop\",\"item\":\"https:\/\/mypalmleaf.com\/et\/shop\/\"},{\"@type\":\"ListItem\",\"position\":3,\"name\":\"Uzyskaj transkrypcj\u0119 i podsumowanie odczytu z li\u015bci palmowych.\"}]},{\"@type\":\"WebSite\",\"@id\":\"https:\/\/mypalmleaf.com\/#website\",\"url\":\"https:\/\/mypalmleaf.com\/\",\"name\":\"My Palm Leaf\",\"description\":\"\",\"potentialAction\":[{\"@type\":\"SearchAction\",\"target\":{\"@type\":\"EntryPoint\",\"urlTemplate\":\"https:\/\/mypalmleaf.com\/?s={search_term_string}\"},\"query-input\":{\"@type\":\"PropertyValueSpecification\",\"valueRequired\":true,\"valueName\":\"search_term_string\"}}],\"inLanguage\":\"pl-PL\"}]}<\/script>\n<!-- \/ Yoast SEO plugin. -->","yoast_head_json":{"title":"Transkrypcja i podsumowanie odczytu | My Palm Leaf\"","description":"Zam\u00f3w transkrypcj\u0119 i podsumowanie odczytu, by m\u00f3c wraca\u0107 do jego tre\u015bci i lepiej zintegrowa\u0107 duchowe wskaz\u00f3wki.","robots":{"index":"index","follow":"follow","max-snippet":"max-snippet:-1","max-image-preview":"max-image-preview:large","max-video-preview":"max-video-preview:-1"},"canonical":"https:\/\/mypalmleaf.com\/pl\/uslugi\/uzyskaj-transkrypcje-i-podsumowanie-odczytu-z-lisci-palmowych\/","og_locale":"pl_PL","og_type":"article","og_title":"Transkrypcja i podsumowanie odczytu | My Palm Leaf\"","og_description":"Zam\u00f3w transkrypcj\u0119 i podsumowanie odczytu, by m\u00f3c wraca\u0107 do jego tre\u015bci i lepiej zintegrowa\u0107 duchowe wskaz\u00f3wki.","og_url":"https:\/\/mypalmleaf.com\/pl\/uslugi\/uzyskaj-transkrypcje-i-podsumowanie-odczytu-z-lisci-palmowych\/","og_site_name":"My Palm Leaf","article_modified_time":"2025-04-02T07:04:09+00:00","og_image":[{"width":800,"height":444,"url":"https:\/\/mypalmleaf.com\/wp-content\/uploads\/2024\/09\/mantra-product-page-4-1.jpg","type":"image\/jpeg"}],"twitter_card":"summary_large_image","twitter_misc":{"Szacowany czas czytania":"1 minuta"},"schema":{"@context":"https:\/\/schema.org","@graph":[{"@type":"WebPage","@id":"https:\/\/mypalmleaf.com\/pl\/uslugi\/uzyskaj-transkrypcje-i-podsumowanie-odczytu-z-lisci-palmowych\/","url":"https:\/\/mypalmleaf.com\/pl\/uslugi\/uzyskaj-transkrypcje-i-podsumowanie-odczytu-z-lisci-palmowych\/","name":"Transkrypcja i podsumowanie odczytu | My Palm Leaf\"","isPartOf":{"@id":"https:\/\/mypalmleaf.com\/#website"},"primaryImageOfPage":{"@id":"https:\/\/mypalmleaf.com\/pl\/uslugi\/uzyskaj-transkrypcje-i-podsumowanie-odczytu-z-lisci-palmowych\/#primaryimage"},"image":{"@id":"https:\/\/mypalmleaf.com\/pl\/uslugi\/uzyskaj-transkrypcje-i-podsumowanie-odczytu-z-lisci-palmowych\/#primaryimage"},"thumbnailUrl":"https:\/\/mypalmleaf.com\/wp-content\/uploads\/2024\/09\/mantra-product-page-4-1.jpg","datePublished":"2024-09-04T10:46:48+00:00","dateModified":"2025-04-02T07:04:09+00:00","description":"Zam\u00f3w transkrypcj\u0119 i podsumowanie odczytu, by m\u00f3c wraca\u0107 do jego tre\u015bci i lepiej zintegrowa\u0107 duchowe wskaz\u00f3wki.","breadcrumb":{"@id":"https:\/\/mypalmleaf.com\/pl\/uslugi\/uzyskaj-transkrypcje-i-podsumowanie-odczytu-z-lisci-palmowych\/#breadcrumb"},"inLanguage":"pl-PL","potentialAction":[{"@type":"ReadAction","target":["https:\/\/mypalmleaf.com\/pl\/uslugi\/uzyskaj-transkrypcje-i-podsumowanie-odczytu-z-lisci-palmowych\/"]}]},{"@type":"ImageObject","inLanguage":"pl-PL","@id":"https:\/\/mypalmleaf.com\/pl\/uslugi\/uzyskaj-transkrypcje-i-podsumowanie-odczytu-z-lisci-palmowych\/#primaryimage","url":"https:\/\/mypalmleaf.com\/wp-content\/uploads\/2024\/09\/mantra-product-page-4-1.jpg","contentUrl":"https:\/\/mypalmleaf.com\/wp-content\/uploads\/2024\/09\/mantra-product-page-4-1.jpg","width":800,"height":444,"caption":"Envelope"},{"@type":"BreadcrumbList","@id":"https:\/\/mypalmleaf.com\/pl\/uslugi\/uzyskaj-transkrypcje-i-podsumowanie-odczytu-z-lisci-palmowych\/#breadcrumb","itemListElement":[{"@type":"ListItem","position":1,"name":"Home","item":"https:\/\/mypalmleaf.com\/pl\/"},{"@type":"ListItem","position":2,"name":"Shop","item":"https:\/\/mypalmleaf.com\/et\/shop\/"},{"@type":"ListItem","position":3,"name":"Uzyskaj transkrypcj\u0119 i podsumowanie odczytu z li\u015bci palmowych."}]},{"@type":"WebSite","@id":"https:\/\/mypalmleaf.com\/#website","url":"https:\/\/mypalmleaf.com\/","name":"My Palm Leaf","description":"","potentialAction":[{"@type":"SearchAction","target":{"@type":"EntryPoint","urlTemplate":"https:\/\/mypalmleaf.com\/?s={search_term_string}"},"query-input":{"@type":"PropertyValueSpecification","valueRequired":true,"valueName":"search_term_string"}}],"inLanguage":"pl-PL"}]}},"_links":{"self":[{"href":"https:\/\/mypalmleaf.com\/pl\/wp-json\/wp\/v2\/product\/30169","targetHints":{"allow":["GET"]}}],"collection":[{"href":"https:\/\/mypalmleaf.com\/pl\/wp-json\/wp\/v2\/product"}],"about":[{"href":"https:\/\/mypalmleaf.com\/pl\/wp-json\/wp\/v2\/types\/product"}],"replies":[{"embeddable":true,"href":"https:\/\/mypalmleaf.com\/pl\/wp-json\/wp\/v2\/comments?post=30169"}],"wp:featuredmedia":[{"embeddable":true,"href":"https:\/\/mypalmleaf.com\/pl\/wp-json\/wp\/v2\/media\/9968"}],"wp:attachment":[{"href":"https:\/\/mypalmleaf.com\/pl\/wp-json\/wp\/v2\/media?parent=30169"}],"wp:term":[{"taxonomy":"product_brand","embeddable":true,"href":"https:\/\/mypalmleaf.com\/pl\/wp-json\/wp\/v2\/product_brand?post=30169"},{"taxonomy":"product_cat","embeddable":true,"href":"https:\/\/mypalmleaf.com\/pl\/wp-json\/wp\/v2\/product_cat?post=30169"},{"taxonomy":"product_tag","embeddable":true,"href":"https:\/\/mypalmleaf.com\/pl\/wp-json\/wp\/v2\/product_tag?post=30169"}],"curies":[{"name":"wp","href":"https:\/\/api.w.org\/{rel}","templated":true}]}}