
{"id":30177,"date":"2024-09-04T10:59:13","date_gmt":"2024-09-04T10:59:13","guid":{"rendered":"https:\/\/mypalmleaf.com\/prices\/athma-shanthi-puja-specjalny-rytual-pomagajacy-duszy-zmarlej-osoby-odpoczac-w-pokoju\/"},"modified":"2025-08-04T13:14:22","modified_gmt":"2025-08-04T13:14:22","slug":"athma-shanthi-puja-specjalny-rytual-pomagajacy-duszy-zmarlej-osoby-odpoczac-w-pokoju","status":"publish","type":"product","link":"https:\/\/mypalmleaf.com\/pl\/uslugi\/athma-shanthi-puja-specjalny-rytual-pomagajacy-duszy-zmarlej-osoby-odpoczac-w-pokoju\/","title":{"rendered":"Atma Shanti Pooja &#8211; \u015awi\u0119ta ofiara dla pokoju zmar\u0142ych dusz"},"content":{"rendered":"<p><strong>Atma Shanti Pooja<\/strong><br \/>\n\u015awi\u0119ty rytua\u0142 maj\u0105cy na celu uhonorowanie i wsparcie duszy ukochanej osoby, kt\u00f3ra odesz\u0142a.<\/p>\n<p>Atma Shanti Pooja to g\u0142\u0119boko znacz\u0105ca wedyjska ceremonia wykonywana w celu przyniesienia spokoju duszy kogo\u015b, kto odszed\u0142 &#8211; zw\u0142aszcza je\u015bli jego odej\u015bcie by\u0142o nag\u0142e, niespodziewane lub emocjonalnie nierozwi\u0105zane.<\/p>\n<p>Niezale\u017cnie od tego, czy \u015bmier\u0107 nast\u0105pi\u0142a niedawno, czy dawno temu, ta pooja oferuje duchowe wsparcie dla podr\u00f3\u017cy duszy, pomagaj\u0105c jej w d\u0105\u017ceniu do uzdrowienia, rozwi\u0105zania i pokoju. Mo\u017cna j\u0105 wykonywa\u0107 wielokrotnie w ci\u0105gu ca\u0142ego \u017cycia, aby stale wspiera\u0107 podr\u00f3\u017c duszy. <\/p>\n<p><strong>W\u0142\u0105czenia:<\/strong><\/p>\n<ul>\n<li>Tradycyjna Atma Shanti Pooja wykonywana przez do\u015bwiadczonych kap\u0142an\u00f3w wedyjskich<\/li>\n<li>Wyb\u00f3r daty, kt\u00f3ra ma dla Ciebie najwi\u0119ksze znaczenie<\/li>\n<li>Mo\u017cliwo\u015b\u0107 do\u0142\u0105czenia do pud\u017cy na \u017cywo przez Zoom<\/li>\n<li>Nagranie wideo ca\u0142ego rytua\u0142u<\/li>\n<li>Delikatne wsparcie i komunikacja ze strony naszego zespo\u0142u przez ca\u0142y czas<\/li>\n<\/ul>\n<p>Ka\u017cdego roku jest specjalny okres zwany Pitru Paksha, w kt\u00f3rym wykonywanie Atma Shanti Pooja jest uwa\u017cane za szczeg\u00f3lnie pot\u0119\u017cne i maj\u0105ce duchowy wp\u0142yw.<\/p>\n<p>W tym roku okres Pitru Paksha przypada mi\u0119dzy 7 wrze\u015bnia a 21 wrze\u015bnia 2025 roku. Wi\u0119cej na ten temat mo\u017cna przeczyta\u0107 <a href=\"https:\/\/mypalmleaf.com\/zh-hans\/pitru-paksha-2025\/\">tutaj<\/a>. <\/p>\n","protected":false},"excerpt":{"rendered":"<p>Atma Shanti Pooja to g\u0142\u0119boko znacz\u0105ca wedyjska ceremonia wykonywana w celu przyniesienia spokoju duszy kogo\u015b, kto odszed\u0142 &#8211; zw\u0142aszcza je\u015bli jego odej\u015bcie by\u0142o nag\u0142e, niespodziewane lub emocjonalnie nierozwi\u0105zane.<\/p>\n","protected":false},"featured_media":9948,"comment_status":"open","ping_status":"closed","template":"","meta":{"_acf_changed":false},"product_brand":[],"product_cat":[296],"product_tag":[],"class_list":{"0":"post-30177","1":"product","2":"type-product","3":"status-publish","4":"has-post-thumbnail","6":"product_cat-uncategorized-pl","8":"first","9":"instock","10":"virtual","11":"purchasable","12":"product-type-simple"},"exclude_global_add_ons":[],"addons":[],"acf":[],"yoast_head":"<!-- This site is optimized with the Yoast SEO plugin v26.4 - https:\/\/yoast.com\/wordpress\/plugins\/seo\/ -->\n<title>Athma Shanthi Pooja - \u015awi\u0119ty rytua\u0142 dla pokoju naszych przodk\u00f3w<\/title>\n<meta name=\"description\" content=\"Wykonaj Athma Shanthi Puja, aby pom\u00f3c duszy ukochanej osoby spoczywa\u0107 w pokoju. Ten wyj\u0105tkowy rytua\u0142 przeznaczony jest dla tych, kt\u00f3rzy odeszli niespodziewanie. Dost\u0119pny za po\u015brednictwem transmisji na \u017cywo.\" \/>\n<meta name=\"robots\" content=\"index, follow, max-snippet:-1, max-image-preview:large, max-video-preview:-1\" \/>\n<link rel=\"canonical\" href=\"https:\/\/mypalmleaf.com\/pl\/uslugi\/athma-shanthi-puja-specjalny-rytual-pomagajacy-duszy-zmarlej-osoby-odpoczac-w-pokoju\/\" \/>\n<meta property=\"og:locale\" content=\"pl_PL\" \/>\n<meta property=\"og:type\" content=\"article\" \/>\n<meta property=\"og:title\" content=\"Athma Shanthi Pooja - \u015awi\u0119ty rytua\u0142 dla pokoju naszych przodk\u00f3w\" \/>\n<meta property=\"og:description\" content=\"Wykonaj Athma Shanthi Puja, aby pom\u00f3c duszy ukochanej osoby spoczywa\u0107 w pokoju. Ten wyj\u0105tkowy rytua\u0142 przeznaczony jest dla tych, kt\u00f3rzy odeszli niespodziewanie. Dost\u0119pny za po\u015brednictwem transmisji na \u017cywo.\" \/>\n<meta property=\"og:url\" content=\"https:\/\/mypalmleaf.com\/pl\/uslugi\/athma-shanthi-puja-specjalny-rytual-pomagajacy-duszy-zmarlej-osoby-odpoczac-w-pokoju\/\" \/>\n<meta property=\"og:site_name\" content=\"My Palm Leaf\" \/>\n<meta property=\"article:modified_time\" content=\"2025-08-04T13:14:22+00:00\" \/>\n<meta property=\"og:image\" content=\"https:\/\/mypalmleaf.com\/wp-content\/uploads\/2024\/09\/mantra-product-page-3-1.jpg\" \/>\n\t<meta property=\"og:image:width\" content=\"800\" \/>\n\t<meta property=\"og:image:height\" content=\"444\" \/>\n\t<meta property=\"og:image:type\" content=\"image\/jpeg\" \/>\n<meta name=\"twitter:card\" content=\"summary_large_image\" \/>\n<meta name=\"twitter:label1\" content=\"Szacowany czas czytania\" \/>\n\t<meta name=\"twitter:data1\" content=\"1 minuta\" \/>\n<script type=\"application\/ld+json\" class=\"yoast-schema-graph\">{\"@context\":\"https:\/\/schema.org\",\"@graph\":[{\"@type\":\"WebPage\",\"@id\":\"https:\/\/mypalmleaf.com\/pl\/uslugi\/athma-shanthi-puja-specjalny-rytual-pomagajacy-duszy-zmarlej-osoby-odpoczac-w-pokoju\/\",\"url\":\"https:\/\/mypalmleaf.com\/pl\/uslugi\/athma-shanthi-puja-specjalny-rytual-pomagajacy-duszy-zmarlej-osoby-odpoczac-w-pokoju\/\",\"name\":\"Athma Shanthi Pooja - \u015awi\u0119ty rytua\u0142 dla pokoju naszych przodk\u00f3w\",\"isPartOf\":{\"@id\":\"https:\/\/mypalmleaf.com\/#website\"},\"primaryImageOfPage\":{\"@id\":\"https:\/\/mypalmleaf.com\/pl\/uslugi\/athma-shanthi-puja-specjalny-rytual-pomagajacy-duszy-zmarlej-osoby-odpoczac-w-pokoju\/#primaryimage\"},\"image\":{\"@id\":\"https:\/\/mypalmleaf.com\/pl\/uslugi\/athma-shanthi-puja-specjalny-rytual-pomagajacy-duszy-zmarlej-osoby-odpoczac-w-pokoju\/#primaryimage\"},\"thumbnailUrl\":\"https:\/\/mypalmleaf.com\/wp-content\/uploads\/2024\/09\/mantra-product-page-3-1.jpg\",\"datePublished\":\"2024-09-04T10:59:13+00:00\",\"dateModified\":\"2025-08-04T13:14:22+00:00\",\"description\":\"Wykonaj Athma Shanthi Puja, aby pom\u00f3c duszy ukochanej osoby spoczywa\u0107 w pokoju. Ten wyj\u0105tkowy rytua\u0142 przeznaczony jest dla tych, kt\u00f3rzy odeszli niespodziewanie. Dost\u0119pny za po\u015brednictwem transmisji na \u017cywo.\",\"breadcrumb\":{\"@id\":\"https:\/\/mypalmleaf.com\/pl\/uslugi\/athma-shanthi-puja-specjalny-rytual-pomagajacy-duszy-zmarlej-osoby-odpoczac-w-pokoju\/#breadcrumb\"},\"inLanguage\":\"pl-PL\",\"potentialAction\":[{\"@type\":\"ReadAction\",\"target\":[\"https:\/\/mypalmleaf.com\/pl\/uslugi\/athma-shanthi-puja-specjalny-rytual-pomagajacy-duszy-zmarlej-osoby-odpoczac-w-pokoju\/\"]}]},{\"@type\":\"ImageObject\",\"inLanguage\":\"pl-PL\",\"@id\":\"https:\/\/mypalmleaf.com\/pl\/uslugi\/athma-shanthi-puja-specjalny-rytual-pomagajacy-duszy-zmarlej-osoby-odpoczac-w-pokoju\/#primaryimage\",\"url\":\"https:\/\/mypalmleaf.com\/wp-content\/uploads\/2024\/09\/mantra-product-page-3-1.jpg\",\"contentUrl\":\"https:\/\/mypalmleaf.com\/wp-content\/uploads\/2024\/09\/mantra-product-page-3-1.jpg\",\"width\":800,\"height\":444,\"caption\":\"Homa procedure\"},{\"@type\":\"BreadcrumbList\",\"@id\":\"https:\/\/mypalmleaf.com\/pl\/uslugi\/athma-shanthi-puja-specjalny-rytual-pomagajacy-duszy-zmarlej-osoby-odpoczac-w-pokoju\/#breadcrumb\",\"itemListElement\":[{\"@type\":\"ListItem\",\"position\":1,\"name\":\"Home\",\"item\":\"https:\/\/mypalmleaf.com\/pl\/\"},{\"@type\":\"ListItem\",\"position\":2,\"name\":\"Shop\",\"item\":\"https:\/\/mypalmleaf.com\/et\/shop\/\"},{\"@type\":\"ListItem\",\"position\":3,\"name\":\"Atma Shanti Pooja &#8211; \u015awi\u0119ta ofiara dla pokoju zmar\u0142ych dusz\"}]},{\"@type\":\"WebSite\",\"@id\":\"https:\/\/mypalmleaf.com\/#website\",\"url\":\"https:\/\/mypalmleaf.com\/\",\"name\":\"My Palm Leaf\",\"description\":\"\",\"potentialAction\":[{\"@type\":\"SearchAction\",\"target\":{\"@type\":\"EntryPoint\",\"urlTemplate\":\"https:\/\/mypalmleaf.com\/?s={search_term_string}\"},\"query-input\":{\"@type\":\"PropertyValueSpecification\",\"valueRequired\":true,\"valueName\":\"search_term_string\"}}],\"inLanguage\":\"pl-PL\"}]}<\/script>\n<!-- \/ Yoast SEO plugin. -->","yoast_head_json":{"title":"Athma Shanthi Pooja - \u015awi\u0119ty rytua\u0142 dla pokoju naszych przodk\u00f3w","description":"Wykonaj Athma Shanthi Puja, aby pom\u00f3c duszy ukochanej osoby spoczywa\u0107 w pokoju. Ten wyj\u0105tkowy rytua\u0142 przeznaczony jest dla tych, kt\u00f3rzy odeszli niespodziewanie. Dost\u0119pny za po\u015brednictwem transmisji na \u017cywo.","robots":{"index":"index","follow":"follow","max-snippet":"max-snippet:-1","max-image-preview":"max-image-preview:large","max-video-preview":"max-video-preview:-1"},"canonical":"https:\/\/mypalmleaf.com\/pl\/uslugi\/athma-shanthi-puja-specjalny-rytual-pomagajacy-duszy-zmarlej-osoby-odpoczac-w-pokoju\/","og_locale":"pl_PL","og_type":"article","og_title":"Athma Shanthi Pooja - \u015awi\u0119ty rytua\u0142 dla pokoju naszych przodk\u00f3w","og_description":"Wykonaj Athma Shanthi Puja, aby pom\u00f3c duszy ukochanej osoby spoczywa\u0107 w pokoju. Ten wyj\u0105tkowy rytua\u0142 przeznaczony jest dla tych, kt\u00f3rzy odeszli niespodziewanie. Dost\u0119pny za po\u015brednictwem transmisji na \u017cywo.","og_url":"https:\/\/mypalmleaf.com\/pl\/uslugi\/athma-shanthi-puja-specjalny-rytual-pomagajacy-duszy-zmarlej-osoby-odpoczac-w-pokoju\/","og_site_name":"My Palm Leaf","article_modified_time":"2025-08-04T13:14:22+00:00","og_image":[{"width":800,"height":444,"url":"https:\/\/mypalmleaf.com\/wp-content\/uploads\/2024\/09\/mantra-product-page-3-1.jpg","type":"image\/jpeg"}],"twitter_card":"summary_large_image","twitter_misc":{"Szacowany czas czytania":"1 minuta"},"schema":{"@context":"https:\/\/schema.org","@graph":[{"@type":"WebPage","@id":"https:\/\/mypalmleaf.com\/pl\/uslugi\/athma-shanthi-puja-specjalny-rytual-pomagajacy-duszy-zmarlej-osoby-odpoczac-w-pokoju\/","url":"https:\/\/mypalmleaf.com\/pl\/uslugi\/athma-shanthi-puja-specjalny-rytual-pomagajacy-duszy-zmarlej-osoby-odpoczac-w-pokoju\/","name":"Athma Shanthi Pooja - \u015awi\u0119ty rytua\u0142 dla pokoju naszych przodk\u00f3w","isPartOf":{"@id":"https:\/\/mypalmleaf.com\/#website"},"primaryImageOfPage":{"@id":"https:\/\/mypalmleaf.com\/pl\/uslugi\/athma-shanthi-puja-specjalny-rytual-pomagajacy-duszy-zmarlej-osoby-odpoczac-w-pokoju\/#primaryimage"},"image":{"@id":"https:\/\/mypalmleaf.com\/pl\/uslugi\/athma-shanthi-puja-specjalny-rytual-pomagajacy-duszy-zmarlej-osoby-odpoczac-w-pokoju\/#primaryimage"},"thumbnailUrl":"https:\/\/mypalmleaf.com\/wp-content\/uploads\/2024\/09\/mantra-product-page-3-1.jpg","datePublished":"2024-09-04T10:59:13+00:00","dateModified":"2025-08-04T13:14:22+00:00","description":"Wykonaj Athma Shanthi Puja, aby pom\u00f3c duszy ukochanej osoby spoczywa\u0107 w pokoju. Ten wyj\u0105tkowy rytua\u0142 przeznaczony jest dla tych, kt\u00f3rzy odeszli niespodziewanie. Dost\u0119pny za po\u015brednictwem transmisji na \u017cywo.","breadcrumb":{"@id":"https:\/\/mypalmleaf.com\/pl\/uslugi\/athma-shanthi-puja-specjalny-rytual-pomagajacy-duszy-zmarlej-osoby-odpoczac-w-pokoju\/#breadcrumb"},"inLanguage":"pl-PL","potentialAction":[{"@type":"ReadAction","target":["https:\/\/mypalmleaf.com\/pl\/uslugi\/athma-shanthi-puja-specjalny-rytual-pomagajacy-duszy-zmarlej-osoby-odpoczac-w-pokoju\/"]}]},{"@type":"ImageObject","inLanguage":"pl-PL","@id":"https:\/\/mypalmleaf.com\/pl\/uslugi\/athma-shanthi-puja-specjalny-rytual-pomagajacy-duszy-zmarlej-osoby-odpoczac-w-pokoju\/#primaryimage","url":"https:\/\/mypalmleaf.com\/wp-content\/uploads\/2024\/09\/mantra-product-page-3-1.jpg","contentUrl":"https:\/\/mypalmleaf.com\/wp-content\/uploads\/2024\/09\/mantra-product-page-3-1.jpg","width":800,"height":444,"caption":"Homa procedure"},{"@type":"BreadcrumbList","@id":"https:\/\/mypalmleaf.com\/pl\/uslugi\/athma-shanthi-puja-specjalny-rytual-pomagajacy-duszy-zmarlej-osoby-odpoczac-w-pokoju\/#breadcrumb","itemListElement":[{"@type":"ListItem","position":1,"name":"Home","item":"https:\/\/mypalmleaf.com\/pl\/"},{"@type":"ListItem","position":2,"name":"Shop","item":"https:\/\/mypalmleaf.com\/et\/shop\/"},{"@type":"ListItem","position":3,"name":"Atma Shanti Pooja &#8211; \u015awi\u0119ta ofiara dla pokoju zmar\u0142ych dusz"}]},{"@type":"WebSite","@id":"https:\/\/mypalmleaf.com\/#website","url":"https:\/\/mypalmleaf.com\/","name":"My Palm Leaf","description":"","potentialAction":[{"@type":"SearchAction","target":{"@type":"EntryPoint","urlTemplate":"https:\/\/mypalmleaf.com\/?s={search_term_string}"},"query-input":{"@type":"PropertyValueSpecification","valueRequired":true,"valueName":"search_term_string"}}],"inLanguage":"pl-PL"}]}},"_links":{"self":[{"href":"https:\/\/mypalmleaf.com\/pl\/wp-json\/wp\/v2\/product\/30177","targetHints":{"allow":["GET"]}}],"collection":[{"href":"https:\/\/mypalmleaf.com\/pl\/wp-json\/wp\/v2\/product"}],"about":[{"href":"https:\/\/mypalmleaf.com\/pl\/wp-json\/wp\/v2\/types\/product"}],"replies":[{"embeddable":true,"href":"https:\/\/mypalmleaf.com\/pl\/wp-json\/wp\/v2\/comments?post=30177"}],"wp:featuredmedia":[{"embeddable":true,"href":"https:\/\/mypalmleaf.com\/pl\/wp-json\/wp\/v2\/media\/9948"}],"wp:attachment":[{"href":"https:\/\/mypalmleaf.com\/pl\/wp-json\/wp\/v2\/media?parent=30177"}],"wp:term":[{"taxonomy":"product_brand","embeddable":true,"href":"https:\/\/mypalmleaf.com\/pl\/wp-json\/wp\/v2\/product_brand?post=30177"},{"taxonomy":"product_cat","embeddable":true,"href":"https:\/\/mypalmleaf.com\/pl\/wp-json\/wp\/v2\/product_cat?post=30177"},{"taxonomy":"product_tag","embeddable":true,"href":"https:\/\/mypalmleaf.com\/pl\/wp-json\/wp\/v2\/product_tag?post=30177"}],"curies":[{"name":"wp","href":"https:\/\/api.w.org\/{rel}","templated":true}]}}