
{"id":30178,"date":"2024-09-04T10:56:25","date_gmt":"2024-09-04T10:56:25","guid":{"rendered":"https:\/\/mypalmleaf.com\/prices\/ceremonia-ognia-homa\/"},"modified":"2025-04-17T06:32:43","modified_gmt":"2025-04-17T06:32:43","slug":"ceremonia-ognia-homa","status":"publish","type":"product","link":"https:\/\/mypalmleaf.com\/pl\/uslugi\/ceremonia-ognia-homa\/","title":{"rendered":"Ceremonia ognia &#8211; Homa"},"content":{"rendered":"<div class=\"description\">\n<p>&#8222;Homa&#8221;, ceremonia ognia, jest pot\u0119\u017cnym energetycznym narz\u0119dziem do zapraszania korzystnych energii do swojego \u017cycia i mo\u017ce by\u0107 wykonywana w wielu r\u00f3\u017cnych celach dla siebie lub bliskich. Po zarezerwowaniu ceremonii ognia otrzymasz link do kalendarza, aby wybra\u0107, kiedy chcesz, aby ceremonia zosta\u0142a przeprowadzona. Zostanie ona przeprowadzona przez wyszkolonych kap\u0142an\u00f3w w \u015bwi\u0105tyni w Indiach i b\u0119dzie transmitowana na \u017cywo na Zoom.<\/p>\n<p>Je\u015bli ceremonia ognia by\u0142a zalecana podczas odczytu pisma palmowego, sprawdzimy, kt\u00f3ra konkretna ceremonia by\u0142a zalecana dla Ciebie i poinformujemy o tym kap\u0142ana. Mo\u017cesz zarezerwowa\u0107 ceremoni\u0119 ognia dla siebie lub bliskich r\u00f3wnie\u017c bez wcze\u015bniejszego odczytu li\u015bci palmowych. W takim przypadku zapytamy o cel ceremonii po dokonaniu rezerwacji.<\/p>\n<\/div>\n","protected":false},"excerpt":{"rendered":"<p>&#8222;Homa&#8221;, ceremonia ognia, jest pot\u0119\u017cnym energetycznym narz\u0119dziem do zapraszania korzystnych energii do swojego \u017cycia i mo\u017ce by\u0107 wykonywana w wielu r\u00f3\u017cnych celach dla siebie lub bliskich. Po zarezerwowaniu ceremonii ognia otrzymasz link do kalendarza, aby wybra\u0107, kiedy chcesz, aby ceremonia zosta\u0142a przeprowadzona&#8230;<\/p>\n","protected":false},"featured_media":9909,"comment_status":"open","ping_status":"closed","template":"","meta":{"_acf_changed":false},"product_brand":[],"product_cat":[296],"product_tag":[],"class_list":{"0":"post-30178","1":"product","2":"type-product","3":"status-publish","4":"has-post-thumbnail","6":"product_cat-uncategorized-pl","8":"first","9":"instock","10":"virtual","11":"purchasable","12":"product-type-simple"},"exclude_global_add_ons":[],"addons":[],"acf":[],"yoast_head":"<!-- This site is optimized with the Yoast SEO plugin v26.4 - https:\/\/yoast.com\/wordpress\/plugins\/seo\/ -->\n<title>Ceremonia ognia - Homa - My Palm Leaf<\/title>\n<meta name=\"description\" content=\"Do\u015bwiadcz ceremonii ognia Homa \u2013 g\u0142\u0119bokiej duchowej przemiany, uzdrowienia i wewn\u0119trznego oczyszczenia dzi\u0119ki mocy li\u015bci palmowych. Skontaktuj si\u0119 z nami.\" \/>\n<meta name=\"robots\" content=\"index, follow, max-snippet:-1, max-image-preview:large, max-video-preview:-1\" \/>\n<link rel=\"canonical\" href=\"https:\/\/mypalmleaf.com\/pl\/uslugi\/ceremonia-ognia-homa\/\" \/>\n<meta property=\"og:locale\" content=\"pl_PL\" \/>\n<meta property=\"og:type\" content=\"article\" \/>\n<meta property=\"og:title\" content=\"Ceremonia ognia - Homa - My Palm Leaf\" \/>\n<meta property=\"og:description\" content=\"Do\u015bwiadcz ceremonii ognia Homa \u2013 g\u0142\u0119bokiej duchowej przemiany, uzdrowienia i wewn\u0119trznego oczyszczenia dzi\u0119ki mocy li\u015bci palmowych. Skontaktuj si\u0119 z nami.\" \/>\n<meta property=\"og:url\" content=\"https:\/\/mypalmleaf.com\/pl\/uslugi\/ceremonia-ognia-homa\/\" \/>\n<meta property=\"og:site_name\" content=\"My Palm Leaf\" \/>\n<meta property=\"article:modified_time\" content=\"2025-04-17T06:32:43+00:00\" \/>\n<meta property=\"og:image\" content=\"https:\/\/mypalmleaf.com\/wp-content\/uploads\/2024\/09\/mantra-product-page-2-1.jpg\" \/>\n\t<meta property=\"og:image:width\" content=\"800\" \/>\n\t<meta property=\"og:image:height\" content=\"444\" \/>\n\t<meta property=\"og:image:type\" content=\"image\/jpeg\" \/>\n<meta name=\"twitter:card\" content=\"summary_large_image\" \/>\n<meta name=\"twitter:label1\" content=\"Szacowany czas czytania\" \/>\n\t<meta name=\"twitter:data1\" content=\"1 minuta\" \/>\n<script type=\"application\/ld+json\" class=\"yoast-schema-graph\">{\"@context\":\"https:\/\/schema.org\",\"@graph\":[{\"@type\":\"WebPage\",\"@id\":\"https:\/\/mypalmleaf.com\/pl\/uslugi\/ceremonia-ognia-homa\/\",\"url\":\"https:\/\/mypalmleaf.com\/pl\/uslugi\/ceremonia-ognia-homa\/\",\"name\":\"Ceremonia ognia - Homa - My Palm Leaf\",\"isPartOf\":{\"@id\":\"https:\/\/mypalmleaf.com\/#website\"},\"primaryImageOfPage\":{\"@id\":\"https:\/\/mypalmleaf.com\/pl\/uslugi\/ceremonia-ognia-homa\/#primaryimage\"},\"image\":{\"@id\":\"https:\/\/mypalmleaf.com\/pl\/uslugi\/ceremonia-ognia-homa\/#primaryimage\"},\"thumbnailUrl\":\"https:\/\/mypalmleaf.com\/wp-content\/uploads\/2024\/09\/mantra-product-page-2-1.jpg\",\"datePublished\":\"2024-09-04T10:56:25+00:00\",\"dateModified\":\"2025-04-17T06:32:43+00:00\",\"description\":\"Do\u015bwiadcz ceremonii ognia Homa \u2013 g\u0142\u0119bokiej duchowej przemiany, uzdrowienia i wewn\u0119trznego oczyszczenia dzi\u0119ki mocy li\u015bci palmowych. Skontaktuj si\u0119 z nami.\",\"breadcrumb\":{\"@id\":\"https:\/\/mypalmleaf.com\/pl\/uslugi\/ceremonia-ognia-homa\/#breadcrumb\"},\"inLanguage\":\"pl-PL\",\"potentialAction\":[{\"@type\":\"ReadAction\",\"target\":[\"https:\/\/mypalmleaf.com\/pl\/uslugi\/ceremonia-ognia-homa\/\"]}]},{\"@type\":\"ImageObject\",\"inLanguage\":\"pl-PL\",\"@id\":\"https:\/\/mypalmleaf.com\/pl\/uslugi\/ceremonia-ognia-homa\/#primaryimage\",\"url\":\"https:\/\/mypalmleaf.com\/wp-content\/uploads\/2024\/09\/mantra-product-page-2-1.jpg\",\"contentUrl\":\"https:\/\/mypalmleaf.com\/wp-content\/uploads\/2024\/09\/mantra-product-page-2-1.jpg\",\"width\":800,\"height\":444,\"caption\":\"Homa procedure-1\"},{\"@type\":\"BreadcrumbList\",\"@id\":\"https:\/\/mypalmleaf.com\/pl\/uslugi\/ceremonia-ognia-homa\/#breadcrumb\",\"itemListElement\":[{\"@type\":\"ListItem\",\"position\":1,\"name\":\"Home\",\"item\":\"https:\/\/mypalmleaf.com\/pl\/\"},{\"@type\":\"ListItem\",\"position\":2,\"name\":\"Shop\",\"item\":\"https:\/\/mypalmleaf.com\/et\/shop\/\"},{\"@type\":\"ListItem\",\"position\":3,\"name\":\"Ceremonia ognia &#8211; Homa\"}]},{\"@type\":\"WebSite\",\"@id\":\"https:\/\/mypalmleaf.com\/#website\",\"url\":\"https:\/\/mypalmleaf.com\/\",\"name\":\"My Palm Leaf\",\"description\":\"\",\"potentialAction\":[{\"@type\":\"SearchAction\",\"target\":{\"@type\":\"EntryPoint\",\"urlTemplate\":\"https:\/\/mypalmleaf.com\/?s={search_term_string}\"},\"query-input\":{\"@type\":\"PropertyValueSpecification\",\"valueRequired\":true,\"valueName\":\"search_term_string\"}}],\"inLanguage\":\"pl-PL\"}]}<\/script>\n<!-- \/ Yoast SEO plugin. -->","yoast_head_json":{"title":"Ceremonia ognia - Homa - My Palm Leaf","description":"Do\u015bwiadcz ceremonii ognia Homa \u2013 g\u0142\u0119bokiej duchowej przemiany, uzdrowienia i wewn\u0119trznego oczyszczenia dzi\u0119ki mocy li\u015bci palmowych. Skontaktuj si\u0119 z nami.","robots":{"index":"index","follow":"follow","max-snippet":"max-snippet:-1","max-image-preview":"max-image-preview:large","max-video-preview":"max-video-preview:-1"},"canonical":"https:\/\/mypalmleaf.com\/pl\/uslugi\/ceremonia-ognia-homa\/","og_locale":"pl_PL","og_type":"article","og_title":"Ceremonia ognia - Homa - My Palm Leaf","og_description":"Do\u015bwiadcz ceremonii ognia Homa \u2013 g\u0142\u0119bokiej duchowej przemiany, uzdrowienia i wewn\u0119trznego oczyszczenia dzi\u0119ki mocy li\u015bci palmowych. Skontaktuj si\u0119 z nami.","og_url":"https:\/\/mypalmleaf.com\/pl\/uslugi\/ceremonia-ognia-homa\/","og_site_name":"My Palm Leaf","article_modified_time":"2025-04-17T06:32:43+00:00","og_image":[{"width":800,"height":444,"url":"https:\/\/mypalmleaf.com\/wp-content\/uploads\/2024\/09\/mantra-product-page-2-1.jpg","type":"image\/jpeg"}],"twitter_card":"summary_large_image","twitter_misc":{"Szacowany czas czytania":"1 minuta"},"schema":{"@context":"https:\/\/schema.org","@graph":[{"@type":"WebPage","@id":"https:\/\/mypalmleaf.com\/pl\/uslugi\/ceremonia-ognia-homa\/","url":"https:\/\/mypalmleaf.com\/pl\/uslugi\/ceremonia-ognia-homa\/","name":"Ceremonia ognia - Homa - My Palm Leaf","isPartOf":{"@id":"https:\/\/mypalmleaf.com\/#website"},"primaryImageOfPage":{"@id":"https:\/\/mypalmleaf.com\/pl\/uslugi\/ceremonia-ognia-homa\/#primaryimage"},"image":{"@id":"https:\/\/mypalmleaf.com\/pl\/uslugi\/ceremonia-ognia-homa\/#primaryimage"},"thumbnailUrl":"https:\/\/mypalmleaf.com\/wp-content\/uploads\/2024\/09\/mantra-product-page-2-1.jpg","datePublished":"2024-09-04T10:56:25+00:00","dateModified":"2025-04-17T06:32:43+00:00","description":"Do\u015bwiadcz ceremonii ognia Homa \u2013 g\u0142\u0119bokiej duchowej przemiany, uzdrowienia i wewn\u0119trznego oczyszczenia dzi\u0119ki mocy li\u015bci palmowych. Skontaktuj si\u0119 z nami.","breadcrumb":{"@id":"https:\/\/mypalmleaf.com\/pl\/uslugi\/ceremonia-ognia-homa\/#breadcrumb"},"inLanguage":"pl-PL","potentialAction":[{"@type":"ReadAction","target":["https:\/\/mypalmleaf.com\/pl\/uslugi\/ceremonia-ognia-homa\/"]}]},{"@type":"ImageObject","inLanguage":"pl-PL","@id":"https:\/\/mypalmleaf.com\/pl\/uslugi\/ceremonia-ognia-homa\/#primaryimage","url":"https:\/\/mypalmleaf.com\/wp-content\/uploads\/2024\/09\/mantra-product-page-2-1.jpg","contentUrl":"https:\/\/mypalmleaf.com\/wp-content\/uploads\/2024\/09\/mantra-product-page-2-1.jpg","width":800,"height":444,"caption":"Homa procedure-1"},{"@type":"BreadcrumbList","@id":"https:\/\/mypalmleaf.com\/pl\/uslugi\/ceremonia-ognia-homa\/#breadcrumb","itemListElement":[{"@type":"ListItem","position":1,"name":"Home","item":"https:\/\/mypalmleaf.com\/pl\/"},{"@type":"ListItem","position":2,"name":"Shop","item":"https:\/\/mypalmleaf.com\/et\/shop\/"},{"@type":"ListItem","position":3,"name":"Ceremonia ognia &#8211; Homa"}]},{"@type":"WebSite","@id":"https:\/\/mypalmleaf.com\/#website","url":"https:\/\/mypalmleaf.com\/","name":"My Palm Leaf","description":"","potentialAction":[{"@type":"SearchAction","target":{"@type":"EntryPoint","urlTemplate":"https:\/\/mypalmleaf.com\/?s={search_term_string}"},"query-input":{"@type":"PropertyValueSpecification","valueRequired":true,"valueName":"search_term_string"}}],"inLanguage":"pl-PL"}]}},"_links":{"self":[{"href":"https:\/\/mypalmleaf.com\/pl\/wp-json\/wp\/v2\/product\/30178","targetHints":{"allow":["GET"]}}],"collection":[{"href":"https:\/\/mypalmleaf.com\/pl\/wp-json\/wp\/v2\/product"}],"about":[{"href":"https:\/\/mypalmleaf.com\/pl\/wp-json\/wp\/v2\/types\/product"}],"replies":[{"embeddable":true,"href":"https:\/\/mypalmleaf.com\/pl\/wp-json\/wp\/v2\/comments?post=30178"}],"wp:featuredmedia":[{"embeddable":true,"href":"https:\/\/mypalmleaf.com\/pl\/wp-json\/wp\/v2\/media\/9909"}],"wp:attachment":[{"href":"https:\/\/mypalmleaf.com\/pl\/wp-json\/wp\/v2\/media?parent=30178"}],"wp:term":[{"taxonomy":"product_brand","embeddable":true,"href":"https:\/\/mypalmleaf.com\/pl\/wp-json\/wp\/v2\/product_brand?post=30178"},{"taxonomy":"product_cat","embeddable":true,"href":"https:\/\/mypalmleaf.com\/pl\/wp-json\/wp\/v2\/product_cat?post=30178"},{"taxonomy":"product_tag","embeddable":true,"href":"https:\/\/mypalmleaf.com\/pl\/wp-json\/wp\/v2\/product_tag?post=30178"}],"curies":[{"name":"wp","href":"https:\/\/api.w.org\/{rel}","templated":true}]}}