
{"id":32655,"date":"2024-08-14T07:24:30","date_gmt":"2024-08-14T07:24:30","guid":{"rendered":"https:\/\/mypalmleaf.com\/faqs\/"},"modified":"2025-07-07T09:59:13","modified_gmt":"2025-07-07T09:59:13","slug":"faqs","status":"publish","type":"page","link":"https:\/\/mypalmleaf.com\/pt-pt\/faqs\/","title":{"rendered":"FAQS"},"content":{"rendered":"<section class=\"faq-top-section my-6 mb-4 mt-xs-4\">\n  <div class=\"container\">\n    <div class=\"row mb-4 justify-content-center\">\n      <div class=\"col-lg-10 text-center\" data-aos=\"fade-up\" data-aos-duration=\"1000\">\n        <h1 class=\"py-4\">Perguntas frequentes<\/h1>\n      <\/div>\n    <\/div>\n    <div class=\"row\">\n      <div class=\"col-lg-10 mx-auto\">\n        <div class=\"row justify-content-between align-items-center\">\n          <div class=\"col-lg-7\" data-aos=\"fade-up\" data-aos-duration=\"1000\">\n            <div class=\"rounded-asset\">\n              <img decoding=\"async\" src=\"https:\/\/mypalmleaf.com\/wp-content\/uploads\/2024\/08\/stefan.jpg\" class=\"img-fluid\" alt=\"\">\n              <div class=\"play-icon\"><\/div>\n              <a href=\"https:\/\/www.youtube.com\/watch?v=IPzOvDRb6pU\" class=\"stretched-link\" data-lity><\/a>\n            <\/div>\n          <\/div>\n          <div class=\"col-lg-5\" data-aos=\"fade-up\" data-aos-duration=\"1000\">\n            <h3>Respostas \u00e0s 10 perguntas mais frequentes sobre as profecias da folha de palmeira indiana<\/h3>\n          <\/div>\n        <\/div>\n      <\/div>\n\n    <\/div>\n  <\/div>\n<\/section>\n\n<div class=\"acc-wrap-bind\">\n  <section class=\"acc-nav-block my-5 py-3\" data-aos=\"fade-up\" data-aos-duration=\"1000\">\n    <div class=\"container\">\n      <div class=\"row justify-content-center\">\n        <div class=\"col-lg-8 faqs-heading\">\n          <ul>\n                                      <li>\n                <a href=\"#perguntas gerais\" class=\"active\">\n                  Perguntas gerais<\/a>\n              <\/li>\n                                        <li>\n                <a href=\"#sobre a leitura\" class=\"\">\n                  Sobre as leituras<\/a>\n              <\/li>\n                                        <li>\n                <a href=\"#sobre os rem\u00e9dios\" class=\"\">\n                  Sobre os rem\u00e9dios<\/a>\n              <\/li>\n                                    <\/ul>\n        <\/div>\n      <\/div>\n    <\/div>\n  <\/section>\n\n        <section class=\"accordion-container position-relative\" data-aos=\"fade-up\" data-aos-duration=\"1000\" id=\"perguntas gerais\">\n      <div class=\"container-xl\">\n        <div class=\"row\">\n          <h3>Perguntas gerais<\/h3>\n          <div class=\"accr-wrap\">\n                          <div class=\"head\">H\u00e1 uma folha de palmeira para todos?<\/div>\n              <div class=\"content\">\n                <p>N\u00e3o, nem toda a gente tem uma folha de palmeira escrita para si. No entanto, as pessoas que sentem uma voca\u00e7\u00e3o para procurar a sua folha t\u00eam muitas vezes uma \u00e0 sua espera. <\/p>\n              <\/div>\n                          <div class=\"head\">Quem escreveu as folhas de palmeira?<\/div>\n              <div class=\"content\">\n                <p>De acordo com a lenda, as folhas de palmeira foram escritas h\u00e1 muitos milhares de anos pelos &#8220;Rishis&#8221;, um grupo de s\u00e1bios muito mais desenvolvidos do que os seres humanos actuais. A sua consci\u00eancia era muito mais vasta e podia processar muito mais informa\u00e7\u00e3o. Tamb\u00e9m tinham uma esperan\u00e7a de vida de muitas centenas a milhares de anos.  <\/p>\n              <\/div>\n                          <div class=\"head\">Onde est\u00e3o as folhas de palmeira?<\/div>\n              <div class=\"content\">\n                <p>As folhas de palmeira s\u00e3o armazenadas nas bibliotecas de folhas de palmeira, que se situam principalmente no sul da \u00cdndia. Existem tamb\u00e9m algumas pequenas bibliotecas no norte da \u00cdndia, no Sri Lanka e em Bali. <\/p>\n              <\/div>\n                          <div class=\"head\">Quantas folhas de palmeira e quantas bibliotecas de folhas de palmeira existem?<\/div>\n              <div class=\"content\">\n                <p>Ningu\u00e9m sabe quantas folhas de palmeira ou bibliotecas existem. N\u00e3o existe um sistema centralizado. <\/p>\n              <\/div>\n                          <div class=\"head\">Quem s\u00e3o os leitores de palmas?<\/div>\n              <div class=\"content\">\n                <p>Os leitores de folhas de palmeira com quem trabalhamos foram treinados durante muitas gera\u00e7\u00f5es. A antiga arte de ler as folhas de palmeira tem sido transmitida de pai para filho ao longo de muitas gera\u00e7\u00f5es. Os leitores est\u00e3o localizados em Tamil Nadu, no sul da \u00cdndia.  <\/p>\n              <\/div>\n                          <div class=\"head\">Como \u00e9 que os Rishis podiam saber e escrever sobre a tecnologia moderna, nomes, etc.?<\/div>\n              <div class=\"content\">\n                <p>As folhas de palmeira foram escritas em Tamil antigo, que \u00e9 uma l\u00edngua muito po\u00e9tica, que descreve situa\u00e7\u00f5es e objectos. O importante papel do tradutor \u00e9 transformar estas longas frases po\u00e9ticas em ingl\u00eas moderno. Por exemplo, a folha de palmeira pode dizer: &#8220;O Seeker est\u00e1 a inventar m\u00fasica e lembra-se dela em objectos redondos&#8221; e o tradutor pode dizer &#8220;\u00c9s um m\u00fasico e gravaste CD&#8217;s&#8221;. Por isso, decifrar nomes ocidentais do s\u00e9culo XXI \u00e9 muitas vezes um processo elaborado. O leitor l\u00ea os sons dos s\u00edmbolos e, com a ajuda do tradutor e do buscador, identifica o nome.<\/p>\n              <\/div>\n                          <div class=\"head\">Porque \u00e9 que existem diferentes formatos de leitura de folhas de palmeira?<\/div>\n              <div class=\"content\">\n                <p>A hist\u00f3ria de Nadi \u00e9 uma mistura de lenda e mist\u00e9rio, que funciona de forma milagrosa. Diz-se que as folhas de palmeira foram escritas pelos Sapta Rishis, um grupo de 7 (sapta) s\u00e1bios (Rishis). Por isso, \u00e9 poss\u00edvel que um indiv\u00edduo possa ter at\u00e9 7 vers\u00f5es diferentes da sua biografia, uma escrita por cada um dos Rishis. O principal autor das folhas de palmeira \u00e9 o Rishi &#8220;Agastya&#8221;, embora existam tamb\u00e9m diferentes formatos de Nadi, do mesmo autor. As bibliotecas com que trabalhamos fazem principalmente leituras do Rishi &#8220;Agastya&#8221;, mas tamb\u00e9m est\u00e3o dispon\u00edveis folhas de outros Rishis, a pedido.    <\/p>\n              <\/div>\n                          <div class=\"head\">Seria melhor ires pessoalmente a uma biblioteca na \u00cdndia?<\/div>\n              <div class=\"content\">\n                <p>A informa\u00e7\u00e3o recebida durante uma leitura de folhas de palmeira com zoom \u00e9 fornecida da mesma forma que a que receberias pessoalmente numa aut\u00eantica biblioteca de folhas de palmeira na \u00cdndia. No entanto, \u00e9 claro que toda a viagem \u00e0 \u00cdndia, que \u00e9 um lugar t\u00e3o m\u00edstico, para revelar o teu destino \u00e9 tamb\u00e9m uma bela peregrina\u00e7\u00e3o. Se puderes viajar para a \u00cdndia para visitar uma biblioteca, ent\u00e3o \u00e9 claro que isso \u00e9 o ideal, mas ter a leitura online, e no momento em que precisas dela, \u00e9 mais ben\u00e9fico do que esperar muitos anos para ir \u00e0 \u00cdndia. Quando segues a tua intui\u00e7\u00e3o, saber\u00e1s quando \u00e9 o momento certo para ti.   <\/p>\n              <\/div>\n                          <div class=\"head\">Qual \u00e9 o custo e o que est\u00e1 inclu\u00eddo?<\/div>\n              <div class=\"content\">\n                <p>O custo da pesquisa e identifica\u00e7\u00e3o da tua folha, da leitura do cap\u00edtulo geral e do cap\u00edtulo 14 \u00e9 de 289 euros. Este valor inclui a pesquisa f\u00edsica de ma\u00e7os que possam conter a tua folha nas bibliotecas da \u00cdndia e o processo de correspond\u00eancia com o leitor, o tradutor e, na maioria das vezes, tamb\u00e9m um moderador.<br \/>\nA pesquisa nas bibliotecas pode demorar muitas horas. A correspond\u00eancia pode demorar at\u00e9 2 horas (na maioria dos casos bem sucedidos, cerca de 1 hora) e a leitura do cap\u00edtulo geral e do cap\u00edtulo 14 demora cerca de 2 horas. A tradu\u00e7\u00e3o para outras l\u00ednguas est\u00e1 dispon\u00edvel e custa 38 euros. Se, posteriormente, quiseres reservar cap\u00edtulos adicionais, o custo por cap\u00edtulo \u00e9 de 49-79 euros. A leitura dos cap\u00edtulos demora cerca de 15 a 60 minutos. Se vives num pa\u00eds da UE, o IVA ser\u00e1 acrescentado ao pre\u00e7o. Podes ver o pre\u00e7o para o teu pa\u00eds na p\u00e1gina de reserva.  <\/p>\n              <\/div>\n                      <\/div>\n        <\/div>\n      <\/div>\n          <\/section>\n          <section class=\"accordion-container position-relative\" data-aos=\"fade-up\" data-aos-duration=\"1000\" id=\"sobre a leitura\">\n      <div class=\"container-xl\">\n        <div class=\"row\">\n          <h3>Sobre as leituras<\/h3>\n          <div class=\"accr-wrap\">\n                          <div class=\"head\">Quanto tempo demora a leitura?<\/div>\n              <div class=\"content\">\n                <p>Em m\u00e9dia, o processo de correspond\u00eancia e a leitura demoram cerca de 2,5 a 4 horas. No entanto, n\u00e3o podemos dizer de antem\u00e3o quanto tempo demorar\u00e1, pois depende de quando (ou se) a tua folha for encontrada. Uma vez identificada a tua folha de palmeira pessoal, a leitura do cap\u00edtulo geral e do cap\u00edtulo 14 demorar\u00e1 cerca de 1-2 horas.  <\/p>\n              <\/div>\n                          <div class=\"head\">\u00c9 poss\u00edvel que a minha folha n\u00e3o possa ser encontrada?<\/div>\n              <div class=\"content\">\n                <p>Sim. Pode acontecer que a tua folha n\u00e3o seja encontrada. Isto \u00e9 comum e pode ter diferentes raz\u00f5es. \u00c9 poss\u00edvel que n\u00e3o exista uma folha para ti ou tamb\u00e9m \u00e9 poss\u00edvel que ainda n\u00e3o seja a altura certa para ti. Procuramos cuidadosamente a tua folha e, se n\u00e3o a encontrarmos, recomendamos-te que esperes pelo menos 30 dias e que recomeces a procura.    <\/p>\n              <\/div>\n                          <div class=\"head\">Como \u00e9 que me devo preparar para uma leitura?<\/div>\n              <div class=\"content\">\n                <p>Certifica-te de que est\u00e1s num local calmo, sem perturba\u00e7\u00f5es e com uma boa liga\u00e7\u00e3o \u00e0 Internet. Internamente, recomendamos-te que estejas descansado e que abordes a leitura com muito respeito e abertura. Um s\u00e1bio compassivo escreveu a previs\u00e3o da tua vida h\u00e1 milhares de anos, que foi preservada ao longo de muitas gera\u00e7\u00f5es para te ser lida hoje. \u00c9 realmente um acontecimento especial e quanto mais consciente estiveres, mais profundos ser\u00e3o os efeitos.   <\/p>\n              <\/div>\n                          <div class=\"head\">Serei informado quando morrer?<\/div>\n              <div class=\"content\">\n                <p>Quando a tua folha de palmeira for encontrada, ter\u00e1s primeiro a leitura do cap\u00edtulo geral que pode conter per\u00edodos de perigo de vida ou da tua potencial morte. Se n\u00e3o quiseres ouvir falar de perigos de vida, podes informar o moderador no in\u00edcio da leitura. Se quiseres ouvir mais detalhes sobre o momento e as circunst\u00e2ncias em que poder\u00e1s deixar o teu corpo, recomendamos que leias o cap\u00edtulo adicional 8, que fala sobre isso.  <\/p>\n              <\/div>\n                      <\/div>\n        <\/div>\n      <\/div>\n          <\/section>\n          <section class=\"accordion-container position-relative\" data-aos=\"fade-up\" data-aos-duration=\"1000\" id=\"sobre os rem\u00e9dios\">\n      <div class=\"container-xl\">\n        <div class=\"row\">\n          <h3>Sobre os rem\u00e9dios<\/h3>\n          <div class=\"accr-wrap\">\n                          <div class=\"head\">Quais s\u00e3o os rem\u00e9dios?<\/div>\n              <div class=\"content\">\n                <p>O principal objetivo das folhas de palmeira \u00e9 oferecer orienta\u00e7\u00e3o ao buscador, dando-lhe uma perspetiva mais ampla da sua vida e oferecendo-lhe ferramentas para melhorar a sua experi\u00eancia de vida, sob a forma de rem\u00e9dios. Os Rishis podiam ver que tipo de karma um indiv\u00edduo carregaria, o que criaria prov\u00e1veis obst\u00e1culos na sua vida. Tamb\u00e9m viam que tipo de ferramentas seriam \u00fateis para transformar esse karma ou proteger o candidato dos seus efeitos mais nocivos. Os cap\u00edtulos 13 e 14 falam sobretudo do karma antigo e oferecem solu\u00e7\u00f5es sob a forma de rem\u00e9dios. Estes rem\u00e9dios podem ser ac\u00e7\u00f5es simples como doar dinheiro a uma determinada causa, alimentar um animal, dar roupa a uma pessoa pobre ou peregrinar a locais sagrados ou pr\u00e1ticas ou rituais espec\u00edficos.    <\/p>\n              <\/div>\n                          <div class=\"head\">  O que \u00e9 o karma?<\/div>\n              <div class=\"content\">\n                <p>A palavra &#8220;karma&#8221; traduz-se por &#8220;a\u00e7\u00e3o&#8221;. Cada a\u00e7\u00e3o do corpo, da fala e da mente que alguma vez cometemos tem um impacto energ\u00e9tico no universo, bem como no nosso pr\u00f3prio campo energ\u00e9tico. O nosso campo energ\u00e9tico consiste basicamente numa combina\u00e7\u00e3o muito complexa de todas as nossas ac\u00e7\u00f5es anteriores ao longo de in\u00fameras vidas. De acordo com a frequ\u00eancia multidimensional do nosso campo energ\u00e9tico, atra\u00edmos certas experi\u00eancias na nossa vida.   <\/p>\n              <\/div>\n                          <div class=\"head\">Como \u00e9 que os rem\u00e9dios funcionam?<\/div>\n              <div class=\"content\">\n                <p>Tudo no universo \u00e9 constitu\u00eddo por energia. N\u00f3s somos um campo de energia complexo e, com base nas suas frequ\u00eancias, atra\u00edmos determinadas experi\u00eancias. Os Rishis conseguiam ver e prever quais das nossas ac\u00e7\u00f5es passadas criavam determinadas frequ\u00eancias e qual o resultado prov\u00e1vel que teriam. Tamb\u00e9m viam e previam que tipo de a\u00e7\u00e3o ou pr\u00e1tica espiritual invocaria a energia muito espec\u00edfica que transformaria ou equilibraria essa frequ\u00eancia prejudicial. Por isso, os rem\u00e9dios s\u00e3o medicamentos energ\u00e9ticos muito espec\u00edficos para transformar e equilibrar o nosso karma.    <\/p>\n              <\/div>\n                          <div class=\"head\">O que \u00e9 um mantra?<\/div>\n              <div class=\"content\">\n                <p>Um mantra \u00e9 uma vibra\u00e7\u00e3o sonora, na l\u00edngua s\u00e2nscrita, que invoca e transporta uma frequ\u00eancia e uma energia espec\u00edficas. Ao entoar um mantra em voz alta ou internamente, podemos invocar diferentes energias de vibra\u00e7\u00f5es espec\u00edficas. <\/p>\n              <\/div>\n                          <div class=\"head\">O que \u00e9 um yantra?<\/div>\n              <div class=\"content\">\n                <p>Da mesma forma que um mantra \u00e9 energia sob a forma de som, um yantra \u00e9 energia sob a forma de uma estrutura geom\u00e9trica. \u00c9 uma frequ\u00eancia energ\u00e9tica tornada vis\u00edvel, que pode ser tanto em 2D como em 3D. <\/p>\n              <\/div>\n                          <div class=\"head\">O que \u00e9 um pooja?<\/div>\n              <div class=\"content\">\n                <p>Um pooja \u00e9 uma cerim\u00f3nia que se realiza frequentemente para uma divindade hindu espec\u00edfica. As divindades s\u00e3o basicamente personifica\u00e7\u00f5es de energias espec\u00edficas. Quando um pooja \u00e9 realizado para um deus ou deusa espec\u00edficos, esta frequ\u00eancia espec\u00edfica \u00e9 invocada na vida da pessoa para quem o pooja \u00e9 realizado.  <\/p>\n              <\/div>\n                          <div class=\"head\">O que \u00e9 um homa?<\/div>\n              <div class=\"content\">\n                <p>Um homa \u00e9 um pooja mais complexo e poderoso, sob a forma de uma cerim\u00f3nia de fogo, para honrar e invocar diferentes divindades e convidar as suas b\u00ean\u00e7\u00e3os para a vida da pessoa para quem o homa \u00e9 realizado.<\/p>\n              <\/div>\n                          <div class=\"head\">O que \u00e9 japa?<\/div>\n              <div class=\"content\">\n                <p>A pr\u00e1tica de japa \u00e9 a sadhana (pr\u00e1tica espiritual) de entoar continuamente um mantra espec\u00edfico, como por exemplo &#8220;Om Namah Shivaya&#8221;. Fazer uma pr\u00e1tica di\u00e1ria de japa ajuda a limpar e a concentrar a mente. Tamb\u00e9m pode ser feita para outra pessoa para a aben\u00e7oar com uma energia espec\u00edfica.  <\/p>\n              <\/div>\n                      <\/div>\n        <\/div>\n      <\/div>\n                        <div class=\"parallax-item-4 parallax-item\" data-speed=\".08\"><img decoding=\"async\" src=\"https:\/\/mypalmleaf.com\/wp-content\/uploads\/2024\/09\/parallax-item-4.png\" class=\"img-fluid\" alt=\"\"><\/div>\n                  <\/section>\n      <\/div>\n\n\n<section class=\"find-your-palm-leaf-block\" data-aos=\"fade-up\" data-aos-duration=\"1000\">\n  <div class=\"container-fluid px-0\">\n    <div class=\"row g-0\">\n      <div class=\"col\">\n        <div class=\"find-your-leaf-bg\">\n          <picture>\n            <source media=\"(max-width: 999px)\" srcset=\"https:\/\/mypalmleaf.com\/wp-content\/uploads\/2024\/08\/Find-your-Palm-Leaf-mob.webp\" \/>\n            <source media=\"(min-width: 1000px)\" srcset=\"https:\/\/mypalmleaf.com\/wp-content\/uploads\/2024\/08\/Find-your-Palm-Leaf.webp\" \/>\n            <img decoding=\"async\" src=\"https:\/\/mypalmleaf.com\/wp-content\/uploads\/2024\/08\/Find-your-Palm-Leaf.webp\" class=\"img-fluid\" alt=\"\" \/>\n          <\/picture>\n        <\/div>\n      <\/div>\n    <\/div>\n    <div class=\"content\">\n      <div class=\"container-xl\" data-aos=\"fade-up\" data-aos-duration=\"1000\">\n        <div class=\"row py-4\">\n          <div class=\"col-lg-8 mx-auto\">\n            <h2 class=\"mb-2\">Encontra a tua folha de palmeira<\/h2>\n            <ul>\n<li>Tudo o que precisas para come\u00e7ar a procurar a tua folha de palmeira \u00e9 a tua impress\u00e3o digital.<\/li>\n<li>Se precisares de uma tradu\u00e7\u00e3o para outra l\u00edngua, podemos faz\u00ea-lo por ti.<\/li>\n<li>Se n\u00e3o encontrarmos a tua folha de palmeira em 3 datas adequadas, reembolsamos-te o valor total.<\/li>\n<\/ul>\n          <\/div>\n        <\/div>\n        <div class=\"row mt-4\">\n          <div class=\"col text-center\">\n            <a href=\"\/pt-pt\/prices\/find-your-palm-leaf-and-read-the-general-chapter\/\" class=\"btn btn-primary\">Encontra a minha folha<\/a>\n          <\/div>\n        <\/div>\n      <\/div>\n    <\/div>\n  <\/div>\n<\/section>","protected":false},"excerpt":{"rendered":"","protected":false},"author":1,"featured_media":0,"parent":0,"menu_order":0,"comment_status":"closed","ping_status":"closed","template":"","meta":{"_acf_changed":false,"footnotes":""},"class_list":["post-32655","page","type-page","status-publish","hentry"],"acf":[],"yoast_head":"<!-- This site is optimized with the Yoast SEO plugin v26.4 - https:\/\/yoast.com\/wordpress\/plugins\/seo\/ -->\n<title>FAQS - My Palm Leaf<\/title>\n<meta name=\"robots\" content=\"index, follow, max-snippet:-1, max-image-preview:large, max-video-preview:-1\" \/>\n<link rel=\"canonical\" href=\"https:\/\/mypalmleaf.com\/pt-pt\/faqs\/\" \/>\n<meta property=\"og:locale\" content=\"pt_PT\" \/>\n<meta property=\"og:type\" content=\"article\" \/>\n<meta property=\"og:title\" content=\"FAQS - My Palm Leaf\" \/>\n<meta property=\"og:url\" content=\"https:\/\/mypalmleaf.com\/pt-pt\/faqs\/\" \/>\n<meta property=\"og:site_name\" content=\"My Palm Leaf\" \/>\n<meta property=\"article:modified_time\" content=\"2025-07-07T09:59:13+00:00\" \/>\n<meta property=\"og:image\" content=\"https:\/\/mypalmleaf.com\/wp-content\/uploads\/2025\/08\/mpl-circle-logo.jpg\" \/>\n\t<meta property=\"og:image:width\" content=\"1200\" \/>\n\t<meta property=\"og:image:height\" content=\"1196\" \/>\n\t<meta property=\"og:image:type\" content=\"image\/jpeg\" \/>\n<meta name=\"twitter:card\" content=\"summary_large_image\" \/>\n<script type=\"application\/ld+json\" class=\"yoast-schema-graph\">{\"@context\":\"https:\/\/schema.org\",\"@graph\":[{\"@type\":\"WebPage\",\"@id\":\"https:\/\/mypalmleaf.com\/pt-pt\/faqs\/\",\"url\":\"https:\/\/mypalmleaf.com\/pt-pt\/faqs\/\",\"name\":\"FAQS - My Palm Leaf\",\"isPartOf\":{\"@id\":\"https:\/\/mypalmleaf.com\/#website\"},\"datePublished\":\"2024-08-14T07:24:30+00:00\",\"dateModified\":\"2025-07-07T09:59:13+00:00\",\"breadcrumb\":{\"@id\":\"https:\/\/mypalmleaf.com\/pt-pt\/faqs\/#breadcrumb\"},\"inLanguage\":\"pt-PT\",\"potentialAction\":[{\"@type\":\"ReadAction\",\"target\":[\"https:\/\/mypalmleaf.com\/pt-pt\/faqs\/\"]}]},{\"@type\":\"BreadcrumbList\",\"@id\":\"https:\/\/mypalmleaf.com\/pt-pt\/faqs\/#breadcrumb\",\"itemListElement\":[{\"@type\":\"ListItem\",\"position\":1,\"name\":\"Home\",\"item\":\"https:\/\/mypalmleaf.com\/pt-pt\/\"},{\"@type\":\"ListItem\",\"position\":2,\"name\":\"FAQS\"}]},{\"@type\":\"WebSite\",\"@id\":\"https:\/\/mypalmleaf.com\/#website\",\"url\":\"https:\/\/mypalmleaf.com\/\",\"name\":\"My Palm Leaf\",\"description\":\"\",\"potentialAction\":[{\"@type\":\"SearchAction\",\"target\":{\"@type\":\"EntryPoint\",\"urlTemplate\":\"https:\/\/mypalmleaf.com\/?s={search_term_string}\"},\"query-input\":{\"@type\":\"PropertyValueSpecification\",\"valueRequired\":true,\"valueName\":\"search_term_string\"}}],\"inLanguage\":\"pt-PT\"}]}<\/script>\n<!-- \/ Yoast SEO plugin. -->","yoast_head_json":{"title":"FAQS - My Palm Leaf","robots":{"index":"index","follow":"follow","max-snippet":"max-snippet:-1","max-image-preview":"max-image-preview:large","max-video-preview":"max-video-preview:-1"},"canonical":"https:\/\/mypalmleaf.com\/pt-pt\/faqs\/","og_locale":"pt_PT","og_type":"article","og_title":"FAQS - My Palm Leaf","og_url":"https:\/\/mypalmleaf.com\/pt-pt\/faqs\/","og_site_name":"My Palm Leaf","article_modified_time":"2025-07-07T09:59:13+00:00","og_image":[{"width":1200,"height":1196,"url":"https:\/\/mypalmleaf.com\/wp-content\/uploads\/2025\/08\/mpl-circle-logo.jpg","type":"image\/jpeg"}],"twitter_card":"summary_large_image","schema":{"@context":"https:\/\/schema.org","@graph":[{"@type":"WebPage","@id":"https:\/\/mypalmleaf.com\/pt-pt\/faqs\/","url":"https:\/\/mypalmleaf.com\/pt-pt\/faqs\/","name":"FAQS - My Palm Leaf","isPartOf":{"@id":"https:\/\/mypalmleaf.com\/#website"},"datePublished":"2024-08-14T07:24:30+00:00","dateModified":"2025-07-07T09:59:13+00:00","breadcrumb":{"@id":"https:\/\/mypalmleaf.com\/pt-pt\/faqs\/#breadcrumb"},"inLanguage":"pt-PT","potentialAction":[{"@type":"ReadAction","target":["https:\/\/mypalmleaf.com\/pt-pt\/faqs\/"]}]},{"@type":"BreadcrumbList","@id":"https:\/\/mypalmleaf.com\/pt-pt\/faqs\/#breadcrumb","itemListElement":[{"@type":"ListItem","position":1,"name":"Home","item":"https:\/\/mypalmleaf.com\/pt-pt\/"},{"@type":"ListItem","position":2,"name":"FAQS"}]},{"@type":"WebSite","@id":"https:\/\/mypalmleaf.com\/#website","url":"https:\/\/mypalmleaf.com\/","name":"My Palm Leaf","description":"","potentialAction":[{"@type":"SearchAction","target":{"@type":"EntryPoint","urlTemplate":"https:\/\/mypalmleaf.com\/?s={search_term_string}"},"query-input":{"@type":"PropertyValueSpecification","valueRequired":true,"valueName":"search_term_string"}}],"inLanguage":"pt-PT"}]}},"_links":{"self":[{"href":"https:\/\/mypalmleaf.com\/pt-pt\/wp-json\/wp\/v2\/pages\/32655","targetHints":{"allow":["GET"]}}],"collection":[{"href":"https:\/\/mypalmleaf.com\/pt-pt\/wp-json\/wp\/v2\/pages"}],"about":[{"href":"https:\/\/mypalmleaf.com\/pt-pt\/wp-json\/wp\/v2\/types\/page"}],"author":[{"embeddable":true,"href":"https:\/\/mypalmleaf.com\/pt-pt\/wp-json\/wp\/v2\/users\/1"}],"replies":[{"embeddable":true,"href":"https:\/\/mypalmleaf.com\/pt-pt\/wp-json\/wp\/v2\/comments?post=32655"}],"version-history":[{"count":0,"href":"https:\/\/mypalmleaf.com\/pt-pt\/wp-json\/wp\/v2\/pages\/32655\/revisions"}],"wp:attachment":[{"href":"https:\/\/mypalmleaf.com\/pt-pt\/wp-json\/wp\/v2\/media?parent=32655"}],"curies":[{"name":"wp","href":"https:\/\/api.w.org\/{rel}","templated":true}]}}