
{"id":32716,"date":"2024-08-14T18:58:17","date_gmt":"2024-08-14T18:58:17","guid":{"rendered":"https:\/\/mypalmleaf.com\/texto\/"},"modified":"2025-07-07T09:55:57","modified_gmt":"2025-07-07T09:55:57","slug":"texto","status":"publish","type":"page","link":"https:\/\/mypalmleaf.com\/pt-pt\/texto\/","title":{"rendered":"Texto"},"content":{"rendered":"\n<section class=\"testimonial-block my-6 pt-5 pt-md-0 mb-4 mt-xs-4\">\n  <div class=\"container-xl\">\n    <div class=\"row\">\n      <div class=\"col text-center\">\n        <h1 class=\"py-4\">Testemunhos<\/h1>\n      <\/div>\n    <\/div>\n    <div class=\"row\">\n      <div class=\"col text-center\">\n        <div class=\"tetimonial-tabs\">\n          <ul>\n            <li>\n              <ul>\n                                                  <li><a href=\"https:\/\/mypalmleaf.com\/pt-pt\/video\/\" class=\"\">V\u00eddeo<\/a><\/li>\n                                                    <li><a href=\"javascript:;\" class=\"active\">Texto<\/a><\/li>\n                                                <\/ul>\n            <\/li>\n          <\/ul>\n        <\/div>\n      <\/div>\n    <\/div>\n    <div class=\"row\">\n              <div class=\"col-lg-6 slider-wrap inner my-5\">\n          <div class=\"slides\">\n            <div class=\"wrap\">\n              <div class=\"user-img\"><img decoding=\"async\" src=\"https:\/\/mypalmleaf.com\/wp-content\/uploads\/2024\/10\/testimonials_crystal-1.jpg\" class=\"img-fluid rounded-circle\" alt=\"\"><\/div>\n              <div class=\"text\">\n                <p>\u201cA minha leitura de folhas de palmeira foi esclarecedora e inspiradora. Desde o in\u00edcio, experimentei muitas emo\u00e7\u00f5es relacionadas com a minha leitura \u2013 nervosismo com o processo de tarefa, entusiasmo com a descoberta da minha folha e admira\u00e7\u00e3o pelo conte\u00fado.\u201d<\/p>\n              <\/div>\n              <div class=\"name\">Crystal<\/div>\n            <\/div>\n          <\/div>\n        <\/div>\n              <div class=\"col-lg-6 slider-wrap inner my-5\">\n          <div class=\"slides\">\n            <div class=\"wrap\">\n              <div class=\"user-img\"><img decoding=\"async\" src=\"https:\/\/mypalmleaf.com\/wp-content\/uploads\/2024\/10\/testimonials_ricky-2.jpg\" class=\"img-fluid rounded-circle\" alt=\"\"><\/div>\n              <div class=\"text\">\n                <p>\u201cA leitura das m\u00e3os foi um presente precioso e nutritivo para a minha alma. As perce\u00e7\u00f5es e orienta\u00e7\u00f5es dos rishis, bem como os medicamentos, foram uma bela confirma\u00e7\u00e3o de que estou no caminho certo. Uma chuva de f\u00e9 e confian\u00e7a que me serviu de grande apoio.<\/p>\n<p>Algumas semanas depois da leitura das m\u00e3os, sinto a b\u00ean\u00e7\u00e3o da leitura, a liga\u00e7\u00e3o a esta tradi\u00e7\u00e3o milenar, e consigo ver algumas transforma\u00e7\u00f5es a acontecer.\u201d<\/p>\n              <\/div>\n              <div class=\"name\">Ricky<\/div>\n            <\/div>\n          <\/div>\n        <\/div>\n              <div class=\"col-lg-6 slider-wrap inner my-5\">\n          <div class=\"slides\">\n            <div class=\"wrap\">\n              <div class=\"user-img\"><img decoding=\"async\" src=\"https:\/\/mypalmleaf.com\/wp-content\/uploads\/2024\/10\/testimonials_aimee-2.jpg\" class=\"img-fluid rounded-circle\" alt=\"\"><\/div>\n              <div class=\"text\">\n                <p>Encontrar a minha folha de palmeira foi mais chocante e sagrado do que eu esperava. Todos os envolvidos foram realmente genu\u00ednos e senti-me aben\u00e7oado por ter o seu apoio. A leitura ajudou-me a confiar mais e a entregar-me ao amor. Confirmou-me qual o karma e quais os desafios que preciso de ultrapassar na minha vida, o que j\u00e1 me permite mais fluidez e abertura na vida.<\/p>\n              <\/div>\n              <div class=\"name\">Aimee<\/div>\n            <\/div>\n          <\/div>\n        <\/div>\n              <div class=\"col-lg-6 slider-wrap inner my-5\">\n          <div class=\"slides\">\n            <div class=\"wrap\">\n              <div class=\"user-img\"><img decoding=\"async\" src=\"https:\/\/mypalmleaf.com\/wp-content\/uploads\/2024\/10\/testimonials_jair-2.jpg\" class=\"img-fluid rounded-circle\" alt=\"\"><\/div>\n              <div class=\"text\">\n                <p>A minha experi\u00eancia com a leitura de folhas de palmeira foi muito poderosa. Quando ouvi falar disto pela primeira vez, fiquei c\u00e9tico, mas depois, enquanto conversava no Zoom com o br\u00e2mane e o tradutor do t\u00e2mil, pude sentir claramente a precis\u00e3o da informa\u00e7\u00e3o que estava a receber e abrir-me \u00e0s b\u00ean\u00e7\u00e3os dos rishis e \u00e0 sacralidade. disso. Muito obrigado por esta experi\u00eancia reveladora.<\/p>\n              <\/div>\n              <div class=\"name\">Jair<\/div>\n            <\/div>\n          <\/div>\n        <\/div>\n              <div class=\"col-lg-6 slider-wrap inner my-5\">\n          <div class=\"slides\">\n            <div class=\"wrap\">\n              <div class=\"user-img\"><img decoding=\"async\" src=\"https:\/\/mypalmleaf.com\/wp-content\/uploads\/2024\/10\/thomas-2.jpg\" class=\"img-fluid rounded-circle\" alt=\"\"><\/div>\n              <div class=\"text\">\n                <p>Estou mais do que feliz por a folha de palmeira me ter encontrado. Sinto-me sempre atra\u00eddo a aprofundar o meu caminho e esta folha de palmeira \u00e9 uma ferramenta incr\u00edvel para isso. Mal posso esperar para aplicar os medicamentos daqui a uns dias, para a pr\u00f3xima lua cheia.<\/p>\n<p>Obrigado Stephan por coordenar e facilitar o acesso \u00e0 folha de palmeira para todos, \u00e9 um grande presente para a humanidade.<\/p>\n              <\/div>\n              <div class=\"name\">Thomas<\/div>\n            <\/div>\n          <\/div>\n        <\/div>\n              <div class=\"col-lg-6 slider-wrap inner my-5\">\n          <div class=\"slides\">\n            <div class=\"wrap\">\n              <div class=\"user-img\"><img decoding=\"async\" src=\"https:\/\/mypalmleaf.com\/wp-content\/uploads\/2024\/10\/casey-2.jpg\" class=\"img-fluid rounded-circle\" alt=\"\"><\/div>\n              <div class=\"text\">\n                <p>Encontrar a minha folha de palmeira ajudou-me a ter mais f\u00e9 na vida e na forma como as coisas acontecem. Sempre fui algu\u00e9m que se questionava se estava no caminho certo, o que me impedia de avan\u00e7ar em v\u00e1rios aspetos. A orienta\u00e7\u00e3o que recebi dos rishis deu-me uma sensa\u00e7\u00e3o de \u201cpermiss\u00e3o\u201d para viver o caminho de vida para o qual sempre me senti chamado e para ter mais confian\u00e7a no meu processo e na forma como as coisas se est\u00e3o a desenrolar. Receber as b\u00ean\u00e7\u00e3os dos rishis foi um grande presente.<\/p>\n              <\/div>\n              <div class=\"name\">Casey<\/div>\n            <\/div>\n          <\/div>\n        <\/div>\n          <\/div>\n        <\/div>\n  <\/div>\n      <div class=\"parallax-item-5 parallax-item\" data-speed=\"parallax-item-7\"><img decoding=\"async\" src=\"https:\/\/mypalmleaf.com\/wp-content\/uploads\/2024\/08\/parallax-item-5-2.png\" class=\"img-fluid\" alt=\"\"><\/div>\n  <\/section>","protected":false},"excerpt":{"rendered":"","protected":false},"author":1,"featured_media":0,"parent":0,"menu_order":0,"comment_status":"closed","ping_status":"closed","template":"","meta":{"_acf_changed":false,"footnotes":""},"class_list":["post-32716","page","type-page","status-publish","hentry"],"acf":[],"yoast_head":"<!-- This site is optimized with the Yoast SEO plugin v26.4 - https:\/\/yoast.com\/wordpress\/plugins\/seo\/ -->\n<title>Texto - My Palm Leaf<\/title>\n<meta name=\"robots\" content=\"index, follow, max-snippet:-1, max-image-preview:large, max-video-preview:-1\" \/>\n<link rel=\"canonical\" href=\"https:\/\/mypalmleaf.com\/pt-pt\/texto\/\" \/>\n<meta property=\"og:locale\" content=\"pt_PT\" \/>\n<meta property=\"og:type\" content=\"article\" \/>\n<meta property=\"og:title\" content=\"Texto - My Palm Leaf\" \/>\n<meta property=\"og:url\" content=\"https:\/\/mypalmleaf.com\/pt-pt\/texto\/\" \/>\n<meta property=\"og:site_name\" content=\"My Palm Leaf\" \/>\n<meta property=\"article:modified_time\" content=\"2025-07-07T09:55:57+00:00\" \/>\n<meta property=\"og:image\" content=\"https:\/\/mypalmleaf.com\/wp-content\/uploads\/2025\/08\/mpl-circle-logo.jpg\" \/>\n\t<meta property=\"og:image:width\" content=\"1200\" \/>\n\t<meta property=\"og:image:height\" content=\"1196\" \/>\n\t<meta property=\"og:image:type\" content=\"image\/jpeg\" \/>\n<meta name=\"twitter:card\" content=\"summary_large_image\" \/>\n<script type=\"application\/ld+json\" class=\"yoast-schema-graph\">{\"@context\":\"https:\/\/schema.org\",\"@graph\":[{\"@type\":\"WebPage\",\"@id\":\"https:\/\/mypalmleaf.com\/pt-pt\/texto\/\",\"url\":\"https:\/\/mypalmleaf.com\/pt-pt\/texto\/\",\"name\":\"Texto - My Palm Leaf\",\"isPartOf\":{\"@id\":\"https:\/\/mypalmleaf.com\/#website\"},\"datePublished\":\"2024-08-14T18:58:17+00:00\",\"dateModified\":\"2025-07-07T09:55:57+00:00\",\"breadcrumb\":{\"@id\":\"https:\/\/mypalmleaf.com\/pt-pt\/texto\/#breadcrumb\"},\"inLanguage\":\"pt-PT\",\"potentialAction\":[{\"@type\":\"ReadAction\",\"target\":[\"https:\/\/mypalmleaf.com\/pt-pt\/texto\/\"]}]},{\"@type\":\"BreadcrumbList\",\"@id\":\"https:\/\/mypalmleaf.com\/pt-pt\/texto\/#breadcrumb\",\"itemListElement\":[{\"@type\":\"ListItem\",\"position\":1,\"name\":\"Home\",\"item\":\"https:\/\/mypalmleaf.com\/pt-pt\/\"},{\"@type\":\"ListItem\",\"position\":2,\"name\":\"Texto\"}]},{\"@type\":\"WebSite\",\"@id\":\"https:\/\/mypalmleaf.com\/#website\",\"url\":\"https:\/\/mypalmleaf.com\/\",\"name\":\"My Palm Leaf\",\"description\":\"\",\"potentialAction\":[{\"@type\":\"SearchAction\",\"target\":{\"@type\":\"EntryPoint\",\"urlTemplate\":\"https:\/\/mypalmleaf.com\/?s={search_term_string}\"},\"query-input\":{\"@type\":\"PropertyValueSpecification\",\"valueRequired\":true,\"valueName\":\"search_term_string\"}}],\"inLanguage\":\"pt-PT\"}]}<\/script>\n<!-- \/ Yoast SEO plugin. -->","yoast_head_json":{"title":"Texto - My Palm Leaf","robots":{"index":"index","follow":"follow","max-snippet":"max-snippet:-1","max-image-preview":"max-image-preview:large","max-video-preview":"max-video-preview:-1"},"canonical":"https:\/\/mypalmleaf.com\/pt-pt\/texto\/","og_locale":"pt_PT","og_type":"article","og_title":"Texto - My Palm Leaf","og_url":"https:\/\/mypalmleaf.com\/pt-pt\/texto\/","og_site_name":"My Palm Leaf","article_modified_time":"2025-07-07T09:55:57+00:00","og_image":[{"width":1200,"height":1196,"url":"https:\/\/mypalmleaf.com\/wp-content\/uploads\/2025\/08\/mpl-circle-logo.jpg","type":"image\/jpeg"}],"twitter_card":"summary_large_image","schema":{"@context":"https:\/\/schema.org","@graph":[{"@type":"WebPage","@id":"https:\/\/mypalmleaf.com\/pt-pt\/texto\/","url":"https:\/\/mypalmleaf.com\/pt-pt\/texto\/","name":"Texto - My Palm Leaf","isPartOf":{"@id":"https:\/\/mypalmleaf.com\/#website"},"datePublished":"2024-08-14T18:58:17+00:00","dateModified":"2025-07-07T09:55:57+00:00","breadcrumb":{"@id":"https:\/\/mypalmleaf.com\/pt-pt\/texto\/#breadcrumb"},"inLanguage":"pt-PT","potentialAction":[{"@type":"ReadAction","target":["https:\/\/mypalmleaf.com\/pt-pt\/texto\/"]}]},{"@type":"BreadcrumbList","@id":"https:\/\/mypalmleaf.com\/pt-pt\/texto\/#breadcrumb","itemListElement":[{"@type":"ListItem","position":1,"name":"Home","item":"https:\/\/mypalmleaf.com\/pt-pt\/"},{"@type":"ListItem","position":2,"name":"Texto"}]},{"@type":"WebSite","@id":"https:\/\/mypalmleaf.com\/#website","url":"https:\/\/mypalmleaf.com\/","name":"My Palm Leaf","description":"","potentialAction":[{"@type":"SearchAction","target":{"@type":"EntryPoint","urlTemplate":"https:\/\/mypalmleaf.com\/?s={search_term_string}"},"query-input":{"@type":"PropertyValueSpecification","valueRequired":true,"valueName":"search_term_string"}}],"inLanguage":"pt-PT"}]}},"_links":{"self":[{"href":"https:\/\/mypalmleaf.com\/pt-pt\/wp-json\/wp\/v2\/pages\/32716","targetHints":{"allow":["GET"]}}],"collection":[{"href":"https:\/\/mypalmleaf.com\/pt-pt\/wp-json\/wp\/v2\/pages"}],"about":[{"href":"https:\/\/mypalmleaf.com\/pt-pt\/wp-json\/wp\/v2\/types\/page"}],"author":[{"embeddable":true,"href":"https:\/\/mypalmleaf.com\/pt-pt\/wp-json\/wp\/v2\/users\/1"}],"replies":[{"embeddable":true,"href":"https:\/\/mypalmleaf.com\/pt-pt\/wp-json\/wp\/v2\/comments?post=32716"}],"version-history":[{"count":0,"href":"https:\/\/mypalmleaf.com\/pt-pt\/wp-json\/wp\/v2\/pages\/32716\/revisions"}],"wp:attachment":[{"href":"https:\/\/mypalmleaf.com\/pt-pt\/wp-json\/wp\/v2\/media?parent=32716"}],"curies":[{"name":"wp","href":"https:\/\/api.w.org\/{rel}","templated":true}]}}